{"id":7895,"date":"2024-09-07T15:13:22","date_gmt":"2024-09-07T07:13:22","guid":{"rendered":"https:\/\/qqpets.com\/?post_type=product&#038;p=7895"},"modified":"2024-11-14T16:43:27","modified_gmt":"2024-11-14T08:43:27","slug":"led-no-pull-leash","status":"publish","type":"product","link":"https:\/\/qqpets.com\/de\/produkt\/led-no-pull-leash\/","title":{"rendered":"Light Up H\u00e4nde frei Autositz Schnalle Bungee Hundeleine"},"content":{"rendered":"<p>Die innovative Light Up Hands Free Car Seat Buckle Bungee Hundeleine ist die perfekte L\u00f6sung f\u00fcr Tierhalter, die immer unterwegs sind. Diese multifunktionale Leine ist so konzipiert, dass Ihr Haustier sowohl auf Spazierg\u00e4ngen als auch im Auto sicher und gesch\u00fctzt ist.<\/p>\n<p><strong>Wesentliche Merkmale:<\/strong><\/p>\n<ul>\n<li><strong>LED-Beleuchtung:<\/strong> Diese Leine ist mit hellen LED-Lichtern ausgestattet, die die Sichtbarkeit Ihres Hundes bei abendlichen oder fr\u00fchmorgendlichen Ausfl\u00fcgen erh\u00f6hen und f\u00fcr Sicherheit bei schlechten Lichtverh\u00e4ltnissen sorgen.<\/li>\n<li><strong>Bungee-Design:<\/strong> Das integrierte Bungee-Seil d\u00e4mpft St\u00f6\u00dfe bei pl\u00f6tzlichen Bewegungen und macht Spazierg\u00e4nge f\u00fcr Sie und Ihr Haustier angenehmer, indem es die Zugspannung reduziert.<\/li>\n<li><strong>Freisprecheinrichtung f\u00fcr den Autositz:<\/strong> Befestigen Sie die Leine f\u00fcr sichere Fahrten ganz einfach am Gurtsystem Ihres Autos. Diese Funktion sorgt daf\u00fcr, dass Ihr Haustier w\u00e4hrend der Fahrt sicher angeschnallt bleibt, was die Ablenkung reduziert und die Sicherheit erh\u00f6ht.<\/li>\n<li><strong>Langlebige Materialien:<\/strong> Die aus hochwertigen Materialien gefertigte Leine h\u00e4lt den Strapazen der t\u00e4glichen Spazierg\u00e4nge und Reisen stand.<\/li>\n<\/ul>\n<p>Egal, ob Sie einen Ausflug machen oder einfach nur joggen gehen, mit unserer Light Up Hands Free Car Seat Buckle Bungee Dog Leash behalten Sie die Kontrolle und Sicherheit, ohne den Komfort Ihres Hundes zu beeintr\u00e4chtigen. Die L\u00e4nge der Leine ist perfekt, um Ihrem Hund gen\u00fcgend Freiraum zu geben und ihn trotzdem unter Kontrolle zu haben.<\/p>\n<p>Diese Leine ist ideal f\u00fcr n\u00e4chtliche Abenteurer und Reiselustige. Sie kombiniert Sicherheit, Komfort und Bequemlichkeit und sorgt daf\u00fcr, dass jede Reise mit Ihrem Haustier angenehm und stressfrei ist. Steigen Sie auf unsere fortschrittliche Leine um und ver\u00e4ndern Sie die Art und Weise, wie Sie mit Ihrem Haustier reisen und spazieren gehen.<\/p>\n<h5 data-immersive-translate-walked=\"e4de329b-2f8f-4525-aa5e-eeca8caeb592\" data-immersive-translate-paragraph=\"1\"><strong data-immersive-translate-walked=\"e4de329b-2f8f-4525-aa5e-eeca8caeb592\">Sind Bungee-Leinen gut f\u00fcr Hunde?<\/strong><\/h5>\n<p data-immersive-translate-walked=\"e4de329b-2f8f-4525-aa5e-eeca8caeb592\" data-immersive-translate-paragraph=\"1\">Bungee-Leinen k\u00f6nnen f\u00fcr Hunde gut sein, da sie St\u00f6\u00dfe bei pl\u00f6tzlichen Bewegungen abfedern und sowohl f\u00fcr den Hund als auch f\u00fcr den Hundef\u00fchrer einen angenehmeren Spaziergang erm\u00f6glichen. Sie sind jedoch nicht unbedingt ideal f\u00fcr sehr starke Zugtiere, da die Elastizit\u00e4t das Ziehen f\u00f6rdern kann.<\/p>\n<h5 data-immersive-translate-walked=\"e4de329b-2f8f-4525-aa5e-eeca8caeb592\" data-immersive-translate-paragraph=\"1\"><strong data-immersive-translate-walked=\"e4de329b-2f8f-4525-aa5e-eeca8caeb592\">Sind Freisprechleinen gut f\u00fcr ziehende Hunde?<\/strong><\/h5>\n<p data-immersive-translate-walked=\"e4de329b-2f8f-4525-aa5e-eeca8caeb592\" data-immersive-translate-paragraph=\"1\">Freih\u00e4ndige Leinen werden im Allgemeinen nicht f\u00fcr ziehende Hunde empfohlen, da sie weniger unmittelbare Kontrolle \u00fcber den Hund bieten, was es schwierig machen kann, einen Hund zu f\u00fchren, der stark zum Ziehen neigt.<\/p>\n<h5 data-immersive-translate-walked=\"e4de329b-2f8f-4525-aa5e-eeca8caeb592\" data-immersive-translate-paragraph=\"1\"><strong data-immersive-translate-walked=\"e4de329b-2f8f-4525-aa5e-eeca8caeb592\">Was ist eine Freihandleine?<\/strong><\/h5>\n<p data-immersive-translate-walked=\"e4de329b-2f8f-4525-aa5e-eeca8caeb592\" data-immersive-translate-paragraph=\"1\">Eine Freisprechleine ist eine Hundeleine, die in der Regel an der Taille des Hundef\u00fchrers oder quer \u00fcber den K\u00f6rper befestigt wird und ein freih\u00e4ndiges Gehen oder Laufen erm\u00f6glicht. Sie ist so konzipiert, dass der Hund in der N\u00e4he bleibt und der Hundef\u00fchrer die H\u00e4nde frei hat.<\/p>\n<h5><strong>Sind freih\u00e4ndige Hundeleinen sicher?<\/strong><\/h5>\n<p>Freih\u00e4ndige Hundeleinen k\u00f6nnen sicher sein, wenn sie richtig und unter den richtigen Umst\u00e4nden verwendet werden. Sie eignen sich hervorragend f\u00fcr Aktivit\u00e4ten wie Laufen oder Wandern, bei denen man die H\u00e4nde frei haben muss, bieten aber m\u00f6glicherweise nicht so viel Kontrolle wie eine herk\u00f6mmliche Leine, insbesondere bei Hunden, die zum Ziehen oder pl\u00f6tzlichen Ausweichen neigen. Die Sicherheit h\u00e4ngt auch von einem sicheren Befestigungsmechanismus an der Taille und einer zuverl\u00e4ssigen Schnelll\u00f6sefunktion ab.<\/p>\n<h5><strong>Welche Leine verhindert das Ziehen von Hunden?<\/strong><\/h5>\n<p>Eine Leine selbst kann das Ziehen eines Hundes nicht vollst\u00e4ndig verhindern, aber bestimmte Arten von Leinen und Geschirren k\u00f6nnen helfen, das Ziehen zu kontrollieren und zu reduzieren. Am effektivsten ist in der Regel ein Zugverbot-Geschirr, das einen vorderen Befestigungspunkt f\u00fcr die Leine hat. Wenn der Hund zieht, lenkt das Geschirr den Hund in Richtung des Hundef\u00fchrers, wodurch das Ziehen weniger lohnend und leichter zu kontrollieren ist. In Verbindung mit einem konsequenten Training kann diese Art von Geschirr das Ziehen des Hundes erheblich eind\u00e4mmen.<\/p>\n<h5><strong>Sind Bungee-Leinen gut f\u00fcr Hunde?<\/strong><\/h5>\n<p>Bungee-Leinen k\u00f6nnen sowohl f\u00fcr Hunde als auch f\u00fcr ihre Besitzer von Vorteil sein, da sie den Schock pl\u00f6tzlicher Bewegungen oder Z\u00fcge abfedern und so die Belastung f\u00fcr den K\u00f6rper des Hundes und des Hundef\u00fchrers verringern. Sie sind besonders n\u00fctzlich bei Aktivit\u00e4ten wie Joggen, wo die unvorhersehbaren Bewegungen des Hundes sonst zu einem Ruck in der Leine f\u00fchren k\u00f6nnten.<\/p>\n<h5><strong>H\u00f6ren Bungee-Leitungen auf zu ziehen?<\/strong><\/h5>\n<p>Bungee-Leinen halten Hunde nicht von Natur aus vom Ziehen ab. Sie k\u00f6nnen das Ziehen zwar durch die Absorption eines Teils der Kraft abschw\u00e4chen, aber bei manchen Hunden k\u00f6nnen sie das Ziehen auch f\u00f6rdern, da sie einen Widerstand bieten, gegen den es sich lohnt zu ziehen.<\/p>\n<h5><strong>Was ist die beste Leine, um einem Hund beizubringen, nicht zu ziehen?<\/strong><\/h5>\n<p>Die beste Leine, um einem Hund das Ziehen abzugew\u00f6hnen, ist in der Regel eine nicht dehnbare Standardleine, die in Verbindung mit einem Zugverbotsgeschirr verwendet wird, das einen vorderen Befestigungspunkt hat. Auf diese Weise wird der Hund zu Ihnen gelenkt, wenn er versucht zu ziehen, und das Verhalten l\u00e4sst sich leichter kontrollieren und korrigieren.<\/p>\n<p>&nbsp;<\/p>","protected":false},"excerpt":{"rendered":"<p>Erleben Sie den ultimativen Komfort mit unserer Light Up Hands Free Car Seat Buckle Bungee Hundeleine. Diese Leine wurde f\u00fcr Sicherheit und Vielseitigkeit entwickelt und verf\u00fcgt \u00fcber ein helles LED-Licht f\u00fcr n\u00e4chtliche Sichtbarkeit, ein Bungee-Seil f\u00fcr Sto\u00dfd\u00e4mpfung und eine Freisprechschnalle f\u00fcr den Autositz f\u00fcr sicheres Reisen. Perfekt f\u00fcr aktive Haustierbesitzer, bietet sie Bewegungsfreiheit und gew\u00e4hrleistet gleichzeitig die Sicherheit Ihres Haustiers bei Spazierg\u00e4ngen und Fahrten.<\/p>","protected":false},"featured_media":7900,"template":"","meta":[],"product_brand":[],"product_cat":[27,21],"product_tag":[],"class_list":{"0":"post-7895","1":"product","2":"type-product","3":"status-publish","4":"has-post-thumbnail","6":"product_cat-dog-leash","7":"product_cat-led-product","8":"pa_brand-qqpets","10":"first","11":"instock","12":"shipping-taxable","13":"product-type-simple"},"yoast_head":"<!-- This site is optimized with the Yoast SEO plugin v26.6 - https:\/\/yoast.com\/wordpress\/plugins\/seo\/ -->\n<title>Light Up Hands Free Car Seat Buckle Bungee Dog Leash | QQPETS<\/title>\n<meta name=\"description\" content=\"Enhance safety with our Light Up Hands Free Dog Leash. Buckle up for car rides and enjoy bungee flexibility!\" \/>\n<meta name=\"robots\" content=\"index, follow, max-snippet:-1, max-image-preview:large, max-video-preview:-1\" \/>\n<link rel=\"canonical\" href=\"https:\/\/qqpets.com\/de\/produkt\/led-no-pull-leash\/\" \/>\n<meta property=\"og:locale\" content=\"de_DE\" \/>\n<meta property=\"og:type\" content=\"article\" \/>\n<meta property=\"og:title\" content=\"Light Up Hands Free Car Seat Buckle Bungee Dog Leash | QQPETS\" \/>\n<meta property=\"og:description\" content=\"Enhance safety with our Light Up Hands Free Dog Leash. Buckle up for car rides and enjoy bungee flexibility!\" \/>\n<meta property=\"og:url\" content=\"https:\/\/qqpets.com\/de\/produkt\/led-no-pull-leash\/\" \/>\n<meta property=\"og:site_name\" content=\"QQPETS\" \/>\n<meta property=\"article:publisher\" content=\"https:\/\/www.facebook.com\/QQpetsdogcollars\" \/>\n<meta property=\"article:modified_time\" content=\"2024-11-14T08:43:27+00:00\" \/>\n<meta property=\"og:image\" content=\"https:\/\/qqpets.com\/wp-content\/uploads\/2024\/09\/3.webp\" \/>\n\t<meta property=\"og:image:width\" content=\"800\" \/>\n\t<meta property=\"og:image:height\" content=\"800\" \/>\n\t<meta property=\"og:image:type\" content=\"image\/webp\" \/>\n<meta name=\"twitter:card\" content=\"summary_large_image\" \/>\n<meta name=\"twitter:label1\" content=\"Gesch\u00e4tzte Lesezeit\" \/>\n\t<meta name=\"twitter:data1\" content=\"4\u00a0Minuten\" \/>\n<script type=\"application\/ld+json\" class=\"yoast-schema-graph\">{\"@context\":\"https:\/\/schema.org\",\"@graph\":[{\"@type\":\"WebPage\",\"@id\":\"https:\/\/qqpets.com\/product\/led-no-pull-leash\/\",\"url\":\"https:\/\/qqpets.com\/product\/led-no-pull-leash\/\",\"name\":\"Light Up Hands Free Car Seat Buckle Bungee Dog Leash | QQPETS\",\"isPartOf\":{\"@id\":\"https:\/\/qqpets.com\/#website\"},\"primaryImageOfPage\":{\"@id\":\"https:\/\/qqpets.com\/product\/led-no-pull-leash\/#primaryimage\"},\"image\":{\"@id\":\"https:\/\/qqpets.com\/product\/led-no-pull-leash\/#primaryimage\"},\"thumbnailUrl\":\"https:\/\/qqpets.com\/wp-content\/uploads\/2024\/09\/3.webp\",\"datePublished\":\"2024-09-07T07:13:22+00:00\",\"dateModified\":\"2024-11-14T08:43:27+00:00\",\"description\":\"Enhance safety with our Light Up Hands Free Dog Leash. Buckle up for car rides and enjoy bungee flexibility!\",\"breadcrumb\":{\"@id\":\"https:\/\/qqpets.com\/product\/led-no-pull-leash\/#breadcrumb\"},\"inLanguage\":\"de\",\"potentialAction\":[{\"@type\":\"ReadAction\",\"target\":[\"https:\/\/qqpets.com\/product\/led-no-pull-leash\/\"]}]},{\"@type\":\"ImageObject\",\"inLanguage\":\"de\",\"@id\":\"https:\/\/qqpets.com\/product\/led-no-pull-leash\/#primaryimage\",\"url\":\"https:\/\/qqpets.com\/wp-content\/uploads\/2024\/09\/3.webp\",\"contentUrl\":\"https:\/\/qqpets.com\/wp-content\/uploads\/2024\/09\/3.webp\",\"width\":800,\"height\":800},{\"@type\":\"BreadcrumbList\",\"@id\":\"https:\/\/qqpets.com\/product\/led-no-pull-leash\/#breadcrumb\",\"itemListElement\":[{\"@type\":\"ListItem\",\"position\":1,\"name\":\"Home\",\"item\":\"https:\/\/qqpets.com\/\"},{\"@type\":\"ListItem\",\"position\":2,\"name\":\"Products\",\"item\":\"https:\/\/qqpets.com\/pet-products-manufacturer\/\"},{\"@type\":\"ListItem\",\"position\":3,\"name\":\"Light Up Hands Free Car Seat Buckle Bungee Dog Leash\"}]},{\"@type\":\"WebSite\",\"@id\":\"https:\/\/qqpets.com\/#website\",\"url\":\"https:\/\/qqpets.com\/\",\"name\":\"QQPETS\",\"description\":\"QQPETS is a pet products factory for dog harnesses, dog collars, dog leashes and dog accessories with professional customized service since 2005.\",\"publisher\":{\"@id\":\"https:\/\/qqpets.com\/#organization\"},\"potentialAction\":[{\"@type\":\"SearchAction\",\"target\":{\"@type\":\"EntryPoint\",\"urlTemplate\":\"https:\/\/qqpets.com\/?s={search_term_string}\"},\"query-input\":{\"@type\":\"PropertyValueSpecification\",\"valueRequired\":true,\"valueName\":\"search_term_string\"}}],\"inLanguage\":\"de\"},{\"@type\":\"Organization\",\"@id\":\"https:\/\/qqpets.com\/#organization\",\"name\":\"QQPETS\",\"url\":\"https:\/\/qqpets.com\/\",\"logo\":{\"@type\":\"ImageObject\",\"inLanguage\":\"de\",\"@id\":\"https:\/\/qqpets.com\/#\/schema\/logo\/image\/\",\"url\":\"https:\/\/qqpets.com\/wp-content\/uploads\/2023\/09\/cropped-cropped-qqpets-tiktok.jpg\",\"contentUrl\":\"https:\/\/qqpets.com\/wp-content\/uploads\/2023\/09\/cropped-cropped-qqpets-tiktok.jpg\",\"width\":511,\"height\":511,\"caption\":\"QQPETS\"},\"image\":{\"@id\":\"https:\/\/qqpets.com\/#\/schema\/logo\/image\/\"},\"sameAs\":[\"https:\/\/www.facebook.com\/QQpetsdogcollars\",\"https:\/\/www.instagram.com\/qqpetscollar\/\",\"https:\/\/www.pinterest.com\/qqpetsdogcollarsfactory\/\"]}]}<\/script>\n<!-- \/ Yoast SEO plugin. -->","yoast_head_json":{"title":"Light Up H\u00e4nde frei Autositz Schnalle Bungee Hundeleine | QQPETS","description":"Erh\u00f6hen Sie die Sicherheit mit unserer Light Up Hands Free Hundeleine. Schnallen Sie sich f\u00fcr Autofahrten an und genie\u00dfen Sie Bungee-Flexibilit\u00e4t!","robots":{"index":"index","follow":"follow","max-snippet":"max-snippet:-1","max-image-preview":"max-image-preview:large","max-video-preview":"max-video-preview:-1"},"canonical":"https:\/\/qqpets.com\/de\/produkt\/led-no-pull-leash\/","og_locale":"de_DE","og_type":"article","og_title":"Light Up Hands Free Car Seat Buckle Bungee Dog Leash | QQPETS","og_description":"Enhance safety with our Light Up Hands Free Dog Leash. Buckle up for car rides and enjoy bungee flexibility!","og_url":"https:\/\/qqpets.com\/de\/produkt\/led-no-pull-leash\/","og_site_name":"QQPETS","article_publisher":"https:\/\/www.facebook.com\/QQpetsdogcollars","article_modified_time":"2024-11-14T08:43:27+00:00","og_image":[{"width":800,"height":800,"url":"https:\/\/qqpets.com\/wp-content\/uploads\/2024\/09\/3.webp","type":"image\/webp"}],"twitter_card":"summary_large_image","twitter_misc":{"Gesch\u00e4tzte Lesezeit":"4\u00a0Minuten"},"schema":{"@context":"https:\/\/schema.org","@graph":[{"@type":"WebPage","@id":"https:\/\/qqpets.com\/product\/led-no-pull-leash\/","url":"https:\/\/qqpets.com\/product\/led-no-pull-leash\/","name":"Light Up H\u00e4nde frei Autositz Schnalle Bungee Hundeleine | QQPETS","isPartOf":{"@id":"https:\/\/qqpets.com\/#website"},"primaryImageOfPage":{"@id":"https:\/\/qqpets.com\/product\/led-no-pull-leash\/#primaryimage"},"image":{"@id":"https:\/\/qqpets.com\/product\/led-no-pull-leash\/#primaryimage"},"thumbnailUrl":"https:\/\/qqpets.com\/wp-content\/uploads\/2024\/09\/3.webp","datePublished":"2024-09-07T07:13:22+00:00","dateModified":"2024-11-14T08:43:27+00:00","description":"Erh\u00f6hen Sie die Sicherheit mit unserer Light Up Hands Free Hundeleine. Schnallen Sie sich f\u00fcr Autofahrten an und genie\u00dfen Sie Bungee-Flexibilit\u00e4t!","breadcrumb":{"@id":"https:\/\/qqpets.com\/product\/led-no-pull-leash\/#breadcrumb"},"inLanguage":"de","potentialAction":[{"@type":"ReadAction","target":["https:\/\/qqpets.com\/product\/led-no-pull-leash\/"]}]},{"@type":"ImageObject","inLanguage":"de","@id":"https:\/\/qqpets.com\/product\/led-no-pull-leash\/#primaryimage","url":"https:\/\/qqpets.com\/wp-content\/uploads\/2024\/09\/3.webp","contentUrl":"https:\/\/qqpets.com\/wp-content\/uploads\/2024\/09\/3.webp","width":800,"height":800},{"@type":"BreadcrumbList","@id":"https:\/\/qqpets.com\/product\/led-no-pull-leash\/#breadcrumb","itemListElement":[{"@type":"ListItem","position":1,"name":"Home","item":"https:\/\/qqpets.com\/"},{"@type":"ListItem","position":2,"name":"Products","item":"https:\/\/qqpets.com\/pet-products-manufacturer\/"},{"@type":"ListItem","position":3,"name":"Light Up Hands Free Car Seat Buckle Bungee Dog Leash"}]},{"@type":"WebSite","@id":"https:\/\/qqpets.com\/#website","url":"https:\/\/qqpets.com\/","name":"QQPETS","description":"QQPETS ist eine Fabrik f\u00fcr Haustierprodukte f\u00fcr Hundegeschirre, Hundehalsb\u00e4nder, Hundeleinen und Hundezubeh\u00f6r mit professionellem, individuellem Service seit 2005.","publisher":{"@id":"https:\/\/qqpets.com\/#organization"},"potentialAction":[{"@type":"SearchAction","target":{"@type":"EntryPoint","urlTemplate":"https:\/\/qqpets.com\/?s={search_term_string}"},"query-input":{"@type":"PropertyValueSpecification","valueRequired":true,"valueName":"search_term_string"}}],"inLanguage":"de"},{"@type":"Organization","@id":"https:\/\/qqpets.com\/#organization","name":"QQPETS","url":"https:\/\/qqpets.com\/","logo":{"@type":"ImageObject","inLanguage":"de","@id":"https:\/\/qqpets.com\/#\/schema\/logo\/image\/","url":"https:\/\/qqpets.com\/wp-content\/uploads\/2023\/09\/cropped-cropped-qqpets-tiktok.jpg","contentUrl":"https:\/\/qqpets.com\/wp-content\/uploads\/2023\/09\/cropped-cropped-qqpets-tiktok.jpg","width":511,"height":511,"caption":"QQPETS"},"image":{"@id":"https:\/\/qqpets.com\/#\/schema\/logo\/image\/"},"sameAs":["https:\/\/www.facebook.com\/QQpetsdogcollars","https:\/\/www.instagram.com\/qqpetscollar\/","https:\/\/www.pinterest.com\/qqpetsdogcollarsfactory\/"]}]}},"_links":{"self":[{"href":"https:\/\/qqpets.com\/de\/wp-json\/wp\/v2\/product\/7895","targetHints":{"allow":["GET"]}}],"collection":[{"href":"https:\/\/qqpets.com\/de\/wp-json\/wp\/v2\/product"}],"about":[{"href":"https:\/\/qqpets.com\/de\/wp-json\/wp\/v2\/types\/product"}],"wp:featuredmedia":[{"embeddable":true,"href":"https:\/\/qqpets.com\/de\/wp-json\/wp\/v2\/media\/7900"}],"wp:attachment":[{"href":"https:\/\/qqpets.com\/de\/wp-json\/wp\/v2\/media?parent=7895"}],"wp:term":[{"taxonomy":"product_brand","embeddable":true,"href":"https:\/\/qqpets.com\/de\/wp-json\/wp\/v2\/product_brand?post=7895"},{"taxonomy":"product_cat","embeddable":true,"href":"https:\/\/qqpets.com\/de\/wp-json\/wp\/v2\/product_cat?post=7895"},{"taxonomy":"product_tag","embeddable":true,"href":"https:\/\/qqpets.com\/de\/wp-json\/wp\/v2\/product_tag?post=7895"}],"curies":[{"name":"wp","href":"https:\/\/api.w.org\/{rel}","templated":true}]}}