{"id":7910,"date":"2024-09-07T15:54:26","date_gmt":"2024-09-07T07:54:26","guid":{"rendered":"https:\/\/qqpets.com\/?post_type=product&#038;p=7910"},"modified":"2024-11-13T11:58:39","modified_gmt":"2024-11-13T03:58:39","slug":"smart-qr-code-pet-collar-id-tag","status":"publish","type":"product","link":"https:\/\/qqpets.com\/de\/produkt\/smart-qr-code-pet-collar-id-tag\/","title":{"rendered":"Smart QR Code Haustierhalsband ID Tag"},"content":{"rendered":"<p>Wir stellen unser revolution\u00e4res personalisiertes Smart-QR-Code-Halsband f\u00fcr Haustiere vor, das eine moderne L\u00f6sung f\u00fcr die Sicherheit und Identifizierung von Haustieren darstellt. Mit diesem Tag tr\u00e4gt Ihr Haustier wichtige Informationen bei sich, die mit einem schnellen Scan leicht zug\u00e4nglich sind.<\/p>\n<p><strong>Wesentliche Merkmale:<\/strong><\/p>\n<ul>\n<li><strong>Intelligente QR-Code-Technologie:<\/strong> Jeder Anh\u00e4nger ist mit einem einzigartigen QR-Code versehen, der beim Scannen zu einem anpassbaren Profil f\u00fchrt. Dieses Profil kann Ihre Kontaktdaten, die medizinischen Daten des Tieres, seine Ern\u00e4hrungsbed\u00fcrfnisse und vieles mehr enthalten. So wird sichergestellt, dass jeder, der Ihr Haustier findet, alle notwendigen Informationen erh\u00e4lt, um ihm zu helfen.<\/li>\n<li><strong>Anpassungsoptionen:<\/strong> Personalisieren Sie den Anh\u00e4nger mit dem Namen Ihres Tieres, Ihrer Telefonnummer und w\u00e4hlen Sie aus einer Vielzahl von Designs, die zur Pers\u00f6nlichkeit Ihres Tieres passen.<\/li>\n<li><strong>Hohe Langlebigkeit:<\/strong> Der aus robusten Materialien gefertigte Anh\u00e4nger ist so konzipiert, dass er allen Witterungsbedingungen und aktivem Spiel standh\u00e4lt, damit er lesbar und unversehrt bleibt.<\/li>\n<li><strong>Einfach zu aktualisieren:<\/strong> Sie k\u00f6nnen das mit dem QR-Code verkn\u00fcpfte Online-Profil jederzeit und \u00fcberall aktualisieren, so dass die Informationen \u00fcber Ihr Haustier immer auf dem neuesten Stand sind, ohne dass Sie den Tag ersetzen m\u00fcssen.<\/li>\n<\/ul>\n<p>Dieser ID-Tag ist ideal f\u00fcr alle Tierbesitzer, die Sicherheit und Komfort miteinander verbinden m\u00f6chten. Ganz gleich, ob Ihr Haustier ein Entfesselungsk\u00fcnstler ist oder ob Sie einfach nur Ihre Ruhe haben wollen, wenn Sie unterwegs sind - dieser Anh\u00e4nger bietet eine zuverl\u00e4ssige M\u00f6glichkeit, Ihren geliebten Begleiter zu sch\u00fctzen.<\/p>\n<p>Wenn Sie sich f\u00fcr unser personalisiertes Smart-QR-Code-Halsband f\u00fcr Haustiere entscheiden, erhalten Sie nicht nur einen Anh\u00e4nger, sondern auch die Gewissheit, dass Ihr Haustier leicht identifiziert und sicher nach Hause zur\u00fcckgebracht werden kann, falls es verloren geht. Es ist eine kleine Investition, die einen gro\u00dfen Unterschied f\u00fcr die Sicherheit Ihres Haustieres machen kann.<\/p>\n<h5><strong>Sind QR-Code-Hundemarken legal?<\/strong><\/h5>\n<p>Ja, QR-Code-Hundemarken sind legal. Sie sind eine innovative Alternative zu herk\u00f6mmlichen eingravierten Marken und k\u00f6nnen detailliertere Informationen \u00fcber ein Haustier speichern, was hilfreich sein kann, wenn der Hund verloren geht.<\/p>\n<h5><strong>Funktionieren QR-Hundemarken?<\/strong><\/h5>\n<p>Ja, QR-Hundemarken funktionieren effektiv. Wenn jemand einen Hund mit einer QR-Code-Marke findet, kann er den Code mit einem Smartphone einscannen und wird in der Regel auf eine Webseite mit den Informationen \u00fcber den Hund geleitet, einschlie\u00dflich der Kontaktdaten des Besitzers.<\/p>\n<h5>Welche Informationen sind auf einer Hundemarke gesetzlich vorgeschrieben?<\/h5>\n<p>Die gesetzlich vorgeschriebenen Angaben auf einer Hundemarke k\u00f6nnen je nach den \u00f6rtlichen Vorschriften Ihres Wohnorts variieren. Vielerorts sind jedoch die folgenden Angaben allgemein vorgeschrieben:<\/p>\n<ol>\n<li><strong>Name des Eigent\u00fcmers<\/strong>: Der vollst\u00e4ndige Name des Besitzers des Hundes, um eine ordnungsgem\u00e4\u00dfe Identifizierung und Verantwortlichkeit zu gew\u00e4hrleisten.<\/li>\n<li><strong>Kontaktinformationen<\/strong>: Mindestens eine Telefonnummer, unter der der Eigent\u00fcmer erreicht werden kann. In einigen Gebieten k\u00f6nnen zus\u00e4tzliche Nummern oder sogar eine Adresse erforderlich sein.<\/li>\n<\/ol>\n<p>Es ist ratsam, auch einschl\u00e4gige medizinische Informationen anzugeben, wenn Ihr Hund besondere gesundheitliche Probleme hat, die sofortige Behandlung erfordern, falls er verloren geht. Dies ist zwar nicht immer gesetzlich vorgeschrieben, kann aber f\u00fcr die Sicherheit Ihres Haustiers entscheidend sein. \u00dcberpr\u00fcfen Sie stets die \u00f6rtlichen Vorschriften, um sicherzustellen, dass die spezifischen \u00f6rtlichen Anforderungen an die Kennzeichnung von Haustieren erf\u00fcllt werden.<\/p>","protected":false},"excerpt":{"rendered":"<p>Erh\u00f6hen Sie die Sicherheit Ihres Haustieres mit unserem personalisierten Smart QR Code Pet Collar ID Tag. Dieser innovative Anh\u00e4nger verf\u00fcgt \u00fcber einen QR-Code, der mit einem pers\u00f6nlichen Profil mit wichtigen Kontakt- und Gesundheitsinformationen verkn\u00fcpft ist. Er l\u00e4sst sich leicht aktualisieren und sorgt daf\u00fcr, dass Ihr Haustier immer den Weg zu Ihnen zur\u00fcckfindet. Es ist nicht nur praktisch, sondern auch stilvoll und kann mit einem Design Ihrer Wahl versehen werden.<\/p>","protected":false},"featured_media":7912,"template":"","meta":[],"product_brand":[],"product_cat":[26],"product_tag":[],"class_list":{"0":"post-7910","1":"product","2":"type-product","3":"status-publish","4":"has-post-thumbnail","6":"product_cat-dog-collar","7":"pa_brand-qqpets","9":"first","10":"instock","11":"shipping-taxable","12":"product-type-simple"},"yoast_head":"<!-- This site is optimized with the Yoast SEO plugin v26.6 - https:\/\/yoast.com\/wordpress\/plugins\/seo\/ -->\n<title>Smart QR Code Pet Collar ID Tag | QQPETS<\/title>\n<meta name=\"description\" content=\"Secure your pet with our Smart QR Code ID Tag. Custom, trackable, and stylish. Perfect for peace of mind!\" \/>\n<meta name=\"robots\" content=\"index, follow, max-snippet:-1, max-image-preview:large, max-video-preview:-1\" \/>\n<link rel=\"canonical\" href=\"https:\/\/qqpets.com\/de\/produkt\/smart-qr-code-pet-collar-id-tag\/\" \/>\n<meta property=\"og:locale\" content=\"de_DE\" \/>\n<meta property=\"og:type\" content=\"article\" \/>\n<meta property=\"og:title\" content=\"Smart QR Code Pet Collar ID Tag | QQPETS\" \/>\n<meta property=\"og:description\" content=\"Secure your pet with our Smart QR Code ID Tag. Custom, trackable, and stylish. Perfect for peace of mind!\" \/>\n<meta property=\"og:url\" content=\"https:\/\/qqpets.com\/de\/produkt\/smart-qr-code-pet-collar-id-tag\/\" \/>\n<meta property=\"og:site_name\" content=\"QQPETS\" \/>\n<meta property=\"article:publisher\" content=\"https:\/\/www.facebook.com\/QQpetsdogcollars\" \/>\n<meta property=\"article:modified_time\" content=\"2024-11-13T03:58:39+00:00\" \/>\n<meta property=\"og:image\" content=\"https:\/\/qqpets.com\/wp-content\/uploads\/2024\/09\/QR-CODE-PET-COLLAR2.webp\" \/>\n\t<meta property=\"og:image:width\" content=\"1000\" \/>\n\t<meta property=\"og:image:height\" content=\"1000\" \/>\n\t<meta property=\"og:image:type\" content=\"image\/webp\" \/>\n<meta name=\"twitter:card\" content=\"summary_large_image\" \/>\n<meta name=\"twitter:label1\" content=\"Gesch\u00e4tzte Lesezeit\" \/>\n\t<meta name=\"twitter:data1\" content=\"3\u00a0Minuten\" \/>\n<script type=\"application\/ld+json\" class=\"yoast-schema-graph\">{\"@context\":\"https:\/\/schema.org\",\"@graph\":[{\"@type\":\"WebPage\",\"@id\":\"https:\/\/qqpets.com\/product\/smart-qr-code-pet-collar-id-tag\/\",\"url\":\"https:\/\/qqpets.com\/product\/smart-qr-code-pet-collar-id-tag\/\",\"name\":\"Smart QR Code Pet Collar ID Tag | QQPETS\",\"isPartOf\":{\"@id\":\"https:\/\/qqpets.com\/#website\"},\"primaryImageOfPage\":{\"@id\":\"https:\/\/qqpets.com\/product\/smart-qr-code-pet-collar-id-tag\/#primaryimage\"},\"image\":{\"@id\":\"https:\/\/qqpets.com\/product\/smart-qr-code-pet-collar-id-tag\/#primaryimage\"},\"thumbnailUrl\":\"https:\/\/qqpets.com\/wp-content\/uploads\/2024\/09\/QR-CODE-PET-COLLAR2.webp\",\"datePublished\":\"2024-09-07T07:54:26+00:00\",\"dateModified\":\"2024-11-13T03:58:39+00:00\",\"description\":\"Secure your pet with our Smart QR Code ID Tag. Custom, trackable, and stylish. Perfect for peace of mind!\",\"breadcrumb\":{\"@id\":\"https:\/\/qqpets.com\/product\/smart-qr-code-pet-collar-id-tag\/#breadcrumb\"},\"inLanguage\":\"de\",\"potentialAction\":[{\"@type\":\"ReadAction\",\"target\":[\"https:\/\/qqpets.com\/product\/smart-qr-code-pet-collar-id-tag\/\"]}]},{\"@type\":\"ImageObject\",\"inLanguage\":\"de\",\"@id\":\"https:\/\/qqpets.com\/product\/smart-qr-code-pet-collar-id-tag\/#primaryimage\",\"url\":\"https:\/\/qqpets.com\/wp-content\/uploads\/2024\/09\/QR-CODE-PET-COLLAR2.webp\",\"contentUrl\":\"https:\/\/qqpets.com\/wp-content\/uploads\/2024\/09\/QR-CODE-PET-COLLAR2.webp\",\"width\":1000,\"height\":1000},{\"@type\":\"BreadcrumbList\",\"@id\":\"https:\/\/qqpets.com\/product\/smart-qr-code-pet-collar-id-tag\/#breadcrumb\",\"itemListElement\":[{\"@type\":\"ListItem\",\"position\":1,\"name\":\"Home\",\"item\":\"https:\/\/qqpets.com\/\"},{\"@type\":\"ListItem\",\"position\":2,\"name\":\"Products\",\"item\":\"https:\/\/qqpets.com\/pet-products-manufacturer\/\"},{\"@type\":\"ListItem\",\"position\":3,\"name\":\"Smart QR Code Pet Collar ID Tag\"}]},{\"@type\":\"WebSite\",\"@id\":\"https:\/\/qqpets.com\/#website\",\"url\":\"https:\/\/qqpets.com\/\",\"name\":\"QQPETS\",\"description\":\"QQPETS is a pet products factory for dog harnesses, dog collars, dog leashes and dog accessories with professional customized service since 2005.\",\"publisher\":{\"@id\":\"https:\/\/qqpets.com\/#organization\"},\"potentialAction\":[{\"@type\":\"SearchAction\",\"target\":{\"@type\":\"EntryPoint\",\"urlTemplate\":\"https:\/\/qqpets.com\/?s={search_term_string}\"},\"query-input\":{\"@type\":\"PropertyValueSpecification\",\"valueRequired\":true,\"valueName\":\"search_term_string\"}}],\"inLanguage\":\"de\"},{\"@type\":\"Organization\",\"@id\":\"https:\/\/qqpets.com\/#organization\",\"name\":\"QQPETS\",\"url\":\"https:\/\/qqpets.com\/\",\"logo\":{\"@type\":\"ImageObject\",\"inLanguage\":\"de\",\"@id\":\"https:\/\/qqpets.com\/#\/schema\/logo\/image\/\",\"url\":\"https:\/\/qqpets.com\/wp-content\/uploads\/2023\/09\/cropped-cropped-qqpets-tiktok.jpg\",\"contentUrl\":\"https:\/\/qqpets.com\/wp-content\/uploads\/2023\/09\/cropped-cropped-qqpets-tiktok.jpg\",\"width\":511,\"height\":511,\"caption\":\"QQPETS\"},\"image\":{\"@id\":\"https:\/\/qqpets.com\/#\/schema\/logo\/image\/\"},\"sameAs\":[\"https:\/\/www.facebook.com\/QQpetsdogcollars\",\"https:\/\/www.instagram.com\/qqpetscollar\/\",\"https:\/\/www.pinterest.com\/qqpetsdogcollarsfactory\/\"]}]}<\/script>\n<!-- \/ Yoast SEO plugin. -->","yoast_head_json":{"title":"Smart QR Code Haustier Halsband ID Tag | QQPETS","description":"Sichern Sie Ihr Haustier mit unserem Smart QR Code ID Tag. Individuell, verfolgbar und elegant. Perfekt f\u00fcr Ihren Seelenfrieden!","robots":{"index":"index","follow":"follow","max-snippet":"max-snippet:-1","max-image-preview":"max-image-preview:large","max-video-preview":"max-video-preview:-1"},"canonical":"https:\/\/qqpets.com\/de\/produkt\/smart-qr-code-pet-collar-id-tag\/","og_locale":"de_DE","og_type":"article","og_title":"Smart QR Code Pet Collar ID Tag | QQPETS","og_description":"Secure your pet with our Smart QR Code ID Tag. Custom, trackable, and stylish. Perfect for peace of mind!","og_url":"https:\/\/qqpets.com\/de\/produkt\/smart-qr-code-pet-collar-id-tag\/","og_site_name":"QQPETS","article_publisher":"https:\/\/www.facebook.com\/QQpetsdogcollars","article_modified_time":"2024-11-13T03:58:39+00:00","og_image":[{"width":1000,"height":1000,"url":"https:\/\/qqpets.com\/wp-content\/uploads\/2024\/09\/QR-CODE-PET-COLLAR2.webp","type":"image\/webp"}],"twitter_card":"summary_large_image","twitter_misc":{"Gesch\u00e4tzte Lesezeit":"3\u00a0Minuten"},"schema":{"@context":"https:\/\/schema.org","@graph":[{"@type":"WebPage","@id":"https:\/\/qqpets.com\/product\/smart-qr-code-pet-collar-id-tag\/","url":"https:\/\/qqpets.com\/product\/smart-qr-code-pet-collar-id-tag\/","name":"Smart QR Code Haustier Halsband ID Tag | QQPETS","isPartOf":{"@id":"https:\/\/qqpets.com\/#website"},"primaryImageOfPage":{"@id":"https:\/\/qqpets.com\/product\/smart-qr-code-pet-collar-id-tag\/#primaryimage"},"image":{"@id":"https:\/\/qqpets.com\/product\/smart-qr-code-pet-collar-id-tag\/#primaryimage"},"thumbnailUrl":"https:\/\/qqpets.com\/wp-content\/uploads\/2024\/09\/QR-CODE-PET-COLLAR2.webp","datePublished":"2024-09-07T07:54:26+00:00","dateModified":"2024-11-13T03:58:39+00:00","description":"Sichern Sie Ihr Haustier mit unserem Smart QR Code ID Tag. Individuell, verfolgbar und elegant. Perfekt f\u00fcr Ihren Seelenfrieden!","breadcrumb":{"@id":"https:\/\/qqpets.com\/product\/smart-qr-code-pet-collar-id-tag\/#breadcrumb"},"inLanguage":"de","potentialAction":[{"@type":"ReadAction","target":["https:\/\/qqpets.com\/product\/smart-qr-code-pet-collar-id-tag\/"]}]},{"@type":"ImageObject","inLanguage":"de","@id":"https:\/\/qqpets.com\/product\/smart-qr-code-pet-collar-id-tag\/#primaryimage","url":"https:\/\/qqpets.com\/wp-content\/uploads\/2024\/09\/QR-CODE-PET-COLLAR2.webp","contentUrl":"https:\/\/qqpets.com\/wp-content\/uploads\/2024\/09\/QR-CODE-PET-COLLAR2.webp","width":1000,"height":1000},{"@type":"BreadcrumbList","@id":"https:\/\/qqpets.com\/product\/smart-qr-code-pet-collar-id-tag\/#breadcrumb","itemListElement":[{"@type":"ListItem","position":1,"name":"Home","item":"https:\/\/qqpets.com\/"},{"@type":"ListItem","position":2,"name":"Products","item":"https:\/\/qqpets.com\/pet-products-manufacturer\/"},{"@type":"ListItem","position":3,"name":"Smart QR Code Pet Collar ID Tag"}]},{"@type":"WebSite","@id":"https:\/\/qqpets.com\/#website","url":"https:\/\/qqpets.com\/","name":"QQPETS","description":"QQPETS ist eine Fabrik f\u00fcr Haustierprodukte f\u00fcr Hundegeschirre, Hundehalsb\u00e4nder, Hundeleinen und Hundezubeh\u00f6r mit professionellem, individuellem Service seit 2005.","publisher":{"@id":"https:\/\/qqpets.com\/#organization"},"potentialAction":[{"@type":"SearchAction","target":{"@type":"EntryPoint","urlTemplate":"https:\/\/qqpets.com\/?s={search_term_string}"},"query-input":{"@type":"PropertyValueSpecification","valueRequired":true,"valueName":"search_term_string"}}],"inLanguage":"de"},{"@type":"Organization","@id":"https:\/\/qqpets.com\/#organization","name":"QQPETS","url":"https:\/\/qqpets.com\/","logo":{"@type":"ImageObject","inLanguage":"de","@id":"https:\/\/qqpets.com\/#\/schema\/logo\/image\/","url":"https:\/\/qqpets.com\/wp-content\/uploads\/2023\/09\/cropped-cropped-qqpets-tiktok.jpg","contentUrl":"https:\/\/qqpets.com\/wp-content\/uploads\/2023\/09\/cropped-cropped-qqpets-tiktok.jpg","width":511,"height":511,"caption":"QQPETS"},"image":{"@id":"https:\/\/qqpets.com\/#\/schema\/logo\/image\/"},"sameAs":["https:\/\/www.facebook.com\/QQpetsdogcollars","https:\/\/www.instagram.com\/qqpetscollar\/","https:\/\/www.pinterest.com\/qqpetsdogcollarsfactory\/"]}]}},"_links":{"self":[{"href":"https:\/\/qqpets.com\/de\/wp-json\/wp\/v2\/product\/7910","targetHints":{"allow":["GET"]}}],"collection":[{"href":"https:\/\/qqpets.com\/de\/wp-json\/wp\/v2\/product"}],"about":[{"href":"https:\/\/qqpets.com\/de\/wp-json\/wp\/v2\/types\/product"}],"wp:featuredmedia":[{"embeddable":true,"href":"https:\/\/qqpets.com\/de\/wp-json\/wp\/v2\/media\/7912"}],"wp:attachment":[{"href":"https:\/\/qqpets.com\/de\/wp-json\/wp\/v2\/media?parent=7910"}],"wp:term":[{"taxonomy":"product_brand","embeddable":true,"href":"https:\/\/qqpets.com\/de\/wp-json\/wp\/v2\/product_brand?post=7910"},{"taxonomy":"product_cat","embeddable":true,"href":"https:\/\/qqpets.com\/de\/wp-json\/wp\/v2\/product_cat?post=7910"},{"taxonomy":"product_tag","embeddable":true,"href":"https:\/\/qqpets.com\/de\/wp-json\/wp\/v2\/product_tag?post=7910"}],"curies":[{"name":"wp","href":"https:\/\/api.w.org\/{rel}","templated":true}]}}