{"id":8444,"date":"2024-09-30T16:17:02","date_gmt":"2024-09-30T08:17:02","guid":{"rendered":"https:\/\/qqpets.com\/?post_type=product&#038;p=8444"},"modified":"2024-09-30T16:17:02","modified_gmt":"2024-09-30T08:17:02","slug":"easy-walk-step-in-dog-harness-set","status":"publish","type":"product","link":"https:\/\/qqpets.com\/de\/produkt\/easy-walk-step-in-dog-harness-set\/","title":{"rendered":"Easy Walk Step In Hundegeschirr Set"},"content":{"rendered":"<p>Wir stellen das Easy Walk Step In Hundegeschirr vor - die ultimative L\u00f6sung f\u00fcr problemlose Spazierg\u00e4nge mit Ihrem geliebten Haustier. Dieses Set wurde mit Blick auf den modernen Tierhalter entwickelt und verf\u00fcgt \u00fcber ein Step-in-Geschirr, das die Komplikationen herk\u00f6mmlicher \u00dcberkopfgeschirre beseitigt und es unglaublich einfach macht, Ihren Hund ohne Unannehmlichkeiten zu sichern.<\/p>\n<p>Das Geschirr ist aus hochwertigem, atmungsaktivem Material gefertigt, das auch nach wiederholtem Gebrauch seine Form und Funktion beibeh\u00e4lt. Die verstellbaren Gurte bieten eine individuelle Passform f\u00fcr jede Hundegr\u00f6\u00dfe, sorgen f\u00fcr Komfort und verhindern ein Entweichen. Reflektierende N\u00e4hte auf dem Geschirr und der Leine erh\u00f6hen die Sichtbarkeit bei Spazierg\u00e4ngen am fr\u00fchen Morgen oder am sp\u00e4ten Abend und sorgen f\u00fcr zus\u00e4tzliche Sicherheit f\u00fcr Ihren Hund.<\/p>\n<p>Die dazugeh\u00f6rige Leine ist robust und verf\u00fcgt \u00fcber einen strapazierf\u00e4higen Clip f\u00fcr eine sichere Befestigung, damit Sie beim Spazierengehen die Kontrolle behalten, w\u00e4hrend der weiche Griff Komfort f\u00fcr Ihre Hand bietet. Das Easy Walk Step In Hundegeschirr-Set ist nicht nur praktisch, sondern auch stilvoll. Das leuchtend pinke Design spiegelt eine lustige und lebendige Pers\u00f6nlichkeit wider.<\/p>\n<p>Dieses Produkt ist eine ausgezeichnete Wahl f\u00fcr Tierhalter, die eine Mischung aus Stil, Sicherheit und Komfort suchen. Es ist ideal f\u00fcr t\u00e4gliche Spazierg\u00e4nge, Tierarztbesuche oder alle Outdoor-Abenteuer mit Ihrem pelzigen Freund und sorgt daf\u00fcr, dass er gro\u00dfartig aussieht und dabei sicher und bequem bleibt. Dieses Geschirr ist f\u00fcr Hunde aller Rassen und Gr\u00f6\u00dfen geeignet und vereinfacht die Handhabung des Tieres, so dass es ein Muss f\u00fcr die Zubeh\u00f6rsammlung Ihres Hundes ist.<\/p>\n<h5><strong>Sind Einsteigegeschirre gut f\u00fcr Hunde?<\/strong><\/h5>\n<p>Ja, Einstiegsgeschirre sind gut f\u00fcr Hunde, da sie im Allgemeinen leicht an- und auszuziehen sind, den Druck gleichm\u00e4\u00dfig auf Brust und Schultern verteilen und weniger wahrscheinlich zu Nackenverspannungen f\u00fchren. Sie sind besonders vorteilhaft f\u00fcr kleine bis mittelgro\u00dfe Hunde.<\/p>\n<h5><strong>Ist das Easy Walk-Geschirr f\u00fcr Hunde geeignet?<\/strong><\/h5>\n<p>Ja, das Easy Walk-Geschirr ist vor allem f\u00fcr ziehende Hunde von Vorteil, da es \u00fcber eine Frontleinenbefestigung verf\u00fcgt, die die Zugkraft des Hundes seitlich statt nach vorne umlenkt, was das Laufen erleichtert und das Training effektiver macht.<\/p>\n<h5><strong>Wie legt man einem Hund ein Geschirr an Easy Walk?<\/strong><\/h5>\n<p>Legen Sie das Geschirr flach auf den Boden, f\u00fchren Sie die Beine Ihres Hundes in die \u00d6ffnungen, ziehen Sie dann das Geschirr nach oben und schlie\u00dfen Sie die Schnalle auf dem R\u00fccken. Achten Sie darauf, dass der Brustgurt waagerecht und tief \u00fcber dem Brustbein und nicht \u00fcber dem Hals sitzt.<\/p>\n<h5><strong>Wie bringe ich meinen Hund dazu, in sein Geschirr zu steigen?<\/strong><\/h5>\n<p>Legen Sie das Geschirr auf den Boden und locken Sie Ihren Hund mit Leckerlis, damit er in jede Bein\u00f6ffnung tritt. Wenn er hineingeht, ziehen Sie das Geschirr sanft \u00fcber seinen R\u00fccken und befestigen Sie die Schnallen, loben Sie ihn und geben Sie ihm Leckerlis, um eine positive Erfahrung zu machen.<\/p>","protected":false},"excerpt":{"rendered":"<p>Unser Easy Walk Step In Hundegeschirr-Set wurde f\u00fcr ultimativen Komfort und Benutzerfreundlichkeit entwickelt. Dieses All-in-One-Set besteht aus einem leichten Step-in-Geschirr und einer passenden Leine, ideal f\u00fcr t\u00e4gliche Spazierg\u00e4nge. Das Geschirr ist zugfrei, um den Hals Ihres Hundes nicht zu belasten, w\u00e4hrend das weiche, atmungsaktive Material auch bei l\u00e4ngerem Tragen f\u00fcr Komfort sorgt. Die Schnellverschl\u00fcsse erleichtern das An- und Ablegen und sorgen f\u00fcr ein m\u00fcheloses Erlebnis bei jedem Spaziergang. Sie ist f\u00fcr alle Rassen geeignet und verbindet Funktionalit\u00e4t mit Stil. Die leuchtende Farbe Pink sorgt daf\u00fcr, dass Ihr Hund auff\u00e4llt und gleichzeitig sicher ist.<\/p>","protected":false},"featured_media":8445,"template":"","meta":[],"product_brand":[],"product_cat":[23],"product_tag":[],"class_list":{"0":"post-8444","1":"product","2":"type-product","3":"status-publish","4":"has-post-thumbnail","6":"product_cat-dog-harness","7":"pa_brand-qqpets","9":"first","10":"instock","11":"shipping-taxable","12":"product-type-simple"},"yoast_head":"<!-- This site is optimized with the Yoast SEO plugin v26.6 - https:\/\/yoast.com\/wordpress\/plugins\/seo\/ -->\n<title>Easy Walk Step In Dog Harness Set | QQPETS<\/title>\n<meta name=\"description\" content=\"Enhance your dog&#039;s comfort and safety with our Easy Walk Step In Dog Harness Set, perfect for daily use.\" \/>\n<meta name=\"robots\" content=\"index, follow, max-snippet:-1, max-image-preview:large, max-video-preview:-1\" \/>\n<link rel=\"canonical\" href=\"https:\/\/qqpets.com\/de\/produkt\/easy-walk-step-in-dog-harness-set\/\" \/>\n<meta property=\"og:locale\" content=\"de_DE\" \/>\n<meta property=\"og:type\" content=\"article\" \/>\n<meta property=\"og:title\" content=\"Easy Walk Step In Dog Harness Set | QQPETS\" \/>\n<meta property=\"og:description\" content=\"Enhance your dog&#039;s comfort and safety with our Easy Walk Step In Dog Harness Set, perfect for daily use.\" \/>\n<meta property=\"og:url\" content=\"https:\/\/qqpets.com\/de\/produkt\/easy-walk-step-in-dog-harness-set\/\" \/>\n<meta property=\"og:site_name\" content=\"QQPETS\" \/>\n<meta property=\"article:publisher\" content=\"https:\/\/www.facebook.com\/QQpetsdogcollars\" \/>\n<meta property=\"og:image\" content=\"https:\/\/qqpets.com\/wp-content\/uploads\/2024\/09\/step-in-dog-harness-set5.webp\" \/>\n\t<meta property=\"og:image:width\" content=\"800\" \/>\n\t<meta property=\"og:image:height\" content=\"800\" \/>\n\t<meta property=\"og:image:type\" content=\"image\/webp\" \/>\n<meta name=\"twitter:card\" content=\"summary_large_image\" \/>\n<meta name=\"twitter:label1\" content=\"Gesch\u00e4tzte Lesezeit\" \/>\n\t<meta name=\"twitter:data1\" content=\"3\u00a0Minuten\" \/>\n<script type=\"application\/ld+json\" class=\"yoast-schema-graph\">{\"@context\":\"https:\/\/schema.org\",\"@graph\":[{\"@type\":\"WebPage\",\"@id\":\"https:\/\/qqpets.com\/product\/easy-walk-step-in-dog-harness-set\/\",\"url\":\"https:\/\/qqpets.com\/product\/easy-walk-step-in-dog-harness-set\/\",\"name\":\"Easy Walk Step In Dog Harness Set | QQPETS\",\"isPartOf\":{\"@id\":\"https:\/\/qqpets.com\/#website\"},\"primaryImageOfPage\":{\"@id\":\"https:\/\/qqpets.com\/product\/easy-walk-step-in-dog-harness-set\/#primaryimage\"},\"image\":{\"@id\":\"https:\/\/qqpets.com\/product\/easy-walk-step-in-dog-harness-set\/#primaryimage\"},\"thumbnailUrl\":\"https:\/\/qqpets.com\/wp-content\/uploads\/2024\/09\/step-in-dog-harness-set5.webp\",\"datePublished\":\"2024-09-30T08:17:02+00:00\",\"description\":\"Enhance your dog's comfort and safety with our Easy Walk Step In Dog Harness Set, perfect for daily use.\",\"breadcrumb\":{\"@id\":\"https:\/\/qqpets.com\/product\/easy-walk-step-in-dog-harness-set\/#breadcrumb\"},\"inLanguage\":\"de\",\"potentialAction\":[{\"@type\":\"ReadAction\",\"target\":[\"https:\/\/qqpets.com\/product\/easy-walk-step-in-dog-harness-set\/\"]}]},{\"@type\":\"ImageObject\",\"inLanguage\":\"de\",\"@id\":\"https:\/\/qqpets.com\/product\/easy-walk-step-in-dog-harness-set\/#primaryimage\",\"url\":\"https:\/\/qqpets.com\/wp-content\/uploads\/2024\/09\/step-in-dog-harness-set5.webp\",\"contentUrl\":\"https:\/\/qqpets.com\/wp-content\/uploads\/2024\/09\/step-in-dog-harness-set5.webp\",\"width\":800,\"height\":800},{\"@type\":\"BreadcrumbList\",\"@id\":\"https:\/\/qqpets.com\/product\/easy-walk-step-in-dog-harness-set\/#breadcrumb\",\"itemListElement\":[{\"@type\":\"ListItem\",\"position\":1,\"name\":\"Home\",\"item\":\"https:\/\/qqpets.com\/\"},{\"@type\":\"ListItem\",\"position\":2,\"name\":\"Products\",\"item\":\"https:\/\/qqpets.com\/pet-products-manufacturer\/\"},{\"@type\":\"ListItem\",\"position\":3,\"name\":\"Easy Walk Step In Dog Harness Set\"}]},{\"@type\":\"WebSite\",\"@id\":\"https:\/\/qqpets.com\/#website\",\"url\":\"https:\/\/qqpets.com\/\",\"name\":\"QQPETS\",\"description\":\"QQPETS is a pet products factory for dog harnesses, dog collars, dog leashes and dog accessories with professional customized service since 2005.\",\"publisher\":{\"@id\":\"https:\/\/qqpets.com\/#organization\"},\"potentialAction\":[{\"@type\":\"SearchAction\",\"target\":{\"@type\":\"EntryPoint\",\"urlTemplate\":\"https:\/\/qqpets.com\/?s={search_term_string}\"},\"query-input\":{\"@type\":\"PropertyValueSpecification\",\"valueRequired\":true,\"valueName\":\"search_term_string\"}}],\"inLanguage\":\"de\"},{\"@type\":\"Organization\",\"@id\":\"https:\/\/qqpets.com\/#organization\",\"name\":\"QQPETS\",\"url\":\"https:\/\/qqpets.com\/\",\"logo\":{\"@type\":\"ImageObject\",\"inLanguage\":\"de\",\"@id\":\"https:\/\/qqpets.com\/#\/schema\/logo\/image\/\",\"url\":\"https:\/\/qqpets.com\/wp-content\/uploads\/2023\/09\/cropped-cropped-qqpets-tiktok.jpg\",\"contentUrl\":\"https:\/\/qqpets.com\/wp-content\/uploads\/2023\/09\/cropped-cropped-qqpets-tiktok.jpg\",\"width\":511,\"height\":511,\"caption\":\"QQPETS\"},\"image\":{\"@id\":\"https:\/\/qqpets.com\/#\/schema\/logo\/image\/\"},\"sameAs\":[\"https:\/\/www.facebook.com\/QQpetsdogcollars\",\"https:\/\/www.instagram.com\/qqpetscollar\/\",\"https:\/\/www.pinterest.com\/qqpetsdogcollarsfactory\/\"]}]}<\/script>\n<!-- \/ Yoast SEO plugin. -->","yoast_head_json":{"title":"Easy Walk Schritt in Hundegeschirr Set | QQPETS","description":"Erh\u00f6hen Sie den Komfort und die Sicherheit Ihres Hundes mit unserem Easy Walk Step In Hundegeschirr-Set, das perfekt f\u00fcr den t\u00e4glichen Gebrauch geeignet ist.","robots":{"index":"index","follow":"follow","max-snippet":"max-snippet:-1","max-image-preview":"max-image-preview:large","max-video-preview":"max-video-preview:-1"},"canonical":"https:\/\/qqpets.com\/de\/produkt\/easy-walk-step-in-dog-harness-set\/","og_locale":"de_DE","og_type":"article","og_title":"Easy Walk Step In Dog Harness Set | QQPETS","og_description":"Enhance your dog's comfort and safety with our Easy Walk Step In Dog Harness Set, perfect for daily use.","og_url":"https:\/\/qqpets.com\/de\/produkt\/easy-walk-step-in-dog-harness-set\/","og_site_name":"QQPETS","article_publisher":"https:\/\/www.facebook.com\/QQpetsdogcollars","og_image":[{"width":800,"height":800,"url":"https:\/\/qqpets.com\/wp-content\/uploads\/2024\/09\/step-in-dog-harness-set5.webp","type":"image\/webp"}],"twitter_card":"summary_large_image","twitter_misc":{"Gesch\u00e4tzte Lesezeit":"3\u00a0Minuten"},"schema":{"@context":"https:\/\/schema.org","@graph":[{"@type":"WebPage","@id":"https:\/\/qqpets.com\/product\/easy-walk-step-in-dog-harness-set\/","url":"https:\/\/qqpets.com\/product\/easy-walk-step-in-dog-harness-set\/","name":"Easy Walk Schritt in Hundegeschirr Set | QQPETS","isPartOf":{"@id":"https:\/\/qqpets.com\/#website"},"primaryImageOfPage":{"@id":"https:\/\/qqpets.com\/product\/easy-walk-step-in-dog-harness-set\/#primaryimage"},"image":{"@id":"https:\/\/qqpets.com\/product\/easy-walk-step-in-dog-harness-set\/#primaryimage"},"thumbnailUrl":"https:\/\/qqpets.com\/wp-content\/uploads\/2024\/09\/step-in-dog-harness-set5.webp","datePublished":"2024-09-30T08:17:02+00:00","description":"Erh\u00f6hen Sie den Komfort und die Sicherheit Ihres Hundes mit unserem Easy Walk Step In Hundegeschirr-Set, das perfekt f\u00fcr den t\u00e4glichen Gebrauch geeignet ist.","breadcrumb":{"@id":"https:\/\/qqpets.com\/product\/easy-walk-step-in-dog-harness-set\/#breadcrumb"},"inLanguage":"de","potentialAction":[{"@type":"ReadAction","target":["https:\/\/qqpets.com\/product\/easy-walk-step-in-dog-harness-set\/"]}]},{"@type":"ImageObject","inLanguage":"de","@id":"https:\/\/qqpets.com\/product\/easy-walk-step-in-dog-harness-set\/#primaryimage","url":"https:\/\/qqpets.com\/wp-content\/uploads\/2024\/09\/step-in-dog-harness-set5.webp","contentUrl":"https:\/\/qqpets.com\/wp-content\/uploads\/2024\/09\/step-in-dog-harness-set5.webp","width":800,"height":800},{"@type":"BreadcrumbList","@id":"https:\/\/qqpets.com\/product\/easy-walk-step-in-dog-harness-set\/#breadcrumb","itemListElement":[{"@type":"ListItem","position":1,"name":"Home","item":"https:\/\/qqpets.com\/"},{"@type":"ListItem","position":2,"name":"Products","item":"https:\/\/qqpets.com\/pet-products-manufacturer\/"},{"@type":"ListItem","position":3,"name":"Easy Walk Step In Dog Harness Set"}]},{"@type":"WebSite","@id":"https:\/\/qqpets.com\/#website","url":"https:\/\/qqpets.com\/","name":"QQPETS","description":"QQPETS ist eine Fabrik f\u00fcr Haustierprodukte f\u00fcr Hundegeschirre, Hundehalsb\u00e4nder, Hundeleinen und Hundezubeh\u00f6r mit professionellem, individuellem Service seit 2005.","publisher":{"@id":"https:\/\/qqpets.com\/#organization"},"potentialAction":[{"@type":"SearchAction","target":{"@type":"EntryPoint","urlTemplate":"https:\/\/qqpets.com\/?s={search_term_string}"},"query-input":{"@type":"PropertyValueSpecification","valueRequired":true,"valueName":"search_term_string"}}],"inLanguage":"de"},{"@type":"Organization","@id":"https:\/\/qqpets.com\/#organization","name":"QQPETS","url":"https:\/\/qqpets.com\/","logo":{"@type":"ImageObject","inLanguage":"de","@id":"https:\/\/qqpets.com\/#\/schema\/logo\/image\/","url":"https:\/\/qqpets.com\/wp-content\/uploads\/2023\/09\/cropped-cropped-qqpets-tiktok.jpg","contentUrl":"https:\/\/qqpets.com\/wp-content\/uploads\/2023\/09\/cropped-cropped-qqpets-tiktok.jpg","width":511,"height":511,"caption":"QQPETS"},"image":{"@id":"https:\/\/qqpets.com\/#\/schema\/logo\/image\/"},"sameAs":["https:\/\/www.facebook.com\/QQpetsdogcollars","https:\/\/www.instagram.com\/qqpetscollar\/","https:\/\/www.pinterest.com\/qqpetsdogcollarsfactory\/"]}]}},"_links":{"self":[{"href":"https:\/\/qqpets.com\/de\/wp-json\/wp\/v2\/product\/8444","targetHints":{"allow":["GET"]}}],"collection":[{"href":"https:\/\/qqpets.com\/de\/wp-json\/wp\/v2\/product"}],"about":[{"href":"https:\/\/qqpets.com\/de\/wp-json\/wp\/v2\/types\/product"}],"wp:featuredmedia":[{"embeddable":true,"href":"https:\/\/qqpets.com\/de\/wp-json\/wp\/v2\/media\/8445"}],"wp:attachment":[{"href":"https:\/\/qqpets.com\/de\/wp-json\/wp\/v2\/media?parent=8444"}],"wp:term":[{"taxonomy":"product_brand","embeddable":true,"href":"https:\/\/qqpets.com\/de\/wp-json\/wp\/v2\/product_brand?post=8444"},{"taxonomy":"product_cat","embeddable":true,"href":"https:\/\/qqpets.com\/de\/wp-json\/wp\/v2\/product_cat?post=8444"},{"taxonomy":"product_tag","embeddable":true,"href":"https:\/\/qqpets.com\/de\/wp-json\/wp\/v2\/product_tag?post=8444"}],"curies":[{"name":"wp","href":"https:\/\/api.w.org\/{rel}","templated":true}]}}