{"id":8636,"date":"2024-10-17T10:34:30","date_gmt":"2024-10-17T02:34:30","guid":{"rendered":"https:\/\/qqpets.com\/?post_type=product&#038;p=8636"},"modified":"2024-11-14T11:46:25","modified_gmt":"2024-11-14T03:46:25","slug":"dog-tennis-ball","status":"publish","type":"product","link":"https:\/\/qqpets.com\/de\/produkt\/dog-tennis-ball\/","title":{"rendered":"Hunde-Tennisball"},"content":{"rendered":"<p>Wir stellen die ultimative Auswahl f\u00fcr Unternehmen vor, die ihre Markenpr\u00e4senz in der Heimtierbranche erh\u00f6hen m\u00f6chten: unsere individualisierbaren Hunde-Tennisb\u00e4lle. Jeder Ball besteht aus einem strapazierf\u00e4higen Gummikern und einer weichen Filzh\u00fclle, die Langlebigkeit und eine sanfte Ber\u00fchrung der Z\u00e4hne und des Zahnfleischs Ihres Haustiers gew\u00e4hrleistet. Unsere einzigartige Materialmischung macht sie nicht nur robust und wasserfest, sondern erm\u00f6glicht auch einen lebendigen und dauerhaften Aufdruck Ihres Logos oder Designs.<\/p>\n<p><strong>Wesentliche Merkmale:<\/strong><\/p>\n<ul>\n<li><strong>Dauerhaftigkeit<\/strong>: Diese B\u00e4lle bestehen aus einer dicken Gummiblase und sind mit hochwertigem Filz \u00fcberzogen. Sie sind so konzipiert, dass sie bei jedem Holen, Werfen und Spielen halten.<\/li>\n<li><strong>Personalisierung<\/strong>: Bieten Sie ein einzigartiges Marketinginstrument, indem Sie diese Tennisb\u00e4lle mit Ihrem Firmenlogo, Slogans oder einem beliebigen Muster versehen. Hervorragend geeignet f\u00fcr Firmenveranstaltungen, Werbegeschenke oder Waren f\u00fcr Tierhandlungen.<\/li>\n<li><strong>Sicherheit geht vor<\/strong>: Hergestellt aus nicht scheuernden Materialien, die Z\u00e4hne und Zahnfleisch schonen und ein sicheres Spielen erm\u00f6glichen.<\/li>\n<li><strong>Sichtbarkeit<\/strong>: Erh\u00e4ltlich in einer Reihe von hellen Farben, um sicherzustellen, dass sie leicht zu finden sind, ob Sie im Park oder im Garten spielen.<\/li>\n<li><strong>Vielseitiger Einsatz<\/strong>: Ideal f\u00fcr das Training, Apportierspiele oder einfach, um Ihren vierbeinigen Kunden einen Grund zu geben, aktiv und gl\u00fccklich zu bleiben.<\/li>\n<\/ul>\n<p><strong>Ideal f\u00fcr den gesch\u00e4ftlichen Einsatz:<\/strong> Unsere Tennisb\u00e4lle f\u00fcr Hunde sind ein hervorragendes Werbegeschenk, das Ihre Marke ins rechte Licht r\u00fcckt und f\u00fcr Markenwerbung sorgt. Beeindrucken Sie Ihre Kunden mit einem durchdachten, lustigen und praktischen Produkt, das ihren Kunden, die ein Haustier besitzen, Freude bereitet.<\/p>\n<p>Bestellen Sie jetzt und geben Sie Ihren Werbema\u00dfnahmen einen spielerischen, ansprechenden Impuls mit unseren individuell gestaltbaren Tennisb\u00e4llen f\u00fcr Hunde. Statten Sie Ihr Unternehmen mit einem Produkt aus, das Qualit\u00e4t, Spa\u00df und eine Leidenschaft f\u00fcr Haustiere widerspiegelt.<\/p>\n<h5>FAQ \u00fcber Hunde-Tennisball<\/h5>\n<ul>\n<li data-immersive-translate-walked=\"9ff19424-33db-446d-ad13-30d4deb7ee4f\">\n<p data-immersive-translate-walked=\"9ff19424-33db-446d-ad13-30d4deb7ee4f\" data-immersive-translate-paragraph=\"1\"><strong data-immersive-translate-walked=\"9ff19424-33db-446d-ad13-30d4deb7ee4f\" data-immersive-translate-paragraph=\"1\">D\u00fcrfen Hunde Tennisb\u00e4lle haben?<\/strong><br data-immersive-translate-walked=\"9ff19424-33db-446d-ad13-30d4deb7ee4f\" \/>Ja, aber normale Tennisb\u00e4lle k\u00f6nnen die Z\u00e4hne des Hundes mit der Zeit abnutzen. Deshalb ist es besser, hundespezifische Tennisb\u00e4lle aus sichereren Materialien zu verwenden.<\/p>\n<\/li>\n<li data-immersive-translate-walked=\"9ff19424-33db-446d-ad13-30d4deb7ee4f\">\n<p data-immersive-translate-walked=\"9ff19424-33db-446d-ad13-30d4deb7ee4f\" data-immersive-translate-paragraph=\"1\"><strong data-immersive-translate-walked=\"9ff19424-33db-446d-ad13-30d4deb7ee4f\" data-immersive-translate-paragraph=\"1\">Gibt es einen Unterschied zwischen Tennisb\u00e4llen f\u00fcr Hunde und normalen Tennisb\u00e4llen?<\/strong><br data-immersive-translate-walked=\"9ff19424-33db-446d-ad13-30d4deb7ee4f\" \/>Ja, Tennisb\u00e4lle f\u00fcr Hunde werden aus nicht scheuernden Materialien hergestellt, w\u00e4hrend normale Tennisb\u00e4lle f\u00fcr die Z\u00e4hne des Hundes rau sein k\u00f6nnen und m\u00f6glicherweise sch\u00e4dliche Chemikalien enthalten.<\/p>\n<\/li>\n<li data-immersive-translate-walked=\"9ff19424-33db-446d-ad13-30d4deb7ee4f\">\n<p data-immersive-translate-walked=\"9ff19424-33db-446d-ad13-30d4deb7ee4f\" data-immersive-translate-paragraph=\"1\"><strong data-immersive-translate-walked=\"9ff19424-33db-446d-ad13-30d4deb7ee4f\" data-immersive-translate-paragraph=\"1\">Warum m\u00f6gen Hunde Tennisb\u00e4lle so sehr?<\/strong><br data-immersive-translate-walked=\"9ff19424-33db-446d-ad13-30d4deb7ee4f\" \/>Hunde lieben Tennisb\u00e4lle, weil sie h\u00fcpfen, leicht zu jagen sind und ihren Beutetrieb ausl\u00f6sen, so dass es Spa\u00df macht, sie zu apportieren und zu kauen.<\/p>\n<\/li>\n<li data-immersive-translate-walked=\"9ff19424-33db-446d-ad13-30d4deb7ee4f\">\n<p data-immersive-translate-walked=\"9ff19424-33db-446d-ad13-30d4deb7ee4f\" data-immersive-translate-paragraph=\"1\"><strong data-immersive-translate-walked=\"9ff19424-33db-446d-ad13-30d4deb7ee4f\" data-immersive-translate-paragraph=\"1\">Was ist eine Alternative zum Tennisball f\u00fcr Hunde?<\/strong><br data-immersive-translate-walked=\"9ff19424-33db-446d-ad13-30d4deb7ee4f\" \/>Alternativen sind Gummib\u00e4lle, Quietschspielzeug oder Seilspielzeug, die langlebig und sicher f\u00fcr Hunde sind.<\/p>\n<\/li>\n<\/ul>","protected":false},"excerpt":{"rendered":"<p>Beleben Sie die Spielzeit Ihres Haustieres mit unseren Hunde-Tennisb\u00e4llen, die auf Haltbarkeit und Sicherheit ausgelegt sind. Die in leuchtenden Farben erh\u00e4ltlichen B\u00e4lle sind gut sichtbar und aus ungiftigen Materialien hergestellt, um die Sicherheit Ihrer Haustiere zu gew\u00e4hrleisten. Gestalten Sie diese B\u00e4lle mit dem Logo Ihrer Marke oder einzigartigen Mustern und machen Sie jeden Wurf zu einer Repr\u00e4sentation Ihres Unternehmens. Diese Tennisb\u00e4lle sind ideal f\u00fcr das interaktive Spiel, das Training oder als Werbeartikel geeignet. Sie sind so gefertigt, dass sie sowohl den Strapazen des Spiels als auch den Elementen im Freien standhalten.<\/p>","protected":false},"featured_media":8628,"template":"","meta":[],"product_brand":[],"product_cat":[58],"product_tag":[],"class_list":{"0":"post-8636","1":"product","2":"type-product","3":"status-publish","4":"has-post-thumbnail","6":"product_cat-accessories","8":"first","9":"instock","10":"shipping-taxable","11":"product-type-simple"},"yoast_head":"<!-- This site is optimized with the Yoast SEO plugin v26.6 - https:\/\/yoast.com\/wordpress\/plugins\/seo\/ -->\n<title>Dog Tennis Ball | QQPETS<\/title>\n<meta name=\"description\" content=\"Customizable Dog Tennis Balls for active play \u2014 perfect for training and fun!\" \/>\n<meta name=\"robots\" content=\"index, follow, max-snippet:-1, max-image-preview:large, max-video-preview:-1\" \/>\n<link rel=\"canonical\" href=\"https:\/\/qqpets.com\/de\/produkt\/dog-tennis-ball\/\" \/>\n<meta property=\"og:locale\" content=\"de_DE\" \/>\n<meta property=\"og:type\" content=\"article\" \/>\n<meta property=\"og:title\" content=\"Dog Tennis Ball | QQPETS\" \/>\n<meta property=\"og:description\" content=\"Customizable Dog Tennis Balls for active play \u2014 perfect for training and fun!\" \/>\n<meta property=\"og:url\" content=\"https:\/\/qqpets.com\/de\/produkt\/dog-tennis-ball\/\" \/>\n<meta property=\"og:site_name\" content=\"QQPETS\" \/>\n<meta property=\"article:publisher\" content=\"https:\/\/www.facebook.com\/QQpetsdogcollars\" \/>\n<meta property=\"article:modified_time\" content=\"2024-11-14T03:46:25+00:00\" \/>\n<meta property=\"og:image\" content=\"https:\/\/qqpets.com\/wp-content\/uploads\/2024\/10\/dog-tennis-ball1.webp\" \/>\n\t<meta property=\"og:image:width\" content=\"1000\" \/>\n\t<meta property=\"og:image:height\" content=\"1000\" \/>\n\t<meta property=\"og:image:type\" content=\"image\/webp\" \/>\n<meta name=\"twitter:card\" content=\"summary_large_image\" \/>\n<meta name=\"twitter:label1\" content=\"Gesch\u00e4tzte Lesezeit\" \/>\n\t<meta name=\"twitter:data1\" content=\"2\u00a0Minuten\" \/>\n<script type=\"application\/ld+json\" class=\"yoast-schema-graph\">{\"@context\":\"https:\/\/schema.org\",\"@graph\":[{\"@type\":\"WebPage\",\"@id\":\"https:\/\/qqpets.com\/product\/dog-tennis-ball\/\",\"url\":\"https:\/\/qqpets.com\/product\/dog-tennis-ball\/\",\"name\":\"Dog Tennis Ball | QQPETS\",\"isPartOf\":{\"@id\":\"https:\/\/qqpets.com\/#website\"},\"primaryImageOfPage\":{\"@id\":\"https:\/\/qqpets.com\/product\/dog-tennis-ball\/#primaryimage\"},\"image\":{\"@id\":\"https:\/\/qqpets.com\/product\/dog-tennis-ball\/#primaryimage\"},\"thumbnailUrl\":\"https:\/\/qqpets.com\/wp-content\/uploads\/2024\/10\/dog-tennis-ball1.webp\",\"datePublished\":\"2024-10-17T02:34:30+00:00\",\"dateModified\":\"2024-11-14T03:46:25+00:00\",\"description\":\"Customizable Dog Tennis Balls for active play \u2014 perfect for training and fun!\",\"breadcrumb\":{\"@id\":\"https:\/\/qqpets.com\/product\/dog-tennis-ball\/#breadcrumb\"},\"inLanguage\":\"de\",\"potentialAction\":[{\"@type\":\"ReadAction\",\"target\":[\"https:\/\/qqpets.com\/product\/dog-tennis-ball\/\"]}]},{\"@type\":\"ImageObject\",\"inLanguage\":\"de\",\"@id\":\"https:\/\/qqpets.com\/product\/dog-tennis-ball\/#primaryimage\",\"url\":\"https:\/\/qqpets.com\/wp-content\/uploads\/2024\/10\/dog-tennis-ball1.webp\",\"contentUrl\":\"https:\/\/qqpets.com\/wp-content\/uploads\/2024\/10\/dog-tennis-ball1.webp\",\"width\":1000,\"height\":1000},{\"@type\":\"BreadcrumbList\",\"@id\":\"https:\/\/qqpets.com\/product\/dog-tennis-ball\/#breadcrumb\",\"itemListElement\":[{\"@type\":\"ListItem\",\"position\":1,\"name\":\"Home\",\"item\":\"https:\/\/qqpets.com\/\"},{\"@type\":\"ListItem\",\"position\":2,\"name\":\"Products\",\"item\":\"https:\/\/qqpets.com\/pet-products-manufacturer\/\"},{\"@type\":\"ListItem\",\"position\":3,\"name\":\"Dog Tennis Ball\"}]},{\"@type\":\"WebSite\",\"@id\":\"https:\/\/qqpets.com\/#website\",\"url\":\"https:\/\/qqpets.com\/\",\"name\":\"QQPETS\",\"description\":\"QQPETS is a pet products factory for dog harnesses, dog collars, dog leashes and dog accessories with professional customized service since 2005.\",\"publisher\":{\"@id\":\"https:\/\/qqpets.com\/#organization\"},\"potentialAction\":[{\"@type\":\"SearchAction\",\"target\":{\"@type\":\"EntryPoint\",\"urlTemplate\":\"https:\/\/qqpets.com\/?s={search_term_string}\"},\"query-input\":{\"@type\":\"PropertyValueSpecification\",\"valueRequired\":true,\"valueName\":\"search_term_string\"}}],\"inLanguage\":\"de\"},{\"@type\":\"Organization\",\"@id\":\"https:\/\/qqpets.com\/#organization\",\"name\":\"QQPETS\",\"url\":\"https:\/\/qqpets.com\/\",\"logo\":{\"@type\":\"ImageObject\",\"inLanguage\":\"de\",\"@id\":\"https:\/\/qqpets.com\/#\/schema\/logo\/image\/\",\"url\":\"https:\/\/qqpets.com\/wp-content\/uploads\/2023\/09\/cropped-cropped-qqpets-tiktok.jpg\",\"contentUrl\":\"https:\/\/qqpets.com\/wp-content\/uploads\/2023\/09\/cropped-cropped-qqpets-tiktok.jpg\",\"width\":511,\"height\":511,\"caption\":\"QQPETS\"},\"image\":{\"@id\":\"https:\/\/qqpets.com\/#\/schema\/logo\/image\/\"},\"sameAs\":[\"https:\/\/www.facebook.com\/QQpetsdogcollars\",\"https:\/\/www.instagram.com\/qqpetscollar\/\",\"https:\/\/www.pinterest.com\/qqpetsdogcollarsfactory\/\"]}]}<\/script>\n<!-- \/ Yoast SEO plugin. -->","yoast_head_json":{"title":"Hunde-Tennisball | QQPETS","description":"Anpassbare Hunde-Tennisb\u00e4lle f\u00fcr aktives Spiel - perfekt f\u00fcr Training und Spa\u00df!","robots":{"index":"index","follow":"follow","max-snippet":"max-snippet:-1","max-image-preview":"max-image-preview:large","max-video-preview":"max-video-preview:-1"},"canonical":"https:\/\/qqpets.com\/de\/produkt\/dog-tennis-ball\/","og_locale":"de_DE","og_type":"article","og_title":"Dog Tennis Ball | QQPETS","og_description":"Customizable Dog Tennis Balls for active play \u2014 perfect for training and fun!","og_url":"https:\/\/qqpets.com\/de\/produkt\/dog-tennis-ball\/","og_site_name":"QQPETS","article_publisher":"https:\/\/www.facebook.com\/QQpetsdogcollars","article_modified_time":"2024-11-14T03:46:25+00:00","og_image":[{"width":1000,"height":1000,"url":"https:\/\/qqpets.com\/wp-content\/uploads\/2024\/10\/dog-tennis-ball1.webp","type":"image\/webp"}],"twitter_card":"summary_large_image","twitter_misc":{"Gesch\u00e4tzte Lesezeit":"2\u00a0Minuten"},"schema":{"@context":"https:\/\/schema.org","@graph":[{"@type":"WebPage","@id":"https:\/\/qqpets.com\/product\/dog-tennis-ball\/","url":"https:\/\/qqpets.com\/product\/dog-tennis-ball\/","name":"Hunde-Tennisball | QQPETS","isPartOf":{"@id":"https:\/\/qqpets.com\/#website"},"primaryImageOfPage":{"@id":"https:\/\/qqpets.com\/product\/dog-tennis-ball\/#primaryimage"},"image":{"@id":"https:\/\/qqpets.com\/product\/dog-tennis-ball\/#primaryimage"},"thumbnailUrl":"https:\/\/qqpets.com\/wp-content\/uploads\/2024\/10\/dog-tennis-ball1.webp","datePublished":"2024-10-17T02:34:30+00:00","dateModified":"2024-11-14T03:46:25+00:00","description":"Anpassbare Hunde-Tennisb\u00e4lle f\u00fcr aktives Spiel - perfekt f\u00fcr Training und Spa\u00df!","breadcrumb":{"@id":"https:\/\/qqpets.com\/product\/dog-tennis-ball\/#breadcrumb"},"inLanguage":"de","potentialAction":[{"@type":"ReadAction","target":["https:\/\/qqpets.com\/product\/dog-tennis-ball\/"]}]},{"@type":"ImageObject","inLanguage":"de","@id":"https:\/\/qqpets.com\/product\/dog-tennis-ball\/#primaryimage","url":"https:\/\/qqpets.com\/wp-content\/uploads\/2024\/10\/dog-tennis-ball1.webp","contentUrl":"https:\/\/qqpets.com\/wp-content\/uploads\/2024\/10\/dog-tennis-ball1.webp","width":1000,"height":1000},{"@type":"BreadcrumbList","@id":"https:\/\/qqpets.com\/product\/dog-tennis-ball\/#breadcrumb","itemListElement":[{"@type":"ListItem","position":1,"name":"Home","item":"https:\/\/qqpets.com\/"},{"@type":"ListItem","position":2,"name":"Products","item":"https:\/\/qqpets.com\/pet-products-manufacturer\/"},{"@type":"ListItem","position":3,"name":"Dog Tennis Ball"}]},{"@type":"WebSite","@id":"https:\/\/qqpets.com\/#website","url":"https:\/\/qqpets.com\/","name":"QQPETS","description":"QQPETS ist eine Fabrik f\u00fcr Haustierprodukte f\u00fcr Hundegeschirre, Hundehalsb\u00e4nder, Hundeleinen und Hundezubeh\u00f6r mit professionellem, individuellem Service seit 2005.","publisher":{"@id":"https:\/\/qqpets.com\/#organization"},"potentialAction":[{"@type":"SearchAction","target":{"@type":"EntryPoint","urlTemplate":"https:\/\/qqpets.com\/?s={search_term_string}"},"query-input":{"@type":"PropertyValueSpecification","valueRequired":true,"valueName":"search_term_string"}}],"inLanguage":"de"},{"@type":"Organization","@id":"https:\/\/qqpets.com\/#organization","name":"QQPETS","url":"https:\/\/qqpets.com\/","logo":{"@type":"ImageObject","inLanguage":"de","@id":"https:\/\/qqpets.com\/#\/schema\/logo\/image\/","url":"https:\/\/qqpets.com\/wp-content\/uploads\/2023\/09\/cropped-cropped-qqpets-tiktok.jpg","contentUrl":"https:\/\/qqpets.com\/wp-content\/uploads\/2023\/09\/cropped-cropped-qqpets-tiktok.jpg","width":511,"height":511,"caption":"QQPETS"},"image":{"@id":"https:\/\/qqpets.com\/#\/schema\/logo\/image\/"},"sameAs":["https:\/\/www.facebook.com\/QQpetsdogcollars","https:\/\/www.instagram.com\/qqpetscollar\/","https:\/\/www.pinterest.com\/qqpetsdogcollarsfactory\/"]}]}},"_links":{"self":[{"href":"https:\/\/qqpets.com\/de\/wp-json\/wp\/v2\/product\/8636","targetHints":{"allow":["GET"]}}],"collection":[{"href":"https:\/\/qqpets.com\/de\/wp-json\/wp\/v2\/product"}],"about":[{"href":"https:\/\/qqpets.com\/de\/wp-json\/wp\/v2\/types\/product"}],"wp:featuredmedia":[{"embeddable":true,"href":"https:\/\/qqpets.com\/de\/wp-json\/wp\/v2\/media\/8628"}],"wp:attachment":[{"href":"https:\/\/qqpets.com\/de\/wp-json\/wp\/v2\/media?parent=8636"}],"wp:term":[{"taxonomy":"product_brand","embeddable":true,"href":"https:\/\/qqpets.com\/de\/wp-json\/wp\/v2\/product_brand?post=8636"},{"taxonomy":"product_cat","embeddable":true,"href":"https:\/\/qqpets.com\/de\/wp-json\/wp\/v2\/product_cat?post=8636"},{"taxonomy":"product_tag","embeddable":true,"href":"https:\/\/qqpets.com\/de\/wp-json\/wp\/v2\/product_tag?post=8636"}],"curies":[{"name":"wp","href":"https:\/\/api.w.org\/{rel}","templated":true}]}}