{"id":9246,"date":"2024-11-13T15:24:30","date_gmt":"2024-11-13T07:24:30","guid":{"rendered":"https:\/\/qqpets.com\/?post_type=product&#038;p=9246"},"modified":"2024-11-13T15:24:31","modified_gmt":"2024-11-13T07:24:31","slug":"neoprene-soft-adjustable-harness","status":"publish","type":"product","link":"https:\/\/qqpets.com\/de\/produkt\/neoprene-soft-adjustable-harness\/","title":{"rendered":"Verstellbares Geschirr aus weichem Neopren"},"content":{"rendered":"<div class=\"flex max-w-full flex-col flex-grow\">\n<div class=\"min-h-8 text-message flex w-full flex-col items-end gap-2 whitespace-normal break-words [.text-message+&amp;]:mt-5\" dir=\"auto\" data-message-author-role=\"assistant\" data-message-id=\"dfc49426-8542-453a-a411-dd67fde49ec8\" data-message-model-slug=\"gpt-4o\">\n<div class=\"flex w-full flex-col gap-1 empty:hidden first:pt-[3px]\">\n<div class=\"markdown prose w-full break-words dark:prose-invert light\">\n<p>Das verstellbare Geschirr ist die ultimative Wahl f\u00fcr Marken, die ein hochwertiges, anpassbares Haustierzubeh\u00f6r anbieten m\u00f6chten. Mit seinem vielseitigen Design bietet dieses Geschirr einen sicheren und bequemen Sitz, der auf verschiedene Hundegr\u00f6\u00dfen und -formen zugeschnitten ist. Mit seinen vier Verstellm\u00f6glichkeiten sorgt es daf\u00fcr, dass Hunde bei ihren Aktivit\u00e4ten nicht eingeengt werden oder Unbehagen versp\u00fcren. Hergestellt aus atmungsaktiven, umweltfreundlichen Materialien, die den EU-Qualit\u00e4tsstandards entsprechen, ist dieses Geschirr sicher und langlebig.<\/p>\n<p>Dieses Geschirr kann mit Logos und Mustern personalisiert werden, um es an die Identit\u00e4t Ihrer Marke anzupassen. Wir wissen, wie wichtig es ist, sich auf dem umk\u00e4mpften Markt f\u00fcr Haustiere abzuheben, und unser verstellbares Geschirr bietet die Flexibilit\u00e4t, einzigartige Markenprodukte zu schaffen, die Ihre Kunden lieben werden. Dieses Produkt ist ideal f\u00fcr Zoohandlungen, Online-H\u00e4ndler und Gro\u00dfh\u00e4ndler. Es verbindet Funktionalit\u00e4t mit Stil und sorgt f\u00fcr ein unvergessliches Kundenerlebnis und eine treue Anh\u00e4ngerschaft f\u00fcr Ihre Marke.<\/p>\n<\/div>\n<\/div>\n<\/div>\n<\/div>\n<div class=\"mb-2 flex gap-3 empty:hidden -ml-2\">\n<div class=\"items-center justify-start rounded-xl p-1 flex\">\n<div class=\"flex items-center\">\n<p>&nbsp;<\/p>\n<div class=\"flex\"><\/div>\n<div class=\"flex items-center pb-0\"><span class=\"overflow-hidden text-clip whitespace-nowrap text-sm\">4o<\/span><\/div>\n<\/div>\n<\/div>\n<\/div>","protected":false},"excerpt":{"rendered":"<p>Unser verstellbares Geschirr vereint Komfort, Haltbarkeit und Stil und ist damit ideal f\u00fcr Marken, die hochwertige Produkte f\u00fcr Haustiere anbieten m\u00f6chten. Dieses Geschirr ist vollst\u00e4ndig verstellbar, damit es jedem Hund perfekt passt und f\u00fcr optimalen Komfort und Kontrolle bei Spazierg\u00e4ngen sorgt. Es wird aus hochwertigen, umweltfreundlichen Materialien hergestellt, die sanft zu den Tieren sind und dennoch robust bleiben. Dieses Geschirr kann mit dem Logo Ihrer Marke und einzigartigen Mustern versehen werden und eignet sich perfekt f\u00fcr Gro\u00dfh\u00e4ndler und Unternehmen, die sich auf dem Heimtiermarkt abheben m\u00f6chten. Unser Geschirr wurde mit Blick auf die Bed\u00fcrfnisse moderner Haustierbesitzer entwickelt und ist die perfekte Mischung aus Form und Funktion.<\/p>","protected":false},"featured_media":9247,"template":"","meta":[],"product_brand":[],"product_cat":[23],"product_tag":[],"class_list":{"0":"post-9246","1":"product","2":"type-product","3":"status-publish","4":"has-post-thumbnail","6":"product_cat-dog-harness","8":"first","9":"instock","10":"shipping-taxable","11":"product-type-simple"},"yoast_head":"<!-- This site is optimized with the Yoast SEO plugin v26.6 - https:\/\/yoast.com\/wordpress\/plugins\/seo\/ -->\n<title>Neoprene Soft Adjustable Harness | QQPETS<\/title>\n<meta name=\"description\" content=\"Discover our customizable Adjustable Harness, designed for maximum comfort and control. Perfect for B2B clients seeking high-quality, custom logo and pattern options.\" \/>\n<meta name=\"robots\" content=\"index, follow, max-snippet:-1, max-image-preview:large, max-video-preview:-1\" \/>\n<link rel=\"canonical\" href=\"https:\/\/qqpets.com\/de\/produkt\/neoprene-soft-adjustable-harness\/\" \/>\n<meta property=\"og:locale\" content=\"de_DE\" \/>\n<meta property=\"og:type\" content=\"article\" \/>\n<meta property=\"og:title\" content=\"Neoprene Soft Adjustable Harness | QQPETS\" \/>\n<meta property=\"og:description\" content=\"Discover our customizable Adjustable Harness, designed for maximum comfort and control. Perfect for B2B clients seeking high-quality, custom logo and pattern options.\" \/>\n<meta property=\"og:url\" content=\"https:\/\/qqpets.com\/de\/produkt\/neoprene-soft-adjustable-harness\/\" \/>\n<meta property=\"og:site_name\" content=\"QQPETS\" \/>\n<meta property=\"article:publisher\" content=\"https:\/\/www.facebook.com\/QQpetsdogcollars\" \/>\n<meta property=\"article:modified_time\" content=\"2024-11-13T07:24:31+00:00\" \/>\n<meta property=\"og:image\" content=\"https:\/\/qqpets.com\/wp-content\/uploads\/2024\/11\/adjustable-harness1.webp\" \/>\n\t<meta property=\"og:image:width\" content=\"800\" \/>\n\t<meta property=\"og:image:height\" content=\"800\" \/>\n\t<meta property=\"og:image:type\" content=\"image\/webp\" \/>\n<meta name=\"twitter:card\" content=\"summary_large_image\" \/>\n<meta name=\"twitter:label1\" content=\"Gesch\u00e4tzte Lesezeit\" \/>\n\t<meta name=\"twitter:data1\" content=\"1\u00a0Minute\" \/>\n<script type=\"application\/ld+json\" class=\"yoast-schema-graph\">{\"@context\":\"https:\/\/schema.org\",\"@graph\":[{\"@type\":\"WebPage\",\"@id\":\"https:\/\/qqpets.com\/product\/neoprene-soft-adjustable-harness\/\",\"url\":\"https:\/\/qqpets.com\/product\/neoprene-soft-adjustable-harness\/\",\"name\":\"Neoprene Soft Adjustable Harness | QQPETS\",\"isPartOf\":{\"@id\":\"https:\/\/qqpets.com\/#website\"},\"primaryImageOfPage\":{\"@id\":\"https:\/\/qqpets.com\/product\/neoprene-soft-adjustable-harness\/#primaryimage\"},\"image\":{\"@id\":\"https:\/\/qqpets.com\/product\/neoprene-soft-adjustable-harness\/#primaryimage\"},\"thumbnailUrl\":\"https:\/\/qqpets.com\/wp-content\/uploads\/2024\/11\/adjustable-harness1.webp\",\"datePublished\":\"2024-11-13T07:24:30+00:00\",\"dateModified\":\"2024-11-13T07:24:31+00:00\",\"description\":\"Discover our customizable Adjustable Harness, designed for maximum comfort and control. Perfect for B2B clients seeking high-quality, custom logo and pattern options.\",\"breadcrumb\":{\"@id\":\"https:\/\/qqpets.com\/product\/neoprene-soft-adjustable-harness\/#breadcrumb\"},\"inLanguage\":\"de\",\"potentialAction\":[{\"@type\":\"ReadAction\",\"target\":[\"https:\/\/qqpets.com\/product\/neoprene-soft-adjustable-harness\/\"]}]},{\"@type\":\"ImageObject\",\"inLanguage\":\"de\",\"@id\":\"https:\/\/qqpets.com\/product\/neoprene-soft-adjustable-harness\/#primaryimage\",\"url\":\"https:\/\/qqpets.com\/wp-content\/uploads\/2024\/11\/adjustable-harness1.webp\",\"contentUrl\":\"https:\/\/qqpets.com\/wp-content\/uploads\/2024\/11\/adjustable-harness1.webp\",\"width\":800,\"height\":800},{\"@type\":\"BreadcrumbList\",\"@id\":\"https:\/\/qqpets.com\/product\/neoprene-soft-adjustable-harness\/#breadcrumb\",\"itemListElement\":[{\"@type\":\"ListItem\",\"position\":1,\"name\":\"Home\",\"item\":\"https:\/\/qqpets.com\/\"},{\"@type\":\"ListItem\",\"position\":2,\"name\":\"Products\",\"item\":\"https:\/\/qqpets.com\/pet-products-manufacturer\/\"},{\"@type\":\"ListItem\",\"position\":3,\"name\":\"Neoprene Soft Adjustable Harness\"}]},{\"@type\":\"WebSite\",\"@id\":\"https:\/\/qqpets.com\/#website\",\"url\":\"https:\/\/qqpets.com\/\",\"name\":\"QQPETS\",\"description\":\"QQPETS is a pet products factory for dog harnesses, dog collars, dog leashes and dog accessories with professional customized service since 2005.\",\"publisher\":{\"@id\":\"https:\/\/qqpets.com\/#organization\"},\"potentialAction\":[{\"@type\":\"SearchAction\",\"target\":{\"@type\":\"EntryPoint\",\"urlTemplate\":\"https:\/\/qqpets.com\/?s={search_term_string}\"},\"query-input\":{\"@type\":\"PropertyValueSpecification\",\"valueRequired\":true,\"valueName\":\"search_term_string\"}}],\"inLanguage\":\"de\"},{\"@type\":\"Organization\",\"@id\":\"https:\/\/qqpets.com\/#organization\",\"name\":\"QQPETS\",\"url\":\"https:\/\/qqpets.com\/\",\"logo\":{\"@type\":\"ImageObject\",\"inLanguage\":\"de\",\"@id\":\"https:\/\/qqpets.com\/#\/schema\/logo\/image\/\",\"url\":\"https:\/\/qqpets.com\/wp-content\/uploads\/2023\/09\/cropped-cropped-qqpets-tiktok.jpg\",\"contentUrl\":\"https:\/\/qqpets.com\/wp-content\/uploads\/2023\/09\/cropped-cropped-qqpets-tiktok.jpg\",\"width\":511,\"height\":511,\"caption\":\"QQPETS\"},\"image\":{\"@id\":\"https:\/\/qqpets.com\/#\/schema\/logo\/image\/\"},\"sameAs\":[\"https:\/\/www.facebook.com\/QQpetsdogcollars\",\"https:\/\/www.instagram.com\/qqpetscollar\/\",\"https:\/\/www.pinterest.com\/qqpetsdogcollarsfactory\/\"]}]}<\/script>\n<!-- \/ Yoast SEO plugin. -->","yoast_head_json":{"title":"Neopren weiches verstellbares Geschirr | QQPETS","description":"Entdecken Sie unser anpassbares, verstellbares Geschirr, das f\u00fcr maximalen Komfort und Kontrolle entwickelt wurde. Perfekt f\u00fcr B2B-Kunden, die hochwertige, individuelle Logo und Musteroptionen suchen.","robots":{"index":"index","follow":"follow","max-snippet":"max-snippet:-1","max-image-preview":"max-image-preview:large","max-video-preview":"max-video-preview:-1"},"canonical":"https:\/\/qqpets.com\/de\/produkt\/neoprene-soft-adjustable-harness\/","og_locale":"de_DE","og_type":"article","og_title":"Neoprene Soft Adjustable Harness | QQPETS","og_description":"Discover our customizable Adjustable Harness, designed for maximum comfort and control. Perfect for B2B clients seeking high-quality, custom logo and pattern options.","og_url":"https:\/\/qqpets.com\/de\/produkt\/neoprene-soft-adjustable-harness\/","og_site_name":"QQPETS","article_publisher":"https:\/\/www.facebook.com\/QQpetsdogcollars","article_modified_time":"2024-11-13T07:24:31+00:00","og_image":[{"width":800,"height":800,"url":"https:\/\/qqpets.com\/wp-content\/uploads\/2024\/11\/adjustable-harness1.webp","type":"image\/webp"}],"twitter_card":"summary_large_image","twitter_misc":{"Gesch\u00e4tzte Lesezeit":"1\u00a0Minute"},"schema":{"@context":"https:\/\/schema.org","@graph":[{"@type":"WebPage","@id":"https:\/\/qqpets.com\/product\/neoprene-soft-adjustable-harness\/","url":"https:\/\/qqpets.com\/product\/neoprene-soft-adjustable-harness\/","name":"Neopren weiches verstellbares Geschirr | QQPETS","isPartOf":{"@id":"https:\/\/qqpets.com\/#website"},"primaryImageOfPage":{"@id":"https:\/\/qqpets.com\/product\/neoprene-soft-adjustable-harness\/#primaryimage"},"image":{"@id":"https:\/\/qqpets.com\/product\/neoprene-soft-adjustable-harness\/#primaryimage"},"thumbnailUrl":"https:\/\/qqpets.com\/wp-content\/uploads\/2024\/11\/adjustable-harness1.webp","datePublished":"2024-11-13T07:24:30+00:00","dateModified":"2024-11-13T07:24:31+00:00","description":"Entdecken Sie unser anpassbares, verstellbares Geschirr, das f\u00fcr maximalen Komfort und Kontrolle entwickelt wurde. Perfekt f\u00fcr B2B-Kunden, die hochwertige, individuelle Logo und Musteroptionen suchen.","breadcrumb":{"@id":"https:\/\/qqpets.com\/product\/neoprene-soft-adjustable-harness\/#breadcrumb"},"inLanguage":"de","potentialAction":[{"@type":"ReadAction","target":["https:\/\/qqpets.com\/product\/neoprene-soft-adjustable-harness\/"]}]},{"@type":"ImageObject","inLanguage":"de","@id":"https:\/\/qqpets.com\/product\/neoprene-soft-adjustable-harness\/#primaryimage","url":"https:\/\/qqpets.com\/wp-content\/uploads\/2024\/11\/adjustable-harness1.webp","contentUrl":"https:\/\/qqpets.com\/wp-content\/uploads\/2024\/11\/adjustable-harness1.webp","width":800,"height":800},{"@type":"BreadcrumbList","@id":"https:\/\/qqpets.com\/product\/neoprene-soft-adjustable-harness\/#breadcrumb","itemListElement":[{"@type":"ListItem","position":1,"name":"Home","item":"https:\/\/qqpets.com\/"},{"@type":"ListItem","position":2,"name":"Products","item":"https:\/\/qqpets.com\/pet-products-manufacturer\/"},{"@type":"ListItem","position":3,"name":"Neoprene Soft Adjustable Harness"}]},{"@type":"WebSite","@id":"https:\/\/qqpets.com\/#website","url":"https:\/\/qqpets.com\/","name":"QQPETS","description":"QQPETS ist eine Fabrik f\u00fcr Haustierprodukte f\u00fcr Hundegeschirre, Hundehalsb\u00e4nder, Hundeleinen und Hundezubeh\u00f6r mit professionellem, individuellem Service seit 2005.","publisher":{"@id":"https:\/\/qqpets.com\/#organization"},"potentialAction":[{"@type":"SearchAction","target":{"@type":"EntryPoint","urlTemplate":"https:\/\/qqpets.com\/?s={search_term_string}"},"query-input":{"@type":"PropertyValueSpecification","valueRequired":true,"valueName":"search_term_string"}}],"inLanguage":"de"},{"@type":"Organization","@id":"https:\/\/qqpets.com\/#organization","name":"QQPETS","url":"https:\/\/qqpets.com\/","logo":{"@type":"ImageObject","inLanguage":"de","@id":"https:\/\/qqpets.com\/#\/schema\/logo\/image\/","url":"https:\/\/qqpets.com\/wp-content\/uploads\/2023\/09\/cropped-cropped-qqpets-tiktok.jpg","contentUrl":"https:\/\/qqpets.com\/wp-content\/uploads\/2023\/09\/cropped-cropped-qqpets-tiktok.jpg","width":511,"height":511,"caption":"QQPETS"},"image":{"@id":"https:\/\/qqpets.com\/#\/schema\/logo\/image\/"},"sameAs":["https:\/\/www.facebook.com\/QQpetsdogcollars","https:\/\/www.instagram.com\/qqpetscollar\/","https:\/\/www.pinterest.com\/qqpetsdogcollarsfactory\/"]}]}},"_links":{"self":[{"href":"https:\/\/qqpets.com\/de\/wp-json\/wp\/v2\/product\/9246","targetHints":{"allow":["GET"]}}],"collection":[{"href":"https:\/\/qqpets.com\/de\/wp-json\/wp\/v2\/product"}],"about":[{"href":"https:\/\/qqpets.com\/de\/wp-json\/wp\/v2\/types\/product"}],"wp:featuredmedia":[{"embeddable":true,"href":"https:\/\/qqpets.com\/de\/wp-json\/wp\/v2\/media\/9247"}],"wp:attachment":[{"href":"https:\/\/qqpets.com\/de\/wp-json\/wp\/v2\/media?parent=9246"}],"wp:term":[{"taxonomy":"product_brand","embeddable":true,"href":"https:\/\/qqpets.com\/de\/wp-json\/wp\/v2\/product_brand?post=9246"},{"taxonomy":"product_cat","embeddable":true,"href":"https:\/\/qqpets.com\/de\/wp-json\/wp\/v2\/product_cat?post=9246"},{"taxonomy":"product_tag","embeddable":true,"href":"https:\/\/qqpets.com\/de\/wp-json\/wp\/v2\/product_tag?post=9246"}],"curies":[{"name":"wp","href":"https:\/\/api.w.org\/{rel}","templated":true}]}}