{"id":9261,"date":"2024-11-13T16:07:37","date_gmt":"2024-11-13T08:07:37","guid":{"rendered":"https:\/\/qqpets.com\/?post_type=product&#038;p=9261"},"modified":"2024-11-13T16:07:37","modified_gmt":"2024-11-13T08:07:37","slug":"pvc-poop-bag-holder","status":"publish","type":"product","link":"https:\/\/qqpets.com\/de\/produkt\/pvc-poop-bag-holder\/","title":{"rendered":"PVC-Kotbeutel-Halter"},"content":{"rendered":"<p>Der PVC-Kotbeutelhalter ist ein unverzichtbares Accessoire f\u00fcr Tierhalter, die sowohl Wert auf Stil als auch auf Funktionalit\u00e4t legen. Der aus langlebigem, umweltfreundlichem PVC-Material gefertigte Beutelhalter h\u00e4lt dem t\u00e4glichen Gebrauch stand und ist gleichzeitig leicht und einfach zu tragen. Seine wasserdichte und leicht zu reinigende Oberfl\u00e4che sorgt daf\u00fcr, dass er bei jedem Wetter hygienisch und praktisch bleibt, was ihn perfekt f\u00fcr Outdoor-Abenteuer mit Haustieren macht.<\/p>\n<p>Der praktische Beutelhalter l\u00e4sst sich leicht an Leinen, Geschirren, Taschen oder G\u00fcrteln befestigen, so dass Abfallbeutel immer in Reichweite sind. Das kompakte und schlanke Design erm\u00f6glicht es Tierhaltern, ihn m\u00fchelos zu tragen, w\u00e4hrend der sichere Verschluss die Beutel bis zum Gebrauch sicher aufbewahrt.<\/p>\n<p>Dieser PVC-Kotbeutelhalter bietet endlose M\u00f6glichkeiten zur individuellen Gestaltung. Wir unterst\u00fctzen den Aufdruck von Logos und Mustern, so dass Tiermarken den Halter mit Markenelementen personalisieren k\u00f6nnen, die ein Statement setzen. Egal, ob Sie eine Tierhandlung, ein Online-H\u00e4ndler oder ein Distributor sind, dieser individuell gestaltbare Halter bietet eine einzigartige, markenf\u00e4hige L\u00f6sung, die bei modernen Tierhaltern, die nach funktionalen und zugleich stilvollen Accessoires suchen, Anklang findet. Erweitern Sie Ihr Sortiment um einen praktischen Artikel, der sich gro\u00dfer Nachfrage erfreut und Ihrer Marke Wert und Sichtbarkeit verleiht.<\/p>","protected":false},"excerpt":{"rendered":"<p>Unser PVC-Kotbeutelhalter ist eine Kombination aus Haltbarkeit, Bequemlichkeit und individueller Gestaltung f\u00fcr Tiermarken, die praktische L\u00f6sungen f\u00fcr die Entsorgung von Haustierabf\u00e4llen anbieten m\u00f6chten. Dieser aus hochwertigem PVC gefertigte Beutelhalter ist leicht, wasserdicht und einfach zu reinigen. Er l\u00e4sst sich sicher an Leinen, Geschirren oder Taschen befestigen und sorgt daf\u00fcr, dass Haustierbesitzer bei ihren Spazierg\u00e4ngen immer einen Abfallbeutel zur Hand haben. Dieser Halter ist perfekt f\u00fcr B2B-Kunden, da er mit Logos und einzigartigen Mustern versehen werden kann, um die Sichtbarkeit der Marke zu erh\u00f6hen. Ideal f\u00fcr Zoohandlungen, Online-H\u00e4ndler und Gro\u00dfh\u00e4ndler, die ihren Kunden ein funktionelles und zugleich stilvolles Produkt anbieten m\u00f6chten.<\/p>","protected":false},"featured_media":9262,"template":"","meta":[],"product_brand":[],"product_cat":[58],"product_tag":[],"class_list":{"0":"post-9261","1":"product","2":"type-product","3":"status-publish","4":"has-post-thumbnail","6":"product_cat-accessories","8":"first","9":"instock","10":"shipping-taxable","11":"product-type-simple"},"yoast_head":"<!-- This site is optimized with the Yoast SEO plugin v26.6 - https:\/\/yoast.com\/wordpress\/plugins\/seo\/ -->\n<title>PVC Poop Bag Holder | QQPETS<\/title>\n<meta name=\"description\" content=\"Durable and stylish PVC Poop Bag Holder for pet waste bags. Ideal for B2B buyers seeking custom logos and patterns. Practical, easy-to-carry design for pet owners.\" \/>\n<meta name=\"robots\" content=\"index, follow, max-snippet:-1, max-image-preview:large, max-video-preview:-1\" \/>\n<link rel=\"canonical\" href=\"https:\/\/qqpets.com\/de\/produkt\/pvc-poop-bag-holder\/\" \/>\n<meta property=\"og:locale\" content=\"de_DE\" \/>\n<meta property=\"og:type\" content=\"article\" \/>\n<meta property=\"og:title\" content=\"PVC Poop Bag Holder | QQPETS\" \/>\n<meta property=\"og:description\" content=\"Durable and stylish PVC Poop Bag Holder for pet waste bags. Ideal for B2B buyers seeking custom logos and patterns. Practical, easy-to-carry design for pet owners.\" \/>\n<meta property=\"og:url\" content=\"https:\/\/qqpets.com\/de\/produkt\/pvc-poop-bag-holder\/\" \/>\n<meta property=\"og:site_name\" content=\"QQPETS\" \/>\n<meta property=\"article:publisher\" content=\"https:\/\/www.facebook.com\/QQpetsdogcollars\" \/>\n<meta property=\"og:image\" content=\"https:\/\/qqpets.com\/wp-content\/uploads\/2024\/11\/1.webp\" \/>\n\t<meta property=\"og:image:width\" content=\"800\" \/>\n\t<meta property=\"og:image:height\" content=\"800\" \/>\n\t<meta property=\"og:image:type\" content=\"image\/webp\" \/>\n<meta name=\"twitter:card\" content=\"summary_large_image\" \/>\n<meta name=\"twitter:label1\" content=\"Gesch\u00e4tzte Lesezeit\" \/>\n\t<meta name=\"twitter:data1\" content=\"1\u00a0Minute\" \/>\n<script type=\"application\/ld+json\" class=\"yoast-schema-graph\">{\"@context\":\"https:\/\/schema.org\",\"@graph\":[{\"@type\":\"WebPage\",\"@id\":\"https:\/\/qqpets.com\/product\/pvc-poop-bag-holder\/\",\"url\":\"https:\/\/qqpets.com\/product\/pvc-poop-bag-holder\/\",\"name\":\"PVC Poop Bag Holder | QQPETS\",\"isPartOf\":{\"@id\":\"https:\/\/qqpets.com\/#website\"},\"primaryImageOfPage\":{\"@id\":\"https:\/\/qqpets.com\/product\/pvc-poop-bag-holder\/#primaryimage\"},\"image\":{\"@id\":\"https:\/\/qqpets.com\/product\/pvc-poop-bag-holder\/#primaryimage\"},\"thumbnailUrl\":\"https:\/\/qqpets.com\/wp-content\/uploads\/2024\/11\/1.webp\",\"datePublished\":\"2024-11-13T08:07:37+00:00\",\"description\":\"Durable and stylish PVC Poop Bag Holder for pet waste bags. Ideal for B2B buyers seeking custom logos and patterns. Practical, easy-to-carry design for pet owners.\",\"breadcrumb\":{\"@id\":\"https:\/\/qqpets.com\/product\/pvc-poop-bag-holder\/#breadcrumb\"},\"inLanguage\":\"de\",\"potentialAction\":[{\"@type\":\"ReadAction\",\"target\":[\"https:\/\/qqpets.com\/product\/pvc-poop-bag-holder\/\"]}]},{\"@type\":\"ImageObject\",\"inLanguage\":\"de\",\"@id\":\"https:\/\/qqpets.com\/product\/pvc-poop-bag-holder\/#primaryimage\",\"url\":\"https:\/\/qqpets.com\/wp-content\/uploads\/2024\/11\/1.webp\",\"contentUrl\":\"https:\/\/qqpets.com\/wp-content\/uploads\/2024\/11\/1.webp\",\"width\":800,\"height\":800},{\"@type\":\"BreadcrumbList\",\"@id\":\"https:\/\/qqpets.com\/product\/pvc-poop-bag-holder\/#breadcrumb\",\"itemListElement\":[{\"@type\":\"ListItem\",\"position\":1,\"name\":\"Home\",\"item\":\"https:\/\/qqpets.com\/\"},{\"@type\":\"ListItem\",\"position\":2,\"name\":\"Products\",\"item\":\"https:\/\/qqpets.com\/pet-products-manufacturer\/\"},{\"@type\":\"ListItem\",\"position\":3,\"name\":\"PVC Poop Bag Holder\"}]},{\"@type\":\"WebSite\",\"@id\":\"https:\/\/qqpets.com\/#website\",\"url\":\"https:\/\/qqpets.com\/\",\"name\":\"QQPETS\",\"description\":\"QQPETS is a pet products factory for dog harnesses, dog collars, dog leashes and dog accessories with professional customized service since 2005.\",\"publisher\":{\"@id\":\"https:\/\/qqpets.com\/#organization\"},\"potentialAction\":[{\"@type\":\"SearchAction\",\"target\":{\"@type\":\"EntryPoint\",\"urlTemplate\":\"https:\/\/qqpets.com\/?s={search_term_string}\"},\"query-input\":{\"@type\":\"PropertyValueSpecification\",\"valueRequired\":true,\"valueName\":\"search_term_string\"}}],\"inLanguage\":\"de\"},{\"@type\":\"Organization\",\"@id\":\"https:\/\/qqpets.com\/#organization\",\"name\":\"QQPETS\",\"url\":\"https:\/\/qqpets.com\/\",\"logo\":{\"@type\":\"ImageObject\",\"inLanguage\":\"de\",\"@id\":\"https:\/\/qqpets.com\/#\/schema\/logo\/image\/\",\"url\":\"https:\/\/qqpets.com\/wp-content\/uploads\/2023\/09\/cropped-cropped-qqpets-tiktok.jpg\",\"contentUrl\":\"https:\/\/qqpets.com\/wp-content\/uploads\/2023\/09\/cropped-cropped-qqpets-tiktok.jpg\",\"width\":511,\"height\":511,\"caption\":\"QQPETS\"},\"image\":{\"@id\":\"https:\/\/qqpets.com\/#\/schema\/logo\/image\/\"},\"sameAs\":[\"https:\/\/www.facebook.com\/QQpetsdogcollars\",\"https:\/\/www.instagram.com\/qqpetscollar\/\",\"https:\/\/www.pinterest.com\/qqpetsdogcollarsfactory\/\"]}]}<\/script>\n<!-- \/ Yoast SEO plugin. -->","yoast_head_json":{"title":"PVC-Kotbeutel-Halter | QQPETS","description":"Strapazierf\u00e4higer und eleganter PVC-Kotbeutelhalter f\u00fcr Haustierabfallbeutel. Ideal f\u00fcr B2B-Kunden, die individuelle Logos und Muster w\u00fcnschen. Praktisches, leicht zu tragendes Design f\u00fcr Haustierbesitzer.","robots":{"index":"index","follow":"follow","max-snippet":"max-snippet:-1","max-image-preview":"max-image-preview:large","max-video-preview":"max-video-preview:-1"},"canonical":"https:\/\/qqpets.com\/de\/produkt\/pvc-poop-bag-holder\/","og_locale":"de_DE","og_type":"article","og_title":"PVC Poop Bag Holder | QQPETS","og_description":"Durable and stylish PVC Poop Bag Holder for pet waste bags. Ideal for B2B buyers seeking custom logos and patterns. Practical, easy-to-carry design for pet owners.","og_url":"https:\/\/qqpets.com\/de\/produkt\/pvc-poop-bag-holder\/","og_site_name":"QQPETS","article_publisher":"https:\/\/www.facebook.com\/QQpetsdogcollars","og_image":[{"width":800,"height":800,"url":"https:\/\/qqpets.com\/wp-content\/uploads\/2024\/11\/1.webp","type":"image\/webp"}],"twitter_card":"summary_large_image","twitter_misc":{"Gesch\u00e4tzte Lesezeit":"1\u00a0Minute"},"schema":{"@context":"https:\/\/schema.org","@graph":[{"@type":"WebPage","@id":"https:\/\/qqpets.com\/product\/pvc-poop-bag-holder\/","url":"https:\/\/qqpets.com\/product\/pvc-poop-bag-holder\/","name":"PVC-Kotbeutel-Halter | QQPETS","isPartOf":{"@id":"https:\/\/qqpets.com\/#website"},"primaryImageOfPage":{"@id":"https:\/\/qqpets.com\/product\/pvc-poop-bag-holder\/#primaryimage"},"image":{"@id":"https:\/\/qqpets.com\/product\/pvc-poop-bag-holder\/#primaryimage"},"thumbnailUrl":"https:\/\/qqpets.com\/wp-content\/uploads\/2024\/11\/1.webp","datePublished":"2024-11-13T08:07:37+00:00","description":"Strapazierf\u00e4higer und eleganter PVC-Kotbeutelhalter f\u00fcr Haustierabfallbeutel. Ideal f\u00fcr B2B-Kunden, die individuelle Logos und Muster w\u00fcnschen. Praktisches, leicht zu tragendes Design f\u00fcr Haustierbesitzer.","breadcrumb":{"@id":"https:\/\/qqpets.com\/product\/pvc-poop-bag-holder\/#breadcrumb"},"inLanguage":"de","potentialAction":[{"@type":"ReadAction","target":["https:\/\/qqpets.com\/product\/pvc-poop-bag-holder\/"]}]},{"@type":"ImageObject","inLanguage":"de","@id":"https:\/\/qqpets.com\/product\/pvc-poop-bag-holder\/#primaryimage","url":"https:\/\/qqpets.com\/wp-content\/uploads\/2024\/11\/1.webp","contentUrl":"https:\/\/qqpets.com\/wp-content\/uploads\/2024\/11\/1.webp","width":800,"height":800},{"@type":"BreadcrumbList","@id":"https:\/\/qqpets.com\/product\/pvc-poop-bag-holder\/#breadcrumb","itemListElement":[{"@type":"ListItem","position":1,"name":"Home","item":"https:\/\/qqpets.com\/"},{"@type":"ListItem","position":2,"name":"Products","item":"https:\/\/qqpets.com\/pet-products-manufacturer\/"},{"@type":"ListItem","position":3,"name":"PVC Poop Bag Holder"}]},{"@type":"WebSite","@id":"https:\/\/qqpets.com\/#website","url":"https:\/\/qqpets.com\/","name":"QQPETS","description":"QQPETS ist eine Fabrik f\u00fcr Haustierprodukte f\u00fcr Hundegeschirre, Hundehalsb\u00e4nder, Hundeleinen und Hundezubeh\u00f6r mit professionellem, individuellem Service seit 2005.","publisher":{"@id":"https:\/\/qqpets.com\/#organization"},"potentialAction":[{"@type":"SearchAction","target":{"@type":"EntryPoint","urlTemplate":"https:\/\/qqpets.com\/?s={search_term_string}"},"query-input":{"@type":"PropertyValueSpecification","valueRequired":true,"valueName":"search_term_string"}}],"inLanguage":"de"},{"@type":"Organization","@id":"https:\/\/qqpets.com\/#organization","name":"QQPETS","url":"https:\/\/qqpets.com\/","logo":{"@type":"ImageObject","inLanguage":"de","@id":"https:\/\/qqpets.com\/#\/schema\/logo\/image\/","url":"https:\/\/qqpets.com\/wp-content\/uploads\/2023\/09\/cropped-cropped-qqpets-tiktok.jpg","contentUrl":"https:\/\/qqpets.com\/wp-content\/uploads\/2023\/09\/cropped-cropped-qqpets-tiktok.jpg","width":511,"height":511,"caption":"QQPETS"},"image":{"@id":"https:\/\/qqpets.com\/#\/schema\/logo\/image\/"},"sameAs":["https:\/\/www.facebook.com\/QQpetsdogcollars","https:\/\/www.instagram.com\/qqpetscollar\/","https:\/\/www.pinterest.com\/qqpetsdogcollarsfactory\/"]}]}},"_links":{"self":[{"href":"https:\/\/qqpets.com\/de\/wp-json\/wp\/v2\/product\/9261","targetHints":{"allow":["GET"]}}],"collection":[{"href":"https:\/\/qqpets.com\/de\/wp-json\/wp\/v2\/product"}],"about":[{"href":"https:\/\/qqpets.com\/de\/wp-json\/wp\/v2\/types\/product"}],"wp:featuredmedia":[{"embeddable":true,"href":"https:\/\/qqpets.com\/de\/wp-json\/wp\/v2\/media\/9262"}],"wp:attachment":[{"href":"https:\/\/qqpets.com\/de\/wp-json\/wp\/v2\/media?parent=9261"}],"wp:term":[{"taxonomy":"product_brand","embeddable":true,"href":"https:\/\/qqpets.com\/de\/wp-json\/wp\/v2\/product_brand?post=9261"},{"taxonomy":"product_cat","embeddable":true,"href":"https:\/\/qqpets.com\/de\/wp-json\/wp\/v2\/product_cat?post=9261"},{"taxonomy":"product_tag","embeddable":true,"href":"https:\/\/qqpets.com\/de\/wp-json\/wp\/v2\/product_tag?post=9261"}],"curies":[{"name":"wp","href":"https:\/\/api.w.org\/{rel}","templated":true}]}}