{"id":9285,"date":"2024-11-14T11:39:39","date_gmt":"2024-11-14T03:39:39","guid":{"rendered":"https:\/\/qqpets.com\/?post_type=product&#038;p=9285"},"modified":"2024-11-14T11:39:39","modified_gmt":"2024-11-14T03:39:39","slug":"scrunchie","status":"publish","type":"product","link":"https:\/\/qqpets.com\/de\/produkt\/scrunchie\/","title":{"rendered":"Kopftuch Scrunchie"},"content":{"rendered":"<p>Dieses individuell gestaltbare Haargummi ist so konzipiert, dass es eine Mischung aus Stil, Komfort und Markenidentit\u00e4t f\u00fcr jedes Haustierzubeh\u00f6r darstellt. Unsere Haargummis sind aus strapazierf\u00e4higem, hochwertigem Stoff gefertigt und gew\u00e4hrleisten eine lange Lebensdauer und leuchtende Farben, die auch h\u00e4ufigem Gebrauch und Waschen standhalten. Das Haargummi wurde so konzipiert, dass es sowohl f\u00fcr Haustiere als auch f\u00fcr ihre Besitzer schonend ist, und bietet eine vielseitige, stilvolle Option, die sich nahtlos in die Vision Ihrer Marke einf\u00fcgt.<\/p>\n<p>F\u00fcr B2B-Kunden ist das Haargummi vollst\u00e4ndig anpassbar - ob Sie nun Ihr Logo, bestimmte Farben oder einzigartige Muster hinzuf\u00fcgen m\u00f6chten, es ist einfach, dieses Produkt zu Ihrem eigenen zu machen. Es eignet sich perfekt f\u00fcr Tierpflegebetriebe, Online-Boutiquen oder Einzelhandelsgesch\u00e4fte, die ihr Zubeh\u00f6rsortiment um ein schickes, trendiges Produkt erweitern m\u00f6chten, das sowohl Haustiere als auch Tierhalter anspricht.<\/p>\n<p>Egal, ob zur Erg\u00e4nzung des Outfits von Haustierbesitzern, als Haarschmuck oder als Armband, dieses Haargummi bietet einen verspielten, modischen Touch, der garantiert die Aufmerksamkeit auf sich zieht. Werten Sie Ihre Marke mit diesem stilvollen Haargummi auf und bieten Sie Ihren Kunden eine einzigartige M\u00f6glichkeit, sowohl ihr pers\u00f6nliches Flair als auch ihre Loyalit\u00e4t zu Ihrer Marke zu demonstrieren.<\/p>","protected":false},"excerpt":{"rendered":"<p>Unser individuell gestaltbares Haargummi ist ein vielseitiges, stilvolles Accessoire, das sich ideal f\u00fcr die Kombination von Haustier und Besitzer eignet. Es ist aus hochwertigem, strapazierf\u00e4higem Stoff gefertigt und eignet sich perfekt f\u00fcr B2B-Kunden, die ihre Marke mit individuellen Logos oder Mustern pr\u00e4sentieren m\u00f6chten. Ob als charmantes Haustier-Accessoire oder als trendiger Modeartikel, dieses Haargummi verbindet Komfort und Stil. Es ist so konzipiert, dass es auch nach wiederholtem Tragen elastisch ist und die Farben leuchtend bleiben. Nehmen Sie dieses verspielte, trendige Produkt in die Kollektion Ihrer Marke auf und geben Sie Ihren Kunden eine einzigartige M\u00f6glichkeit, ihren pers\u00f6nlichen Stil auszudr\u00fccken und gleichzeitig Ihre Markenidentit\u00e4t zu unterstreichen.<\/p>","protected":false},"featured_media":9288,"template":"","meta":[],"product_brand":[],"product_cat":[58],"product_tag":[],"class_list":{"0":"post-9285","1":"product","2":"type-product","3":"status-publish","4":"has-post-thumbnail","6":"product_cat-accessories","8":"first","9":"instock","10":"shipping-taxable","11":"product-type-simple"},"yoast_head":"<!-- This site is optimized with the Yoast SEO plugin v26.6 - https:\/\/yoast.com\/wordpress\/plugins\/seo\/ -->\n<title>Headscarf Scrunchie | QQPETS<\/title>\n<meta name=\"description\" content=\"Customizable scrunchie for pets and owners! High-quality, durable fabric. Perfect for B2B clients wanting branded designs with custom logos or patterns.\" \/>\n<meta name=\"robots\" content=\"index, follow, max-snippet:-1, max-image-preview:large, max-video-preview:-1\" \/>\n<link rel=\"canonical\" href=\"https:\/\/qqpets.com\/de\/produkt\/scrunchie\/\" \/>\n<meta property=\"og:locale\" content=\"de_DE\" \/>\n<meta property=\"og:type\" content=\"article\" \/>\n<meta property=\"og:title\" content=\"Headscarf Scrunchie | QQPETS\" \/>\n<meta property=\"og:description\" content=\"Customizable scrunchie for pets and owners! High-quality, durable fabric. Perfect for B2B clients wanting branded designs with custom logos or patterns.\" \/>\n<meta property=\"og:url\" content=\"https:\/\/qqpets.com\/de\/produkt\/scrunchie\/\" \/>\n<meta property=\"og:site_name\" content=\"QQPETS\" \/>\n<meta property=\"article:publisher\" content=\"https:\/\/www.facebook.com\/QQpetsdogcollars\" \/>\n<meta property=\"og:image\" content=\"https:\/\/qqpets.com\/wp-content\/uploads\/2024\/11\/Headscarf-Scrunchie1.webp\" \/>\n\t<meta property=\"og:image:width\" content=\"800\" \/>\n\t<meta property=\"og:image:height\" content=\"800\" \/>\n\t<meta property=\"og:image:type\" content=\"image\/webp\" \/>\n<meta name=\"twitter:card\" content=\"summary_large_image\" \/>\n<meta name=\"twitter:label1\" content=\"Gesch\u00e4tzte Lesezeit\" \/>\n\t<meta name=\"twitter:data1\" content=\"1\u00a0Minute\" \/>\n<script type=\"application\/ld+json\" class=\"yoast-schema-graph\">{\"@context\":\"https:\/\/schema.org\",\"@graph\":[{\"@type\":\"WebPage\",\"@id\":\"https:\/\/qqpets.com\/product\/scrunchie\/\",\"url\":\"https:\/\/qqpets.com\/product\/scrunchie\/\",\"name\":\"Headscarf Scrunchie | QQPETS\",\"isPartOf\":{\"@id\":\"https:\/\/qqpets.com\/#website\"},\"primaryImageOfPage\":{\"@id\":\"https:\/\/qqpets.com\/product\/scrunchie\/#primaryimage\"},\"image\":{\"@id\":\"https:\/\/qqpets.com\/product\/scrunchie\/#primaryimage\"},\"thumbnailUrl\":\"https:\/\/qqpets.com\/wp-content\/uploads\/2024\/11\/Headscarf-Scrunchie1.webp\",\"datePublished\":\"2024-11-14T03:39:39+00:00\",\"description\":\"Customizable scrunchie for pets and owners! High-quality, durable fabric. Perfect for B2B clients wanting branded designs with custom logos or patterns.\",\"breadcrumb\":{\"@id\":\"https:\/\/qqpets.com\/product\/scrunchie\/#breadcrumb\"},\"inLanguage\":\"de\",\"potentialAction\":[{\"@type\":\"ReadAction\",\"target\":[\"https:\/\/qqpets.com\/product\/scrunchie\/\"]}]},{\"@type\":\"ImageObject\",\"inLanguage\":\"de\",\"@id\":\"https:\/\/qqpets.com\/product\/scrunchie\/#primaryimage\",\"url\":\"https:\/\/qqpets.com\/wp-content\/uploads\/2024\/11\/Headscarf-Scrunchie1.webp\",\"contentUrl\":\"https:\/\/qqpets.com\/wp-content\/uploads\/2024\/11\/Headscarf-Scrunchie1.webp\",\"width\":800,\"height\":800},{\"@type\":\"BreadcrumbList\",\"@id\":\"https:\/\/qqpets.com\/product\/scrunchie\/#breadcrumb\",\"itemListElement\":[{\"@type\":\"ListItem\",\"position\":1,\"name\":\"Home\",\"item\":\"https:\/\/qqpets.com\/\"},{\"@type\":\"ListItem\",\"position\":2,\"name\":\"Products\",\"item\":\"https:\/\/qqpets.com\/pet-products-manufacturer\/\"},{\"@type\":\"ListItem\",\"position\":3,\"name\":\"Headscarf Scrunchie\"}]},{\"@type\":\"WebSite\",\"@id\":\"https:\/\/qqpets.com\/#website\",\"url\":\"https:\/\/qqpets.com\/\",\"name\":\"QQPETS\",\"description\":\"QQPETS is a pet products factory for dog harnesses, dog collars, dog leashes and dog accessories with professional customized service since 2005.\",\"publisher\":{\"@id\":\"https:\/\/qqpets.com\/#organization\"},\"potentialAction\":[{\"@type\":\"SearchAction\",\"target\":{\"@type\":\"EntryPoint\",\"urlTemplate\":\"https:\/\/qqpets.com\/?s={search_term_string}\"},\"query-input\":{\"@type\":\"PropertyValueSpecification\",\"valueRequired\":true,\"valueName\":\"search_term_string\"}}],\"inLanguage\":\"de\"},{\"@type\":\"Organization\",\"@id\":\"https:\/\/qqpets.com\/#organization\",\"name\":\"QQPETS\",\"url\":\"https:\/\/qqpets.com\/\",\"logo\":{\"@type\":\"ImageObject\",\"inLanguage\":\"de\",\"@id\":\"https:\/\/qqpets.com\/#\/schema\/logo\/image\/\",\"url\":\"https:\/\/qqpets.com\/wp-content\/uploads\/2023\/09\/cropped-cropped-qqpets-tiktok.jpg\",\"contentUrl\":\"https:\/\/qqpets.com\/wp-content\/uploads\/2023\/09\/cropped-cropped-qqpets-tiktok.jpg\",\"width\":511,\"height\":511,\"caption\":\"QQPETS\"},\"image\":{\"@id\":\"https:\/\/qqpets.com\/#\/schema\/logo\/image\/\"},\"sameAs\":[\"https:\/\/www.facebook.com\/QQpetsdogcollars\",\"https:\/\/www.instagram.com\/qqpetscollar\/\",\"https:\/\/www.pinterest.com\/qqpetsdogcollarsfactory\/\"]}]}<\/script>\n<!-- \/ Yoast SEO plugin. -->","yoast_head_json":{"title":"Kopftuch Scrunchie | QQPETS","description":"Anpassbares Haargummi f\u00fcr Haustiere und Besitzer! Hochwertiger, strapazierf\u00e4higer Stoff. Perfekt f\u00fcr B2B-Kunden, die Markendesigns mit individuellen Logos oder Mustern w\u00fcnschen.","robots":{"index":"index","follow":"follow","max-snippet":"max-snippet:-1","max-image-preview":"max-image-preview:large","max-video-preview":"max-video-preview:-1"},"canonical":"https:\/\/qqpets.com\/de\/produkt\/scrunchie\/","og_locale":"de_DE","og_type":"article","og_title":"Headscarf Scrunchie | QQPETS","og_description":"Customizable scrunchie for pets and owners! High-quality, durable fabric. Perfect for B2B clients wanting branded designs with custom logos or patterns.","og_url":"https:\/\/qqpets.com\/de\/produkt\/scrunchie\/","og_site_name":"QQPETS","article_publisher":"https:\/\/www.facebook.com\/QQpetsdogcollars","og_image":[{"width":800,"height":800,"url":"https:\/\/qqpets.com\/wp-content\/uploads\/2024\/11\/Headscarf-Scrunchie1.webp","type":"image\/webp"}],"twitter_card":"summary_large_image","twitter_misc":{"Gesch\u00e4tzte Lesezeit":"1\u00a0Minute"},"schema":{"@context":"https:\/\/schema.org","@graph":[{"@type":"WebPage","@id":"https:\/\/qqpets.com\/product\/scrunchie\/","url":"https:\/\/qqpets.com\/product\/scrunchie\/","name":"Kopftuch Scrunchie | QQPETS","isPartOf":{"@id":"https:\/\/qqpets.com\/#website"},"primaryImageOfPage":{"@id":"https:\/\/qqpets.com\/product\/scrunchie\/#primaryimage"},"image":{"@id":"https:\/\/qqpets.com\/product\/scrunchie\/#primaryimage"},"thumbnailUrl":"https:\/\/qqpets.com\/wp-content\/uploads\/2024\/11\/Headscarf-Scrunchie1.webp","datePublished":"2024-11-14T03:39:39+00:00","description":"Anpassbares Haargummi f\u00fcr Haustiere und Besitzer! Hochwertiger, strapazierf\u00e4higer Stoff. Perfekt f\u00fcr B2B-Kunden, die Markendesigns mit individuellen Logos oder Mustern w\u00fcnschen.","breadcrumb":{"@id":"https:\/\/qqpets.com\/product\/scrunchie\/#breadcrumb"},"inLanguage":"de","potentialAction":[{"@type":"ReadAction","target":["https:\/\/qqpets.com\/product\/scrunchie\/"]}]},{"@type":"ImageObject","inLanguage":"de","@id":"https:\/\/qqpets.com\/product\/scrunchie\/#primaryimage","url":"https:\/\/qqpets.com\/wp-content\/uploads\/2024\/11\/Headscarf-Scrunchie1.webp","contentUrl":"https:\/\/qqpets.com\/wp-content\/uploads\/2024\/11\/Headscarf-Scrunchie1.webp","width":800,"height":800},{"@type":"BreadcrumbList","@id":"https:\/\/qqpets.com\/product\/scrunchie\/#breadcrumb","itemListElement":[{"@type":"ListItem","position":1,"name":"Home","item":"https:\/\/qqpets.com\/"},{"@type":"ListItem","position":2,"name":"Products","item":"https:\/\/qqpets.com\/pet-products-manufacturer\/"},{"@type":"ListItem","position":3,"name":"Headscarf Scrunchie"}]},{"@type":"WebSite","@id":"https:\/\/qqpets.com\/#website","url":"https:\/\/qqpets.com\/","name":"QQPETS","description":"QQPETS ist eine Fabrik f\u00fcr Haustierprodukte f\u00fcr Hundegeschirre, Hundehalsb\u00e4nder, Hundeleinen und Hundezubeh\u00f6r mit professionellem, individuellem Service seit 2005.","publisher":{"@id":"https:\/\/qqpets.com\/#organization"},"potentialAction":[{"@type":"SearchAction","target":{"@type":"EntryPoint","urlTemplate":"https:\/\/qqpets.com\/?s={search_term_string}"},"query-input":{"@type":"PropertyValueSpecification","valueRequired":true,"valueName":"search_term_string"}}],"inLanguage":"de"},{"@type":"Organization","@id":"https:\/\/qqpets.com\/#organization","name":"QQPETS","url":"https:\/\/qqpets.com\/","logo":{"@type":"ImageObject","inLanguage":"de","@id":"https:\/\/qqpets.com\/#\/schema\/logo\/image\/","url":"https:\/\/qqpets.com\/wp-content\/uploads\/2023\/09\/cropped-cropped-qqpets-tiktok.jpg","contentUrl":"https:\/\/qqpets.com\/wp-content\/uploads\/2023\/09\/cropped-cropped-qqpets-tiktok.jpg","width":511,"height":511,"caption":"QQPETS"},"image":{"@id":"https:\/\/qqpets.com\/#\/schema\/logo\/image\/"},"sameAs":["https:\/\/www.facebook.com\/QQpetsdogcollars","https:\/\/www.instagram.com\/qqpetscollar\/","https:\/\/www.pinterest.com\/qqpetsdogcollarsfactory\/"]}]}},"_links":{"self":[{"href":"https:\/\/qqpets.com\/de\/wp-json\/wp\/v2\/product\/9285","targetHints":{"allow":["GET"]}}],"collection":[{"href":"https:\/\/qqpets.com\/de\/wp-json\/wp\/v2\/product"}],"about":[{"href":"https:\/\/qqpets.com\/de\/wp-json\/wp\/v2\/types\/product"}],"wp:featuredmedia":[{"embeddable":true,"href":"https:\/\/qqpets.com\/de\/wp-json\/wp\/v2\/media\/9288"}],"wp:attachment":[{"href":"https:\/\/qqpets.com\/de\/wp-json\/wp\/v2\/media?parent=9285"}],"wp:term":[{"taxonomy":"product_brand","embeddable":true,"href":"https:\/\/qqpets.com\/de\/wp-json\/wp\/v2\/product_brand?post=9285"},{"taxonomy":"product_cat","embeddable":true,"href":"https:\/\/qqpets.com\/de\/wp-json\/wp\/v2\/product_cat?post=9285"},{"taxonomy":"product_tag","embeddable":true,"href":"https:\/\/qqpets.com\/de\/wp-json\/wp\/v2\/product_tag?post=9285"}],"curies":[{"name":"wp","href":"https:\/\/api.w.org\/{rel}","templated":true}]}}