{"id":9358,"date":"2024-11-14T16:00:43","date_gmt":"2024-11-14T08:00:43","guid":{"rendered":"https:\/\/qqpets.com\/?post_type=product&#038;p=9358"},"modified":"2024-11-14T16:01:00","modified_gmt":"2024-11-14T08:01:00","slug":"martingale-collar","status":"publish","type":"product","link":"https:\/\/qqpets.com\/de\/produkt\/martingale-collar\/","title":{"rendered":"Martingal-Halsband"},"content":{"rendered":"<div class=\"flex max-w-full flex-col flex-grow\">\n<div class=\"min-h-8 text-message flex w-full flex-col items-end gap-2 whitespace-normal break-words [.text-message+&amp;]:mt-5\" dir=\"auto\" data-message-author-role=\"assistant\" data-message-id=\"c6c34488-1300-4535-9861-d71a113f9ae5\" data-message-model-slug=\"gpt-4o\">\n<div class=\"flex w-full flex-col gap-1 empty:hidden first:pt-[3px]\">\n<div class=\"markdown prose w-full break-words dark:prose-invert light\">\n<p>Das Martingal-Halsband ist eine beliebte und effektive L\u00f6sung f\u00fcr das Training und das kontrollierte Gassigehen von Hunden und bietet B2B-Kunden ein vielseitiges und anpassbares Produkt. Das Martingal-Halsband ist so konzipiert, dass es sich sanft zusammenzieht, wenn der Hund zieht. Es verhindert auf humane Weise, dass der Hund aus seinem Halsband herausrutscht und ist damit eine sichere Alternative zu herk\u00f6mmlichen W\u00fcrgehalsb\u00e4ndern. Die leichte Spannung des Halsbandes sorgt f\u00fcr einen sicheren Halt, ideal f\u00fcr aktive, neugierige Hunde und f\u00fcr Trainingseinheiten, bei denen zus\u00e4tzliche Kontrolle erforderlich ist.<\/p>\n<p>Dieses Halsband ist aus hochwertigen, strapazierf\u00e4higen Materialien gefertigt, die den Anforderungen des t\u00e4glichen Gebrauchs standhalten und Langlebigkeit und Komfort gew\u00e4hrleisten. Dieses Martingalhalsband kann mit Logos, Mustern oder Farben individuell gestaltet werden und hilft Marken, ihre einzigartige Identit\u00e4t zu pr\u00e4sentieren.<\/p>\n<p>F\u00fcr Tierhalter, die hochwertige Trainingsl\u00f6sungen anbieten m\u00f6chten, bietet dieses Halsband ein ausgewogenes Verh\u00e4ltnis zwischen Funktionalit\u00e4t, Komfort und Markenwiedererkennung. Seine Anpassungsf\u00e4higkeit an verschiedene Hunderassen und die anpassbaren Optionen machen es zu einer vielseitigen Erg\u00e4nzung jeder Produktpalette und sprechen Kunden an, die in ihrer Haustierzubeh\u00f6rkollektion sowohl Sicherheit als auch Stil bieten m\u00f6chten.<\/p>\n<\/div>\n<\/div>\n<\/div>\n<\/div>\n<div class=\"mb-2 flex gap-3 empty:hidden -ml-2\">\n<div class=\"items-center justify-start rounded-xl p-1 flex\">\n<div class=\"flex items-center\">\n<p>&nbsp;<\/p>\n<div class=\"flex\"><\/div>\n<div class=\"flex items-center pb-0\"><span class=\"overflow-hidden text-clip whitespace-nowrap text-sm\">4o<\/span><\/div>\n<\/div>\n<\/div>\n<\/div>","protected":false},"excerpt":{"rendered":"<p>Unser Martingalhalsband bietet eine sanfte Kontrolle f\u00fcr das Training und verhindert das Ziehen, ohne zu w\u00fcrgen. Es ist aus langlebigen Materialien gefertigt und bietet Komfort und Sicherheit f\u00fcr den t\u00e4glichen Gebrauch. Dieses Halsband ist vollst\u00e4ndig anpassbar und erm\u00f6glicht es B2B-Kunden, einzigartige Logos oder Muster hinzuzuf\u00fcgen, was es zu einer idealen Wahl f\u00fcr Marken macht, die sich auf dem Haustiermarkt abheben m\u00f6chten. Dieses Martingal-Halsband ist eine perfekte Mischung aus Funktionalit\u00e4t und Stil und eignet sich f\u00fcr Unternehmen, die Wert auf Qualit\u00e4t, Kontrolle und Markensichtbarkeit legen.<\/p>\n<p>&nbsp;<\/p>","protected":false},"featured_media":9360,"template":"","meta":[],"product_brand":[],"product_cat":[26],"product_tag":[],"class_list":{"0":"post-9358","1":"product","2":"type-product","3":"status-publish","4":"has-post-thumbnail","6":"product_cat-dog-collar","8":"first","9":"instock","10":"shipping-taxable","11":"product-type-simple"},"yoast_head":"<!-- This site is optimized with the Yoast SEO plugin v26.6 - https:\/\/yoast.com\/wordpress\/plugins\/seo\/ -->\n<title>Martingale Collar | QQPETS<\/title>\n<meta name=\"description\" content=\"Durable and gentle Martingale collar, perfect for training and control. Customizable with logos or patterns, ideal for B2B brands wanting distinct pet accessories.\" \/>\n<meta name=\"robots\" content=\"index, follow, max-snippet:-1, max-image-preview:large, max-video-preview:-1\" \/>\n<link rel=\"canonical\" href=\"https:\/\/qqpets.com\/de\/produkt\/martingale-collar\/\" \/>\n<meta property=\"og:locale\" content=\"de_DE\" \/>\n<meta property=\"og:type\" content=\"article\" \/>\n<meta property=\"og:title\" content=\"Martingale Collar | QQPETS\" \/>\n<meta property=\"og:description\" content=\"Durable and gentle Martingale collar, perfect for training and control. Customizable with logos or patterns, ideal for B2B brands wanting distinct pet accessories.\" \/>\n<meta property=\"og:url\" content=\"https:\/\/qqpets.com\/de\/produkt\/martingale-collar\/\" \/>\n<meta property=\"og:site_name\" content=\"QQPETS\" \/>\n<meta property=\"article:publisher\" content=\"https:\/\/www.facebook.com\/QQpetsdogcollars\" \/>\n<meta property=\"article:modified_time\" content=\"2024-11-14T08:01:00+00:00\" \/>\n<meta property=\"og:image\" content=\"https:\/\/qqpets.com\/wp-content\/uploads\/2024\/11\/Martingale-Collar2.webp\" \/>\n\t<meta property=\"og:image:width\" content=\"800\" \/>\n\t<meta property=\"og:image:height\" content=\"800\" \/>\n\t<meta property=\"og:image:type\" content=\"image\/webp\" \/>\n<meta name=\"twitter:card\" content=\"summary_large_image\" \/>\n<meta name=\"twitter:label1\" content=\"Gesch\u00e4tzte Lesezeit\" \/>\n\t<meta name=\"twitter:data1\" content=\"1\u00a0Minute\" \/>\n<script type=\"application\/ld+json\" class=\"yoast-schema-graph\">{\"@context\":\"https:\/\/schema.org\",\"@graph\":[{\"@type\":\"WebPage\",\"@id\":\"https:\/\/qqpets.com\/product\/martingale-collar\/\",\"url\":\"https:\/\/qqpets.com\/product\/martingale-collar\/\",\"name\":\"Martingale Collar | QQPETS\",\"isPartOf\":{\"@id\":\"https:\/\/qqpets.com\/#website\"},\"primaryImageOfPage\":{\"@id\":\"https:\/\/qqpets.com\/product\/martingale-collar\/#primaryimage\"},\"image\":{\"@id\":\"https:\/\/qqpets.com\/product\/martingale-collar\/#primaryimage\"},\"thumbnailUrl\":\"https:\/\/qqpets.com\/wp-content\/uploads\/2024\/11\/Martingale-Collar2.webp\",\"datePublished\":\"2024-11-14T08:00:43+00:00\",\"dateModified\":\"2024-11-14T08:01:00+00:00\",\"description\":\"Durable and gentle Martingale collar, perfect for training and control. Customizable with logos or patterns, ideal for B2B brands wanting distinct pet accessories.\",\"breadcrumb\":{\"@id\":\"https:\/\/qqpets.com\/product\/martingale-collar\/#breadcrumb\"},\"inLanguage\":\"de\",\"potentialAction\":[{\"@type\":\"ReadAction\",\"target\":[\"https:\/\/qqpets.com\/product\/martingale-collar\/\"]}]},{\"@type\":\"ImageObject\",\"inLanguage\":\"de\",\"@id\":\"https:\/\/qqpets.com\/product\/martingale-collar\/#primaryimage\",\"url\":\"https:\/\/qqpets.com\/wp-content\/uploads\/2024\/11\/Martingale-Collar2.webp\",\"contentUrl\":\"https:\/\/qqpets.com\/wp-content\/uploads\/2024\/11\/Martingale-Collar2.webp\",\"width\":800,\"height\":800},{\"@type\":\"BreadcrumbList\",\"@id\":\"https:\/\/qqpets.com\/product\/martingale-collar\/#breadcrumb\",\"itemListElement\":[{\"@type\":\"ListItem\",\"position\":1,\"name\":\"Home\",\"item\":\"https:\/\/qqpets.com\/\"},{\"@type\":\"ListItem\",\"position\":2,\"name\":\"Products\",\"item\":\"https:\/\/qqpets.com\/pet-products-manufacturer\/\"},{\"@type\":\"ListItem\",\"position\":3,\"name\":\"Martingale Collar\"}]},{\"@type\":\"WebSite\",\"@id\":\"https:\/\/qqpets.com\/#website\",\"url\":\"https:\/\/qqpets.com\/\",\"name\":\"QQPETS\",\"description\":\"QQPETS is a pet products factory for dog harnesses, dog collars, dog leashes and dog accessories with professional customized service since 2005.\",\"publisher\":{\"@id\":\"https:\/\/qqpets.com\/#organization\"},\"potentialAction\":[{\"@type\":\"SearchAction\",\"target\":{\"@type\":\"EntryPoint\",\"urlTemplate\":\"https:\/\/qqpets.com\/?s={search_term_string}\"},\"query-input\":{\"@type\":\"PropertyValueSpecification\",\"valueRequired\":true,\"valueName\":\"search_term_string\"}}],\"inLanguage\":\"de\"},{\"@type\":\"Organization\",\"@id\":\"https:\/\/qqpets.com\/#organization\",\"name\":\"QQPETS\",\"url\":\"https:\/\/qqpets.com\/\",\"logo\":{\"@type\":\"ImageObject\",\"inLanguage\":\"de\",\"@id\":\"https:\/\/qqpets.com\/#\/schema\/logo\/image\/\",\"url\":\"https:\/\/qqpets.com\/wp-content\/uploads\/2023\/09\/cropped-cropped-qqpets-tiktok.jpg\",\"contentUrl\":\"https:\/\/qqpets.com\/wp-content\/uploads\/2023\/09\/cropped-cropped-qqpets-tiktok.jpg\",\"width\":511,\"height\":511,\"caption\":\"QQPETS\"},\"image\":{\"@id\":\"https:\/\/qqpets.com\/#\/schema\/logo\/image\/\"},\"sameAs\":[\"https:\/\/www.facebook.com\/QQpetsdogcollars\",\"https:\/\/www.instagram.com\/qqpetscollar\/\",\"https:\/\/www.pinterest.com\/qqpetsdogcollarsfactory\/\"]}]}<\/script>\n<!-- \/ Yoast SEO plugin. -->","yoast_head_json":{"title":"Martingal-Halsband | QQPETS","description":"Strapazierf\u00e4higes und sanftes Martingal-Halsband, perfekt f\u00fcr Training und Kontrolle. Mit Logos oder Mustern anpassbar, ideal f\u00fcr B2B-Marken, die unverwechselbares Haustierzubeh\u00f6r w\u00fcnschen.","robots":{"index":"index","follow":"follow","max-snippet":"max-snippet:-1","max-image-preview":"max-image-preview:large","max-video-preview":"max-video-preview:-1"},"canonical":"https:\/\/qqpets.com\/de\/produkt\/martingale-collar\/","og_locale":"de_DE","og_type":"article","og_title":"Martingale Collar | QQPETS","og_description":"Durable and gentle Martingale collar, perfect for training and control. Customizable with logos or patterns, ideal for B2B brands wanting distinct pet accessories.","og_url":"https:\/\/qqpets.com\/de\/produkt\/martingale-collar\/","og_site_name":"QQPETS","article_publisher":"https:\/\/www.facebook.com\/QQpetsdogcollars","article_modified_time":"2024-11-14T08:01:00+00:00","og_image":[{"width":800,"height":800,"url":"https:\/\/qqpets.com\/wp-content\/uploads\/2024\/11\/Martingale-Collar2.webp","type":"image\/webp"}],"twitter_card":"summary_large_image","twitter_misc":{"Gesch\u00e4tzte Lesezeit":"1\u00a0Minute"},"schema":{"@context":"https:\/\/schema.org","@graph":[{"@type":"WebPage","@id":"https:\/\/qqpets.com\/product\/martingale-collar\/","url":"https:\/\/qqpets.com\/product\/martingale-collar\/","name":"Martingal-Halsband | QQPETS","isPartOf":{"@id":"https:\/\/qqpets.com\/#website"},"primaryImageOfPage":{"@id":"https:\/\/qqpets.com\/product\/martingale-collar\/#primaryimage"},"image":{"@id":"https:\/\/qqpets.com\/product\/martingale-collar\/#primaryimage"},"thumbnailUrl":"https:\/\/qqpets.com\/wp-content\/uploads\/2024\/11\/Martingale-Collar2.webp","datePublished":"2024-11-14T08:00:43+00:00","dateModified":"2024-11-14T08:01:00+00:00","description":"Strapazierf\u00e4higes und sanftes Martingal-Halsband, perfekt f\u00fcr Training und Kontrolle. Mit Logos oder Mustern anpassbar, ideal f\u00fcr B2B-Marken, die unverwechselbares Haustierzubeh\u00f6r w\u00fcnschen.","breadcrumb":{"@id":"https:\/\/qqpets.com\/product\/martingale-collar\/#breadcrumb"},"inLanguage":"de","potentialAction":[{"@type":"ReadAction","target":["https:\/\/qqpets.com\/product\/martingale-collar\/"]}]},{"@type":"ImageObject","inLanguage":"de","@id":"https:\/\/qqpets.com\/product\/martingale-collar\/#primaryimage","url":"https:\/\/qqpets.com\/wp-content\/uploads\/2024\/11\/Martingale-Collar2.webp","contentUrl":"https:\/\/qqpets.com\/wp-content\/uploads\/2024\/11\/Martingale-Collar2.webp","width":800,"height":800},{"@type":"BreadcrumbList","@id":"https:\/\/qqpets.com\/product\/martingale-collar\/#breadcrumb","itemListElement":[{"@type":"ListItem","position":1,"name":"Home","item":"https:\/\/qqpets.com\/"},{"@type":"ListItem","position":2,"name":"Products","item":"https:\/\/qqpets.com\/pet-products-manufacturer\/"},{"@type":"ListItem","position":3,"name":"Martingale Collar"}]},{"@type":"WebSite","@id":"https:\/\/qqpets.com\/#website","url":"https:\/\/qqpets.com\/","name":"QQPETS","description":"QQPETS ist eine Fabrik f\u00fcr Haustierprodukte f\u00fcr Hundegeschirre, Hundehalsb\u00e4nder, Hundeleinen und Hundezubeh\u00f6r mit professionellem, individuellem Service seit 2005.","publisher":{"@id":"https:\/\/qqpets.com\/#organization"},"potentialAction":[{"@type":"SearchAction","target":{"@type":"EntryPoint","urlTemplate":"https:\/\/qqpets.com\/?s={search_term_string}"},"query-input":{"@type":"PropertyValueSpecification","valueRequired":true,"valueName":"search_term_string"}}],"inLanguage":"de"},{"@type":"Organization","@id":"https:\/\/qqpets.com\/#organization","name":"QQPETS","url":"https:\/\/qqpets.com\/","logo":{"@type":"ImageObject","inLanguage":"de","@id":"https:\/\/qqpets.com\/#\/schema\/logo\/image\/","url":"https:\/\/qqpets.com\/wp-content\/uploads\/2023\/09\/cropped-cropped-qqpets-tiktok.jpg","contentUrl":"https:\/\/qqpets.com\/wp-content\/uploads\/2023\/09\/cropped-cropped-qqpets-tiktok.jpg","width":511,"height":511,"caption":"QQPETS"},"image":{"@id":"https:\/\/qqpets.com\/#\/schema\/logo\/image\/"},"sameAs":["https:\/\/www.facebook.com\/QQpetsdogcollars","https:\/\/www.instagram.com\/qqpetscollar\/","https:\/\/www.pinterest.com\/qqpetsdogcollarsfactory\/"]}]}},"_links":{"self":[{"href":"https:\/\/qqpets.com\/de\/wp-json\/wp\/v2\/product\/9358","targetHints":{"allow":["GET"]}}],"collection":[{"href":"https:\/\/qqpets.com\/de\/wp-json\/wp\/v2\/product"}],"about":[{"href":"https:\/\/qqpets.com\/de\/wp-json\/wp\/v2\/types\/product"}],"wp:featuredmedia":[{"embeddable":true,"href":"https:\/\/qqpets.com\/de\/wp-json\/wp\/v2\/media\/9360"}],"wp:attachment":[{"href":"https:\/\/qqpets.com\/de\/wp-json\/wp\/v2\/media?parent=9358"}],"wp:term":[{"taxonomy":"product_brand","embeddable":true,"href":"https:\/\/qqpets.com\/de\/wp-json\/wp\/v2\/product_brand?post=9358"},{"taxonomy":"product_cat","embeddable":true,"href":"https:\/\/qqpets.com\/de\/wp-json\/wp\/v2\/product_cat?post=9358"},{"taxonomy":"product_tag","embeddable":true,"href":"https:\/\/qqpets.com\/de\/wp-json\/wp\/v2\/product_tag?post=9358"}],"curies":[{"name":"wp","href":"https:\/\/api.w.org\/{rel}","templated":true}]}}