{"id":9364,"date":"2024-11-14T16:06:33","date_gmt":"2024-11-14T08:06:33","guid":{"rendered":"https:\/\/qqpets.com\/?post_type=product&#038;p=9364"},"modified":"2024-11-14T16:06:33","modified_gmt":"2024-11-14T08:06:33","slug":"pin-buckle-collar","status":"publish","type":"product","link":"https:\/\/qqpets.com\/de\/produkt\/pin-buckle-collar\/","title":{"rendered":"Pin-Schnallen-Halsband"},"content":{"rendered":"<p>Das Pin Buckle Collar kombiniert klassisches Design mit \u00fcberlegener Funktionalit\u00e4t und ist damit eine ausgezeichnete Wahl f\u00fcr Marken, die eine vielseitige und anpassbare Halsbandoption anbieten m\u00f6chten. Dieses Halsband ist f\u00fcr den t\u00e4glichen Gebrauch konzipiert und verf\u00fcgt \u00fcber einen hochfesten Metallverschluss, der einen sicheren Sitz gew\u00e4hrleistet und sich leicht anpassen l\u00e4sst. Die robuste Konstruktion wird durch komfortable Materialien erg\u00e4nzt, die Irritationen vorbeugen, sodass es f\u00fcr Hunde aller Rassen und Gr\u00f6\u00dfen geeignet ist.<\/p>\n<p>Der Hauptvorteil dieses Halsbandes f\u00fcr B2B-Kunden ist seine vollst\u00e4ndige Anpassbarkeit. Marken k\u00f6nnen Logos, Muster und Farbschemata hinzuf\u00fcgen, um ihre einzigartige Identit\u00e4t widerzuspiegeln und sich auf dem Markt f\u00fcr Haustierzubeh\u00f6r abzuheben. Das Pin Buckle Collar ist ideal f\u00fcr Unternehmen, die Praktisches mit der Sichtbarkeit ihrer Marke verbinden und ein allt\u00e4gliches Haustierprodukt in ein Statement verwandeln wollen.<\/p>\n<p>Mit seiner Langlebigkeit, der einfachen Handhabung und dem hohen Ma\u00df an Anpassungsm\u00f6glichkeiten ist dieses Halsband eine wertvolle Erg\u00e4nzung f\u00fcr die Kollektion jeder Haustiermarke. Ob beim Spaziergang, beim Training oder in der Freizeit, das Pin Buckle Collar beeindruckt sowohl Hunde als auch ihre Besitzer mit seiner Qualit\u00e4t und seinem Stil.<\/p>","protected":false},"excerpt":{"rendered":"<p>Unser Pin Buckle Collar ist auf Langlebigkeit und Komfort ausgelegt und verf\u00fcgt \u00fcber eine robuste Metallschnalle, die sich leicht und zuverl\u00e4ssig schlie\u00dfen l\u00e4sst. Dieses Halsband ist vollst\u00e4ndig anpassbar, sodass B2B-Kunden einzigartige Logos oder Muster hinzuf\u00fcgen k\u00f6nnen, die mit ihrer Marke \u00fcbereinstimmen. Das aus hochwertigen Materialien gefertigte Halsband ist ideal f\u00fcr den t\u00e4glichen Gebrauch und bietet sowohl Funktionalit\u00e4t als auch Stil f\u00fcr Hunde aller Gr\u00f6\u00dfen. Dieses Halsband ist perfekt f\u00fcr Tiermarken, die ihren Kunden eine stilvolle, haltbare und markengesch\u00fctzte Halsbandoption anbieten m\u00f6chten, die einfach zu verwenden und langlebig ist.<\/p>\n<p>&nbsp;<\/p>","protected":false},"featured_media":9365,"template":"","meta":[],"product_brand":[],"product_cat":[26],"product_tag":[],"class_list":{"0":"post-9364","1":"product","2":"type-product","3":"status-publish","4":"has-post-thumbnail","6":"product_cat-dog-collar","8":"first","9":"instock","10":"shipping-taxable","11":"product-type-simple"},"yoast_head":"<!-- This site is optimized with the Yoast SEO plugin v26.6 - https:\/\/yoast.com\/wordpress\/plugins\/seo\/ -->\n<title>Pin Buckle Collar | QQPETS<\/title>\n<meta name=\"description\" content=\"Sturdy and stylish Pin Buckle Collar, designed for durability and comfort. Fully customizable with logos or patterns, ideal for brands seeking unique pet products.\" \/>\n<meta name=\"robots\" content=\"index, follow, max-snippet:-1, max-image-preview:large, max-video-preview:-1\" \/>\n<link rel=\"canonical\" href=\"https:\/\/qqpets.com\/de\/produkt\/pin-buckle-collar\/\" \/>\n<meta property=\"og:locale\" content=\"de_DE\" \/>\n<meta property=\"og:type\" content=\"article\" \/>\n<meta property=\"og:title\" content=\"Pin Buckle Collar | QQPETS\" \/>\n<meta property=\"og:description\" content=\"Sturdy and stylish Pin Buckle Collar, designed for durability and comfort. Fully customizable with logos or patterns, ideal for brands seeking unique pet products.\" \/>\n<meta property=\"og:url\" content=\"https:\/\/qqpets.com\/de\/produkt\/pin-buckle-collar\/\" \/>\n<meta property=\"og:site_name\" content=\"QQPETS\" \/>\n<meta property=\"article:publisher\" content=\"https:\/\/www.facebook.com\/QQpetsdogcollars\" \/>\n<meta property=\"og:image\" content=\"https:\/\/qqpets.com\/wp-content\/uploads\/2024\/11\/Pin-Buckle-Collar1.webp\" \/>\n\t<meta property=\"og:image:width\" content=\"800\" \/>\n\t<meta property=\"og:image:height\" content=\"800\" \/>\n\t<meta property=\"og:image:type\" content=\"image\/webp\" \/>\n<meta name=\"twitter:card\" content=\"summary_large_image\" \/>\n<meta name=\"twitter:label1\" content=\"Gesch\u00e4tzte Lesezeit\" \/>\n\t<meta name=\"twitter:data1\" content=\"1\u00a0Minute\" \/>\n<script type=\"application\/ld+json\" class=\"yoast-schema-graph\">{\"@context\":\"https:\/\/schema.org\",\"@graph\":[{\"@type\":\"WebPage\",\"@id\":\"https:\/\/qqpets.com\/product\/pin-buckle-collar\/\",\"url\":\"https:\/\/qqpets.com\/product\/pin-buckle-collar\/\",\"name\":\"Pin Buckle Collar | QQPETS\",\"isPartOf\":{\"@id\":\"https:\/\/qqpets.com\/#website\"},\"primaryImageOfPage\":{\"@id\":\"https:\/\/qqpets.com\/product\/pin-buckle-collar\/#primaryimage\"},\"image\":{\"@id\":\"https:\/\/qqpets.com\/product\/pin-buckle-collar\/#primaryimage\"},\"thumbnailUrl\":\"https:\/\/qqpets.com\/wp-content\/uploads\/2024\/11\/Pin-Buckle-Collar1.webp\",\"datePublished\":\"2024-11-14T08:06:33+00:00\",\"description\":\"Sturdy and stylish Pin Buckle Collar, designed for durability and comfort. Fully customizable with logos or patterns, ideal for brands seeking unique pet products.\",\"breadcrumb\":{\"@id\":\"https:\/\/qqpets.com\/product\/pin-buckle-collar\/#breadcrumb\"},\"inLanguage\":\"de\",\"potentialAction\":[{\"@type\":\"ReadAction\",\"target\":[\"https:\/\/qqpets.com\/product\/pin-buckle-collar\/\"]}]},{\"@type\":\"ImageObject\",\"inLanguage\":\"de\",\"@id\":\"https:\/\/qqpets.com\/product\/pin-buckle-collar\/#primaryimage\",\"url\":\"https:\/\/qqpets.com\/wp-content\/uploads\/2024\/11\/Pin-Buckle-Collar1.webp\",\"contentUrl\":\"https:\/\/qqpets.com\/wp-content\/uploads\/2024\/11\/Pin-Buckle-Collar1.webp\",\"width\":800,\"height\":800},{\"@type\":\"BreadcrumbList\",\"@id\":\"https:\/\/qqpets.com\/product\/pin-buckle-collar\/#breadcrumb\",\"itemListElement\":[{\"@type\":\"ListItem\",\"position\":1,\"name\":\"Home\",\"item\":\"https:\/\/qqpets.com\/\"},{\"@type\":\"ListItem\",\"position\":2,\"name\":\"Products\",\"item\":\"https:\/\/qqpets.com\/pet-products-manufacturer\/\"},{\"@type\":\"ListItem\",\"position\":3,\"name\":\"Pin Buckle Collar\"}]},{\"@type\":\"WebSite\",\"@id\":\"https:\/\/qqpets.com\/#website\",\"url\":\"https:\/\/qqpets.com\/\",\"name\":\"QQPETS\",\"description\":\"QQPETS is a pet products factory for dog harnesses, dog collars, dog leashes and dog accessories with professional customized service since 2005.\",\"publisher\":{\"@id\":\"https:\/\/qqpets.com\/#organization\"},\"potentialAction\":[{\"@type\":\"SearchAction\",\"target\":{\"@type\":\"EntryPoint\",\"urlTemplate\":\"https:\/\/qqpets.com\/?s={search_term_string}\"},\"query-input\":{\"@type\":\"PropertyValueSpecification\",\"valueRequired\":true,\"valueName\":\"search_term_string\"}}],\"inLanguage\":\"de\"},{\"@type\":\"Organization\",\"@id\":\"https:\/\/qqpets.com\/#organization\",\"name\":\"QQPETS\",\"url\":\"https:\/\/qqpets.com\/\",\"logo\":{\"@type\":\"ImageObject\",\"inLanguage\":\"de\",\"@id\":\"https:\/\/qqpets.com\/#\/schema\/logo\/image\/\",\"url\":\"https:\/\/qqpets.com\/wp-content\/uploads\/2023\/09\/cropped-cropped-qqpets-tiktok.jpg\",\"contentUrl\":\"https:\/\/qqpets.com\/wp-content\/uploads\/2023\/09\/cropped-cropped-qqpets-tiktok.jpg\",\"width\":511,\"height\":511,\"caption\":\"QQPETS\"},\"image\":{\"@id\":\"https:\/\/qqpets.com\/#\/schema\/logo\/image\/\"},\"sameAs\":[\"https:\/\/www.facebook.com\/QQpetsdogcollars\",\"https:\/\/www.instagram.com\/qqpetscollar\/\",\"https:\/\/www.pinterest.com\/qqpetsdogcollarsfactory\/\"]}]}<\/script>\n<!-- \/ Yoast SEO plugin. -->","yoast_head_json":{"title":"Dornschlie\u00dfe Halsband | QQPETS","description":"Robustes und stilvolles Pin Buckle Collar, entwickelt f\u00fcr Haltbarkeit und Komfort. Vollst\u00e4ndig anpassbar mit Logos oder Mustern, ideal f\u00fcr Marken, die einzigartige Haustierprodukte suchen.","robots":{"index":"index","follow":"follow","max-snippet":"max-snippet:-1","max-image-preview":"max-image-preview:large","max-video-preview":"max-video-preview:-1"},"canonical":"https:\/\/qqpets.com\/de\/produkt\/pin-buckle-collar\/","og_locale":"de_DE","og_type":"article","og_title":"Pin Buckle Collar | QQPETS","og_description":"Sturdy and stylish Pin Buckle Collar, designed for durability and comfort. Fully customizable with logos or patterns, ideal for brands seeking unique pet products.","og_url":"https:\/\/qqpets.com\/de\/produkt\/pin-buckle-collar\/","og_site_name":"QQPETS","article_publisher":"https:\/\/www.facebook.com\/QQpetsdogcollars","og_image":[{"width":800,"height":800,"url":"https:\/\/qqpets.com\/wp-content\/uploads\/2024\/11\/Pin-Buckle-Collar1.webp","type":"image\/webp"}],"twitter_card":"summary_large_image","twitter_misc":{"Gesch\u00e4tzte Lesezeit":"1\u00a0Minute"},"schema":{"@context":"https:\/\/schema.org","@graph":[{"@type":"WebPage","@id":"https:\/\/qqpets.com\/product\/pin-buckle-collar\/","url":"https:\/\/qqpets.com\/product\/pin-buckle-collar\/","name":"Dornschlie\u00dfe Halsband | QQPETS","isPartOf":{"@id":"https:\/\/qqpets.com\/#website"},"primaryImageOfPage":{"@id":"https:\/\/qqpets.com\/product\/pin-buckle-collar\/#primaryimage"},"image":{"@id":"https:\/\/qqpets.com\/product\/pin-buckle-collar\/#primaryimage"},"thumbnailUrl":"https:\/\/qqpets.com\/wp-content\/uploads\/2024\/11\/Pin-Buckle-Collar1.webp","datePublished":"2024-11-14T08:06:33+00:00","description":"Robustes und stilvolles Pin Buckle Collar, entwickelt f\u00fcr Haltbarkeit und Komfort. Vollst\u00e4ndig anpassbar mit Logos oder Mustern, ideal f\u00fcr Marken, die einzigartige Haustierprodukte suchen.","breadcrumb":{"@id":"https:\/\/qqpets.com\/product\/pin-buckle-collar\/#breadcrumb"},"inLanguage":"de","potentialAction":[{"@type":"ReadAction","target":["https:\/\/qqpets.com\/product\/pin-buckle-collar\/"]}]},{"@type":"ImageObject","inLanguage":"de","@id":"https:\/\/qqpets.com\/product\/pin-buckle-collar\/#primaryimage","url":"https:\/\/qqpets.com\/wp-content\/uploads\/2024\/11\/Pin-Buckle-Collar1.webp","contentUrl":"https:\/\/qqpets.com\/wp-content\/uploads\/2024\/11\/Pin-Buckle-Collar1.webp","width":800,"height":800},{"@type":"BreadcrumbList","@id":"https:\/\/qqpets.com\/product\/pin-buckle-collar\/#breadcrumb","itemListElement":[{"@type":"ListItem","position":1,"name":"Home","item":"https:\/\/qqpets.com\/"},{"@type":"ListItem","position":2,"name":"Products","item":"https:\/\/qqpets.com\/pet-products-manufacturer\/"},{"@type":"ListItem","position":3,"name":"Pin Buckle Collar"}]},{"@type":"WebSite","@id":"https:\/\/qqpets.com\/#website","url":"https:\/\/qqpets.com\/","name":"QQPETS","description":"QQPETS ist eine Fabrik f\u00fcr Haustierprodukte f\u00fcr Hundegeschirre, Hundehalsb\u00e4nder, Hundeleinen und Hundezubeh\u00f6r mit professionellem, individuellem Service seit 2005.","publisher":{"@id":"https:\/\/qqpets.com\/#organization"},"potentialAction":[{"@type":"SearchAction","target":{"@type":"EntryPoint","urlTemplate":"https:\/\/qqpets.com\/?s={search_term_string}"},"query-input":{"@type":"PropertyValueSpecification","valueRequired":true,"valueName":"search_term_string"}}],"inLanguage":"de"},{"@type":"Organization","@id":"https:\/\/qqpets.com\/#organization","name":"QQPETS","url":"https:\/\/qqpets.com\/","logo":{"@type":"ImageObject","inLanguage":"de","@id":"https:\/\/qqpets.com\/#\/schema\/logo\/image\/","url":"https:\/\/qqpets.com\/wp-content\/uploads\/2023\/09\/cropped-cropped-qqpets-tiktok.jpg","contentUrl":"https:\/\/qqpets.com\/wp-content\/uploads\/2023\/09\/cropped-cropped-qqpets-tiktok.jpg","width":511,"height":511,"caption":"QQPETS"},"image":{"@id":"https:\/\/qqpets.com\/#\/schema\/logo\/image\/"},"sameAs":["https:\/\/www.facebook.com\/QQpetsdogcollars","https:\/\/www.instagram.com\/qqpetscollar\/","https:\/\/www.pinterest.com\/qqpetsdogcollarsfactory\/"]}]}},"_links":{"self":[{"href":"https:\/\/qqpets.com\/de\/wp-json\/wp\/v2\/product\/9364","targetHints":{"allow":["GET"]}}],"collection":[{"href":"https:\/\/qqpets.com\/de\/wp-json\/wp\/v2\/product"}],"about":[{"href":"https:\/\/qqpets.com\/de\/wp-json\/wp\/v2\/types\/product"}],"wp:featuredmedia":[{"embeddable":true,"href":"https:\/\/qqpets.com\/de\/wp-json\/wp\/v2\/media\/9365"}],"wp:attachment":[{"href":"https:\/\/qqpets.com\/de\/wp-json\/wp\/v2\/media?parent=9364"}],"wp:term":[{"taxonomy":"product_brand","embeddable":true,"href":"https:\/\/qqpets.com\/de\/wp-json\/wp\/v2\/product_brand?post=9364"},{"taxonomy":"product_cat","embeddable":true,"href":"https:\/\/qqpets.com\/de\/wp-json\/wp\/v2\/product_cat?post=9364"},{"taxonomy":"product_tag","embeddable":true,"href":"https:\/\/qqpets.com\/de\/wp-json\/wp\/v2\/product_tag?post=9364"}],"curies":[{"name":"wp","href":"https:\/\/api.w.org\/{rel}","templated":true}]}}