{"id":9384,"date":"2024-11-14T16:47:51","date_gmt":"2024-11-14T08:47:51","guid":{"rendered":"https:\/\/qqpets.com\/?post_type=product&#038;p=9384"},"modified":"2024-12-12T17:34:57","modified_gmt":"2024-12-12T09:34:57","slug":"running-dog-leash","status":"publish","type":"product","link":"https:\/\/qqpets.com\/de\/produkt\/running-dog-leash\/","title":{"rendered":"Laufende Hundeleine"},"content":{"rendered":"<p>Unsere Running Dog Leash ist die ultimative Wahl f\u00fcr Tierhalter, die gerne mit ihren Hunden aktiv sind. Die Leine wird sicher um die Taille gewickelt, so dass Sie Ihre H\u00e4nde frei haben und Ihr Haustier beim Laufen, Joggen oder Wandern sicher kontrollieren k\u00f6nnen. Die Leine ist aus langlebigen, witterungsbest\u00e4ndigen Materialien gefertigt und h\u00e4lt den Anforderungen des regelm\u00e4\u00dfigen Gebrauchs stand, unabh\u00e4ngig vom Aktivit\u00e4tsniveau des Tieres.<\/p>\n<p>Das sto\u00dfd\u00e4mpfende Design dieser Leine reduziert die Belastung sowohl f\u00fcr den L\u00e4ufer als auch f\u00fcr den Hund und sorgt f\u00fcr ein komfortables, reibungsloses Erlebnis. Ein Bungee-Abschnitt erh\u00f6ht die Flexibilit\u00e4t zus\u00e4tzlich und absorbiert pl\u00f6tzliche Z\u00fcge, um sowohl den Hundef\u00fchrer als auch den Hund vor abrupten Bewegungen zu sch\u00fctzen. Reflektierende N\u00e4hte entlang der Leine sorgen f\u00fcr zus\u00e4tzliche Sicherheit und verbessern die Sichtbarkeit bei schlechten Lichtverh\u00e4ltnissen f\u00fcr Ausfl\u00fcge am fr\u00fchen Morgen oder am Abend.<\/p>\n<p>F\u00fcr B2B-Kunden bietet die Running Dog Leash ideale Anpassungsoptionen, die es Unternehmen erm\u00f6glichen, einzigartige Logos oder Muster hinzuzuf\u00fcgen, die ihre Markenidentit\u00e4t widerspiegeln. Sie ist in einer Vielzahl von Farben erh\u00e4ltlich und erm\u00f6glicht es Unternehmen, ein unverwechselbares Produkt f\u00fcr aktive Tierhalter anzubieten, die eine Mischung aus Stil, Funktion und Haltbarkeit suchen. Diese Leine ist die perfekte L\u00f6sung f\u00fcr Marken, die einen gesundheitsbewussten, aktiven Markt ansprechen wollen, denn sie bietet sowohl Komfort als auch Branding-Potenzial in einem einzigen, vielseitigen Produkt.<\/p>","protected":false},"excerpt":{"rendered":"<p>Die Running Dog Leash wurde f\u00fcr aktive Tierhalter entwickelt, die gerne freih\u00e4ndig mit ihren Hunden laufen und spazieren gehen. Diese Leine l\u00e4sst sich sicher um die Taille befestigen und erm\u00f6glicht eine sanfte, kontrollierte Bewegung, ohne dass man einen Griff halten muss. Die Leine besteht aus robusten, hochwertigen Materialien und ist so konzipiert, dass sie t\u00e4glichen Ausl\u00e4ufen standh\u00e4lt und aktive Haustiere m\u00fchelos bew\u00e4ltigt. Perfekt f\u00fcr B2B-Kunden: Die Leine kann mit Logos und Mustern versehen werden, die zum Stil Ihrer Marke passen und Ihren Kunden eine pers\u00f6nliche Note verleihen. Diese Freihandleine ist das ideale Accessoire f\u00fcr jede Marke, die auf fitnessorientierte Hundebesitzer abzielt.<\/p>","protected":false},"featured_media":9386,"template":"","meta":[],"product_brand":[],"product_cat":[27],"product_tag":[],"class_list":{"0":"post-9384","1":"product","2":"type-product","3":"status-publish","4":"has-post-thumbnail","6":"product_cat-dog-leash","8":"first","9":"instock","10":"shipping-taxable","11":"product-type-simple"},"yoast_head":"<!-- This site is optimized with the Yoast SEO plugin v26.6 - https:\/\/yoast.com\/wordpress\/plugins\/seo\/ -->\n<title>Running Dog Leash | QQPETS<\/title>\n<meta name=\"description\" content=\"Running Dog Leash designed for active lifestyles, ideal for hands-free running with pets. Durable, customizable for brand logos and patterns, perfect for B2B customers.\" \/>\n<meta name=\"robots\" content=\"index, follow, max-snippet:-1, max-image-preview:large, max-video-preview:-1\" \/>\n<link rel=\"canonical\" href=\"https:\/\/qqpets.com\/de\/produkt\/running-dog-leash\/\" \/>\n<meta property=\"og:locale\" content=\"de_DE\" \/>\n<meta property=\"og:type\" content=\"article\" \/>\n<meta property=\"og:title\" content=\"Running Dog Leash | QQPETS\" \/>\n<meta property=\"og:description\" content=\"Running Dog Leash designed for active lifestyles, ideal for hands-free running with pets. Durable, customizable for brand logos and patterns, perfect for B2B customers.\" \/>\n<meta property=\"og:url\" content=\"https:\/\/qqpets.com\/de\/produkt\/running-dog-leash\/\" \/>\n<meta property=\"og:site_name\" content=\"QQPETS\" \/>\n<meta property=\"article:publisher\" content=\"https:\/\/www.facebook.com\/QQpetsdogcollars\" \/>\n<meta property=\"article:modified_time\" content=\"2024-12-12T09:34:57+00:00\" \/>\n<meta property=\"og:image\" content=\"https:\/\/qqpets.com\/wp-content\/uploads\/2024\/11\/running-dog-leash2.webp\" \/>\n\t<meta property=\"og:image:width\" content=\"1024\" \/>\n\t<meta property=\"og:image:height\" content=\"1024\" \/>\n\t<meta property=\"og:image:type\" content=\"image\/webp\" \/>\n<meta name=\"twitter:card\" content=\"summary_large_image\" \/>\n<meta name=\"twitter:label1\" content=\"Gesch\u00e4tzte Lesezeit\" \/>\n\t<meta name=\"twitter:data1\" content=\"2\u00a0Minuten\" \/>\n<script type=\"application\/ld+json\" class=\"yoast-schema-graph\">{\"@context\":\"https:\/\/schema.org\",\"@graph\":[{\"@type\":\"WebPage\",\"@id\":\"https:\/\/qqpets.com\/product\/running-dog-leash\/\",\"url\":\"https:\/\/qqpets.com\/product\/running-dog-leash\/\",\"name\":\"Running Dog Leash | QQPETS\",\"isPartOf\":{\"@id\":\"https:\/\/qqpets.com\/#website\"},\"primaryImageOfPage\":{\"@id\":\"https:\/\/qqpets.com\/product\/running-dog-leash\/#primaryimage\"},\"image\":{\"@id\":\"https:\/\/qqpets.com\/product\/running-dog-leash\/#primaryimage\"},\"thumbnailUrl\":\"https:\/\/qqpets.com\/wp-content\/uploads\/2024\/11\/running-dog-leash2.webp\",\"datePublished\":\"2024-11-14T08:47:51+00:00\",\"dateModified\":\"2024-12-12T09:34:57+00:00\",\"description\":\"Running Dog Leash designed for active lifestyles, ideal for hands-free running with pets. Durable, customizable for brand logos and patterns, perfect for B2B customers.\",\"breadcrumb\":{\"@id\":\"https:\/\/qqpets.com\/product\/running-dog-leash\/#breadcrumb\"},\"inLanguage\":\"de\",\"potentialAction\":[{\"@type\":\"ReadAction\",\"target\":[\"https:\/\/qqpets.com\/product\/running-dog-leash\/\"]}]},{\"@type\":\"ImageObject\",\"inLanguage\":\"de\",\"@id\":\"https:\/\/qqpets.com\/product\/running-dog-leash\/#primaryimage\",\"url\":\"https:\/\/qqpets.com\/wp-content\/uploads\/2024\/11\/running-dog-leash2.webp\",\"contentUrl\":\"https:\/\/qqpets.com\/wp-content\/uploads\/2024\/11\/running-dog-leash2.webp\",\"width\":1024,\"height\":1024},{\"@type\":\"BreadcrumbList\",\"@id\":\"https:\/\/qqpets.com\/product\/running-dog-leash\/#breadcrumb\",\"itemListElement\":[{\"@type\":\"ListItem\",\"position\":1,\"name\":\"Home\",\"item\":\"https:\/\/qqpets.com\/\"},{\"@type\":\"ListItem\",\"position\":2,\"name\":\"Products\",\"item\":\"https:\/\/qqpets.com\/pet-products-manufacturer\/\"},{\"@type\":\"ListItem\",\"position\":3,\"name\":\"Running Dog Leash\"}]},{\"@type\":\"WebSite\",\"@id\":\"https:\/\/qqpets.com\/#website\",\"url\":\"https:\/\/qqpets.com\/\",\"name\":\"QQPETS\",\"description\":\"QQPETS is a pet products factory for dog harnesses, dog collars, dog leashes and dog accessories with professional customized service since 2005.\",\"publisher\":{\"@id\":\"https:\/\/qqpets.com\/#organization\"},\"potentialAction\":[{\"@type\":\"SearchAction\",\"target\":{\"@type\":\"EntryPoint\",\"urlTemplate\":\"https:\/\/qqpets.com\/?s={search_term_string}\"},\"query-input\":{\"@type\":\"PropertyValueSpecification\",\"valueRequired\":true,\"valueName\":\"search_term_string\"}}],\"inLanguage\":\"de\"},{\"@type\":\"Organization\",\"@id\":\"https:\/\/qqpets.com\/#organization\",\"name\":\"QQPETS\",\"url\":\"https:\/\/qqpets.com\/\",\"logo\":{\"@type\":\"ImageObject\",\"inLanguage\":\"de\",\"@id\":\"https:\/\/qqpets.com\/#\/schema\/logo\/image\/\",\"url\":\"https:\/\/qqpets.com\/wp-content\/uploads\/2023\/09\/cropped-cropped-qqpets-tiktok.jpg\",\"contentUrl\":\"https:\/\/qqpets.com\/wp-content\/uploads\/2023\/09\/cropped-cropped-qqpets-tiktok.jpg\",\"width\":511,\"height\":511,\"caption\":\"QQPETS\"},\"image\":{\"@id\":\"https:\/\/qqpets.com\/#\/schema\/logo\/image\/\"},\"sameAs\":[\"https:\/\/www.facebook.com\/QQpetsdogcollars\",\"https:\/\/www.instagram.com\/qqpetscollar\/\",\"https:\/\/www.pinterest.com\/qqpetsdogcollarsfactory\/\"]}]}<\/script>\n<!-- \/ Yoast SEO plugin. -->","yoast_head_json":{"title":"Laufende Hundeleine | QQPETS","description":"Laufende Hundeleine f\u00fcr einen aktiven Lebensstil, ideal f\u00fcr freih\u00e4ndiges Laufen mit Haustieren. Langlebig, anpassbar f\u00fcr Markenlogos und Muster, perfekt f\u00fcr B2B-Kunden.","robots":{"index":"index","follow":"follow","max-snippet":"max-snippet:-1","max-image-preview":"max-image-preview:large","max-video-preview":"max-video-preview:-1"},"canonical":"https:\/\/qqpets.com\/de\/produkt\/running-dog-leash\/","og_locale":"de_DE","og_type":"article","og_title":"Running Dog Leash | QQPETS","og_description":"Running Dog Leash designed for active lifestyles, ideal for hands-free running with pets. Durable, customizable for brand logos and patterns, perfect for B2B customers.","og_url":"https:\/\/qqpets.com\/de\/produkt\/running-dog-leash\/","og_site_name":"QQPETS","article_publisher":"https:\/\/www.facebook.com\/QQpetsdogcollars","article_modified_time":"2024-12-12T09:34:57+00:00","og_image":[{"width":1024,"height":1024,"url":"https:\/\/qqpets.com\/wp-content\/uploads\/2024\/11\/running-dog-leash2.webp","type":"image\/webp"}],"twitter_card":"summary_large_image","twitter_misc":{"Gesch\u00e4tzte Lesezeit":"2\u00a0Minuten"},"schema":{"@context":"https:\/\/schema.org","@graph":[{"@type":"WebPage","@id":"https:\/\/qqpets.com\/product\/running-dog-leash\/","url":"https:\/\/qqpets.com\/product\/running-dog-leash\/","name":"Laufende Hundeleine | QQPETS","isPartOf":{"@id":"https:\/\/qqpets.com\/#website"},"primaryImageOfPage":{"@id":"https:\/\/qqpets.com\/product\/running-dog-leash\/#primaryimage"},"image":{"@id":"https:\/\/qqpets.com\/product\/running-dog-leash\/#primaryimage"},"thumbnailUrl":"https:\/\/qqpets.com\/wp-content\/uploads\/2024\/11\/running-dog-leash2.webp","datePublished":"2024-11-14T08:47:51+00:00","dateModified":"2024-12-12T09:34:57+00:00","description":"Laufende Hundeleine f\u00fcr einen aktiven Lebensstil, ideal f\u00fcr freih\u00e4ndiges Laufen mit Haustieren. Langlebig, anpassbar f\u00fcr Markenlogos und Muster, perfekt f\u00fcr B2B-Kunden.","breadcrumb":{"@id":"https:\/\/qqpets.com\/product\/running-dog-leash\/#breadcrumb"},"inLanguage":"de","potentialAction":[{"@type":"ReadAction","target":["https:\/\/qqpets.com\/product\/running-dog-leash\/"]}]},{"@type":"ImageObject","inLanguage":"de","@id":"https:\/\/qqpets.com\/product\/running-dog-leash\/#primaryimage","url":"https:\/\/qqpets.com\/wp-content\/uploads\/2024\/11\/running-dog-leash2.webp","contentUrl":"https:\/\/qqpets.com\/wp-content\/uploads\/2024\/11\/running-dog-leash2.webp","width":1024,"height":1024},{"@type":"BreadcrumbList","@id":"https:\/\/qqpets.com\/product\/running-dog-leash\/#breadcrumb","itemListElement":[{"@type":"ListItem","position":1,"name":"Home","item":"https:\/\/qqpets.com\/"},{"@type":"ListItem","position":2,"name":"Products","item":"https:\/\/qqpets.com\/pet-products-manufacturer\/"},{"@type":"ListItem","position":3,"name":"Running Dog Leash"}]},{"@type":"WebSite","@id":"https:\/\/qqpets.com\/#website","url":"https:\/\/qqpets.com\/","name":"QQPETS","description":"QQPETS ist eine Fabrik f\u00fcr Haustierprodukte f\u00fcr Hundegeschirre, Hundehalsb\u00e4nder, Hundeleinen und Hundezubeh\u00f6r mit professionellem, individuellem Service seit 2005.","publisher":{"@id":"https:\/\/qqpets.com\/#organization"},"potentialAction":[{"@type":"SearchAction","target":{"@type":"EntryPoint","urlTemplate":"https:\/\/qqpets.com\/?s={search_term_string}"},"query-input":{"@type":"PropertyValueSpecification","valueRequired":true,"valueName":"search_term_string"}}],"inLanguage":"de"},{"@type":"Organization","@id":"https:\/\/qqpets.com\/#organization","name":"QQPETS","url":"https:\/\/qqpets.com\/","logo":{"@type":"ImageObject","inLanguage":"de","@id":"https:\/\/qqpets.com\/#\/schema\/logo\/image\/","url":"https:\/\/qqpets.com\/wp-content\/uploads\/2023\/09\/cropped-cropped-qqpets-tiktok.jpg","contentUrl":"https:\/\/qqpets.com\/wp-content\/uploads\/2023\/09\/cropped-cropped-qqpets-tiktok.jpg","width":511,"height":511,"caption":"QQPETS"},"image":{"@id":"https:\/\/qqpets.com\/#\/schema\/logo\/image\/"},"sameAs":["https:\/\/www.facebook.com\/QQpetsdogcollars","https:\/\/www.instagram.com\/qqpetscollar\/","https:\/\/www.pinterest.com\/qqpetsdogcollarsfactory\/"]}]}},"_links":{"self":[{"href":"https:\/\/qqpets.com\/de\/wp-json\/wp\/v2\/product\/9384","targetHints":{"allow":["GET"]}}],"collection":[{"href":"https:\/\/qqpets.com\/de\/wp-json\/wp\/v2\/product"}],"about":[{"href":"https:\/\/qqpets.com\/de\/wp-json\/wp\/v2\/types\/product"}],"wp:featuredmedia":[{"embeddable":true,"href":"https:\/\/qqpets.com\/de\/wp-json\/wp\/v2\/media\/9386"}],"wp:attachment":[{"href":"https:\/\/qqpets.com\/de\/wp-json\/wp\/v2\/media?parent=9384"}],"wp:term":[{"taxonomy":"product_brand","embeddable":true,"href":"https:\/\/qqpets.com\/de\/wp-json\/wp\/v2\/product_brand?post=9384"},{"taxonomy":"product_cat","embeddable":true,"href":"https:\/\/qqpets.com\/de\/wp-json\/wp\/v2\/product_cat?post=9384"},{"taxonomy":"product_tag","embeddable":true,"href":"https:\/\/qqpets.com\/de\/wp-json\/wp\/v2\/product_tag?post=9384"}],"curies":[{"name":"wp","href":"https:\/\/api.w.org\/{rel}","templated":true}]}}