{"id":4645,"date":"2024-08-30T16:59:56","date_gmt":"2024-08-30T08:59:56","guid":{"rendered":"https:\/\/qqpets.com\/?post_type=product&#038;p=4645"},"modified":"2024-08-31T17:08:46","modified_gmt":"2024-08-31T09:08:46","slug":"reflective-adjustable-step-in-dog-harness","status":"publish","type":"product","link":"https:\/\/qqpets.com\/es\/producto\/reflective-adjustable-step-in-dog-harness\/","title":{"rendered":"Arn\u00e9s reflectante ajustable para perros"},"content":{"rendered":"<p>Introduzca un nuevo nivel de seguridad y comodidad en los paseos diarios de su mascota con nuestro arn\u00e9s reflectante ajustable para perros. Este arn\u00e9s est\u00e1 dise\u00f1ado espec\u00edficamente para facilitar su uso y mejorar la visibilidad nocturna. Con vibrantes tiras reflectantes, asegura que su perro sigue siendo visible para los conductores y peatones en condiciones de poca luz, aumentando significativamente la seguridad durante la noche o temprano en la ma\u00f1ana paseos.<\/p>\n<p>El dise\u00f1o escalonado simplifica el proceso de colocaci\u00f3n del arn\u00e9s, por lo que es ideal para mascotas (y due\u00f1os) que prefieren una experiencia sin complicaciones. S\u00f3lo tiene que colocar el arn\u00e9s en posici\u00f3n horizontal, hacer que su perro se lo ponga, abroch\u00e1rselo y listo. Las correas son totalmente ajustables, lo que proporciona un ajuste ce\u00f1ido y c\u00f3modo que se adapta a perros de diferentes formas y tama\u00f1os.<\/p>\n<p>Fabricado con materiales duraderos de alta calidad, este arn\u00e9s est\u00e1 hecho para durar y soportar los rigores del uso diario, al tiempo que mantiene c\u00f3modo a su perro. El dise\u00f1o ligero garantiza que tu mascota pueda moverse libremente, sin sentirse agobiada.<\/p>\n<p>Nuestro arn\u00e9s reflectante ajustable Step In para perros no s\u00f3lo es pr\u00e1ctico, sino tambi\u00e9n elegante. Est\u00e1 disponible en varios colores para adaptarse al estilo de su mascota, por lo que es una opci\u00f3n de moda para sus paseos diarios. Tanto si se desplaza por las concurridas calles de la ciudad como si disfruta de un tranquilo paseo por el parque, este arn\u00e9s garantiza que su mascota est\u00e9 segura y c\u00f3moda.<\/p>\n<p>Equipe a su mascota con nuestro arn\u00e9s para mejorar la visibilidad y garantizar la comodidad en cada paseo, d\u00e1ndole a usted tranquilidad y a su mascota la libertad de explorar con seguridad.<\/p>\n<div class=\"flex max-w-full flex-col flex-grow\">\n<div class=\"min-h-[20px] text-message flex w-full flex-col items-end gap-2 break-words [.text-message+&amp;]:mt-5 overflow-x-auto whitespace-normal\" dir=\"auto\" data-message-author-role=\"assistant\" data-message-id=\"e46110a1-b220-42e7-a97e-37831f310d5a\">\n<div class=\"flex w-full flex-col gap-1 empty:hidden first:pt-[3px]\">\n<div class=\"markdown prose w-full break-words dark:prose-invert light\">\n<h6><strong>\u00bfSon buenos los arneses con pelda\u00f1o para los perros?<\/strong><\/h6>\n<p>S\u00ed, los arneses escalonados son buenos para los perros, ya que son f\u00e1ciles de poner, distribuyen la presi\u00f3n uniformemente por el pecho y los hombros y son adecuados para los perros a los que no les gusta que les tiren de los arneses por encima de la cabeza.<\/p>\n<h6><strong>\u00bfSon mejores los arneses acolchados para los perros?<\/strong><\/h6>\n<p>S\u00ed, los arneses acolchados son mejores para los perros, ya que ofrecen mayor comodidad, reducen el riesgo de rozaduras y son especialmente beneficiosos para los perros de piel sensible o pelaje fino.<\/p>\n<h6><strong>\u00bfC\u00f3mo se utiliza un arn\u00e9s escalonado para perros?<\/strong><\/h6>\n<p>Coloque el arn\u00e9s en el suelo, haga que su perro se coloque en las aberturas de las patas, tire del arn\u00e9s hacia arriba alrededor del cuerpo del perro y, a continuaci\u00f3n, abroche la hebilla en la espalda del perro.<\/p>\n<h6><strong>\u00bfQu\u00e9 es un arn\u00e9s ajustable?<\/strong><\/h6>\n<p>Un arn\u00e9s ajustable est\u00e1 dise\u00f1ado con m\u00faltiples puntos en los que puede ajustar las correas para garantizar un ajuste ce\u00f1ido y c\u00f3modo para su perro, adapt\u00e1ndose a los cambios de tama\u00f1o o peso.<\/p>\n<h6><strong>\u00bfPor qu\u00e9 utilizar un arn\u00e9s de paso?<\/strong><\/h6>\n<p>Utilice un arn\u00e9s escalonado para facilitar su uso, especialmente para perros tranquilos o que se sienten inc\u00f3modos con los arneses que van por encima de la cabeza. Tambi\u00e9n son excelentes para proporcionar una sujeci\u00f3n c\u00f3moda sin ejercer presi\u00f3n sobre el cuello.<\/p>\n<\/div>\n<\/div>\n<\/div>\n<\/div>\n<div class=\"mt-1 flex gap-3 empty:hidden -ml-2\">\n<div class=\"items-center justify-start rounded-xl p-1 flex\">\n<div class=\"flex items-center\">\n<p>&nbsp;<\/p>\n<div class=\"flex\"><\/div>\n<div class=\"flex items-center pb-0\">\n<div class=\"[&amp;_svg]:h-full [&amp;_svg]:w-full icon-md h-4 w-4\"><\/div>\n<p><span class=\"overflow-hidden text-clip whitespace-nowrap text-sm\">4<\/span><\/p>\n<\/div>\n<\/div>\n<\/div>\n<\/div>","protected":false},"excerpt":{"rendered":"<p>P\u00f3ngase a salvo con nuestro arn\u00e9s reflectante ajustable para perros. Dise\u00f1ado para facilitar el ajuste y mejorar la visibilidad, este arn\u00e9s cuenta con tiras reflectantes brillantes que hacen que su perro sea visible por la noche. El dise\u00f1o ajustable asegura un ajuste perfecto para cualquier raza, promoviendo la comodidad y la seguridad. Ligero y resistente, es ideal para los paseos diarios y garantiza que su mascota sea vista en condiciones de poca luz.<\/p>","protected":false},"featured_media":7691,"template":"","meta":[],"product_brand":[],"product_cat":[23],"product_tag":[],"class_list":{"0":"post-4645","1":"product","2":"type-product","3":"status-publish","4":"has-post-thumbnail","6":"product_cat-dog-harness","7":"pa_brand-qqpets","9":"first","10":"instock","11":"shipping-taxable","12":"product-type-simple"},"yoast_head":"<!-- This site is optimized with the Yoast SEO plugin v26.6 - https:\/\/yoast.com\/wordpress\/plugins\/seo\/ -->\n<title>Reflective Adjustable Step in Dog Harness | QQPETS<\/title>\n<meta name=\"description\" content=\"Keep your dog safe with our Reflective Adjustable Step In Harness. Perfect for night walks. Secure and stylish!\" \/>\n<meta name=\"robots\" content=\"index, follow, max-snippet:-1, max-image-preview:large, max-video-preview:-1\" \/>\n<link rel=\"canonical\" href=\"https:\/\/qqpets.com\/es\/producto\/reflective-adjustable-step-in-dog-harness\/\" \/>\n<meta property=\"og:locale\" content=\"es_ES\" \/>\n<meta property=\"og:type\" content=\"article\" \/>\n<meta property=\"og:title\" content=\"Reflective Adjustable Step in Dog Harness | QQPETS\" \/>\n<meta property=\"og:description\" content=\"Keep your dog safe with our Reflective Adjustable Step In Harness. Perfect for night walks. Secure and stylish!\" \/>\n<meta property=\"og:url\" content=\"https:\/\/qqpets.com\/es\/producto\/reflective-adjustable-step-in-dog-harness\/\" \/>\n<meta property=\"og:site_name\" content=\"QQPETS\" \/>\n<meta property=\"article:publisher\" content=\"https:\/\/www.facebook.com\/QQpetsdogcollars\" \/>\n<meta property=\"article:modified_time\" content=\"2024-08-31T09:08:46+00:00\" \/>\n<meta property=\"og:image\" content=\"https:\/\/qqpets.com\/wp-content\/uploads\/2023\/09\/qqpets-tiktok.jpg\" \/>\n\t<meta property=\"og:image:width\" content=\"800\" \/>\n\t<meta property=\"og:image:height\" content=\"800\" \/>\n\t<meta property=\"og:image:type\" content=\"image\/jpeg\" \/>\n<meta name=\"twitter:card\" content=\"summary_large_image\" \/>\n<meta name=\"twitter:label1\" content=\"Tiempo de lectura\" \/>\n\t<meta name=\"twitter:data1\" content=\"3 minutos\" \/>\n<script type=\"application\/ld+json\" class=\"yoast-schema-graph\">{\"@context\":\"https:\/\/schema.org\",\"@graph\":[{\"@type\":\"WebPage\",\"@id\":\"https:\/\/qqpets.com\/product\/reflective-adjustable-step-in-dog-harness\/\",\"url\":\"https:\/\/qqpets.com\/product\/reflective-adjustable-step-in-dog-harness\/\",\"name\":\"Reflective Adjustable Step in Dog Harness | QQPETS\",\"isPartOf\":{\"@id\":\"https:\/\/qqpets.com\/#website\"},\"primaryImageOfPage\":{\"@id\":\"https:\/\/qqpets.com\/product\/reflective-adjustable-step-in-dog-harness\/#primaryimage\"},\"image\":{\"@id\":\"https:\/\/qqpets.com\/product\/reflective-adjustable-step-in-dog-harness\/#primaryimage\"},\"thumbnailUrl\":\"https:\/\/qqpets.com\/wp-content\/uploads\/2024\/08\/3.avif\",\"datePublished\":\"2024-08-30T08:59:56+00:00\",\"dateModified\":\"2024-08-31T09:08:46+00:00\",\"description\":\"Keep your dog safe with our Reflective Adjustable Step In Harness. Perfect for night walks. Secure and stylish!\",\"breadcrumb\":{\"@id\":\"https:\/\/qqpets.com\/product\/reflective-adjustable-step-in-dog-harness\/#breadcrumb\"},\"inLanguage\":\"es\",\"potentialAction\":[{\"@type\":\"ReadAction\",\"target\":[\"https:\/\/qqpets.com\/product\/reflective-adjustable-step-in-dog-harness\/\"]}]},{\"@type\":\"ImageObject\",\"inLanguage\":\"es\",\"@id\":\"https:\/\/qqpets.com\/product\/reflective-adjustable-step-in-dog-harness\/#primaryimage\",\"url\":\"https:\/\/qqpets.com\/wp-content\/uploads\/2024\/08\/3.avif\",\"contentUrl\":\"https:\/\/qqpets.com\/wp-content\/uploads\/2024\/08\/3.avif\",\"width\":800,\"height\":800},{\"@type\":\"BreadcrumbList\",\"@id\":\"https:\/\/qqpets.com\/product\/reflective-adjustable-step-in-dog-harness\/#breadcrumb\",\"itemListElement\":[{\"@type\":\"ListItem\",\"position\":1,\"name\":\"Home\",\"item\":\"https:\/\/qqpets.com\/\"},{\"@type\":\"ListItem\",\"position\":2,\"name\":\"Products\",\"item\":\"https:\/\/qqpets.com\/pet-products-manufacturer\/\"},{\"@type\":\"ListItem\",\"position\":3,\"name\":\"Reflective Adjustable Step in Dog Harness\"}]},{\"@type\":\"WebSite\",\"@id\":\"https:\/\/qqpets.com\/#website\",\"url\":\"https:\/\/qqpets.com\/\",\"name\":\"QQPETS\",\"description\":\"QQPETS is a pet products factory for dog harnesses, dog collars, dog leashes and dog accessories with professional customized service since 2005.\",\"publisher\":{\"@id\":\"https:\/\/qqpets.com\/#organization\"},\"potentialAction\":[{\"@type\":\"SearchAction\",\"target\":{\"@type\":\"EntryPoint\",\"urlTemplate\":\"https:\/\/qqpets.com\/?s={search_term_string}\"},\"query-input\":{\"@type\":\"PropertyValueSpecification\",\"valueRequired\":true,\"valueName\":\"search_term_string\"}}],\"inLanguage\":\"es\"},{\"@type\":\"Organization\",\"@id\":\"https:\/\/qqpets.com\/#organization\",\"name\":\"QQPETS\",\"url\":\"https:\/\/qqpets.com\/\",\"logo\":{\"@type\":\"ImageObject\",\"inLanguage\":\"es\",\"@id\":\"https:\/\/qqpets.com\/#\/schema\/logo\/image\/\",\"url\":\"https:\/\/qqpets.com\/wp-content\/uploads\/2023\/09\/cropped-cropped-qqpets-tiktok.jpg\",\"contentUrl\":\"https:\/\/qqpets.com\/wp-content\/uploads\/2023\/09\/cropped-cropped-qqpets-tiktok.jpg\",\"width\":511,\"height\":511,\"caption\":\"QQPETS\"},\"image\":{\"@id\":\"https:\/\/qqpets.com\/#\/schema\/logo\/image\/\"},\"sameAs\":[\"https:\/\/www.facebook.com\/QQpetsdogcollars\",\"https:\/\/www.instagram.com\/qqpetscollar\/\",\"https:\/\/www.pinterest.com\/qqpetsdogcollarsfactory\/\"]}]}<\/script>\n<!-- \/ Yoast SEO plugin. -->","yoast_head_json":{"title":"Arn\u00e9s reflectante ajustable para perros | QQPETS","description":"Mantenga seguro a su perro con nuestro arn\u00e9s reflectante ajustable. Perfecto para paseos nocturnos. Seguro y con estilo.","robots":{"index":"index","follow":"follow","max-snippet":"max-snippet:-1","max-image-preview":"max-image-preview:large","max-video-preview":"max-video-preview:-1"},"canonical":"https:\/\/qqpets.com\/es\/producto\/reflective-adjustable-step-in-dog-harness\/","og_locale":"es_ES","og_type":"article","og_title":"Reflective Adjustable Step in Dog Harness | QQPETS","og_description":"Keep your dog safe with our Reflective Adjustable Step In Harness. Perfect for night walks. Secure and stylish!","og_url":"https:\/\/qqpets.com\/es\/producto\/reflective-adjustable-step-in-dog-harness\/","og_site_name":"QQPETS","article_publisher":"https:\/\/www.facebook.com\/QQpetsdogcollars","article_modified_time":"2024-08-31T09:08:46+00:00","og_image":[{"width":800,"height":800,"url":"https:\/\/qqpets.com\/wp-content\/uploads\/2023\/09\/qqpets-tiktok.jpg","type":"image\/jpeg"}],"twitter_card":"summary_large_image","twitter_misc":{"Tiempo de lectura":"3 minutos"},"schema":{"@context":"https:\/\/schema.org","@graph":[{"@type":"WebPage","@id":"https:\/\/qqpets.com\/product\/reflective-adjustable-step-in-dog-harness\/","url":"https:\/\/qqpets.com\/product\/reflective-adjustable-step-in-dog-harness\/","name":"Arn\u00e9s reflectante ajustable para perros | QQPETS","isPartOf":{"@id":"https:\/\/qqpets.com\/#website"},"primaryImageOfPage":{"@id":"https:\/\/qqpets.com\/product\/reflective-adjustable-step-in-dog-harness\/#primaryimage"},"image":{"@id":"https:\/\/qqpets.com\/product\/reflective-adjustable-step-in-dog-harness\/#primaryimage"},"thumbnailUrl":"https:\/\/qqpets.com\/wp-content\/uploads\/2024\/08\/3.avif","datePublished":"2024-08-30T08:59:56+00:00","dateModified":"2024-08-31T09:08:46+00:00","description":"Mantenga seguro a su perro con nuestro arn\u00e9s reflectante ajustable. Perfecto para paseos nocturnos. Seguro y con estilo.","breadcrumb":{"@id":"https:\/\/qqpets.com\/product\/reflective-adjustable-step-in-dog-harness\/#breadcrumb"},"inLanguage":"es","potentialAction":[{"@type":"ReadAction","target":["https:\/\/qqpets.com\/product\/reflective-adjustable-step-in-dog-harness\/"]}]},{"@type":"ImageObject","inLanguage":"es","@id":"https:\/\/qqpets.com\/product\/reflective-adjustable-step-in-dog-harness\/#primaryimage","url":"https:\/\/qqpets.com\/wp-content\/uploads\/2024\/08\/3.avif","contentUrl":"https:\/\/qqpets.com\/wp-content\/uploads\/2024\/08\/3.avif","width":800,"height":800},{"@type":"BreadcrumbList","@id":"https:\/\/qqpets.com\/product\/reflective-adjustable-step-in-dog-harness\/#breadcrumb","itemListElement":[{"@type":"ListItem","position":1,"name":"Home","item":"https:\/\/qqpets.com\/"},{"@type":"ListItem","position":2,"name":"Products","item":"https:\/\/qqpets.com\/pet-products-manufacturer\/"},{"@type":"ListItem","position":3,"name":"Reflective Adjustable Step in Dog Harness"}]},{"@type":"WebSite","@id":"https:\/\/qqpets.com\/#website","url":"https:\/\/qqpets.com\/","name":"QQPETS","description":"QQPETS es una f\u00e1brica de productos para mascotas como arneses para perros, collares para perros, correas para perros y accesorios para perros con un servicio profesional personalizado desde 2005.","publisher":{"@id":"https:\/\/qqpets.com\/#organization"},"potentialAction":[{"@type":"SearchAction","target":{"@type":"EntryPoint","urlTemplate":"https:\/\/qqpets.com\/?s={search_term_string}"},"query-input":{"@type":"PropertyValueSpecification","valueRequired":true,"valueName":"search_term_string"}}],"inLanguage":"es"},{"@type":"Organization","@id":"https:\/\/qqpets.com\/#organization","name":"QQPETS","url":"https:\/\/qqpets.com\/","logo":{"@type":"ImageObject","inLanguage":"es","@id":"https:\/\/qqpets.com\/#\/schema\/logo\/image\/","url":"https:\/\/qqpets.com\/wp-content\/uploads\/2023\/09\/cropped-cropped-qqpets-tiktok.jpg","contentUrl":"https:\/\/qqpets.com\/wp-content\/uploads\/2023\/09\/cropped-cropped-qqpets-tiktok.jpg","width":511,"height":511,"caption":"QQPETS"},"image":{"@id":"https:\/\/qqpets.com\/#\/schema\/logo\/image\/"},"sameAs":["https:\/\/www.facebook.com\/QQpetsdogcollars","https:\/\/www.instagram.com\/qqpetscollar\/","https:\/\/www.pinterest.com\/qqpetsdogcollarsfactory\/"]}]}},"_links":{"self":[{"href":"https:\/\/qqpets.com\/es\/wp-json\/wp\/v2\/product\/4645","targetHints":{"allow":["GET"]}}],"collection":[{"href":"https:\/\/qqpets.com\/es\/wp-json\/wp\/v2\/product"}],"about":[{"href":"https:\/\/qqpets.com\/es\/wp-json\/wp\/v2\/types\/product"}],"wp:featuredmedia":[{"embeddable":true,"href":"https:\/\/qqpets.com\/es\/wp-json\/wp\/v2\/media\/7691"}],"wp:attachment":[{"href":"https:\/\/qqpets.com\/es\/wp-json\/wp\/v2\/media?parent=4645"}],"wp:term":[{"taxonomy":"product_brand","embeddable":true,"href":"https:\/\/qqpets.com\/es\/wp-json\/wp\/v2\/product_brand?post=4645"},{"taxonomy":"product_cat","embeddable":true,"href":"https:\/\/qqpets.com\/es\/wp-json\/wp\/v2\/product_cat?post=4645"},{"taxonomy":"product_tag","embeddable":true,"href":"https:\/\/qqpets.com\/es\/wp-json\/wp\/v2\/product_tag?post=4645"}],"curies":[{"name":"wp","href":"https:\/\/api.w.org\/{rel}","templated":true}]}}