{"id":7587,"date":"2024-08-30T13:58:07","date_gmt":"2024-08-30T05:58:07","guid":{"rendered":"https:\/\/qqpets.com\/?post_type=product&#038;p=7587"},"modified":"2024-12-12T16:27:14","modified_gmt":"2024-12-12T08:27:14","slug":"h-shaped-dog-harness","status":"publish","type":"product","link":"https:\/\/qqpets.com\/es\/producto\/h-shaped-dog-harness\/","title":{"rendered":"Arn\u00e9s para perros en forma de H"},"content":{"rendered":"<p>Presentamos nuestro arn\u00e9s para perros en forma de H meticulosamente elaborado, dise\u00f1ado pensando tanto en la comodidad de la mascota como en la conveniencia del propietario. Este innovador arn\u00e9s cuenta con una estructura \u00fanica en forma de H que distribuye la presi\u00f3n uniformemente por el pecho y los hombros, evitando cualquier tensi\u00f3n en el cuello de su perro. Con correas totalmente ajustables para el cuello y el pecho, garantiza un ajuste ce\u00f1ido y seguro para razas de todos los tama\u00f1os.<\/p>\n<p>El arn\u00e9s est\u00e1 fabricado con materiales ecol\u00f3gicos de alta calidad, suaves al tacto e incre\u00edblemente duraderos. El tejido transpirable garantiza que su perro se mantenga fresco y c\u00f3modo, incluso durante un uso prolongado o en climas m\u00e1s c\u00e1lidos. Las costuras reflectantes mejoran la visibilidad durante los paseos nocturnos, a\u00f1adiendo una capa extra de seguridad.<\/p>\n<p>Ideal para el adiestramiento, los paseos diarios y las aventuras al aire libre, nuestro arn\u00e9s en forma de H ofrece un mayor control sin comprometer la comodidad de su mascota. El dise\u00f1o f\u00e1cil de poner y quitar lo hace f\u00e1cil de usar, reduciendo significativamente la molestia de equipar a su perro para las salidas. Cada arn\u00e9s viene equipado con una resistente anilla en D para enganchar la correa, lo que garantiza una conexi\u00f3n fiable en todo momento.<\/p>\n<p>Disponible en una variedad de colores y dise\u00f1os vibrantes, nuestro arn\u00e9s no s\u00f3lo prioriza la comodidad y seguridad de su perro, sino que tambi\u00e9n a\u00f1ade un toque de estilo a sus rutinas diarias. Ya sea para dar un paseo alrededor de la manzana o para salir a una aventura de fin de semana, nuestro arn\u00e9s para perros en forma de H es la elecci\u00f3n perfecta para los due\u00f1os de mascotas concienciados que valoran la calidad y el estilo.<\/p>\n<p><strong>\u00bfEs bueno un arn\u00e9s H para los perros?<\/strong><\/p>\n<p>S\u00ed, un arn\u00e9s en H puede ser bueno para los perros, ya que distribuye la presi\u00f3n de forma m\u00e1s uniforme por el pecho y la espalda, reduciendo la tensi\u00f3n en el cuello. Es adecuado para paseos suaves y puede resultar bastante c\u00f3modo.<\/p>\n<p><strong>\u00bfC\u00f3mo se coloca un arn\u00e9s H a un perro?<\/strong><\/p>\n<ul>\n<li>Para colocar un arn\u00e9s H a un perro, haga que su perro se coloque en los bucles del arn\u00e9s, con una pata en cada bucle, suba el arn\u00e9s alrededor del pecho y la espalda del perro y, a continuaci\u00f3n, abroche el arn\u00e9s en la parte superior de la espalda del perro. Ajusta las correas para que quede bien ajustado.<\/li>\n<\/ul>\n<p><strong>\u00bfEs mejor el arn\u00e9s H o el Y?<\/strong><\/p>\n<ul>\n<li>Si es mejor un arn\u00e9s en H o en Y depende del tama\u00f1o, la raza y el comportamiento del perro. Un arn\u00e9s en Y puede ofrecer un mejor control y a menudo se recomienda para perros activos o que tiran, ya que proporciona m\u00e1s apoyo alrededor de los hombros y menos restricci\u00f3n de movimiento.<\/li>\n<\/ul>\n<p><strong>\u00bfRecomiendan los veterinarios los arneses?<\/strong><\/p>\n<ul>\n<li>S\u00ed, muchos veterinarios recomiendan arneses, sobre todo para los perros propensos a problemas respiratorios o los que tienden a tirar, ya que los arneses reducen la tensi\u00f3n en el cuello y mejoran la seguridad y el confort generales.<\/li>\n<\/ul>\n<p><strong>\u00bfEs mejor un arn\u00e9s para perros que una correa?<\/strong><\/p>\n<ul>\n<li>Un arn\u00e9s para perros combinado con una correa proporciona mayor control y seguridad que una correa atada a un collar. Los arneses distribuyen la presi\u00f3n de forma m\u00e1s uniforme y reducen el riesgo de lesiones, lo que los convierte en la mejor opci\u00f3n para la mayor\u00eda de los perros, sobre todo para los que tiran o tienen problemas m\u00e9dicos como el colapso traqueal.<\/li>\n<\/ul>","protected":false},"excerpt":{"rendered":"<p>Actualice a nuestro arn\u00e9s para perros en forma de H para una comodidad y un control inigualables. Ajustable, duradero y dise\u00f1ado para el uso diario, garantiza un ajuste perfecto y aventuras seguras para su mascota. Disponible en varias tallas y colores.<\/p>","protected":false},"featured_media":9677,"template":"","meta":[],"product_brand":[],"product_cat":[23],"product_tag":[],"class_list":{"0":"post-7587","1":"product","2":"type-product","3":"status-publish","4":"has-post-thumbnail","6":"product_cat-dog-harness","7":"pa_brand-qqpets","9":"first","10":"instock","11":"shipping-taxable","12":"product-type-simple"},"yoast_head":"<!-- This site is optimized with the Yoast SEO plugin v26.6 - https:\/\/yoast.com\/wordpress\/plugins\/seo\/ -->\n<title>H Shaped Dog Harness | QQPETS<\/title>\n<meta name=\"description\" content=\"Discover the comfort and control of our H-shaped dog harnesses. Perfect fit for any breed. Shop now for premium quality\" \/>\n<meta name=\"robots\" content=\"index, follow, max-snippet:-1, max-image-preview:large, max-video-preview:-1\" \/>\n<link rel=\"canonical\" href=\"https:\/\/qqpets.com\/es\/producto\/h-shaped-dog-harness\/\" \/>\n<meta property=\"og:locale\" content=\"es_ES\" \/>\n<meta property=\"og:type\" content=\"article\" \/>\n<meta property=\"og:title\" content=\"H Shaped Dog Harness | QQPETS\" \/>\n<meta property=\"og:description\" content=\"Discover the comfort and control of our H-shaped dog harnesses. Perfect fit for any breed. Shop now for premium quality\" \/>\n<meta property=\"og:url\" content=\"https:\/\/qqpets.com\/es\/producto\/h-shaped-dog-harness\/\" \/>\n<meta property=\"og:site_name\" content=\"QQPETS\" \/>\n<meta property=\"article:publisher\" content=\"https:\/\/www.facebook.com\/QQpetsdogcollars\" \/>\n<meta property=\"article:modified_time\" content=\"2024-12-12T08:27:14+00:00\" \/>\n<meta property=\"og:image\" content=\"https:\/\/qqpets.com\/wp-content\/uploads\/2024\/08\/H-shape-dog-harness.jpg\" \/>\n\t<meta property=\"og:image:width\" content=\"800\" \/>\n\t<meta property=\"og:image:height\" content=\"800\" \/>\n\t<meta property=\"og:image:type\" content=\"image\/jpeg\" \/>\n<meta name=\"twitter:card\" content=\"summary_large_image\" \/>\n<meta name=\"twitter:label1\" content=\"Tiempo de lectura\" \/>\n\t<meta name=\"twitter:data1\" content=\"3 minutos\" \/>\n<script type=\"application\/ld+json\" class=\"yoast-schema-graph\">{\"@context\":\"https:\/\/schema.org\",\"@graph\":[{\"@type\":\"WebPage\",\"@id\":\"https:\/\/qqpets.com\/product\/h-shaped-dog-harness\/\",\"url\":\"https:\/\/qqpets.com\/product\/h-shaped-dog-harness\/\",\"name\":\"H Shaped Dog Harness | QQPETS\",\"isPartOf\":{\"@id\":\"https:\/\/qqpets.com\/#website\"},\"primaryImageOfPage\":{\"@id\":\"https:\/\/qqpets.com\/product\/h-shaped-dog-harness\/#primaryimage\"},\"image\":{\"@id\":\"https:\/\/qqpets.com\/product\/h-shaped-dog-harness\/#primaryimage\"},\"thumbnailUrl\":\"https:\/\/qqpets.com\/wp-content\/uploads\/2024\/08\/H-shape-dog-harness.jpg\",\"datePublished\":\"2024-08-30T05:58:07+00:00\",\"dateModified\":\"2024-12-12T08:27:14+00:00\",\"description\":\"Discover the comfort and control of our H-shaped dog harnesses. Perfect fit for any breed. Shop now for premium quality\",\"breadcrumb\":{\"@id\":\"https:\/\/qqpets.com\/product\/h-shaped-dog-harness\/#breadcrumb\"},\"inLanguage\":\"es\",\"potentialAction\":[{\"@type\":\"ReadAction\",\"target\":[\"https:\/\/qqpets.com\/product\/h-shaped-dog-harness\/\"]}]},{\"@type\":\"ImageObject\",\"inLanguage\":\"es\",\"@id\":\"https:\/\/qqpets.com\/product\/h-shaped-dog-harness\/#primaryimage\",\"url\":\"https:\/\/qqpets.com\/wp-content\/uploads\/2024\/08\/H-shape-dog-harness.jpg\",\"contentUrl\":\"https:\/\/qqpets.com\/wp-content\/uploads\/2024\/08\/H-shape-dog-harness.jpg\",\"width\":1000,\"height\":1000},{\"@type\":\"BreadcrumbList\",\"@id\":\"https:\/\/qqpets.com\/product\/h-shaped-dog-harness\/#breadcrumb\",\"itemListElement\":[{\"@type\":\"ListItem\",\"position\":1,\"name\":\"Home\",\"item\":\"https:\/\/qqpets.com\/\"},{\"@type\":\"ListItem\",\"position\":2,\"name\":\"Products\",\"item\":\"https:\/\/qqpets.com\/pet-products-manufacturer\/\"},{\"@type\":\"ListItem\",\"position\":3,\"name\":\"H Shaped Dog Harness\"}]},{\"@type\":\"WebSite\",\"@id\":\"https:\/\/qqpets.com\/#website\",\"url\":\"https:\/\/qqpets.com\/\",\"name\":\"QQPETS\",\"description\":\"QQPETS is a pet products factory for dog harnesses, dog collars, dog leashes and dog accessories with professional customized service since 2005.\",\"publisher\":{\"@id\":\"https:\/\/qqpets.com\/#organization\"},\"potentialAction\":[{\"@type\":\"SearchAction\",\"target\":{\"@type\":\"EntryPoint\",\"urlTemplate\":\"https:\/\/qqpets.com\/?s={search_term_string}\"},\"query-input\":{\"@type\":\"PropertyValueSpecification\",\"valueRequired\":true,\"valueName\":\"search_term_string\"}}],\"inLanguage\":\"es\"},{\"@type\":\"Organization\",\"@id\":\"https:\/\/qqpets.com\/#organization\",\"name\":\"QQPETS\",\"url\":\"https:\/\/qqpets.com\/\",\"logo\":{\"@type\":\"ImageObject\",\"inLanguage\":\"es\",\"@id\":\"https:\/\/qqpets.com\/#\/schema\/logo\/image\/\",\"url\":\"https:\/\/qqpets.com\/wp-content\/uploads\/2023\/09\/cropped-cropped-qqpets-tiktok.jpg\",\"contentUrl\":\"https:\/\/qqpets.com\/wp-content\/uploads\/2023\/09\/cropped-cropped-qqpets-tiktok.jpg\",\"width\":511,\"height\":511,\"caption\":\"QQPETS\"},\"image\":{\"@id\":\"https:\/\/qqpets.com\/#\/schema\/logo\/image\/\"},\"sameAs\":[\"https:\/\/www.facebook.com\/QQpetsdogcollars\",\"https:\/\/www.instagram.com\/qqpetscollar\/\",\"https:\/\/www.pinterest.com\/qqpetsdogcollarsfactory\/\"]}]}<\/script>\n<!-- \/ Yoast SEO plugin. -->","yoast_head_json":{"title":"Arn\u00e9s para perro en forma de H | QQPETS","description":"Descubra la comodidad y el control de nuestros arneses para perros en forma de H. Ajuste perfecto para cualquier raza. Compre ahora para una calidad superior","robots":{"index":"index","follow":"follow","max-snippet":"max-snippet:-1","max-image-preview":"max-image-preview:large","max-video-preview":"max-video-preview:-1"},"canonical":"https:\/\/qqpets.com\/es\/producto\/h-shaped-dog-harness\/","og_locale":"es_ES","og_type":"article","og_title":"H Shaped Dog Harness | QQPETS","og_description":"Discover the comfort and control of our H-shaped dog harnesses. Perfect fit for any breed. Shop now for premium quality","og_url":"https:\/\/qqpets.com\/es\/producto\/h-shaped-dog-harness\/","og_site_name":"QQPETS","article_publisher":"https:\/\/www.facebook.com\/QQpetsdogcollars","article_modified_time":"2024-12-12T08:27:14+00:00","og_image":[{"url":"https:\/\/qqpets.com\/wp-content\/uploads\/2024\/08\/H-shape-dog-harness.jpg","width":800,"height":800,"type":"image\/jpeg"}],"twitter_card":"summary_large_image","twitter_misc":{"Tiempo de lectura":"3 minutos"},"schema":{"@context":"https:\/\/schema.org","@graph":[{"@type":"WebPage","@id":"https:\/\/qqpets.com\/product\/h-shaped-dog-harness\/","url":"https:\/\/qqpets.com\/product\/h-shaped-dog-harness\/","name":"Arn\u00e9s para perro en forma de H | QQPETS","isPartOf":{"@id":"https:\/\/qqpets.com\/#website"},"primaryImageOfPage":{"@id":"https:\/\/qqpets.com\/product\/h-shaped-dog-harness\/#primaryimage"},"image":{"@id":"https:\/\/qqpets.com\/product\/h-shaped-dog-harness\/#primaryimage"},"thumbnailUrl":"https:\/\/qqpets.com\/wp-content\/uploads\/2024\/08\/H-shape-dog-harness.jpg","datePublished":"2024-08-30T05:58:07+00:00","dateModified":"2024-12-12T08:27:14+00:00","description":"Descubra la comodidad y el control de nuestros arneses para perros en forma de H. Ajuste perfecto para cualquier raza. Compre ahora para una calidad superior","breadcrumb":{"@id":"https:\/\/qqpets.com\/product\/h-shaped-dog-harness\/#breadcrumb"},"inLanguage":"es","potentialAction":[{"@type":"ReadAction","target":["https:\/\/qqpets.com\/product\/h-shaped-dog-harness\/"]}]},{"@type":"ImageObject","inLanguage":"es","@id":"https:\/\/qqpets.com\/product\/h-shaped-dog-harness\/#primaryimage","url":"https:\/\/qqpets.com\/wp-content\/uploads\/2024\/08\/H-shape-dog-harness.jpg","contentUrl":"https:\/\/qqpets.com\/wp-content\/uploads\/2024\/08\/H-shape-dog-harness.jpg","width":1000,"height":1000},{"@type":"BreadcrumbList","@id":"https:\/\/qqpets.com\/product\/h-shaped-dog-harness\/#breadcrumb","itemListElement":[{"@type":"ListItem","position":1,"name":"Home","item":"https:\/\/qqpets.com\/"},{"@type":"ListItem","position":2,"name":"Products","item":"https:\/\/qqpets.com\/pet-products-manufacturer\/"},{"@type":"ListItem","position":3,"name":"H Shaped Dog Harness"}]},{"@type":"WebSite","@id":"https:\/\/qqpets.com\/#website","url":"https:\/\/qqpets.com\/","name":"QQPETS","description":"QQPETS es una f\u00e1brica de productos para mascotas como arneses para perros, collares para perros, correas para perros y accesorios para perros con un servicio profesional personalizado desde 2005.","publisher":{"@id":"https:\/\/qqpets.com\/#organization"},"potentialAction":[{"@type":"SearchAction","target":{"@type":"EntryPoint","urlTemplate":"https:\/\/qqpets.com\/?s={search_term_string}"},"query-input":{"@type":"PropertyValueSpecification","valueRequired":true,"valueName":"search_term_string"}}],"inLanguage":"es"},{"@type":"Organization","@id":"https:\/\/qqpets.com\/#organization","name":"QQPETS","url":"https:\/\/qqpets.com\/","logo":{"@type":"ImageObject","inLanguage":"es","@id":"https:\/\/qqpets.com\/#\/schema\/logo\/image\/","url":"https:\/\/qqpets.com\/wp-content\/uploads\/2023\/09\/cropped-cropped-qqpets-tiktok.jpg","contentUrl":"https:\/\/qqpets.com\/wp-content\/uploads\/2023\/09\/cropped-cropped-qqpets-tiktok.jpg","width":511,"height":511,"caption":"QQPETS"},"image":{"@id":"https:\/\/qqpets.com\/#\/schema\/logo\/image\/"},"sameAs":["https:\/\/www.facebook.com\/QQpetsdogcollars","https:\/\/www.instagram.com\/qqpetscollar\/","https:\/\/www.pinterest.com\/qqpetsdogcollarsfactory\/"]}]}},"_links":{"self":[{"href":"https:\/\/qqpets.com\/es\/wp-json\/wp\/v2\/product\/7587","targetHints":{"allow":["GET"]}}],"collection":[{"href":"https:\/\/qqpets.com\/es\/wp-json\/wp\/v2\/product"}],"about":[{"href":"https:\/\/qqpets.com\/es\/wp-json\/wp\/v2\/types\/product"}],"wp:featuredmedia":[{"embeddable":true,"href":"https:\/\/qqpets.com\/es\/wp-json\/wp\/v2\/media\/9677"}],"wp:attachment":[{"href":"https:\/\/qqpets.com\/es\/wp-json\/wp\/v2\/media?parent=7587"}],"wp:term":[{"taxonomy":"product_brand","embeddable":true,"href":"https:\/\/qqpets.com\/es\/wp-json\/wp\/v2\/product_brand?post=7587"},{"taxonomy":"product_cat","embeddable":true,"href":"https:\/\/qqpets.com\/es\/wp-json\/wp\/v2\/product_cat?post=7587"},{"taxonomy":"product_tag","embeddable":true,"href":"https:\/\/qqpets.com\/es\/wp-json\/wp\/v2\/product_tag?post=7587"}],"curies":[{"name":"wp","href":"https:\/\/api.w.org\/{rel}","templated":true}]}}