{"id":7663,"date":"2024-08-31T14:26:13","date_gmt":"2024-08-31T06:26:13","guid":{"rendered":"https:\/\/qqpets.com\/?post_type=product&#038;p=7663"},"modified":"2024-08-31T14:26:13","modified_gmt":"2024-08-31T06:26:13","slug":"basic-step-in-dog-harness","status":"publish","type":"product","link":"https:\/\/qqpets.com\/es\/producto\/basic-step-in-dog-harness\/","title":{"rendered":"Arn\u00e9s b\u00e1sico para perros Step In"},"content":{"rendered":"<p>Introduzca sencillez y comodidad en sus paseos diarios con nuestro arn\u00e9s Basic Step In para perros. Este arn\u00e9s est\u00e1 dise\u00f1ado para los due\u00f1os de mascotas que buscan una soluci\u00f3n sencilla y sin complicaciones para las aventuras al aire libre de su perro. El dise\u00f1o escalonado permite a su mascota caminar f\u00e1cilmente en el arn\u00e9s para un ajuste r\u00e1pido y seguro, eliminando las luchas asociadas con los estilos sobre la cabeza.<\/p>\n<p>El arn\u00e9s est\u00e1 fabricado con materiales duraderos y ligeros que proporcionan un ajuste c\u00f3modo sin sobrecargar a su mascota. Las correas ajustables alrededor de la cintura y los hombros pueden adaptarse al tama\u00f1o y la forma \u00fanicos de su perro, garantizando un ajuste ce\u00f1ido que evita deslizamientos y rozaduras.<\/p>\n<p>Ideal para el uso diario, el arn\u00e9s para perros Basic Step In cuenta con una fuerte anilla en D situada en el centro que favorece una distribuci\u00f3n uniforme de la presi\u00f3n y el control cuando se sujeta a una correa. Este dise\u00f1o ayuda a desalentar tirones redirigiendo la atenci\u00f3n de su perro hacia usted, por lo que es m\u00e1s f\u00e1cil de manejar y guiarlos durante los paseos.<\/p>\n<p>Nuestro arn\u00e9s no s\u00f3lo es pr\u00e1ctico, sino tambi\u00e9n elegante, y est\u00e1 disponible en varios colores para adaptarse a la personalidad de su mascota. Tanto si vas al parque, al veterinario o a dar una vuelta por la manzana, este arn\u00e9s combina funcionalidad y facilidad, por lo que es la elecci\u00f3n perfecta tanto para los due\u00f1os veteranos como para los primerizos.<\/p>\n<p>Equipe a su perro con nuestro arn\u00e9s para perros Basic Step In y disfrute de una experiencia de paseo m\u00e1s relajada y agradable, sabiendo que su mascota est\u00e1 c\u00f3moda, segura y protegida en todo momento.<\/p>\n<p><strong>\u00bfQu\u00e9 es un arn\u00e9s escalonado para perros?<\/strong><\/p>\n<p>Un arn\u00e9s de paso es un tipo de arn\u00e9s que se coloca plano en el suelo, lo que permite al perro colocarse en \u00e9l con las patas delanteras. El arn\u00e9s se abrocha en la parte posterior o en el lateral.<\/p>\n<p><strong>\u00bfC\u00f3mo colocar un arn\u00e9s para perros paso a paso?<\/strong><\/p>\n<ul>\n<li style=\"list-style-type: none;\">\n<ul>\n<li>Coloque el arn\u00e9s en el suelo y haga que su perro se lo ponga.<\/li>\n<li>Tire del arn\u00e9s hacia arriba alrededor de los lados del cuerpo de su perro.<\/li>\n<li>Enganche la hebilla en la parte posterior.<\/li>\n<li>Ajuste las correas para garantizar un ajuste ce\u00f1ido que a\u00fan le permita deslizar dos dedos por debajo de cualquier correa.<\/li>\n<\/ul>\n<\/li>\n<\/ul>\n<p><strong>\u00bfEs el arn\u00e9s de paso el m\u00e1s seguro para los perros?<\/strong><\/p>\n<p>Los arneses escalonados pueden ser muy seguros, especialmente para razas peque\u00f1as o perros con cuellos sensibles, ya que distribuyen la presi\u00f3n de forma m\u00e1s uniforme alrededor del pecho y los hombros. Sin embargo, el arn\u00e9s m\u00e1s seguro depende del tama\u00f1o, la raza y el comportamiento de cada perro.<\/p>\n<p><strong>\u00bfCu\u00e1l es la diferencia entre arn\u00e9s de paso y arn\u00e9s de cabeza?<\/strong><\/p>\n<p>Un arn\u00e9s de paso se coloca en el suelo para que el perro se suba, mientras que un arn\u00e9s de cabeza se desliza sobre la cabeza del perro y luego se sujeta alrededor del pecho. Los arneses escalonados suelen ser m\u00e1s f\u00e1ciles de colocar para los perros que se retuercen o a los que no les gusta que les pasen por encima de la cabeza.<\/p>\n<p><strong>\u00bfEst\u00e1 bien que un perro lleve arn\u00e9s todo el tiempo?<\/strong><\/p>\n<p>No es recomendable que un perro lleve arn\u00e9s todo el tiempo. Llevarlo constantemente puede provocar irritaciones en la piel, apelmazamiento del pelo e incomodidad. Lo mejor es quitarle el arn\u00e9s cuando el perro est\u00e9 dentro de casa o no lleve correa para que est\u00e9 c\u00f3modo y seguro.<\/p>","protected":false},"excerpt":{"rendered":"<p>Descubra la facilidad de nuestro arn\u00e9s para perros Basic Step In, dise\u00f1ado para un ajuste r\u00e1pido y paseos sin complicaciones. Perfecto para todos los perros, este arn\u00e9s presenta un sencillo dise\u00f1o que permite colocarlo r\u00e1pida y f\u00e1cilmente. Sus correas ajustables garantizan un ajuste ce\u00f1ido y c\u00f3modo, mientras que el material ligero mantiene a su mascota a gusto durante los paseos. Ideal para el uso diario, proporciona tanto seguridad como comodidad, mejorando su experiencia de paseo sin la complejidad de los arneses tradicionales.<\/p>","protected":false},"featured_media":7670,"template":"","meta":[],"product_brand":[],"product_cat":[23],"product_tag":[],"class_list":{"0":"post-7663","1":"product","2":"type-product","3":"status-publish","4":"has-post-thumbnail","6":"product_cat-dog-harness","7":"pa_brand-qqpets","9":"first","10":"instock","11":"shipping-taxable","12":"product-type-simple"},"yoast_head":"<!-- This site is optimized with the Yoast SEO plugin v26.6 - https:\/\/yoast.com\/wordpress\/plugins\/seo\/ -->\n<title>Basic Step In Dog Harness | QQPETS<\/title>\n<meta name=\"description\" content=\"Secure and simplify your walks with our Basic Step In Dog Harness. Easy to use, comfortable fit. Shop now!\" \/>\n<meta name=\"robots\" content=\"index, follow, max-snippet:-1, max-image-preview:large, max-video-preview:-1\" \/>\n<link rel=\"canonical\" href=\"https:\/\/qqpets.com\/es\/producto\/basic-step-in-dog-harness\/\" \/>\n<meta property=\"og:locale\" content=\"es_ES\" \/>\n<meta property=\"og:type\" content=\"article\" \/>\n<meta property=\"og:title\" content=\"Basic Step In Dog Harness | QQPETS\" \/>\n<meta property=\"og:description\" content=\"Secure and simplify your walks with our Basic Step In Dog Harness. Easy to use, comfortable fit. Shop now!\" \/>\n<meta property=\"og:url\" content=\"https:\/\/qqpets.com\/es\/producto\/basic-step-in-dog-harness\/\" \/>\n<meta property=\"og:site_name\" content=\"QQPETS\" \/>\n<meta property=\"article:publisher\" content=\"https:\/\/www.facebook.com\/QQpetsdogcollars\" \/>\n<meta property=\"og:image\" content=\"https:\/\/qqpets.com\/wp-content\/uploads\/2024\/08\/Basic-Step-In-Dog-Harness.webp\" \/>\n\t<meta property=\"og:image:width\" content=\"1600\" \/>\n\t<meta property=\"og:image:height\" content=\"1600\" \/>\n\t<meta property=\"og:image:type\" content=\"image\/webp\" \/>\n<meta name=\"twitter:card\" content=\"summary_large_image\" \/>\n<meta name=\"twitter:label1\" content=\"Tiempo de lectura\" \/>\n\t<meta name=\"twitter:data1\" content=\"3 minutos\" \/>\n<script type=\"application\/ld+json\" class=\"yoast-schema-graph\">{\"@context\":\"https:\/\/schema.org\",\"@graph\":[{\"@type\":\"WebPage\",\"@id\":\"https:\/\/qqpets.com\/product\/basic-step-in-dog-harness\/\",\"url\":\"https:\/\/qqpets.com\/product\/basic-step-in-dog-harness\/\",\"name\":\"Basic Step In Dog Harness | QQPETS\",\"isPartOf\":{\"@id\":\"https:\/\/qqpets.com\/#website\"},\"primaryImageOfPage\":{\"@id\":\"https:\/\/qqpets.com\/product\/basic-step-in-dog-harness\/#primaryimage\"},\"image\":{\"@id\":\"https:\/\/qqpets.com\/product\/basic-step-in-dog-harness\/#primaryimage\"},\"thumbnailUrl\":\"https:\/\/qqpets.com\/wp-content\/uploads\/2024\/08\/Basic-Step-In-Dog-Harness.webp\",\"datePublished\":\"2024-08-31T06:26:13+00:00\",\"description\":\"Secure and simplify your walks with our Basic Step In Dog Harness. Easy to use, comfortable fit. Shop now!\",\"breadcrumb\":{\"@id\":\"https:\/\/qqpets.com\/product\/basic-step-in-dog-harness\/#breadcrumb\"},\"inLanguage\":\"es\",\"potentialAction\":[{\"@type\":\"ReadAction\",\"target\":[\"https:\/\/qqpets.com\/product\/basic-step-in-dog-harness\/\"]}]},{\"@type\":\"ImageObject\",\"inLanguage\":\"es\",\"@id\":\"https:\/\/qqpets.com\/product\/basic-step-in-dog-harness\/#primaryimage\",\"url\":\"https:\/\/qqpets.com\/wp-content\/uploads\/2024\/08\/Basic-Step-In-Dog-Harness.webp\",\"contentUrl\":\"https:\/\/qqpets.com\/wp-content\/uploads\/2024\/08\/Basic-Step-In-Dog-Harness.webp\",\"width\":1600,\"height\":1600},{\"@type\":\"BreadcrumbList\",\"@id\":\"https:\/\/qqpets.com\/product\/basic-step-in-dog-harness\/#breadcrumb\",\"itemListElement\":[{\"@type\":\"ListItem\",\"position\":1,\"name\":\"Home\",\"item\":\"https:\/\/qqpets.com\/\"},{\"@type\":\"ListItem\",\"position\":2,\"name\":\"Products\",\"item\":\"https:\/\/qqpets.com\/pet-products-manufacturer\/\"},{\"@type\":\"ListItem\",\"position\":3,\"name\":\"Basic Step In Dog Harness\"}]},{\"@type\":\"WebSite\",\"@id\":\"https:\/\/qqpets.com\/#website\",\"url\":\"https:\/\/qqpets.com\/\",\"name\":\"QQPETS\",\"description\":\"QQPETS is a pet products factory for dog harnesses, dog collars, dog leashes and dog accessories with professional customized service since 2005.\",\"publisher\":{\"@id\":\"https:\/\/qqpets.com\/#organization\"},\"potentialAction\":[{\"@type\":\"SearchAction\",\"target\":{\"@type\":\"EntryPoint\",\"urlTemplate\":\"https:\/\/qqpets.com\/?s={search_term_string}\"},\"query-input\":{\"@type\":\"PropertyValueSpecification\",\"valueRequired\":true,\"valueName\":\"search_term_string\"}}],\"inLanguage\":\"es\"},{\"@type\":\"Organization\",\"@id\":\"https:\/\/qqpets.com\/#organization\",\"name\":\"QQPETS\",\"url\":\"https:\/\/qqpets.com\/\",\"logo\":{\"@type\":\"ImageObject\",\"inLanguage\":\"es\",\"@id\":\"https:\/\/qqpets.com\/#\/schema\/logo\/image\/\",\"url\":\"https:\/\/qqpets.com\/wp-content\/uploads\/2023\/09\/cropped-cropped-qqpets-tiktok.jpg\",\"contentUrl\":\"https:\/\/qqpets.com\/wp-content\/uploads\/2023\/09\/cropped-cropped-qqpets-tiktok.jpg\",\"width\":511,\"height\":511,\"caption\":\"QQPETS\"},\"image\":{\"@id\":\"https:\/\/qqpets.com\/#\/schema\/logo\/image\/\"},\"sameAs\":[\"https:\/\/www.facebook.com\/QQpetsdogcollars\",\"https:\/\/www.instagram.com\/qqpetscollar\/\",\"https:\/\/www.pinterest.com\/qqpetsdogcollarsfactory\/\"]}]}<\/script>\n<!-- \/ Yoast SEO plugin. -->","yoast_head_json":{"title":"Arn\u00e9s para perros Basic Step In | QQPETS","description":"Asegure y simplifique sus paseos con nuestro arn\u00e9s para perros Basic Step In. F\u00e1cil de usar, ajuste c\u00f3modo. \u00a1Compre ahora!","robots":{"index":"index","follow":"follow","max-snippet":"max-snippet:-1","max-image-preview":"max-image-preview:large","max-video-preview":"max-video-preview:-1"},"canonical":"https:\/\/qqpets.com\/es\/producto\/basic-step-in-dog-harness\/","og_locale":"es_ES","og_type":"article","og_title":"Basic Step In Dog Harness | QQPETS","og_description":"Secure and simplify your walks with our Basic Step In Dog Harness. Easy to use, comfortable fit. Shop now!","og_url":"https:\/\/qqpets.com\/es\/producto\/basic-step-in-dog-harness\/","og_site_name":"QQPETS","article_publisher":"https:\/\/www.facebook.com\/QQpetsdogcollars","og_image":[{"width":1600,"height":1600,"url":"https:\/\/qqpets.com\/wp-content\/uploads\/2024\/08\/Basic-Step-In-Dog-Harness.webp","type":"image\/webp"}],"twitter_card":"summary_large_image","twitter_misc":{"Tiempo de lectura":"3 minutos"},"schema":{"@context":"https:\/\/schema.org","@graph":[{"@type":"WebPage","@id":"https:\/\/qqpets.com\/product\/basic-step-in-dog-harness\/","url":"https:\/\/qqpets.com\/product\/basic-step-in-dog-harness\/","name":"Arn\u00e9s para perros Basic Step In | QQPETS","isPartOf":{"@id":"https:\/\/qqpets.com\/#website"},"primaryImageOfPage":{"@id":"https:\/\/qqpets.com\/product\/basic-step-in-dog-harness\/#primaryimage"},"image":{"@id":"https:\/\/qqpets.com\/product\/basic-step-in-dog-harness\/#primaryimage"},"thumbnailUrl":"https:\/\/qqpets.com\/wp-content\/uploads\/2024\/08\/Basic-Step-In-Dog-Harness.webp","datePublished":"2024-08-31T06:26:13+00:00","description":"Asegure y simplifique sus paseos con nuestro arn\u00e9s para perros Basic Step In. F\u00e1cil de usar, ajuste c\u00f3modo. \u00a1Compre ahora!","breadcrumb":{"@id":"https:\/\/qqpets.com\/product\/basic-step-in-dog-harness\/#breadcrumb"},"inLanguage":"es","potentialAction":[{"@type":"ReadAction","target":["https:\/\/qqpets.com\/product\/basic-step-in-dog-harness\/"]}]},{"@type":"ImageObject","inLanguage":"es","@id":"https:\/\/qqpets.com\/product\/basic-step-in-dog-harness\/#primaryimage","url":"https:\/\/qqpets.com\/wp-content\/uploads\/2024\/08\/Basic-Step-In-Dog-Harness.webp","contentUrl":"https:\/\/qqpets.com\/wp-content\/uploads\/2024\/08\/Basic-Step-In-Dog-Harness.webp","width":1600,"height":1600},{"@type":"BreadcrumbList","@id":"https:\/\/qqpets.com\/product\/basic-step-in-dog-harness\/#breadcrumb","itemListElement":[{"@type":"ListItem","position":1,"name":"Home","item":"https:\/\/qqpets.com\/"},{"@type":"ListItem","position":2,"name":"Products","item":"https:\/\/qqpets.com\/pet-products-manufacturer\/"},{"@type":"ListItem","position":3,"name":"Basic Step In Dog Harness"}]},{"@type":"WebSite","@id":"https:\/\/qqpets.com\/#website","url":"https:\/\/qqpets.com\/","name":"QQPETS","description":"QQPETS es una f\u00e1brica de productos para mascotas como arneses para perros, collares para perros, correas para perros y accesorios para perros con un servicio profesional personalizado desde 2005.","publisher":{"@id":"https:\/\/qqpets.com\/#organization"},"potentialAction":[{"@type":"SearchAction","target":{"@type":"EntryPoint","urlTemplate":"https:\/\/qqpets.com\/?s={search_term_string}"},"query-input":{"@type":"PropertyValueSpecification","valueRequired":true,"valueName":"search_term_string"}}],"inLanguage":"es"},{"@type":"Organization","@id":"https:\/\/qqpets.com\/#organization","name":"QQPETS","url":"https:\/\/qqpets.com\/","logo":{"@type":"ImageObject","inLanguage":"es","@id":"https:\/\/qqpets.com\/#\/schema\/logo\/image\/","url":"https:\/\/qqpets.com\/wp-content\/uploads\/2023\/09\/cropped-cropped-qqpets-tiktok.jpg","contentUrl":"https:\/\/qqpets.com\/wp-content\/uploads\/2023\/09\/cropped-cropped-qqpets-tiktok.jpg","width":511,"height":511,"caption":"QQPETS"},"image":{"@id":"https:\/\/qqpets.com\/#\/schema\/logo\/image\/"},"sameAs":["https:\/\/www.facebook.com\/QQpetsdogcollars","https:\/\/www.instagram.com\/qqpetscollar\/","https:\/\/www.pinterest.com\/qqpetsdogcollarsfactory\/"]}]}},"_links":{"self":[{"href":"https:\/\/qqpets.com\/es\/wp-json\/wp\/v2\/product\/7663","targetHints":{"allow":["GET"]}}],"collection":[{"href":"https:\/\/qqpets.com\/es\/wp-json\/wp\/v2\/product"}],"about":[{"href":"https:\/\/qqpets.com\/es\/wp-json\/wp\/v2\/types\/product"}],"wp:featuredmedia":[{"embeddable":true,"href":"https:\/\/qqpets.com\/es\/wp-json\/wp\/v2\/media\/7670"}],"wp:attachment":[{"href":"https:\/\/qqpets.com\/es\/wp-json\/wp\/v2\/media?parent=7663"}],"wp:term":[{"taxonomy":"product_brand","embeddable":true,"href":"https:\/\/qqpets.com\/es\/wp-json\/wp\/v2\/product_brand?post=7663"},{"taxonomy":"product_cat","embeddable":true,"href":"https:\/\/qqpets.com\/es\/wp-json\/wp\/v2\/product_cat?post=7663"},{"taxonomy":"product_tag","embeddable":true,"href":"https:\/\/qqpets.com\/es\/wp-json\/wp\/v2\/product_tag?post=7663"}],"curies":[{"name":"wp","href":"https:\/\/api.w.org\/{rel}","templated":true}]}}