{"id":7682,"date":"2024-08-31T16:29:37","date_gmt":"2024-08-31T08:29:37","guid":{"rendered":"https:\/\/qqpets.com\/?post_type=product&#038;p=7682"},"modified":"2024-11-13T14:00:30","modified_gmt":"2024-11-13T06:00:30","slug":"adjustable-dog-harness-and-leash-set","status":"publish","type":"product","link":"https:\/\/qqpets.com\/es\/producto\/adjustable-dog-harness-and-leash-set\/","title":{"rendered":"Acolchado de neopreno ajustable arn\u00e9s del perro y correa Set"},"content":{"rendered":"<p>Presentamos la combinaci\u00f3n perfecta de estilo, comodidad y durabilidad: nuestro conjunto de arn\u00e9s y correa ajustables de neopreno para perros. Este conjunto est\u00e1 especialmente dise\u00f1ado para los due\u00f1os de mascotas que valoran tanto la est\u00e9tica como la funcionalidad. El arn\u00e9s est\u00e1 fabricado en neopreno de alta calidad, conocido por su resistencia a la intemperie y propiedades de absorci\u00f3n de impactos, proporcionando un coj\u00edn suave que abraza el cuerpo de su perro c\u00f3modamente.<\/p>\n<p>Las correas ajustables le permiten personalizar el ajuste a la forma \u00fanica de su perro, asegurando que permanezcan seguros sin ninguna molestia. El material de neopreno no solo es duradero, sino tambi\u00e9n f\u00e1cil de limpiar, por lo que su mantenimiento es muy sencillo.<\/p>\n<p>Nuestra correa a juego complementa a la perfecci\u00f3n el arn\u00e9s, creando un aspecto unificado que har\u00e1 que su perro sea la envidia del parque. La correa cuenta con un c\u00f3modo lazo para la mano y un robusto clip para engancharla f\u00e1cilmente al arn\u00e9s. Juntos, el conjunto proporciona una soluci\u00f3n fiable y elegante para todas sus aventuras al aire libre.<\/p>\n<p>Ideal para el uso diario, ya sea para un paseo por el parque, una excursi\u00f3n por la ciudad, o un trote en la playa, nuestro arn\u00e9s de neopreno ajustable para perros y correa Set asegura que su mascota est\u00e1 equipado con comodidad y estilo de primera categor\u00eda. Invierta en este conjunto para una experiencia libre de problemas, agradable a pie, dando a su perro la libertad para explorar, mientras que mantenerlos con seguridad bajo control.<\/p>\n<h6><strong>\u00bfEs el neopreno un buen material para un arn\u00e9s de perro?<\/strong><\/h6>\n<p>S\u00ed, el neopreno es un buen material para un arn\u00e9s de perro, ya que es suave, acolchado y resistente al agua, por lo que es c\u00f3modo de llevar para el perro en diversas condiciones clim\u00e1ticas.<\/p>\n<h6><strong>\u00bfCu\u00e1l es el material m\u00e1s resistente para una correa de perro?<\/strong><\/h6>\n<p>El nylon y el cuero son los materiales m\u00e1s resistentes para una correa de perro, ya que ofrecen durabilidad y una resistencia fiable para manejar perros de todos los tama\u00f1os.<\/p>\n<h6><strong>\u00bfQu\u00e9 arn\u00e9s recomiendan los veterinarios?<\/strong><\/h6>\n<p>Por lo general, los veterinarios recomiendan arneses acolchados y ajustables que distribuyan la presi\u00f3n uniformemente y no restrinjan la respiraci\u00f3n ni los movimientos, sobre todo en perros propensos a problemas respiratorios o al colapso traqueal.<\/p>\n<h6><strong>\u00bfQu\u00e9 tipo de arn\u00e9s es mejor para un perro que tira?<\/strong><\/h6>\n<p>Un arn\u00e9s antitirones con un enganche delantero para la correa es lo mejor para un perro que tira, ya que proporciona control al redirigir al perro de vuelta hacia el propietario cuando intenta tirar.<\/p>\n<h6><strong>\u00bfDebe mi perro llevar siempre arn\u00e9s?<\/strong><\/h6>\n<p>No, no es recomendable que un perro lleve arn\u00e9s todo el tiempo, ya que puede causarle irritaciones o molestias en la piel. Debe quit\u00e1rselo cuando no lo utilice, sobre todo en interiores.<\/p>\n<h6><strong>\u00bfCu\u00e1l es el arn\u00e9s para perros m\u00e1s c\u00f3modo?<\/strong><\/h6>\n<p>El arn\u00e9s Ruffwear Front Range est\u00e1 ampliamente considerado como uno de los mejores arneses c\u00f3modos para perros. Cuenta con un amplio acolchado, correas ajustables y un dise\u00f1o ergon\u00f3mico que garantiza la comodidad y facilidad de movimiento para el perro.<\/p>\n<h6><strong>\u00bfQu\u00e9 es un arn\u00e9s ajustable?<\/strong><\/h6>\n<p>Un arn\u00e9s ajustable es un tipo de arn\u00e9s para perros dise\u00f1ado con m\u00faltiples puntos de ajuste que permiten adaptar el ajuste al tama\u00f1o y la forma de su perro. Esto garantiza un ajuste ce\u00f1ido a la vez que se mantiene la comodidad, que es crucial para evitar que se escape y distribuir uniformemente la presi\u00f3n.<\/p>\n<h6><strong>\u00bfCu\u00e1l es la diferencia entre un arn\u00e9s para perros y un arn\u00e9s sin tir\u00f3n?<\/strong><\/h6>\n<p>Un arn\u00e9s para perros est\u00e1ndar suele tener un enganche para la correa en la parte posterior y se utiliza para sujetar al perro de forma m\u00e1s c\u00f3moda que con un collar. Un arn\u00e9s antitirones suele tener un enganche delantero para la correa o dos enganches (delantero y trasero) y est\u00e1 dise\u00f1ado espec\u00edficamente para desalentar los tirones redirigiendo el movimiento del perro hacia usted cuando intenta tirar hacia delante.<\/p>\n<h6><strong>\u00bfLos arneses para perros evitan los tirones?<\/strong><\/h6>\n<p>Los arneses normales no impiden necesariamente que los perros tiren, ya que pueden utilizar toda su fuerza para tirar hacia delante, sobre todo si la correa se sujeta por detr\u00e1s. Los arneses antitirones, con enganches delanteros, son m\u00e1s eficaces para reducir los tirones porque redirigen la fuerza de tracci\u00f3n y la hacen menos gratificante para el perro.<\/p>\n<h6><strong>\u00bfCu\u00e1les son los inconvenientes de un arn\u00e9s sin tir\u00f3n?<\/strong><\/h6>\n<ul>\n<li style=\"list-style-type: none;\">\n<ul>\n<li><strong>Molestias o rozaduras<\/strong>: Un ajuste inadecuado, especialmente en la zona delantera del pecho, puede provocar molestias o rozaduras.<\/li>\n<li><strong>Complejidad de uso<\/strong>: Algunos arneses sin tir\u00f3n pueden ser m\u00e1s complejos de poner correctamente, especialmente los que tienen m\u00faltiples puntos de ajuste y correas.<\/li>\n<li><strong>Resistencia potencial del comportamiento<\/strong>: Algunos perros pueden resistirse o reaccionar negativamente a la sensaci\u00f3n de ser dirigidos o a la presi\u00f3n aplicada cuando tiran. Esto puede mitigarse con un adiestramiento adecuado y una aclimataci\u00f3n gradual al arn\u00e9s.<\/li>\n<li><strong>Dependencia<\/strong>: Confiar \u00fanicamente en un arn\u00e9s antitirones sin un adiestramiento adecuado puede llevar a depender del equipo para controlar los tirones, en lugar de ense\u00f1ar al perro a no tirar mediante el adiestramiento y el refuerzo.<\/li>\n<\/ul>\n<\/li>\n<\/ul>","protected":false},"excerpt":{"rendered":"<p>Mejora el equipamiento de tu perro con nuestro set de arn\u00e9s y correa ajustables de neopreno para perros. Dise\u00f1ado para la comodidad y el estilo, este conjunto cuenta con acolchado de neopreno suave para el m\u00e1ximo confort y correas ajustables para un ajuste perfecto. La correa a juego proporciona un aspecto cohesivo, y los herrajes duraderos garantizan un uso prolongado. Ideal para los paseos diarios, este conjunto combina funcionalidad con un dise\u00f1o elegante, asegurando que su mascota pasee con comodidad y estilo.<\/p>","protected":false},"featured_media":7683,"template":"","meta":[],"product_brand":[],"product_cat":[23],"product_tag":[],"class_list":{"0":"post-7682","1":"product","2":"type-product","3":"status-publish","4":"has-post-thumbnail","6":"product_cat-dog-harness","7":"pa_brand-qqpets","9":"first","10":"instock","11":"shipping-taxable","12":"product-type-simple"},"yoast_head":"<!-- This site is optimized with the Yoast SEO plugin v26.6 - https:\/\/yoast.com\/wordpress\/plugins\/seo\/ -->\n<title>Neoprene Padding Adjustable Dog Harness And Leash Set | QQPETS<\/title>\n<meta name=\"description\" content=\"Comfort meets style with our Neoprene Adjustable Dog Harness. Perfect fit for any dog. Durable &amp; stylish. Shop now!\" \/>\n<meta name=\"robots\" content=\"index, follow, max-snippet:-1, max-image-preview:large, max-video-preview:-1\" \/>\n<link rel=\"canonical\" href=\"https:\/\/qqpets.com\/es\/producto\/adjustable-dog-harness-and-leash-set\/\" \/>\n<meta property=\"og:locale\" content=\"es_ES\" \/>\n<meta property=\"og:type\" content=\"article\" \/>\n<meta property=\"og:title\" content=\"Neoprene Padding Adjustable Dog Harness And Leash Set | QQPETS\" \/>\n<meta property=\"og:description\" content=\"Comfort meets style with our Neoprene Adjustable Dog Harness. Perfect fit for any dog. Durable &amp; stylish. Shop now!\" \/>\n<meta property=\"og:url\" content=\"https:\/\/qqpets.com\/es\/producto\/adjustable-dog-harness-and-leash-set\/\" \/>\n<meta property=\"og:site_name\" content=\"QQPETS\" \/>\n<meta property=\"article:publisher\" content=\"https:\/\/www.facebook.com\/QQpetsdogcollars\" \/>\n<meta property=\"article:modified_time\" content=\"2024-11-13T06:00:30+00:00\" \/>\n<meta property=\"og:image\" content=\"https:\/\/qqpets.com\/wp-content\/uploads\/2024\/08\/padding-dog-harness.webp\" \/>\n\t<meta property=\"og:image:width\" content=\"1600\" \/>\n\t<meta property=\"og:image:height\" content=\"1600\" \/>\n\t<meta property=\"og:image:type\" content=\"image\/webp\" \/>\n<meta name=\"twitter:card\" content=\"summary_large_image\" \/>\n<meta name=\"twitter:label1\" content=\"Tiempo de lectura\" \/>\n\t<meta name=\"twitter:data1\" content=\"4 minutos\" \/>\n<script type=\"application\/ld+json\" class=\"yoast-schema-graph\">{\"@context\":\"https:\/\/schema.org\",\"@graph\":[{\"@type\":\"WebPage\",\"@id\":\"https:\/\/qqpets.com\/product\/adjustable-dog-harness-and-leash-set\/\",\"url\":\"https:\/\/qqpets.com\/product\/adjustable-dog-harness-and-leash-set\/\",\"name\":\"Neoprene Padding Adjustable Dog Harness And Leash Set | QQPETS\",\"isPartOf\":{\"@id\":\"https:\/\/qqpets.com\/#website\"},\"primaryImageOfPage\":{\"@id\":\"https:\/\/qqpets.com\/product\/adjustable-dog-harness-and-leash-set\/#primaryimage\"},\"image\":{\"@id\":\"https:\/\/qqpets.com\/product\/adjustable-dog-harness-and-leash-set\/#primaryimage\"},\"thumbnailUrl\":\"https:\/\/qqpets.com\/wp-content\/uploads\/2024\/08\/padding-dog-harness.webp\",\"datePublished\":\"2024-08-31T08:29:37+00:00\",\"dateModified\":\"2024-11-13T06:00:30+00:00\",\"description\":\"Comfort meets style with our Neoprene Adjustable Dog Harness. Perfect fit for any dog. Durable & stylish. Shop now!\",\"breadcrumb\":{\"@id\":\"https:\/\/qqpets.com\/product\/adjustable-dog-harness-and-leash-set\/#breadcrumb\"},\"inLanguage\":\"es\",\"potentialAction\":[{\"@type\":\"ReadAction\",\"target\":[\"https:\/\/qqpets.com\/product\/adjustable-dog-harness-and-leash-set\/\"]}]},{\"@type\":\"ImageObject\",\"inLanguage\":\"es\",\"@id\":\"https:\/\/qqpets.com\/product\/adjustable-dog-harness-and-leash-set\/#primaryimage\",\"url\":\"https:\/\/qqpets.com\/wp-content\/uploads\/2024\/08\/padding-dog-harness.webp\",\"contentUrl\":\"https:\/\/qqpets.com\/wp-content\/uploads\/2024\/08\/padding-dog-harness.webp\",\"width\":1600,\"height\":1600},{\"@type\":\"BreadcrumbList\",\"@id\":\"https:\/\/qqpets.com\/product\/adjustable-dog-harness-and-leash-set\/#breadcrumb\",\"itemListElement\":[{\"@type\":\"ListItem\",\"position\":1,\"name\":\"Home\",\"item\":\"https:\/\/qqpets.com\/\"},{\"@type\":\"ListItem\",\"position\":2,\"name\":\"Products\",\"item\":\"https:\/\/qqpets.com\/pet-products-manufacturer\/\"},{\"@type\":\"ListItem\",\"position\":3,\"name\":\"Neoprene Padding Adjustable Dog Harness And Leash Set\"}]},{\"@type\":\"WebSite\",\"@id\":\"https:\/\/qqpets.com\/#website\",\"url\":\"https:\/\/qqpets.com\/\",\"name\":\"QQPETS\",\"description\":\"QQPETS is a pet products factory for dog harnesses, dog collars, dog leashes and dog accessories with professional customized service since 2005.\",\"publisher\":{\"@id\":\"https:\/\/qqpets.com\/#organization\"},\"potentialAction\":[{\"@type\":\"SearchAction\",\"target\":{\"@type\":\"EntryPoint\",\"urlTemplate\":\"https:\/\/qqpets.com\/?s={search_term_string}\"},\"query-input\":{\"@type\":\"PropertyValueSpecification\",\"valueRequired\":true,\"valueName\":\"search_term_string\"}}],\"inLanguage\":\"es\"},{\"@type\":\"Organization\",\"@id\":\"https:\/\/qqpets.com\/#organization\",\"name\":\"QQPETS\",\"url\":\"https:\/\/qqpets.com\/\",\"logo\":{\"@type\":\"ImageObject\",\"inLanguage\":\"es\",\"@id\":\"https:\/\/qqpets.com\/#\/schema\/logo\/image\/\",\"url\":\"https:\/\/qqpets.com\/wp-content\/uploads\/2023\/09\/cropped-cropped-qqpets-tiktok.jpg\",\"contentUrl\":\"https:\/\/qqpets.com\/wp-content\/uploads\/2023\/09\/cropped-cropped-qqpets-tiktok.jpg\",\"width\":511,\"height\":511,\"caption\":\"QQPETS\"},\"image\":{\"@id\":\"https:\/\/qqpets.com\/#\/schema\/logo\/image\/\"},\"sameAs\":[\"https:\/\/www.facebook.com\/QQpetsdogcollars\",\"https:\/\/www.instagram.com\/qqpetscollar\/\",\"https:\/\/www.pinterest.com\/qqpetsdogcollarsfactory\/\"]}]}<\/script>\n<!-- \/ Yoast SEO plugin. -->","yoast_head_json":{"title":"Acolchado de neopreno ajustable arn\u00e9s del perro y correa Set | QQPETS","description":"La comodidad se une al estilo con nuestro arn\u00e9s ajustable de neopreno para perros. Ajuste perfecto para cualquier perro. Duradero y con estilo. \u00a1Compre ahora!","robots":{"index":"index","follow":"follow","max-snippet":"max-snippet:-1","max-image-preview":"max-image-preview:large","max-video-preview":"max-video-preview:-1"},"canonical":"https:\/\/qqpets.com\/es\/producto\/adjustable-dog-harness-and-leash-set\/","og_locale":"es_ES","og_type":"article","og_title":"Neoprene Padding Adjustable Dog Harness And Leash Set | QQPETS","og_description":"Comfort meets style with our Neoprene Adjustable Dog Harness. Perfect fit for any dog. Durable & stylish. Shop now!","og_url":"https:\/\/qqpets.com\/es\/producto\/adjustable-dog-harness-and-leash-set\/","og_site_name":"QQPETS","article_publisher":"https:\/\/www.facebook.com\/QQpetsdogcollars","article_modified_time":"2024-11-13T06:00:30+00:00","og_image":[{"width":1600,"height":1600,"url":"https:\/\/qqpets.com\/wp-content\/uploads\/2024\/08\/padding-dog-harness.webp","type":"image\/webp"}],"twitter_card":"summary_large_image","twitter_misc":{"Tiempo de lectura":"4 minutos"},"schema":{"@context":"https:\/\/schema.org","@graph":[{"@type":"WebPage","@id":"https:\/\/qqpets.com\/product\/adjustable-dog-harness-and-leash-set\/","url":"https:\/\/qqpets.com\/product\/adjustable-dog-harness-and-leash-set\/","name":"Acolchado de neopreno ajustable arn\u00e9s del perro y correa Set | QQPETS","isPartOf":{"@id":"https:\/\/qqpets.com\/#website"},"primaryImageOfPage":{"@id":"https:\/\/qqpets.com\/product\/adjustable-dog-harness-and-leash-set\/#primaryimage"},"image":{"@id":"https:\/\/qqpets.com\/product\/adjustable-dog-harness-and-leash-set\/#primaryimage"},"thumbnailUrl":"https:\/\/qqpets.com\/wp-content\/uploads\/2024\/08\/padding-dog-harness.webp","datePublished":"2024-08-31T08:29:37+00:00","dateModified":"2024-11-13T06:00:30+00:00","description":"La comodidad se une al estilo con nuestro arn\u00e9s ajustable de neopreno para perros. Ajuste perfecto para cualquier perro. Duradero y con estilo. \u00a1Compre ahora!","breadcrumb":{"@id":"https:\/\/qqpets.com\/product\/adjustable-dog-harness-and-leash-set\/#breadcrumb"},"inLanguage":"es","potentialAction":[{"@type":"ReadAction","target":["https:\/\/qqpets.com\/product\/adjustable-dog-harness-and-leash-set\/"]}]},{"@type":"ImageObject","inLanguage":"es","@id":"https:\/\/qqpets.com\/product\/adjustable-dog-harness-and-leash-set\/#primaryimage","url":"https:\/\/qqpets.com\/wp-content\/uploads\/2024\/08\/padding-dog-harness.webp","contentUrl":"https:\/\/qqpets.com\/wp-content\/uploads\/2024\/08\/padding-dog-harness.webp","width":1600,"height":1600},{"@type":"BreadcrumbList","@id":"https:\/\/qqpets.com\/product\/adjustable-dog-harness-and-leash-set\/#breadcrumb","itemListElement":[{"@type":"ListItem","position":1,"name":"Home","item":"https:\/\/qqpets.com\/"},{"@type":"ListItem","position":2,"name":"Products","item":"https:\/\/qqpets.com\/pet-products-manufacturer\/"},{"@type":"ListItem","position":3,"name":"Neoprene Padding Adjustable Dog Harness And Leash Set"}]},{"@type":"WebSite","@id":"https:\/\/qqpets.com\/#website","url":"https:\/\/qqpets.com\/","name":"QQPETS","description":"QQPETS es una f\u00e1brica de productos para mascotas como arneses para perros, collares para perros, correas para perros y accesorios para perros con un servicio profesional personalizado desde 2005.","publisher":{"@id":"https:\/\/qqpets.com\/#organization"},"potentialAction":[{"@type":"SearchAction","target":{"@type":"EntryPoint","urlTemplate":"https:\/\/qqpets.com\/?s={search_term_string}"},"query-input":{"@type":"PropertyValueSpecification","valueRequired":true,"valueName":"search_term_string"}}],"inLanguage":"es"},{"@type":"Organization","@id":"https:\/\/qqpets.com\/#organization","name":"QQPETS","url":"https:\/\/qqpets.com\/","logo":{"@type":"ImageObject","inLanguage":"es","@id":"https:\/\/qqpets.com\/#\/schema\/logo\/image\/","url":"https:\/\/qqpets.com\/wp-content\/uploads\/2023\/09\/cropped-cropped-qqpets-tiktok.jpg","contentUrl":"https:\/\/qqpets.com\/wp-content\/uploads\/2023\/09\/cropped-cropped-qqpets-tiktok.jpg","width":511,"height":511,"caption":"QQPETS"},"image":{"@id":"https:\/\/qqpets.com\/#\/schema\/logo\/image\/"},"sameAs":["https:\/\/www.facebook.com\/QQpetsdogcollars","https:\/\/www.instagram.com\/qqpetscollar\/","https:\/\/www.pinterest.com\/qqpetsdogcollarsfactory\/"]}]}},"_links":{"self":[{"href":"https:\/\/qqpets.com\/es\/wp-json\/wp\/v2\/product\/7682","targetHints":{"allow":["GET"]}}],"collection":[{"href":"https:\/\/qqpets.com\/es\/wp-json\/wp\/v2\/product"}],"about":[{"href":"https:\/\/qqpets.com\/es\/wp-json\/wp\/v2\/types\/product"}],"wp:featuredmedia":[{"embeddable":true,"href":"https:\/\/qqpets.com\/es\/wp-json\/wp\/v2\/media\/7683"}],"wp:attachment":[{"href":"https:\/\/qqpets.com\/es\/wp-json\/wp\/v2\/media?parent=7682"}],"wp:term":[{"taxonomy":"product_brand","embeddable":true,"href":"https:\/\/qqpets.com\/es\/wp-json\/wp\/v2\/product_brand?post=7682"},{"taxonomy":"product_cat","embeddable":true,"href":"https:\/\/qqpets.com\/es\/wp-json\/wp\/v2\/product_cat?post=7682"},{"taxonomy":"product_tag","embeddable":true,"href":"https:\/\/qqpets.com\/es\/wp-json\/wp\/v2\/product_tag?post=7682"}],"curies":[{"name":"wp","href":"https:\/\/api.w.org\/{rel}","templated":true}]}}