{"id":7727,"date":"2024-09-02T10:28:26","date_gmt":"2024-09-02T02:28:26","guid":{"rendered":"https:\/\/qqpets.com\/?post_type=product&#038;p=7727"},"modified":"2024-09-24T17:54:22","modified_gmt":"2024-09-24T09:54:22","slug":"no-pull-dog-harness","status":"publish","type":"product","link":"https:\/\/qqpets.com\/es\/producto\/no-pull-dog-harness\/","title":{"rendered":"Arn\u00e9s para perros No Pull"},"content":{"rendered":"<p>Presentamos el arn\u00e9s para perros No Pull, su soluci\u00f3n definitiva para una experiencia de paseo m\u00e1s controlada y c\u00f3moda. Este innovador arn\u00e9s est\u00e1 dise\u00f1ado espec\u00edficamente para desalentar los tirones, ayud\u00e1ndole a controlar los movimientos de su perro con facilidad y evitar el estr\u00e9s de los tirones.<\/p>\n<p>La caracter\u00edstica clave de este arn\u00e9s es el exclusivo enganche frontal de la correa, que redirige suavemente el impulso hacia delante de su perro hacia un lado en lugar de permitir que tire directamente de la correa. Este m\u00e9todo no s\u00f3lo reduce los tirones, sino que tambi\u00e9n ayuda a adiestrar a su perro para que camine a su lado sin necesidad de correcciones severas.<\/p>\n<p>La ajustabilidad es crucial, y este arn\u00e9s la ofrece con correas totalmente ajustables que garantizan un ajuste ce\u00f1ido y seguro en cualquier raza de perro. Fabricado con materiales duraderos de alta calidad, resiste los rigores diarios de los paseos y las actividades al aire libre, lo que garantiza un uso prolongado.<\/p>\n<p>Ideal tanto para due\u00f1os novatos como para adiestradores experimentados, el arn\u00e9s para perros No Pull es una herramienta imprescindible para mejorar los h\u00e1bitos de paseo y reforzar el v\u00ednculo entre usted y su mascota. Tanto si se trata de un cachorro entusiasta como de un perro adulto fuerte, este arn\u00e9s hace que pasear sea un placer, no una tarea.<\/p>\n<h6><strong>\u00bfCu\u00e1l es el mejor arn\u00e9s para evitar que un perro tire?<\/strong><\/h6>\n<p>El arn\u00e9s Easy Walk de PetSafe es muy recomendable para evitar que los perros tiren, ya que cuenta con un enganche frontal para la correa que redirige al perro hacia usted cuando intenta tirar.<\/p>\n<h6><strong>\u00bfFuncionan realmente los arneses para perros sin tir\u00f3n?<\/strong><\/h6>\n<p>S\u00ed, los arneses antitirones para perros pueden ser eficaces al desalentar los tirones mediante la reorientaci\u00f3n y una presi\u00f3n suave, haciendo que al perro le resulte inc\u00f3modo seguir tirando.<\/p>\n<h6><strong>\u00bfCu\u00e1l es la diferencia entre un arn\u00e9s sin tir\u00f3n y un arn\u00e9s normal?<\/strong><\/h6>\n<p>Un arn\u00e9s sin tirones suele tener enganches delanteros para la correa o dise\u00f1os especiales que ejercen una presi\u00f3n suave para disuadir de los tirones, mientras que un arn\u00e9s normal suele tener el enganche de la correa en la parte trasera y no evita los tirones.<\/p>\n<h6><strong>\u00bfPor qu\u00e9 a los adiestradores de perros no les gustan los arneses?<\/strong><\/h6>\n<p>Algunos adiestradores de perros creen que los arneses pueden fomentar los tirones porque permiten a los perros utilizar el peso de su cuerpo para tirar de forma m\u00e1s eficaz, y puede que no proporcionen suficiente control durante el adiestramiento para determinados comportamientos.<\/p>\n<h6><strong>\u00bfC\u00f3mo puedo evitar que mi perro d\u00e9 tirones extremos?<\/strong><\/h6>\n<p>El adiestramiento constante con refuerzo positivo, combinado con el uso de un arn\u00e9s antitirones, puede reducir eficazmente los tirones extremos. El adiestramiento debe incluir \u00f3rdenes como \"tal\u00f3n\" y recompensar al perro por mantener la correa suelta.<\/p>\n<h6><strong>\u00bfEs mejor un collar o un arn\u00e9s para los tirones?<\/strong><\/h6>\n<p>Un arn\u00e9s suele ser mejor que un collar para los perros que tiran. Un arn\u00e9s distribuye la presi\u00f3n m\u00e1s uniformemente alrededor del cuerpo del perro, reduciendo la tensi\u00f3n en el cuello y proporcionando un mejor control al propietario.<\/p>","protected":false},"excerpt":{"rendered":"<p>Transforme sus paseos con nuestro arn\u00e9s para perros No Pull, dise\u00f1ado para desalentar los tirones y mejorar el control. Este arn\u00e9s cuenta con un dise\u00f1o \u00fanico de lazo frontal que redirige suavemente el movimiento de su perro sin causar molestias. Ajustable para un ajuste perfecto, est\u00e1 fabricado con materiales duraderos para un uso prolongado. Ideal para el adiestramiento o los paseos diarios, proporciona una experiencia c\u00f3moda y sin estr\u00e9s tanto para la mascota como para el due\u00f1o.<\/p>","protected":false},"featured_media":8231,"template":"","meta":[],"product_brand":[],"product_cat":[23],"product_tag":[],"class_list":{"0":"post-7727","1":"product","2":"type-product","3":"status-publish","4":"has-post-thumbnail","6":"product_cat-dog-harness","7":"pa_brand-qqpets","9":"first","10":"instock","11":"shipping-taxable","12":"product-type-simple"},"yoast_head":"<!-- This site is optimized with the Yoast SEO plugin v26.6 - https:\/\/yoast.com\/wordpress\/plugins\/seo\/ -->\n<title>No Pull Dog Harness | QQPETS<\/title>\n<meta name=\"description\" content=\"Master the walk with our No Pull Dog Harness. Reduce pulling and enhance control. Shop now for comfort!\" \/>\n<meta name=\"robots\" content=\"index, follow, max-snippet:-1, max-image-preview:large, max-video-preview:-1\" \/>\n<link rel=\"canonical\" href=\"https:\/\/qqpets.com\/es\/producto\/no-pull-dog-harness\/\" \/>\n<meta property=\"og:locale\" content=\"es_ES\" \/>\n<meta property=\"og:type\" content=\"article\" \/>\n<meta property=\"og:title\" content=\"No Pull Dog Harness | QQPETS\" \/>\n<meta property=\"og:description\" content=\"Master the walk with our No Pull Dog Harness. Reduce pulling and enhance control. Shop now for comfort!\" \/>\n<meta property=\"og:url\" content=\"https:\/\/qqpets.com\/es\/producto\/no-pull-dog-harness\/\" \/>\n<meta property=\"og:site_name\" content=\"QQPETS\" \/>\n<meta property=\"article:publisher\" content=\"https:\/\/www.facebook.com\/QQpetsdogcollars\" \/>\n<meta property=\"article:modified_time\" content=\"2024-09-24T09:54:22+00:00\" \/>\n<meta property=\"og:image\" content=\"https:\/\/qqpets.com\/wp-content\/uploads\/2024\/09\/no-pull-dog-harness-black-extra-large.webp\" \/>\n\t<meta property=\"og:image:width\" content=\"1000\" \/>\n\t<meta property=\"og:image:height\" content=\"1000\" \/>\n\t<meta property=\"og:image:type\" content=\"image\/webp\" \/>\n<meta name=\"twitter:card\" content=\"summary_large_image\" \/>\n<meta name=\"twitter:label1\" content=\"Tiempo de lectura\" \/>\n\t<meta name=\"twitter:data1\" content=\"3 minutos\" \/>\n<script type=\"application\/ld+json\" class=\"yoast-schema-graph\">{\"@context\":\"https:\/\/schema.org\",\"@graph\":[{\"@type\":\"WebPage\",\"@id\":\"https:\/\/qqpets.com\/product\/no-pull-dog-harness\/\",\"url\":\"https:\/\/qqpets.com\/product\/no-pull-dog-harness\/\",\"name\":\"No Pull Dog Harness | QQPETS\",\"isPartOf\":{\"@id\":\"https:\/\/qqpets.com\/#website\"},\"primaryImageOfPage\":{\"@id\":\"https:\/\/qqpets.com\/product\/no-pull-dog-harness\/#primaryimage\"},\"image\":{\"@id\":\"https:\/\/qqpets.com\/product\/no-pull-dog-harness\/#primaryimage\"},\"thumbnailUrl\":\"https:\/\/qqpets.com\/wp-content\/uploads\/2024\/09\/no-pull-dog-harness-black-extra-large.webp\",\"datePublished\":\"2024-09-02T02:28:26+00:00\",\"dateModified\":\"2024-09-24T09:54:22+00:00\",\"description\":\"Master the walk with our No Pull Dog Harness. Reduce pulling and enhance control. Shop now for comfort!\",\"breadcrumb\":{\"@id\":\"https:\/\/qqpets.com\/product\/no-pull-dog-harness\/#breadcrumb\"},\"inLanguage\":\"es\",\"potentialAction\":[{\"@type\":\"ReadAction\",\"target\":[\"https:\/\/qqpets.com\/product\/no-pull-dog-harness\/\"]}]},{\"@type\":\"ImageObject\",\"inLanguage\":\"es\",\"@id\":\"https:\/\/qqpets.com\/product\/no-pull-dog-harness\/#primaryimage\",\"url\":\"https:\/\/qqpets.com\/wp-content\/uploads\/2024\/09\/no-pull-dog-harness-black-extra-large.webp\",\"contentUrl\":\"https:\/\/qqpets.com\/wp-content\/uploads\/2024\/09\/no-pull-dog-harness-black-extra-large.webp\",\"width\":1000,\"height\":1000,\"caption\":\"no-pull-dog-harness-black-extra-large\"},{\"@type\":\"BreadcrumbList\",\"@id\":\"https:\/\/qqpets.com\/product\/no-pull-dog-harness\/#breadcrumb\",\"itemListElement\":[{\"@type\":\"ListItem\",\"position\":1,\"name\":\"Home\",\"item\":\"https:\/\/qqpets.com\/\"},{\"@type\":\"ListItem\",\"position\":2,\"name\":\"Products\",\"item\":\"https:\/\/qqpets.com\/pet-products-manufacturer\/\"},{\"@type\":\"ListItem\",\"position\":3,\"name\":\"No Pull Dog Harness\"}]},{\"@type\":\"WebSite\",\"@id\":\"https:\/\/qqpets.com\/#website\",\"url\":\"https:\/\/qqpets.com\/\",\"name\":\"QQPETS\",\"description\":\"QQPETS is a pet products factory for dog harnesses, dog collars, dog leashes and dog accessories with professional customized service since 2005.\",\"publisher\":{\"@id\":\"https:\/\/qqpets.com\/#organization\"},\"potentialAction\":[{\"@type\":\"SearchAction\",\"target\":{\"@type\":\"EntryPoint\",\"urlTemplate\":\"https:\/\/qqpets.com\/?s={search_term_string}\"},\"query-input\":{\"@type\":\"PropertyValueSpecification\",\"valueRequired\":true,\"valueName\":\"search_term_string\"}}],\"inLanguage\":\"es\"},{\"@type\":\"Organization\",\"@id\":\"https:\/\/qqpets.com\/#organization\",\"name\":\"QQPETS\",\"url\":\"https:\/\/qqpets.com\/\",\"logo\":{\"@type\":\"ImageObject\",\"inLanguage\":\"es\",\"@id\":\"https:\/\/qqpets.com\/#\/schema\/logo\/image\/\",\"url\":\"https:\/\/qqpets.com\/wp-content\/uploads\/2023\/09\/cropped-cropped-qqpets-tiktok.jpg\",\"contentUrl\":\"https:\/\/qqpets.com\/wp-content\/uploads\/2023\/09\/cropped-cropped-qqpets-tiktok.jpg\",\"width\":511,\"height\":511,\"caption\":\"QQPETS\"},\"image\":{\"@id\":\"https:\/\/qqpets.com\/#\/schema\/logo\/image\/\"},\"sameAs\":[\"https:\/\/www.facebook.com\/QQpetsdogcollars\",\"https:\/\/www.instagram.com\/qqpetscollar\/\",\"https:\/\/www.pinterest.com\/qqpetsdogcollarsfactory\/\"]}]}<\/script>\n<!-- \/ Yoast SEO plugin. -->","yoast_head_json":{"title":"Arn\u00e9s para perro No Pull | QQPETS","description":"Domine el paseo con nuestro arn\u00e9s para perros No Pull. Reduce los tirones y mejora el control. \u00a1Compre ahora para mayor comodidad!","robots":{"index":"index","follow":"follow","max-snippet":"max-snippet:-1","max-image-preview":"max-image-preview:large","max-video-preview":"max-video-preview:-1"},"canonical":"https:\/\/qqpets.com\/es\/producto\/no-pull-dog-harness\/","og_locale":"es_ES","og_type":"article","og_title":"No Pull Dog Harness | QQPETS","og_description":"Master the walk with our No Pull Dog Harness. Reduce pulling and enhance control. Shop now for comfort!","og_url":"https:\/\/qqpets.com\/es\/producto\/no-pull-dog-harness\/","og_site_name":"QQPETS","article_publisher":"https:\/\/www.facebook.com\/QQpetsdogcollars","article_modified_time":"2024-09-24T09:54:22+00:00","og_image":[{"width":1000,"height":1000,"url":"https:\/\/qqpets.com\/wp-content\/uploads\/2024\/09\/no-pull-dog-harness-black-extra-large.webp","type":"image\/webp"}],"twitter_card":"summary_large_image","twitter_misc":{"Tiempo de lectura":"3 minutos"},"schema":{"@context":"https:\/\/schema.org","@graph":[{"@type":"WebPage","@id":"https:\/\/qqpets.com\/product\/no-pull-dog-harness\/","url":"https:\/\/qqpets.com\/product\/no-pull-dog-harness\/","name":"Arn\u00e9s para perro No Pull | QQPETS","isPartOf":{"@id":"https:\/\/qqpets.com\/#website"},"primaryImageOfPage":{"@id":"https:\/\/qqpets.com\/product\/no-pull-dog-harness\/#primaryimage"},"image":{"@id":"https:\/\/qqpets.com\/product\/no-pull-dog-harness\/#primaryimage"},"thumbnailUrl":"https:\/\/qqpets.com\/wp-content\/uploads\/2024\/09\/no-pull-dog-harness-black-extra-large.webp","datePublished":"2024-09-02T02:28:26+00:00","dateModified":"2024-09-24T09:54:22+00:00","description":"Domine el paseo con nuestro arn\u00e9s para perros No Pull. Reduce los tirones y mejora el control. \u00a1Compre ahora para mayor comodidad!","breadcrumb":{"@id":"https:\/\/qqpets.com\/product\/no-pull-dog-harness\/#breadcrumb"},"inLanguage":"es","potentialAction":[{"@type":"ReadAction","target":["https:\/\/qqpets.com\/product\/no-pull-dog-harness\/"]}]},{"@type":"ImageObject","inLanguage":"es","@id":"https:\/\/qqpets.com\/product\/no-pull-dog-harness\/#primaryimage","url":"https:\/\/qqpets.com\/wp-content\/uploads\/2024\/09\/no-pull-dog-harness-black-extra-large.webp","contentUrl":"https:\/\/qqpets.com\/wp-content\/uploads\/2024\/09\/no-pull-dog-harness-black-extra-large.webp","width":1000,"height":1000,"caption":"no-pull-dog-harness-black-extra-large"},{"@type":"BreadcrumbList","@id":"https:\/\/qqpets.com\/product\/no-pull-dog-harness\/#breadcrumb","itemListElement":[{"@type":"ListItem","position":1,"name":"Home","item":"https:\/\/qqpets.com\/"},{"@type":"ListItem","position":2,"name":"Products","item":"https:\/\/qqpets.com\/pet-products-manufacturer\/"},{"@type":"ListItem","position":3,"name":"No Pull Dog Harness"}]},{"@type":"WebSite","@id":"https:\/\/qqpets.com\/#website","url":"https:\/\/qqpets.com\/","name":"QQPETS","description":"QQPETS es una f\u00e1brica de productos para mascotas como arneses para perros, collares para perros, correas para perros y accesorios para perros con un servicio profesional personalizado desde 2005.","publisher":{"@id":"https:\/\/qqpets.com\/#organization"},"potentialAction":[{"@type":"SearchAction","target":{"@type":"EntryPoint","urlTemplate":"https:\/\/qqpets.com\/?s={search_term_string}"},"query-input":{"@type":"PropertyValueSpecification","valueRequired":true,"valueName":"search_term_string"}}],"inLanguage":"es"},{"@type":"Organization","@id":"https:\/\/qqpets.com\/#organization","name":"QQPETS","url":"https:\/\/qqpets.com\/","logo":{"@type":"ImageObject","inLanguage":"es","@id":"https:\/\/qqpets.com\/#\/schema\/logo\/image\/","url":"https:\/\/qqpets.com\/wp-content\/uploads\/2023\/09\/cropped-cropped-qqpets-tiktok.jpg","contentUrl":"https:\/\/qqpets.com\/wp-content\/uploads\/2023\/09\/cropped-cropped-qqpets-tiktok.jpg","width":511,"height":511,"caption":"QQPETS"},"image":{"@id":"https:\/\/qqpets.com\/#\/schema\/logo\/image\/"},"sameAs":["https:\/\/www.facebook.com\/QQpetsdogcollars","https:\/\/www.instagram.com\/qqpetscollar\/","https:\/\/www.pinterest.com\/qqpetsdogcollarsfactory\/"]}]}},"_links":{"self":[{"href":"https:\/\/qqpets.com\/es\/wp-json\/wp\/v2\/product\/7727","targetHints":{"allow":["GET"]}}],"collection":[{"href":"https:\/\/qqpets.com\/es\/wp-json\/wp\/v2\/product"}],"about":[{"href":"https:\/\/qqpets.com\/es\/wp-json\/wp\/v2\/types\/product"}],"wp:featuredmedia":[{"embeddable":true,"href":"https:\/\/qqpets.com\/es\/wp-json\/wp\/v2\/media\/8231"}],"wp:attachment":[{"href":"https:\/\/qqpets.com\/es\/wp-json\/wp\/v2\/media?parent=7727"}],"wp:term":[{"taxonomy":"product_brand","embeddable":true,"href":"https:\/\/qqpets.com\/es\/wp-json\/wp\/v2\/product_brand?post=7727"},{"taxonomy":"product_cat","embeddable":true,"href":"https:\/\/qqpets.com\/es\/wp-json\/wp\/v2\/product_cat?post=7727"},{"taxonomy":"product_tag","embeddable":true,"href":"https:\/\/qqpets.com\/es\/wp-json\/wp\/v2\/product_tag?post=7727"}],"curies":[{"name":"wp","href":"https:\/\/api.w.org\/{rel}","templated":true}]}}