{"id":7762,"date":"2024-09-02T16:36:21","date_gmt":"2024-09-02T08:36:21","guid":{"rendered":"https:\/\/qqpets.com\/?post_type=product&#038;p=7762"},"modified":"2024-09-02T16:36:21","modified_gmt":"2024-09-02T08:36:21","slug":"nylon-dog-collar","status":"publish","type":"product","link":"https:\/\/qqpets.com\/es\/producto\/nylon-dog-collar\/","title":{"rendered":"Collar de perro de nylon"},"content":{"rendered":"<p>Introducir una mezcla de comodidad, estilo y durabilidad a la rutina diaria de su mascota con nuestro collar de perro de nylon. Este collar de alta calidad est\u00e1 hecho de material de nylon de primera calidad, conocida por su resistencia y longevidad. Su dise\u00f1o ligero garantiza que su mascota lo lleve c\u00f3modamente durante todo el d\u00eda, ya sea en casa, de paseo o jugando.<\/p>\n<p>La caracter\u00edstica ajustable del collar permite un ajuste preciso, para perros de todos los tama\u00f1os y razas. La hebilla f\u00e1cil de usar hace que poner y quitar el collar sea coser y cantar, garantizando una experiencia sin complicaciones tanto para la mascota como para el due\u00f1o.<\/p>\n<p>Con una robusta anilla en D, nuestro collar proporciona un punto de sujeci\u00f3n seguro para las correas, por lo que es ideal para los paseos diarios y las sesiones de adiestramiento. La resistencia del nylon garantiza que resista la presi\u00f3n, proporcion\u00e1ndote la tranquilidad de saber que tu mascota est\u00e1 bien sujeta.<\/p>\n<p>Disponible en una variedad de colores vibrantes, nuestro collar de perro de nylon le permite personalizar el aspecto de su mascota. Tanto si prefiere tonos cl\u00e1sicos como brillantes, puede encontrar el color perfecto para reflejar la personalidad y el estilo de su perro.<\/p>\n<p>Perfecto para los due\u00f1os de mascotas que buscan un collar fiable y sin complicaciones, nuestro collar de nylon para perros ofrece una soluci\u00f3n pr\u00e1ctica que no compromete la calidad ni la est\u00e9tica. Equipa a tu mascota con este accesorio esencial para sus aventuras diarias y disfruta de la combinaci\u00f3n perfecta de funcionalidad y moda.<\/p>\n<h5><strong>\u00bfSon buenos los collares de nailon para los perros?<\/strong><\/h5>\n<p>S\u00ed, los collares de nylon son buenos para los perros, ya que son duraderos, ligeros y est\u00e1n disponibles en una gran variedad de colores y estilos. Tambi\u00e9n son f\u00e1ciles de limpiar y mantener, por lo que son una opci\u00f3n popular para el uso diario.<\/p>\n<h5><strong>\u00bfQu\u00e9 material es mejor para los collares de perro?<\/strong><\/h5>\n<p>El mejor material para los collares de perro depende de las necesidades y actividades de su perro. El nylon es excelente por su durabilidad y facilidad de mantenimiento, mientras que el cuero es preferible por su resistencia y atractivo est\u00e9tico. Para las pieles sensibles, materiales como el algod\u00f3n o el c\u00e1\u00f1amo pueden ser m\u00e1s adecuados por sus propiedades naturales e hipoalerg\u00e9nicas.<\/p>\n<h5><strong>\u00bfEs seguro el tejido de nailon para los perros?<\/strong><\/h5>\n<p>S\u00ed, el tejido de nailon es seguro para los perros. Es un material fuerte y duradero que resiste el desgaste. No obstante, aseg\u00farate de que el collar est\u00e9 bien ajustado para evitar irritaciones o rozaduras, sobre todo si tu perro tiene la piel sensible.<\/p>\n<h5><strong>\u00bfQu\u00e9 tipo de collar es mejor para un perro?<\/strong><\/h5>\n<p>El mejor collar para un perro es el que se ajusta bien, est\u00e1 hecho de un material c\u00f3modo y se adapta al tama\u00f1o, la raza y el estilo de vida de su perro. Los collares planos suelen ser adecuados para la mayor\u00eda de los perros y actividades.<\/p>\n<h5><strong>\u00bfQu\u00e9 tipo de collar recomiendan los veterinarios?<\/strong><\/h5>\n<p>Los veterinarios suelen recomendar collares planos de materiales duraderos, como el nailon o el cuero, equipados con una hebilla de cierre r\u00e1pido para mayor seguridad. Tambi\u00e9n recomiendan collares lo bastante anchos para distribuir la presi\u00f3n uniformemente y no demasiado apretados para evitar ahogos o molestias.<\/p>\n<h5><strong>\u00bfCu\u00e1l es el material m\u00e1s resistente para una correa de perro?<\/strong><\/h5>\n<p>Los materiales m\u00e1s resistentes para una correa de perro son el nylon y el cuero. Las correas de nylon son conocidas por su fuerza y resistencia a la intemperie y al desgaste, mientras que las correas de cuero son favoritas por su durabilidad y su tacto natural, especialmente para los tiradores fuertes.<\/p>","protected":false},"excerpt":{"rendered":"<p>Elija durabilidad y estilo con nuestro collar de perro de nylon. Dise\u00f1ado para el uso diario, que cuenta con la construcci\u00f3n de nylon resistente con una hebilla ajustable para un ajuste perfecto. Este collar es a la vez ligero y fuerte, lo que garantiza la comodidad y fiabilidad. Ideal para todas las razas, incluye un anillo en D de alta resistencia para la fijaci\u00f3n segura de la correa. Disponible en varios colores para combinar con la personalidad de su mascota.<\/p>","protected":false},"featured_media":7235,"template":"","meta":[],"product_brand":[],"product_cat":[26],"product_tag":[],"class_list":{"0":"post-7762","1":"product","2":"type-product","3":"status-publish","4":"has-post-thumbnail","6":"product_cat-dog-collar","7":"pa_brand-qqpets","9":"first","10":"instock","11":"shipping-taxable","12":"product-type-simple"},"yoast_head":"<!-- This site is optimized with the Yoast SEO plugin v26.6 - https:\/\/yoast.com\/wordpress\/plugins\/seo\/ -->\n<title>Nylon Dog Collar | QQPETS<\/title>\n<meta name=\"description\" content=\"Durable Nylon Dog Collar for everyday use. Comfortable, adjustable, and stylish. Perfect for all breeds!\" \/>\n<meta name=\"robots\" content=\"index, follow, max-snippet:-1, max-image-preview:large, max-video-preview:-1\" \/>\n<link rel=\"canonical\" href=\"https:\/\/qqpets.com\/es\/producto\/nylon-dog-collar\/\" \/>\n<meta property=\"og:locale\" content=\"es_ES\" \/>\n<meta property=\"og:type\" content=\"article\" \/>\n<meta property=\"og:title\" content=\"Nylon Dog Collar | QQPETS\" \/>\n<meta property=\"og:description\" content=\"Durable Nylon Dog Collar for everyday use. Comfortable, adjustable, and stylish. Perfect for all breeds!\" \/>\n<meta property=\"og:url\" content=\"https:\/\/qqpets.com\/es\/producto\/nylon-dog-collar\/\" \/>\n<meta property=\"og:site_name\" content=\"QQPETS\" \/>\n<meta property=\"article:publisher\" content=\"https:\/\/www.facebook.com\/QQpetsdogcollars\" \/>\n<meta property=\"og:image\" content=\"https:\/\/qqpets.com\/wp-content\/uploads\/2023\/09\/black-nylon-dog-collar.webp\" \/>\n\t<meta property=\"og:image:width\" content=\"1280\" \/>\n\t<meta property=\"og:image:height\" content=\"1280\" \/>\n\t<meta property=\"og:image:type\" content=\"image\/webp\" \/>\n<meta name=\"twitter:card\" content=\"summary_large_image\" \/>\n<meta name=\"twitter:label1\" content=\"Tiempo de lectura\" \/>\n\t<meta name=\"twitter:data1\" content=\"3 minutos\" \/>\n<script type=\"application\/ld+json\" class=\"yoast-schema-graph\">{\"@context\":\"https:\/\/schema.org\",\"@graph\":[{\"@type\":\"WebPage\",\"@id\":\"https:\/\/qqpets.com\/product\/nylon-dog-collar\/\",\"url\":\"https:\/\/qqpets.com\/product\/nylon-dog-collar\/\",\"name\":\"Nylon Dog Collar | QQPETS\",\"isPartOf\":{\"@id\":\"https:\/\/qqpets.com\/#website\"},\"primaryImageOfPage\":{\"@id\":\"https:\/\/qqpets.com\/product\/nylon-dog-collar\/#primaryimage\"},\"image\":{\"@id\":\"https:\/\/qqpets.com\/product\/nylon-dog-collar\/#primaryimage\"},\"thumbnailUrl\":\"https:\/\/qqpets.com\/wp-content\/uploads\/2023\/09\/black-nylon-dog-collar.webp\",\"datePublished\":\"2024-09-02T08:36:21+00:00\",\"description\":\"Durable Nylon Dog Collar for everyday use. Comfortable, adjustable, and stylish. Perfect for all breeds!\",\"breadcrumb\":{\"@id\":\"https:\/\/qqpets.com\/product\/nylon-dog-collar\/#breadcrumb\"},\"inLanguage\":\"es\",\"potentialAction\":[{\"@type\":\"ReadAction\",\"target\":[\"https:\/\/qqpets.com\/product\/nylon-dog-collar\/\"]}]},{\"@type\":\"ImageObject\",\"inLanguage\":\"es\",\"@id\":\"https:\/\/qqpets.com\/product\/nylon-dog-collar\/#primaryimage\",\"url\":\"https:\/\/qqpets.com\/wp-content\/uploads\/2023\/09\/black-nylon-dog-collar.webp\",\"contentUrl\":\"https:\/\/qqpets.com\/wp-content\/uploads\/2023\/09\/black-nylon-dog-collar.webp\",\"width\":1280,\"height\":1280,\"caption\":\"black-nylon-dog-collar\"},{\"@type\":\"BreadcrumbList\",\"@id\":\"https:\/\/qqpets.com\/product\/nylon-dog-collar\/#breadcrumb\",\"itemListElement\":[{\"@type\":\"ListItem\",\"position\":1,\"name\":\"Home\",\"item\":\"https:\/\/qqpets.com\/\"},{\"@type\":\"ListItem\",\"position\":2,\"name\":\"Products\",\"item\":\"https:\/\/qqpets.com\/pet-products-manufacturer\/\"},{\"@type\":\"ListItem\",\"position\":3,\"name\":\"Nylon Dog Collar\"}]},{\"@type\":\"WebSite\",\"@id\":\"https:\/\/qqpets.com\/#website\",\"url\":\"https:\/\/qqpets.com\/\",\"name\":\"QQPETS\",\"description\":\"QQPETS is a pet products factory for dog harnesses, dog collars, dog leashes and dog accessories with professional customized service since 2005.\",\"publisher\":{\"@id\":\"https:\/\/qqpets.com\/#organization\"},\"potentialAction\":[{\"@type\":\"SearchAction\",\"target\":{\"@type\":\"EntryPoint\",\"urlTemplate\":\"https:\/\/qqpets.com\/?s={search_term_string}\"},\"query-input\":{\"@type\":\"PropertyValueSpecification\",\"valueRequired\":true,\"valueName\":\"search_term_string\"}}],\"inLanguage\":\"es\"},{\"@type\":\"Organization\",\"@id\":\"https:\/\/qqpets.com\/#organization\",\"name\":\"QQPETS\",\"url\":\"https:\/\/qqpets.com\/\",\"logo\":{\"@type\":\"ImageObject\",\"inLanguage\":\"es\",\"@id\":\"https:\/\/qqpets.com\/#\/schema\/logo\/image\/\",\"url\":\"https:\/\/qqpets.com\/wp-content\/uploads\/2023\/09\/cropped-cropped-qqpets-tiktok.jpg\",\"contentUrl\":\"https:\/\/qqpets.com\/wp-content\/uploads\/2023\/09\/cropped-cropped-qqpets-tiktok.jpg\",\"width\":511,\"height\":511,\"caption\":\"QQPETS\"},\"image\":{\"@id\":\"https:\/\/qqpets.com\/#\/schema\/logo\/image\/\"},\"sameAs\":[\"https:\/\/www.facebook.com\/QQpetsdogcollars\",\"https:\/\/www.instagram.com\/qqpetscollar\/\",\"https:\/\/www.pinterest.com\/qqpetsdogcollarsfactory\/\"]}]}<\/script>\n<!-- \/ Yoast SEO plugin. -->","yoast_head_json":{"title":"Collar de perro de nylon | QQPETS","description":"Collar de perro de nylon resistente para uso diario. C\u00f3modo, ajustable y con estilo. \u00a1Perfecto para todas las razas!","robots":{"index":"index","follow":"follow","max-snippet":"max-snippet:-1","max-image-preview":"max-image-preview:large","max-video-preview":"max-video-preview:-1"},"canonical":"https:\/\/qqpets.com\/es\/producto\/nylon-dog-collar\/","og_locale":"es_ES","og_type":"article","og_title":"Nylon Dog Collar | QQPETS","og_description":"Durable Nylon Dog Collar for everyday use. Comfortable, adjustable, and stylish. Perfect for all breeds!","og_url":"https:\/\/qqpets.com\/es\/producto\/nylon-dog-collar\/","og_site_name":"QQPETS","article_publisher":"https:\/\/www.facebook.com\/QQpetsdogcollars","og_image":[{"width":1280,"height":1280,"url":"https:\/\/qqpets.com\/wp-content\/uploads\/2023\/09\/black-nylon-dog-collar.webp","type":"image\/webp"}],"twitter_card":"summary_large_image","twitter_misc":{"Tiempo de lectura":"3 minutos"},"schema":{"@context":"https:\/\/schema.org","@graph":[{"@type":"WebPage","@id":"https:\/\/qqpets.com\/product\/nylon-dog-collar\/","url":"https:\/\/qqpets.com\/product\/nylon-dog-collar\/","name":"Collar de perro de nylon | QQPETS","isPartOf":{"@id":"https:\/\/qqpets.com\/#website"},"primaryImageOfPage":{"@id":"https:\/\/qqpets.com\/product\/nylon-dog-collar\/#primaryimage"},"image":{"@id":"https:\/\/qqpets.com\/product\/nylon-dog-collar\/#primaryimage"},"thumbnailUrl":"https:\/\/qqpets.com\/wp-content\/uploads\/2023\/09\/black-nylon-dog-collar.webp","datePublished":"2024-09-02T08:36:21+00:00","description":"Collar de perro de nylon resistente para uso diario. C\u00f3modo, ajustable y con estilo. \u00a1Perfecto para todas las razas!","breadcrumb":{"@id":"https:\/\/qqpets.com\/product\/nylon-dog-collar\/#breadcrumb"},"inLanguage":"es","potentialAction":[{"@type":"ReadAction","target":["https:\/\/qqpets.com\/product\/nylon-dog-collar\/"]}]},{"@type":"ImageObject","inLanguage":"es","@id":"https:\/\/qqpets.com\/product\/nylon-dog-collar\/#primaryimage","url":"https:\/\/qqpets.com\/wp-content\/uploads\/2023\/09\/black-nylon-dog-collar.webp","contentUrl":"https:\/\/qqpets.com\/wp-content\/uploads\/2023\/09\/black-nylon-dog-collar.webp","width":1280,"height":1280,"caption":"black-nylon-dog-collar"},{"@type":"BreadcrumbList","@id":"https:\/\/qqpets.com\/product\/nylon-dog-collar\/#breadcrumb","itemListElement":[{"@type":"ListItem","position":1,"name":"Home","item":"https:\/\/qqpets.com\/"},{"@type":"ListItem","position":2,"name":"Products","item":"https:\/\/qqpets.com\/pet-products-manufacturer\/"},{"@type":"ListItem","position":3,"name":"Nylon Dog Collar"}]},{"@type":"WebSite","@id":"https:\/\/qqpets.com\/#website","url":"https:\/\/qqpets.com\/","name":"QQPETS","description":"QQPETS es una f\u00e1brica de productos para mascotas como arneses para perros, collares para perros, correas para perros y accesorios para perros con un servicio profesional personalizado desde 2005.","publisher":{"@id":"https:\/\/qqpets.com\/#organization"},"potentialAction":[{"@type":"SearchAction","target":{"@type":"EntryPoint","urlTemplate":"https:\/\/qqpets.com\/?s={search_term_string}"},"query-input":{"@type":"PropertyValueSpecification","valueRequired":true,"valueName":"search_term_string"}}],"inLanguage":"es"},{"@type":"Organization","@id":"https:\/\/qqpets.com\/#organization","name":"QQPETS","url":"https:\/\/qqpets.com\/","logo":{"@type":"ImageObject","inLanguage":"es","@id":"https:\/\/qqpets.com\/#\/schema\/logo\/image\/","url":"https:\/\/qqpets.com\/wp-content\/uploads\/2023\/09\/cropped-cropped-qqpets-tiktok.jpg","contentUrl":"https:\/\/qqpets.com\/wp-content\/uploads\/2023\/09\/cropped-cropped-qqpets-tiktok.jpg","width":511,"height":511,"caption":"QQPETS"},"image":{"@id":"https:\/\/qqpets.com\/#\/schema\/logo\/image\/"},"sameAs":["https:\/\/www.facebook.com\/QQpetsdogcollars","https:\/\/www.instagram.com\/qqpetscollar\/","https:\/\/www.pinterest.com\/qqpetsdogcollarsfactory\/"]}]}},"_links":{"self":[{"href":"https:\/\/qqpets.com\/es\/wp-json\/wp\/v2\/product\/7762","targetHints":{"allow":["GET"]}}],"collection":[{"href":"https:\/\/qqpets.com\/es\/wp-json\/wp\/v2\/product"}],"about":[{"href":"https:\/\/qqpets.com\/es\/wp-json\/wp\/v2\/types\/product"}],"wp:featuredmedia":[{"embeddable":true,"href":"https:\/\/qqpets.com\/es\/wp-json\/wp\/v2\/media\/7235"}],"wp:attachment":[{"href":"https:\/\/qqpets.com\/es\/wp-json\/wp\/v2\/media?parent=7762"}],"wp:term":[{"taxonomy":"product_brand","embeddable":true,"href":"https:\/\/qqpets.com\/es\/wp-json\/wp\/v2\/product_brand?post=7762"},{"taxonomy":"product_cat","embeddable":true,"href":"https:\/\/qqpets.com\/es\/wp-json\/wp\/v2\/product_cat?post=7762"},{"taxonomy":"product_tag","embeddable":true,"href":"https:\/\/qqpets.com\/es\/wp-json\/wp\/v2\/product_tag?post=7762"}],"curies":[{"name":"wp","href":"https:\/\/api.w.org\/{rel}","templated":true}]}}