{"id":7797,"date":"2024-09-03T16:36:52","date_gmt":"2024-09-03T08:36:52","guid":{"rendered":"https:\/\/qqpets.com\/?post_type=product&#038;p=7797"},"modified":"2024-09-03T16:36:52","modified_gmt":"2024-09-03T08:36:52","slug":"martingale-dog-collar","status":"publish","type":"product","link":"https:\/\/qqpets.com\/es\/producto\/martingale-dog-collar\/","title":{"rendered":"Collar para perros Martingale"},"content":{"rendered":"<p>Presentamos nuestro collar Martingale para perros, una herramienta esencial para un adiestramiento eficaz y seguro. Este collar est\u00e1 dise\u00f1ado espec\u00edficamente para proporcionar un mayor control sobre los perros que tienden a tirar sin la dureza de los collares de ahogo tradicionales. Cuenta con un dise\u00f1o de doble bucle que permite que el collar para apretar proporcionalmente en respuesta a tirar, asegurando la correcci\u00f3n suave.<\/p>\n<p>Nuestro collar Martingale est\u00e1 fabricado con materiales de primera calidad para garantizar su durabilidad y soportar el uso diario. La estructura \u00fanica incluye un cierre limitado, lo que significa que el collar se aprieta hasta un punto, pero no ahoga, por lo que es a la vez seguro y eficaz para fines de formaci\u00f3n. Esta caracter\u00edstica es particularmente beneficiosa para las razas propensas a salirse de los collares normales, ya que proporciona un ajuste seguro al tiempo que garantiza la comodidad de su perro.<\/p>\n<p>La ajustabilidad es un componente clave de nuestro collar, lo que permite un ajuste ce\u00f1ido que puede adaptarse al tama\u00f1o espec\u00edfico del cuello de su perro. Esta adaptabilidad hace que sea adecuado para casi cualquier raza, asegurando que el collar proporciona la cantidad correcta de correcci\u00f3n sin molestias.<\/p>\n<p>Ideal para usar en sesiones de adiestramiento, paseos regulares y entornos abarrotados en los que necesite un control adicional, el collar Martingale para perros ayuda a guiar a su perro aplicando una presi\u00f3n uniforme alrededor del cuello en lugar de concentrarla en una sola zona. Este m\u00e9todo es reconocido por los adiestradores por su eficacia y su enfoque humanitario para ense\u00f1ar buenos modales con la correa.<\/p>\n<p>Equipe a su perro con nuestro collar para perros Martingale para garantizarle paseos y experiencias de adiestramiento m\u00e1s seguros y agradables. Es una opci\u00f3n fiable, humana y elegante para los due\u00f1os de mascotas dedicados a proporcionar el mejor cuidado y entrenamiento para sus mascotas.<\/p>\n<h5><strong>\u00bfSon buenos los collares martingale para los perros?<\/strong><\/h5>\n<p>S\u00ed, los collares martingala son buenos para los perros, sobre todo para los que tienen tendencia a soltarse de los collares normales. Proporcionan una alternativa m\u00e1s segura al apretar ligeramente bajo tensi\u00f3n, garantizando un ajuste seguro sin los riesgos asociados a los collares de ahorque.<\/p>\n<h5><strong>\u00bfQu\u00e9 hace una martingala por un perro?<\/strong><\/h5>\n<p>Un collar martingala est\u00e1 dise\u00f1ado para apretar suavemente cuando un perro tira de la correa, proporcionando control y evitando que el perro se salga del collar. Aprieta lo justo para ser eficaz, pero no tanto como para ahogar o da\u00f1ar al perro, por lo que es ideal para el adiestramiento y los paseos.<\/p>\n<h5><strong>\u00bfLos collares martingala evitan los tirones?<\/strong><\/h5>\n<p>Los collares Martingale no impiden intr\u00ednsecamente que un perro tire. Su finalidad es proporcionar un control m\u00e1s seguro a los perros que intentan zafarse del collar. Sin embargo, pueden utilizarse eficazmente como parte de una estrategia de adiestramiento para ense\u00f1ar mejores modales con la correa, proporcionando una retroalimentaci\u00f3n suave cuando un perro tira.<\/p>\n<h5><strong>\u00bfPuede un perro llevar una martingala todo el tiempo?<\/strong><\/h5>\n<p>No se recomienda que un perro lleve un collar martingala todo el tiempo. El collar est\u00e1 dise\u00f1ado para apretar bajo tensi\u00f3n, lo que no es ideal para un uso continuo, especialmente sin supervisi\u00f3n. Debe utilizarse principalmente durante los paseos o las sesiones de adiestramiento y retirarse despu\u00e9s para evitar cualquier riesgo de apriete accidental o lesi\u00f3n.<\/p>","protected":false},"excerpt":{"rendered":"<p>Optimice el adiestramiento con nuestro collar Martingale para perros, dise\u00f1ado para una correcci\u00f3n suave sin asfixia. Este collar aprieta bajo tensi\u00f3n pero tiene un cierre limitado para garantizar que sea seguro y humano. Fabricado con materiales de alta calidad, ofrece durabilidad y comodidad, por lo que es ideal para los paseos diarios y las sesiones de adiestramiento. El dise\u00f1o f\u00e1cil de ajustar garantiza un ajuste perfecto para todas las razas, mejorando el control a la vez que protege el cuello de su perro.<\/p>","protected":false},"featured_media":7323,"template":"","meta":[],"product_brand":[],"product_cat":[26],"product_tag":[],"class_list":{"0":"post-7797","1":"product","2":"type-product","3":"status-publish","4":"has-post-thumbnail","6":"product_cat-dog-collar","7":"pa_brand-qqpets","9":"first","10":"instock","11":"shipping-taxable","12":"product-type-simple"},"yoast_head":"<!-- This site is optimized with the Yoast SEO plugin v26.6 - https:\/\/yoast.com\/wordpress\/plugins\/seo\/ -->\n<title>Martingale Dog Collar | QQPETS<\/title>\n<meta name=\"description\" content=\"Ensure safety with our Martingale Dog Collar. Perfect for training with gentle control. Durable and reliable!\" \/>\n<meta name=\"robots\" content=\"index, follow, max-snippet:-1, max-image-preview:large, max-video-preview:-1\" \/>\n<link rel=\"canonical\" href=\"https:\/\/qqpets.com\/es\/producto\/martingale-dog-collar\/\" \/>\n<meta property=\"og:locale\" content=\"es_ES\" \/>\n<meta property=\"og:type\" content=\"article\" \/>\n<meta property=\"og:title\" content=\"Martingale Dog Collar | QQPETS\" \/>\n<meta property=\"og:description\" content=\"Ensure safety with our Martingale Dog Collar. Perfect for training with gentle control. Durable and reliable!\" \/>\n<meta property=\"og:url\" content=\"https:\/\/qqpets.com\/es\/producto\/martingale-dog-collar\/\" \/>\n<meta property=\"og:site_name\" content=\"QQPETS\" \/>\n<meta property=\"article:publisher\" content=\"https:\/\/www.facebook.com\/QQpetsdogcollars\" \/>\n<meta property=\"og:image\" content=\"https:\/\/qqpets.com\/wp-content\/uploads\/2023\/09\/martingale-dog-collar.webp\" \/>\n\t<meta property=\"og:image:width\" content=\"1000\" \/>\n\t<meta property=\"og:image:height\" content=\"1000\" \/>\n\t<meta property=\"og:image:type\" content=\"image\/webp\" \/>\n<meta name=\"twitter:card\" content=\"summary_large_image\" \/>\n<meta name=\"twitter:label1\" content=\"Tiempo de lectura\" \/>\n\t<meta name=\"twitter:data1\" content=\"3 minutos\" \/>\n<script type=\"application\/ld+json\" class=\"yoast-schema-graph\">{\"@context\":\"https:\/\/schema.org\",\"@graph\":[{\"@type\":\"WebPage\",\"@id\":\"https:\/\/qqpets.com\/product\/martingale-dog-collar\/\",\"url\":\"https:\/\/qqpets.com\/product\/martingale-dog-collar\/\",\"name\":\"Martingale Dog Collar | QQPETS\",\"isPartOf\":{\"@id\":\"https:\/\/qqpets.com\/#website\"},\"primaryImageOfPage\":{\"@id\":\"https:\/\/qqpets.com\/product\/martingale-dog-collar\/#primaryimage\"},\"image\":{\"@id\":\"https:\/\/qqpets.com\/product\/martingale-dog-collar\/#primaryimage\"},\"thumbnailUrl\":\"https:\/\/qqpets.com\/wp-content\/uploads\/2023\/09\/martingale-dog-collar.webp\",\"datePublished\":\"2024-09-03T08:36:52+00:00\",\"description\":\"Ensure safety with our Martingale Dog Collar. Perfect for training with gentle control. Durable and reliable!\",\"breadcrumb\":{\"@id\":\"https:\/\/qqpets.com\/product\/martingale-dog-collar\/#breadcrumb\"},\"inLanguage\":\"es\",\"potentialAction\":[{\"@type\":\"ReadAction\",\"target\":[\"https:\/\/qqpets.com\/product\/martingale-dog-collar\/\"]}]},{\"@type\":\"ImageObject\",\"inLanguage\":\"es\",\"@id\":\"https:\/\/qqpets.com\/product\/martingale-dog-collar\/#primaryimage\",\"url\":\"https:\/\/qqpets.com\/wp-content\/uploads\/2023\/09\/martingale-dog-collar.webp\",\"contentUrl\":\"https:\/\/qqpets.com\/wp-content\/uploads\/2023\/09\/martingale-dog-collar.webp\",\"width\":1000,\"height\":1000,\"caption\":\"martingale dog collar\"},{\"@type\":\"BreadcrumbList\",\"@id\":\"https:\/\/qqpets.com\/product\/martingale-dog-collar\/#breadcrumb\",\"itemListElement\":[{\"@type\":\"ListItem\",\"position\":1,\"name\":\"Home\",\"item\":\"https:\/\/qqpets.com\/\"},{\"@type\":\"ListItem\",\"position\":2,\"name\":\"Products\",\"item\":\"https:\/\/qqpets.com\/pet-products-manufacturer\/\"},{\"@type\":\"ListItem\",\"position\":3,\"name\":\"Martingale Dog Collar\"}]},{\"@type\":\"WebSite\",\"@id\":\"https:\/\/qqpets.com\/#website\",\"url\":\"https:\/\/qqpets.com\/\",\"name\":\"QQPETS\",\"description\":\"QQPETS is a pet products factory for dog harnesses, dog collars, dog leashes and dog accessories with professional customized service since 2005.\",\"publisher\":{\"@id\":\"https:\/\/qqpets.com\/#organization\"},\"potentialAction\":[{\"@type\":\"SearchAction\",\"target\":{\"@type\":\"EntryPoint\",\"urlTemplate\":\"https:\/\/qqpets.com\/?s={search_term_string}\"},\"query-input\":{\"@type\":\"PropertyValueSpecification\",\"valueRequired\":true,\"valueName\":\"search_term_string\"}}],\"inLanguage\":\"es\"},{\"@type\":\"Organization\",\"@id\":\"https:\/\/qqpets.com\/#organization\",\"name\":\"QQPETS\",\"url\":\"https:\/\/qqpets.com\/\",\"logo\":{\"@type\":\"ImageObject\",\"inLanguage\":\"es\",\"@id\":\"https:\/\/qqpets.com\/#\/schema\/logo\/image\/\",\"url\":\"https:\/\/qqpets.com\/wp-content\/uploads\/2023\/09\/cropped-cropped-qqpets-tiktok.jpg\",\"contentUrl\":\"https:\/\/qqpets.com\/wp-content\/uploads\/2023\/09\/cropped-cropped-qqpets-tiktok.jpg\",\"width\":511,\"height\":511,\"caption\":\"QQPETS\"},\"image\":{\"@id\":\"https:\/\/qqpets.com\/#\/schema\/logo\/image\/\"},\"sameAs\":[\"https:\/\/www.facebook.com\/QQpetsdogcollars\",\"https:\/\/www.instagram.com\/qqpetscollar\/\",\"https:\/\/www.pinterest.com\/qqpetsdogcollarsfactory\/\"]}]}<\/script>\n<!-- \/ Yoast SEO plugin. -->","yoast_head_json":{"title":"Collar de perro Martingale | QQPETS","description":"Garantice la seguridad con nuestro collar para perros Martingale. Perfecto para el adiestramiento con un control suave. \u00a1Duradero y fiable!","robots":{"index":"index","follow":"follow","max-snippet":"max-snippet:-1","max-image-preview":"max-image-preview:large","max-video-preview":"max-video-preview:-1"},"canonical":"https:\/\/qqpets.com\/es\/producto\/martingale-dog-collar\/","og_locale":"es_ES","og_type":"article","og_title":"Martingale Dog Collar | QQPETS","og_description":"Ensure safety with our Martingale Dog Collar. Perfect for training with gentle control. Durable and reliable!","og_url":"https:\/\/qqpets.com\/es\/producto\/martingale-dog-collar\/","og_site_name":"QQPETS","article_publisher":"https:\/\/www.facebook.com\/QQpetsdogcollars","og_image":[{"width":1000,"height":1000,"url":"https:\/\/qqpets.com\/wp-content\/uploads\/2023\/09\/martingale-dog-collar.webp","type":"image\/webp"}],"twitter_card":"summary_large_image","twitter_misc":{"Tiempo de lectura":"3 minutos"},"schema":{"@context":"https:\/\/schema.org","@graph":[{"@type":"WebPage","@id":"https:\/\/qqpets.com\/product\/martingale-dog-collar\/","url":"https:\/\/qqpets.com\/product\/martingale-dog-collar\/","name":"Collar de perro Martingale | QQPETS","isPartOf":{"@id":"https:\/\/qqpets.com\/#website"},"primaryImageOfPage":{"@id":"https:\/\/qqpets.com\/product\/martingale-dog-collar\/#primaryimage"},"image":{"@id":"https:\/\/qqpets.com\/product\/martingale-dog-collar\/#primaryimage"},"thumbnailUrl":"https:\/\/qqpets.com\/wp-content\/uploads\/2023\/09\/martingale-dog-collar.webp","datePublished":"2024-09-03T08:36:52+00:00","description":"Garantice la seguridad con nuestro collar para perros Martingale. Perfecto para el adiestramiento con un control suave. \u00a1Duradero y fiable!","breadcrumb":{"@id":"https:\/\/qqpets.com\/product\/martingale-dog-collar\/#breadcrumb"},"inLanguage":"es","potentialAction":[{"@type":"ReadAction","target":["https:\/\/qqpets.com\/product\/martingale-dog-collar\/"]}]},{"@type":"ImageObject","inLanguage":"es","@id":"https:\/\/qqpets.com\/product\/martingale-dog-collar\/#primaryimage","url":"https:\/\/qqpets.com\/wp-content\/uploads\/2023\/09\/martingale-dog-collar.webp","contentUrl":"https:\/\/qqpets.com\/wp-content\/uploads\/2023\/09\/martingale-dog-collar.webp","width":1000,"height":1000,"caption":"martingale dog collar"},{"@type":"BreadcrumbList","@id":"https:\/\/qqpets.com\/product\/martingale-dog-collar\/#breadcrumb","itemListElement":[{"@type":"ListItem","position":1,"name":"Home","item":"https:\/\/qqpets.com\/"},{"@type":"ListItem","position":2,"name":"Products","item":"https:\/\/qqpets.com\/pet-products-manufacturer\/"},{"@type":"ListItem","position":3,"name":"Martingale Dog Collar"}]},{"@type":"WebSite","@id":"https:\/\/qqpets.com\/#website","url":"https:\/\/qqpets.com\/","name":"QQPETS","description":"QQPETS es una f\u00e1brica de productos para mascotas como arneses para perros, collares para perros, correas para perros y accesorios para perros con un servicio profesional personalizado desde 2005.","publisher":{"@id":"https:\/\/qqpets.com\/#organization"},"potentialAction":[{"@type":"SearchAction","target":{"@type":"EntryPoint","urlTemplate":"https:\/\/qqpets.com\/?s={search_term_string}"},"query-input":{"@type":"PropertyValueSpecification","valueRequired":true,"valueName":"search_term_string"}}],"inLanguage":"es"},{"@type":"Organization","@id":"https:\/\/qqpets.com\/#organization","name":"QQPETS","url":"https:\/\/qqpets.com\/","logo":{"@type":"ImageObject","inLanguage":"es","@id":"https:\/\/qqpets.com\/#\/schema\/logo\/image\/","url":"https:\/\/qqpets.com\/wp-content\/uploads\/2023\/09\/cropped-cropped-qqpets-tiktok.jpg","contentUrl":"https:\/\/qqpets.com\/wp-content\/uploads\/2023\/09\/cropped-cropped-qqpets-tiktok.jpg","width":511,"height":511,"caption":"QQPETS"},"image":{"@id":"https:\/\/qqpets.com\/#\/schema\/logo\/image\/"},"sameAs":["https:\/\/www.facebook.com\/QQpetsdogcollars","https:\/\/www.instagram.com\/qqpetscollar\/","https:\/\/www.pinterest.com\/qqpetsdogcollarsfactory\/"]}]}},"_links":{"self":[{"href":"https:\/\/qqpets.com\/es\/wp-json\/wp\/v2\/product\/7797","targetHints":{"allow":["GET"]}}],"collection":[{"href":"https:\/\/qqpets.com\/es\/wp-json\/wp\/v2\/product"}],"about":[{"href":"https:\/\/qqpets.com\/es\/wp-json\/wp\/v2\/types\/product"}],"wp:featuredmedia":[{"embeddable":true,"href":"https:\/\/qqpets.com\/es\/wp-json\/wp\/v2\/media\/7323"}],"wp:attachment":[{"href":"https:\/\/qqpets.com\/es\/wp-json\/wp\/v2\/media?parent=7797"}],"wp:term":[{"taxonomy":"product_brand","embeddable":true,"href":"https:\/\/qqpets.com\/es\/wp-json\/wp\/v2\/product_brand?post=7797"},{"taxonomy":"product_cat","embeddable":true,"href":"https:\/\/qqpets.com\/es\/wp-json\/wp\/v2\/product_cat?post=7797"},{"taxonomy":"product_tag","embeddable":true,"href":"https:\/\/qqpets.com\/es\/wp-json\/wp\/v2\/product_tag?post=7797"}],"curies":[{"name":"wp","href":"https:\/\/api.w.org\/{rel}","templated":true}]}}