{"id":7895,"date":"2024-09-07T15:13:22","date_gmt":"2024-09-07T07:13:22","guid":{"rendered":"https:\/\/qqpets.com\/?post_type=product&#038;p=7895"},"modified":"2024-11-14T16:43:27","modified_gmt":"2024-11-14T08:43:27","slug":"led-no-pull-leash","status":"publish","type":"product","link":"https:\/\/qqpets.com\/es\/producto\/led-no-pull-leash\/","title":{"rendered":"Light Up Manos Libres Asiento del Coche Hebilla Bungee Dog Leash"},"content":{"rendered":"<p>Presentamos la innovadora correa para perros Light Up Hands Free Car Seat Buckle Bungee, la soluci\u00f3n perfecta para los due\u00f1os de mascotas que siempre est\u00e1n en movimiento. Esta correa multifuncional est\u00e1 dise\u00f1ada para mantener a su mascota segura y protegida, tanto en los paseos como en el coche.<\/p>\n<p><strong>Caracter\u00edsticas principales:<\/strong><\/p>\n<ul>\n<li><strong>Iluminaci\u00f3n LED:<\/strong> Equipada con luces LED brillantes, esta correa mejora la visibilidad de tu perro durante las salidas nocturnas o a primera hora de la ma\u00f1ana, garantizando la seguridad en condiciones de poca luz.<\/li>\n<li><strong>Dise\u00f1o Bungee:<\/strong> La cuerda el\u00e1stica incorporada ayuda a absorber los impactos durante los movimientos bruscos, haciendo que los paseos sean m\u00e1s c\u00f3modos tanto para usted como para su mascota al reducir la tensi\u00f3n de los tirones.<\/li>\n<li><strong>Manos libres en la hebilla del asiento del coche:<\/strong> Sujeta f\u00e1cilmente la correa al sistema de hebillas de los asientos de tu coche para viajar seguro. Esta caracter\u00edstica garantiza que tu mascota permanezca sujeta de forma segura mientras conduces, reduciendo las distracciones y aumentando la seguridad.<\/li>\n<li><strong>Materiales duraderos:<\/strong> Fabricada con materiales de alta calidad, esta correa est\u00e1 dise\u00f1ada para soportar los rigores de los paseos diarios y los viajes.<\/li>\n<\/ul>\n<p>Tanto si te vas de viaje por carretera como si simplemente sales a correr, nuestra correa el\u00e1stica para perros con hebilla de asiento de coche manos libres te permite mantener el control y la seguridad sin comprometer la comodidad de tu mascota. La longitud de la correa es perfecto para dar a su perro la libertad suficiente para explorar sin dejar de ser bajo control.<\/p>\n<p>Ideal para aventureros nocturnos y entusiastas de los viajes por igual, esta correa combina seguridad, comodidad y conveniencia, garantizando que cada viaje con su mascota sea agradable y sin estr\u00e9s. P\u00e1sate a nuestra correa avanzada y transforma tu forma de viajar y pasear con tu mascota.<\/p>\n<h5 data-immersive-translate-walked=\"e4de329b-2f8f-4525-aa5e-eeca8caeb592\" data-immersive-translate-paragraph=\"1\"><strong data-immersive-translate-walked=\"e4de329b-2f8f-4525-aa5e-eeca8caeb592\">\u00bfSon buenas las correas el\u00e1sticas para los perros?<\/strong><\/h5>\n<p data-immersive-translate-walked=\"e4de329b-2f8f-4525-aa5e-eeca8caeb592\" data-immersive-translate-paragraph=\"1\">Las correas el\u00e1sticas pueden ser buenas para los perros, ya que ayudan a amortiguar los golpes de los movimientos bruscos, proporcionando un paseo m\u00e1s c\u00f3modo tanto para el perro como para el adiestrador. Sin embargo, pueden no ser ideales para los perros que tiran con mucha fuerza, ya que su elasticidad puede favorecer los tirones.<\/p>\n<h5 data-immersive-translate-walked=\"e4de329b-2f8f-4525-aa5e-eeca8caeb592\" data-immersive-translate-paragraph=\"1\"><strong data-immersive-translate-walked=\"e4de329b-2f8f-4525-aa5e-eeca8caeb592\">\u00bfSon buenas las correas manos libres para los perros que tiran?<\/strong><\/h5>\n<p data-immersive-translate-walked=\"e4de329b-2f8f-4525-aa5e-eeca8caeb592\" data-immersive-translate-paragraph=\"1\">Por lo general, las correas de manos libres no se recomiendan para perros que tiran porque proporcionan menos control inmediato sobre el perro, lo que puede dificultar el manejo de un perro que tiende a tirar con fuerza.<\/p>\n<h5 data-immersive-translate-walked=\"e4de329b-2f8f-4525-aa5e-eeca8caeb592\" data-immersive-translate-paragraph=\"1\"><strong data-immersive-translate-walked=\"e4de329b-2f8f-4525-aa5e-eeca8caeb592\">\u00bfQu\u00e9 es una correa manos libres?<\/strong><\/h5>\n<p data-immersive-translate-walked=\"e4de329b-2f8f-4525-aa5e-eeca8caeb592\" data-immersive-translate-paragraph=\"1\">Una correa manos libres es un tipo de correa para perros que suele sujetarse a la cintura del adiestrador o a trav\u00e9s del cuerpo, lo que permite pasear o correr con las manos libres. Est\u00e1 dise\u00f1ada para mantener al perro cerca y dejar libres las manos del adiestrador.<\/p>\n<h5><strong>\u00bfSon seguras las correas manos libres?<\/strong><\/h5>\n<p>Las correas de manos libres para perros pueden ser seguras si se utilizan correctamente y en las circunstancias adecuadas. Son estupendas para actividades como correr o hacer senderismo, en las que se necesitan las manos libres, pero pueden no ofrecer tanto control como una correa tradicional, sobre todo para los perros propensos a los tirones o a las embestidas repentinas. La seguridad tambi\u00e9n depende de contar con un mecanismo de enganche seguro en la cintura y un cierre r\u00e1pido fiable.<\/p>\n<h5><strong>\u00bfQu\u00e9 correa impide que los perros tiren?<\/strong><\/h5>\n<p>Una correa por s\u00ed sola no puede evitar por completo que un perro tire, pero ciertos tipos de correas y arneses pueden ayudar a controlar y reducir los tirones. El m\u00e1s eficaz suele ser un arn\u00e9s antitirones con un punto de enganche delantero para la correa. Cuando el perro tira, el arn\u00e9s lo redirige hacia el adiestrador, lo que hace que los tirones sean menos gratificantes y m\u00e1s f\u00e1ciles de controlar. Si se combina con un adiestramiento constante, este tipo de arn\u00e9s puede desalentar considerablemente los tirones.<\/p>\n<h5><strong>\u00bfSon buenas las correas el\u00e1sticas para los perros?<\/strong><\/h5>\n<p>Las correas el\u00e1sticas pueden ser beneficiosas tanto para los perros como para sus due\u00f1os, ya que ayudan a absorber el impacto de los movimientos o tirones bruscos, reduciendo la tensi\u00f3n tanto en el cuerpo del perro como en el del adiestrador. Resultan especialmente \u00fatiles en actividades como el footing, en las que los movimientos imprevisibles del perro podr\u00edan provocar tirones de la correa.<\/p>\n<h5><strong>\u00bfDejan de tirar los cables el\u00e1sticos?<\/strong><\/h5>\n<p>Las correas el\u00e1sticas no impiden intr\u00ednsecamente que los perros tiren. Aunque pueden hacer que el tir\u00f3n sea menos brusco al absorber parte de la fuerza, a veces pueden fomentar el tir\u00f3n en algunos perros al proporcionar una resistencia contra la que resulta gratificante tirar.<\/p>\n<h5><strong>\u00bfCu\u00e1l es la mejor correa para ense\u00f1ar a un perro a no tirar?<\/strong><\/h5>\n<p>El mejor tipo de correa para adiestrar a un perro para que no tire suele ser una correa est\u00e1ndar no extensible utilizada junto con un arn\u00e9s antitirones que disponga de un punto de enganche delantero. Esta configuraci\u00f3n ayuda a redirigir el perro hacia usted cuando tratan de tirar, por lo que es m\u00e1s f\u00e1cil de manejar y corregir el comportamiento.<\/p>\n<p>&nbsp;<\/p>","protected":false},"excerpt":{"rendered":"<p>Experimente la m\u00e1xima comodidad con nuestra Light Up Manos Libres Hebilla del asiento del coche Bungee Dog Leash. Dise\u00f1ado para la seguridad y versatilidad, esta correa cuenta con una luz LED brillante para la visibilidad nocturna, una cuerda el\u00e1stica para la absorci\u00f3n de choque, y un manos libres hebilla del asiento del coche para viajar seguro. Perfecto para los due\u00f1os de mascotas activas, que proporciona libertad de movimiento al tiempo que garantiza la seguridad de su mascota durante los paseos y paseos.<\/p>","protected":false},"featured_media":7900,"template":"","meta":[],"product_brand":[],"product_cat":[27,21],"product_tag":[],"class_list":{"0":"post-7895","1":"product","2":"type-product","3":"status-publish","4":"has-post-thumbnail","6":"product_cat-dog-leash","7":"product_cat-led-product","8":"pa_brand-qqpets","10":"first","11":"instock","12":"shipping-taxable","13":"product-type-simple"},"yoast_head":"<!-- This site is optimized with the Yoast SEO plugin v26.6 - https:\/\/yoast.com\/wordpress\/plugins\/seo\/ -->\n<title>Light Up Hands Free Car Seat Buckle Bungee Dog Leash | QQPETS<\/title>\n<meta name=\"description\" content=\"Enhance safety with our Light Up Hands Free Dog Leash. Buckle up for car rides and enjoy bungee flexibility!\" \/>\n<meta name=\"robots\" content=\"index, follow, max-snippet:-1, max-image-preview:large, max-video-preview:-1\" \/>\n<link rel=\"canonical\" href=\"https:\/\/qqpets.com\/es\/producto\/led-no-pull-leash\/\" \/>\n<meta property=\"og:locale\" content=\"es_ES\" \/>\n<meta property=\"og:type\" content=\"article\" \/>\n<meta property=\"og:title\" content=\"Light Up Hands Free Car Seat Buckle Bungee Dog Leash | QQPETS\" \/>\n<meta property=\"og:description\" content=\"Enhance safety with our Light Up Hands Free Dog Leash. Buckle up for car rides and enjoy bungee flexibility!\" \/>\n<meta property=\"og:url\" content=\"https:\/\/qqpets.com\/es\/producto\/led-no-pull-leash\/\" \/>\n<meta property=\"og:site_name\" content=\"QQPETS\" \/>\n<meta property=\"article:publisher\" content=\"https:\/\/www.facebook.com\/QQpetsdogcollars\" \/>\n<meta property=\"article:modified_time\" content=\"2024-11-14T08:43:27+00:00\" \/>\n<meta property=\"og:image\" content=\"https:\/\/qqpets.com\/wp-content\/uploads\/2024\/09\/3.webp\" \/>\n\t<meta property=\"og:image:width\" content=\"800\" \/>\n\t<meta property=\"og:image:height\" content=\"800\" \/>\n\t<meta property=\"og:image:type\" content=\"image\/webp\" \/>\n<meta name=\"twitter:card\" content=\"summary_large_image\" \/>\n<meta name=\"twitter:label1\" content=\"Tiempo de lectura\" \/>\n\t<meta name=\"twitter:data1\" content=\"4 minutos\" \/>\n<script type=\"application\/ld+json\" class=\"yoast-schema-graph\">{\"@context\":\"https:\/\/schema.org\",\"@graph\":[{\"@type\":\"WebPage\",\"@id\":\"https:\/\/qqpets.com\/product\/led-no-pull-leash\/\",\"url\":\"https:\/\/qqpets.com\/product\/led-no-pull-leash\/\",\"name\":\"Light Up Hands Free Car Seat Buckle Bungee Dog Leash | QQPETS\",\"isPartOf\":{\"@id\":\"https:\/\/qqpets.com\/#website\"},\"primaryImageOfPage\":{\"@id\":\"https:\/\/qqpets.com\/product\/led-no-pull-leash\/#primaryimage\"},\"image\":{\"@id\":\"https:\/\/qqpets.com\/product\/led-no-pull-leash\/#primaryimage\"},\"thumbnailUrl\":\"https:\/\/qqpets.com\/wp-content\/uploads\/2024\/09\/3.webp\",\"datePublished\":\"2024-09-07T07:13:22+00:00\",\"dateModified\":\"2024-11-14T08:43:27+00:00\",\"description\":\"Enhance safety with our Light Up Hands Free Dog Leash. Buckle up for car rides and enjoy bungee flexibility!\",\"breadcrumb\":{\"@id\":\"https:\/\/qqpets.com\/product\/led-no-pull-leash\/#breadcrumb\"},\"inLanguage\":\"es\",\"potentialAction\":[{\"@type\":\"ReadAction\",\"target\":[\"https:\/\/qqpets.com\/product\/led-no-pull-leash\/\"]}]},{\"@type\":\"ImageObject\",\"inLanguage\":\"es\",\"@id\":\"https:\/\/qqpets.com\/product\/led-no-pull-leash\/#primaryimage\",\"url\":\"https:\/\/qqpets.com\/wp-content\/uploads\/2024\/09\/3.webp\",\"contentUrl\":\"https:\/\/qqpets.com\/wp-content\/uploads\/2024\/09\/3.webp\",\"width\":800,\"height\":800},{\"@type\":\"BreadcrumbList\",\"@id\":\"https:\/\/qqpets.com\/product\/led-no-pull-leash\/#breadcrumb\",\"itemListElement\":[{\"@type\":\"ListItem\",\"position\":1,\"name\":\"Home\",\"item\":\"https:\/\/qqpets.com\/\"},{\"@type\":\"ListItem\",\"position\":2,\"name\":\"Products\",\"item\":\"https:\/\/qqpets.com\/pet-products-manufacturer\/\"},{\"@type\":\"ListItem\",\"position\":3,\"name\":\"Light Up Hands Free Car Seat Buckle Bungee Dog Leash\"}]},{\"@type\":\"WebSite\",\"@id\":\"https:\/\/qqpets.com\/#website\",\"url\":\"https:\/\/qqpets.com\/\",\"name\":\"QQPETS\",\"description\":\"QQPETS is a pet products factory for dog harnesses, dog collars, dog leashes and dog accessories with professional customized service since 2005.\",\"publisher\":{\"@id\":\"https:\/\/qqpets.com\/#organization\"},\"potentialAction\":[{\"@type\":\"SearchAction\",\"target\":{\"@type\":\"EntryPoint\",\"urlTemplate\":\"https:\/\/qqpets.com\/?s={search_term_string}\"},\"query-input\":{\"@type\":\"PropertyValueSpecification\",\"valueRequired\":true,\"valueName\":\"search_term_string\"}}],\"inLanguage\":\"es\"},{\"@type\":\"Organization\",\"@id\":\"https:\/\/qqpets.com\/#organization\",\"name\":\"QQPETS\",\"url\":\"https:\/\/qqpets.com\/\",\"logo\":{\"@type\":\"ImageObject\",\"inLanguage\":\"es\",\"@id\":\"https:\/\/qqpets.com\/#\/schema\/logo\/image\/\",\"url\":\"https:\/\/qqpets.com\/wp-content\/uploads\/2023\/09\/cropped-cropped-qqpets-tiktok.jpg\",\"contentUrl\":\"https:\/\/qqpets.com\/wp-content\/uploads\/2023\/09\/cropped-cropped-qqpets-tiktok.jpg\",\"width\":511,\"height\":511,\"caption\":\"QQPETS\"},\"image\":{\"@id\":\"https:\/\/qqpets.com\/#\/schema\/logo\/image\/\"},\"sameAs\":[\"https:\/\/www.facebook.com\/QQpetsdogcollars\",\"https:\/\/www.instagram.com\/qqpetscollar\/\",\"https:\/\/www.pinterest.com\/qqpetsdogcollarsfactory\/\"]}]}<\/script>\n<!-- \/ Yoast SEO plugin. -->","yoast_head_json":{"title":"Light Up Hands Free Car Seat Buckle Bungee Dog Leash | QQPETS","description":"Enhance safety with our Light Up Hands Free Dog Leash. Buckle up for car rides and enjoy bungee flexibility!","robots":{"index":"index","follow":"follow","max-snippet":"max-snippet:-1","max-image-preview":"max-image-preview:large","max-video-preview":"max-video-preview:-1"},"canonical":"https:\/\/qqpets.com\/es\/producto\/led-no-pull-leash\/","og_locale":"es_ES","og_type":"article","og_title":"Light Up Hands Free Car Seat Buckle Bungee Dog Leash | QQPETS","og_description":"Enhance safety with our Light Up Hands Free Dog Leash. Buckle up for car rides and enjoy bungee flexibility!","og_url":"https:\/\/qqpets.com\/es\/producto\/led-no-pull-leash\/","og_site_name":"QQPETS","article_publisher":"https:\/\/www.facebook.com\/QQpetsdogcollars","article_modified_time":"2024-11-14T08:43:27+00:00","og_image":[{"width":800,"height":800,"url":"https:\/\/qqpets.com\/wp-content\/uploads\/2024\/09\/3.webp","type":"image\/webp"}],"twitter_card":"summary_large_image","twitter_misc":{"Tiempo de lectura":"4 minutos"},"schema":{"@context":"https:\/\/schema.org","@graph":[{"@type":"WebPage","@id":"https:\/\/qqpets.com\/product\/led-no-pull-leash\/","url":"https:\/\/qqpets.com\/product\/led-no-pull-leash\/","name":"Light Up Hands Free Car Seat Buckle Bungee Dog Leash | QQPETS","isPartOf":{"@id":"https:\/\/qqpets.com\/#website"},"primaryImageOfPage":{"@id":"https:\/\/qqpets.com\/product\/led-no-pull-leash\/#primaryimage"},"image":{"@id":"https:\/\/qqpets.com\/product\/led-no-pull-leash\/#primaryimage"},"thumbnailUrl":"https:\/\/qqpets.com\/wp-content\/uploads\/2024\/09\/3.webp","datePublished":"2024-09-07T07:13:22+00:00","dateModified":"2024-11-14T08:43:27+00:00","description":"Enhance safety with our Light Up Hands Free Dog Leash. Buckle up for car rides and enjoy bungee flexibility!","breadcrumb":{"@id":"https:\/\/qqpets.com\/product\/led-no-pull-leash\/#breadcrumb"},"inLanguage":"es","potentialAction":[{"@type":"ReadAction","target":["https:\/\/qqpets.com\/product\/led-no-pull-leash\/"]}]},{"@type":"ImageObject","inLanguage":"es","@id":"https:\/\/qqpets.com\/product\/led-no-pull-leash\/#primaryimage","url":"https:\/\/qqpets.com\/wp-content\/uploads\/2024\/09\/3.webp","contentUrl":"https:\/\/qqpets.com\/wp-content\/uploads\/2024\/09\/3.webp","width":800,"height":800},{"@type":"BreadcrumbList","@id":"https:\/\/qqpets.com\/product\/led-no-pull-leash\/#breadcrumb","itemListElement":[{"@type":"ListItem","position":1,"name":"Home","item":"https:\/\/qqpets.com\/"},{"@type":"ListItem","position":2,"name":"Products","item":"https:\/\/qqpets.com\/pet-products-manufacturer\/"},{"@type":"ListItem","position":3,"name":"Light Up Hands Free Car Seat Buckle Bungee Dog Leash"}]},{"@type":"WebSite","@id":"https:\/\/qqpets.com\/#website","url":"https:\/\/qqpets.com\/","name":"QQPETS","description":"QQPETS es una f\u00e1brica de productos para mascotas como arneses para perros, collares para perros, correas para perros y accesorios para perros con un servicio profesional personalizado desde 2005.","publisher":{"@id":"https:\/\/qqpets.com\/#organization"},"potentialAction":[{"@type":"SearchAction","target":{"@type":"EntryPoint","urlTemplate":"https:\/\/qqpets.com\/?s={search_term_string}"},"query-input":{"@type":"PropertyValueSpecification","valueRequired":true,"valueName":"search_term_string"}}],"inLanguage":"es"},{"@type":"Organization","@id":"https:\/\/qqpets.com\/#organization","name":"QQPETS","url":"https:\/\/qqpets.com\/","logo":{"@type":"ImageObject","inLanguage":"es","@id":"https:\/\/qqpets.com\/#\/schema\/logo\/image\/","url":"https:\/\/qqpets.com\/wp-content\/uploads\/2023\/09\/cropped-cropped-qqpets-tiktok.jpg","contentUrl":"https:\/\/qqpets.com\/wp-content\/uploads\/2023\/09\/cropped-cropped-qqpets-tiktok.jpg","width":511,"height":511,"caption":"QQPETS"},"image":{"@id":"https:\/\/qqpets.com\/#\/schema\/logo\/image\/"},"sameAs":["https:\/\/www.facebook.com\/QQpetsdogcollars","https:\/\/www.instagram.com\/qqpetscollar\/","https:\/\/www.pinterest.com\/qqpetsdogcollarsfactory\/"]}]}},"_links":{"self":[{"href":"https:\/\/qqpets.com\/es\/wp-json\/wp\/v2\/product\/7895","targetHints":{"allow":["GET"]}}],"collection":[{"href":"https:\/\/qqpets.com\/es\/wp-json\/wp\/v2\/product"}],"about":[{"href":"https:\/\/qqpets.com\/es\/wp-json\/wp\/v2\/types\/product"}],"wp:featuredmedia":[{"embeddable":true,"href":"https:\/\/qqpets.com\/es\/wp-json\/wp\/v2\/media\/7900"}],"wp:attachment":[{"href":"https:\/\/qqpets.com\/es\/wp-json\/wp\/v2\/media?parent=7895"}],"wp:term":[{"taxonomy":"product_brand","embeddable":true,"href":"https:\/\/qqpets.com\/es\/wp-json\/wp\/v2\/product_brand?post=7895"},{"taxonomy":"product_cat","embeddable":true,"href":"https:\/\/qqpets.com\/es\/wp-json\/wp\/v2\/product_cat?post=7895"},{"taxonomy":"product_tag","embeddable":true,"href":"https:\/\/qqpets.com\/es\/wp-json\/wp\/v2\/product_tag?post=7895"}],"curies":[{"name":"wp","href":"https:\/\/api.w.org\/{rel}","templated":true}]}}