{"id":7910,"date":"2024-09-07T15:54:26","date_gmt":"2024-09-07T07:54:26","guid":{"rendered":"https:\/\/qqpets.com\/?post_type=product&#038;p=7910"},"modified":"2024-11-13T11:58:39","modified_gmt":"2024-11-13T03:58:39","slug":"smart-qr-code-pet-collar-id-tag","status":"publish","type":"product","link":"https:\/\/qqpets.com\/es\/producto\/smart-qr-code-pet-collar-id-tag\/","title":{"rendered":"Etiqueta de identificaci\u00f3n inteligente con c\u00f3digo QR"},"content":{"rendered":"<p>Presentamos nuestra revolucionaria etiqueta de identificaci\u00f3n personalizada con c\u00f3digo QR inteligente para collares de mascotas, dise\u00f1ada para proporcionar una soluci\u00f3n moderna a la seguridad e identificaci\u00f3n de mascotas. Con esta etiqueta, su mascota lleva consigo informaci\u00f3n crucial all\u00e1 donde vaya, f\u00e1cilmente accesible con un r\u00e1pido escaneo.<\/p>\n<p><strong>Caracter\u00edsticas principales:<\/strong><\/p>\n<ul>\n<li><strong>Tecnolog\u00eda de c\u00f3digo QR inteligente:<\/strong> Cada placa viene con un c\u00f3digo QR \u00fanico que, al ser escaneado, enlaza con un perfil personalizable. Este perfil puede incluir tus datos de contacto, el historial m\u00e9dico de tu mascota, sus necesidades diet\u00e9ticas y mucho m\u00e1s, para garantizar que quien encuentre a tu mascota pueda acceder a toda la informaci\u00f3n necesaria para ayudarle.<\/li>\n<li><strong>Opciones de personalizaci\u00f3n:<\/strong> Personalice la placa con el nombre de su mascota, su n\u00famero de tel\u00e9fono y elija entre una variedad de dise\u00f1os que combinen con la personalidad de su mascota.<\/li>\n<li><strong>Alta durabilidad:<\/strong> Fabricada con materiales resistentes, la etiqueta est\u00e1 dise\u00f1ada para soportar todas las condiciones meteorol\u00f3gicas y el juego activo, garantizando que se mantenga legible e intacta.<\/li>\n<li><strong>F\u00e1cil de actualizar:<\/strong> Puede actualizar el perfil en l\u00ednea vinculado al c\u00f3digo QR en cualquier momento y lugar, lo que facilita mantener actualizada la informaci\u00f3n de su mascota sin necesidad de sustituir la placa.<\/li>\n<\/ul>\n<p>Esta placa de identificaci\u00f3n es ideal para cualquier due\u00f1o de mascota que desee combinar seguridad y comodidad. Tanto si tu mascota es una escapista como si simplemente quieres m\u00e1s tranquilidad cuando est\u00e1s fuera de casa, esta placa es una forma fiable de mantener a salvo a tu querido compa\u00f1ero.<\/p>\n<p>Al elegir nuestra Etiqueta identificativa personalizada con c\u00f3digo QR inteligente para collar de mascotas, no s\u00f3lo est\u00e1 adquiriendo una etiqueta; est\u00e1 adquiriendo la garant\u00eda de que su mascota puede ser identificada f\u00e1cilmente y devuelta sana y salva a casa en caso de que se pierda. Es una peque\u00f1a inversi\u00f3n que puede marcar una gran diferencia en la seguridad de su mascota.<\/p>\n<h5><strong>\u00bfSon legales las placas de identificaci\u00f3n con c\u00f3digo QR?<\/strong><\/h5>\n<p>S\u00ed, las placas de identificaci\u00f3n con c\u00f3digo QR son legales. Son una alternativa innovadora a las placas grabadas tradicionales y pueden almacenar informaci\u00f3n m\u00e1s detallada sobre una mascota, lo que puede ser \u00fatil si el perro se pierde.<\/p>\n<h5><strong>\u00bfFuncionan las placas QR?<\/strong><\/h5>\n<p>S\u00ed, las placas QR para perros funcionan eficazmente. Cuando alguien encuentra un perro con una placa con c\u00f3digo QR, puede escanear el c\u00f3digo con un smartphone, que normalmente le dirigir\u00e1 a una p\u00e1gina web con la informaci\u00f3n del perro, incluidos los datos de contacto del propietario.<\/p>\n<h5>\u00bfQu\u00e9 informaci\u00f3n debe figurar legalmente en una placa de identificaci\u00f3n?<\/h5>\n<p>La informaci\u00f3n exigida legalmente en una placa de identificaci\u00f3n puede variar en funci\u00f3n de la normativa local de su lugar de residencia. Sin embargo, en muchos lugares se suelen exigir los siguientes datos:<\/p>\n<ol>\n<li><strong>Nombre del propietario<\/strong>: El nombre completo del propietario del perro para garantizar su correcta identificaci\u00f3n y responsabilidad.<\/li>\n<li><strong>Informaci\u00f3n de contacto<\/strong>: Al menos un n\u00famero de tel\u00e9fono donde se pueda localizar al propietario. Algunas zonas pueden requerir n\u00fameros adicionales o incluso una direcci\u00f3n.<\/li>\n<\/ol>\n<p>Es aconsejable incluir tambi\u00e9n cualquier informaci\u00f3n m\u00e9dica pertinente si su perro tiene problemas de salud espec\u00edficos que requieran atenci\u00f3n inmediata en caso de que se pierda. Aunque no siempre es obligatorio por ley, puede ser fundamental para la seguridad de su mascota. Compruebe siempre la normativa local para asegurarse de que se cumplen los requisitos locales espec\u00edficos para la identificaci\u00f3n de mascotas.<\/p>","protected":false},"excerpt":{"rendered":"<p>Mejore la seguridad de su mascota con nuestra etiqueta de identificaci\u00f3n personalizada con c\u00f3digo QR inteligente para collar de mascotas. Esta innovadora etiqueta incorpora un c\u00f3digo QR que enlaza con un perfil personal con informaci\u00f3n esencial de contacto y salud. F\u00e1cilmente actualizable y accesible, garantiza que su mascota siempre pueda encontrar el camino de vuelta a usted. Personalizable con los dise\u00f1os que elija, no s\u00f3lo es pr\u00e1ctica, sino tambi\u00e9n elegante.<\/p>","protected":false},"featured_media":7912,"template":"","meta":[],"product_brand":[],"product_cat":[26],"product_tag":[],"class_list":{"0":"post-7910","1":"product","2":"type-product","3":"status-publish","4":"has-post-thumbnail","6":"product_cat-dog-collar","7":"pa_brand-qqpets","9":"first","10":"instock","11":"shipping-taxable","12":"product-type-simple"},"yoast_head":"<!-- This site is optimized with the Yoast SEO plugin v26.6 - https:\/\/yoast.com\/wordpress\/plugins\/seo\/ -->\n<title>Smart QR Code Pet Collar ID Tag | QQPETS<\/title>\n<meta name=\"description\" content=\"Secure your pet with our Smart QR Code ID Tag. Custom, trackable, and stylish. Perfect for peace of mind!\" \/>\n<meta name=\"robots\" content=\"index, follow, max-snippet:-1, max-image-preview:large, max-video-preview:-1\" \/>\n<link rel=\"canonical\" href=\"https:\/\/qqpets.com\/es\/producto\/smart-qr-code-pet-collar-id-tag\/\" \/>\n<meta property=\"og:locale\" content=\"es_ES\" \/>\n<meta property=\"og:type\" content=\"article\" \/>\n<meta property=\"og:title\" content=\"Smart QR Code Pet Collar ID Tag | QQPETS\" \/>\n<meta property=\"og:description\" content=\"Secure your pet with our Smart QR Code ID Tag. Custom, trackable, and stylish. Perfect for peace of mind!\" \/>\n<meta property=\"og:url\" content=\"https:\/\/qqpets.com\/es\/producto\/smart-qr-code-pet-collar-id-tag\/\" \/>\n<meta property=\"og:site_name\" content=\"QQPETS\" \/>\n<meta property=\"article:publisher\" content=\"https:\/\/www.facebook.com\/QQpetsdogcollars\" \/>\n<meta property=\"article:modified_time\" content=\"2024-11-13T03:58:39+00:00\" \/>\n<meta property=\"og:image\" content=\"https:\/\/qqpets.com\/wp-content\/uploads\/2024\/09\/QR-CODE-PET-COLLAR2.webp\" \/>\n\t<meta property=\"og:image:width\" content=\"1000\" \/>\n\t<meta property=\"og:image:height\" content=\"1000\" \/>\n\t<meta property=\"og:image:type\" content=\"image\/webp\" \/>\n<meta name=\"twitter:card\" content=\"summary_large_image\" \/>\n<meta name=\"twitter:label1\" content=\"Tiempo de lectura\" \/>\n\t<meta name=\"twitter:data1\" content=\"3 minutos\" \/>\n<script type=\"application\/ld+json\" class=\"yoast-schema-graph\">{\"@context\":\"https:\/\/schema.org\",\"@graph\":[{\"@type\":\"WebPage\",\"@id\":\"https:\/\/qqpets.com\/product\/smart-qr-code-pet-collar-id-tag\/\",\"url\":\"https:\/\/qqpets.com\/product\/smart-qr-code-pet-collar-id-tag\/\",\"name\":\"Smart QR Code Pet Collar ID Tag | QQPETS\",\"isPartOf\":{\"@id\":\"https:\/\/qqpets.com\/#website\"},\"primaryImageOfPage\":{\"@id\":\"https:\/\/qqpets.com\/product\/smart-qr-code-pet-collar-id-tag\/#primaryimage\"},\"image\":{\"@id\":\"https:\/\/qqpets.com\/product\/smart-qr-code-pet-collar-id-tag\/#primaryimage\"},\"thumbnailUrl\":\"https:\/\/qqpets.com\/wp-content\/uploads\/2024\/09\/QR-CODE-PET-COLLAR2.webp\",\"datePublished\":\"2024-09-07T07:54:26+00:00\",\"dateModified\":\"2024-11-13T03:58:39+00:00\",\"description\":\"Secure your pet with our Smart QR Code ID Tag. Custom, trackable, and stylish. Perfect for peace of mind!\",\"breadcrumb\":{\"@id\":\"https:\/\/qqpets.com\/product\/smart-qr-code-pet-collar-id-tag\/#breadcrumb\"},\"inLanguage\":\"es\",\"potentialAction\":[{\"@type\":\"ReadAction\",\"target\":[\"https:\/\/qqpets.com\/product\/smart-qr-code-pet-collar-id-tag\/\"]}]},{\"@type\":\"ImageObject\",\"inLanguage\":\"es\",\"@id\":\"https:\/\/qqpets.com\/product\/smart-qr-code-pet-collar-id-tag\/#primaryimage\",\"url\":\"https:\/\/qqpets.com\/wp-content\/uploads\/2024\/09\/QR-CODE-PET-COLLAR2.webp\",\"contentUrl\":\"https:\/\/qqpets.com\/wp-content\/uploads\/2024\/09\/QR-CODE-PET-COLLAR2.webp\",\"width\":1000,\"height\":1000},{\"@type\":\"BreadcrumbList\",\"@id\":\"https:\/\/qqpets.com\/product\/smart-qr-code-pet-collar-id-tag\/#breadcrumb\",\"itemListElement\":[{\"@type\":\"ListItem\",\"position\":1,\"name\":\"Home\",\"item\":\"https:\/\/qqpets.com\/\"},{\"@type\":\"ListItem\",\"position\":2,\"name\":\"Products\",\"item\":\"https:\/\/qqpets.com\/pet-products-manufacturer\/\"},{\"@type\":\"ListItem\",\"position\":3,\"name\":\"Smart QR Code Pet Collar ID Tag\"}]},{\"@type\":\"WebSite\",\"@id\":\"https:\/\/qqpets.com\/#website\",\"url\":\"https:\/\/qqpets.com\/\",\"name\":\"QQPETS\",\"description\":\"QQPETS is a pet products factory for dog harnesses, dog collars, dog leashes and dog accessories with professional customized service since 2005.\",\"publisher\":{\"@id\":\"https:\/\/qqpets.com\/#organization\"},\"potentialAction\":[{\"@type\":\"SearchAction\",\"target\":{\"@type\":\"EntryPoint\",\"urlTemplate\":\"https:\/\/qqpets.com\/?s={search_term_string}\"},\"query-input\":{\"@type\":\"PropertyValueSpecification\",\"valueRequired\":true,\"valueName\":\"search_term_string\"}}],\"inLanguage\":\"es\"},{\"@type\":\"Organization\",\"@id\":\"https:\/\/qqpets.com\/#organization\",\"name\":\"QQPETS\",\"url\":\"https:\/\/qqpets.com\/\",\"logo\":{\"@type\":\"ImageObject\",\"inLanguage\":\"es\",\"@id\":\"https:\/\/qqpets.com\/#\/schema\/logo\/image\/\",\"url\":\"https:\/\/qqpets.com\/wp-content\/uploads\/2023\/09\/cropped-cropped-qqpets-tiktok.jpg\",\"contentUrl\":\"https:\/\/qqpets.com\/wp-content\/uploads\/2023\/09\/cropped-cropped-qqpets-tiktok.jpg\",\"width\":511,\"height\":511,\"caption\":\"QQPETS\"},\"image\":{\"@id\":\"https:\/\/qqpets.com\/#\/schema\/logo\/image\/\"},\"sameAs\":[\"https:\/\/www.facebook.com\/QQpetsdogcollars\",\"https:\/\/www.instagram.com\/qqpetscollar\/\",\"https:\/\/www.pinterest.com\/qqpetsdogcollarsfactory\/\"]}]}<\/script>\n<!-- \/ Yoast SEO plugin. -->","yoast_head_json":{"title":"C\u00f3digo QR inteligente etiqueta de identificaci\u00f3n del collar de mascotas | QQPETS","description":"Proteja a su mascota con nuestra etiqueta de identificaci\u00f3n inteligente con c\u00f3digo QR. Personalizada, rastreable y con estilo. Perfecta para su tranquilidad.","robots":{"index":"index","follow":"follow","max-snippet":"max-snippet:-1","max-image-preview":"max-image-preview:large","max-video-preview":"max-video-preview:-1"},"canonical":"https:\/\/qqpets.com\/es\/producto\/smart-qr-code-pet-collar-id-tag\/","og_locale":"es_ES","og_type":"article","og_title":"Smart QR Code Pet Collar ID Tag | QQPETS","og_description":"Secure your pet with our Smart QR Code ID Tag. Custom, trackable, and stylish. Perfect for peace of mind!","og_url":"https:\/\/qqpets.com\/es\/producto\/smart-qr-code-pet-collar-id-tag\/","og_site_name":"QQPETS","article_publisher":"https:\/\/www.facebook.com\/QQpetsdogcollars","article_modified_time":"2024-11-13T03:58:39+00:00","og_image":[{"width":1000,"height":1000,"url":"https:\/\/qqpets.com\/wp-content\/uploads\/2024\/09\/QR-CODE-PET-COLLAR2.webp","type":"image\/webp"}],"twitter_card":"summary_large_image","twitter_misc":{"Tiempo de lectura":"3 minutos"},"schema":{"@context":"https:\/\/schema.org","@graph":[{"@type":"WebPage","@id":"https:\/\/qqpets.com\/product\/smart-qr-code-pet-collar-id-tag\/","url":"https:\/\/qqpets.com\/product\/smart-qr-code-pet-collar-id-tag\/","name":"C\u00f3digo QR inteligente etiqueta de identificaci\u00f3n del collar de mascotas | QQPETS","isPartOf":{"@id":"https:\/\/qqpets.com\/#website"},"primaryImageOfPage":{"@id":"https:\/\/qqpets.com\/product\/smart-qr-code-pet-collar-id-tag\/#primaryimage"},"image":{"@id":"https:\/\/qqpets.com\/product\/smart-qr-code-pet-collar-id-tag\/#primaryimage"},"thumbnailUrl":"https:\/\/qqpets.com\/wp-content\/uploads\/2024\/09\/QR-CODE-PET-COLLAR2.webp","datePublished":"2024-09-07T07:54:26+00:00","dateModified":"2024-11-13T03:58:39+00:00","description":"Proteja a su mascota con nuestra etiqueta de identificaci\u00f3n inteligente con c\u00f3digo QR. Personalizada, rastreable y con estilo. Perfecta para su tranquilidad.","breadcrumb":{"@id":"https:\/\/qqpets.com\/product\/smart-qr-code-pet-collar-id-tag\/#breadcrumb"},"inLanguage":"es","potentialAction":[{"@type":"ReadAction","target":["https:\/\/qqpets.com\/product\/smart-qr-code-pet-collar-id-tag\/"]}]},{"@type":"ImageObject","inLanguage":"es","@id":"https:\/\/qqpets.com\/product\/smart-qr-code-pet-collar-id-tag\/#primaryimage","url":"https:\/\/qqpets.com\/wp-content\/uploads\/2024\/09\/QR-CODE-PET-COLLAR2.webp","contentUrl":"https:\/\/qqpets.com\/wp-content\/uploads\/2024\/09\/QR-CODE-PET-COLLAR2.webp","width":1000,"height":1000},{"@type":"BreadcrumbList","@id":"https:\/\/qqpets.com\/product\/smart-qr-code-pet-collar-id-tag\/#breadcrumb","itemListElement":[{"@type":"ListItem","position":1,"name":"Home","item":"https:\/\/qqpets.com\/"},{"@type":"ListItem","position":2,"name":"Products","item":"https:\/\/qqpets.com\/pet-products-manufacturer\/"},{"@type":"ListItem","position":3,"name":"Smart QR Code Pet Collar ID Tag"}]},{"@type":"WebSite","@id":"https:\/\/qqpets.com\/#website","url":"https:\/\/qqpets.com\/","name":"QQPETS","description":"QQPETS es una f\u00e1brica de productos para mascotas como arneses para perros, collares para perros, correas para perros y accesorios para perros con un servicio profesional personalizado desde 2005.","publisher":{"@id":"https:\/\/qqpets.com\/#organization"},"potentialAction":[{"@type":"SearchAction","target":{"@type":"EntryPoint","urlTemplate":"https:\/\/qqpets.com\/?s={search_term_string}"},"query-input":{"@type":"PropertyValueSpecification","valueRequired":true,"valueName":"search_term_string"}}],"inLanguage":"es"},{"@type":"Organization","@id":"https:\/\/qqpets.com\/#organization","name":"QQPETS","url":"https:\/\/qqpets.com\/","logo":{"@type":"ImageObject","inLanguage":"es","@id":"https:\/\/qqpets.com\/#\/schema\/logo\/image\/","url":"https:\/\/qqpets.com\/wp-content\/uploads\/2023\/09\/cropped-cropped-qqpets-tiktok.jpg","contentUrl":"https:\/\/qqpets.com\/wp-content\/uploads\/2023\/09\/cropped-cropped-qqpets-tiktok.jpg","width":511,"height":511,"caption":"QQPETS"},"image":{"@id":"https:\/\/qqpets.com\/#\/schema\/logo\/image\/"},"sameAs":["https:\/\/www.facebook.com\/QQpetsdogcollars","https:\/\/www.instagram.com\/qqpetscollar\/","https:\/\/www.pinterest.com\/qqpetsdogcollarsfactory\/"]}]}},"_links":{"self":[{"href":"https:\/\/qqpets.com\/es\/wp-json\/wp\/v2\/product\/7910","targetHints":{"allow":["GET"]}}],"collection":[{"href":"https:\/\/qqpets.com\/es\/wp-json\/wp\/v2\/product"}],"about":[{"href":"https:\/\/qqpets.com\/es\/wp-json\/wp\/v2\/types\/product"}],"wp:featuredmedia":[{"embeddable":true,"href":"https:\/\/qqpets.com\/es\/wp-json\/wp\/v2\/media\/7912"}],"wp:attachment":[{"href":"https:\/\/qqpets.com\/es\/wp-json\/wp\/v2\/media?parent=7910"}],"wp:term":[{"taxonomy":"product_brand","embeddable":true,"href":"https:\/\/qqpets.com\/es\/wp-json\/wp\/v2\/product_brand?post=7910"},{"taxonomy":"product_cat","embeddable":true,"href":"https:\/\/qqpets.com\/es\/wp-json\/wp\/v2\/product_cat?post=7910"},{"taxonomy":"product_tag","embeddable":true,"href":"https:\/\/qqpets.com\/es\/wp-json\/wp\/v2\/product_tag?post=7910"}],"curies":[{"name":"wp","href":"https:\/\/api.w.org\/{rel}","templated":true}]}}