{"id":8416,"date":"2024-09-30T11:31:44","date_gmt":"2024-09-30T03:31:44","guid":{"rendered":"https:\/\/qqpets.com\/?post_type=product&#038;p=8416"},"modified":"2024-09-30T11:31:44","modified_gmt":"2024-09-30T03:31:44","slug":"dog-leash-car-seat-belt","status":"publish","type":"product","link":"https:\/\/qqpets.com\/es\/producto\/dog-leash-car-seat-belt\/","title":{"rendered":"Correa para perros Cintur\u00f3n de seguridad"},"content":{"rendered":"<p>Presentamos el cintur\u00f3n de seguridad para coche con correa para perros: la soluci\u00f3n definitiva para la seguridad de su mascota mientras conduce. Este cintur\u00f3n de seguridad especialmente dise\u00f1ado para perros garantiza que su amigo peludo est\u00e9 bien sujeto durante la conducci\u00f3n, reduciendo el riesgo de lesiones en caso de frenazos bruscos o accidentes.<\/p>\n<p><strong>Caracter\u00edsticas principales:<\/strong><\/p>\n<ul>\n<li><strong>Ajuste universal:<\/strong> Compatible con los sistemas de cinturones de seguridad de la mayor\u00eda de los veh\u00edculos, este cintur\u00f3n de seguridad para coche cuenta con un clip universal que se ajusta con seguridad a los cierres de los cinturones de seguridad.<\/li>\n<li><strong>Longitud ajustable:<\/strong> Ajuste f\u00e1cilmente la longitud del cintur\u00f3n de seguridad para proporcionar suficiente libertad a su mascota para sentarse, tumbarse o ponerse de pie c\u00f3modamente dentro del asiento del coche.<\/li>\n<li><strong>Material de alta calidad:<\/strong> Fabricada con nylon resistente, esta correa est\u00e1 dise\u00f1ada para soportar el estr\u00e9s y la tensi\u00f3n del uso con mascotas activas. Tambi\u00e9n es resistente a la intemperie, por lo que es adecuado para todas las condiciones.<\/li>\n<li><strong>Fijaci\u00f3n segura:<\/strong> Equipada con una robusta hebilla y clip met\u00e1licos, garantiza que la correa permanezca bien sujeta al arn\u00e9s o collar de su mascota, proporcionando un control fuerte y fiable en el veh\u00edculo.<\/li>\n<li><strong>F\u00e1cil de usar y vers\u00e1til:<\/strong> R\u00e1pida de quitar y poner, sirve tambi\u00e9n como correa de paseo normal, por lo que es perfecta para viajar.<\/li>\n<\/ul>\n<p>El cintur\u00f3n de seguridad para coche Dog Leash est\u00e1 dise\u00f1ado no s\u00f3lo para la seguridad, sino tambi\u00e9n para la comodidad de su mascota. Tanto si se trata de un corto trayecto al parque como de un largo viaje, este cintur\u00f3n de seguridad hace que viajar con su mascota sea f\u00e1cil, seguro y c\u00f3modo. Equipe su coche con este accesorio de viaje esencial para mascotas y disfrute de viajes tranquilos y seguros con su mejor amigo.<\/p>\n<h5><strong>\u00bfFuncionan realmente los cinturones de seguridad para perros?<\/strong><\/h5>\n<p>S\u00ed, los cinturones de seguridad para perros pueden reducir eficazmente el riesgo de lesiones de tu perro durante un accidente de coche o una frenada brusca, ya que lo mantienen sujeto y limitan sus movimientos en el veh\u00edculo.<\/p>\n<h5><strong>\u00bfSe supone que los perros deben llevar cintur\u00f3n de seguridad?<\/strong><\/h5>\n<p>Aunque no es obligatorio en todas partes, se recomienda encarecidamente que los perros lleven cinturones de seguridad cuando viajen en coche, por su seguridad y la de los pasajeros. En algunas regiones hay leyes que obligan a sujetar a las mascotas cuando viajan en un veh\u00edculo.<\/p>\n<h5><strong>\u00bfCu\u00e1l es el mejor cintur\u00f3n de seguridad para perros?<\/strong><\/h5>\n<p>El mejor cintur\u00f3n de seguridad para perros es el que ha sido sometido a pruebas de choque y certificado por una organizaci\u00f3n acreditada. Busque cinturones de seguridad ajustables y duraderos que puedan engancharse al arn\u00e9s de su perro (no al collar) y fijarse de forma segura al sistema de cinturones de seguridad del veh\u00edculo.<\/p>\n<h5><strong>\u00bfC\u00f3mo utilizar el cintur\u00f3n de seguridad del coche para un perro?<\/strong><\/h5>\n<p>Sujeta el clip del cintur\u00f3n de seguridad al arn\u00e9s de tu perro (nunca a un collar por el riesgo de lesiones en el cuello). A continuaci\u00f3n, abroche el cintur\u00f3n de seguridad en el sistema de cinturones de seguridad de su coche. Aseg\u00farese de que el cintur\u00f3n est\u00e9 lo suficientemente ajustado para evitar un movimiento excesivo, pero que permita a su perro sentarse o tumbarse c\u00f3modamente. Aj\u00fastalo seg\u00fan sea necesario para mayor comodidad.<\/p>","protected":false},"excerpt":{"rendered":"<p>Viaje seguro con su mascota utilizando nuestro cintur\u00f3n de seguridad para coche con correa para perros. Dise\u00f1ado para la durabilidad y la seguridad, este cintur\u00f3n de seguridad se sujeta firmemente al clip del cintur\u00f3n de seguridad de su veh\u00edculo. Cuenta con una longitud ajustable para adaptarse a diferentes tama\u00f1os de perros y veh\u00edculos, lo que garantiza que su mascota permanezca segura en su lugar. El resistente clip y el sistema de hebilla evitan que su mascota salte, haciendo que cada viaje sea libre de preocupaciones. Ideal para perros de todas las razas y tama\u00f1os.<\/p>","protected":false},"featured_media":8417,"template":"","meta":[],"product_brand":[],"product_cat":[27],"product_tag":[],"class_list":{"0":"post-8416","1":"product","2":"type-product","3":"status-publish","4":"has-post-thumbnail","6":"product_cat-dog-leash","7":"pa_brand-qqpets","9":"first","10":"instock","11":"shipping-taxable","12":"product-type-simple"},"yoast_head":"<!-- This site is optimized with the Yoast SEO plugin v26.6 - https:\/\/yoast.com\/wordpress\/plugins\/seo\/ -->\n<title>Dog Leash Car Seat Belt | QQPETS<\/title>\n<meta name=\"description\" content=\"Ensure your pet\u2019s safety on the road with our durable Dog Leash Car Seat Belt. Adjustable and secure!\" \/>\n<meta name=\"robots\" content=\"index, follow, max-snippet:-1, max-image-preview:large, max-video-preview:-1\" \/>\n<link rel=\"canonical\" href=\"https:\/\/qqpets.com\/es\/producto\/dog-leash-car-seat-belt\/\" \/>\n<meta property=\"og:locale\" content=\"es_ES\" \/>\n<meta property=\"og:type\" content=\"article\" \/>\n<meta property=\"og:title\" content=\"Dog Leash Car Seat Belt | QQPETS\" \/>\n<meta property=\"og:description\" content=\"Ensure your pet\u2019s safety on the road with our durable Dog Leash Car Seat Belt. Adjustable and secure!\" \/>\n<meta property=\"og:url\" content=\"https:\/\/qqpets.com\/es\/producto\/dog-leash-car-seat-belt\/\" \/>\n<meta property=\"og:site_name\" content=\"QQPETS\" \/>\n<meta property=\"article:publisher\" content=\"https:\/\/www.facebook.com\/QQpetsdogcollars\" \/>\n<meta property=\"og:image\" content=\"https:\/\/qqpets.com\/wp-content\/uploads\/2024\/09\/Car-Seat-Belt.webp\" \/>\n\t<meta property=\"og:image:width\" content=\"1486\" \/>\n\t<meta property=\"og:image:height\" content=\"1500\" \/>\n\t<meta property=\"og:image:type\" content=\"image\/webp\" \/>\n<meta name=\"twitter:card\" content=\"summary_large_image\" \/>\n<meta name=\"twitter:label1\" content=\"Tiempo de lectura\" \/>\n\t<meta name=\"twitter:data1\" content=\"3 minutos\" \/>\n<script type=\"application\/ld+json\" class=\"yoast-schema-graph\">{\"@context\":\"https:\/\/schema.org\",\"@graph\":[{\"@type\":\"WebPage\",\"@id\":\"https:\/\/qqpets.com\/product\/dog-leash-car-seat-belt\/\",\"url\":\"https:\/\/qqpets.com\/product\/dog-leash-car-seat-belt\/\",\"name\":\"Dog Leash Car Seat Belt | QQPETS\",\"isPartOf\":{\"@id\":\"https:\/\/qqpets.com\/#website\"},\"primaryImageOfPage\":{\"@id\":\"https:\/\/qqpets.com\/product\/dog-leash-car-seat-belt\/#primaryimage\"},\"image\":{\"@id\":\"https:\/\/qqpets.com\/product\/dog-leash-car-seat-belt\/#primaryimage\"},\"thumbnailUrl\":\"https:\/\/qqpets.com\/wp-content\/uploads\/2024\/09\/Car-Seat-Belt.webp\",\"datePublished\":\"2024-09-30T03:31:44+00:00\",\"description\":\"Ensure your pet\u2019s safety on the road with our durable Dog Leash Car Seat Belt. Adjustable and secure!\",\"breadcrumb\":{\"@id\":\"https:\/\/qqpets.com\/product\/dog-leash-car-seat-belt\/#breadcrumb\"},\"inLanguage\":\"es\",\"potentialAction\":[{\"@type\":\"ReadAction\",\"target\":[\"https:\/\/qqpets.com\/product\/dog-leash-car-seat-belt\/\"]}]},{\"@type\":\"ImageObject\",\"inLanguage\":\"es\",\"@id\":\"https:\/\/qqpets.com\/product\/dog-leash-car-seat-belt\/#primaryimage\",\"url\":\"https:\/\/qqpets.com\/wp-content\/uploads\/2024\/09\/Car-Seat-Belt.webp\",\"contentUrl\":\"https:\/\/qqpets.com\/wp-content\/uploads\/2024\/09\/Car-Seat-Belt.webp\",\"width\":1486,\"height\":1500},{\"@type\":\"BreadcrumbList\",\"@id\":\"https:\/\/qqpets.com\/product\/dog-leash-car-seat-belt\/#breadcrumb\",\"itemListElement\":[{\"@type\":\"ListItem\",\"position\":1,\"name\":\"Home\",\"item\":\"https:\/\/qqpets.com\/\"},{\"@type\":\"ListItem\",\"position\":2,\"name\":\"Products\",\"item\":\"https:\/\/qqpets.com\/pet-products-manufacturer\/\"},{\"@type\":\"ListItem\",\"position\":3,\"name\":\"Dog Leash Car Seat Belt\"}]},{\"@type\":\"WebSite\",\"@id\":\"https:\/\/qqpets.com\/#website\",\"url\":\"https:\/\/qqpets.com\/\",\"name\":\"QQPETS\",\"description\":\"QQPETS is a pet products factory for dog harnesses, dog collars, dog leashes and dog accessories with professional customized service since 2005.\",\"publisher\":{\"@id\":\"https:\/\/qqpets.com\/#organization\"},\"potentialAction\":[{\"@type\":\"SearchAction\",\"target\":{\"@type\":\"EntryPoint\",\"urlTemplate\":\"https:\/\/qqpets.com\/?s={search_term_string}\"},\"query-input\":{\"@type\":\"PropertyValueSpecification\",\"valueRequired\":true,\"valueName\":\"search_term_string\"}}],\"inLanguage\":\"es\"},{\"@type\":\"Organization\",\"@id\":\"https:\/\/qqpets.com\/#organization\",\"name\":\"QQPETS\",\"url\":\"https:\/\/qqpets.com\/\",\"logo\":{\"@type\":\"ImageObject\",\"inLanguage\":\"es\",\"@id\":\"https:\/\/qqpets.com\/#\/schema\/logo\/image\/\",\"url\":\"https:\/\/qqpets.com\/wp-content\/uploads\/2023\/09\/cropped-cropped-qqpets-tiktok.jpg\",\"contentUrl\":\"https:\/\/qqpets.com\/wp-content\/uploads\/2023\/09\/cropped-cropped-qqpets-tiktok.jpg\",\"width\":511,\"height\":511,\"caption\":\"QQPETS\"},\"image\":{\"@id\":\"https:\/\/qqpets.com\/#\/schema\/logo\/image\/\"},\"sameAs\":[\"https:\/\/www.facebook.com\/QQpetsdogcollars\",\"https:\/\/www.instagram.com\/qqpetscollar\/\",\"https:\/\/www.pinterest.com\/qqpetsdogcollarsfactory\/\"]}]}<\/script>\n<!-- \/ Yoast SEO plugin. -->","yoast_head_json":{"title":"Correa para perro Cintur\u00f3n de seguridad | QQPETS","description":"Garantice la seguridad de su mascota en la carretera con nuestro duradero cintur\u00f3n de seguridad para coche con correa para perros. \u00a1Ajustable y seguro!","robots":{"index":"index","follow":"follow","max-snippet":"max-snippet:-1","max-image-preview":"max-image-preview:large","max-video-preview":"max-video-preview:-1"},"canonical":"https:\/\/qqpets.com\/es\/producto\/dog-leash-car-seat-belt\/","og_locale":"es_ES","og_type":"article","og_title":"Dog Leash Car Seat Belt | QQPETS","og_description":"Ensure your pet\u2019s safety on the road with our durable Dog Leash Car Seat Belt. Adjustable and secure!","og_url":"https:\/\/qqpets.com\/es\/producto\/dog-leash-car-seat-belt\/","og_site_name":"QQPETS","article_publisher":"https:\/\/www.facebook.com\/QQpetsdogcollars","og_image":[{"width":1486,"height":1500,"url":"https:\/\/qqpets.com\/wp-content\/uploads\/2024\/09\/Car-Seat-Belt.webp","type":"image\/webp"}],"twitter_card":"summary_large_image","twitter_misc":{"Tiempo de lectura":"3 minutos"},"schema":{"@context":"https:\/\/schema.org","@graph":[{"@type":"WebPage","@id":"https:\/\/qqpets.com\/product\/dog-leash-car-seat-belt\/","url":"https:\/\/qqpets.com\/product\/dog-leash-car-seat-belt\/","name":"Correa para perro Cintur\u00f3n de seguridad | QQPETS","isPartOf":{"@id":"https:\/\/qqpets.com\/#website"},"primaryImageOfPage":{"@id":"https:\/\/qqpets.com\/product\/dog-leash-car-seat-belt\/#primaryimage"},"image":{"@id":"https:\/\/qqpets.com\/product\/dog-leash-car-seat-belt\/#primaryimage"},"thumbnailUrl":"https:\/\/qqpets.com\/wp-content\/uploads\/2024\/09\/Car-Seat-Belt.webp","datePublished":"2024-09-30T03:31:44+00:00","description":"Garantice la seguridad de su mascota en la carretera con nuestro duradero cintur\u00f3n de seguridad para coche con correa para perros. \u00a1Ajustable y seguro!","breadcrumb":{"@id":"https:\/\/qqpets.com\/product\/dog-leash-car-seat-belt\/#breadcrumb"},"inLanguage":"es","potentialAction":[{"@type":"ReadAction","target":["https:\/\/qqpets.com\/product\/dog-leash-car-seat-belt\/"]}]},{"@type":"ImageObject","inLanguage":"es","@id":"https:\/\/qqpets.com\/product\/dog-leash-car-seat-belt\/#primaryimage","url":"https:\/\/qqpets.com\/wp-content\/uploads\/2024\/09\/Car-Seat-Belt.webp","contentUrl":"https:\/\/qqpets.com\/wp-content\/uploads\/2024\/09\/Car-Seat-Belt.webp","width":1486,"height":1500},{"@type":"BreadcrumbList","@id":"https:\/\/qqpets.com\/product\/dog-leash-car-seat-belt\/#breadcrumb","itemListElement":[{"@type":"ListItem","position":1,"name":"Home","item":"https:\/\/qqpets.com\/"},{"@type":"ListItem","position":2,"name":"Products","item":"https:\/\/qqpets.com\/pet-products-manufacturer\/"},{"@type":"ListItem","position":3,"name":"Dog Leash Car Seat Belt"}]},{"@type":"WebSite","@id":"https:\/\/qqpets.com\/#website","url":"https:\/\/qqpets.com\/","name":"QQPETS","description":"QQPETS es una f\u00e1brica de productos para mascotas como arneses para perros, collares para perros, correas para perros y accesorios para perros con un servicio profesional personalizado desde 2005.","publisher":{"@id":"https:\/\/qqpets.com\/#organization"},"potentialAction":[{"@type":"SearchAction","target":{"@type":"EntryPoint","urlTemplate":"https:\/\/qqpets.com\/?s={search_term_string}"},"query-input":{"@type":"PropertyValueSpecification","valueRequired":true,"valueName":"search_term_string"}}],"inLanguage":"es"},{"@type":"Organization","@id":"https:\/\/qqpets.com\/#organization","name":"QQPETS","url":"https:\/\/qqpets.com\/","logo":{"@type":"ImageObject","inLanguage":"es","@id":"https:\/\/qqpets.com\/#\/schema\/logo\/image\/","url":"https:\/\/qqpets.com\/wp-content\/uploads\/2023\/09\/cropped-cropped-qqpets-tiktok.jpg","contentUrl":"https:\/\/qqpets.com\/wp-content\/uploads\/2023\/09\/cropped-cropped-qqpets-tiktok.jpg","width":511,"height":511,"caption":"QQPETS"},"image":{"@id":"https:\/\/qqpets.com\/#\/schema\/logo\/image\/"},"sameAs":["https:\/\/www.facebook.com\/QQpetsdogcollars","https:\/\/www.instagram.com\/qqpetscollar\/","https:\/\/www.pinterest.com\/qqpetsdogcollarsfactory\/"]}]}},"_links":{"self":[{"href":"https:\/\/qqpets.com\/es\/wp-json\/wp\/v2\/product\/8416","targetHints":{"allow":["GET"]}}],"collection":[{"href":"https:\/\/qqpets.com\/es\/wp-json\/wp\/v2\/product"}],"about":[{"href":"https:\/\/qqpets.com\/es\/wp-json\/wp\/v2\/types\/product"}],"wp:featuredmedia":[{"embeddable":true,"href":"https:\/\/qqpets.com\/es\/wp-json\/wp\/v2\/media\/8417"}],"wp:attachment":[{"href":"https:\/\/qqpets.com\/es\/wp-json\/wp\/v2\/media?parent=8416"}],"wp:term":[{"taxonomy":"product_brand","embeddable":true,"href":"https:\/\/qqpets.com\/es\/wp-json\/wp\/v2\/product_brand?post=8416"},{"taxonomy":"product_cat","embeddable":true,"href":"https:\/\/qqpets.com\/es\/wp-json\/wp\/v2\/product_cat?post=8416"},{"taxonomy":"product_tag","embeddable":true,"href":"https:\/\/qqpets.com\/es\/wp-json\/wp\/v2\/product_tag?post=8416"}],"curies":[{"name":"wp","href":"https:\/\/api.w.org\/{rel}","templated":true}]}}