{"id":8425,"date":"2024-09-30T12:01:12","date_gmt":"2024-09-30T04:01:12","guid":{"rendered":"https:\/\/qqpets.com\/?post_type=product&#038;p=8425"},"modified":"2024-09-30T12:01:12","modified_gmt":"2024-09-30T04:01:12","slug":"nylon-double-two-dog-leash-coupler","status":"publish","type":"product","link":"https:\/\/qqpets.com\/es\/producto\/nylon-double-two-dog-leash-coupler\/","title":{"rendered":"Acoplador doble de nylon para dos correas de perro"},"content":{"rendered":"<p>Descubra la comodidad de pasear a dos perros simult\u00e1neamente con el enganche doble de nylon para dos perros. Espec\u00edficamente dise\u00f1ado para los due\u00f1os de mascotas con varios perros, este acoplador permite paseos suaves y controlados sin la molestia de hacer malabares con dos correas separadas.<\/p>\n<p><strong>Caracter\u00edsticas principales:<\/strong><\/p>\n<ul>\n<li><strong>Nylon de alta calidad:<\/strong> Fabricada con nailon de primera calidad, esta correa es duradera y ligera a la vez, y est\u00e1 dise\u00f1ada para soportar los rigores del manejo de dos perros al mismo tiempo.<\/li>\n<li><strong>Longitud ajustable:<\/strong> Cada lado de la correa se puede ajustar de forma independiente, lo que le permite personalizar la distancia entre sus mascotas en funci\u00f3n de su tama\u00f1o y h\u00e1bitos de paseo.<\/li>\n<li><strong>Clips giratorios resistentes:<\/strong> Equipado con robustos clips giratorios, este enganche se sujeta con seguridad a los collares o arneses de sus perros, garantizando que permanezcan conectados de forma segura.<\/li>\n<li><strong>Dise\u00f1o antienredos:<\/strong> El exclusivo dise\u00f1o giratorio evita que las correas se enreden, incluso cuando los perros se cruzan, lo que permite pasear sin estr\u00e9s.<\/li>\n<li><strong>Manejo c\u00f3modo:<\/strong> Tiene una textura suave que no da\u00f1a las manos, ni siquiera durante los paseos m\u00e1s largos, garantizando el m\u00e1ximo confort.<\/li>\n<\/ul>\n<p>Tanto si pasea por el parque como por aceras muy transitadas, la correa para perros Coupler Nylon Double Two simplifica sus paseos manteniendo a su mascota segura y c\u00f3modamente a su lado. Ideal para todas las razas y tama\u00f1os de perro, es una herramienta imprescindible para los due\u00f1os de mascotas que buscan disfrutar del aire libre con sus peludos miembros de la familia.<\/p>\n<p><strong>\u00bfSon buenas las correas dobles para perros?<\/strong><\/p>\n<p>Las correas dobles para perros pueden ser buenas para pasear a dos perros simult\u00e1neamente, ya que permiten un mayor control y comodidad que el uso de dos correas separadas. Sin embargo, funcionan mejor si los perros son similares en tama\u00f1o y temperamento.<\/p>\n<p><strong>\u00bfPor qu\u00e9 la gente usa dos correas con los perros?<\/strong><\/p>\n<p>La gente utiliza dos correas en los perros para mantener un mejor control sobre cada uno de ellos, especialmente cuando los perros tienen estilos de paseo diferentes o si uno es m\u00e1s reactivo que el otro. Esta configuraci\u00f3n ayuda a gestionar el comportamiento de cada perro de manera m\u00e1s eficaz durante los paseos.<\/p>\n<p><strong>\u00bfSe puede atar a dos perros juntos?<\/strong><\/p>\n<p>S\u00ed, puede atar a dos perros juntos utilizando una correa doble para perros, que se ramifica a partir de una sola asa en dos correas, lo que le permite pasear a dos perros con una sola mano. Es importante que los perros sean compatibles en cuanto a tama\u00f1o y comportamiento al caminar para evitar enredos y tirones.<\/p>\n<p><strong>\u00bfC\u00f3mo utilizar una correa doble para perros?<\/strong><\/p>\n<p>Sujete cada clip de la correa al arn\u00e9s o collar de cada perro. Sujete el asa \u00fanica y deje que la correa se distribuya uniformemente entre los dos perros. Empiece con paseos cortos para que los perros se acostumbren a caminar juntos, al tiempo que se asegura de que tienen espacio suficiente para caminar c\u00f3modamente sin interferir el uno con el otro.<\/p>","protected":false},"excerpt":{"rendered":"<p>Perfecto para familias con varias mascotas, este enganche de nylon para correa doble de perro permite pasear a dos perros a la vez de forma eficaz. Hecho de nylon de alta resistencia, ofrece durabilidad y flexibilidad, asegurando un paseo c\u00f3modo. Las correas ajustables le permiten personalizar la longitud para cada perro, evitando enredos y garantizando la comodidad individual. Sus clips giratorios de alta resistencia garantizan un enganche seguro a los collares o arneses de sus perros, haciendo que sus paseos sean sencillos.<\/p>","protected":false},"featured_media":8426,"template":"","meta":[],"product_brand":[],"product_cat":[27],"product_tag":[],"class_list":{"0":"post-8425","1":"product","2":"type-product","3":"status-publish","4":"has-post-thumbnail","6":"product_cat-dog-leash","7":"pa_brand-qqpets","9":"first","10":"instock","11":"shipping-taxable","12":"product-type-simple"},"yoast_head":"<!-- This site is optimized with the Yoast SEO plugin v26.6 - https:\/\/yoast.com\/wordpress\/plugins\/seo\/ -->\n<title>Nylon Double Two Dog Leash Coupler | QQPETS<\/title>\n<meta name=\"description\" content=\"Walk two dogs simultaneously with ease using our durable Nylon Double Dog Leash Coupler. Ideal for multiple pet owners!\" \/>\n<meta name=\"robots\" content=\"index, follow, max-snippet:-1, max-image-preview:large, max-video-preview:-1\" \/>\n<link rel=\"canonical\" href=\"https:\/\/qqpets.com\/es\/producto\/nylon-double-two-dog-leash-coupler\/\" \/>\n<meta property=\"og:locale\" content=\"es_ES\" \/>\n<meta property=\"og:type\" content=\"article\" \/>\n<meta property=\"og:title\" content=\"Nylon Double Two Dog Leash Coupler | QQPETS\" \/>\n<meta property=\"og:description\" content=\"Walk two dogs simultaneously with ease using our durable Nylon Double Dog Leash Coupler. Ideal for multiple pet owners!\" \/>\n<meta property=\"og:url\" content=\"https:\/\/qqpets.com\/es\/producto\/nylon-double-two-dog-leash-coupler\/\" \/>\n<meta property=\"og:site_name\" content=\"QQPETS\" \/>\n<meta property=\"article:publisher\" content=\"https:\/\/www.facebook.com\/QQpetsdogcollars\" \/>\n<meta property=\"og:image\" content=\"https:\/\/qqpets.com\/wp-content\/uploads\/2024\/09\/two-dog-leash1.webp\" \/>\n\t<meta property=\"og:image:width\" content=\"500\" \/>\n\t<meta property=\"og:image:height\" content=\"500\" \/>\n\t<meta property=\"og:image:type\" content=\"image\/webp\" \/>\n<meta name=\"twitter:card\" content=\"summary_large_image\" \/>\n<meta name=\"twitter:label1\" content=\"Tiempo de lectura\" \/>\n\t<meta name=\"twitter:data1\" content=\"3 minutos\" \/>\n<script type=\"application\/ld+json\" class=\"yoast-schema-graph\">{\"@context\":\"https:\/\/schema.org\",\"@graph\":[{\"@type\":\"WebPage\",\"@id\":\"https:\/\/qqpets.com\/product\/nylon-double-two-dog-leash-coupler\/\",\"url\":\"https:\/\/qqpets.com\/product\/nylon-double-two-dog-leash-coupler\/\",\"name\":\"Nylon Double Two Dog Leash Coupler | QQPETS\",\"isPartOf\":{\"@id\":\"https:\/\/qqpets.com\/#website\"},\"primaryImageOfPage\":{\"@id\":\"https:\/\/qqpets.com\/product\/nylon-double-two-dog-leash-coupler\/#primaryimage\"},\"image\":{\"@id\":\"https:\/\/qqpets.com\/product\/nylon-double-two-dog-leash-coupler\/#primaryimage\"},\"thumbnailUrl\":\"https:\/\/qqpets.com\/wp-content\/uploads\/2024\/09\/two-dog-leash1.webp\",\"datePublished\":\"2024-09-30T04:01:12+00:00\",\"description\":\"Walk two dogs simultaneously with ease using our durable Nylon Double Dog Leash Coupler. Ideal for multiple pet owners!\",\"breadcrumb\":{\"@id\":\"https:\/\/qqpets.com\/product\/nylon-double-two-dog-leash-coupler\/#breadcrumb\"},\"inLanguage\":\"es\",\"potentialAction\":[{\"@type\":\"ReadAction\",\"target\":[\"https:\/\/qqpets.com\/product\/nylon-double-two-dog-leash-coupler\/\"]}]},{\"@type\":\"ImageObject\",\"inLanguage\":\"es\",\"@id\":\"https:\/\/qqpets.com\/product\/nylon-double-two-dog-leash-coupler\/#primaryimage\",\"url\":\"https:\/\/qqpets.com\/wp-content\/uploads\/2024\/09\/two-dog-leash1.webp\",\"contentUrl\":\"https:\/\/qqpets.com\/wp-content\/uploads\/2024\/09\/two-dog-leash1.webp\",\"width\":500,\"height\":500},{\"@type\":\"BreadcrumbList\",\"@id\":\"https:\/\/qqpets.com\/product\/nylon-double-two-dog-leash-coupler\/#breadcrumb\",\"itemListElement\":[{\"@type\":\"ListItem\",\"position\":1,\"name\":\"Home\",\"item\":\"https:\/\/qqpets.com\/\"},{\"@type\":\"ListItem\",\"position\":2,\"name\":\"Products\",\"item\":\"https:\/\/qqpets.com\/pet-products-manufacturer\/\"},{\"@type\":\"ListItem\",\"position\":3,\"name\":\"Nylon Double Two Dog Leash Coupler\"}]},{\"@type\":\"WebSite\",\"@id\":\"https:\/\/qqpets.com\/#website\",\"url\":\"https:\/\/qqpets.com\/\",\"name\":\"QQPETS\",\"description\":\"QQPETS is a pet products factory for dog harnesses, dog collars, dog leashes and dog accessories with professional customized service since 2005.\",\"publisher\":{\"@id\":\"https:\/\/qqpets.com\/#organization\"},\"potentialAction\":[{\"@type\":\"SearchAction\",\"target\":{\"@type\":\"EntryPoint\",\"urlTemplate\":\"https:\/\/qqpets.com\/?s={search_term_string}\"},\"query-input\":{\"@type\":\"PropertyValueSpecification\",\"valueRequired\":true,\"valueName\":\"search_term_string\"}}],\"inLanguage\":\"es\"},{\"@type\":\"Organization\",\"@id\":\"https:\/\/qqpets.com\/#organization\",\"name\":\"QQPETS\",\"url\":\"https:\/\/qqpets.com\/\",\"logo\":{\"@type\":\"ImageObject\",\"inLanguage\":\"es\",\"@id\":\"https:\/\/qqpets.com\/#\/schema\/logo\/image\/\",\"url\":\"https:\/\/qqpets.com\/wp-content\/uploads\/2023\/09\/cropped-cropped-qqpets-tiktok.jpg\",\"contentUrl\":\"https:\/\/qqpets.com\/wp-content\/uploads\/2023\/09\/cropped-cropped-qqpets-tiktok.jpg\",\"width\":511,\"height\":511,\"caption\":\"QQPETS\"},\"image\":{\"@id\":\"https:\/\/qqpets.com\/#\/schema\/logo\/image\/\"},\"sameAs\":[\"https:\/\/www.facebook.com\/QQpetsdogcollars\",\"https:\/\/www.instagram.com\/qqpetscollar\/\",\"https:\/\/www.pinterest.com\/qqpetsdogcollarsfactory\/\"]}]}<\/script>\n<!-- \/ Yoast SEO plugin. -->","yoast_head_json":{"title":"Acoplador doble de nylon para dos correas de perro | QQPETS","description":"Pasee a dos perros simult\u00e1neamente con facilidad usando nuestro duradero enganche de nylon para doble correa de perro. \u00a1Ideal para m\u00faltiples due\u00f1os de mascotas!","robots":{"index":"index","follow":"follow","max-snippet":"max-snippet:-1","max-image-preview":"max-image-preview:large","max-video-preview":"max-video-preview:-1"},"canonical":"https:\/\/qqpets.com\/es\/producto\/nylon-double-two-dog-leash-coupler\/","og_locale":"es_ES","og_type":"article","og_title":"Nylon Double Two Dog Leash Coupler | QQPETS","og_description":"Walk two dogs simultaneously with ease using our durable Nylon Double Dog Leash Coupler. Ideal for multiple pet owners!","og_url":"https:\/\/qqpets.com\/es\/producto\/nylon-double-two-dog-leash-coupler\/","og_site_name":"QQPETS","article_publisher":"https:\/\/www.facebook.com\/QQpetsdogcollars","og_image":[{"width":500,"height":500,"url":"https:\/\/qqpets.com\/wp-content\/uploads\/2024\/09\/two-dog-leash1.webp","type":"image\/webp"}],"twitter_card":"summary_large_image","twitter_misc":{"Tiempo de lectura":"3 minutos"},"schema":{"@context":"https:\/\/schema.org","@graph":[{"@type":"WebPage","@id":"https:\/\/qqpets.com\/product\/nylon-double-two-dog-leash-coupler\/","url":"https:\/\/qqpets.com\/product\/nylon-double-two-dog-leash-coupler\/","name":"Acoplador doble de nylon para dos correas de perro | QQPETS","isPartOf":{"@id":"https:\/\/qqpets.com\/#website"},"primaryImageOfPage":{"@id":"https:\/\/qqpets.com\/product\/nylon-double-two-dog-leash-coupler\/#primaryimage"},"image":{"@id":"https:\/\/qqpets.com\/product\/nylon-double-two-dog-leash-coupler\/#primaryimage"},"thumbnailUrl":"https:\/\/qqpets.com\/wp-content\/uploads\/2024\/09\/two-dog-leash1.webp","datePublished":"2024-09-30T04:01:12+00:00","description":"Pasee a dos perros simult\u00e1neamente con facilidad usando nuestro duradero enganche de nylon para doble correa de perro. \u00a1Ideal para m\u00faltiples due\u00f1os de mascotas!","breadcrumb":{"@id":"https:\/\/qqpets.com\/product\/nylon-double-two-dog-leash-coupler\/#breadcrumb"},"inLanguage":"es","potentialAction":[{"@type":"ReadAction","target":["https:\/\/qqpets.com\/product\/nylon-double-two-dog-leash-coupler\/"]}]},{"@type":"ImageObject","inLanguage":"es","@id":"https:\/\/qqpets.com\/product\/nylon-double-two-dog-leash-coupler\/#primaryimage","url":"https:\/\/qqpets.com\/wp-content\/uploads\/2024\/09\/two-dog-leash1.webp","contentUrl":"https:\/\/qqpets.com\/wp-content\/uploads\/2024\/09\/two-dog-leash1.webp","width":500,"height":500},{"@type":"BreadcrumbList","@id":"https:\/\/qqpets.com\/product\/nylon-double-two-dog-leash-coupler\/#breadcrumb","itemListElement":[{"@type":"ListItem","position":1,"name":"Home","item":"https:\/\/qqpets.com\/"},{"@type":"ListItem","position":2,"name":"Products","item":"https:\/\/qqpets.com\/pet-products-manufacturer\/"},{"@type":"ListItem","position":3,"name":"Nylon Double Two Dog Leash Coupler"}]},{"@type":"WebSite","@id":"https:\/\/qqpets.com\/#website","url":"https:\/\/qqpets.com\/","name":"QQPETS","description":"QQPETS es una f\u00e1brica de productos para mascotas como arneses para perros, collares para perros, correas para perros y accesorios para perros con un servicio profesional personalizado desde 2005.","publisher":{"@id":"https:\/\/qqpets.com\/#organization"},"potentialAction":[{"@type":"SearchAction","target":{"@type":"EntryPoint","urlTemplate":"https:\/\/qqpets.com\/?s={search_term_string}"},"query-input":{"@type":"PropertyValueSpecification","valueRequired":true,"valueName":"search_term_string"}}],"inLanguage":"es"},{"@type":"Organization","@id":"https:\/\/qqpets.com\/#organization","name":"QQPETS","url":"https:\/\/qqpets.com\/","logo":{"@type":"ImageObject","inLanguage":"es","@id":"https:\/\/qqpets.com\/#\/schema\/logo\/image\/","url":"https:\/\/qqpets.com\/wp-content\/uploads\/2023\/09\/cropped-cropped-qqpets-tiktok.jpg","contentUrl":"https:\/\/qqpets.com\/wp-content\/uploads\/2023\/09\/cropped-cropped-qqpets-tiktok.jpg","width":511,"height":511,"caption":"QQPETS"},"image":{"@id":"https:\/\/qqpets.com\/#\/schema\/logo\/image\/"},"sameAs":["https:\/\/www.facebook.com\/QQpetsdogcollars","https:\/\/www.instagram.com\/qqpetscollar\/","https:\/\/www.pinterest.com\/qqpetsdogcollarsfactory\/"]}]}},"_links":{"self":[{"href":"https:\/\/qqpets.com\/es\/wp-json\/wp\/v2\/product\/8425","targetHints":{"allow":["GET"]}}],"collection":[{"href":"https:\/\/qqpets.com\/es\/wp-json\/wp\/v2\/product"}],"about":[{"href":"https:\/\/qqpets.com\/es\/wp-json\/wp\/v2\/types\/product"}],"wp:featuredmedia":[{"embeddable":true,"href":"https:\/\/qqpets.com\/es\/wp-json\/wp\/v2\/media\/8426"}],"wp:attachment":[{"href":"https:\/\/qqpets.com\/es\/wp-json\/wp\/v2\/media?parent=8425"}],"wp:term":[{"taxonomy":"product_brand","embeddable":true,"href":"https:\/\/qqpets.com\/es\/wp-json\/wp\/v2\/product_brand?post=8425"},{"taxonomy":"product_cat","embeddable":true,"href":"https:\/\/qqpets.com\/es\/wp-json\/wp\/v2\/product_cat?post=8425"},{"taxonomy":"product_tag","embeddable":true,"href":"https:\/\/qqpets.com\/es\/wp-json\/wp\/v2\/product_tag?post=8425"}],"curies":[{"name":"wp","href":"https:\/\/api.w.org\/{rel}","templated":true}]}}