{"id":8444,"date":"2024-09-30T16:17:02","date_gmt":"2024-09-30T08:17:02","guid":{"rendered":"https:\/\/qqpets.com\/?post_type=product&#038;p=8444"},"modified":"2024-09-30T16:17:02","modified_gmt":"2024-09-30T08:17:02","slug":"easy-walk-step-in-dog-harness-set","status":"publish","type":"product","link":"https:\/\/qqpets.com\/es\/producto\/easy-walk-step-in-dog-harness-set\/","title":{"rendered":"Arn\u00e9s para perros Easy Walk Step In"},"content":{"rendered":"<p>Presentamos el arn\u00e9s para perros Easy Walk Step In: la soluci\u00f3n definitiva para pasear sin complicaciones con su querida mascota. Fabricado pensando en el due\u00f1o de una mascota moderna, este conjunto incluye un arn\u00e9s escalonado que elimina las complicaciones de los arneses elevados tradicionales, por lo que es incre\u00edblemente f\u00e1cil sujetar a tu perro sin molestias.<\/p>\n<p>El arn\u00e9s est\u00e1 fabricado con tejido transpirable de alta calidad que mantiene su forma y funci\u00f3n incluso despu\u00e9s de un uso repetido. Las correas ajustables proporcionan un ajuste personalizado para cualquier tama\u00f1o de perro, garantizando la comodidad y evitando que se escape. Las costuras reflectantes del arn\u00e9s y la correa mejoran la visibilidad durante los paseos a primera hora de la ma\u00f1ana o al atardecer, a\u00f1adiendo una capa adicional de seguridad para tu mascota.<\/p>\n<p>La correa a juego es robusta y cuenta con un clip de alta resistencia para una sujeci\u00f3n segura, lo que le proporciona control durante los paseos, mientras que el asa suave garantiza la comodidad de su mano. El arn\u00e9s para perros Easy Walk Step In no s\u00f3lo es pr\u00e1ctico, sino tambi\u00e9n elegante, con su vibrante dise\u00f1o rosa que refleja una personalidad divertida y alegre.<\/p>\n<p>Este producto es una excelente elecci\u00f3n para los due\u00f1os de mascotas que buscan una combinaci\u00f3n de estilo, seguridad y comodidad. Es ideal para los paseos diarios, las visitas al veterinario o cualquier aventura al aire libre con su amigo peludo, ya que le garantiza un aspecto estupendo a la vez que se mantiene seguro y c\u00f3modo. Adecuado para perros de todas las razas y tama\u00f1os, este conjunto de arn\u00e9s simplifica el manejo de la mascota, por lo que es imprescindible en la colecci\u00f3n de accesorios de su perro.<\/p>\n<h5><strong>\u00bfSon buenos los arneses con pelda\u00f1o para los perros?<\/strong><\/h5>\n<p>S\u00ed, los arneses escalonados son buenos para los perros, ya que suelen ser f\u00e1ciles de poner y quitar, distribuyen la presi\u00f3n uniformemente por el pecho y los hombros, y es menos probable que provoquen tensi\u00f3n en el cuello. Son especialmente beneficiosos para los perros peque\u00f1os y medianos.<\/p>\n<h5><strong>\u00bfEl arn\u00e9s Easy Walk es bueno para los perros?<\/strong><\/h5>\n<p>S\u00ed, el arn\u00e9s Easy Walk es beneficioso para los perros, sobre todo para los que tiran, ya que cuenta con un enganche para la correa delantera que ayuda a redirigir la fuerza de tiro del perro hacia los lados en lugar de hacia delante, lo que facilita el paseo y hace que el adiestramiento sea m\u00e1s eficaz.<\/p>\n<h5><strong>\u00bfC\u00f3mo se pone un arn\u00e9s a un perro Easy Walk?<\/strong><\/h5>\n<p>Coloque el arn\u00e9s en el suelo, introduzca las patas del perro en las aberturas y, a continuaci\u00f3n, tire del arn\u00e9s hacia arriba y abroche la hebilla en la espalda. Aseg\u00farate de que la correa del pecho est\u00e9 horizontal y asentada baja sobre el estern\u00f3n, no sobre el cuello.<\/p>\n<h5><strong>\u00bfC\u00f3mo consigo que mi perro se ponga el arn\u00e9s?<\/strong><\/h5>\n<p>Coloque el arn\u00e9s en el suelo y d\u00e9 golosinas a su perro para que entre por cada abertura de las patas. Cuando lo haga, tire suavemente del arn\u00e9s hacia arriba y por encima de su espalda y fije los cierres, elogi\u00e1ndolo y d\u00e1ndole golosinas para crear una experiencia positiva.<\/p>","protected":false},"excerpt":{"rendered":"<p>Nuestro arn\u00e9s para perros Easy Walk Step In est\u00e1 dise\u00f1ado para ofrecer la m\u00e1xima comodidad y facilidad de uso. Este conjunto todo en uno incluye un arn\u00e9s ligero y una correa a juego, ideales para los paseos diarios. El arn\u00e9s tiene un dise\u00f1o sin tirones para evitar la tensi\u00f3n en el cuello de su perro, mientras que el tejido suave y transpirable garantiza la comodidad incluso durante un uso prolongado. Las hebillas de cierre r\u00e1pido facilitan su colocaci\u00f3n y extracci\u00f3n, garantizando siempre una experiencia sin complicaciones. Perfecta para todas las razas, combina funcionalidad con estilo, y viene en un vibrante color rosa que garantiza que tu perro destaque a la vez que se mantiene seguro.<\/p>","protected":false},"featured_media":8445,"template":"","meta":[],"product_brand":[],"product_cat":[23],"product_tag":[],"class_list":{"0":"post-8444","1":"product","2":"type-product","3":"status-publish","4":"has-post-thumbnail","6":"product_cat-dog-harness","7":"pa_brand-qqpets","9":"first","10":"instock","11":"shipping-taxable","12":"product-type-simple"},"yoast_head":"<!-- This site is optimized with the Yoast SEO plugin v26.6 - https:\/\/yoast.com\/wordpress\/plugins\/seo\/ -->\n<title>Easy Walk Step In Dog Harness Set | QQPETS<\/title>\n<meta name=\"description\" content=\"Enhance your dog&#039;s comfort and safety with our Easy Walk Step In Dog Harness Set, perfect for daily use.\" \/>\n<meta name=\"robots\" content=\"index, follow, max-snippet:-1, max-image-preview:large, max-video-preview:-1\" \/>\n<link rel=\"canonical\" href=\"https:\/\/qqpets.com\/es\/producto\/easy-walk-step-in-dog-harness-set\/\" \/>\n<meta property=\"og:locale\" content=\"es_ES\" \/>\n<meta property=\"og:type\" content=\"article\" \/>\n<meta property=\"og:title\" content=\"Easy Walk Step In Dog Harness Set | QQPETS\" \/>\n<meta property=\"og:description\" content=\"Enhance your dog&#039;s comfort and safety with our Easy Walk Step In Dog Harness Set, perfect for daily use.\" \/>\n<meta property=\"og:url\" content=\"https:\/\/qqpets.com\/es\/producto\/easy-walk-step-in-dog-harness-set\/\" \/>\n<meta property=\"og:site_name\" content=\"QQPETS\" \/>\n<meta property=\"article:publisher\" content=\"https:\/\/www.facebook.com\/QQpetsdogcollars\" \/>\n<meta property=\"og:image\" content=\"https:\/\/qqpets.com\/wp-content\/uploads\/2024\/09\/step-in-dog-harness-set5.webp\" \/>\n\t<meta property=\"og:image:width\" content=\"800\" \/>\n\t<meta property=\"og:image:height\" content=\"800\" \/>\n\t<meta property=\"og:image:type\" content=\"image\/webp\" \/>\n<meta name=\"twitter:card\" content=\"summary_large_image\" \/>\n<meta name=\"twitter:label1\" content=\"Tiempo de lectura\" \/>\n\t<meta name=\"twitter:data1\" content=\"3 minutos\" \/>\n<script type=\"application\/ld+json\" class=\"yoast-schema-graph\">{\"@context\":\"https:\/\/schema.org\",\"@graph\":[{\"@type\":\"WebPage\",\"@id\":\"https:\/\/qqpets.com\/product\/easy-walk-step-in-dog-harness-set\/\",\"url\":\"https:\/\/qqpets.com\/product\/easy-walk-step-in-dog-harness-set\/\",\"name\":\"Easy Walk Step In Dog Harness Set | QQPETS\",\"isPartOf\":{\"@id\":\"https:\/\/qqpets.com\/#website\"},\"primaryImageOfPage\":{\"@id\":\"https:\/\/qqpets.com\/product\/easy-walk-step-in-dog-harness-set\/#primaryimage\"},\"image\":{\"@id\":\"https:\/\/qqpets.com\/product\/easy-walk-step-in-dog-harness-set\/#primaryimage\"},\"thumbnailUrl\":\"https:\/\/qqpets.com\/wp-content\/uploads\/2024\/09\/step-in-dog-harness-set5.webp\",\"datePublished\":\"2024-09-30T08:17:02+00:00\",\"description\":\"Enhance your dog's comfort and safety with our Easy Walk Step In Dog Harness Set, perfect for daily use.\",\"breadcrumb\":{\"@id\":\"https:\/\/qqpets.com\/product\/easy-walk-step-in-dog-harness-set\/#breadcrumb\"},\"inLanguage\":\"es\",\"potentialAction\":[{\"@type\":\"ReadAction\",\"target\":[\"https:\/\/qqpets.com\/product\/easy-walk-step-in-dog-harness-set\/\"]}]},{\"@type\":\"ImageObject\",\"inLanguage\":\"es\",\"@id\":\"https:\/\/qqpets.com\/product\/easy-walk-step-in-dog-harness-set\/#primaryimage\",\"url\":\"https:\/\/qqpets.com\/wp-content\/uploads\/2024\/09\/step-in-dog-harness-set5.webp\",\"contentUrl\":\"https:\/\/qqpets.com\/wp-content\/uploads\/2024\/09\/step-in-dog-harness-set5.webp\",\"width\":800,\"height\":800},{\"@type\":\"BreadcrumbList\",\"@id\":\"https:\/\/qqpets.com\/product\/easy-walk-step-in-dog-harness-set\/#breadcrumb\",\"itemListElement\":[{\"@type\":\"ListItem\",\"position\":1,\"name\":\"Home\",\"item\":\"https:\/\/qqpets.com\/\"},{\"@type\":\"ListItem\",\"position\":2,\"name\":\"Products\",\"item\":\"https:\/\/qqpets.com\/pet-products-manufacturer\/\"},{\"@type\":\"ListItem\",\"position\":3,\"name\":\"Easy Walk Step In Dog Harness Set\"}]},{\"@type\":\"WebSite\",\"@id\":\"https:\/\/qqpets.com\/#website\",\"url\":\"https:\/\/qqpets.com\/\",\"name\":\"QQPETS\",\"description\":\"QQPETS is a pet products factory for dog harnesses, dog collars, dog leashes and dog accessories with professional customized service since 2005.\",\"publisher\":{\"@id\":\"https:\/\/qqpets.com\/#organization\"},\"potentialAction\":[{\"@type\":\"SearchAction\",\"target\":{\"@type\":\"EntryPoint\",\"urlTemplate\":\"https:\/\/qqpets.com\/?s={search_term_string}\"},\"query-input\":{\"@type\":\"PropertyValueSpecification\",\"valueRequired\":true,\"valueName\":\"search_term_string\"}}],\"inLanguage\":\"es\"},{\"@type\":\"Organization\",\"@id\":\"https:\/\/qqpets.com\/#organization\",\"name\":\"QQPETS\",\"url\":\"https:\/\/qqpets.com\/\",\"logo\":{\"@type\":\"ImageObject\",\"inLanguage\":\"es\",\"@id\":\"https:\/\/qqpets.com\/#\/schema\/logo\/image\/\",\"url\":\"https:\/\/qqpets.com\/wp-content\/uploads\/2023\/09\/cropped-cropped-qqpets-tiktok.jpg\",\"contentUrl\":\"https:\/\/qqpets.com\/wp-content\/uploads\/2023\/09\/cropped-cropped-qqpets-tiktok.jpg\",\"width\":511,\"height\":511,\"caption\":\"QQPETS\"},\"image\":{\"@id\":\"https:\/\/qqpets.com\/#\/schema\/logo\/image\/\"},\"sameAs\":[\"https:\/\/www.facebook.com\/QQpetsdogcollars\",\"https:\/\/www.instagram.com\/qqpetscollar\/\",\"https:\/\/www.pinterest.com\/qqpetsdogcollarsfactory\/\"]}]}<\/script>\n<!-- \/ Yoast SEO plugin. -->","yoast_head_json":{"title":"Arn\u00e9s para perros Easy Walk Step In | QQPETS","description":"Aumente la comodidad y seguridad de su perro con nuestro arn\u00e9s para perros Easy Walk Step In, perfecto para el uso diario.","robots":{"index":"index","follow":"follow","max-snippet":"max-snippet:-1","max-image-preview":"max-image-preview:large","max-video-preview":"max-video-preview:-1"},"canonical":"https:\/\/qqpets.com\/es\/producto\/easy-walk-step-in-dog-harness-set\/","og_locale":"es_ES","og_type":"article","og_title":"Easy Walk Step In Dog Harness Set | QQPETS","og_description":"Enhance your dog's comfort and safety with our Easy Walk Step In Dog Harness Set, perfect for daily use.","og_url":"https:\/\/qqpets.com\/es\/producto\/easy-walk-step-in-dog-harness-set\/","og_site_name":"QQPETS","article_publisher":"https:\/\/www.facebook.com\/QQpetsdogcollars","og_image":[{"width":800,"height":800,"url":"https:\/\/qqpets.com\/wp-content\/uploads\/2024\/09\/step-in-dog-harness-set5.webp","type":"image\/webp"}],"twitter_card":"summary_large_image","twitter_misc":{"Tiempo de lectura":"3 minutos"},"schema":{"@context":"https:\/\/schema.org","@graph":[{"@type":"WebPage","@id":"https:\/\/qqpets.com\/product\/easy-walk-step-in-dog-harness-set\/","url":"https:\/\/qqpets.com\/product\/easy-walk-step-in-dog-harness-set\/","name":"Arn\u00e9s para perros Easy Walk Step In | QQPETS","isPartOf":{"@id":"https:\/\/qqpets.com\/#website"},"primaryImageOfPage":{"@id":"https:\/\/qqpets.com\/product\/easy-walk-step-in-dog-harness-set\/#primaryimage"},"image":{"@id":"https:\/\/qqpets.com\/product\/easy-walk-step-in-dog-harness-set\/#primaryimage"},"thumbnailUrl":"https:\/\/qqpets.com\/wp-content\/uploads\/2024\/09\/step-in-dog-harness-set5.webp","datePublished":"2024-09-30T08:17:02+00:00","description":"Aumente la comodidad y seguridad de su perro con nuestro arn\u00e9s para perros Easy Walk Step In, perfecto para el uso diario.","breadcrumb":{"@id":"https:\/\/qqpets.com\/product\/easy-walk-step-in-dog-harness-set\/#breadcrumb"},"inLanguage":"es","potentialAction":[{"@type":"ReadAction","target":["https:\/\/qqpets.com\/product\/easy-walk-step-in-dog-harness-set\/"]}]},{"@type":"ImageObject","inLanguage":"es","@id":"https:\/\/qqpets.com\/product\/easy-walk-step-in-dog-harness-set\/#primaryimage","url":"https:\/\/qqpets.com\/wp-content\/uploads\/2024\/09\/step-in-dog-harness-set5.webp","contentUrl":"https:\/\/qqpets.com\/wp-content\/uploads\/2024\/09\/step-in-dog-harness-set5.webp","width":800,"height":800},{"@type":"BreadcrumbList","@id":"https:\/\/qqpets.com\/product\/easy-walk-step-in-dog-harness-set\/#breadcrumb","itemListElement":[{"@type":"ListItem","position":1,"name":"Home","item":"https:\/\/qqpets.com\/"},{"@type":"ListItem","position":2,"name":"Products","item":"https:\/\/qqpets.com\/pet-products-manufacturer\/"},{"@type":"ListItem","position":3,"name":"Easy Walk Step In Dog Harness Set"}]},{"@type":"WebSite","@id":"https:\/\/qqpets.com\/#website","url":"https:\/\/qqpets.com\/","name":"QQPETS","description":"QQPETS es una f\u00e1brica de productos para mascotas como arneses para perros, collares para perros, correas para perros y accesorios para perros con un servicio profesional personalizado desde 2005.","publisher":{"@id":"https:\/\/qqpets.com\/#organization"},"potentialAction":[{"@type":"SearchAction","target":{"@type":"EntryPoint","urlTemplate":"https:\/\/qqpets.com\/?s={search_term_string}"},"query-input":{"@type":"PropertyValueSpecification","valueRequired":true,"valueName":"search_term_string"}}],"inLanguage":"es"},{"@type":"Organization","@id":"https:\/\/qqpets.com\/#organization","name":"QQPETS","url":"https:\/\/qqpets.com\/","logo":{"@type":"ImageObject","inLanguage":"es","@id":"https:\/\/qqpets.com\/#\/schema\/logo\/image\/","url":"https:\/\/qqpets.com\/wp-content\/uploads\/2023\/09\/cropped-cropped-qqpets-tiktok.jpg","contentUrl":"https:\/\/qqpets.com\/wp-content\/uploads\/2023\/09\/cropped-cropped-qqpets-tiktok.jpg","width":511,"height":511,"caption":"QQPETS"},"image":{"@id":"https:\/\/qqpets.com\/#\/schema\/logo\/image\/"},"sameAs":["https:\/\/www.facebook.com\/QQpetsdogcollars","https:\/\/www.instagram.com\/qqpetscollar\/","https:\/\/www.pinterest.com\/qqpetsdogcollarsfactory\/"]}]}},"_links":{"self":[{"href":"https:\/\/qqpets.com\/es\/wp-json\/wp\/v2\/product\/8444","targetHints":{"allow":["GET"]}}],"collection":[{"href":"https:\/\/qqpets.com\/es\/wp-json\/wp\/v2\/product"}],"about":[{"href":"https:\/\/qqpets.com\/es\/wp-json\/wp\/v2\/types\/product"}],"wp:featuredmedia":[{"embeddable":true,"href":"https:\/\/qqpets.com\/es\/wp-json\/wp\/v2\/media\/8445"}],"wp:attachment":[{"href":"https:\/\/qqpets.com\/es\/wp-json\/wp\/v2\/media?parent=8444"}],"wp:term":[{"taxonomy":"product_brand","embeddable":true,"href":"https:\/\/qqpets.com\/es\/wp-json\/wp\/v2\/product_brand?post=8444"},{"taxonomy":"product_cat","embeddable":true,"href":"https:\/\/qqpets.com\/es\/wp-json\/wp\/v2\/product_cat?post=8444"},{"taxonomy":"product_tag","embeddable":true,"href":"https:\/\/qqpets.com\/es\/wp-json\/wp\/v2\/product_tag?post=8444"}],"curies":[{"name":"wp","href":"https:\/\/api.w.org\/{rel}","templated":true}]}}