{"id":8457,"date":"2024-09-30T17:26:38","date_gmt":"2024-09-30T09:26:38","guid":{"rendered":"https:\/\/qqpets.com\/?post_type=product&#038;p=8457"},"modified":"2024-09-30T17:26:38","modified_gmt":"2024-09-30T09:26:38","slug":"cat-collar-with-bell","status":"publish","type":"product","link":"https:\/\/qqpets.com\/es\/producto\/cat-collar-with-bell\/","title":{"rendered":"Collar para gato con cascabel"},"content":{"rendered":"<p>Presentamos la mezcla perfecta de funcionalidad y moda con nuestro collar para gato con cascabel. Este encantador accesorio est\u00e1 dise\u00f1ado para mantener a tu querido gato sano y salvo a la vez que a\u00f1ade un toque de elegancia a su look diario.<\/p>\n<p><strong>Caracter\u00edsticas principales:<\/strong><\/p>\n<ul>\n<li><strong>C\u00f3modo de llevar:<\/strong> Fabricado con materiales ligeros de alta calidad, nuestro collar para gatos est\u00e1 dise\u00f1ado para garantizar la comodidad de su gato durante todo el d\u00eda sin causarle ninguna irritaci\u00f3n.<\/li>\n<li><strong>Campana de seguridad:<\/strong> Equipado con un encantador cascabel, este collar le ayuda a vigilar el paradero de su gato emitiendo un suave tintineo. Esta caracter\u00edstica es especialmente beneficiosa para los gatos a los que les encanta escabullirse y explorar, proporcionando tranquilidad a los propietarios.<\/li>\n<li><strong>Dise\u00f1o ajustable:<\/strong> F\u00e1cilmente ajustable para adaptarse a una amplia gama de tama\u00f1os de cuello, este collar puede crecer con su mascota desde el gatito hasta el adulto. El mecanismo de cierre seguro garantiza que el collar permanezca en su sitio, pero es f\u00e1cil de quitar o ajustar seg\u00fan sea necesario.<\/li>\n<li><strong>Duradero y lavable:<\/strong> Fabricado para soportar los rigores de la vida gatuna, este collar es duradero y f\u00e1cil de limpiar, y mantiene su aspecto vibrante a trav\u00e9s de innumerables aventuras.<\/li>\n<li><strong>Selecciones con estilo:<\/strong> Disponible en varios colores y estampados, puedes elegir el estilo perfecto que se adapte a la personalidad de tu gato, convirti\u00e9ndolo en el gato con m\u00e1s estilo de la cuadra.<\/li>\n<\/ul>\n<p>Nuestro collar para gatos con cascabel no es s\u00f3lo un accesorio; es un peque\u00f1o detalle que puede mejorar significativamente la seguridad de su gato en el exterior. Combina practicidad con estilo, lo que lo convierte en un producto esencial para todo due\u00f1o de gato que valore la seguridad y la comodidad de su mascota.<\/p>\n<h5><strong>\u00bfLos collares con cascabeles son buenos para los gatos?<\/strong><\/h5>\n<p>Los collares con cascabel pueden ser buenos para los gatos, sobre todo los de exterior, ya que el cascabel ayuda a alertar a los p\u00e1jaros y a otros animales salvajes de la presencia del gato, reduciendo potencialmente el \u00e9xito de la caza.<\/p>\n<h5><strong>\u00bfQu\u00e9 significa un cascabel en el collar de un gato?<\/strong><\/h5>\n<p>Un cascabel en el collar de un gato suele indicar que se trata de una mascota de exterior. El cascabel ayuda a seguir los movimientos del gato y puede advertir a sus presas, como p\u00e1jaros y peque\u00f1os mam\u00edferos, de que se acerca.<\/p>\n<h5><strong>\u00bfHar\u00e1 un cascabel que mi gato deje de cazar?<\/strong><\/h5>\n<p>Puede que un cascabel no impida por completo que un gato cace, pero puede reducir sus posibilidades de capturar presas al alertar a los posibles objetivos con el sonido mientras el gato se mueve.<\/p>\n<h5><strong>\u00bfDeben llevar collar los gatos todo el tiempo?<\/strong><\/h5>\n<p>Los gatos que salen al exterior deben llevar collar en todo momento por motivos de identificaci\u00f3n y seguridad. Sin embargo, aseg\u00farese de que el collar sea del tipo que se puede soltar f\u00e1cilmente si se engancha en algo para evitar lesiones. Los gatos de interior pueden no necesitar llevar collar constantemente, dependiendo de las preferencias del propietario y de la tolerancia del gato.<\/p>","protected":false},"excerpt":{"rendered":"<p>Mejore la seguridad y el estilo de su gato con nuestro collar para gatos con cascabel. Este collar ajustable cuenta con un cierre seguro y un vibrante cascabel que le ayudar\u00e1 a seguir los movimientos de su mascota. Fabricado con materiales suaves y duraderos, garantiza comodidad y longevidad. El cascabel a\u00f1ade un toque de fantas\u00eda a la vez que cumple la funci\u00f3n pr\u00e1ctica de alertar a los p\u00e1jaros y otros animales salvajes, lo que lo convierte en la elecci\u00f3n perfecta para los aventureros de exterior o los exploradores de interior.<\/p>","protected":false},"featured_media":8459,"template":"","meta":[],"product_brand":[],"product_cat":[26],"product_tag":[],"class_list":{"0":"post-8457","1":"product","2":"type-product","3":"status-publish","4":"has-post-thumbnail","6":"product_cat-dog-collar","7":"pa_brand-qqpets","9":"first","10":"instock","11":"shipping-taxable","12":"product-type-simple"},"yoast_head":"<!-- This site is optimized with the Yoast SEO plugin v26.6 - https:\/\/yoast.com\/wordpress\/plugins\/seo\/ -->\n<title>Cat Collar With Bell | QQPETS<\/title>\n<meta name=\"description\" content=\"Charming Cat Collar with Bell, designed for safety and style, perfect for your feline friend.\" \/>\n<meta name=\"robots\" content=\"index, follow, max-snippet:-1, max-image-preview:large, max-video-preview:-1\" \/>\n<link rel=\"canonical\" href=\"https:\/\/qqpets.com\/es\/producto\/cat-collar-with-bell\/\" \/>\n<meta property=\"og:locale\" content=\"es_ES\" \/>\n<meta property=\"og:type\" content=\"article\" \/>\n<meta property=\"og:title\" content=\"Cat Collar With Bell | QQPETS\" \/>\n<meta property=\"og:description\" content=\"Charming Cat Collar with Bell, designed for safety and style, perfect for your feline friend.\" \/>\n<meta property=\"og:url\" content=\"https:\/\/qqpets.com\/es\/producto\/cat-collar-with-bell\/\" \/>\n<meta property=\"og:site_name\" content=\"QQPETS\" \/>\n<meta property=\"article:publisher\" content=\"https:\/\/www.facebook.com\/QQpetsdogcollars\" \/>\n<meta property=\"og:image\" content=\"https:\/\/qqpets.com\/wp-content\/uploads\/2024\/09\/cat-collar-with-bell1.webp\" \/>\n\t<meta property=\"og:image:width\" content=\"800\" \/>\n\t<meta property=\"og:image:height\" content=\"800\" \/>\n\t<meta property=\"og:image:type\" content=\"image\/webp\" \/>\n<meta name=\"twitter:card\" content=\"summary_large_image\" \/>\n<meta name=\"twitter:label1\" content=\"Tiempo de lectura\" \/>\n\t<meta name=\"twitter:data1\" content=\"3 minutos\" \/>\n<script type=\"application\/ld+json\" class=\"yoast-schema-graph\">{\"@context\":\"https:\/\/schema.org\",\"@graph\":[{\"@type\":\"WebPage\",\"@id\":\"https:\/\/qqpets.com\/product\/cat-collar-with-bell\/\",\"url\":\"https:\/\/qqpets.com\/product\/cat-collar-with-bell\/\",\"name\":\"Cat Collar With Bell | QQPETS\",\"isPartOf\":{\"@id\":\"https:\/\/qqpets.com\/#website\"},\"primaryImageOfPage\":{\"@id\":\"https:\/\/qqpets.com\/product\/cat-collar-with-bell\/#primaryimage\"},\"image\":{\"@id\":\"https:\/\/qqpets.com\/product\/cat-collar-with-bell\/#primaryimage\"},\"thumbnailUrl\":\"https:\/\/qqpets.com\/wp-content\/uploads\/2024\/09\/cat-collar-with-bell1.webp\",\"datePublished\":\"2024-09-30T09:26:38+00:00\",\"description\":\"Charming Cat Collar with Bell, designed for safety and style, perfect for your feline friend.\",\"breadcrumb\":{\"@id\":\"https:\/\/qqpets.com\/product\/cat-collar-with-bell\/#breadcrumb\"},\"inLanguage\":\"es\",\"potentialAction\":[{\"@type\":\"ReadAction\",\"target\":[\"https:\/\/qqpets.com\/product\/cat-collar-with-bell\/\"]}]},{\"@type\":\"ImageObject\",\"inLanguage\":\"es\",\"@id\":\"https:\/\/qqpets.com\/product\/cat-collar-with-bell\/#primaryimage\",\"url\":\"https:\/\/qqpets.com\/wp-content\/uploads\/2024\/09\/cat-collar-with-bell1.webp\",\"contentUrl\":\"https:\/\/qqpets.com\/wp-content\/uploads\/2024\/09\/cat-collar-with-bell1.webp\",\"width\":800,\"height\":800},{\"@type\":\"BreadcrumbList\",\"@id\":\"https:\/\/qqpets.com\/product\/cat-collar-with-bell\/#breadcrumb\",\"itemListElement\":[{\"@type\":\"ListItem\",\"position\":1,\"name\":\"Home\",\"item\":\"https:\/\/qqpets.com\/\"},{\"@type\":\"ListItem\",\"position\":2,\"name\":\"Products\",\"item\":\"https:\/\/qqpets.com\/pet-products-manufacturer\/\"},{\"@type\":\"ListItem\",\"position\":3,\"name\":\"Cat Collar With Bell\"}]},{\"@type\":\"WebSite\",\"@id\":\"https:\/\/qqpets.com\/#website\",\"url\":\"https:\/\/qqpets.com\/\",\"name\":\"QQPETS\",\"description\":\"QQPETS is a pet products factory for dog harnesses, dog collars, dog leashes and dog accessories with professional customized service since 2005.\",\"publisher\":{\"@id\":\"https:\/\/qqpets.com\/#organization\"},\"potentialAction\":[{\"@type\":\"SearchAction\",\"target\":{\"@type\":\"EntryPoint\",\"urlTemplate\":\"https:\/\/qqpets.com\/?s={search_term_string}\"},\"query-input\":{\"@type\":\"PropertyValueSpecification\",\"valueRequired\":true,\"valueName\":\"search_term_string\"}}],\"inLanguage\":\"es\"},{\"@type\":\"Organization\",\"@id\":\"https:\/\/qqpets.com\/#organization\",\"name\":\"QQPETS\",\"url\":\"https:\/\/qqpets.com\/\",\"logo\":{\"@type\":\"ImageObject\",\"inLanguage\":\"es\",\"@id\":\"https:\/\/qqpets.com\/#\/schema\/logo\/image\/\",\"url\":\"https:\/\/qqpets.com\/wp-content\/uploads\/2023\/09\/cropped-cropped-qqpets-tiktok.jpg\",\"contentUrl\":\"https:\/\/qqpets.com\/wp-content\/uploads\/2023\/09\/cropped-cropped-qqpets-tiktok.jpg\",\"width\":511,\"height\":511,\"caption\":\"QQPETS\"},\"image\":{\"@id\":\"https:\/\/qqpets.com\/#\/schema\/logo\/image\/\"},\"sameAs\":[\"https:\/\/www.facebook.com\/QQpetsdogcollars\",\"https:\/\/www.instagram.com\/qqpetscollar\/\",\"https:\/\/www.pinterest.com\/qqpetsdogcollarsfactory\/\"]}]}<\/script>\n<!-- \/ Yoast SEO plugin. -->","yoast_head_json":{"title":"Collar de Gato con Campana | QQPETS","description":"Encantador collar para gatos con cascabel, dise\u00f1ado para ofrecer seguridad y estilo, perfecto para su amigo felino.","robots":{"index":"index","follow":"follow","max-snippet":"max-snippet:-1","max-image-preview":"max-image-preview:large","max-video-preview":"max-video-preview:-1"},"canonical":"https:\/\/qqpets.com\/es\/producto\/cat-collar-with-bell\/","og_locale":"es_ES","og_type":"article","og_title":"Cat Collar With Bell | QQPETS","og_description":"Charming Cat Collar with Bell, designed for safety and style, perfect for your feline friend.","og_url":"https:\/\/qqpets.com\/es\/producto\/cat-collar-with-bell\/","og_site_name":"QQPETS","article_publisher":"https:\/\/www.facebook.com\/QQpetsdogcollars","og_image":[{"width":800,"height":800,"url":"https:\/\/qqpets.com\/wp-content\/uploads\/2024\/09\/cat-collar-with-bell1.webp","type":"image\/webp"}],"twitter_card":"summary_large_image","twitter_misc":{"Tiempo de lectura":"3 minutos"},"schema":{"@context":"https:\/\/schema.org","@graph":[{"@type":"WebPage","@id":"https:\/\/qqpets.com\/product\/cat-collar-with-bell\/","url":"https:\/\/qqpets.com\/product\/cat-collar-with-bell\/","name":"Collar de Gato con Campana | QQPETS","isPartOf":{"@id":"https:\/\/qqpets.com\/#website"},"primaryImageOfPage":{"@id":"https:\/\/qqpets.com\/product\/cat-collar-with-bell\/#primaryimage"},"image":{"@id":"https:\/\/qqpets.com\/product\/cat-collar-with-bell\/#primaryimage"},"thumbnailUrl":"https:\/\/qqpets.com\/wp-content\/uploads\/2024\/09\/cat-collar-with-bell1.webp","datePublished":"2024-09-30T09:26:38+00:00","description":"Encantador collar para gatos con cascabel, dise\u00f1ado para ofrecer seguridad y estilo, perfecto para su amigo felino.","breadcrumb":{"@id":"https:\/\/qqpets.com\/product\/cat-collar-with-bell\/#breadcrumb"},"inLanguage":"es","potentialAction":[{"@type":"ReadAction","target":["https:\/\/qqpets.com\/product\/cat-collar-with-bell\/"]}]},{"@type":"ImageObject","inLanguage":"es","@id":"https:\/\/qqpets.com\/product\/cat-collar-with-bell\/#primaryimage","url":"https:\/\/qqpets.com\/wp-content\/uploads\/2024\/09\/cat-collar-with-bell1.webp","contentUrl":"https:\/\/qqpets.com\/wp-content\/uploads\/2024\/09\/cat-collar-with-bell1.webp","width":800,"height":800},{"@type":"BreadcrumbList","@id":"https:\/\/qqpets.com\/product\/cat-collar-with-bell\/#breadcrumb","itemListElement":[{"@type":"ListItem","position":1,"name":"Home","item":"https:\/\/qqpets.com\/"},{"@type":"ListItem","position":2,"name":"Products","item":"https:\/\/qqpets.com\/pet-products-manufacturer\/"},{"@type":"ListItem","position":3,"name":"Cat Collar With Bell"}]},{"@type":"WebSite","@id":"https:\/\/qqpets.com\/#website","url":"https:\/\/qqpets.com\/","name":"QQPETS","description":"QQPETS es una f\u00e1brica de productos para mascotas como arneses para perros, collares para perros, correas para perros y accesorios para perros con un servicio profesional personalizado desde 2005.","publisher":{"@id":"https:\/\/qqpets.com\/#organization"},"potentialAction":[{"@type":"SearchAction","target":{"@type":"EntryPoint","urlTemplate":"https:\/\/qqpets.com\/?s={search_term_string}"},"query-input":{"@type":"PropertyValueSpecification","valueRequired":true,"valueName":"search_term_string"}}],"inLanguage":"es"},{"@type":"Organization","@id":"https:\/\/qqpets.com\/#organization","name":"QQPETS","url":"https:\/\/qqpets.com\/","logo":{"@type":"ImageObject","inLanguage":"es","@id":"https:\/\/qqpets.com\/#\/schema\/logo\/image\/","url":"https:\/\/qqpets.com\/wp-content\/uploads\/2023\/09\/cropped-cropped-qqpets-tiktok.jpg","contentUrl":"https:\/\/qqpets.com\/wp-content\/uploads\/2023\/09\/cropped-cropped-qqpets-tiktok.jpg","width":511,"height":511,"caption":"QQPETS"},"image":{"@id":"https:\/\/qqpets.com\/#\/schema\/logo\/image\/"},"sameAs":["https:\/\/www.facebook.com\/QQpetsdogcollars","https:\/\/www.instagram.com\/qqpetscollar\/","https:\/\/www.pinterest.com\/qqpetsdogcollarsfactory\/"]}]}},"_links":{"self":[{"href":"https:\/\/qqpets.com\/es\/wp-json\/wp\/v2\/product\/8457","targetHints":{"allow":["GET"]}}],"collection":[{"href":"https:\/\/qqpets.com\/es\/wp-json\/wp\/v2\/product"}],"about":[{"href":"https:\/\/qqpets.com\/es\/wp-json\/wp\/v2\/types\/product"}],"wp:featuredmedia":[{"embeddable":true,"href":"https:\/\/qqpets.com\/es\/wp-json\/wp\/v2\/media\/8459"}],"wp:attachment":[{"href":"https:\/\/qqpets.com\/es\/wp-json\/wp\/v2\/media?parent=8457"}],"wp:term":[{"taxonomy":"product_brand","embeddable":true,"href":"https:\/\/qqpets.com\/es\/wp-json\/wp\/v2\/product_brand?post=8457"},{"taxonomy":"product_cat","embeddable":true,"href":"https:\/\/qqpets.com\/es\/wp-json\/wp\/v2\/product_cat?post=8457"},{"taxonomy":"product_tag","embeddable":true,"href":"https:\/\/qqpets.com\/es\/wp-json\/wp\/v2\/product_tag?post=8457"}],"curies":[{"name":"wp","href":"https:\/\/api.w.org\/{rel}","templated":true}]}}