{"id":9267,"date":"2024-11-13T16:17:04","date_gmt":"2024-11-13T08:17:04","guid":{"rendered":"https:\/\/qqpets.com\/?post_type=product&#038;p=9267"},"modified":"2024-11-13T16:17:04","modified_gmt":"2024-11-13T08:17:04","slug":"qr-tag-buckle","status":"publish","type":"product","link":"https:\/\/qqpets.com\/es\/producto\/qr-tag-buckle\/","title":{"rendered":"Hebilla con etiqueta QR"},"content":{"rendered":"<p>La hebilla con etiqueta QR es un accesorio innovador para collares y arneses de mascotas, dise\u00f1ado para mantenerlas a salvo y ofrecer a las marcas un nuevo nivel de personalizaci\u00f3n. Esta hebilla integra un c\u00f3digo QR escaneable que almacena informaci\u00f3n clave, como el nombre de la mascota, los datos de contacto del propietario y cualquier instrucci\u00f3n especial para los buscadores en caso de que la mascota se pierda. Basta con escanear el c\u00f3digo para acceder al instante a los datos importantes, lo que la convierte en una herramienta inestimable para los due\u00f1os de mascotas que dan prioridad a la seguridad.<\/p>\n<p>Esta hebilla con etiqueta QR est\u00e1 fabricada con materiales duraderos y de alta calidad, lo que garantiza que resista el uso diario sin que se pierda la legibilidad del c\u00f3digo QR. La hebilla es ligera y se sujeta f\u00e1cilmente a collares o arneses, a\u00f1adiendo un volumen m\u00ednimo a la vez que proporciona la m\u00e1xima funcionalidad. Tambi\u00e9n es resistente al agua y a los ara\u00f1azos, lo que garantiza su longevidad y fiabilidad.<\/p>\n<p>Para los clientes B2B, nuestra hebilla con etiqueta QR ofrece una oportunidad de marca \u00fanica. Personalice la hebilla con su logotipo o motivos espec\u00edficos, mejorando la visibilidad de la marca cada vez que una mascota salga a pasear. Esta caracter\u00edstica la hace perfecta para tiendas de mascotas, mayoristas y minoristas en l\u00ednea que deseen ofrecer a los clientes un accesorio pr\u00e1ctico y centrado en la seguridad que tambi\u00e9n fomente la fidelidad a la marca.<\/p>","protected":false},"excerpt":{"rendered":"<p>Nuestra hebilla con etiqueta QR es una soluci\u00f3n moderna para la seguridad de las mascotas, que combina una hebilla duradera con un c\u00f3digo QR escaneable que almacena informaci\u00f3n esencial sobre la mascota. Ideal para marcas y empresas, esta hebilla puede personalizarse con logotipos y dise\u00f1os exclusivos, lo que la convierte en un valioso complemento para minoristas y mayoristas de mascotas. Fabricada con materiales de alta calidad, esta hebilla con etiqueta QR est\u00e1 dise\u00f1ada para facilitar el escaneado, lo que proporciona tranquilidad a los propietarios de mascotas en caso de que se pierdan. Col\u00f3quela en cualquier collar o arn\u00e9s y estar\u00e1 lista para elevar su l\u00ednea de productos con funcionalidad y estilo.<\/p>","protected":false},"featured_media":9268,"template":"","meta":[],"product_brand":[],"product_cat":[58],"product_tag":[],"class_list":{"0":"post-9267","1":"product","2":"type-product","3":"status-publish","4":"has-post-thumbnail","6":"product_cat-accessories","8":"first","9":"instock","10":"shipping-taxable","11":"product-type-simple"},"yoast_head":"<!-- This site is optimized with the Yoast SEO plugin v26.6 - https:\/\/yoast.com\/wordpress\/plugins\/seo\/ -->\n<title>QR Tag Buckle | QQPETS<\/title>\n<meta name=\"description\" content=\"Durable and customizable QR Tag Buckle for pet collars and harnesses. Easily scanned for pet info, perfect for B2B buyers needing custom logos and patterns.\" \/>\n<meta name=\"robots\" content=\"index, follow, max-snippet:-1, max-image-preview:large, max-video-preview:-1\" \/>\n<link rel=\"canonical\" href=\"https:\/\/qqpets.com\/es\/producto\/qr-tag-buckle\/\" \/>\n<meta property=\"og:locale\" content=\"es_ES\" \/>\n<meta property=\"og:type\" content=\"article\" \/>\n<meta property=\"og:title\" content=\"QR Tag Buckle | QQPETS\" \/>\n<meta property=\"og:description\" content=\"Durable and customizable QR Tag Buckle for pet collars and harnesses. Easily scanned for pet info, perfect for B2B buyers needing custom logos and patterns.\" \/>\n<meta property=\"og:url\" content=\"https:\/\/qqpets.com\/es\/producto\/qr-tag-buckle\/\" \/>\n<meta property=\"og:site_name\" content=\"QQPETS\" \/>\n<meta property=\"article:publisher\" content=\"https:\/\/www.facebook.com\/QQpetsdogcollars\" \/>\n<meta property=\"og:image\" content=\"https:\/\/qqpets.com\/wp-content\/uploads\/2024\/11\/QR-buckle.webp\" \/>\n\t<meta property=\"og:image:width\" content=\"800\" \/>\n\t<meta property=\"og:image:height\" content=\"800\" \/>\n\t<meta property=\"og:image:type\" content=\"image\/webp\" \/>\n<meta name=\"twitter:card\" content=\"summary_large_image\" \/>\n<meta name=\"twitter:label1\" content=\"Tiempo de lectura\" \/>\n\t<meta name=\"twitter:data1\" content=\"2 minutos\" \/>\n<script type=\"application\/ld+json\" class=\"yoast-schema-graph\">{\"@context\":\"https:\/\/schema.org\",\"@graph\":[{\"@type\":\"WebPage\",\"@id\":\"https:\/\/qqpets.com\/product\/qr-tag-buckle\/\",\"url\":\"https:\/\/qqpets.com\/product\/qr-tag-buckle\/\",\"name\":\"QR Tag Buckle | QQPETS\",\"isPartOf\":{\"@id\":\"https:\/\/qqpets.com\/#website\"},\"primaryImageOfPage\":{\"@id\":\"https:\/\/qqpets.com\/product\/qr-tag-buckle\/#primaryimage\"},\"image\":{\"@id\":\"https:\/\/qqpets.com\/product\/qr-tag-buckle\/#primaryimage\"},\"thumbnailUrl\":\"https:\/\/qqpets.com\/wp-content\/uploads\/2024\/11\/QR-buckle.webp\",\"datePublished\":\"2024-11-13T08:17:04+00:00\",\"description\":\"Durable and customizable QR Tag Buckle for pet collars and harnesses. Easily scanned for pet info, perfect for B2B buyers needing custom logos and patterns.\",\"breadcrumb\":{\"@id\":\"https:\/\/qqpets.com\/product\/qr-tag-buckle\/#breadcrumb\"},\"inLanguage\":\"es\",\"potentialAction\":[{\"@type\":\"ReadAction\",\"target\":[\"https:\/\/qqpets.com\/product\/qr-tag-buckle\/\"]}]},{\"@type\":\"ImageObject\",\"inLanguage\":\"es\",\"@id\":\"https:\/\/qqpets.com\/product\/qr-tag-buckle\/#primaryimage\",\"url\":\"https:\/\/qqpets.com\/wp-content\/uploads\/2024\/11\/QR-buckle.webp\",\"contentUrl\":\"https:\/\/qqpets.com\/wp-content\/uploads\/2024\/11\/QR-buckle.webp\",\"width\":800,\"height\":800},{\"@type\":\"BreadcrumbList\",\"@id\":\"https:\/\/qqpets.com\/product\/qr-tag-buckle\/#breadcrumb\",\"itemListElement\":[{\"@type\":\"ListItem\",\"position\":1,\"name\":\"Home\",\"item\":\"https:\/\/qqpets.com\/\"},{\"@type\":\"ListItem\",\"position\":2,\"name\":\"Products\",\"item\":\"https:\/\/qqpets.com\/pet-products-manufacturer\/\"},{\"@type\":\"ListItem\",\"position\":3,\"name\":\"QR Tag Buckle\"}]},{\"@type\":\"WebSite\",\"@id\":\"https:\/\/qqpets.com\/#website\",\"url\":\"https:\/\/qqpets.com\/\",\"name\":\"QQPETS\",\"description\":\"QQPETS is a pet products factory for dog harnesses, dog collars, dog leashes and dog accessories with professional customized service since 2005.\",\"publisher\":{\"@id\":\"https:\/\/qqpets.com\/#organization\"},\"potentialAction\":[{\"@type\":\"SearchAction\",\"target\":{\"@type\":\"EntryPoint\",\"urlTemplate\":\"https:\/\/qqpets.com\/?s={search_term_string}\"},\"query-input\":{\"@type\":\"PropertyValueSpecification\",\"valueRequired\":true,\"valueName\":\"search_term_string\"}}],\"inLanguage\":\"es\"},{\"@type\":\"Organization\",\"@id\":\"https:\/\/qqpets.com\/#organization\",\"name\":\"QQPETS\",\"url\":\"https:\/\/qqpets.com\/\",\"logo\":{\"@type\":\"ImageObject\",\"inLanguage\":\"es\",\"@id\":\"https:\/\/qqpets.com\/#\/schema\/logo\/image\/\",\"url\":\"https:\/\/qqpets.com\/wp-content\/uploads\/2023\/09\/cropped-cropped-qqpets-tiktok.jpg\",\"contentUrl\":\"https:\/\/qqpets.com\/wp-content\/uploads\/2023\/09\/cropped-cropped-qqpets-tiktok.jpg\",\"width\":511,\"height\":511,\"caption\":\"QQPETS\"},\"image\":{\"@id\":\"https:\/\/qqpets.com\/#\/schema\/logo\/image\/\"},\"sameAs\":[\"https:\/\/www.facebook.com\/QQpetsdogcollars\",\"https:\/\/www.instagram.com\/qqpetscollar\/\",\"https:\/\/www.pinterest.com\/qqpetsdogcollarsfactory\/\"]}]}<\/script>\n<!-- \/ Yoast SEO plugin. -->","yoast_head_json":{"title":"QR Tag Buckle | QQPETS","description":"Hebilla con etiqueta QR duradera y personalizable para collares y arneses de mascotas. F\u00e1cil de escanear para obtener informaci\u00f3n sobre mascotas, perfecta para compradores B2B que necesitan logotipos y dise\u00f1os personalizados.","robots":{"index":"index","follow":"follow","max-snippet":"max-snippet:-1","max-image-preview":"max-image-preview:large","max-video-preview":"max-video-preview:-1"},"canonical":"https:\/\/qqpets.com\/es\/producto\/qr-tag-buckle\/","og_locale":"es_ES","og_type":"article","og_title":"QR Tag Buckle | QQPETS","og_description":"Durable and customizable QR Tag Buckle for pet collars and harnesses. Easily scanned for pet info, perfect for B2B buyers needing custom logos and patterns.","og_url":"https:\/\/qqpets.com\/es\/producto\/qr-tag-buckle\/","og_site_name":"QQPETS","article_publisher":"https:\/\/www.facebook.com\/QQpetsdogcollars","og_image":[{"width":800,"height":800,"url":"https:\/\/qqpets.com\/wp-content\/uploads\/2024\/11\/QR-buckle.webp","type":"image\/webp"}],"twitter_card":"summary_large_image","twitter_misc":{"Tiempo de lectura":"2 minutos"},"schema":{"@context":"https:\/\/schema.org","@graph":[{"@type":"WebPage","@id":"https:\/\/qqpets.com\/product\/qr-tag-buckle\/","url":"https:\/\/qqpets.com\/product\/qr-tag-buckle\/","name":"QR Tag Buckle | QQPETS","isPartOf":{"@id":"https:\/\/qqpets.com\/#website"},"primaryImageOfPage":{"@id":"https:\/\/qqpets.com\/product\/qr-tag-buckle\/#primaryimage"},"image":{"@id":"https:\/\/qqpets.com\/product\/qr-tag-buckle\/#primaryimage"},"thumbnailUrl":"https:\/\/qqpets.com\/wp-content\/uploads\/2024\/11\/QR-buckle.webp","datePublished":"2024-11-13T08:17:04+00:00","description":"Hebilla con etiqueta QR duradera y personalizable para collares y arneses de mascotas. F\u00e1cil de escanear para obtener informaci\u00f3n sobre mascotas, perfecta para compradores B2B que necesitan logotipos y dise\u00f1os personalizados.","breadcrumb":{"@id":"https:\/\/qqpets.com\/product\/qr-tag-buckle\/#breadcrumb"},"inLanguage":"es","potentialAction":[{"@type":"ReadAction","target":["https:\/\/qqpets.com\/product\/qr-tag-buckle\/"]}]},{"@type":"ImageObject","inLanguage":"es","@id":"https:\/\/qqpets.com\/product\/qr-tag-buckle\/#primaryimage","url":"https:\/\/qqpets.com\/wp-content\/uploads\/2024\/11\/QR-buckle.webp","contentUrl":"https:\/\/qqpets.com\/wp-content\/uploads\/2024\/11\/QR-buckle.webp","width":800,"height":800},{"@type":"BreadcrumbList","@id":"https:\/\/qqpets.com\/product\/qr-tag-buckle\/#breadcrumb","itemListElement":[{"@type":"ListItem","position":1,"name":"Home","item":"https:\/\/qqpets.com\/"},{"@type":"ListItem","position":2,"name":"Products","item":"https:\/\/qqpets.com\/pet-products-manufacturer\/"},{"@type":"ListItem","position":3,"name":"QR Tag Buckle"}]},{"@type":"WebSite","@id":"https:\/\/qqpets.com\/#website","url":"https:\/\/qqpets.com\/","name":"QQPETS","description":"QQPETS es una f\u00e1brica de productos para mascotas como arneses para perros, collares para perros, correas para perros y accesorios para perros con un servicio profesional personalizado desde 2005.","publisher":{"@id":"https:\/\/qqpets.com\/#organization"},"potentialAction":[{"@type":"SearchAction","target":{"@type":"EntryPoint","urlTemplate":"https:\/\/qqpets.com\/?s={search_term_string}"},"query-input":{"@type":"PropertyValueSpecification","valueRequired":true,"valueName":"search_term_string"}}],"inLanguage":"es"},{"@type":"Organization","@id":"https:\/\/qqpets.com\/#organization","name":"QQPETS","url":"https:\/\/qqpets.com\/","logo":{"@type":"ImageObject","inLanguage":"es","@id":"https:\/\/qqpets.com\/#\/schema\/logo\/image\/","url":"https:\/\/qqpets.com\/wp-content\/uploads\/2023\/09\/cropped-cropped-qqpets-tiktok.jpg","contentUrl":"https:\/\/qqpets.com\/wp-content\/uploads\/2023\/09\/cropped-cropped-qqpets-tiktok.jpg","width":511,"height":511,"caption":"QQPETS"},"image":{"@id":"https:\/\/qqpets.com\/#\/schema\/logo\/image\/"},"sameAs":["https:\/\/www.facebook.com\/QQpetsdogcollars","https:\/\/www.instagram.com\/qqpetscollar\/","https:\/\/www.pinterest.com\/qqpetsdogcollarsfactory\/"]}]}},"_links":{"self":[{"href":"https:\/\/qqpets.com\/es\/wp-json\/wp\/v2\/product\/9267","targetHints":{"allow":["GET"]}}],"collection":[{"href":"https:\/\/qqpets.com\/es\/wp-json\/wp\/v2\/product"}],"about":[{"href":"https:\/\/qqpets.com\/es\/wp-json\/wp\/v2\/types\/product"}],"wp:featuredmedia":[{"embeddable":true,"href":"https:\/\/qqpets.com\/es\/wp-json\/wp\/v2\/media\/9268"}],"wp:attachment":[{"href":"https:\/\/qqpets.com\/es\/wp-json\/wp\/v2\/media?parent=9267"}],"wp:term":[{"taxonomy":"product_brand","embeddable":true,"href":"https:\/\/qqpets.com\/es\/wp-json\/wp\/v2\/product_brand?post=9267"},{"taxonomy":"product_cat","embeddable":true,"href":"https:\/\/qqpets.com\/es\/wp-json\/wp\/v2\/product_cat?post=9267"},{"taxonomy":"product_tag","embeddable":true,"href":"https:\/\/qqpets.com\/es\/wp-json\/wp\/v2\/product_tag?post=9267"}],"curies":[{"name":"wp","href":"https:\/\/api.w.org\/{rel}","templated":true}]}}