{"id":9274,"date":"2024-11-13T16:34:37","date_gmt":"2024-11-13T08:34:37","guid":{"rendered":"https:\/\/qqpets.com\/?post_type=product&#038;p=9274"},"modified":"2024-11-13T16:34:37","modified_gmt":"2024-11-13T08:34:37","slug":"airtag-case","status":"publish","type":"product","link":"https:\/\/qqpets.com\/es\/producto\/airtag-case\/","title":{"rendered":"Maleta Airtag"},"content":{"rendered":"<div class=\"flex max-w-full flex-col flex-grow\">\n<div class=\"min-h-8 text-message flex w-full flex-col items-end gap-2 whitespace-normal break-words [.text-message+&amp;]:mt-5\" dir=\"auto\" data-message-author-role=\"assistant\" data-message-id=\"5a8d3cc2-3aba-4188-9db9-4e1649d566c0\" data-message-model-slug=\"gpt-4o\">\n<div class=\"flex w-full flex-col gap-1 empty:hidden first:pt-[3px]\">\n<div class=\"markdown prose w-full break-words dark:prose-invert light\">\n<p>La Airtag Case es un accesorio imprescindible para los due\u00f1os de mascotas que quieren garantizar su seguridad con funciones de seguimiento en tiempo real. Fabricada para alojar de forma segura los Airtags de Apple, esta funda se acopla f\u00e1cilmente a la mayor\u00eda de los collares, ofreciendo tranquilidad a los due\u00f1os que quieren tener la confianza de saber d\u00f3nde est\u00e1 su mascota en todo momento. El dise\u00f1o compacto y elegante de la funda minimiza el volumen, garantizando que las mascotas se sientan c\u00f3modas mientras la llevan puesta.<\/p>\n<p>Fabricada con materiales de alta calidad y resistentes al agua, esta funda Airtag soporta los rigores de las aventuras diarias de las mascotas. Su durabilidad la hace adecuada incluso para las mascotas m\u00e1s activas, protegiendo el Airtag del agua, la suciedad y los impactos. Esta funda tambi\u00e9n ofrece un f\u00e1cil acceso al Airtag, lo que permite una configuraci\u00f3n y sustituci\u00f3n sin complicaciones.<\/p>\n<p>Para los clientes B2B, la maleta Airtag representa una valiosa oportunidad de marca. Tanto si es un minorista como un distribuidor o un vendedor en l\u00ednea, a\u00f1adir logotipos personalizados o dise\u00f1os exclusivos ayuda a que su marca destaque en el mercado. Dise\u00f1ado pensando en la visibilidad de su marca, este estuche Airtag personalizable no solo satisface las necesidades pr\u00e1cticas de los due\u00f1os de mascotas, sino que tambi\u00e9n aporta un toque de estilo y marca que se alinea con la est\u00e9tica y la visi\u00f3n de su marca.<\/p>\n<\/div>\n<\/div>\n<\/div>\n<\/div>\n<div class=\"mb-2 flex gap-3 empty:hidden -ml-2\">\n<div class=\"items-center justify-start rounded-xl p-1 flex\">\n<div class=\"flex items-center\"><button class=\"rounded-lg text-token-text-secondary hover:bg-token-main-surface-secondary\" aria-label=\"Leer en voz alta\" data-testid=\"voice-play-turn-action-button\"><\/button><button class=\"rounded-lg text-token-text-secondary hover:bg-token-main-surface-secondary\" aria-label=\"Copia\" data-testid=\"copy-turn-action-button\"><\/button><\/p>\n<div class=\"flex\"><\/div>\n<div class=\"flex items-center pb-0\"><span class=\"overflow-hidden text-clip whitespace-nowrap text-sm\">4o<\/span><\/div>\n<\/div>\n<\/div>\n<\/div>","protected":false},"excerpt":{"rendered":"<p>Nuestra funda Airtag es una soluci\u00f3n pr\u00e1ctica para los due\u00f1os de mascotas que quieren tenerlas controladas con estilo. Dise\u00f1ada para fijarse de forma segura a cualquier collar, esta funda se adapta a los Airtags de Apple est\u00e1ndar y ofrece protecci\u00f3n sin a\u00f1adir volumen. Ideal para clientes B2B, esta funda se puede personalizar con logotipos o dise\u00f1os, mejorando la visibilidad de la marca al tiempo que proporciona un accesorio funcional para mascotas. Fabricada con materiales duraderos y resistentes al agua, esta funda Airtag es perfecta para mascotas activas y garantiza a los due\u00f1os que sus mascotas est\u00e1n siempre localizables.<\/p>","protected":false},"featured_media":9275,"template":"","meta":[],"product_brand":[],"product_cat":[58],"product_tag":[],"class_list":{"0":"post-9274","1":"product","2":"type-product","3":"status-publish","4":"has-post-thumbnail","6":"product_cat-accessories","8":"first","9":"instock","10":"shipping-taxable","11":"product-type-simple"},"yoast_head":"<!-- This site is optimized with the Yoast SEO plugin v26.6 - https:\/\/yoast.com\/wordpress\/plugins\/seo\/ -->\n<title>Airtag Case | QQPETS<\/title>\n<meta name=\"description\" content=\"Customizable Airtag Case for pet collars, keeping pets traceable and safe. Ideal for B2B clients wanting custom logos or patterns to enhance brand identity.\" \/>\n<meta name=\"robots\" content=\"index, follow, max-snippet:-1, max-image-preview:large, max-video-preview:-1\" \/>\n<link rel=\"canonical\" href=\"https:\/\/qqpets.com\/es\/producto\/airtag-case\/\" \/>\n<meta property=\"og:locale\" content=\"es_ES\" \/>\n<meta property=\"og:type\" content=\"article\" \/>\n<meta property=\"og:title\" content=\"Airtag Case | QQPETS\" \/>\n<meta property=\"og:description\" content=\"Customizable Airtag Case for pet collars, keeping pets traceable and safe. Ideal for B2B clients wanting custom logos or patterns to enhance brand identity.\" \/>\n<meta property=\"og:url\" content=\"https:\/\/qqpets.com\/es\/producto\/airtag-case\/\" \/>\n<meta property=\"og:site_name\" content=\"QQPETS\" \/>\n<meta property=\"article:publisher\" content=\"https:\/\/www.facebook.com\/QQpetsdogcollars\" \/>\n<meta property=\"og:image\" content=\"https:\/\/qqpets.com\/wp-content\/uploads\/2024\/11\/airtag-case1.webp\" \/>\n\t<meta property=\"og:image:width\" content=\"800\" \/>\n\t<meta property=\"og:image:height\" content=\"800\" \/>\n\t<meta property=\"og:image:type\" content=\"image\/webp\" \/>\n<meta name=\"twitter:card\" content=\"summary_large_image\" \/>\n<meta name=\"twitter:label1\" content=\"Tiempo de lectura\" \/>\n\t<meta name=\"twitter:data1\" content=\"2 minutos\" \/>\n<script type=\"application\/ld+json\" class=\"yoast-schema-graph\">{\"@context\":\"https:\/\/schema.org\",\"@graph\":[{\"@type\":\"WebPage\",\"@id\":\"https:\/\/qqpets.com\/product\/airtag-case\/\",\"url\":\"https:\/\/qqpets.com\/product\/airtag-case\/\",\"name\":\"Airtag Case | QQPETS\",\"isPartOf\":{\"@id\":\"https:\/\/qqpets.com\/#website\"},\"primaryImageOfPage\":{\"@id\":\"https:\/\/qqpets.com\/product\/airtag-case\/#primaryimage\"},\"image\":{\"@id\":\"https:\/\/qqpets.com\/product\/airtag-case\/#primaryimage\"},\"thumbnailUrl\":\"https:\/\/qqpets.com\/wp-content\/uploads\/2024\/11\/airtag-case1.webp\",\"datePublished\":\"2024-11-13T08:34:37+00:00\",\"description\":\"Customizable Airtag Case for pet collars, keeping pets traceable and safe. Ideal for B2B clients wanting custom logos or patterns to enhance brand identity.\",\"breadcrumb\":{\"@id\":\"https:\/\/qqpets.com\/product\/airtag-case\/#breadcrumb\"},\"inLanguage\":\"es\",\"potentialAction\":[{\"@type\":\"ReadAction\",\"target\":[\"https:\/\/qqpets.com\/product\/airtag-case\/\"]}]},{\"@type\":\"ImageObject\",\"inLanguage\":\"es\",\"@id\":\"https:\/\/qqpets.com\/product\/airtag-case\/#primaryimage\",\"url\":\"https:\/\/qqpets.com\/wp-content\/uploads\/2024\/11\/airtag-case1.webp\",\"contentUrl\":\"https:\/\/qqpets.com\/wp-content\/uploads\/2024\/11\/airtag-case1.webp\",\"width\":800,\"height\":800},{\"@type\":\"BreadcrumbList\",\"@id\":\"https:\/\/qqpets.com\/product\/airtag-case\/#breadcrumb\",\"itemListElement\":[{\"@type\":\"ListItem\",\"position\":1,\"name\":\"Home\",\"item\":\"https:\/\/qqpets.com\/\"},{\"@type\":\"ListItem\",\"position\":2,\"name\":\"Products\",\"item\":\"https:\/\/qqpets.com\/pet-products-manufacturer\/\"},{\"@type\":\"ListItem\",\"position\":3,\"name\":\"Airtag Case\"}]},{\"@type\":\"WebSite\",\"@id\":\"https:\/\/qqpets.com\/#website\",\"url\":\"https:\/\/qqpets.com\/\",\"name\":\"QQPETS\",\"description\":\"QQPETS is a pet products factory for dog harnesses, dog collars, dog leashes and dog accessories with professional customized service since 2005.\",\"publisher\":{\"@id\":\"https:\/\/qqpets.com\/#organization\"},\"potentialAction\":[{\"@type\":\"SearchAction\",\"target\":{\"@type\":\"EntryPoint\",\"urlTemplate\":\"https:\/\/qqpets.com\/?s={search_term_string}\"},\"query-input\":{\"@type\":\"PropertyValueSpecification\",\"valueRequired\":true,\"valueName\":\"search_term_string\"}}],\"inLanguage\":\"es\"},{\"@type\":\"Organization\",\"@id\":\"https:\/\/qqpets.com\/#organization\",\"name\":\"QQPETS\",\"url\":\"https:\/\/qqpets.com\/\",\"logo\":{\"@type\":\"ImageObject\",\"inLanguage\":\"es\",\"@id\":\"https:\/\/qqpets.com\/#\/schema\/logo\/image\/\",\"url\":\"https:\/\/qqpets.com\/wp-content\/uploads\/2023\/09\/cropped-cropped-qqpets-tiktok.jpg\",\"contentUrl\":\"https:\/\/qqpets.com\/wp-content\/uploads\/2023\/09\/cropped-cropped-qqpets-tiktok.jpg\",\"width\":511,\"height\":511,\"caption\":\"QQPETS\"},\"image\":{\"@id\":\"https:\/\/qqpets.com\/#\/schema\/logo\/image\/\"},\"sameAs\":[\"https:\/\/www.facebook.com\/QQpetsdogcollars\",\"https:\/\/www.instagram.com\/qqpetscollar\/\",\"https:\/\/www.pinterest.com\/qqpetsdogcollarsfactory\/\"]}]}<\/script>\n<!-- \/ Yoast SEO plugin. -->","yoast_head_json":{"title":"Funda Airtag | QQPETS","description":"Funda Airtag personalizable para collares de mascotas, que mantiene a las mascotas localizables y seguras. Ideal para clientes B2B que desean logos o dise\u00f1os personalizados para mejorar la identidad de la marca.","robots":{"index":"index","follow":"follow","max-snippet":"max-snippet:-1","max-image-preview":"max-image-preview:large","max-video-preview":"max-video-preview:-1"},"canonical":"https:\/\/qqpets.com\/es\/producto\/airtag-case\/","og_locale":"es_ES","og_type":"article","og_title":"Airtag Case | QQPETS","og_description":"Customizable Airtag Case for pet collars, keeping pets traceable and safe. Ideal for B2B clients wanting custom logos or patterns to enhance brand identity.","og_url":"https:\/\/qqpets.com\/es\/producto\/airtag-case\/","og_site_name":"QQPETS","article_publisher":"https:\/\/www.facebook.com\/QQpetsdogcollars","og_image":[{"width":800,"height":800,"url":"https:\/\/qqpets.com\/wp-content\/uploads\/2024\/11\/airtag-case1.webp","type":"image\/webp"}],"twitter_card":"summary_large_image","twitter_misc":{"Tiempo de lectura":"2 minutos"},"schema":{"@context":"https:\/\/schema.org","@graph":[{"@type":"WebPage","@id":"https:\/\/qqpets.com\/product\/airtag-case\/","url":"https:\/\/qqpets.com\/product\/airtag-case\/","name":"Funda Airtag | QQPETS","isPartOf":{"@id":"https:\/\/qqpets.com\/#website"},"primaryImageOfPage":{"@id":"https:\/\/qqpets.com\/product\/airtag-case\/#primaryimage"},"image":{"@id":"https:\/\/qqpets.com\/product\/airtag-case\/#primaryimage"},"thumbnailUrl":"https:\/\/qqpets.com\/wp-content\/uploads\/2024\/11\/airtag-case1.webp","datePublished":"2024-11-13T08:34:37+00:00","description":"Funda Airtag personalizable para collares de mascotas, que mantiene a las mascotas localizables y seguras. Ideal para clientes B2B que desean logos o dise\u00f1os personalizados para mejorar la identidad de la marca.","breadcrumb":{"@id":"https:\/\/qqpets.com\/product\/airtag-case\/#breadcrumb"},"inLanguage":"es","potentialAction":[{"@type":"ReadAction","target":["https:\/\/qqpets.com\/product\/airtag-case\/"]}]},{"@type":"ImageObject","inLanguage":"es","@id":"https:\/\/qqpets.com\/product\/airtag-case\/#primaryimage","url":"https:\/\/qqpets.com\/wp-content\/uploads\/2024\/11\/airtag-case1.webp","contentUrl":"https:\/\/qqpets.com\/wp-content\/uploads\/2024\/11\/airtag-case1.webp","width":800,"height":800},{"@type":"BreadcrumbList","@id":"https:\/\/qqpets.com\/product\/airtag-case\/#breadcrumb","itemListElement":[{"@type":"ListItem","position":1,"name":"Home","item":"https:\/\/qqpets.com\/"},{"@type":"ListItem","position":2,"name":"Products","item":"https:\/\/qqpets.com\/pet-products-manufacturer\/"},{"@type":"ListItem","position":3,"name":"Airtag Case"}]},{"@type":"WebSite","@id":"https:\/\/qqpets.com\/#website","url":"https:\/\/qqpets.com\/","name":"QQPETS","description":"QQPETS es una f\u00e1brica de productos para mascotas como arneses para perros, collares para perros, correas para perros y accesorios para perros con un servicio profesional personalizado desde 2005.","publisher":{"@id":"https:\/\/qqpets.com\/#organization"},"potentialAction":[{"@type":"SearchAction","target":{"@type":"EntryPoint","urlTemplate":"https:\/\/qqpets.com\/?s={search_term_string}"},"query-input":{"@type":"PropertyValueSpecification","valueRequired":true,"valueName":"search_term_string"}}],"inLanguage":"es"},{"@type":"Organization","@id":"https:\/\/qqpets.com\/#organization","name":"QQPETS","url":"https:\/\/qqpets.com\/","logo":{"@type":"ImageObject","inLanguage":"es","@id":"https:\/\/qqpets.com\/#\/schema\/logo\/image\/","url":"https:\/\/qqpets.com\/wp-content\/uploads\/2023\/09\/cropped-cropped-qqpets-tiktok.jpg","contentUrl":"https:\/\/qqpets.com\/wp-content\/uploads\/2023\/09\/cropped-cropped-qqpets-tiktok.jpg","width":511,"height":511,"caption":"QQPETS"},"image":{"@id":"https:\/\/qqpets.com\/#\/schema\/logo\/image\/"},"sameAs":["https:\/\/www.facebook.com\/QQpetsdogcollars","https:\/\/www.instagram.com\/qqpetscollar\/","https:\/\/www.pinterest.com\/qqpetsdogcollarsfactory\/"]}]}},"_links":{"self":[{"href":"https:\/\/qqpets.com\/es\/wp-json\/wp\/v2\/product\/9274","targetHints":{"allow":["GET"]}}],"collection":[{"href":"https:\/\/qqpets.com\/es\/wp-json\/wp\/v2\/product"}],"about":[{"href":"https:\/\/qqpets.com\/es\/wp-json\/wp\/v2\/types\/product"}],"wp:featuredmedia":[{"embeddable":true,"href":"https:\/\/qqpets.com\/es\/wp-json\/wp\/v2\/media\/9275"}],"wp:attachment":[{"href":"https:\/\/qqpets.com\/es\/wp-json\/wp\/v2\/media?parent=9274"}],"wp:term":[{"taxonomy":"product_brand","embeddable":true,"href":"https:\/\/qqpets.com\/es\/wp-json\/wp\/v2\/product_brand?post=9274"},{"taxonomy":"product_cat","embeddable":true,"href":"https:\/\/qqpets.com\/es\/wp-json\/wp\/v2\/product_cat?post=9274"},{"taxonomy":"product_tag","embeddable":true,"href":"https:\/\/qqpets.com\/es\/wp-json\/wp\/v2\/product_tag?post=9274"}],"curies":[{"name":"wp","href":"https:\/\/api.w.org\/{rel}","templated":true}]}}