{"id":9285,"date":"2024-11-14T11:39:39","date_gmt":"2024-11-14T03:39:39","guid":{"rendered":"https:\/\/qqpets.com\/?post_type=product&#038;p=9285"},"modified":"2024-11-14T11:39:39","modified_gmt":"2024-11-14T03:39:39","slug":"scrunchie","status":"publish","type":"product","link":"https:\/\/qqpets.com\/es\/producto\/scrunchie\/","title":{"rendered":"Pa\u00f1uelo para la cabeza Scrunchie"},"content":{"rendered":"<p>Este coletero personalizable est\u00e1 hecho para aportar una mezcla de estilo, comodidad e identidad de marca a cualquier l\u00ednea de accesorios para mascotas. Fabricados con un tejido duradero de alta calidad, nuestros coleteros garantizan un uso duradero y unos colores vivos que resisten el uso y los lavados frecuentes. Dise\u00f1ado para ser suave tanto con las mascotas como con los due\u00f1os, el coletero ofrece una opci\u00f3n vers\u00e1til y elegante que se alinea a la perfecci\u00f3n con la visi\u00f3n de su marca.<\/p>\n<p>Para los clientes B2B, el coletero es totalmente personalizable: si desea a\u00f1adir su logotipo, colores espec\u00edficos o dise\u00f1os \u00fanicos, es f\u00e1cil hacer que este producto sea suyo. Es perfecto para peluquer\u00edas de mascotas, tiendas online o cualquier comercio minorista que desee ampliar su colecci\u00f3n de accesorios con un art\u00edculo elegante y a la \u00faltima que atraiga tanto a mascotas como a padres de mascotas.<\/p>\n<p>Este coletero ofrece un toque divertido y moderno que atraer\u00e1 todas las miradas, ya se utilice para combinar con la ropa de la mascota, como accesorio para el pelo o como mu\u00f1equera. Eleve su marca con este elegante coletero, proporcionando una forma \u00fanica de que los clientes muestren tanto su estilo personal como su lealtad a su marca.<\/p>","protected":false},"excerpt":{"rendered":"<p>Nuestro coletero personalizable es un accesorio vers\u00e1til y elegante, ideal para combinar con mascotas y due\u00f1os. Fabricado con un tejido duradero de primera calidad, es perfecto para clientes B2B que quieran mostrar su marca con logotipos o estampados personalizados. Ya sea como encantador accesorio para mascotas o como art\u00edculo de moda, este coletero combina comodidad y estilo. Est\u00e1 dise\u00f1ado para resistir y conservar un color vibrante, incluso despu\u00e9s de un uso repetido. A\u00f1ada este producto divertido y moderno a la colecci\u00f3n de su marca y ofrezca a sus clientes una forma \u00fanica de expresar su estilo personal al tiempo que resalta la identidad de su marca.<\/p>","protected":false},"featured_media":9288,"template":"","meta":[],"product_brand":[],"product_cat":[58],"product_tag":[],"class_list":{"0":"post-9285","1":"product","2":"type-product","3":"status-publish","4":"has-post-thumbnail","6":"product_cat-accessories","8":"first","9":"instock","10":"shipping-taxable","11":"product-type-simple"},"yoast_head":"<!-- This site is optimized with the Yoast SEO plugin v26.6 - https:\/\/yoast.com\/wordpress\/plugins\/seo\/ -->\n<title>Headscarf Scrunchie | QQPETS<\/title>\n<meta name=\"description\" content=\"Customizable scrunchie for pets and owners! High-quality, durable fabric. Perfect for B2B clients wanting branded designs with custom logos or patterns.\" \/>\n<meta name=\"robots\" content=\"index, follow, max-snippet:-1, max-image-preview:large, max-video-preview:-1\" \/>\n<link rel=\"canonical\" href=\"https:\/\/qqpets.com\/es\/producto\/scrunchie\/\" \/>\n<meta property=\"og:locale\" content=\"es_ES\" \/>\n<meta property=\"og:type\" content=\"article\" \/>\n<meta property=\"og:title\" content=\"Headscarf Scrunchie | QQPETS\" \/>\n<meta property=\"og:description\" content=\"Customizable scrunchie for pets and owners! High-quality, durable fabric. Perfect for B2B clients wanting branded designs with custom logos or patterns.\" \/>\n<meta property=\"og:url\" content=\"https:\/\/qqpets.com\/es\/producto\/scrunchie\/\" \/>\n<meta property=\"og:site_name\" content=\"QQPETS\" \/>\n<meta property=\"article:publisher\" content=\"https:\/\/www.facebook.com\/QQpetsdogcollars\" \/>\n<meta property=\"og:image\" content=\"https:\/\/qqpets.com\/wp-content\/uploads\/2024\/11\/Headscarf-Scrunchie1.webp\" \/>\n\t<meta property=\"og:image:width\" content=\"800\" \/>\n\t<meta property=\"og:image:height\" content=\"800\" \/>\n\t<meta property=\"og:image:type\" content=\"image\/webp\" \/>\n<meta name=\"twitter:card\" content=\"summary_large_image\" \/>\n<meta name=\"twitter:label1\" content=\"Tiempo de lectura\" \/>\n\t<meta name=\"twitter:data1\" content=\"1 minuto\" \/>\n<script type=\"application\/ld+json\" class=\"yoast-schema-graph\">{\"@context\":\"https:\/\/schema.org\",\"@graph\":[{\"@type\":\"WebPage\",\"@id\":\"https:\/\/qqpets.com\/product\/scrunchie\/\",\"url\":\"https:\/\/qqpets.com\/product\/scrunchie\/\",\"name\":\"Headscarf Scrunchie | QQPETS\",\"isPartOf\":{\"@id\":\"https:\/\/qqpets.com\/#website\"},\"primaryImageOfPage\":{\"@id\":\"https:\/\/qqpets.com\/product\/scrunchie\/#primaryimage\"},\"image\":{\"@id\":\"https:\/\/qqpets.com\/product\/scrunchie\/#primaryimage\"},\"thumbnailUrl\":\"https:\/\/qqpets.com\/wp-content\/uploads\/2024\/11\/Headscarf-Scrunchie1.webp\",\"datePublished\":\"2024-11-14T03:39:39+00:00\",\"description\":\"Customizable scrunchie for pets and owners! High-quality, durable fabric. Perfect for B2B clients wanting branded designs with custom logos or patterns.\",\"breadcrumb\":{\"@id\":\"https:\/\/qqpets.com\/product\/scrunchie\/#breadcrumb\"},\"inLanguage\":\"es\",\"potentialAction\":[{\"@type\":\"ReadAction\",\"target\":[\"https:\/\/qqpets.com\/product\/scrunchie\/\"]}]},{\"@type\":\"ImageObject\",\"inLanguage\":\"es\",\"@id\":\"https:\/\/qqpets.com\/product\/scrunchie\/#primaryimage\",\"url\":\"https:\/\/qqpets.com\/wp-content\/uploads\/2024\/11\/Headscarf-Scrunchie1.webp\",\"contentUrl\":\"https:\/\/qqpets.com\/wp-content\/uploads\/2024\/11\/Headscarf-Scrunchie1.webp\",\"width\":800,\"height\":800},{\"@type\":\"BreadcrumbList\",\"@id\":\"https:\/\/qqpets.com\/product\/scrunchie\/#breadcrumb\",\"itemListElement\":[{\"@type\":\"ListItem\",\"position\":1,\"name\":\"Home\",\"item\":\"https:\/\/qqpets.com\/\"},{\"@type\":\"ListItem\",\"position\":2,\"name\":\"Products\",\"item\":\"https:\/\/qqpets.com\/pet-products-manufacturer\/\"},{\"@type\":\"ListItem\",\"position\":3,\"name\":\"Headscarf Scrunchie\"}]},{\"@type\":\"WebSite\",\"@id\":\"https:\/\/qqpets.com\/#website\",\"url\":\"https:\/\/qqpets.com\/\",\"name\":\"QQPETS\",\"description\":\"QQPETS is a pet products factory for dog harnesses, dog collars, dog leashes and dog accessories with professional customized service since 2005.\",\"publisher\":{\"@id\":\"https:\/\/qqpets.com\/#organization\"},\"potentialAction\":[{\"@type\":\"SearchAction\",\"target\":{\"@type\":\"EntryPoint\",\"urlTemplate\":\"https:\/\/qqpets.com\/?s={search_term_string}\"},\"query-input\":{\"@type\":\"PropertyValueSpecification\",\"valueRequired\":true,\"valueName\":\"search_term_string\"}}],\"inLanguage\":\"es\"},{\"@type\":\"Organization\",\"@id\":\"https:\/\/qqpets.com\/#organization\",\"name\":\"QQPETS\",\"url\":\"https:\/\/qqpets.com\/\",\"logo\":{\"@type\":\"ImageObject\",\"inLanguage\":\"es\",\"@id\":\"https:\/\/qqpets.com\/#\/schema\/logo\/image\/\",\"url\":\"https:\/\/qqpets.com\/wp-content\/uploads\/2023\/09\/cropped-cropped-qqpets-tiktok.jpg\",\"contentUrl\":\"https:\/\/qqpets.com\/wp-content\/uploads\/2023\/09\/cropped-cropped-qqpets-tiktok.jpg\",\"width\":511,\"height\":511,\"caption\":\"QQPETS\"},\"image\":{\"@id\":\"https:\/\/qqpets.com\/#\/schema\/logo\/image\/\"},\"sameAs\":[\"https:\/\/www.facebook.com\/QQpetsdogcollars\",\"https:\/\/www.instagram.com\/qqpetscollar\/\",\"https:\/\/www.pinterest.com\/qqpetsdogcollarsfactory\/\"]}]}<\/script>\n<!-- \/ Yoast SEO plugin. -->","yoast_head_json":{"title":"Pa\u00f1uelo para la cabeza Scrunchie | QQPETS","description":"Coletero personalizable para mascotas y due\u00f1os. Tejido duradero de alta calidad. Perfecto para clientes B2B que deseen dise\u00f1os de marca con logotipos o dibujos personalizados.","robots":{"index":"index","follow":"follow","max-snippet":"max-snippet:-1","max-image-preview":"max-image-preview:large","max-video-preview":"max-video-preview:-1"},"canonical":"https:\/\/qqpets.com\/es\/producto\/scrunchie\/","og_locale":"es_ES","og_type":"article","og_title":"Headscarf Scrunchie | QQPETS","og_description":"Customizable scrunchie for pets and owners! High-quality, durable fabric. Perfect for B2B clients wanting branded designs with custom logos or patterns.","og_url":"https:\/\/qqpets.com\/es\/producto\/scrunchie\/","og_site_name":"QQPETS","article_publisher":"https:\/\/www.facebook.com\/QQpetsdogcollars","og_image":[{"width":800,"height":800,"url":"https:\/\/qqpets.com\/wp-content\/uploads\/2024\/11\/Headscarf-Scrunchie1.webp","type":"image\/webp"}],"twitter_card":"summary_large_image","twitter_misc":{"Tiempo de lectura":"1 minuto"},"schema":{"@context":"https:\/\/schema.org","@graph":[{"@type":"WebPage","@id":"https:\/\/qqpets.com\/product\/scrunchie\/","url":"https:\/\/qqpets.com\/product\/scrunchie\/","name":"Pa\u00f1uelo para la cabeza Scrunchie | QQPETS","isPartOf":{"@id":"https:\/\/qqpets.com\/#website"},"primaryImageOfPage":{"@id":"https:\/\/qqpets.com\/product\/scrunchie\/#primaryimage"},"image":{"@id":"https:\/\/qqpets.com\/product\/scrunchie\/#primaryimage"},"thumbnailUrl":"https:\/\/qqpets.com\/wp-content\/uploads\/2024\/11\/Headscarf-Scrunchie1.webp","datePublished":"2024-11-14T03:39:39+00:00","description":"Coletero personalizable para mascotas y due\u00f1os. Tejido duradero de alta calidad. Perfecto para clientes B2B que deseen dise\u00f1os de marca con logotipos o dibujos personalizados.","breadcrumb":{"@id":"https:\/\/qqpets.com\/product\/scrunchie\/#breadcrumb"},"inLanguage":"es","potentialAction":[{"@type":"ReadAction","target":["https:\/\/qqpets.com\/product\/scrunchie\/"]}]},{"@type":"ImageObject","inLanguage":"es","@id":"https:\/\/qqpets.com\/product\/scrunchie\/#primaryimage","url":"https:\/\/qqpets.com\/wp-content\/uploads\/2024\/11\/Headscarf-Scrunchie1.webp","contentUrl":"https:\/\/qqpets.com\/wp-content\/uploads\/2024\/11\/Headscarf-Scrunchie1.webp","width":800,"height":800},{"@type":"BreadcrumbList","@id":"https:\/\/qqpets.com\/product\/scrunchie\/#breadcrumb","itemListElement":[{"@type":"ListItem","position":1,"name":"Home","item":"https:\/\/qqpets.com\/"},{"@type":"ListItem","position":2,"name":"Products","item":"https:\/\/qqpets.com\/pet-products-manufacturer\/"},{"@type":"ListItem","position":3,"name":"Headscarf Scrunchie"}]},{"@type":"WebSite","@id":"https:\/\/qqpets.com\/#website","url":"https:\/\/qqpets.com\/","name":"QQPETS","description":"QQPETS es una f\u00e1brica de productos para mascotas como arneses para perros, collares para perros, correas para perros y accesorios para perros con un servicio profesional personalizado desde 2005.","publisher":{"@id":"https:\/\/qqpets.com\/#organization"},"potentialAction":[{"@type":"SearchAction","target":{"@type":"EntryPoint","urlTemplate":"https:\/\/qqpets.com\/?s={search_term_string}"},"query-input":{"@type":"PropertyValueSpecification","valueRequired":true,"valueName":"search_term_string"}}],"inLanguage":"es"},{"@type":"Organization","@id":"https:\/\/qqpets.com\/#organization","name":"QQPETS","url":"https:\/\/qqpets.com\/","logo":{"@type":"ImageObject","inLanguage":"es","@id":"https:\/\/qqpets.com\/#\/schema\/logo\/image\/","url":"https:\/\/qqpets.com\/wp-content\/uploads\/2023\/09\/cropped-cropped-qqpets-tiktok.jpg","contentUrl":"https:\/\/qqpets.com\/wp-content\/uploads\/2023\/09\/cropped-cropped-qqpets-tiktok.jpg","width":511,"height":511,"caption":"QQPETS"},"image":{"@id":"https:\/\/qqpets.com\/#\/schema\/logo\/image\/"},"sameAs":["https:\/\/www.facebook.com\/QQpetsdogcollars","https:\/\/www.instagram.com\/qqpetscollar\/","https:\/\/www.pinterest.com\/qqpetsdogcollarsfactory\/"]}]}},"_links":{"self":[{"href":"https:\/\/qqpets.com\/es\/wp-json\/wp\/v2\/product\/9285","targetHints":{"allow":["GET"]}}],"collection":[{"href":"https:\/\/qqpets.com\/es\/wp-json\/wp\/v2\/product"}],"about":[{"href":"https:\/\/qqpets.com\/es\/wp-json\/wp\/v2\/types\/product"}],"wp:featuredmedia":[{"embeddable":true,"href":"https:\/\/qqpets.com\/es\/wp-json\/wp\/v2\/media\/9288"}],"wp:attachment":[{"href":"https:\/\/qqpets.com\/es\/wp-json\/wp\/v2\/media?parent=9285"}],"wp:term":[{"taxonomy":"product_brand","embeddable":true,"href":"https:\/\/qqpets.com\/es\/wp-json\/wp\/v2\/product_brand?post=9285"},{"taxonomy":"product_cat","embeddable":true,"href":"https:\/\/qqpets.com\/es\/wp-json\/wp\/v2\/product_cat?post=9285"},{"taxonomy":"product_tag","embeddable":true,"href":"https:\/\/qqpets.com\/es\/wp-json\/wp\/v2\/product_tag?post=9285"}],"curies":[{"name":"wp","href":"https:\/\/api.w.org\/{rel}","templated":true}]}}