{"id":9302,"date":"2024-11-14T11:56:30","date_gmt":"2024-11-14T03:56:30","guid":{"rendered":"https:\/\/qqpets.com\/?post_type=product&#038;p=9302"},"modified":"2024-11-14T11:56:30","modified_gmt":"2024-11-14T03:56:30","slug":"dog-bow-tie","status":"publish","type":"product","link":"https:\/\/qqpets.com\/es\/producto\/dog-bow-tie\/","title":{"rendered":"Pajarita para perro"},"content":{"rendered":"<p>Esta pajarita personalizable ofrece una forma elegante y pr\u00e1ctica de que las marcas de mascotas a\u00f1adan un toque de elegancia a su l\u00ednea de productos. Fabricada con tejido de primera calidad, la pajarita combina durabilidad con opciones de dise\u00f1o vibrantes y personalizables que muestran la identidad \u00fanica de su marca. Tanto si se utiliza como art\u00edculo de moda estacional o como accesorio diario, esta pajarita est\u00e1 hecha para durar, con costuras de calidad y un dise\u00f1o f\u00e1cil de colocar que se ajusta con seguridad a cualquier collar est\u00e1ndar para mascotas.<\/p>\n<p>Dise\u00f1ada pensando en la comodidad y el estilo, esta pajarita es perfecta para peluquer\u00edas de mascotas, tiendas online de accesorios para mascotas o cualquier minorista que desee destacar con ofertas \u00fanicas y de marca. Para los clientes B2B, es una oportunidad ideal para mejorar el atractivo del producto a trav\u00e9s de logotipos, colores o patrones personalizados que se alineen con la est\u00e9tica de su marca.<\/p>\n<p>A\u00f1adir esta pajarita a su colecci\u00f3n ofrece a los clientes una opci\u00f3n \u00fanica y a la moda para sus mascotas. Con su mezcla de elegancia y calidad, este accesorio no solo completa el atuendo de una mascota, sino que tambi\u00e9n sirve como elegante herramienta de marca para su negocio.<\/p>","protected":false},"excerpt":{"rendered":"<p>Nuestra pajarita personalizable es el accesorio perfecto para mascotas, a\u00f1adiendo un toque de sofisticaci\u00f3n y estilo. Fabricada con un tejido duradero de primera calidad, esta pajarita es ideal para clientes B2B que deseen incluir logotipos personalizados o dise\u00f1os exclusivos, lo que la convierte en una elegante soluci\u00f3n de marca. C\u00f3moda y f\u00e1cil de colocar, est\u00e1 dise\u00f1ada para ajustarse con seguridad a los collares, permitiendo a las mascotas estar c\u00f3modas y con estilo. Esta pajarita es un gran complemento para las marcas que desean ofrecer a los due\u00f1os de mascotas accesorios personalizados y a la moda que expresen tanto estilo como identidad de marca.<\/p>\n<p>&nbsp;<\/p>","protected":false},"featured_media":9303,"template":"","meta":[],"product_brand":[],"product_cat":[58],"product_tag":[],"class_list":{"0":"post-9302","1":"product","2":"type-product","3":"status-publish","4":"has-post-thumbnail","6":"product_cat-accessories","8":"first","9":"instock","10":"shipping-taxable","11":"product-type-simple"},"yoast_head":"<!-- This site is optimized with the Yoast SEO plugin v26.6 - https:\/\/yoast.com\/wordpress\/plugins\/seo\/ -->\n<title>Dog Bow Tie | QQPETS<\/title>\n<meta name=\"description\" content=\"Customizable bow tie for pets! Made from premium fabric, perfect for B2B clients needing custom logos or patterns. Elevate any pet brand with style and charm.\" \/>\n<meta name=\"robots\" content=\"index, follow, max-snippet:-1, max-image-preview:large, max-video-preview:-1\" \/>\n<link rel=\"canonical\" href=\"https:\/\/qqpets.com\/es\/producto\/dog-bow-tie\/\" \/>\n<meta property=\"og:locale\" content=\"es_ES\" \/>\n<meta property=\"og:type\" content=\"article\" \/>\n<meta property=\"og:title\" content=\"Dog Bow Tie | QQPETS\" \/>\n<meta property=\"og:description\" content=\"Customizable bow tie for pets! Made from premium fabric, perfect for B2B clients needing custom logos or patterns. Elevate any pet brand with style and charm.\" \/>\n<meta property=\"og:url\" content=\"https:\/\/qqpets.com\/es\/producto\/dog-bow-tie\/\" \/>\n<meta property=\"og:site_name\" content=\"QQPETS\" \/>\n<meta property=\"article:publisher\" content=\"https:\/\/www.facebook.com\/QQpetsdogcollars\" \/>\n<meta property=\"og:image\" content=\"https:\/\/qqpets.com\/wp-content\/uploads\/2024\/11\/bow-tie1.webp\" \/>\n\t<meta property=\"og:image:width\" content=\"800\" \/>\n\t<meta property=\"og:image:height\" content=\"800\" \/>\n\t<meta property=\"og:image:type\" content=\"image\/webp\" \/>\n<meta name=\"twitter:card\" content=\"summary_large_image\" \/>\n<meta name=\"twitter:label1\" content=\"Tiempo de lectura\" \/>\n\t<meta name=\"twitter:data1\" content=\"1 minuto\" \/>\n<script type=\"application\/ld+json\" class=\"yoast-schema-graph\">{\"@context\":\"https:\/\/schema.org\",\"@graph\":[{\"@type\":\"WebPage\",\"@id\":\"https:\/\/qqpets.com\/product\/dog-bow-tie\/\",\"url\":\"https:\/\/qqpets.com\/product\/dog-bow-tie\/\",\"name\":\"Dog Bow Tie | QQPETS\",\"isPartOf\":{\"@id\":\"https:\/\/qqpets.com\/#website\"},\"primaryImageOfPage\":{\"@id\":\"https:\/\/qqpets.com\/product\/dog-bow-tie\/#primaryimage\"},\"image\":{\"@id\":\"https:\/\/qqpets.com\/product\/dog-bow-tie\/#primaryimage\"},\"thumbnailUrl\":\"https:\/\/qqpets.com\/wp-content\/uploads\/2024\/11\/bow-tie1.webp\",\"datePublished\":\"2024-11-14T03:56:30+00:00\",\"description\":\"Customizable bow tie for pets! Made from premium fabric, perfect for B2B clients needing custom logos or patterns. Elevate any pet brand with style and charm.\",\"breadcrumb\":{\"@id\":\"https:\/\/qqpets.com\/product\/dog-bow-tie\/#breadcrumb\"},\"inLanguage\":\"es\",\"potentialAction\":[{\"@type\":\"ReadAction\",\"target\":[\"https:\/\/qqpets.com\/product\/dog-bow-tie\/\"]}]},{\"@type\":\"ImageObject\",\"inLanguage\":\"es\",\"@id\":\"https:\/\/qqpets.com\/product\/dog-bow-tie\/#primaryimage\",\"url\":\"https:\/\/qqpets.com\/wp-content\/uploads\/2024\/11\/bow-tie1.webp\",\"contentUrl\":\"https:\/\/qqpets.com\/wp-content\/uploads\/2024\/11\/bow-tie1.webp\",\"width\":800,\"height\":800},{\"@type\":\"BreadcrumbList\",\"@id\":\"https:\/\/qqpets.com\/product\/dog-bow-tie\/#breadcrumb\",\"itemListElement\":[{\"@type\":\"ListItem\",\"position\":1,\"name\":\"Home\",\"item\":\"https:\/\/qqpets.com\/\"},{\"@type\":\"ListItem\",\"position\":2,\"name\":\"Products\",\"item\":\"https:\/\/qqpets.com\/pet-products-manufacturer\/\"},{\"@type\":\"ListItem\",\"position\":3,\"name\":\"Dog Bow Tie\"}]},{\"@type\":\"WebSite\",\"@id\":\"https:\/\/qqpets.com\/#website\",\"url\":\"https:\/\/qqpets.com\/\",\"name\":\"QQPETS\",\"description\":\"QQPETS is a pet products factory for dog harnesses, dog collars, dog leashes and dog accessories with professional customized service since 2005.\",\"publisher\":{\"@id\":\"https:\/\/qqpets.com\/#organization\"},\"potentialAction\":[{\"@type\":\"SearchAction\",\"target\":{\"@type\":\"EntryPoint\",\"urlTemplate\":\"https:\/\/qqpets.com\/?s={search_term_string}\"},\"query-input\":{\"@type\":\"PropertyValueSpecification\",\"valueRequired\":true,\"valueName\":\"search_term_string\"}}],\"inLanguage\":\"es\"},{\"@type\":\"Organization\",\"@id\":\"https:\/\/qqpets.com\/#organization\",\"name\":\"QQPETS\",\"url\":\"https:\/\/qqpets.com\/\",\"logo\":{\"@type\":\"ImageObject\",\"inLanguage\":\"es\",\"@id\":\"https:\/\/qqpets.com\/#\/schema\/logo\/image\/\",\"url\":\"https:\/\/qqpets.com\/wp-content\/uploads\/2023\/09\/cropped-cropped-qqpets-tiktok.jpg\",\"contentUrl\":\"https:\/\/qqpets.com\/wp-content\/uploads\/2023\/09\/cropped-cropped-qqpets-tiktok.jpg\",\"width\":511,\"height\":511,\"caption\":\"QQPETS\"},\"image\":{\"@id\":\"https:\/\/qqpets.com\/#\/schema\/logo\/image\/\"},\"sameAs\":[\"https:\/\/www.facebook.com\/QQpetsdogcollars\",\"https:\/\/www.instagram.com\/qqpetscollar\/\",\"https:\/\/www.pinterest.com\/qqpetsdogcollarsfactory\/\"]}]}<\/script>\n<!-- \/ Yoast SEO plugin. -->","yoast_head_json":{"title":"Pajarita para perro | QQPETS","description":"Pajarita personalizable para mascotas Fabricada con tejido de primera calidad, perfecta para clientes B2B que necesiten logotipos o dise\u00f1os personalizados. Eleva cualquier marca de mascotas con estilo y encanto.","robots":{"index":"index","follow":"follow","max-snippet":"max-snippet:-1","max-image-preview":"max-image-preview:large","max-video-preview":"max-video-preview:-1"},"canonical":"https:\/\/qqpets.com\/es\/producto\/dog-bow-tie\/","og_locale":"es_ES","og_type":"article","og_title":"Dog Bow Tie | QQPETS","og_description":"Customizable bow tie for pets! Made from premium fabric, perfect for B2B clients needing custom logos or patterns. Elevate any pet brand with style and charm.","og_url":"https:\/\/qqpets.com\/es\/producto\/dog-bow-tie\/","og_site_name":"QQPETS","article_publisher":"https:\/\/www.facebook.com\/QQpetsdogcollars","og_image":[{"width":800,"height":800,"url":"https:\/\/qqpets.com\/wp-content\/uploads\/2024\/11\/bow-tie1.webp","type":"image\/webp"}],"twitter_card":"summary_large_image","twitter_misc":{"Tiempo de lectura":"1 minuto"},"schema":{"@context":"https:\/\/schema.org","@graph":[{"@type":"WebPage","@id":"https:\/\/qqpets.com\/product\/dog-bow-tie\/","url":"https:\/\/qqpets.com\/product\/dog-bow-tie\/","name":"Pajarita para perro | QQPETS","isPartOf":{"@id":"https:\/\/qqpets.com\/#website"},"primaryImageOfPage":{"@id":"https:\/\/qqpets.com\/product\/dog-bow-tie\/#primaryimage"},"image":{"@id":"https:\/\/qqpets.com\/product\/dog-bow-tie\/#primaryimage"},"thumbnailUrl":"https:\/\/qqpets.com\/wp-content\/uploads\/2024\/11\/bow-tie1.webp","datePublished":"2024-11-14T03:56:30+00:00","description":"Pajarita personalizable para mascotas Fabricada con tejido de primera calidad, perfecta para clientes B2B que necesiten logotipos o dise\u00f1os personalizados. Eleva cualquier marca de mascotas con estilo y encanto.","breadcrumb":{"@id":"https:\/\/qqpets.com\/product\/dog-bow-tie\/#breadcrumb"},"inLanguage":"es","potentialAction":[{"@type":"ReadAction","target":["https:\/\/qqpets.com\/product\/dog-bow-tie\/"]}]},{"@type":"ImageObject","inLanguage":"es","@id":"https:\/\/qqpets.com\/product\/dog-bow-tie\/#primaryimage","url":"https:\/\/qqpets.com\/wp-content\/uploads\/2024\/11\/bow-tie1.webp","contentUrl":"https:\/\/qqpets.com\/wp-content\/uploads\/2024\/11\/bow-tie1.webp","width":800,"height":800},{"@type":"BreadcrumbList","@id":"https:\/\/qqpets.com\/product\/dog-bow-tie\/#breadcrumb","itemListElement":[{"@type":"ListItem","position":1,"name":"Home","item":"https:\/\/qqpets.com\/"},{"@type":"ListItem","position":2,"name":"Products","item":"https:\/\/qqpets.com\/pet-products-manufacturer\/"},{"@type":"ListItem","position":3,"name":"Dog Bow Tie"}]},{"@type":"WebSite","@id":"https:\/\/qqpets.com\/#website","url":"https:\/\/qqpets.com\/","name":"QQPETS","description":"QQPETS es una f\u00e1brica de productos para mascotas como arneses para perros, collares para perros, correas para perros y accesorios para perros con un servicio profesional personalizado desde 2005.","publisher":{"@id":"https:\/\/qqpets.com\/#organization"},"potentialAction":[{"@type":"SearchAction","target":{"@type":"EntryPoint","urlTemplate":"https:\/\/qqpets.com\/?s={search_term_string}"},"query-input":{"@type":"PropertyValueSpecification","valueRequired":true,"valueName":"search_term_string"}}],"inLanguage":"es"},{"@type":"Organization","@id":"https:\/\/qqpets.com\/#organization","name":"QQPETS","url":"https:\/\/qqpets.com\/","logo":{"@type":"ImageObject","inLanguage":"es","@id":"https:\/\/qqpets.com\/#\/schema\/logo\/image\/","url":"https:\/\/qqpets.com\/wp-content\/uploads\/2023\/09\/cropped-cropped-qqpets-tiktok.jpg","contentUrl":"https:\/\/qqpets.com\/wp-content\/uploads\/2023\/09\/cropped-cropped-qqpets-tiktok.jpg","width":511,"height":511,"caption":"QQPETS"},"image":{"@id":"https:\/\/qqpets.com\/#\/schema\/logo\/image\/"},"sameAs":["https:\/\/www.facebook.com\/QQpetsdogcollars","https:\/\/www.instagram.com\/qqpetscollar\/","https:\/\/www.pinterest.com\/qqpetsdogcollarsfactory\/"]}]}},"_links":{"self":[{"href":"https:\/\/qqpets.com\/es\/wp-json\/wp\/v2\/product\/9302","targetHints":{"allow":["GET"]}}],"collection":[{"href":"https:\/\/qqpets.com\/es\/wp-json\/wp\/v2\/product"}],"about":[{"href":"https:\/\/qqpets.com\/es\/wp-json\/wp\/v2\/types\/product"}],"wp:featuredmedia":[{"embeddable":true,"href":"https:\/\/qqpets.com\/es\/wp-json\/wp\/v2\/media\/9303"}],"wp:attachment":[{"href":"https:\/\/qqpets.com\/es\/wp-json\/wp\/v2\/media?parent=9302"}],"wp:term":[{"taxonomy":"product_brand","embeddable":true,"href":"https:\/\/qqpets.com\/es\/wp-json\/wp\/v2\/product_brand?post=9302"},{"taxonomy":"product_cat","embeddable":true,"href":"https:\/\/qqpets.com\/es\/wp-json\/wp\/v2\/product_cat?post=9302"},{"taxonomy":"product_tag","embeddable":true,"href":"https:\/\/qqpets.com\/es\/wp-json\/wp\/v2\/product_tag?post=9302"}],"curies":[{"name":"wp","href":"https:\/\/api.w.org\/{rel}","templated":true}]}}