{"id":9316,"date":"2024-11-14T14:14:02","date_gmt":"2024-11-14T06:14:02","guid":{"rendered":"https:\/\/qqpets.com\/?post_type=product&#038;p=9316"},"modified":"2024-11-14T14:14:02","modified_gmt":"2024-11-14T06:14:02","slug":"collar-bandana","status":"publish","type":"product","link":"https:\/\/qqpets.com\/es\/producto\/collar-bandana\/","title":{"rendered":"Cuello Bandana"},"content":{"rendered":"<p>El collar bandana es la forma perfecta de a\u00f1adir un toque de estilo al collar de cualquier mascota. Fabricado con un tejido suave y duradero, este accesorio est\u00e1 dise\u00f1ado para colocarse f\u00e1cilmente en cualquier collar est\u00e1ndar, ofreciendo comodidad y moda. Su naturaleza personalizable ofrece una excelente oportunidad para que los clientes B2B a\u00f1adan un toque \u00fanico, ya sea un logotipo, un estampado o un dise\u00f1o que encaje con su identidad de marca.<\/p>\n<p>Estos pa\u00f1uelos de cuello son ideales para tiendas de mascotas, peluquer\u00edas o incluso como parte de un obsequio promocional de marca. Gracias a sus vivos colores y a sus materiales de alta calidad, pueden llevarse tanto a diario como en ocasiones especiales. Su versatilidad y capacidad de personalizaci\u00f3n los convierten en un accesorio imprescindible para los due\u00f1os de mascotas que desean elevar el estilo de sus mascotas.<\/p>\n<p>Adem\u00e1s del atractivo est\u00e9tico, estas bandanas se han dise\u00f1ado pensando en la comodidad de las mascotas, para que no interfieran en sus movimientos. Estos pa\u00f1uelos de cuello, una combinaci\u00f3n perfecta de estilo, funcionalidad y potencial de marca, son un producto imprescindible para cualquier empresa que quiera aprovechar el creciente mercado de accesorios para mascotas.<\/p>","protected":false},"excerpt":{"rendered":"<p>Nuestros pa\u00f1uelos personalizables para collares son la combinaci\u00f3n perfecta de estilo y funcionalidad para mascotas. Fabricadas con tejido de alta calidad, estas bandanas se enganchan f\u00e1cilmente al collar de cualquier mascota. Ofrecen oportunidades de personalizaci\u00f3n a los clientes B2B, ya que permiten a\u00f1adir logotipos o dibujos para crear un producto \u00fanico. Tanto si se utilizan para los paseos diarios como para ocasiones especiales, estas bandanas son una forma estupenda de realzar el aspecto de la mascota y promocionar su marca. Ideales para tiendas de mascotas, peluquer\u00edas y regalos promocionales, estas bandanas para collares son una excelente opci\u00f3n para cualquier empresa que desee destacar en el mercado de los accesorios para mascotas.<\/p>","protected":false},"featured_media":9317,"template":"","meta":[],"product_brand":[],"product_cat":[58],"product_tag":[],"class_list":{"0":"post-9316","1":"product","2":"type-product","3":"status-publish","4":"has-post-thumbnail","6":"product_cat-accessories","8":"first","9":"instock","10":"shipping-taxable","11":"product-type-simple"},"yoast_head":"<!-- This site is optimized with the Yoast SEO plugin v26.6 - https:\/\/yoast.com\/wordpress\/plugins\/seo\/ -->\n<title>Collar Bandana | QQPETS<\/title>\n<meta name=\"description\" content=\"Customizable collar bandanas for pets. Ideal for B2B clients looking for branded pet accessories with unique logo or pattern options. Stylish, comfortable, and functional.\" \/>\n<meta name=\"robots\" content=\"index, follow, max-snippet:-1, max-image-preview:large, max-video-preview:-1\" \/>\n<link rel=\"canonical\" href=\"https:\/\/qqpets.com\/es\/producto\/collar-bandana\/\" \/>\n<meta property=\"og:locale\" content=\"es_ES\" \/>\n<meta property=\"og:type\" content=\"article\" \/>\n<meta property=\"og:title\" content=\"Collar Bandana | QQPETS\" \/>\n<meta property=\"og:description\" content=\"Customizable collar bandanas for pets. Ideal for B2B clients looking for branded pet accessories with unique logo or pattern options. Stylish, comfortable, and functional.\" \/>\n<meta property=\"og:url\" content=\"https:\/\/qqpets.com\/es\/producto\/collar-bandana\/\" \/>\n<meta property=\"og:site_name\" content=\"QQPETS\" \/>\n<meta property=\"article:publisher\" content=\"https:\/\/www.facebook.com\/QQpetsdogcollars\" \/>\n<meta property=\"og:image\" content=\"https:\/\/qqpets.com\/wp-content\/uploads\/2024\/11\/collar-bandana2-scaled.webp\" \/>\n\t<meta property=\"og:image:width\" content=\"2560\" \/>\n\t<meta property=\"og:image:height\" content=\"2560\" \/>\n\t<meta property=\"og:image:type\" content=\"image\/webp\" \/>\n<meta name=\"twitter:card\" content=\"summary_large_image\" \/>\n<meta name=\"twitter:label1\" content=\"Tiempo de lectura\" \/>\n\t<meta name=\"twitter:data1\" content=\"1 minuto\" \/>\n<script type=\"application\/ld+json\" class=\"yoast-schema-graph\">{\"@context\":\"https:\/\/schema.org\",\"@graph\":[{\"@type\":\"WebPage\",\"@id\":\"https:\/\/qqpets.com\/product\/collar-bandana\/\",\"url\":\"https:\/\/qqpets.com\/product\/collar-bandana\/\",\"name\":\"Collar Bandana | QQPETS\",\"isPartOf\":{\"@id\":\"https:\/\/qqpets.com\/#website\"},\"primaryImageOfPage\":{\"@id\":\"https:\/\/qqpets.com\/product\/collar-bandana\/#primaryimage\"},\"image\":{\"@id\":\"https:\/\/qqpets.com\/product\/collar-bandana\/#primaryimage\"},\"thumbnailUrl\":\"https:\/\/qqpets.com\/wp-content\/uploads\/2024\/11\/collar-bandana2-scaled.webp\",\"datePublished\":\"2024-11-14T06:14:02+00:00\",\"description\":\"Customizable collar bandanas for pets. Ideal for B2B clients looking for branded pet accessories with unique logo or pattern options. Stylish, comfortable, and functional.\",\"breadcrumb\":{\"@id\":\"https:\/\/qqpets.com\/product\/collar-bandana\/#breadcrumb\"},\"inLanguage\":\"es\",\"potentialAction\":[{\"@type\":\"ReadAction\",\"target\":[\"https:\/\/qqpets.com\/product\/collar-bandana\/\"]}]},{\"@type\":\"ImageObject\",\"inLanguage\":\"es\",\"@id\":\"https:\/\/qqpets.com\/product\/collar-bandana\/#primaryimage\",\"url\":\"https:\/\/qqpets.com\/wp-content\/uploads\/2024\/11\/collar-bandana2-scaled.webp\",\"contentUrl\":\"https:\/\/qqpets.com\/wp-content\/uploads\/2024\/11\/collar-bandana2-scaled.webp\",\"width\":2560,\"height\":2560},{\"@type\":\"BreadcrumbList\",\"@id\":\"https:\/\/qqpets.com\/product\/collar-bandana\/#breadcrumb\",\"itemListElement\":[{\"@type\":\"ListItem\",\"position\":1,\"name\":\"Home\",\"item\":\"https:\/\/qqpets.com\/\"},{\"@type\":\"ListItem\",\"position\":2,\"name\":\"Products\",\"item\":\"https:\/\/qqpets.com\/pet-products-manufacturer\/\"},{\"@type\":\"ListItem\",\"position\":3,\"name\":\"Collar Bandana\"}]},{\"@type\":\"WebSite\",\"@id\":\"https:\/\/qqpets.com\/#website\",\"url\":\"https:\/\/qqpets.com\/\",\"name\":\"QQPETS\",\"description\":\"QQPETS is a pet products factory for dog harnesses, dog collars, dog leashes and dog accessories with professional customized service since 2005.\",\"publisher\":{\"@id\":\"https:\/\/qqpets.com\/#organization\"},\"potentialAction\":[{\"@type\":\"SearchAction\",\"target\":{\"@type\":\"EntryPoint\",\"urlTemplate\":\"https:\/\/qqpets.com\/?s={search_term_string}\"},\"query-input\":{\"@type\":\"PropertyValueSpecification\",\"valueRequired\":true,\"valueName\":\"search_term_string\"}}],\"inLanguage\":\"es\"},{\"@type\":\"Organization\",\"@id\":\"https:\/\/qqpets.com\/#organization\",\"name\":\"QQPETS\",\"url\":\"https:\/\/qqpets.com\/\",\"logo\":{\"@type\":\"ImageObject\",\"inLanguage\":\"es\",\"@id\":\"https:\/\/qqpets.com\/#\/schema\/logo\/image\/\",\"url\":\"https:\/\/qqpets.com\/wp-content\/uploads\/2023\/09\/cropped-cropped-qqpets-tiktok.jpg\",\"contentUrl\":\"https:\/\/qqpets.com\/wp-content\/uploads\/2023\/09\/cropped-cropped-qqpets-tiktok.jpg\",\"width\":511,\"height\":511,\"caption\":\"QQPETS\"},\"image\":{\"@id\":\"https:\/\/qqpets.com\/#\/schema\/logo\/image\/\"},\"sameAs\":[\"https:\/\/www.facebook.com\/QQpetsdogcollars\",\"https:\/\/www.instagram.com\/qqpetscollar\/\",\"https:\/\/www.pinterest.com\/qqpetsdogcollarsfactory\/\"]}]}<\/script>\n<!-- \/ Yoast SEO plugin. -->","yoast_head_json":{"title":"Cuello Bandana | QQPETS","description":"Pa\u00f1uelos de cuello personalizables para mascotas. Ideales para clientes B2B que buscan accesorios de marca para mascotas con opciones \u00fanicas de logotipo o estampado. Elegantes, c\u00f3modos y funcionales.","robots":{"index":"index","follow":"follow","max-snippet":"max-snippet:-1","max-image-preview":"max-image-preview:large","max-video-preview":"max-video-preview:-1"},"canonical":"https:\/\/qqpets.com\/es\/producto\/collar-bandana\/","og_locale":"es_ES","og_type":"article","og_title":"Collar Bandana | QQPETS","og_description":"Customizable collar bandanas for pets. Ideal for B2B clients looking for branded pet accessories with unique logo or pattern options. Stylish, comfortable, and functional.","og_url":"https:\/\/qqpets.com\/es\/producto\/collar-bandana\/","og_site_name":"QQPETS","article_publisher":"https:\/\/www.facebook.com\/QQpetsdogcollars","og_image":[{"width":2560,"height":2560,"url":"https:\/\/qqpets.com\/wp-content\/uploads\/2024\/11\/collar-bandana2-scaled.webp","type":"image\/webp"}],"twitter_card":"summary_large_image","twitter_misc":{"Tiempo de lectura":"1 minuto"},"schema":{"@context":"https:\/\/schema.org","@graph":[{"@type":"WebPage","@id":"https:\/\/qqpets.com\/product\/collar-bandana\/","url":"https:\/\/qqpets.com\/product\/collar-bandana\/","name":"Cuello Bandana | QQPETS","isPartOf":{"@id":"https:\/\/qqpets.com\/#website"},"primaryImageOfPage":{"@id":"https:\/\/qqpets.com\/product\/collar-bandana\/#primaryimage"},"image":{"@id":"https:\/\/qqpets.com\/product\/collar-bandana\/#primaryimage"},"thumbnailUrl":"https:\/\/qqpets.com\/wp-content\/uploads\/2024\/11\/collar-bandana2-scaled.webp","datePublished":"2024-11-14T06:14:02+00:00","description":"Pa\u00f1uelos de cuello personalizables para mascotas. Ideales para clientes B2B que buscan accesorios de marca para mascotas con opciones \u00fanicas de logotipo o estampado. Elegantes, c\u00f3modos y funcionales.","breadcrumb":{"@id":"https:\/\/qqpets.com\/product\/collar-bandana\/#breadcrumb"},"inLanguage":"es","potentialAction":[{"@type":"ReadAction","target":["https:\/\/qqpets.com\/product\/collar-bandana\/"]}]},{"@type":"ImageObject","inLanguage":"es","@id":"https:\/\/qqpets.com\/product\/collar-bandana\/#primaryimage","url":"https:\/\/qqpets.com\/wp-content\/uploads\/2024\/11\/collar-bandana2-scaled.webp","contentUrl":"https:\/\/qqpets.com\/wp-content\/uploads\/2024\/11\/collar-bandana2-scaled.webp","width":2560,"height":2560},{"@type":"BreadcrumbList","@id":"https:\/\/qqpets.com\/product\/collar-bandana\/#breadcrumb","itemListElement":[{"@type":"ListItem","position":1,"name":"Home","item":"https:\/\/qqpets.com\/"},{"@type":"ListItem","position":2,"name":"Products","item":"https:\/\/qqpets.com\/pet-products-manufacturer\/"},{"@type":"ListItem","position":3,"name":"Collar Bandana"}]},{"@type":"WebSite","@id":"https:\/\/qqpets.com\/#website","url":"https:\/\/qqpets.com\/","name":"QQPETS","description":"QQPETS es una f\u00e1brica de productos para mascotas como arneses para perros, collares para perros, correas para perros y accesorios para perros con un servicio profesional personalizado desde 2005.","publisher":{"@id":"https:\/\/qqpets.com\/#organization"},"potentialAction":[{"@type":"SearchAction","target":{"@type":"EntryPoint","urlTemplate":"https:\/\/qqpets.com\/?s={search_term_string}"},"query-input":{"@type":"PropertyValueSpecification","valueRequired":true,"valueName":"search_term_string"}}],"inLanguage":"es"},{"@type":"Organization","@id":"https:\/\/qqpets.com\/#organization","name":"QQPETS","url":"https:\/\/qqpets.com\/","logo":{"@type":"ImageObject","inLanguage":"es","@id":"https:\/\/qqpets.com\/#\/schema\/logo\/image\/","url":"https:\/\/qqpets.com\/wp-content\/uploads\/2023\/09\/cropped-cropped-qqpets-tiktok.jpg","contentUrl":"https:\/\/qqpets.com\/wp-content\/uploads\/2023\/09\/cropped-cropped-qqpets-tiktok.jpg","width":511,"height":511,"caption":"QQPETS"},"image":{"@id":"https:\/\/qqpets.com\/#\/schema\/logo\/image\/"},"sameAs":["https:\/\/www.facebook.com\/QQpetsdogcollars","https:\/\/www.instagram.com\/qqpetscollar\/","https:\/\/www.pinterest.com\/qqpetsdogcollarsfactory\/"]}]}},"_links":{"self":[{"href":"https:\/\/qqpets.com\/es\/wp-json\/wp\/v2\/product\/9316","targetHints":{"allow":["GET"]}}],"collection":[{"href":"https:\/\/qqpets.com\/es\/wp-json\/wp\/v2\/product"}],"about":[{"href":"https:\/\/qqpets.com\/es\/wp-json\/wp\/v2\/types\/product"}],"wp:featuredmedia":[{"embeddable":true,"href":"https:\/\/qqpets.com\/es\/wp-json\/wp\/v2\/media\/9317"}],"wp:attachment":[{"href":"https:\/\/qqpets.com\/es\/wp-json\/wp\/v2\/media?parent=9316"}],"wp:term":[{"taxonomy":"product_brand","embeddable":true,"href":"https:\/\/qqpets.com\/es\/wp-json\/wp\/v2\/product_brand?post=9316"},{"taxonomy":"product_cat","embeddable":true,"href":"https:\/\/qqpets.com\/es\/wp-json\/wp\/v2\/product_cat?post=9316"},{"taxonomy":"product_tag","embeddable":true,"href":"https:\/\/qqpets.com\/es\/wp-json\/wp\/v2\/product_tag?post=9316"}],"curies":[{"name":"wp","href":"https:\/\/api.w.org\/{rel}","templated":true}]}}