{"id":9325,"date":"2024-11-14T14:25:03","date_gmt":"2024-11-14T06:25:03","guid":{"rendered":"https:\/\/qqpets.com\/?post_type=product&#038;p=9325"},"modified":"2024-11-14T14:25:03","modified_gmt":"2024-11-14T06:25:03","slug":"dog-bandana","status":"publish","type":"product","link":"https:\/\/qqpets.com\/es\/producto\/dog-bandana\/","title":{"rendered":"Bandana para perro"},"content":{"rendered":"<div class=\"flex max-w-full flex-col flex-grow\">\n<div class=\"min-h-8 text-message flex w-full flex-col items-end gap-2 whitespace-normal break-words [.text-message+&amp;]:mt-5\" dir=\"auto\" data-message-author-role=\"assistant\" data-message-id=\"5cf613db-4054-4cf6-ab7d-7b94d3a1313d\" data-message-model-slug=\"gpt-4o\">\n<div class=\"flex w-full flex-col gap-1 empty:hidden first:pt-[3px]\">\n<div class=\"markdown prose w-full break-words dark:prose-invert light\">\n<p>La bandana para perros es un accesorio elegante y pr\u00e1ctico que proporciona a cualquier mascota un aspecto fresco y divertido. Fabricadas con tejido transpirable de alta calidad, estas bandanas ofrecen comodidad y durabilidad, para que las mascotas se vean y se sientan bien. Adaptada a todos los tama\u00f1os de perro, cada bandana se ata f\u00e1cilmente alrededor del cuello y a\u00f1ade un encanto instant\u00e1neo a cualquier atuendo, ya sea para un paseo por el parque o para un evento con mascotas.<\/p>\n<p>Para los clientes B2B, nuestras bandanas para perros son totalmente personalizables, por lo que ofrecen una plataforma ideal para personalizarlas con el logotipo de su empresa, motivos distintivos o dise\u00f1os exclusivos. Esta caracter\u00edstica es perfecta para tiendas de mascotas, peluquer\u00edas y empresas que buscan art\u00edculos promocionales personalizados que tengan eco entre los due\u00f1os de mascotas.<\/p>\n<p>Nuestras bandanas se confeccionan prestando atenci\u00f3n a los detalles, lo que garantiza un producto atractivo a la vista y lo bastante resistente para un uso regular. Con su amplio atractivo, las bandanas personalizadas para perros ayudan a crear una presencia de marca memorable al tiempo que proporcionan a los clientes un accesorio elegante y pr\u00e1ctico para sus mascotas. Aproveche el creciente mercado de mascotas con nuestras bandanas personalizables para perros, que equilibran moda, funcionalidad y potencial de marca.<\/p>\n<\/div>\n<\/div>\n<\/div>\n<\/div>\n<div class=\"mb-2 flex gap-3 empty:hidden -ml-2\">\n<div class=\"items-center justify-start rounded-xl p-1 flex\">\n<div class=\"flex items-center\"><button class=\"rounded-lg text-token-text-secondary hover:bg-token-main-surface-secondary\" aria-label=\"Leer en voz alta\" data-testid=\"voice-play-turn-action-button\"><\/button><button class=\"rounded-lg text-token-text-secondary hover:bg-token-main-surface-secondary\" aria-label=\"Copia\" data-testid=\"copy-turn-action-button\"><\/button><\/p>\n<div class=\"flex\"><\/div>\n<div class=\"flex items-center pb-0\"><span class=\"overflow-hidden text-clip whitespace-nowrap text-sm\">4o<\/span><\/div>\n<\/div>\n<\/div>\n<\/div>","protected":false},"excerpt":{"rendered":"<p>Nuestras bandanas personalizables para perros est\u00e1n dise\u00f1adas para aportar estilo y personalidad a las mascotas a la vez que promocionan su marca. Fabricadas con un tejido suave y resistente, estas bandanas pueden llevar logotipos o dibujos personalizados, lo que las convierte en la opci\u00f3n ideal para las empresas que desean accesorios para mascotas \u00fanicos y con su marca. F\u00e1ciles de llevar y aptas para perros de todos los tama\u00f1os, estas bandanas a\u00f1aden un toque encantador para el d\u00eda a d\u00eda o para eventos. Ideales para tiendas de mascotas, peluquer\u00edas o regalos promocionales, nuestras bandanas para perros combinan estilo y funcionalidad para que su marca destaque en el mercado de accesorios para mascotas.<\/p>","protected":false},"featured_media":9326,"template":"","meta":[],"product_brand":[],"product_cat":[58],"product_tag":[],"class_list":{"0":"post-9325","1":"product","2":"type-product","3":"status-publish","4":"has-post-thumbnail","6":"product_cat-accessories","8":"first","9":"instock","10":"shipping-taxable","11":"product-type-simple"},"yoast_head":"<!-- This site is optimized with the Yoast SEO plugin v26.6 - https:\/\/yoast.com\/wordpress\/plugins\/seo\/ -->\n<title>Dog Bandana | QQPETS<\/title>\n<meta name=\"description\" content=\"Customizable dog bandanas for branding. Perfect for B2B clients seeking pet accessories with personalized logos or patterns. Stylish, comfortable, and versatile.\" \/>\n<meta name=\"robots\" content=\"index, follow, max-snippet:-1, max-image-preview:large, max-video-preview:-1\" \/>\n<link rel=\"canonical\" href=\"https:\/\/qqpets.com\/es\/producto\/dog-bandana\/\" \/>\n<meta property=\"og:locale\" content=\"es_ES\" \/>\n<meta property=\"og:type\" content=\"article\" \/>\n<meta property=\"og:title\" content=\"Dog Bandana | QQPETS\" \/>\n<meta property=\"og:description\" content=\"Customizable dog bandanas for branding. Perfect for B2B clients seeking pet accessories with personalized logos or patterns. Stylish, comfortable, and versatile.\" \/>\n<meta property=\"og:url\" content=\"https:\/\/qqpets.com\/es\/producto\/dog-bandana\/\" \/>\n<meta property=\"og:site_name\" content=\"QQPETS\" \/>\n<meta property=\"article:publisher\" content=\"https:\/\/www.facebook.com\/QQpetsdogcollars\" \/>\n<meta property=\"og:image\" content=\"https:\/\/qqpets.com\/wp-content\/uploads\/2024\/11\/dog-bandana1.webp\" \/>\n\t<meta property=\"og:image:width\" content=\"800\" \/>\n\t<meta property=\"og:image:height\" content=\"800\" \/>\n\t<meta property=\"og:image:type\" content=\"image\/webp\" \/>\n<meta name=\"twitter:card\" content=\"summary_large_image\" \/>\n<meta name=\"twitter:label1\" content=\"Tiempo de lectura\" \/>\n\t<meta name=\"twitter:data1\" content=\"1 minuto\" \/>\n<script type=\"application\/ld+json\" class=\"yoast-schema-graph\">{\"@context\":\"https:\/\/schema.org\",\"@graph\":[{\"@type\":\"WebPage\",\"@id\":\"https:\/\/qqpets.com\/product\/dog-bandana\/\",\"url\":\"https:\/\/qqpets.com\/product\/dog-bandana\/\",\"name\":\"Dog Bandana | QQPETS\",\"isPartOf\":{\"@id\":\"https:\/\/qqpets.com\/#website\"},\"primaryImageOfPage\":{\"@id\":\"https:\/\/qqpets.com\/product\/dog-bandana\/#primaryimage\"},\"image\":{\"@id\":\"https:\/\/qqpets.com\/product\/dog-bandana\/#primaryimage\"},\"thumbnailUrl\":\"https:\/\/qqpets.com\/wp-content\/uploads\/2024\/11\/dog-bandana1.webp\",\"datePublished\":\"2024-11-14T06:25:03+00:00\",\"description\":\"Customizable dog bandanas for branding. Perfect for B2B clients seeking pet accessories with personalized logos or patterns. Stylish, comfortable, and versatile.\",\"breadcrumb\":{\"@id\":\"https:\/\/qqpets.com\/product\/dog-bandana\/#breadcrumb\"},\"inLanguage\":\"es\",\"potentialAction\":[{\"@type\":\"ReadAction\",\"target\":[\"https:\/\/qqpets.com\/product\/dog-bandana\/\"]}]},{\"@type\":\"ImageObject\",\"inLanguage\":\"es\",\"@id\":\"https:\/\/qqpets.com\/product\/dog-bandana\/#primaryimage\",\"url\":\"https:\/\/qqpets.com\/wp-content\/uploads\/2024\/11\/dog-bandana1.webp\",\"contentUrl\":\"https:\/\/qqpets.com\/wp-content\/uploads\/2024\/11\/dog-bandana1.webp\",\"width\":800,\"height\":800},{\"@type\":\"BreadcrumbList\",\"@id\":\"https:\/\/qqpets.com\/product\/dog-bandana\/#breadcrumb\",\"itemListElement\":[{\"@type\":\"ListItem\",\"position\":1,\"name\":\"Home\",\"item\":\"https:\/\/qqpets.com\/\"},{\"@type\":\"ListItem\",\"position\":2,\"name\":\"Products\",\"item\":\"https:\/\/qqpets.com\/pet-products-manufacturer\/\"},{\"@type\":\"ListItem\",\"position\":3,\"name\":\"Dog Bandana\"}]},{\"@type\":\"WebSite\",\"@id\":\"https:\/\/qqpets.com\/#website\",\"url\":\"https:\/\/qqpets.com\/\",\"name\":\"QQPETS\",\"description\":\"QQPETS is a pet products factory for dog harnesses, dog collars, dog leashes and dog accessories with professional customized service since 2005.\",\"publisher\":{\"@id\":\"https:\/\/qqpets.com\/#organization\"},\"potentialAction\":[{\"@type\":\"SearchAction\",\"target\":{\"@type\":\"EntryPoint\",\"urlTemplate\":\"https:\/\/qqpets.com\/?s={search_term_string}\"},\"query-input\":{\"@type\":\"PropertyValueSpecification\",\"valueRequired\":true,\"valueName\":\"search_term_string\"}}],\"inLanguage\":\"es\"},{\"@type\":\"Organization\",\"@id\":\"https:\/\/qqpets.com\/#organization\",\"name\":\"QQPETS\",\"url\":\"https:\/\/qqpets.com\/\",\"logo\":{\"@type\":\"ImageObject\",\"inLanguage\":\"es\",\"@id\":\"https:\/\/qqpets.com\/#\/schema\/logo\/image\/\",\"url\":\"https:\/\/qqpets.com\/wp-content\/uploads\/2023\/09\/cropped-cropped-qqpets-tiktok.jpg\",\"contentUrl\":\"https:\/\/qqpets.com\/wp-content\/uploads\/2023\/09\/cropped-cropped-qqpets-tiktok.jpg\",\"width\":511,\"height\":511,\"caption\":\"QQPETS\"},\"image\":{\"@id\":\"https:\/\/qqpets.com\/#\/schema\/logo\/image\/\"},\"sameAs\":[\"https:\/\/www.facebook.com\/QQpetsdogcollars\",\"https:\/\/www.instagram.com\/qqpetscollar\/\",\"https:\/\/www.pinterest.com\/qqpetsdogcollarsfactory\/\"]}]}<\/script>\n<!-- \/ Yoast SEO plugin. -->","yoast_head_json":{"title":"Bandana para perro | QQPETS","description":"Bandanas para perros personalizables. Perfectas para clientes B2B que buscan accesorios para mascotas con logotipos o motivos personalizados. Elegantes, c\u00f3modas y vers\u00e1tiles.","robots":{"index":"index","follow":"follow","max-snippet":"max-snippet:-1","max-image-preview":"max-image-preview:large","max-video-preview":"max-video-preview:-1"},"canonical":"https:\/\/qqpets.com\/es\/producto\/dog-bandana\/","og_locale":"es_ES","og_type":"article","og_title":"Dog Bandana | QQPETS","og_description":"Customizable dog bandanas for branding. Perfect for B2B clients seeking pet accessories with personalized logos or patterns. Stylish, comfortable, and versatile.","og_url":"https:\/\/qqpets.com\/es\/producto\/dog-bandana\/","og_site_name":"QQPETS","article_publisher":"https:\/\/www.facebook.com\/QQpetsdogcollars","og_image":[{"width":800,"height":800,"url":"https:\/\/qqpets.com\/wp-content\/uploads\/2024\/11\/dog-bandana1.webp","type":"image\/webp"}],"twitter_card":"summary_large_image","twitter_misc":{"Tiempo de lectura":"1 minuto"},"schema":{"@context":"https:\/\/schema.org","@graph":[{"@type":"WebPage","@id":"https:\/\/qqpets.com\/product\/dog-bandana\/","url":"https:\/\/qqpets.com\/product\/dog-bandana\/","name":"Bandana para perro | QQPETS","isPartOf":{"@id":"https:\/\/qqpets.com\/#website"},"primaryImageOfPage":{"@id":"https:\/\/qqpets.com\/product\/dog-bandana\/#primaryimage"},"image":{"@id":"https:\/\/qqpets.com\/product\/dog-bandana\/#primaryimage"},"thumbnailUrl":"https:\/\/qqpets.com\/wp-content\/uploads\/2024\/11\/dog-bandana1.webp","datePublished":"2024-11-14T06:25:03+00:00","description":"Bandanas para perros personalizables. Perfectas para clientes B2B que buscan accesorios para mascotas con logotipos o motivos personalizados. Elegantes, c\u00f3modas y vers\u00e1tiles.","breadcrumb":{"@id":"https:\/\/qqpets.com\/product\/dog-bandana\/#breadcrumb"},"inLanguage":"es","potentialAction":[{"@type":"ReadAction","target":["https:\/\/qqpets.com\/product\/dog-bandana\/"]}]},{"@type":"ImageObject","inLanguage":"es","@id":"https:\/\/qqpets.com\/product\/dog-bandana\/#primaryimage","url":"https:\/\/qqpets.com\/wp-content\/uploads\/2024\/11\/dog-bandana1.webp","contentUrl":"https:\/\/qqpets.com\/wp-content\/uploads\/2024\/11\/dog-bandana1.webp","width":800,"height":800},{"@type":"BreadcrumbList","@id":"https:\/\/qqpets.com\/product\/dog-bandana\/#breadcrumb","itemListElement":[{"@type":"ListItem","position":1,"name":"Home","item":"https:\/\/qqpets.com\/"},{"@type":"ListItem","position":2,"name":"Products","item":"https:\/\/qqpets.com\/pet-products-manufacturer\/"},{"@type":"ListItem","position":3,"name":"Dog Bandana"}]},{"@type":"WebSite","@id":"https:\/\/qqpets.com\/#website","url":"https:\/\/qqpets.com\/","name":"QQPETS","description":"QQPETS es una f\u00e1brica de productos para mascotas como arneses para perros, collares para perros, correas para perros y accesorios para perros con un servicio profesional personalizado desde 2005.","publisher":{"@id":"https:\/\/qqpets.com\/#organization"},"potentialAction":[{"@type":"SearchAction","target":{"@type":"EntryPoint","urlTemplate":"https:\/\/qqpets.com\/?s={search_term_string}"},"query-input":{"@type":"PropertyValueSpecification","valueRequired":true,"valueName":"search_term_string"}}],"inLanguage":"es"},{"@type":"Organization","@id":"https:\/\/qqpets.com\/#organization","name":"QQPETS","url":"https:\/\/qqpets.com\/","logo":{"@type":"ImageObject","inLanguage":"es","@id":"https:\/\/qqpets.com\/#\/schema\/logo\/image\/","url":"https:\/\/qqpets.com\/wp-content\/uploads\/2023\/09\/cropped-cropped-qqpets-tiktok.jpg","contentUrl":"https:\/\/qqpets.com\/wp-content\/uploads\/2023\/09\/cropped-cropped-qqpets-tiktok.jpg","width":511,"height":511,"caption":"QQPETS"},"image":{"@id":"https:\/\/qqpets.com\/#\/schema\/logo\/image\/"},"sameAs":["https:\/\/www.facebook.com\/QQpetsdogcollars","https:\/\/www.instagram.com\/qqpetscollar\/","https:\/\/www.pinterest.com\/qqpetsdogcollarsfactory\/"]}]}},"_links":{"self":[{"href":"https:\/\/qqpets.com\/es\/wp-json\/wp\/v2\/product\/9325","targetHints":{"allow":["GET"]}}],"collection":[{"href":"https:\/\/qqpets.com\/es\/wp-json\/wp\/v2\/product"}],"about":[{"href":"https:\/\/qqpets.com\/es\/wp-json\/wp\/v2\/types\/product"}],"wp:featuredmedia":[{"embeddable":true,"href":"https:\/\/qqpets.com\/es\/wp-json\/wp\/v2\/media\/9326"}],"wp:attachment":[{"href":"https:\/\/qqpets.com\/es\/wp-json\/wp\/v2\/media?parent=9325"}],"wp:term":[{"taxonomy":"product_brand","embeddable":true,"href":"https:\/\/qqpets.com\/es\/wp-json\/wp\/v2\/product_brand?post=9325"},{"taxonomy":"product_cat","embeddable":true,"href":"https:\/\/qqpets.com\/es\/wp-json\/wp\/v2\/product_cat?post=9325"},{"taxonomy":"product_tag","embeddable":true,"href":"https:\/\/qqpets.com\/es\/wp-json\/wp\/v2\/product_tag?post=9325"}],"curies":[{"name":"wp","href":"https:\/\/api.w.org\/{rel}","templated":true}]}}