{"id":9358,"date":"2024-11-14T16:00:43","date_gmt":"2024-11-14T08:00:43","guid":{"rendered":"https:\/\/qqpets.com\/?post_type=product&#038;p=9358"},"modified":"2024-11-14T16:01:00","modified_gmt":"2024-11-14T08:01:00","slug":"martingale-collar","status":"publish","type":"product","link":"https:\/\/qqpets.com\/es\/producto\/martingale-collar\/","title":{"rendered":"Collar Martingale"},"content":{"rendered":"<div class=\"flex max-w-full flex-col flex-grow\">\n<div class=\"min-h-8 text-message flex w-full flex-col items-end gap-2 whitespace-normal break-words [.text-message+&amp;]:mt-5\" dir=\"auto\" data-message-author-role=\"assistant\" data-message-id=\"c6c34488-1300-4535-9861-d71a113f9ae5\" data-message-model-slug=\"gpt-4o\">\n<div class=\"flex w-full flex-col gap-1 empty:hidden first:pt-[3px]\">\n<div class=\"markdown prose w-full break-words dark:prose-invert light\">\n<p>El collar Martingale es una soluci\u00f3n popular y eficaz para adiestrar y pasear a los perros con mayor control, que ofrece a los clientes B2B un producto vers\u00e1til y personalizable. Dise\u00f1ado para apretar suavemente cuando un perro tira, el estilo Martingale proporciona una forma humana de evitar que los perros se salgan del collar, por lo que es una alternativa m\u00e1s segura a los collares de ahogo tradicionales. La ligera tensi\u00f3n del collar mantiene a las mascotas seguras, lo que resulta ideal para perros activos y curiosos y para sesiones de adiestramiento en las que se necesita un control adicional.<\/p>\n<p>Este collar est\u00e1 fabricado con materiales duraderos de primera calidad que soportan las exigencias del uso diario, garantizando longevidad y comodidad. Personalizable con logotipos, dise\u00f1os o colores, este collar Martingale ayuda a las marcas a mostrar su identidad \u00fanica, convirtiendo una herramienta pr\u00e1ctica en una declaraci\u00f3n de marca.<\/p>\n<p>Para las empresas de mascotas que buscan ofrecer soluciones de adiestramiento de calidad, este collar logra el equilibrio entre funcionalidad, comodidad y reconocimiento de marca. Su adaptabilidad a diferentes razas de perros y sus opciones personalizables lo convierten en un complemento vers\u00e1til para cualquier l\u00ednea de productos, atractivo para los clientes que desean ofrecer seguridad y estilo en su colecci\u00f3n de accesorios para mascotas.<\/p>\n<\/div>\n<\/div>\n<\/div>\n<\/div>\n<div class=\"mb-2 flex gap-3 empty:hidden -ml-2\">\n<div class=\"items-center justify-start rounded-xl p-1 flex\">\n<div class=\"flex items-center\">\n<p>&nbsp;<\/p>\n<div class=\"flex\"><\/div>\n<div class=\"flex items-center pb-0\"><span class=\"overflow-hidden text-clip whitespace-nowrap text-sm\">4o<\/span><\/div>\n<\/div>\n<\/div>\n<\/div>","protected":false},"excerpt":{"rendered":"<p>Nuestro collar Martingale ofrece un control suave para el adiestramiento, dise\u00f1ado para evitar tirones sin asfixia. Fabricado con materiales duraderos, garantiza comodidad y seguridad en el uso diario. Totalmente personalizable, este collar permite a los clientes B2B a\u00f1adir logotipos o dibujos exclusivos, lo que lo convierte en una opci\u00f3n ideal para las marcas que buscan destacar en el mercado de los animales de compa\u00f1\u00eda. Una mezcla perfecta de funcionalidad y estilo, este collar Martingale es ideal para las empresas que dan prioridad a la calidad, el control y la visibilidad de la marca.<\/p>\n<p>&nbsp;<\/p>","protected":false},"featured_media":9360,"template":"","meta":[],"product_brand":[],"product_cat":[26],"product_tag":[],"class_list":{"0":"post-9358","1":"product","2":"type-product","3":"status-publish","4":"has-post-thumbnail","6":"product_cat-dog-collar","8":"first","9":"instock","10":"shipping-taxable","11":"product-type-simple"},"yoast_head":"<!-- This site is optimized with the Yoast SEO plugin v26.6 - https:\/\/yoast.com\/wordpress\/plugins\/seo\/ -->\n<title>Martingale Collar | QQPETS<\/title>\n<meta name=\"description\" content=\"Durable and gentle Martingale collar, perfect for training and control. Customizable with logos or patterns, ideal for B2B brands wanting distinct pet accessories.\" \/>\n<meta name=\"robots\" content=\"index, follow, max-snippet:-1, max-image-preview:large, max-video-preview:-1\" \/>\n<link rel=\"canonical\" href=\"https:\/\/qqpets.com\/es\/producto\/martingale-collar\/\" \/>\n<meta property=\"og:locale\" content=\"es_ES\" \/>\n<meta property=\"og:type\" content=\"article\" \/>\n<meta property=\"og:title\" content=\"Martingale Collar | QQPETS\" \/>\n<meta property=\"og:description\" content=\"Durable and gentle Martingale collar, perfect for training and control. Customizable with logos or patterns, ideal for B2B brands wanting distinct pet accessories.\" \/>\n<meta property=\"og:url\" content=\"https:\/\/qqpets.com\/es\/producto\/martingale-collar\/\" \/>\n<meta property=\"og:site_name\" content=\"QQPETS\" \/>\n<meta property=\"article:publisher\" content=\"https:\/\/www.facebook.com\/QQpetsdogcollars\" \/>\n<meta property=\"article:modified_time\" content=\"2024-11-14T08:01:00+00:00\" \/>\n<meta property=\"og:image\" content=\"https:\/\/qqpets.com\/wp-content\/uploads\/2024\/11\/Martingale-Collar2.webp\" \/>\n\t<meta property=\"og:image:width\" content=\"800\" \/>\n\t<meta property=\"og:image:height\" content=\"800\" \/>\n\t<meta property=\"og:image:type\" content=\"image\/webp\" \/>\n<meta name=\"twitter:card\" content=\"summary_large_image\" \/>\n<meta name=\"twitter:label1\" content=\"Tiempo de lectura\" \/>\n\t<meta name=\"twitter:data1\" content=\"1 minuto\" \/>\n<script type=\"application\/ld+json\" class=\"yoast-schema-graph\">{\"@context\":\"https:\/\/schema.org\",\"@graph\":[{\"@type\":\"WebPage\",\"@id\":\"https:\/\/qqpets.com\/product\/martingale-collar\/\",\"url\":\"https:\/\/qqpets.com\/product\/martingale-collar\/\",\"name\":\"Martingale Collar | QQPETS\",\"isPartOf\":{\"@id\":\"https:\/\/qqpets.com\/#website\"},\"primaryImageOfPage\":{\"@id\":\"https:\/\/qqpets.com\/product\/martingale-collar\/#primaryimage\"},\"image\":{\"@id\":\"https:\/\/qqpets.com\/product\/martingale-collar\/#primaryimage\"},\"thumbnailUrl\":\"https:\/\/qqpets.com\/wp-content\/uploads\/2024\/11\/Martingale-Collar2.webp\",\"datePublished\":\"2024-11-14T08:00:43+00:00\",\"dateModified\":\"2024-11-14T08:01:00+00:00\",\"description\":\"Durable and gentle Martingale collar, perfect for training and control. Customizable with logos or patterns, ideal for B2B brands wanting distinct pet accessories.\",\"breadcrumb\":{\"@id\":\"https:\/\/qqpets.com\/product\/martingale-collar\/#breadcrumb\"},\"inLanguage\":\"es\",\"potentialAction\":[{\"@type\":\"ReadAction\",\"target\":[\"https:\/\/qqpets.com\/product\/martingale-collar\/\"]}]},{\"@type\":\"ImageObject\",\"inLanguage\":\"es\",\"@id\":\"https:\/\/qqpets.com\/product\/martingale-collar\/#primaryimage\",\"url\":\"https:\/\/qqpets.com\/wp-content\/uploads\/2024\/11\/Martingale-Collar2.webp\",\"contentUrl\":\"https:\/\/qqpets.com\/wp-content\/uploads\/2024\/11\/Martingale-Collar2.webp\",\"width\":800,\"height\":800},{\"@type\":\"BreadcrumbList\",\"@id\":\"https:\/\/qqpets.com\/product\/martingale-collar\/#breadcrumb\",\"itemListElement\":[{\"@type\":\"ListItem\",\"position\":1,\"name\":\"Home\",\"item\":\"https:\/\/qqpets.com\/\"},{\"@type\":\"ListItem\",\"position\":2,\"name\":\"Products\",\"item\":\"https:\/\/qqpets.com\/pet-products-manufacturer\/\"},{\"@type\":\"ListItem\",\"position\":3,\"name\":\"Martingale Collar\"}]},{\"@type\":\"WebSite\",\"@id\":\"https:\/\/qqpets.com\/#website\",\"url\":\"https:\/\/qqpets.com\/\",\"name\":\"QQPETS\",\"description\":\"QQPETS is a pet products factory for dog harnesses, dog collars, dog leashes and dog accessories with professional customized service since 2005.\",\"publisher\":{\"@id\":\"https:\/\/qqpets.com\/#organization\"},\"potentialAction\":[{\"@type\":\"SearchAction\",\"target\":{\"@type\":\"EntryPoint\",\"urlTemplate\":\"https:\/\/qqpets.com\/?s={search_term_string}\"},\"query-input\":{\"@type\":\"PropertyValueSpecification\",\"valueRequired\":true,\"valueName\":\"search_term_string\"}}],\"inLanguage\":\"es\"},{\"@type\":\"Organization\",\"@id\":\"https:\/\/qqpets.com\/#organization\",\"name\":\"QQPETS\",\"url\":\"https:\/\/qqpets.com\/\",\"logo\":{\"@type\":\"ImageObject\",\"inLanguage\":\"es\",\"@id\":\"https:\/\/qqpets.com\/#\/schema\/logo\/image\/\",\"url\":\"https:\/\/qqpets.com\/wp-content\/uploads\/2023\/09\/cropped-cropped-qqpets-tiktok.jpg\",\"contentUrl\":\"https:\/\/qqpets.com\/wp-content\/uploads\/2023\/09\/cropped-cropped-qqpets-tiktok.jpg\",\"width\":511,\"height\":511,\"caption\":\"QQPETS\"},\"image\":{\"@id\":\"https:\/\/qqpets.com\/#\/schema\/logo\/image\/\"},\"sameAs\":[\"https:\/\/www.facebook.com\/QQpetsdogcollars\",\"https:\/\/www.instagram.com\/qqpetscollar\/\",\"https:\/\/www.pinterest.com\/qqpetsdogcollarsfactory\/\"]}]}<\/script>\n<!-- \/ Yoast SEO plugin. -->","yoast_head_json":{"title":"Collar Martingale | QQPETS","description":"Collar Martingale duradero y suave, perfecto para adiestramiento y control. Personalizable con logotipos o dibujos, ideal para marcas B2B que desean accesorios distintivos para mascotas.","robots":{"index":"index","follow":"follow","max-snippet":"max-snippet:-1","max-image-preview":"max-image-preview:large","max-video-preview":"max-video-preview:-1"},"canonical":"https:\/\/qqpets.com\/es\/producto\/martingale-collar\/","og_locale":"es_ES","og_type":"article","og_title":"Martingale Collar | QQPETS","og_description":"Durable and gentle Martingale collar, perfect for training and control. Customizable with logos or patterns, ideal for B2B brands wanting distinct pet accessories.","og_url":"https:\/\/qqpets.com\/es\/producto\/martingale-collar\/","og_site_name":"QQPETS","article_publisher":"https:\/\/www.facebook.com\/QQpetsdogcollars","article_modified_time":"2024-11-14T08:01:00+00:00","og_image":[{"width":800,"height":800,"url":"https:\/\/qqpets.com\/wp-content\/uploads\/2024\/11\/Martingale-Collar2.webp","type":"image\/webp"}],"twitter_card":"summary_large_image","twitter_misc":{"Tiempo de lectura":"1 minuto"},"schema":{"@context":"https:\/\/schema.org","@graph":[{"@type":"WebPage","@id":"https:\/\/qqpets.com\/product\/martingale-collar\/","url":"https:\/\/qqpets.com\/product\/martingale-collar\/","name":"Collar Martingale | QQPETS","isPartOf":{"@id":"https:\/\/qqpets.com\/#website"},"primaryImageOfPage":{"@id":"https:\/\/qqpets.com\/product\/martingale-collar\/#primaryimage"},"image":{"@id":"https:\/\/qqpets.com\/product\/martingale-collar\/#primaryimage"},"thumbnailUrl":"https:\/\/qqpets.com\/wp-content\/uploads\/2024\/11\/Martingale-Collar2.webp","datePublished":"2024-11-14T08:00:43+00:00","dateModified":"2024-11-14T08:01:00+00:00","description":"Collar Martingale duradero y suave, perfecto para adiestramiento y control. Personalizable con logotipos o dibujos, ideal para marcas B2B que desean accesorios distintivos para mascotas.","breadcrumb":{"@id":"https:\/\/qqpets.com\/product\/martingale-collar\/#breadcrumb"},"inLanguage":"es","potentialAction":[{"@type":"ReadAction","target":["https:\/\/qqpets.com\/product\/martingale-collar\/"]}]},{"@type":"ImageObject","inLanguage":"es","@id":"https:\/\/qqpets.com\/product\/martingale-collar\/#primaryimage","url":"https:\/\/qqpets.com\/wp-content\/uploads\/2024\/11\/Martingale-Collar2.webp","contentUrl":"https:\/\/qqpets.com\/wp-content\/uploads\/2024\/11\/Martingale-Collar2.webp","width":800,"height":800},{"@type":"BreadcrumbList","@id":"https:\/\/qqpets.com\/product\/martingale-collar\/#breadcrumb","itemListElement":[{"@type":"ListItem","position":1,"name":"Home","item":"https:\/\/qqpets.com\/"},{"@type":"ListItem","position":2,"name":"Products","item":"https:\/\/qqpets.com\/pet-products-manufacturer\/"},{"@type":"ListItem","position":3,"name":"Martingale Collar"}]},{"@type":"WebSite","@id":"https:\/\/qqpets.com\/#website","url":"https:\/\/qqpets.com\/","name":"QQPETS","description":"QQPETS es una f\u00e1brica de productos para mascotas como arneses para perros, collares para perros, correas para perros y accesorios para perros con un servicio profesional personalizado desde 2005.","publisher":{"@id":"https:\/\/qqpets.com\/#organization"},"potentialAction":[{"@type":"SearchAction","target":{"@type":"EntryPoint","urlTemplate":"https:\/\/qqpets.com\/?s={search_term_string}"},"query-input":{"@type":"PropertyValueSpecification","valueRequired":true,"valueName":"search_term_string"}}],"inLanguage":"es"},{"@type":"Organization","@id":"https:\/\/qqpets.com\/#organization","name":"QQPETS","url":"https:\/\/qqpets.com\/","logo":{"@type":"ImageObject","inLanguage":"es","@id":"https:\/\/qqpets.com\/#\/schema\/logo\/image\/","url":"https:\/\/qqpets.com\/wp-content\/uploads\/2023\/09\/cropped-cropped-qqpets-tiktok.jpg","contentUrl":"https:\/\/qqpets.com\/wp-content\/uploads\/2023\/09\/cropped-cropped-qqpets-tiktok.jpg","width":511,"height":511,"caption":"QQPETS"},"image":{"@id":"https:\/\/qqpets.com\/#\/schema\/logo\/image\/"},"sameAs":["https:\/\/www.facebook.com\/QQpetsdogcollars","https:\/\/www.instagram.com\/qqpetscollar\/","https:\/\/www.pinterest.com\/qqpetsdogcollarsfactory\/"]}]}},"_links":{"self":[{"href":"https:\/\/qqpets.com\/es\/wp-json\/wp\/v2\/product\/9358","targetHints":{"allow":["GET"]}}],"collection":[{"href":"https:\/\/qqpets.com\/es\/wp-json\/wp\/v2\/product"}],"about":[{"href":"https:\/\/qqpets.com\/es\/wp-json\/wp\/v2\/types\/product"}],"wp:featuredmedia":[{"embeddable":true,"href":"https:\/\/qqpets.com\/es\/wp-json\/wp\/v2\/media\/9360"}],"wp:attachment":[{"href":"https:\/\/qqpets.com\/es\/wp-json\/wp\/v2\/media?parent=9358"}],"wp:term":[{"taxonomy":"product_brand","embeddable":true,"href":"https:\/\/qqpets.com\/es\/wp-json\/wp\/v2\/product_brand?post=9358"},{"taxonomy":"product_cat","embeddable":true,"href":"https:\/\/qqpets.com\/es\/wp-json\/wp\/v2\/product_cat?post=9358"},{"taxonomy":"product_tag","embeddable":true,"href":"https:\/\/qqpets.com\/es\/wp-json\/wp\/v2\/product_tag?post=9358"}],"curies":[{"name":"wp","href":"https:\/\/api.w.org\/{rel}","templated":true}]}}