{"id":9378,"date":"2024-11-14T16:42:01","date_gmt":"2024-11-14T08:42:01","guid":{"rendered":"https:\/\/qqpets.com\/?post_type=product&#038;p=9378"},"modified":"2024-11-14T16:42:01","modified_gmt":"2024-11-14T08:42:01","slug":"dual-clip-leash","status":"publish","type":"product","link":"https:\/\/qqpets.com\/es\/producto\/dual-clip-leash\/","title":{"rendered":"Correa de doble clip"},"content":{"rendered":"<p>La correa Dual Clip est\u00e1 dise\u00f1ada para ofrecer un mayor control y adaptabilidad a los due\u00f1os de mascotas, con dos pr\u00e1cticos puntos de enganche para una mayor versatilidad. Este dise\u00f1o de doble clip permite estilos de paseo seguros y personalizados, por lo que es una opci\u00f3n popular tanto para el adiestramiento como para los paseos diarios. El clip adicional ofrece la posibilidad de engancharlo simult\u00e1neamente a un collar y a un arn\u00e9s, distribuyendo la presi\u00f3n y mejorando el control incluso sobre las mascotas m\u00e1s en\u00e9rgicas.<\/p>\n<p>Para los clientes B2B, la Dual Clip Leash se ha dise\u00f1ado pensando en la personalizaci\u00f3n. Esta correa admite varias opciones de marca, lo que permite integrar perfectamente logotipos, dise\u00f1os \u00fanicos o combinaciones de colores espec\u00edficas. Fabricada con materiales duraderos de alta calidad, la correa est\u00e1 dise\u00f1ada para soportar un uso regular y mantener su aspecto con el paso del tiempo, garantizando la longevidad y la satisfacci\u00f3n del cliente. Los cierres de seguridad est\u00e1n dise\u00f1ados para facilitar el manejo, mientras que la construcci\u00f3n ligera pero robusta de la correa garantiza la comodidad tanto para la mascota como para el adiestrador.<\/p>\n<p>La adaptabilidad y el potencial de marca de esta correa la convierten en un producto ideal para las empresas que buscan destacar en el mercado de accesorios para mascotas. Con la Dual Clip Leash, las empresas pueden ofrecer a los due\u00f1os de mascotas una soluci\u00f3n elegante, funcional y que realza su marca para sus paseos diarios y necesidades de adiestramiento.<\/p>","protected":false},"excerpt":{"rendered":"<p>The Dual Clip Leash provides superior control and flexibility with two attachment points, perfect for managing active pets. This leash is ideal for B2B clients seeking customization options, as it\u2019s designed to accommodate custom logos or patterns to align with any brand. Built for durability and comfort, the leash supports a range of walking styles, from casual strolls to training sessions. With high-quality materials and user-friendly clasps, this leash meets both aesthetic and functional needs, making it an excellent choice for pet brands looking to offer a versatile, customizable product that resonates with pet owners.<\/p>\n<p>&nbsp;<\/p>","protected":false},"featured_media":9383,"template":"","meta":[],"product_brand":[],"product_cat":[27],"product_tag":[],"class_list":{"0":"post-9378","1":"product","2":"type-product","3":"status-publish","4":"has-post-thumbnail","6":"product_cat-dog-leash","8":"first","9":"instock","10":"shipping-taxable","11":"product-type-simple"},"yoast_head":"<!-- This site is optimized with the Yoast SEO plugin v26.6 - https:\/\/yoast.com\/wordpress\/plugins\/seo\/ -->\n<title>Dual Clip Leash | QQPETS<\/title>\n<meta name=\"description\" content=\"Dual Clip Leash offers versatility and control with dual attachment points. Ideal for custom branding, durable, and designed for easy logo or pattern integration.\" \/>\n<meta name=\"robots\" content=\"index, follow, max-snippet:-1, max-image-preview:large, max-video-preview:-1\" \/>\n<link rel=\"canonical\" href=\"https:\/\/qqpets.com\/es\/producto\/dual-clip-leash\/\" \/>\n<meta property=\"og:locale\" content=\"es_ES\" \/>\n<meta property=\"og:type\" content=\"article\" \/>\n<meta property=\"og:title\" content=\"Dual Clip Leash | QQPETS\" \/>\n<meta property=\"og:description\" content=\"Dual Clip Leash offers versatility and control with dual attachment points. Ideal for custom branding, durable, and designed for easy logo or pattern integration.\" \/>\n<meta property=\"og:url\" content=\"https:\/\/qqpets.com\/es\/producto\/dual-clip-leash\/\" \/>\n<meta property=\"og:site_name\" content=\"QQPETS\" \/>\n<meta property=\"article:publisher\" content=\"https:\/\/www.facebook.com\/QQpetsdogcollars\" \/>\n<meta property=\"og:image\" content=\"https:\/\/qqpets.com\/wp-content\/uploads\/2024\/11\/Dual-Clip-Leash5.webp\" \/>\n\t<meta property=\"og:image:width\" content=\"707\" \/>\n\t<meta property=\"og:image:height\" content=\"705\" \/>\n\t<meta property=\"og:image:type\" content=\"image\/webp\" \/>\n<meta name=\"twitter:card\" content=\"summary_large_image\" \/>\n<meta name=\"twitter:label1\" content=\"Tiempo de lectura\" \/>\n\t<meta name=\"twitter:data1\" content=\"2 minutos\" \/>\n<script type=\"application\/ld+json\" class=\"yoast-schema-graph\">{\"@context\":\"https:\/\/schema.org\",\"@graph\":[{\"@type\":\"WebPage\",\"@id\":\"https:\/\/qqpets.com\/product\/dual-clip-leash\/\",\"url\":\"https:\/\/qqpets.com\/product\/dual-clip-leash\/\",\"name\":\"Dual Clip Leash | QQPETS\",\"isPartOf\":{\"@id\":\"https:\/\/qqpets.com\/#website\"},\"primaryImageOfPage\":{\"@id\":\"https:\/\/qqpets.com\/product\/dual-clip-leash\/#primaryimage\"},\"image\":{\"@id\":\"https:\/\/qqpets.com\/product\/dual-clip-leash\/#primaryimage\"},\"thumbnailUrl\":\"https:\/\/qqpets.com\/wp-content\/uploads\/2024\/11\/Dual-Clip-Leash5.webp\",\"datePublished\":\"2024-11-14T08:42:01+00:00\",\"description\":\"Dual Clip Leash offers versatility and control with dual attachment points. Ideal for custom branding, durable, and designed for easy logo or pattern integration.\",\"breadcrumb\":{\"@id\":\"https:\/\/qqpets.com\/product\/dual-clip-leash\/#breadcrumb\"},\"inLanguage\":\"es\",\"potentialAction\":[{\"@type\":\"ReadAction\",\"target\":[\"https:\/\/qqpets.com\/product\/dual-clip-leash\/\"]}]},{\"@type\":\"ImageObject\",\"inLanguage\":\"es\",\"@id\":\"https:\/\/qqpets.com\/product\/dual-clip-leash\/#primaryimage\",\"url\":\"https:\/\/qqpets.com\/wp-content\/uploads\/2024\/11\/Dual-Clip-Leash5.webp\",\"contentUrl\":\"https:\/\/qqpets.com\/wp-content\/uploads\/2024\/11\/Dual-Clip-Leash5.webp\",\"width\":707,\"height\":705},{\"@type\":\"BreadcrumbList\",\"@id\":\"https:\/\/qqpets.com\/product\/dual-clip-leash\/#breadcrumb\",\"itemListElement\":[{\"@type\":\"ListItem\",\"position\":1,\"name\":\"Home\",\"item\":\"https:\/\/qqpets.com\/\"},{\"@type\":\"ListItem\",\"position\":2,\"name\":\"Products\",\"item\":\"https:\/\/qqpets.com\/pet-products-manufacturer\/\"},{\"@type\":\"ListItem\",\"position\":3,\"name\":\"Dual Clip Leash\"}]},{\"@type\":\"WebSite\",\"@id\":\"https:\/\/qqpets.com\/#website\",\"url\":\"https:\/\/qqpets.com\/\",\"name\":\"QQPETS\",\"description\":\"QQPETS is a pet products factory for dog harnesses, dog collars, dog leashes and dog accessories with professional customized service since 2005.\",\"publisher\":{\"@id\":\"https:\/\/qqpets.com\/#organization\"},\"potentialAction\":[{\"@type\":\"SearchAction\",\"target\":{\"@type\":\"EntryPoint\",\"urlTemplate\":\"https:\/\/qqpets.com\/?s={search_term_string}\"},\"query-input\":{\"@type\":\"PropertyValueSpecification\",\"valueRequired\":true,\"valueName\":\"search_term_string\"}}],\"inLanguage\":\"es\"},{\"@type\":\"Organization\",\"@id\":\"https:\/\/qqpets.com\/#organization\",\"name\":\"QQPETS\",\"url\":\"https:\/\/qqpets.com\/\",\"logo\":{\"@type\":\"ImageObject\",\"inLanguage\":\"es\",\"@id\":\"https:\/\/qqpets.com\/#\/schema\/logo\/image\/\",\"url\":\"https:\/\/qqpets.com\/wp-content\/uploads\/2023\/09\/cropped-cropped-qqpets-tiktok.jpg\",\"contentUrl\":\"https:\/\/qqpets.com\/wp-content\/uploads\/2023\/09\/cropped-cropped-qqpets-tiktok.jpg\",\"width\":511,\"height\":511,\"caption\":\"QQPETS\"},\"image\":{\"@id\":\"https:\/\/qqpets.com\/#\/schema\/logo\/image\/\"},\"sameAs\":[\"https:\/\/www.facebook.com\/QQpetsdogcollars\",\"https:\/\/www.instagram.com\/qqpetscollar\/\",\"https:\/\/www.pinterest.com\/qqpetsdogcollarsfactory\/\"]}]}<\/script>\n<!-- \/ Yoast SEO plugin. -->","yoast_head_json":{"title":"Dual Clip Leash | QQPETS","description":"Dual Clip Leash offers versatility and control with dual attachment points. Ideal for custom branding, durable, and designed for easy logo or pattern integration.","robots":{"index":"index","follow":"follow","max-snippet":"max-snippet:-1","max-image-preview":"max-image-preview:large","max-video-preview":"max-video-preview:-1"},"canonical":"https:\/\/qqpets.com\/es\/producto\/dual-clip-leash\/","og_locale":"es_ES","og_type":"article","og_title":"Dual Clip Leash | QQPETS","og_description":"Dual Clip Leash offers versatility and control with dual attachment points. Ideal for custom branding, durable, and designed for easy logo or pattern integration.","og_url":"https:\/\/qqpets.com\/es\/producto\/dual-clip-leash\/","og_site_name":"QQPETS","article_publisher":"https:\/\/www.facebook.com\/QQpetsdogcollars","og_image":[{"width":707,"height":705,"url":"https:\/\/qqpets.com\/wp-content\/uploads\/2024\/11\/Dual-Clip-Leash5.webp","type":"image\/webp"}],"twitter_card":"summary_large_image","twitter_misc":{"Tiempo de lectura":"2 minutos"},"schema":{"@context":"https:\/\/schema.org","@graph":[{"@type":"WebPage","@id":"https:\/\/qqpets.com\/product\/dual-clip-leash\/","url":"https:\/\/qqpets.com\/product\/dual-clip-leash\/","name":"Dual Clip Leash | QQPETS","isPartOf":{"@id":"https:\/\/qqpets.com\/#website"},"primaryImageOfPage":{"@id":"https:\/\/qqpets.com\/product\/dual-clip-leash\/#primaryimage"},"image":{"@id":"https:\/\/qqpets.com\/product\/dual-clip-leash\/#primaryimage"},"thumbnailUrl":"https:\/\/qqpets.com\/wp-content\/uploads\/2024\/11\/Dual-Clip-Leash5.webp","datePublished":"2024-11-14T08:42:01+00:00","description":"Dual Clip Leash offers versatility and control with dual attachment points. Ideal for custom branding, durable, and designed for easy logo or pattern integration.","breadcrumb":{"@id":"https:\/\/qqpets.com\/product\/dual-clip-leash\/#breadcrumb"},"inLanguage":"es","potentialAction":[{"@type":"ReadAction","target":["https:\/\/qqpets.com\/product\/dual-clip-leash\/"]}]},{"@type":"ImageObject","inLanguage":"es","@id":"https:\/\/qqpets.com\/product\/dual-clip-leash\/#primaryimage","url":"https:\/\/qqpets.com\/wp-content\/uploads\/2024\/11\/Dual-Clip-Leash5.webp","contentUrl":"https:\/\/qqpets.com\/wp-content\/uploads\/2024\/11\/Dual-Clip-Leash5.webp","width":707,"height":705},{"@type":"BreadcrumbList","@id":"https:\/\/qqpets.com\/product\/dual-clip-leash\/#breadcrumb","itemListElement":[{"@type":"ListItem","position":1,"name":"Home","item":"https:\/\/qqpets.com\/"},{"@type":"ListItem","position":2,"name":"Products","item":"https:\/\/qqpets.com\/pet-products-manufacturer\/"},{"@type":"ListItem","position":3,"name":"Dual Clip Leash"}]},{"@type":"WebSite","@id":"https:\/\/qqpets.com\/#website","url":"https:\/\/qqpets.com\/","name":"QQPETS","description":"QQPETS es una f\u00e1brica de productos para mascotas como arneses para perros, collares para perros, correas para perros y accesorios para perros con un servicio profesional personalizado desde 2005.","publisher":{"@id":"https:\/\/qqpets.com\/#organization"},"potentialAction":[{"@type":"SearchAction","target":{"@type":"EntryPoint","urlTemplate":"https:\/\/qqpets.com\/?s={search_term_string}"},"query-input":{"@type":"PropertyValueSpecification","valueRequired":true,"valueName":"search_term_string"}}],"inLanguage":"es"},{"@type":"Organization","@id":"https:\/\/qqpets.com\/#organization","name":"QQPETS","url":"https:\/\/qqpets.com\/","logo":{"@type":"ImageObject","inLanguage":"es","@id":"https:\/\/qqpets.com\/#\/schema\/logo\/image\/","url":"https:\/\/qqpets.com\/wp-content\/uploads\/2023\/09\/cropped-cropped-qqpets-tiktok.jpg","contentUrl":"https:\/\/qqpets.com\/wp-content\/uploads\/2023\/09\/cropped-cropped-qqpets-tiktok.jpg","width":511,"height":511,"caption":"QQPETS"},"image":{"@id":"https:\/\/qqpets.com\/#\/schema\/logo\/image\/"},"sameAs":["https:\/\/www.facebook.com\/QQpetsdogcollars","https:\/\/www.instagram.com\/qqpetscollar\/","https:\/\/www.pinterest.com\/qqpetsdogcollarsfactory\/"]}]}},"_links":{"self":[{"href":"https:\/\/qqpets.com\/es\/wp-json\/wp\/v2\/product\/9378","targetHints":{"allow":["GET"]}}],"collection":[{"href":"https:\/\/qqpets.com\/es\/wp-json\/wp\/v2\/product"}],"about":[{"href":"https:\/\/qqpets.com\/es\/wp-json\/wp\/v2\/types\/product"}],"wp:featuredmedia":[{"embeddable":true,"href":"https:\/\/qqpets.com\/es\/wp-json\/wp\/v2\/media\/9383"}],"wp:attachment":[{"href":"https:\/\/qqpets.com\/es\/wp-json\/wp\/v2\/media?parent=9378"}],"wp:term":[{"taxonomy":"product_brand","embeddable":true,"href":"https:\/\/qqpets.com\/es\/wp-json\/wp\/v2\/product_brand?post=9378"},{"taxonomy":"product_cat","embeddable":true,"href":"https:\/\/qqpets.com\/es\/wp-json\/wp\/v2\/product_cat?post=9378"},{"taxonomy":"product_tag","embeddable":true,"href":"https:\/\/qqpets.com\/es\/wp-json\/wp\/v2\/product_tag?post=9378"}],"curies":[{"name":"wp","href":"https:\/\/api.w.org\/{rel}","templated":true}]}}