{"id":9695,"date":"2024-12-13T16:44:56","date_gmt":"2024-12-13T08:44:56","guid":{"rendered":"https:\/\/qqpets.com\/?post_type=product&#038;p=9695"},"modified":"2024-12-13T16:44:56","modified_gmt":"2024-12-13T08:44:56","slug":"dog-blanket","status":"publish","type":"product","link":"https:\/\/qqpets.com\/es\/producto\/dog-blanket\/","title":{"rendered":"Manta para perros"},"content":{"rendered":"<p data-immersive-translate-walked=\"bc124103-9cd7-4f5a-8097-278f5efbaabc\" data-immersive-translate-paragraph=\"1\">La manta para perros est\u00e1 dise\u00f1ada para proporcionar calor, comodidad y estilo a las mascotas, al tiempo que ofrece excelentes oportunidades de marca para las empresas. Fabricada con un tejido suave al tacto de primera calidad, esta manta es delicada con la piel de las mascotas y lo suficientemente resistente como para soportar el uso diario. Es perfecta para diversas situaciones, como descansar en casa, forrar las camas de las mascotas o proporcionar comodidad adicional durante los viajes en coche o en la jaula.<\/p>\n<p data-immersive-translate-walked=\"bc124103-9cd7-4f5a-8097-278f5efbaabc\" data-immersive-translate-paragraph=\"1\">Para los clientes B2B, nuestra manta para perros se puede personalizar completamente con logotipos, dise\u00f1os o combinaciones de colores que se ajusten a la identidad de su marca. Tanto si es una tienda de mascotas, un minorista online o un distribuidor, esta manta es una forma fant\u00e1stica de mostrar su marca al tiempo que ofrece un producto funcional y con estilo. Su dise\u00f1o ligero y lavable a m\u00e1quina facilita su cuidado a los due\u00f1os de mascotas, lo que aumenta su atractivo como accesorio pr\u00e1ctico y deseable.<\/p>\n<p data-immersive-translate-walked=\"bc124103-9cd7-4f5a-8097-278f5efbaabc\" data-immersive-translate-paragraph=\"1\">Vers\u00e1til, duradera y elegante, la manta para perros es un excelente complemento para cualquier l\u00ednea de productos para mascotas. Su potencial de personalizaci\u00f3n de marca la convierte en un art\u00edculo destacado para las empresas que desean captar la atenci\u00f3n y fidelidad de sus clientes en el competitivo mercado de los animales de compa\u00f1\u00eda. Ofrezca a sus clientes un producto tan acogedor como funcional y consolide su marca como fuente de accesorios de calidad para mascotas.<\/p>","protected":false},"excerpt":{"rendered":"<p>Nuestra manta para perros es el accesorio perfecto para mantener a las mascotas calientes y c\u00f3modas. Fabricada con materiales de alta calidad, suaves y duraderos, est\u00e1 dise\u00f1ada para un uso diario y un f\u00e1cil mantenimiento. Ideal para clientes B2B, esta manta ofrece opciones de personalizaci\u00f3n completas, lo que le permite a\u00f1adir logotipos o patrones \u00fanicos para reflejar su marca. Perfecta para camas de mascotas, jaulas o viajes en coche, es un complemento vers\u00e1til para cualquier l\u00ednea de productos para mascotas. Ofrezca a sus clientes una soluci\u00f3n elegante y acogedora que mejore el confort de sus mascotas al tiempo que aumenta la visibilidad de su marca en el competitivo mercado de los animales de compa\u00f1\u00eda.<\/p>","protected":false},"featured_media":9699,"template":"","meta":[],"product_brand":[],"product_cat":[58],"product_tag":[],"class_list":{"0":"post-9695","1":"product","2":"type-product","3":"status-publish","4":"has-post-thumbnail","6":"product_cat-accessories","8":"first","9":"instock","10":"shipping-taxable","11":"product-type-simple"},"yoast_head":"<!-- This site is optimized with the Yoast SEO plugin v26.6 - https:\/\/yoast.com\/wordpress\/plugins\/seo\/ -->\n<title>Dog Blanket | QQPETS<\/title>\n<meta name=\"description\" content=\"Soft and durable dog blanket, perfect for comfort and warmth. Customizable with logos or patterns for B2B clients, ideal for branding and pet product lines.\" \/>\n<meta name=\"robots\" content=\"index, follow, max-snippet:-1, max-image-preview:large, max-video-preview:-1\" \/>\n<link rel=\"canonical\" href=\"https:\/\/qqpets.com\/es\/producto\/dog-blanket\/\" \/>\n<meta property=\"og:locale\" content=\"es_ES\" \/>\n<meta property=\"og:type\" content=\"article\" \/>\n<meta property=\"og:title\" content=\"Dog Blanket | QQPETS\" \/>\n<meta property=\"og:description\" content=\"Soft and durable dog blanket, perfect for comfort and warmth. Customizable with logos or patterns for B2B clients, ideal for branding and pet product lines.\" \/>\n<meta property=\"og:url\" content=\"https:\/\/qqpets.com\/es\/producto\/dog-blanket\/\" \/>\n<meta property=\"og:site_name\" content=\"QQPETS\" \/>\n<meta property=\"article:publisher\" content=\"https:\/\/www.facebook.com\/QQpetsdogcollars\" \/>\n<meta property=\"og:image\" content=\"https:\/\/qqpets.com\/wp-content\/uploads\/2024\/12\/Dog-Blanket3.webp\" \/>\n\t<meta property=\"og:image:width\" content=\"1080\" \/>\n\t<meta property=\"og:image:height\" content=\"1080\" \/>\n\t<meta property=\"og:image:type\" content=\"image\/webp\" \/>\n<meta name=\"twitter:card\" content=\"summary_large_image\" \/>\n<meta name=\"twitter:label1\" content=\"Tiempo de lectura\" \/>\n\t<meta name=\"twitter:data1\" content=\"2 minutos\" \/>\n<script type=\"application\/ld+json\" class=\"yoast-schema-graph\">{\"@context\":\"https:\/\/schema.org\",\"@graph\":[{\"@type\":\"WebPage\",\"@id\":\"https:\/\/qqpets.com\/product\/dog-blanket\/\",\"url\":\"https:\/\/qqpets.com\/product\/dog-blanket\/\",\"name\":\"Dog Blanket | QQPETS\",\"isPartOf\":{\"@id\":\"https:\/\/qqpets.com\/#website\"},\"primaryImageOfPage\":{\"@id\":\"https:\/\/qqpets.com\/product\/dog-blanket\/#primaryimage\"},\"image\":{\"@id\":\"https:\/\/qqpets.com\/product\/dog-blanket\/#primaryimage\"},\"thumbnailUrl\":\"https:\/\/qqpets.com\/wp-content\/uploads\/2024\/12\/Dog-Blanket3.webp\",\"datePublished\":\"2024-12-13T08:44:56+00:00\",\"description\":\"Soft and durable dog blanket, perfect for comfort and warmth. Customizable with logos or patterns for B2B clients, ideal for branding and pet product lines.\",\"breadcrumb\":{\"@id\":\"https:\/\/qqpets.com\/product\/dog-blanket\/#breadcrumb\"},\"inLanguage\":\"es\",\"potentialAction\":[{\"@type\":\"ReadAction\",\"target\":[\"https:\/\/qqpets.com\/product\/dog-blanket\/\"]}]},{\"@type\":\"ImageObject\",\"inLanguage\":\"es\",\"@id\":\"https:\/\/qqpets.com\/product\/dog-blanket\/#primaryimage\",\"url\":\"https:\/\/qqpets.com\/wp-content\/uploads\/2024\/12\/Dog-Blanket3.webp\",\"contentUrl\":\"https:\/\/qqpets.com\/wp-content\/uploads\/2024\/12\/Dog-Blanket3.webp\",\"width\":1080,\"height\":1080},{\"@type\":\"BreadcrumbList\",\"@id\":\"https:\/\/qqpets.com\/product\/dog-blanket\/#breadcrumb\",\"itemListElement\":[{\"@type\":\"ListItem\",\"position\":1,\"name\":\"Home\",\"item\":\"https:\/\/qqpets.com\/\"},{\"@type\":\"ListItem\",\"position\":2,\"name\":\"Products\",\"item\":\"https:\/\/qqpets.com\/pet-products-manufacturer\/\"},{\"@type\":\"ListItem\",\"position\":3,\"name\":\"Dog Blanket\"}]},{\"@type\":\"WebSite\",\"@id\":\"https:\/\/qqpets.com\/#website\",\"url\":\"https:\/\/qqpets.com\/\",\"name\":\"QQPETS\",\"description\":\"QQPETS is a pet products factory for dog harnesses, dog collars, dog leashes and dog accessories with professional customized service since 2005.\",\"publisher\":{\"@id\":\"https:\/\/qqpets.com\/#organization\"},\"potentialAction\":[{\"@type\":\"SearchAction\",\"target\":{\"@type\":\"EntryPoint\",\"urlTemplate\":\"https:\/\/qqpets.com\/?s={search_term_string}\"},\"query-input\":{\"@type\":\"PropertyValueSpecification\",\"valueRequired\":true,\"valueName\":\"search_term_string\"}}],\"inLanguage\":\"es\"},{\"@type\":\"Organization\",\"@id\":\"https:\/\/qqpets.com\/#organization\",\"name\":\"QQPETS\",\"url\":\"https:\/\/qqpets.com\/\",\"logo\":{\"@type\":\"ImageObject\",\"inLanguage\":\"es\",\"@id\":\"https:\/\/qqpets.com\/#\/schema\/logo\/image\/\",\"url\":\"https:\/\/qqpets.com\/wp-content\/uploads\/2023\/09\/cropped-cropped-qqpets-tiktok.jpg\",\"contentUrl\":\"https:\/\/qqpets.com\/wp-content\/uploads\/2023\/09\/cropped-cropped-qqpets-tiktok.jpg\",\"width\":511,\"height\":511,\"caption\":\"QQPETS\"},\"image\":{\"@id\":\"https:\/\/qqpets.com\/#\/schema\/logo\/image\/\"},\"sameAs\":[\"https:\/\/www.facebook.com\/QQpetsdogcollars\",\"https:\/\/www.instagram.com\/qqpetscollar\/\",\"https:\/\/www.pinterest.com\/qqpetsdogcollarsfactory\/\"]}]}<\/script>\n<!-- \/ Yoast SEO plugin. -->","yoast_head_json":{"title":"Manta para perro | QQPETS","description":"Manta para perros suave y duradera, perfecta para dar comodidad y calor. Personalizable con logotipos o estampados para clientes B2B, ideal para marcas y l\u00edneas de productos para mascotas.","robots":{"index":"index","follow":"follow","max-snippet":"max-snippet:-1","max-image-preview":"max-image-preview:large","max-video-preview":"max-video-preview:-1"},"canonical":"https:\/\/qqpets.com\/es\/producto\/dog-blanket\/","og_locale":"es_ES","og_type":"article","og_title":"Dog Blanket | QQPETS","og_description":"Soft and durable dog blanket, perfect for comfort and warmth. Customizable with logos or patterns for B2B clients, ideal for branding and pet product lines.","og_url":"https:\/\/qqpets.com\/es\/producto\/dog-blanket\/","og_site_name":"QQPETS","article_publisher":"https:\/\/www.facebook.com\/QQpetsdogcollars","og_image":[{"width":1080,"height":1080,"url":"https:\/\/qqpets.com\/wp-content\/uploads\/2024\/12\/Dog-Blanket3.webp","type":"image\/webp"}],"twitter_card":"summary_large_image","twitter_misc":{"Tiempo de lectura":"2 minutos"},"schema":{"@context":"https:\/\/schema.org","@graph":[{"@type":"WebPage","@id":"https:\/\/qqpets.com\/product\/dog-blanket\/","url":"https:\/\/qqpets.com\/product\/dog-blanket\/","name":"Manta para perro | QQPETS","isPartOf":{"@id":"https:\/\/qqpets.com\/#website"},"primaryImageOfPage":{"@id":"https:\/\/qqpets.com\/product\/dog-blanket\/#primaryimage"},"image":{"@id":"https:\/\/qqpets.com\/product\/dog-blanket\/#primaryimage"},"thumbnailUrl":"https:\/\/qqpets.com\/wp-content\/uploads\/2024\/12\/Dog-Blanket3.webp","datePublished":"2024-12-13T08:44:56+00:00","description":"Manta para perros suave y duradera, perfecta para dar comodidad y calor. Personalizable con logotipos o estampados para clientes B2B, ideal para marcas y l\u00edneas de productos para mascotas.","breadcrumb":{"@id":"https:\/\/qqpets.com\/product\/dog-blanket\/#breadcrumb"},"inLanguage":"es","potentialAction":[{"@type":"ReadAction","target":["https:\/\/qqpets.com\/product\/dog-blanket\/"]}]},{"@type":"ImageObject","inLanguage":"es","@id":"https:\/\/qqpets.com\/product\/dog-blanket\/#primaryimage","url":"https:\/\/qqpets.com\/wp-content\/uploads\/2024\/12\/Dog-Blanket3.webp","contentUrl":"https:\/\/qqpets.com\/wp-content\/uploads\/2024\/12\/Dog-Blanket3.webp","width":1080,"height":1080},{"@type":"BreadcrumbList","@id":"https:\/\/qqpets.com\/product\/dog-blanket\/#breadcrumb","itemListElement":[{"@type":"ListItem","position":1,"name":"Home","item":"https:\/\/qqpets.com\/"},{"@type":"ListItem","position":2,"name":"Products","item":"https:\/\/qqpets.com\/pet-products-manufacturer\/"},{"@type":"ListItem","position":3,"name":"Dog Blanket"}]},{"@type":"WebSite","@id":"https:\/\/qqpets.com\/#website","url":"https:\/\/qqpets.com\/","name":"QQPETS","description":"QQPETS es una f\u00e1brica de productos para mascotas como arneses para perros, collares para perros, correas para perros y accesorios para perros con un servicio profesional personalizado desde 2005.","publisher":{"@id":"https:\/\/qqpets.com\/#organization"},"potentialAction":[{"@type":"SearchAction","target":{"@type":"EntryPoint","urlTemplate":"https:\/\/qqpets.com\/?s={search_term_string}"},"query-input":{"@type":"PropertyValueSpecification","valueRequired":true,"valueName":"search_term_string"}}],"inLanguage":"es"},{"@type":"Organization","@id":"https:\/\/qqpets.com\/#organization","name":"QQPETS","url":"https:\/\/qqpets.com\/","logo":{"@type":"ImageObject","inLanguage":"es","@id":"https:\/\/qqpets.com\/#\/schema\/logo\/image\/","url":"https:\/\/qqpets.com\/wp-content\/uploads\/2023\/09\/cropped-cropped-qqpets-tiktok.jpg","contentUrl":"https:\/\/qqpets.com\/wp-content\/uploads\/2023\/09\/cropped-cropped-qqpets-tiktok.jpg","width":511,"height":511,"caption":"QQPETS"},"image":{"@id":"https:\/\/qqpets.com\/#\/schema\/logo\/image\/"},"sameAs":["https:\/\/www.facebook.com\/QQpetsdogcollars","https:\/\/www.instagram.com\/qqpetscollar\/","https:\/\/www.pinterest.com\/qqpetsdogcollarsfactory\/"]}]}},"_links":{"self":[{"href":"https:\/\/qqpets.com\/es\/wp-json\/wp\/v2\/product\/9695","targetHints":{"allow":["GET"]}}],"collection":[{"href":"https:\/\/qqpets.com\/es\/wp-json\/wp\/v2\/product"}],"about":[{"href":"https:\/\/qqpets.com\/es\/wp-json\/wp\/v2\/types\/product"}],"wp:featuredmedia":[{"embeddable":true,"href":"https:\/\/qqpets.com\/es\/wp-json\/wp\/v2\/media\/9699"}],"wp:attachment":[{"href":"https:\/\/qqpets.com\/es\/wp-json\/wp\/v2\/media?parent=9695"}],"wp:term":[{"taxonomy":"product_brand","embeddable":true,"href":"https:\/\/qqpets.com\/es\/wp-json\/wp\/v2\/product_brand?post=9695"},{"taxonomy":"product_cat","embeddable":true,"href":"https:\/\/qqpets.com\/es\/wp-json\/wp\/v2\/product_cat?post=9695"},{"taxonomy":"product_tag","embeddable":true,"href":"https:\/\/qqpets.com\/es\/wp-json\/wp\/v2\/product_tag?post=9695"}],"curies":[{"name":"wp","href":"https:\/\/api.w.org\/{rel}","templated":true}]}}