{"id":144,"date":"2023-10-04T15:13:45","date_gmt":"2023-10-04T07:13:45","guid":{"rendered":"https:\/\/qqpets.com\/?post_type=product&#038;p=144"},"modified":"2024-12-12T17:22:40","modified_gmt":"2024-12-12T09:22:40","slug":"qqpets-retractable-dog-leash-with-light-up-2-0","status":"publish","type":"product","link":"https:\/\/qqpets.com\/et\/toode\/qqpets-retractable-dog-leash-with-light-up-2-0\/","title":{"rendered":"QQPETS sisset\u00f5mmatav koerarihm koos Light Up 2.0-ga"},"content":{"rendered":"<p>Tutvustame meie uuenduslikku valgustusega sisset\u00f5mmatavat koerarihma, mis on h\u00e4davajalik lemmikloomaomanikele, kes jalutavad oma koeraga h\u00e4maras. See rihm paistab silma ainulaadse k\u00fclgmise valgusega, mis pakub mitte ainult funktsionaalsust, vaid ka stiilsust. Saate valida kolme re\u017eiimi vahel - kiire vilkumine, aeglane vilkumine ja p\u00fcsiv vilkumine - vastavalt oma n\u00e4htavuse vajadustele ja isiklikule maitsele.<\/p>\n<p>Sisset\u00f5mmatav mehhanism v\u00f5imaldab teie koerale palju vabadust, et uurida, kuni 16 jala pikkune rihm, mida saab vastavalt vajadusele reguleerida. Ergonoomiline k\u00e4epide on disainitud mugavaks pikkade jalutusk\u00e4ikude ajal, tagades kasutusmugavuse s\u00f5ltumata teie v\u00e4ljas\u00f5idu kestusest.<\/p>\n<p>P\u00fcksirihm on valmistatud vastupidavust silmas pidades ning varustatud tugeva mehhanismi ja tugeva n\u00f6\u00f6rimaterjaliga, mis suudab taluda peaaegu iga t\u00f5ugu t\u00f5mmet ja p\u00f5nevust. Integreeritud valguss\u00fcsteem saab toidet akust, mis tagab kauakestva valgustuse ja mugavuse, mida saab h\u00f5lpsasti laadida USB-kaabli kaudu.<\/p>\n<p>See rihm ei ole mitte ainult praktiline, vaid see on elustiili valik neile, kes seavad ohutuse ja stiili esikohale. Olenemata sellest, kas olete \u00f5htusel jalutusk\u00e4igul v\u00f5i varahommikusel jooksuringil, meie sisset\u00f5mmatav koerarihm koos valgusega tagab, et teie koer on n\u00e4htav ja turvaline, samal ajal kui \u00fcmbritsevad tuled loovad meeldiva atmosf\u00e4\u00e4ri, muutes iga jalutusk\u00e4igu nauditavaks kogemuseks.<\/p>\n<p><img fetchpriority=\"high\" decoding=\"async\" class=\"aligncenter wp-image-7656\" src=\"https:\/\/qqpets.com\/wp-content\/uploads\/2023\/10\/Retractable-Dog-Leash-With-Light-2.0-1-300x186.webp\" alt=\"\" width=\"970\" height=\"600\" srcset=\"https:\/\/qqpets.com\/wp-content\/uploads\/2023\/10\/Retractable-Dog-Leash-With-Light-2.0-1-300x186.webp 300w, https:\/\/qqpets.com\/wp-content\/uploads\/2023\/10\/Retractable-Dog-Leash-With-Light-2.0-1-800x495.webp 800w, https:\/\/qqpets.com\/wp-content\/uploads\/2023\/10\/Retractable-Dog-Leash-With-Light-2.0-1-768x475.webp 768w, https:\/\/qqpets.com\/wp-content\/uploads\/2023\/10\/Retractable-Dog-Leash-With-Light-2.0-1.webp 970w\" sizes=\"(max-width: 970px) 100vw, 970px\" \/><\/p>\n<p><img decoding=\"async\" class=\"aligncenter wp-image-7657\" src=\"https:\/\/qqpets.com\/wp-content\/uploads\/2023\/10\/Retractable-Dog-Leash-With-Light-2.0-2-300x186.webp\" alt=\"\" width=\"970\" height=\"600\" srcset=\"https:\/\/qqpets.com\/wp-content\/uploads\/2023\/10\/Retractable-Dog-Leash-With-Light-2.0-2-300x186.webp 300w, https:\/\/qqpets.com\/wp-content\/uploads\/2023\/10\/Retractable-Dog-Leash-With-Light-2.0-2-800x495.webp 800w, https:\/\/qqpets.com\/wp-content\/uploads\/2023\/10\/Retractable-Dog-Leash-With-Light-2.0-2-768x475.webp 768w, https:\/\/qqpets.com\/wp-content\/uploads\/2023\/10\/Retractable-Dog-Leash-With-Light-2.0-2.webp 970w\" sizes=\"(max-width: 970px) 100vw, 970px\" \/><\/p>\n<p><img decoding=\"async\" class=\"aligncenter wp-image-7658\" src=\"https:\/\/qqpets.com\/wp-content\/uploads\/2023\/10\/Retractable-Dog-Leash-With-Light-2.0-3-300x186.webp\" alt=\"\" width=\"970\" height=\"600\" srcset=\"https:\/\/qqpets.com\/wp-content\/uploads\/2023\/10\/Retractable-Dog-Leash-With-Light-2.0-3-300x186.webp 300w, https:\/\/qqpets.com\/wp-content\/uploads\/2023\/10\/Retractable-Dog-Leash-With-Light-2.0-3-800x495.webp 800w, https:\/\/qqpets.com\/wp-content\/uploads\/2023\/10\/Retractable-Dog-Leash-With-Light-2.0-3-768x475.webp 768w, https:\/\/qqpets.com\/wp-content\/uploads\/2023\/10\/Retractable-Dog-Leash-With-Light-2.0-3.webp 970w\" sizes=\"(max-width: 970px) 100vw, 970px\" \/><\/p>\n<p><img loading=\"lazy\" decoding=\"async\" class=\"aligncenter wp-image-7659\" src=\"https:\/\/qqpets.com\/wp-content\/uploads\/2023\/10\/Retractable-Dog-Leash-With-Light-2.0-4-300x186.webp\" alt=\"\" width=\"970\" height=\"600\" srcset=\"https:\/\/qqpets.com\/wp-content\/uploads\/2023\/10\/Retractable-Dog-Leash-With-Light-2.0-4-300x186.webp 300w, https:\/\/qqpets.com\/wp-content\/uploads\/2023\/10\/Retractable-Dog-Leash-With-Light-2.0-4-800x495.webp 800w, https:\/\/qqpets.com\/wp-content\/uploads\/2023\/10\/Retractable-Dog-Leash-With-Light-2.0-4-768x475.webp 768w, https:\/\/qqpets.com\/wp-content\/uploads\/2023\/10\/Retractable-Dog-Leash-With-Light-2.0-4.webp 970w\" sizes=\"(max-width: 970px) 100vw, 970px\" \/><\/p>\n<p><img loading=\"lazy\" decoding=\"async\" class=\"aligncenter wp-image-7660\" src=\"https:\/\/qqpets.com\/wp-content\/uploads\/2023\/10\/Retractable-Dog-Leash-With-Light-2.0-5-300x186.webp\" alt=\"\" width=\"970\" height=\"600\" srcset=\"https:\/\/qqpets.com\/wp-content\/uploads\/2023\/10\/Retractable-Dog-Leash-With-Light-2.0-5-300x186.webp 300w, https:\/\/qqpets.com\/wp-content\/uploads\/2023\/10\/Retractable-Dog-Leash-With-Light-2.0-5-800x495.webp 800w, https:\/\/qqpets.com\/wp-content\/uploads\/2023\/10\/Retractable-Dog-Leash-With-Light-2.0-5-768x475.webp 768w, https:\/\/qqpets.com\/wp-content\/uploads\/2023\/10\/Retractable-Dog-Leash-With-Light-2.0-5.webp 970w\" sizes=\"(max-width: 970px) 100vw, 970px\" \/><\/p>\n<p><img loading=\"lazy\" decoding=\"async\" class=\"aligncenter wp-image-7662\" src=\"https:\/\/qqpets.com\/wp-content\/uploads\/2023\/10\/Retractable-Dog-Leash-With-Light-2.0-7-300x186.webp\" alt=\"\" width=\"970\" height=\"600\" srcset=\"https:\/\/qqpets.com\/wp-content\/uploads\/2023\/10\/Retractable-Dog-Leash-With-Light-2.0-7-300x186.webp 300w, https:\/\/qqpets.com\/wp-content\/uploads\/2023\/10\/Retractable-Dog-Leash-With-Light-2.0-7-800x495.webp 800w, https:\/\/qqpets.com\/wp-content\/uploads\/2023\/10\/Retractable-Dog-Leash-With-Light-2.0-7-768x475.webp 768w, https:\/\/qqpets.com\/wp-content\/uploads\/2023\/10\/Retractable-Dog-Leash-With-Light-2.0-7.webp 970w\" sizes=\"(max-width: 970px) 100vw, 970px\" \/><\/p>","protected":false},"excerpt":{"rendered":"<p>Parandage \u00f5htuseid jalutusk\u00e4ike meie sisset\u00f5mmatava koerarihma ja valgusega, millel on ainulaadne k\u00fclgmine valgustus. See rihm pakub kolme valgusv\u00e4rvi ja -re\u017eiimi - kiire vilkumine, aeglane vilkumine ja p\u00fcsiv valgus -, et tagada n\u00e4htavus ja turvalisus. Selle sisset\u00f5mmatav disain pakub teie koerale vabadust, s\u00e4ilitades samal ajal kontrolli. See sobib ideaalselt \u00f6iseks kasutamiseks ning \u00fchendab funktsionaalsuse stiilse ja moodsa v\u00e4limusega, tagades, et jalutusk\u00e4igud on turvalised ja nauditavad.<\/p>\n<p>1. 360-kraadine p\u00f6\u00f6rlemine, et v\u00e4ltida trossi takerdumist.<br \/>\n2. Esiosa suure heledusega LED valgus, turvalisem koera jalutamiseks \u00f6\u00f6sel<br \/>\n3. Kahepoolsed jahedad RGB-tuled, mis on sotsiaalsete tegevuste jaoks silmatorkavamad<br \/>\n4. Vajutage, et peatada, l\u00fckake lukustamiseks ettepoole, lihtsam koeraga jalutada<br \/>\n5. Toetage laadimisfunktsiooni, mida on lihtne kaasas kanda<\/p>","protected":false},"featured_media":7560,"template":"","meta":[],"product_brand":[],"product_cat":[27,21],"product_tag":[22],"class_list":{"0":"post-144","1":"product","2":"type-product","3":"status-publish","4":"has-post-thumbnail","6":"product_cat-dog-leash","7":"product_cat-led-product","8":"product_tag-led-leash","10":"first","11":"instock","12":"shipping-taxable","13":"product-type-simple"},"yoast_head":"<!-- This site is optimized with the Yoast SEO plugin v26.6 - https:\/\/yoast.com\/wordpress\/plugins\/seo\/ -->\n<title>QQPETS Retractable Dog Leash With Light Up 2.0 | QQPETS<\/title>\n<meta name=\"description\" content=\"Explore our unique Retractable Dog Leash with ambient side lights. Multiple colors &amp; modes for safety. Shop now!\" \/>\n<meta name=\"robots\" content=\"index, follow, max-snippet:-1, max-image-preview:large, max-video-preview:-1\" \/>\n<link rel=\"canonical\" href=\"https:\/\/qqpets.com\/et\/toode\/qqpets-retractable-dog-leash-with-light-up-2-0\/\" \/>\n<meta property=\"og:locale\" content=\"et_EE\" \/>\n<meta property=\"og:type\" content=\"article\" \/>\n<meta property=\"og:title\" content=\"QQPETS Retractable Dog Leash With Light Up 2.0 | QQPETS\" \/>\n<meta property=\"og:description\" content=\"Explore our unique Retractable Dog Leash with ambient side lights. Multiple colors &amp; modes for safety. Shop now!\" \/>\n<meta property=\"og:url\" content=\"https:\/\/qqpets.com\/et\/toode\/qqpets-retractable-dog-leash-with-light-up-2-0\/\" \/>\n<meta property=\"og:site_name\" content=\"QQPETS\" \/>\n<meta property=\"article:publisher\" content=\"https:\/\/www.facebook.com\/QQpetsdogcollars\" \/>\n<meta property=\"article:modified_time\" content=\"2024-12-12T09:22:40+00:00\" \/>\n<meta property=\"og:image\" content=\"https:\/\/qqpets.com\/wp-content\/uploads\/2023\/10\/1.retractable-dog-leash.webp\" \/>\n\t<meta property=\"og:image:width\" content=\"1600\" \/>\n\t<meta property=\"og:image:height\" content=\"1600\" \/>\n\t<meta property=\"og:image:type\" content=\"image\/webp\" \/>\n<meta name=\"twitter:card\" content=\"summary_large_image\" \/>\n<meta name=\"twitter:label1\" content=\"Est. reading time\" \/>\n\t<meta name=\"twitter:data1\" content=\"3 minutit\" \/>\n<script type=\"application\/ld+json\" class=\"yoast-schema-graph\">{\"@context\":\"https:\/\/schema.org\",\"@graph\":[{\"@type\":\"WebPage\",\"@id\":\"https:\/\/qqpets.com\/product\/qqpets-retractable-dog-leash-with-light-up-2-0\/\",\"url\":\"https:\/\/qqpets.com\/product\/qqpets-retractable-dog-leash-with-light-up-2-0\/\",\"name\":\"QQPETS Retractable Dog Leash With Light Up 2.0 | QQPETS\",\"isPartOf\":{\"@id\":\"https:\/\/qqpets.com\/#website\"},\"primaryImageOfPage\":{\"@id\":\"https:\/\/qqpets.com\/product\/qqpets-retractable-dog-leash-with-light-up-2-0\/#primaryimage\"},\"image\":{\"@id\":\"https:\/\/qqpets.com\/product\/qqpets-retractable-dog-leash-with-light-up-2-0\/#primaryimage\"},\"thumbnailUrl\":\"https:\/\/qqpets.com\/wp-content\/uploads\/2023\/10\/1.retractable-dog-leash.webp\",\"datePublished\":\"2023-10-04T07:13:45+00:00\",\"dateModified\":\"2024-12-12T09:22:40+00:00\",\"description\":\"Explore our unique Retractable Dog Leash with ambient side lights. Multiple colors & modes for safety. Shop now!\",\"breadcrumb\":{\"@id\":\"https:\/\/qqpets.com\/product\/qqpets-retractable-dog-leash-with-light-up-2-0\/#breadcrumb\"},\"inLanguage\":\"et\",\"potentialAction\":[{\"@type\":\"ReadAction\",\"target\":[\"https:\/\/qqpets.com\/product\/qqpets-retractable-dog-leash-with-light-up-2-0\/\"]}]},{\"@type\":\"ImageObject\",\"inLanguage\":\"et\",\"@id\":\"https:\/\/qqpets.com\/product\/qqpets-retractable-dog-leash-with-light-up-2-0\/#primaryimage\",\"url\":\"https:\/\/qqpets.com\/wp-content\/uploads\/2023\/10\/1.retractable-dog-leash.webp\",\"contentUrl\":\"https:\/\/qqpets.com\/wp-content\/uploads\/2023\/10\/1.retractable-dog-leash.webp\",\"width\":1600,\"height\":1600},{\"@type\":\"BreadcrumbList\",\"@id\":\"https:\/\/qqpets.com\/product\/qqpets-retractable-dog-leash-with-light-up-2-0\/#breadcrumb\",\"itemListElement\":[{\"@type\":\"ListItem\",\"position\":1,\"name\":\"Home\",\"item\":\"https:\/\/qqpets.com\/\"},{\"@type\":\"ListItem\",\"position\":2,\"name\":\"Products\",\"item\":\"https:\/\/qqpets.com\/pet-products-manufacturer\/\"},{\"@type\":\"ListItem\",\"position\":3,\"name\":\"QQPETS Retractable Dog Leash With Light Up 2.0\"}]},{\"@type\":\"WebSite\",\"@id\":\"https:\/\/qqpets.com\/#website\",\"url\":\"https:\/\/qqpets.com\/\",\"name\":\"QQPETS\",\"description\":\"QQPETS is a pet products factory for dog harnesses, dog collars, dog leashes and dog accessories with professional customized service since 2005.\",\"publisher\":{\"@id\":\"https:\/\/qqpets.com\/#organization\"},\"potentialAction\":[{\"@type\":\"SearchAction\",\"target\":{\"@type\":\"EntryPoint\",\"urlTemplate\":\"https:\/\/qqpets.com\/?s={search_term_string}\"},\"query-input\":{\"@type\":\"PropertyValueSpecification\",\"valueRequired\":true,\"valueName\":\"search_term_string\"}}],\"inLanguage\":\"et\"},{\"@type\":\"Organization\",\"@id\":\"https:\/\/qqpets.com\/#organization\",\"name\":\"QQPETS\",\"url\":\"https:\/\/qqpets.com\/\",\"logo\":{\"@type\":\"ImageObject\",\"inLanguage\":\"et\",\"@id\":\"https:\/\/qqpets.com\/#\/schema\/logo\/image\/\",\"url\":\"https:\/\/qqpets.com\/wp-content\/uploads\/2023\/09\/cropped-cropped-qqpets-tiktok.jpg\",\"contentUrl\":\"https:\/\/qqpets.com\/wp-content\/uploads\/2023\/09\/cropped-cropped-qqpets-tiktok.jpg\",\"width\":511,\"height\":511,\"caption\":\"QQPETS\"},\"image\":{\"@id\":\"https:\/\/qqpets.com\/#\/schema\/logo\/image\/\"},\"sameAs\":[\"https:\/\/www.facebook.com\/QQpetsdogcollars\",\"https:\/\/www.instagram.com\/qqpetscollar\/\",\"https:\/\/www.pinterest.com\/qqpetsdogcollarsfactory\/\"]}]}<\/script>\n<!-- \/ Yoast SEO plugin. -->","yoast_head_json":{"title":"QQPETS sisset\u00f5mmatav koerarihm Light Up 2.0 | QQPETS","description":"Tutvu meie ainulaadse sisset\u00f5mmatava koerarihmaga, millel on \u00fcmbritsevad k\u00fcljetuled. Mitu v\u00e4rvi ja re\u017eiimi ohutuse tagamiseks. Osta n\u00fc\u00fcd!","robots":{"index":"index","follow":"follow","max-snippet":"max-snippet:-1","max-image-preview":"max-image-preview:large","max-video-preview":"max-video-preview:-1"},"canonical":"https:\/\/qqpets.com\/et\/toode\/qqpets-retractable-dog-leash-with-light-up-2-0\/","og_locale":"et_EE","og_type":"article","og_title":"QQPETS Retractable Dog Leash With Light Up 2.0 | QQPETS","og_description":"Explore our unique Retractable Dog Leash with ambient side lights. Multiple colors & modes for safety. Shop now!","og_url":"https:\/\/qqpets.com\/et\/toode\/qqpets-retractable-dog-leash-with-light-up-2-0\/","og_site_name":"QQPETS","article_publisher":"https:\/\/www.facebook.com\/QQpetsdogcollars","article_modified_time":"2024-12-12T09:22:40+00:00","og_image":[{"width":1600,"height":1600,"url":"https:\/\/qqpets.com\/wp-content\/uploads\/2023\/10\/1.retractable-dog-leash.webp","type":"image\/webp"}],"twitter_card":"summary_large_image","twitter_misc":{"Est. reading time":"3 minutit"},"schema":{"@context":"https:\/\/schema.org","@graph":[{"@type":"WebPage","@id":"https:\/\/qqpets.com\/product\/qqpets-retractable-dog-leash-with-light-up-2-0\/","url":"https:\/\/qqpets.com\/product\/qqpets-retractable-dog-leash-with-light-up-2-0\/","name":"QQPETS sisset\u00f5mmatav koerarihm Light Up 2.0 | QQPETS","isPartOf":{"@id":"https:\/\/qqpets.com\/#website"},"primaryImageOfPage":{"@id":"https:\/\/qqpets.com\/product\/qqpets-retractable-dog-leash-with-light-up-2-0\/#primaryimage"},"image":{"@id":"https:\/\/qqpets.com\/product\/qqpets-retractable-dog-leash-with-light-up-2-0\/#primaryimage"},"thumbnailUrl":"https:\/\/qqpets.com\/wp-content\/uploads\/2023\/10\/1.retractable-dog-leash.webp","datePublished":"2023-10-04T07:13:45+00:00","dateModified":"2024-12-12T09:22:40+00:00","description":"Tutvu meie ainulaadse sisset\u00f5mmatava koerarihmaga, millel on \u00fcmbritsevad k\u00fcljetuled. Mitu v\u00e4rvi ja re\u017eiimi ohutuse tagamiseks. Osta n\u00fc\u00fcd!","breadcrumb":{"@id":"https:\/\/qqpets.com\/product\/qqpets-retractable-dog-leash-with-light-up-2-0\/#breadcrumb"},"inLanguage":"et","potentialAction":[{"@type":"ReadAction","target":["https:\/\/qqpets.com\/product\/qqpets-retractable-dog-leash-with-light-up-2-0\/"]}]},{"@type":"ImageObject","inLanguage":"et","@id":"https:\/\/qqpets.com\/product\/qqpets-retractable-dog-leash-with-light-up-2-0\/#primaryimage","url":"https:\/\/qqpets.com\/wp-content\/uploads\/2023\/10\/1.retractable-dog-leash.webp","contentUrl":"https:\/\/qqpets.com\/wp-content\/uploads\/2023\/10\/1.retractable-dog-leash.webp","width":1600,"height":1600},{"@type":"BreadcrumbList","@id":"https:\/\/qqpets.com\/product\/qqpets-retractable-dog-leash-with-light-up-2-0\/#breadcrumb","itemListElement":[{"@type":"ListItem","position":1,"name":"Home","item":"https:\/\/qqpets.com\/"},{"@type":"ListItem","position":2,"name":"Products","item":"https:\/\/qqpets.com\/pet-products-manufacturer\/"},{"@type":"ListItem","position":3,"name":"QQPETS Retractable Dog Leash With Light Up 2.0"}]},{"@type":"WebSite","@id":"https:\/\/qqpets.com\/#website","url":"https:\/\/qqpets.com\/","name":"QQPETS","description":"QQPETS on lemmikloomatoodete tehas koerte rakmete, koerte kaelarihmade, koerte rihmade ja koerte tarvikute jaoks, mis pakub professionaalset kohandatud teenust alates 2005. aastast.","publisher":{"@id":"https:\/\/qqpets.com\/#organization"},"potentialAction":[{"@type":"SearchAction","target":{"@type":"EntryPoint","urlTemplate":"https:\/\/qqpets.com\/?s={search_term_string}"},"query-input":{"@type":"PropertyValueSpecification","valueRequired":true,"valueName":"search_term_string"}}],"inLanguage":"et"},{"@type":"Organization","@id":"https:\/\/qqpets.com\/#organization","name":"QQPETS","url":"https:\/\/qqpets.com\/","logo":{"@type":"ImageObject","inLanguage":"et","@id":"https:\/\/qqpets.com\/#\/schema\/logo\/image\/","url":"https:\/\/qqpets.com\/wp-content\/uploads\/2023\/09\/cropped-cropped-qqpets-tiktok.jpg","contentUrl":"https:\/\/qqpets.com\/wp-content\/uploads\/2023\/09\/cropped-cropped-qqpets-tiktok.jpg","width":511,"height":511,"caption":"QQPETS"},"image":{"@id":"https:\/\/qqpets.com\/#\/schema\/logo\/image\/"},"sameAs":["https:\/\/www.facebook.com\/QQpetsdogcollars","https:\/\/www.instagram.com\/qqpetscollar\/","https:\/\/www.pinterest.com\/qqpetsdogcollarsfactory\/"]}]}},"_links":{"self":[{"href":"https:\/\/qqpets.com\/et\/wp-json\/wp\/v2\/product\/144","targetHints":{"allow":["GET"]}}],"collection":[{"href":"https:\/\/qqpets.com\/et\/wp-json\/wp\/v2\/product"}],"about":[{"href":"https:\/\/qqpets.com\/et\/wp-json\/wp\/v2\/types\/product"}],"wp:featuredmedia":[{"embeddable":true,"href":"https:\/\/qqpets.com\/et\/wp-json\/wp\/v2\/media\/7560"}],"wp:attachment":[{"href":"https:\/\/qqpets.com\/et\/wp-json\/wp\/v2\/media?parent=144"}],"wp:term":[{"taxonomy":"product_brand","embeddable":true,"href":"https:\/\/qqpets.com\/et\/wp-json\/wp\/v2\/product_brand?post=144"},{"taxonomy":"product_cat","embeddable":true,"href":"https:\/\/qqpets.com\/et\/wp-json\/wp\/v2\/product_cat?post=144"},{"taxonomy":"product_tag","embeddable":true,"href":"https:\/\/qqpets.com\/et\/wp-json\/wp\/v2\/product_tag?post=144"}],"curies":[{"name":"wp","href":"https:\/\/api.w.org\/{rel}","templated":true}]}}