{"id":4950,"date":"2024-03-14T10:00:15","date_gmt":"2024-03-14T02:00:15","guid":{"rendered":"https:\/\/qqpets.com\/?post_type=product&#038;p=4950"},"modified":"2024-11-11T15:15:16","modified_gmt":"2024-11-11T07:15:16","slug":"hands-free-no-pull-dog-leash","status":"publish","type":"product","link":"https:\/\/qqpets.com\/et\/toode\/hands-free-no-pull-dog-leash\/","title":{"rendered":"K\u00e4ed vaba ilma t\u00f5mbeta koerarihm"},"content":{"rendered":"<p>Suurendage oma lemmiklooma turvalisust ja teie enda mugavust meie uuendusliku k\u00e4ed-vabad koerarihma abil jalutamiseks ja jooksmiseks, millel on integreeritud turvav\u00f6\u00f6 ja l\u00f6\u00f6ki neelav pael. See multifunktsionaalne rihm v\u00f5imaldab teil s\u00e4ilitada aktiivset elustiili, tagades samal ajal teie lemmiklooma turvalisuse ja mugavuse mis tahes tegevuse ajal - olgu te siis pargis jooksmas v\u00f5i s\u00f5itmas j\u00e4rgmisele seiklusele.<\/p>\n<p>Selle rihma peamine omadus on selle elastsus t\u00e4nu l\u00f6\u00f6ki neelavale bungee'le, mis takistab t\u00f5mbumist ja t\u00f5mblemist, v\u00e4hendades nii teie lemmiklooma kui ka teie koormust. See l\u00e4heb sujuvalt \u00fcle jalutus- ja jooksutarvikust auto turvav\u00f6\u00f6ks, kinnitades teie lemmiklooma kindlalt s\u00f5idu ajal ja v\u00e4hendades t\u00e4helepanu hajutamist, et muuta s\u00f5itmine ohutumaks.<\/p>\n<p>Meie praktilisust silmas pidades on meie rihm varustatud k\u00e4edeta v\u00f6\u00f6kohav\u00f6\u00f6ga, mis sobib erinevatele suurustele, v\u00f5imaldades teil vabalt joosta, k\u00f5ndida v\u00f5i liikuda, ilma et peaksite rihmast kinni hoidma. Rihma helkur\u00f5mblused tagavad hea n\u00e4htavuse h\u00e4marates tingimustes, suurendades ohutust varahommikustel v\u00f5i \u00f5htustel jalutusk\u00e4ikudel.<\/p>\n<p>Tugevatest ja ilmastikukindlatest materjalidest valmistatud rihm peab vastu nii v\u00e4litingimustes kui ka igap\u00e4evastel s\u00f5itudel. Selle universaalne \u00fchilduvus enamiku s\u00f5idukite turvav\u00f6\u00f6s\u00fcsteemidega muudab paigaldamise kiireks ja muretuteks, tagades, et olete kohe valmis s\u00f5itma.<\/p>\n<p>Olenemata sellest, kas olete innukas jooksja, igap\u00e4evane pendeldaja v\u00f5i keegi, kes armastab pikki matku koos oma koeraga, meie auto turvav\u00f6\u00f6 ja l\u00f6\u00f6gisummutusega k\u00e4ed-vabad koerarihm on ideaalne valik ohutustundlikele lemmikloomaomanikele, kes keelduvad kompromisse tegemast funktsionaalsuse ja stiili osas.<\/p>\n<h6><strong>Kas paelarihmad on koertele head?<\/strong><\/h6>\n<p>P\u00fcksirihmad v\u00f5ivad olla koertele kasulikud, kuna need v\u00e4hendavad j\u00e4rskudest liigutustest ja t\u00f5mbamisest tulenevat \u0161okki, muutes jalutusk\u00e4igud nii koera kui ka omaniku jaoks mugavamaks. Siiski ei pruugi need sobida v\u00e4ga tugevatele v\u00f5i reageerimisv\u00f5imelistele koertele, kuna nende elastsus v\u00f5ib soodustada t\u00f5mbamist.<\/p>\n<h6><strong>Kuidas kasutada koerajuppi?<\/strong><\/h6>\n<p>Kinnitage p\u00fcksirihma klamber koera rakmete v\u00f5i kaelarihma k\u00fclge. Hoidke k\u00e4epidemest kindlalt kinni, v\u00f5imaldades bungee-osal jalutusk\u00e4igu ajal l\u00f6\u00f6kide ja t\u00f5mbetulemuste summutamist. See on eriti kasulik jooksmisel v\u00f5i matkamisel, kus v\u00f5ib tekkida ootamatuid t\u00f5mblusi.<\/p>\n<h6><strong>Millise pikkusega rihm koeraga jooksmiseks?<\/strong><\/h6>\n<p>Tavaliselt soovitatakse jooksmiseks umbes 4 kuni 6 jala pikkust rihma, mis pakub piisavalt ruumi mugava sammupikkuse jaoks, kuid on piisavalt l\u00fchike, et s\u00e4ilitada kontroll koera \u00fcle.<\/p>\n<h6><strong>Kas paelarihmad l\u00f5petavad t\u00f5mbamise?<\/strong><\/h6>\n<p>Ei, paelarihmad ei l\u00f5peta t\u00f5mbamist. Nad v\u00f5ivad oma elastse olemuse t\u00f5ttu v\u00e4hendada t\u00f5mbamise m\u00f5ju, kuid nad ei takista k\u00e4itumist.<\/p>\n<h6><strong>Milline rihm on parim koerale, kes t\u00f5mbab?<\/strong><\/h6>\n<p>T\u00f5mbleva koera puhul on parim t\u00f5mbevaba rakmed koos tugeva, mitteelastse rihmaga. Rakmed takistavad t\u00f5mbamist, suunates koera tagasi teie poole, samal ajal kui stabiilne rihm tagab kontrolli, ilma et ta venitades t\u00f5mbamist soodustaks.<\/p>","protected":false},"excerpt":{"rendered":"<p>Muuda oma v\u00e4ljas\u00f5idud meie k\u00e4ed-vabad koerarihma abil, mis on varustatud turvav\u00f6\u00f6 ja l\u00f6\u00f6giabsorbeeriva paelaga. See on ideaalne jalutusk\u00e4iguks, jooksmiseks v\u00f5i autos\u00f5iduks ning tagab teie lemmiklooma ohutuse, pakkudes samal ajal liikumisvabadust. Reguleeritav, helkuriga rihm suurendab n\u00e4htavust ja paindlikkust, mist\u00f5ttu sobib see ideaalselt kasutamiseks nii p\u00e4eval kui ka \u00f6\u00f6sel. See on valmistatud vastupidavast ja kvaliteetsest materjalist ning on m\u00f5eldud aktiivsele lemmikloomaomanikule, kes otsib mugavust, ilma et see ohustaks ohutust. Seda rihma on lihtne kasutada ja see sobib universaalselt enamiku s\u00f5idukitega, mist\u00f5ttu on iga reis koos lemmikloomaga imelihtne.<\/p>","protected":false},"featured_media":4951,"template":"","meta":[],"product_brand":[],"product_cat":[27],"product_tag":[],"class_list":{"0":"post-4950","1":"product","2":"type-product","3":"status-publish","4":"has-post-thumbnail","6":"product_cat-dog-leash","7":"pa_brand-qqpets","9":"first","10":"instock","11":"shipping-taxable","12":"product-type-simple"},"yoast_head":"<!-- This site is optimized with the Yoast SEO plugin v26.6 - https:\/\/yoast.com\/wordpress\/plugins\/seo\/ -->\n<title>Hands Free No Pull Dog Leash | QQPETS<\/title>\n<meta name=\"description\" content=\"Shop our Hands Free Dog Leash with Car Seat Belt for safe, shock-absorbing walks and runs. Perfect for active pet owners!\" \/>\n<meta name=\"robots\" content=\"index, follow, max-snippet:-1, max-image-preview:large, max-video-preview:-1\" \/>\n<link rel=\"canonical\" href=\"https:\/\/qqpets.com\/et\/toode\/hands-free-no-pull-dog-leash\/\" \/>\n<meta property=\"og:locale\" content=\"et_EE\" \/>\n<meta property=\"og:type\" content=\"article\" \/>\n<meta property=\"og:title\" content=\"Hands Free No Pull Dog Leash | QQPETS\" \/>\n<meta property=\"og:description\" content=\"Shop our Hands Free Dog Leash with Car Seat Belt for safe, shock-absorbing walks and runs. Perfect for active pet owners!\" \/>\n<meta property=\"og:url\" content=\"https:\/\/qqpets.com\/et\/toode\/hands-free-no-pull-dog-leash\/\" \/>\n<meta property=\"og:site_name\" content=\"QQPETS\" \/>\n<meta property=\"article:publisher\" content=\"https:\/\/www.facebook.com\/QQpetsdogcollars\" \/>\n<meta property=\"article:modified_time\" content=\"2024-11-11T07:15:16+00:00\" \/>\n<meta property=\"og:image\" content=\"https:\/\/qqpets.com\/wp-content\/uploads\/2024\/03\/1.webp\" \/>\n\t<meta property=\"og:image:width\" content=\"1000\" \/>\n\t<meta property=\"og:image:height\" content=\"1000\" \/>\n\t<meta property=\"og:image:type\" content=\"image\/webp\" \/>\n<meta name=\"twitter:card\" content=\"summary_large_image\" \/>\n<meta name=\"twitter:label1\" content=\"Est. reading time\" \/>\n\t<meta name=\"twitter:data1\" content=\"3 minutit\" \/>\n<script type=\"application\/ld+json\" class=\"yoast-schema-graph\">{\"@context\":\"https:\/\/schema.org\",\"@graph\":[{\"@type\":\"WebPage\",\"@id\":\"https:\/\/qqpets.com\/product\/hands-free-no-pull-dog-leash\/\",\"url\":\"https:\/\/qqpets.com\/product\/hands-free-no-pull-dog-leash\/\",\"name\":\"Hands Free No Pull Dog Leash | QQPETS\",\"isPartOf\":{\"@id\":\"https:\/\/qqpets.com\/#website\"},\"primaryImageOfPage\":{\"@id\":\"https:\/\/qqpets.com\/product\/hands-free-no-pull-dog-leash\/#primaryimage\"},\"image\":{\"@id\":\"https:\/\/qqpets.com\/product\/hands-free-no-pull-dog-leash\/#primaryimage\"},\"thumbnailUrl\":\"https:\/\/qqpets.com\/wp-content\/uploads\/2024\/03\/1.webp\",\"datePublished\":\"2024-03-14T02:00:15+00:00\",\"dateModified\":\"2024-11-11T07:15:16+00:00\",\"description\":\"Shop our Hands Free Dog Leash with Car Seat Belt for safe, shock-absorbing walks and runs. Perfect for active pet owners!\",\"breadcrumb\":{\"@id\":\"https:\/\/qqpets.com\/product\/hands-free-no-pull-dog-leash\/#breadcrumb\"},\"inLanguage\":\"et\",\"potentialAction\":[{\"@type\":\"ReadAction\",\"target\":[\"https:\/\/qqpets.com\/product\/hands-free-no-pull-dog-leash\/\"]}]},{\"@type\":\"ImageObject\",\"inLanguage\":\"et\",\"@id\":\"https:\/\/qqpets.com\/product\/hands-free-no-pull-dog-leash\/#primaryimage\",\"url\":\"https:\/\/qqpets.com\/wp-content\/uploads\/2024\/03\/1.webp\",\"contentUrl\":\"https:\/\/qqpets.com\/wp-content\/uploads\/2024\/03\/1.webp\",\"width\":1000,\"height\":1000,\"caption\":\"car sear belt bungee dog leash\"},{\"@type\":\"BreadcrumbList\",\"@id\":\"https:\/\/qqpets.com\/product\/hands-free-no-pull-dog-leash\/#breadcrumb\",\"itemListElement\":[{\"@type\":\"ListItem\",\"position\":1,\"name\":\"Home\",\"item\":\"https:\/\/qqpets.com\/\"},{\"@type\":\"ListItem\",\"position\":2,\"name\":\"Products\",\"item\":\"https:\/\/qqpets.com\/pet-products-manufacturer\/\"},{\"@type\":\"ListItem\",\"position\":3,\"name\":\"Hands Free No Pull Dog Leash\"}]},{\"@type\":\"WebSite\",\"@id\":\"https:\/\/qqpets.com\/#website\",\"url\":\"https:\/\/qqpets.com\/\",\"name\":\"QQPETS\",\"description\":\"QQPETS is a pet products factory for dog harnesses, dog collars, dog leashes and dog accessories with professional customized service since 2005.\",\"publisher\":{\"@id\":\"https:\/\/qqpets.com\/#organization\"},\"potentialAction\":[{\"@type\":\"SearchAction\",\"target\":{\"@type\":\"EntryPoint\",\"urlTemplate\":\"https:\/\/qqpets.com\/?s={search_term_string}\"},\"query-input\":{\"@type\":\"PropertyValueSpecification\",\"valueRequired\":true,\"valueName\":\"search_term_string\"}}],\"inLanguage\":\"et\"},{\"@type\":\"Organization\",\"@id\":\"https:\/\/qqpets.com\/#organization\",\"name\":\"QQPETS\",\"url\":\"https:\/\/qqpets.com\/\",\"logo\":{\"@type\":\"ImageObject\",\"inLanguage\":\"et\",\"@id\":\"https:\/\/qqpets.com\/#\/schema\/logo\/image\/\",\"url\":\"https:\/\/qqpets.com\/wp-content\/uploads\/2023\/09\/cropped-cropped-qqpets-tiktok.jpg\",\"contentUrl\":\"https:\/\/qqpets.com\/wp-content\/uploads\/2023\/09\/cropped-cropped-qqpets-tiktok.jpg\",\"width\":511,\"height\":511,\"caption\":\"QQPETS\"},\"image\":{\"@id\":\"https:\/\/qqpets.com\/#\/schema\/logo\/image\/\"},\"sameAs\":[\"https:\/\/www.facebook.com\/QQpetsdogcollars\",\"https:\/\/www.instagram.com\/qqpetscollar\/\",\"https:\/\/www.pinterest.com\/qqpetsdogcollarsfactory\/\"]}]}<\/script>\n<!-- \/ Yoast SEO plugin. -->","yoast_head_json":{"title":"K\u00e4ed vabad koerarihm | QQPETS","description":"Osta meie auto turvav\u00f6\u00f6ga varustatud k\u00e4ed-vabad koerarihmad turvalisteks, l\u00f6\u00f6giabsorbeerivateks jalutusk\u00e4ikudeks ja jooksudeks. Ideaalne aktiivsetele lemmikloomaomanikele!","robots":{"index":"index","follow":"follow","max-snippet":"max-snippet:-1","max-image-preview":"max-image-preview:large","max-video-preview":"max-video-preview:-1"},"canonical":"https:\/\/qqpets.com\/et\/toode\/hands-free-no-pull-dog-leash\/","og_locale":"et_EE","og_type":"article","og_title":"Hands Free No Pull Dog Leash | QQPETS","og_description":"Shop our Hands Free Dog Leash with Car Seat Belt for safe, shock-absorbing walks and runs. Perfect for active pet owners!","og_url":"https:\/\/qqpets.com\/et\/toode\/hands-free-no-pull-dog-leash\/","og_site_name":"QQPETS","article_publisher":"https:\/\/www.facebook.com\/QQpetsdogcollars","article_modified_time":"2024-11-11T07:15:16+00:00","og_image":[{"width":1000,"height":1000,"url":"https:\/\/qqpets.com\/wp-content\/uploads\/2024\/03\/1.webp","type":"image\/webp"}],"twitter_card":"summary_large_image","twitter_misc":{"Est. reading time":"3 minutit"},"schema":{"@context":"https:\/\/schema.org","@graph":[{"@type":"WebPage","@id":"https:\/\/qqpets.com\/product\/hands-free-no-pull-dog-leash\/","url":"https:\/\/qqpets.com\/product\/hands-free-no-pull-dog-leash\/","name":"K\u00e4ed vabad koerarihm | QQPETS","isPartOf":{"@id":"https:\/\/qqpets.com\/#website"},"primaryImageOfPage":{"@id":"https:\/\/qqpets.com\/product\/hands-free-no-pull-dog-leash\/#primaryimage"},"image":{"@id":"https:\/\/qqpets.com\/product\/hands-free-no-pull-dog-leash\/#primaryimage"},"thumbnailUrl":"https:\/\/qqpets.com\/wp-content\/uploads\/2024\/03\/1.webp","datePublished":"2024-03-14T02:00:15+00:00","dateModified":"2024-11-11T07:15:16+00:00","description":"Osta meie auto turvav\u00f6\u00f6ga varustatud k\u00e4ed-vabad koerarihmad turvalisteks, l\u00f6\u00f6giabsorbeerivateks jalutusk\u00e4ikudeks ja jooksudeks. Ideaalne aktiivsetele lemmikloomaomanikele!","breadcrumb":{"@id":"https:\/\/qqpets.com\/product\/hands-free-no-pull-dog-leash\/#breadcrumb"},"inLanguage":"et","potentialAction":[{"@type":"ReadAction","target":["https:\/\/qqpets.com\/product\/hands-free-no-pull-dog-leash\/"]}]},{"@type":"ImageObject","inLanguage":"et","@id":"https:\/\/qqpets.com\/product\/hands-free-no-pull-dog-leash\/#primaryimage","url":"https:\/\/qqpets.com\/wp-content\/uploads\/2024\/03\/1.webp","contentUrl":"https:\/\/qqpets.com\/wp-content\/uploads\/2024\/03\/1.webp","width":1000,"height":1000,"caption":"car sear belt bungee dog leash"},{"@type":"BreadcrumbList","@id":"https:\/\/qqpets.com\/product\/hands-free-no-pull-dog-leash\/#breadcrumb","itemListElement":[{"@type":"ListItem","position":1,"name":"Home","item":"https:\/\/qqpets.com\/"},{"@type":"ListItem","position":2,"name":"Products","item":"https:\/\/qqpets.com\/pet-products-manufacturer\/"},{"@type":"ListItem","position":3,"name":"Hands Free No Pull Dog Leash"}]},{"@type":"WebSite","@id":"https:\/\/qqpets.com\/#website","url":"https:\/\/qqpets.com\/","name":"QQPETS","description":"QQPETS on lemmikloomatoodete tehas koerte rakmete, koerte kaelarihmade, koerte rihmade ja koerte tarvikute jaoks, mis pakub professionaalset kohandatud teenust alates 2005. aastast.","publisher":{"@id":"https:\/\/qqpets.com\/#organization"},"potentialAction":[{"@type":"SearchAction","target":{"@type":"EntryPoint","urlTemplate":"https:\/\/qqpets.com\/?s={search_term_string}"},"query-input":{"@type":"PropertyValueSpecification","valueRequired":true,"valueName":"search_term_string"}}],"inLanguage":"et"},{"@type":"Organization","@id":"https:\/\/qqpets.com\/#organization","name":"QQPETS","url":"https:\/\/qqpets.com\/","logo":{"@type":"ImageObject","inLanguage":"et","@id":"https:\/\/qqpets.com\/#\/schema\/logo\/image\/","url":"https:\/\/qqpets.com\/wp-content\/uploads\/2023\/09\/cropped-cropped-qqpets-tiktok.jpg","contentUrl":"https:\/\/qqpets.com\/wp-content\/uploads\/2023\/09\/cropped-cropped-qqpets-tiktok.jpg","width":511,"height":511,"caption":"QQPETS"},"image":{"@id":"https:\/\/qqpets.com\/#\/schema\/logo\/image\/"},"sameAs":["https:\/\/www.facebook.com\/QQpetsdogcollars","https:\/\/www.instagram.com\/qqpetscollar\/","https:\/\/www.pinterest.com\/qqpetsdogcollarsfactory\/"]}]}},"_links":{"self":[{"href":"https:\/\/qqpets.com\/et\/wp-json\/wp\/v2\/product\/4950","targetHints":{"allow":["GET"]}}],"collection":[{"href":"https:\/\/qqpets.com\/et\/wp-json\/wp\/v2\/product"}],"about":[{"href":"https:\/\/qqpets.com\/et\/wp-json\/wp\/v2\/types\/product"}],"wp:featuredmedia":[{"embeddable":true,"href":"https:\/\/qqpets.com\/et\/wp-json\/wp\/v2\/media\/4951"}],"wp:attachment":[{"href":"https:\/\/qqpets.com\/et\/wp-json\/wp\/v2\/media?parent=4950"}],"wp:term":[{"taxonomy":"product_brand","embeddable":true,"href":"https:\/\/qqpets.com\/et\/wp-json\/wp\/v2\/product_brand?post=4950"},{"taxonomy":"product_cat","embeddable":true,"href":"https:\/\/qqpets.com\/et\/wp-json\/wp\/v2\/product_cat?post=4950"},{"taxonomy":"product_tag","embeddable":true,"href":"https:\/\/qqpets.com\/et\/wp-json\/wp\/v2\/product_tag?post=4950"}],"curies":[{"name":"wp","href":"https:\/\/api.w.org\/{rel}","templated":true}]}}