{"id":7587,"date":"2024-08-30T13:58:07","date_gmt":"2024-08-30T05:58:07","guid":{"rendered":"https:\/\/qqpets.com\/?post_type=product&#038;p=7587"},"modified":"2024-12-12T16:27:14","modified_gmt":"2024-12-12T08:27:14","slug":"h-shaped-dog-harness","status":"publish","type":"product","link":"https:\/\/qqpets.com\/et\/toode\/h-shaped-dog-harness\/","title":{"rendered":"H-kujuline koera rakmed"},"content":{"rendered":"<p>Tutvustame meie hoolikalt valmistatud H-kujulist koeravaljendit, mis on loodud nii lemmiklooma mugavust kui ka omaniku mugavust silmas pidades. Sellel uuenduslikul rakmedel on ainulaadne H-kujuline struktuur, mis jaotab surve \u00fchtlaselt \u00fcle rindkere ja \u00f5lgade, v\u00e4ltides koormust koera kaelale. T\u00e4ielikult reguleeritavate kaela- ja rinnarihmade abil tagab see mugava ja turvalise istuvuse igas suuruses t\u00f5ugudele.<\/p>\n<p>Rakmed on valmistatud k\u00f5rgekvaliteedilistest, keskkonnas\u00f5bralikest materjalidest, mis on nii pehmed kui ka uskumatult vastupidavad. Hingav kangas tagab, et teie koer j\u00e4\u00e4b jahedaks ja mugavaks ka pikemaajalise kasutamise ajal v\u00f5i soojemas kliimas. Helkur\u00f5mblused suurendavad n\u00e4htavust \u00f6istel jalutusk\u00e4ikudel, lisades lisaturvalisust.<\/p>\n<p>Meie H-kujuline rakmed on ideaalsed treeninguks, igap\u00e4evaseks jalutamiseks ja seiklusteks \u00f5ues ning pakuvad paremat kontrolli, ilma et see kahjustaks teie lemmiklooma mugavust. Lihtsalt peale- ja maha pandav disain muudab selle kasutajas\u00f5bralikuks, v\u00e4hendades oluliselt koera varustamist v\u00e4ljas\u00f5itudeks. Iga rakmed on varustatud tugeva D-r\u00f5ngaga rihma kinnitamiseks, mis tagab alati usaldusv\u00e4\u00e4rse \u00fchenduse.<\/p>\n<p>Meie rakmed, mis on saadaval erinevates v\u00e4rvides ja mustrites, ei sea mitte ainult teie koera mugavust ja turvalisust esikohale, vaid lisavad ka stiili nende igap\u00e4evastesse rutiinidesse. Olenemata sellest, kas teete lihtsalt jalutusk\u00e4igu \u00fcmber kvartali v\u00f5i l\u00e4hete n\u00e4dalavahetusel seiklema, on meie H-kujuline koeravaljend ideaalne valik kohusetundlikele loomaomanikele, kes hindavad kvaliteeti ja stiili.<\/p>\n<p><strong>Kas H-valjaad on koertele head?<\/strong><\/p>\n<p>Jah, H-kujulised rakmed v\u00f5ivad olla koertele kasulikud, kuna need jaotavad surve \u00fchtlasemalt rinnale ja seljale, v\u00e4hendades koormust kaelale. See sobib \u00f5rnadele jalutajatele ja v\u00f5ib olla \u00fcsna mugav.<\/p>\n<p><strong>Kuidas panna koerale H-valjav\u00f6\u00f6 peale?<\/strong><\/p>\n<ul>\n<li>H-valjaote koerale kinnitamiseks laske koeral astuda valjaote aasadesse, \u00fcks k\u00e4pp igasse aasasse, viige valjaote \u00fcmber koera rinna ja selja ning seej\u00e4rel kinnitage valjaote lukustus koera selja kohale. Reguleerige rihmad, et tagada sobivus.<\/li>\n<\/ul>\n<p><strong>Kas H v\u00f5i Y rakmed on paremad?<\/strong><\/p>\n<ul>\n<li>See, kas H- v\u00f5i Y-valjav\u00f6\u00f6 on parem, s\u00f5ltub koera suurusest, t\u00f5ust ja k\u00e4itumisest. Y-valjav\u00f6\u00f6 v\u00f5ib pakkuda paremat kontrolli ja seda soovitatakse sageli aktiivsetele v\u00f5i t\u00f5mbuvatele koertele, kuna see pakub rohkem tuge \u00f5lgade \u00fcmber ja v\u00e4hem liikumispiiranguid.<\/li>\n<\/ul>\n<p><strong>Kas loomaarstid soovitavad rakmeid?<\/strong><\/p>\n<ul>\n<li>Jah, paljud loomaarstid soovitavad rakmeid, eriti hingamisprobleemidele kalduvate v\u00f5i t\u00f5mblema kipuvate koerte puhul, sest rakmed v\u00e4hendavad kaela koormust ning parandavad \u00fcldist ohutust ja mugavust.<\/li>\n<\/ul>\n<p><strong>Kas koerarihm on parem kui rihm?<\/strong><\/p>\n<ul>\n<li>Koerarihm koos rihmaga tagab parema kontrolli ja ohutuse kui kaelarihm, mis on kinnitatud kaelarihma k\u00fclge. Rakmed jaotavad survet \u00fchtlasemalt ja v\u00e4hendavad vigastuste ohtu, mist\u00f5ttu on need parem valik enamikule koertele, eriti neile, kes t\u00f5mbavad v\u00f5i kellel on meditsiinilisi probleeme, nagu hingetoru kokkuvarisemine.<\/li>\n<\/ul>","protected":false},"excerpt":{"rendered":"<p>Uuendage meie H-kujulise koerarihmaga, mis tagab v\u00f5rratu mugavuse ja kontrolli. Reguleeritav, vastupidav ja igap\u00e4evaseks kasutamiseks m\u00f5eldud rakmed tagavad teie lemmikloomale t\u00e4iusliku sobivuse ja turvalised seiklused. Saadaval erinevates suurustes ja v\u00e4rvides.<\/p>","protected":false},"featured_media":9677,"template":"","meta":[],"product_brand":[],"product_cat":[23],"product_tag":[],"class_list":{"0":"post-7587","1":"product","2":"type-product","3":"status-publish","4":"has-post-thumbnail","6":"product_cat-dog-harness","7":"pa_brand-qqpets","9":"first","10":"instock","11":"shipping-taxable","12":"product-type-simple"},"yoast_head":"<!-- This site is optimized with the Yoast SEO plugin v26.6 - https:\/\/yoast.com\/wordpress\/plugins\/seo\/ -->\n<title>H Shaped Dog Harness | QQPETS<\/title>\n<meta name=\"description\" content=\"Discover the comfort and control of our H-shaped dog harnesses. Perfect fit for any breed. Shop now for premium quality\" \/>\n<meta name=\"robots\" content=\"index, follow, max-snippet:-1, max-image-preview:large, max-video-preview:-1\" \/>\n<link rel=\"canonical\" href=\"https:\/\/qqpets.com\/et\/toode\/h-shaped-dog-harness\/\" \/>\n<meta property=\"og:locale\" content=\"et_EE\" \/>\n<meta property=\"og:type\" content=\"article\" \/>\n<meta property=\"og:title\" content=\"H Shaped Dog Harness | QQPETS\" \/>\n<meta property=\"og:description\" content=\"Discover the comfort and control of our H-shaped dog harnesses. Perfect fit for any breed. Shop now for premium quality\" \/>\n<meta property=\"og:url\" content=\"https:\/\/qqpets.com\/et\/toode\/h-shaped-dog-harness\/\" \/>\n<meta property=\"og:site_name\" content=\"QQPETS\" \/>\n<meta property=\"article:publisher\" content=\"https:\/\/www.facebook.com\/QQpetsdogcollars\" \/>\n<meta property=\"article:modified_time\" content=\"2024-12-12T08:27:14+00:00\" \/>\n<meta property=\"og:image\" content=\"https:\/\/qqpets.com\/wp-content\/uploads\/2024\/08\/H-shape-dog-harness.jpg\" \/>\n\t<meta property=\"og:image:width\" content=\"800\" \/>\n\t<meta property=\"og:image:height\" content=\"800\" \/>\n\t<meta property=\"og:image:type\" content=\"image\/jpeg\" \/>\n<meta name=\"twitter:card\" content=\"summary_large_image\" \/>\n<meta name=\"twitter:label1\" content=\"Est. reading time\" \/>\n\t<meta name=\"twitter:data1\" content=\"3 minutit\" \/>\n<script type=\"application\/ld+json\" class=\"yoast-schema-graph\">{\"@context\":\"https:\/\/schema.org\",\"@graph\":[{\"@type\":\"WebPage\",\"@id\":\"https:\/\/qqpets.com\/product\/h-shaped-dog-harness\/\",\"url\":\"https:\/\/qqpets.com\/product\/h-shaped-dog-harness\/\",\"name\":\"H Shaped Dog Harness | QQPETS\",\"isPartOf\":{\"@id\":\"https:\/\/qqpets.com\/#website\"},\"primaryImageOfPage\":{\"@id\":\"https:\/\/qqpets.com\/product\/h-shaped-dog-harness\/#primaryimage\"},\"image\":{\"@id\":\"https:\/\/qqpets.com\/product\/h-shaped-dog-harness\/#primaryimage\"},\"thumbnailUrl\":\"https:\/\/qqpets.com\/wp-content\/uploads\/2024\/08\/H-shape-dog-harness.jpg\",\"datePublished\":\"2024-08-30T05:58:07+00:00\",\"dateModified\":\"2024-12-12T08:27:14+00:00\",\"description\":\"Discover the comfort and control of our H-shaped dog harnesses. Perfect fit for any breed. Shop now for premium quality\",\"breadcrumb\":{\"@id\":\"https:\/\/qqpets.com\/product\/h-shaped-dog-harness\/#breadcrumb\"},\"inLanguage\":\"et\",\"potentialAction\":[{\"@type\":\"ReadAction\",\"target\":[\"https:\/\/qqpets.com\/product\/h-shaped-dog-harness\/\"]}]},{\"@type\":\"ImageObject\",\"inLanguage\":\"et\",\"@id\":\"https:\/\/qqpets.com\/product\/h-shaped-dog-harness\/#primaryimage\",\"url\":\"https:\/\/qqpets.com\/wp-content\/uploads\/2024\/08\/H-shape-dog-harness.jpg\",\"contentUrl\":\"https:\/\/qqpets.com\/wp-content\/uploads\/2024\/08\/H-shape-dog-harness.jpg\",\"width\":1000,\"height\":1000},{\"@type\":\"BreadcrumbList\",\"@id\":\"https:\/\/qqpets.com\/product\/h-shaped-dog-harness\/#breadcrumb\",\"itemListElement\":[{\"@type\":\"ListItem\",\"position\":1,\"name\":\"Home\",\"item\":\"https:\/\/qqpets.com\/\"},{\"@type\":\"ListItem\",\"position\":2,\"name\":\"Products\",\"item\":\"https:\/\/qqpets.com\/pet-products-manufacturer\/\"},{\"@type\":\"ListItem\",\"position\":3,\"name\":\"H Shaped Dog Harness\"}]},{\"@type\":\"WebSite\",\"@id\":\"https:\/\/qqpets.com\/#website\",\"url\":\"https:\/\/qqpets.com\/\",\"name\":\"QQPETS\",\"description\":\"QQPETS is a pet products factory for dog harnesses, dog collars, dog leashes and dog accessories with professional customized service since 2005.\",\"publisher\":{\"@id\":\"https:\/\/qqpets.com\/#organization\"},\"potentialAction\":[{\"@type\":\"SearchAction\",\"target\":{\"@type\":\"EntryPoint\",\"urlTemplate\":\"https:\/\/qqpets.com\/?s={search_term_string}\"},\"query-input\":{\"@type\":\"PropertyValueSpecification\",\"valueRequired\":true,\"valueName\":\"search_term_string\"}}],\"inLanguage\":\"et\"},{\"@type\":\"Organization\",\"@id\":\"https:\/\/qqpets.com\/#organization\",\"name\":\"QQPETS\",\"url\":\"https:\/\/qqpets.com\/\",\"logo\":{\"@type\":\"ImageObject\",\"inLanguage\":\"et\",\"@id\":\"https:\/\/qqpets.com\/#\/schema\/logo\/image\/\",\"url\":\"https:\/\/qqpets.com\/wp-content\/uploads\/2023\/09\/cropped-cropped-qqpets-tiktok.jpg\",\"contentUrl\":\"https:\/\/qqpets.com\/wp-content\/uploads\/2023\/09\/cropped-cropped-qqpets-tiktok.jpg\",\"width\":511,\"height\":511,\"caption\":\"QQPETS\"},\"image\":{\"@id\":\"https:\/\/qqpets.com\/#\/schema\/logo\/image\/\"},\"sameAs\":[\"https:\/\/www.facebook.com\/QQpetsdogcollars\",\"https:\/\/www.instagram.com\/qqpetscollar\/\",\"https:\/\/www.pinterest.com\/qqpetsdogcollarsfactory\/\"]}]}<\/script>\n<!-- \/ Yoast SEO plugin. -->","yoast_head_json":{"title":"H-kujuline koera rakmed | QQPETS","description":"Avastage meie H-kujuliste koerarihmade mugavus ja kontroll. Sobivad ideaalselt igale t\u00f5ule. Osta n\u00fc\u00fcd esmaklassilist kvaliteeti","robots":{"index":"index","follow":"follow","max-snippet":"max-snippet:-1","max-image-preview":"max-image-preview:large","max-video-preview":"max-video-preview:-1"},"canonical":"https:\/\/qqpets.com\/et\/toode\/h-shaped-dog-harness\/","og_locale":"et_EE","og_type":"article","og_title":"H Shaped Dog Harness | QQPETS","og_description":"Discover the comfort and control of our H-shaped dog harnesses. Perfect fit for any breed. Shop now for premium quality","og_url":"https:\/\/qqpets.com\/et\/toode\/h-shaped-dog-harness\/","og_site_name":"QQPETS","article_publisher":"https:\/\/www.facebook.com\/QQpetsdogcollars","article_modified_time":"2024-12-12T08:27:14+00:00","og_image":[{"url":"https:\/\/qqpets.com\/wp-content\/uploads\/2024\/08\/H-shape-dog-harness.jpg","width":800,"height":800,"type":"image\/jpeg"}],"twitter_card":"summary_large_image","twitter_misc":{"Est. reading time":"3 minutit"},"schema":{"@context":"https:\/\/schema.org","@graph":[{"@type":"WebPage","@id":"https:\/\/qqpets.com\/product\/h-shaped-dog-harness\/","url":"https:\/\/qqpets.com\/product\/h-shaped-dog-harness\/","name":"H-kujuline koera rakmed | QQPETS","isPartOf":{"@id":"https:\/\/qqpets.com\/#website"},"primaryImageOfPage":{"@id":"https:\/\/qqpets.com\/product\/h-shaped-dog-harness\/#primaryimage"},"image":{"@id":"https:\/\/qqpets.com\/product\/h-shaped-dog-harness\/#primaryimage"},"thumbnailUrl":"https:\/\/qqpets.com\/wp-content\/uploads\/2024\/08\/H-shape-dog-harness.jpg","datePublished":"2024-08-30T05:58:07+00:00","dateModified":"2024-12-12T08:27:14+00:00","description":"Avastage meie H-kujuliste koerarihmade mugavus ja kontroll. Sobivad ideaalselt igale t\u00f5ule. Osta n\u00fc\u00fcd esmaklassilist kvaliteeti","breadcrumb":{"@id":"https:\/\/qqpets.com\/product\/h-shaped-dog-harness\/#breadcrumb"},"inLanguage":"et","potentialAction":[{"@type":"ReadAction","target":["https:\/\/qqpets.com\/product\/h-shaped-dog-harness\/"]}]},{"@type":"ImageObject","inLanguage":"et","@id":"https:\/\/qqpets.com\/product\/h-shaped-dog-harness\/#primaryimage","url":"https:\/\/qqpets.com\/wp-content\/uploads\/2024\/08\/H-shape-dog-harness.jpg","contentUrl":"https:\/\/qqpets.com\/wp-content\/uploads\/2024\/08\/H-shape-dog-harness.jpg","width":1000,"height":1000},{"@type":"BreadcrumbList","@id":"https:\/\/qqpets.com\/product\/h-shaped-dog-harness\/#breadcrumb","itemListElement":[{"@type":"ListItem","position":1,"name":"Home","item":"https:\/\/qqpets.com\/"},{"@type":"ListItem","position":2,"name":"Products","item":"https:\/\/qqpets.com\/pet-products-manufacturer\/"},{"@type":"ListItem","position":3,"name":"H Shaped Dog Harness"}]},{"@type":"WebSite","@id":"https:\/\/qqpets.com\/#website","url":"https:\/\/qqpets.com\/","name":"QQPETS","description":"QQPETS on lemmikloomatoodete tehas koerte rakmete, koerte kaelarihmade, koerte rihmade ja koerte tarvikute jaoks, mis pakub professionaalset kohandatud teenust alates 2005. aastast.","publisher":{"@id":"https:\/\/qqpets.com\/#organization"},"potentialAction":[{"@type":"SearchAction","target":{"@type":"EntryPoint","urlTemplate":"https:\/\/qqpets.com\/?s={search_term_string}"},"query-input":{"@type":"PropertyValueSpecification","valueRequired":true,"valueName":"search_term_string"}}],"inLanguage":"et"},{"@type":"Organization","@id":"https:\/\/qqpets.com\/#organization","name":"QQPETS","url":"https:\/\/qqpets.com\/","logo":{"@type":"ImageObject","inLanguage":"et","@id":"https:\/\/qqpets.com\/#\/schema\/logo\/image\/","url":"https:\/\/qqpets.com\/wp-content\/uploads\/2023\/09\/cropped-cropped-qqpets-tiktok.jpg","contentUrl":"https:\/\/qqpets.com\/wp-content\/uploads\/2023\/09\/cropped-cropped-qqpets-tiktok.jpg","width":511,"height":511,"caption":"QQPETS"},"image":{"@id":"https:\/\/qqpets.com\/#\/schema\/logo\/image\/"},"sameAs":["https:\/\/www.facebook.com\/QQpetsdogcollars","https:\/\/www.instagram.com\/qqpetscollar\/","https:\/\/www.pinterest.com\/qqpetsdogcollarsfactory\/"]}]}},"_links":{"self":[{"href":"https:\/\/qqpets.com\/et\/wp-json\/wp\/v2\/product\/7587","targetHints":{"allow":["GET"]}}],"collection":[{"href":"https:\/\/qqpets.com\/et\/wp-json\/wp\/v2\/product"}],"about":[{"href":"https:\/\/qqpets.com\/et\/wp-json\/wp\/v2\/types\/product"}],"wp:featuredmedia":[{"embeddable":true,"href":"https:\/\/qqpets.com\/et\/wp-json\/wp\/v2\/media\/9677"}],"wp:attachment":[{"href":"https:\/\/qqpets.com\/et\/wp-json\/wp\/v2\/media?parent=7587"}],"wp:term":[{"taxonomy":"product_brand","embeddable":true,"href":"https:\/\/qqpets.com\/et\/wp-json\/wp\/v2\/product_brand?post=7587"},{"taxonomy":"product_cat","embeddable":true,"href":"https:\/\/qqpets.com\/et\/wp-json\/wp\/v2\/product_cat?post=7587"},{"taxonomy":"product_tag","embeddable":true,"href":"https:\/\/qqpets.com\/et\/wp-json\/wp\/v2\/product_tag?post=7587"}],"curies":[{"name":"wp","href":"https:\/\/api.w.org\/{rel}","templated":true}]}}