{"id":7618,"date":"2024-08-30T17:15:21","date_gmt":"2024-08-30T09:15:21","guid":{"rendered":"https:\/\/qqpets.com\/?post_type=product&#038;p=7618"},"modified":"2024-08-30T17:26:32","modified_gmt":"2024-08-30T09:26:32","slug":"led-dog-harness","status":"publish","type":"product","link":"https:\/\/qqpets.com\/et\/toode\/led-dog-harness\/","title":{"rendered":"LED koera rakmed"},"content":{"rendered":"<p>Suurendage oma \u00f5htuste jalutusk\u00e4ikude turvalisust meie LED-koerakaelaga, mis on spetsiaalselt loodud selleks, et suurendada teie lemmiklooma n\u00e4htavust h\u00e4marates tingimustes. See kaelarihm on varustatud suure valgustugevusega valgusdioodidega, mis muudavad teie koera n\u00e4htavaks m\u00e4rkimisv\u00e4\u00e4rse vahemaa tagant, lisades teie \u00f5htustele jalutusk\u00e4ikudele olulise ohutustaseme.<\/p>\n<p>Kvaliteetsetest ja vastupidavatest materjalidest valmistatud krae sobib ideaalselt kuivadeks tingimusteks ja regulaarseks kasutamiseks. See on reguleeritava disainiga, mis tagab mugava ja mugava istuvuse igas suuruses koertele. Laetav aku pakub mitu tundi valgustust ja seda on lihtne laadida USB kaudu, pakkudes mugavust ja usaldusv\u00e4\u00e4rsust.<\/p>\n<p>Saate valida mitme valgusre\u017eiimi vahel, sealhulgas p\u00fcsiva, aeglase ja kiire v\u00e4lguga, mis v\u00f5imaldab teil kohandada n\u00e4htavust vastavalt teie konkreetsetele keskkonnavajadustele.<\/p>\n<p>Meie LED-koerakaelarihm on suurep\u00e4rane valik neile, kes soovivad hoida oma lemmikloomi pimedal ajal turvaliselt, ilma et nad peaksid tegema kompromisse stiili osas. See sobib eriti h\u00e4sti kohtadesse, kus niiskus ja vesi ei ole probleemiks, tagades, et teie lemmikloom j\u00e4\u00e4b t\u00e4helepanu keskmesse ja on \u00f5htustel reisidel turvaline.<\/p>\n<h3><strong>Kas LED-kaelarihmad on koertele ohutud?<\/strong><\/h3>\n<p>Jah, LED-kaelarihmad on koertele ohutud. Need on loodud selleks, et suurendada n\u00e4htavust ja turvalisust \u00f6iste jalutusk\u00e4ikude ajal, ilma et need p\u00f5hjustaksid koerale ebamugavust v\u00f5i kahju.<\/p>\n<h3><strong>Kuidas LED-koerakaelarihm t\u00f6\u00f6tab?<\/strong><\/h3>\n<p>LED-koerakaelarihm t\u00f6\u00f6tab, kui valgusdioodid (LED-id) on integreeritud kaelarihma kangasse v\u00f5i on kinnitatud ribana, mis saab toidet v\u00e4ikestest patareidest, mis paneb kaelarihma pimedas valgustama.<\/p>\n<h3><strong>Kas LED-tuled aitavad koeri?<\/strong><\/h3>\n<p>LED-tuled aitavad suurendada koera n\u00e4htavust autojuhtide, jalgratturite ja teiste jaoks h\u00e4marates tingimustes, suurendades ohutust, kuid nad ei paku otsest kasu, nagu koera n\u00e4gemise parandamine.<\/p>\n<h3><strong>Kuidas laadida LED-koerakaelarihma?<\/strong><\/h3>\n<p>Enamik LED-koerakaelarihmasid laetakse USB-kaabli kaudu. \u00dchendage lihtsalt kaabel kaelarihma laadimisportiga ja \u00fchendage teine ots USB-laadija v\u00f5i arvutiga.<\/p>\n<h3><strong>Kas koera kaelarihmad t\u00f5mbavad v\u00e4lku?<\/strong><\/h3>\n<p>Ei, koerte kaelarihmad ei t\u00f5mba v\u00e4lku. Oht, et v\u00e4lk suunab koera kaelarihma, on \u00e4\u00e4rmiselt v\u00e4ike ja ei ole m\u00e4rkimisv\u00e4\u00e4rne probleem.<\/p>\n<h3><strong>Milliseid kaelarihmasid soovitavad loomaarstid?<\/strong><\/h3>\n<p>Tavaliselt soovitavad loomaarstid kaelarihmasid, mis on ohutud, mugavad ning sobivad koera suuruse ja t\u00f5uga. Igap\u00e4evaseks kasutamiseks soovitatakse sageli lahtik\u00e4ivaid v\u00f5i reguleeritavaid lamedaid kaelarihmasid.<\/p>\n<h3><strong>Milline LED-v\u00e4rv on koertele parim?<\/strong><\/h3>\n<p>LED-koerakaelarihmade n\u00e4htavuse tagamiseks on parimad heledad v\u00e4rvid, nagu valge v\u00f5i sinine, kuna need on \u00f6\u00f6sel paremini n\u00e4htavad kui soojemad v\u00e4rvid, mis v\u00f5ivad sulanduda linna valgusreostusse.<\/p>","protected":false},"excerpt":{"rendered":"<p>Suurendage oma koera n\u00e4htavust \u00f5htuste jalutusk\u00e4ikude ajal meie LED-koerakaelarihma abil. See ere, energiat\u00f5husate valgusdioodidega kaelarihm tagab, et teie lemmikloom on n\u00e4htav ka h\u00e4marates tingimustes. Kaelarihm on reguleeritav, et see sobiks ideaalselt ja on valmistatud vastupidavast materjalist igap\u00e4evaseks kasutamiseks. See sisaldab kauakestvat laetavat akut ja pakub mitmeid valgusre\u017eiime n\u00e4htavuse suurendamiseks. Sobib ideaalselt \u00f6istele jalutusk\u00e4ikudele kuivadel \u00f5htutel.<\/p>","protected":false},"featured_media":7220,"template":"","meta":[],"product_brand":[],"product_cat":[26],"product_tag":[],"class_list":{"0":"post-7618","1":"product","2":"type-product","3":"status-publish","4":"has-post-thumbnail","6":"product_cat-dog-collar","8":"first","9":"instock","10":"shipping-taxable","11":"product-type-simple"},"yoast_head":"<!-- This site is optimized with the Yoast SEO plugin v26.6 - https:\/\/yoast.com\/wordpress\/plugins\/seo\/ -->\n<title>LED Dog Harness | QQPETS<\/title>\n<meta name=\"description\" content=\"Light up your pet&#039;s night with our LED Dog Collar. Bright, stylish, and perfect for evening visibility. Shop now!\" \/>\n<meta name=\"robots\" content=\"index, follow, max-snippet:-1, max-image-preview:large, max-video-preview:-1\" \/>\n<link rel=\"canonical\" href=\"https:\/\/qqpets.com\/et\/toode\/led-dog-harness\/\" \/>\n<meta property=\"og:locale\" content=\"et_EE\" \/>\n<meta property=\"og:type\" content=\"article\" \/>\n<meta property=\"og:title\" content=\"LED Dog Harness | QQPETS\" \/>\n<meta property=\"og:description\" content=\"Light up your pet&#039;s night with our LED Dog Collar. Bright, stylish, and perfect for evening visibility. Shop now!\" \/>\n<meta property=\"og:url\" content=\"https:\/\/qqpets.com\/et\/toode\/led-dog-harness\/\" \/>\n<meta property=\"og:site_name\" content=\"QQPETS\" \/>\n<meta property=\"article:publisher\" content=\"https:\/\/www.facebook.com\/QQpetsdogcollars\" \/>\n<meta property=\"article:modified_time\" content=\"2024-08-30T09:26:32+00:00\" \/>\n<meta property=\"og:image\" content=\"https:\/\/qqpets.com\/wp-content\/uploads\/2023\/09\/led-dog-collar.webp\" \/>\n\t<meta property=\"og:image:width\" content=\"800\" \/>\n\t<meta property=\"og:image:height\" content=\"800\" \/>\n\t<meta property=\"og:image:type\" content=\"image\/webp\" \/>\n<meta name=\"twitter:card\" content=\"summary_large_image\" \/>\n<meta name=\"twitter:label1\" content=\"Est. reading time\" \/>\n\t<meta name=\"twitter:data1\" content=\"3 minutit\" \/>\n<script type=\"application\/ld+json\" class=\"yoast-schema-graph\">{\"@context\":\"https:\/\/schema.org\",\"@graph\":[{\"@type\":\"WebPage\",\"@id\":\"https:\/\/qqpets.com\/product\/led-dog-harness\/\",\"url\":\"https:\/\/qqpets.com\/product\/led-dog-harness\/\",\"name\":\"LED Dog Harness | QQPETS\",\"isPartOf\":{\"@id\":\"https:\/\/qqpets.com\/#website\"},\"primaryImageOfPage\":{\"@id\":\"https:\/\/qqpets.com\/product\/led-dog-harness\/#primaryimage\"},\"image\":{\"@id\":\"https:\/\/qqpets.com\/product\/led-dog-harness\/#primaryimage\"},\"thumbnailUrl\":\"https:\/\/qqpets.com\/wp-content\/uploads\/2023\/09\/led-dog-collar.webp\",\"datePublished\":\"2024-08-30T09:15:21+00:00\",\"dateModified\":\"2024-08-30T09:26:32+00:00\",\"description\":\"Light up your pet's night with our LED Dog Collar. Bright, stylish, and perfect for evening visibility. Shop now!\",\"breadcrumb\":{\"@id\":\"https:\/\/qqpets.com\/product\/led-dog-harness\/#breadcrumb\"},\"inLanguage\":\"et\",\"potentialAction\":[{\"@type\":\"ReadAction\",\"target\":[\"https:\/\/qqpets.com\/product\/led-dog-harness\/\"]}]},{\"@type\":\"ImageObject\",\"inLanguage\":\"et\",\"@id\":\"https:\/\/qqpets.com\/product\/led-dog-harness\/#primaryimage\",\"url\":\"https:\/\/qqpets.com\/wp-content\/uploads\/2023\/09\/led-dog-collar.webp\",\"contentUrl\":\"https:\/\/qqpets.com\/wp-content\/uploads\/2023\/09\/led-dog-collar.webp\",\"width\":800,\"height\":800,\"caption\":\"led dog collar\"},{\"@type\":\"BreadcrumbList\",\"@id\":\"https:\/\/qqpets.com\/product\/led-dog-harness\/#breadcrumb\",\"itemListElement\":[{\"@type\":\"ListItem\",\"position\":1,\"name\":\"Home\",\"item\":\"https:\/\/qqpets.com\/\"},{\"@type\":\"ListItem\",\"position\":2,\"name\":\"Products\",\"item\":\"https:\/\/qqpets.com\/pet-products-manufacturer\/\"},{\"@type\":\"ListItem\",\"position\":3,\"name\":\"LED Dog Harness\"}]},{\"@type\":\"WebSite\",\"@id\":\"https:\/\/qqpets.com\/#website\",\"url\":\"https:\/\/qqpets.com\/\",\"name\":\"QQPETS\",\"description\":\"QQPETS is a pet products factory for dog harnesses, dog collars, dog leashes and dog accessories with professional customized service since 2005.\",\"publisher\":{\"@id\":\"https:\/\/qqpets.com\/#organization\"},\"potentialAction\":[{\"@type\":\"SearchAction\",\"target\":{\"@type\":\"EntryPoint\",\"urlTemplate\":\"https:\/\/qqpets.com\/?s={search_term_string}\"},\"query-input\":{\"@type\":\"PropertyValueSpecification\",\"valueRequired\":true,\"valueName\":\"search_term_string\"}}],\"inLanguage\":\"et\"},{\"@type\":\"Organization\",\"@id\":\"https:\/\/qqpets.com\/#organization\",\"name\":\"QQPETS\",\"url\":\"https:\/\/qqpets.com\/\",\"logo\":{\"@type\":\"ImageObject\",\"inLanguage\":\"et\",\"@id\":\"https:\/\/qqpets.com\/#\/schema\/logo\/image\/\",\"url\":\"https:\/\/qqpets.com\/wp-content\/uploads\/2023\/09\/cropped-cropped-qqpets-tiktok.jpg\",\"contentUrl\":\"https:\/\/qqpets.com\/wp-content\/uploads\/2023\/09\/cropped-cropped-qqpets-tiktok.jpg\",\"width\":511,\"height\":511,\"caption\":\"QQPETS\"},\"image\":{\"@id\":\"https:\/\/qqpets.com\/#\/schema\/logo\/image\/\"},\"sameAs\":[\"https:\/\/www.facebook.com\/QQpetsdogcollars\",\"https:\/\/www.instagram.com\/qqpetscollar\/\",\"https:\/\/www.pinterest.com\/qqpetsdogcollarsfactory\/\"]}]}<\/script>\n<!-- \/ Yoast SEO plugin. -->","yoast_head_json":{"title":"LED koera rakmed | QQPETS","description":"Valgustage oma lemmiklooma \u00f6\u00f6 meie LED-koerakaelarihmaga. S\u00e4rav, stiilne ja ideaalne \u00f5htuse n\u00e4htavuse tagamiseks. Osta n\u00fc\u00fcd!","robots":{"index":"index","follow":"follow","max-snippet":"max-snippet:-1","max-image-preview":"max-image-preview:large","max-video-preview":"max-video-preview:-1"},"canonical":"https:\/\/qqpets.com\/et\/toode\/led-dog-harness\/","og_locale":"et_EE","og_type":"article","og_title":"LED Dog Harness | QQPETS","og_description":"Light up your pet's night with our LED Dog Collar. Bright, stylish, and perfect for evening visibility. Shop now!","og_url":"https:\/\/qqpets.com\/et\/toode\/led-dog-harness\/","og_site_name":"QQPETS","article_publisher":"https:\/\/www.facebook.com\/QQpetsdogcollars","article_modified_time":"2024-08-30T09:26:32+00:00","og_image":[{"width":800,"height":800,"url":"https:\/\/qqpets.com\/wp-content\/uploads\/2023\/09\/led-dog-collar.webp","type":"image\/webp"}],"twitter_card":"summary_large_image","twitter_misc":{"Est. reading time":"3 minutit"},"schema":{"@context":"https:\/\/schema.org","@graph":[{"@type":"WebPage","@id":"https:\/\/qqpets.com\/product\/led-dog-harness\/","url":"https:\/\/qqpets.com\/product\/led-dog-harness\/","name":"LED koera rakmed | QQPETS","isPartOf":{"@id":"https:\/\/qqpets.com\/#website"},"primaryImageOfPage":{"@id":"https:\/\/qqpets.com\/product\/led-dog-harness\/#primaryimage"},"image":{"@id":"https:\/\/qqpets.com\/product\/led-dog-harness\/#primaryimage"},"thumbnailUrl":"https:\/\/qqpets.com\/wp-content\/uploads\/2023\/09\/led-dog-collar.webp","datePublished":"2024-08-30T09:15:21+00:00","dateModified":"2024-08-30T09:26:32+00:00","description":"Valgustage oma lemmiklooma \u00f6\u00f6 meie LED-koerakaelarihmaga. S\u00e4rav, stiilne ja ideaalne \u00f5htuse n\u00e4htavuse tagamiseks. Osta n\u00fc\u00fcd!","breadcrumb":{"@id":"https:\/\/qqpets.com\/product\/led-dog-harness\/#breadcrumb"},"inLanguage":"et","potentialAction":[{"@type":"ReadAction","target":["https:\/\/qqpets.com\/product\/led-dog-harness\/"]}]},{"@type":"ImageObject","inLanguage":"et","@id":"https:\/\/qqpets.com\/product\/led-dog-harness\/#primaryimage","url":"https:\/\/qqpets.com\/wp-content\/uploads\/2023\/09\/led-dog-collar.webp","contentUrl":"https:\/\/qqpets.com\/wp-content\/uploads\/2023\/09\/led-dog-collar.webp","width":800,"height":800,"caption":"led dog collar"},{"@type":"BreadcrumbList","@id":"https:\/\/qqpets.com\/product\/led-dog-harness\/#breadcrumb","itemListElement":[{"@type":"ListItem","position":1,"name":"Home","item":"https:\/\/qqpets.com\/"},{"@type":"ListItem","position":2,"name":"Products","item":"https:\/\/qqpets.com\/pet-products-manufacturer\/"},{"@type":"ListItem","position":3,"name":"LED Dog Harness"}]},{"@type":"WebSite","@id":"https:\/\/qqpets.com\/#website","url":"https:\/\/qqpets.com\/","name":"QQPETS","description":"QQPETS on lemmikloomatoodete tehas koerte rakmete, koerte kaelarihmade, koerte rihmade ja koerte tarvikute jaoks, mis pakub professionaalset kohandatud teenust alates 2005. aastast.","publisher":{"@id":"https:\/\/qqpets.com\/#organization"},"potentialAction":[{"@type":"SearchAction","target":{"@type":"EntryPoint","urlTemplate":"https:\/\/qqpets.com\/?s={search_term_string}"},"query-input":{"@type":"PropertyValueSpecification","valueRequired":true,"valueName":"search_term_string"}}],"inLanguage":"et"},{"@type":"Organization","@id":"https:\/\/qqpets.com\/#organization","name":"QQPETS","url":"https:\/\/qqpets.com\/","logo":{"@type":"ImageObject","inLanguage":"et","@id":"https:\/\/qqpets.com\/#\/schema\/logo\/image\/","url":"https:\/\/qqpets.com\/wp-content\/uploads\/2023\/09\/cropped-cropped-qqpets-tiktok.jpg","contentUrl":"https:\/\/qqpets.com\/wp-content\/uploads\/2023\/09\/cropped-cropped-qqpets-tiktok.jpg","width":511,"height":511,"caption":"QQPETS"},"image":{"@id":"https:\/\/qqpets.com\/#\/schema\/logo\/image\/"},"sameAs":["https:\/\/www.facebook.com\/QQpetsdogcollars","https:\/\/www.instagram.com\/qqpetscollar\/","https:\/\/www.pinterest.com\/qqpetsdogcollarsfactory\/"]}]}},"_links":{"self":[{"href":"https:\/\/qqpets.com\/et\/wp-json\/wp\/v2\/product\/7618","targetHints":{"allow":["GET"]}}],"collection":[{"href":"https:\/\/qqpets.com\/et\/wp-json\/wp\/v2\/product"}],"about":[{"href":"https:\/\/qqpets.com\/et\/wp-json\/wp\/v2\/types\/product"}],"wp:featuredmedia":[{"embeddable":true,"href":"https:\/\/qqpets.com\/et\/wp-json\/wp\/v2\/media\/7220"}],"wp:attachment":[{"href":"https:\/\/qqpets.com\/et\/wp-json\/wp\/v2\/media?parent=7618"}],"wp:term":[{"taxonomy":"product_brand","embeddable":true,"href":"https:\/\/qqpets.com\/et\/wp-json\/wp\/v2\/product_brand?post=7618"},{"taxonomy":"product_cat","embeddable":true,"href":"https:\/\/qqpets.com\/et\/wp-json\/wp\/v2\/product_cat?post=7618"},{"taxonomy":"product_tag","embeddable":true,"href":"https:\/\/qqpets.com\/et\/wp-json\/wp\/v2\/product_tag?post=7618"}],"curies":[{"name":"wp","href":"https:\/\/api.w.org\/{rel}","templated":true}]}}