{"id":7631,"date":"2024-08-30T17:38:13","date_gmt":"2024-08-30T09:38:13","guid":{"rendered":"https:\/\/qqpets.com\/?post_type=product&#038;p=7631"},"modified":"2024-08-30T17:38:13","modified_gmt":"2024-08-30T09:38:13","slug":"retractable-dog-leash-with-light-1-0-qqpets","status":"publish","type":"product","link":"https:\/\/qqpets.com\/et\/toode\/retractable-dog-leash-with-light-1-0-qqpets\/","title":{"rendered":"Sisse t\u00f5mmatav koerarihm valgusega 1.0 - QQPETS"},"content":{"rendered":"<p>Tutvustame parimat jalutusk\u00e4igu tarvikut lemmikloomaomanikele, kes naudivad \u00f5htuseid v\u00f5i varahommikuseid jalutusk\u00e4ike: meie sisset\u00f5mmatav koerarihm koos valgusega. See uuenduslik rihm on loodud selleks, et tagada teile ja teie lemmikloomale parem n\u00e4htavus ja ohutus h\u00e4marates tingimustes. Sisseehitatud LED-valgustus valgustab teie teed, tagades, et teie ja teie koer on autojuhtidele ja teistele jalak\u00e4ijatele n\u00e4htavad.<\/p>\n<p>Kvaliteetsetest materjalidest valmistatud rihm on tugeva ja vastupidava mehhanismiga, mis peab vastu enamiku koerte t\u00f5mbele. Kokkupandav n\u00f6\u00f6r ulatub kuni 16 jalani, mis v\u00f5imaldab teie koerale piisavalt vabadust uurimiseks, samal ajal kui te s\u00e4ilitate t\u00e4ieliku kontrolli. K\u00e4epide on ergonoomiliselt disainitud, et see sobiks mugavalt teie k\u00e4tte, v\u00e4hendades randme pingutust ja muutes selle pikkade jalutusk\u00e4ikude ajal h\u00f5lpsasti k\u00e4es hoitavaks.<\/p>\n<p>LED-valgus on silmapaistev omadus, mis pakub piisavalt eredust, et valgustada teie vahetut ala. See sobib ideaalselt neile, kes eelistavad turvalisi jalutusk\u00e4ike h\u00e4maruse v\u00f5i koidu ajal. Rihma on varustatud ka kiirpeatamisnupuga, mis v\u00f5imaldab teil h\u00f5lpsasti juhtida rihma pikkust, tagades, et teie koer j\u00e4\u00e4b vajaduse korral l\u00e4hedale.<\/p>\n<p>See rihm ei ole mitte ainult praktiline, vaid ka stiilne t\u00f6\u00f6riist, mis suurendab jalutuskogemust oma funktsionaalsuse ja kasutusmugavusega. Olenemata sellest, kas liigute tiheda liiklusega linnat\u00e4navatel v\u00f5i rahulikel pargiradadel, meie sisset\u00f5mmatav koerarihm koos valgusega tagab, et teie \u00f6ised seiklused koos lemmikloomaga on nii turvalised kui ka nauditavad.<\/p>","protected":false},"excerpt":{"rendered":"<p>Suurendage \u00f6ist turvalisust meie sisset\u00f5mmatava valgusega koerarihma abil. See rihm pakub integreeritud LED-valgustit, mis tagab selge n\u00e4htavuse, tagades turvalise jalutusk\u00e4igu h\u00e4marates tingimustes. Sisset\u00f5mmatav disain annab teie koerale vabaduse uurida, samal ajal kui te s\u00e4ilitate kontrolli. See on valmistatud vastupidavast materjalist ja sellel on ergonoomiline k\u00e4epide, mis tagab mugavuse ja kasutusmugavuse. See rihm sobib ideaalselt \u00f5htustele v\u00f5i varahommikustele jalutusk\u00e4ikudele ning \u00fchendab endas mugavuse ja ohutuse.<\/p>","protected":false},"featured_media":7325,"template":"","meta":[],"product_brand":[],"product_cat":[27,21],"product_tag":[],"class_list":{"0":"post-7631","1":"product","2":"type-product","3":"status-publish","4":"has-post-thumbnail","6":"product_cat-dog-leash","7":"product_cat-led-product","8":"pa_brand-qqpets","10":"first","11":"instock","12":"shipping-taxable","13":"product-type-simple"},"yoast_head":"<!-- This site is optimized with the Yoast SEO plugin v26.6 - https:\/\/yoast.com\/wordpress\/plugins\/seo\/ -->\n<title>Retractable Dog Leash With Light 1.0 - QQPETS | QQPETS<\/title>\n<meta name=\"description\" content=\"Explore our Retractable Dog Leash With Light for safe night walks. Durable, convenient, and bright. Buy now!\" \/>\n<meta name=\"robots\" content=\"index, follow, max-snippet:-1, max-image-preview:large, max-video-preview:-1\" \/>\n<link rel=\"canonical\" href=\"https:\/\/qqpets.com\/et\/toode\/retractable-dog-leash-with-light-1-0-qqpets\/\" \/>\n<meta property=\"og:locale\" content=\"et_EE\" \/>\n<meta property=\"og:type\" content=\"article\" \/>\n<meta property=\"og:title\" content=\"Retractable Dog Leash With Light 1.0 - QQPETS | QQPETS\" \/>\n<meta property=\"og:description\" content=\"Explore our Retractable Dog Leash With Light for safe night walks. Durable, convenient, and bright. Buy now!\" \/>\n<meta property=\"og:url\" content=\"https:\/\/qqpets.com\/et\/toode\/retractable-dog-leash-with-light-1-0-qqpets\/\" \/>\n<meta property=\"og:site_name\" content=\"QQPETS\" \/>\n<meta property=\"article:publisher\" content=\"https:\/\/www.facebook.com\/QQpetsdogcollars\" \/>\n<meta property=\"og:image\" content=\"https:\/\/qqpets.com\/wp-content\/uploads\/2023\/09\/retractable-dog-leahs-with-led.webp\" \/>\n\t<meta property=\"og:image:width\" content=\"1500\" \/>\n\t<meta property=\"og:image:height\" content=\"1500\" \/>\n\t<meta property=\"og:image:type\" content=\"image\/webp\" \/>\n<meta name=\"twitter:card\" content=\"summary_large_image\" \/>\n<meta name=\"twitter:label1\" content=\"Est. reading time\" \/>\n\t<meta name=\"twitter:data1\" content=\"2 minutit\" \/>\n<script type=\"application\/ld+json\" class=\"yoast-schema-graph\">{\"@context\":\"https:\/\/schema.org\",\"@graph\":[{\"@type\":\"WebPage\",\"@id\":\"https:\/\/qqpets.com\/product\/retractable-dog-leash-with-light-1-0-qqpets\/\",\"url\":\"https:\/\/qqpets.com\/product\/retractable-dog-leash-with-light-1-0-qqpets\/\",\"name\":\"Retractable Dog Leash With Light 1.0 - QQPETS | QQPETS\",\"isPartOf\":{\"@id\":\"https:\/\/qqpets.com\/#website\"},\"primaryImageOfPage\":{\"@id\":\"https:\/\/qqpets.com\/product\/retractable-dog-leash-with-light-1-0-qqpets\/#primaryimage\"},\"image\":{\"@id\":\"https:\/\/qqpets.com\/product\/retractable-dog-leash-with-light-1-0-qqpets\/#primaryimage\"},\"thumbnailUrl\":\"https:\/\/qqpets.com\/wp-content\/uploads\/2023\/09\/retractable-dog-leahs-with-led.webp\",\"datePublished\":\"2024-08-30T09:38:13+00:00\",\"description\":\"Explore our Retractable Dog Leash With Light for safe night walks. Durable, convenient, and bright. Buy now!\",\"breadcrumb\":{\"@id\":\"https:\/\/qqpets.com\/product\/retractable-dog-leash-with-light-1-0-qqpets\/#breadcrumb\"},\"inLanguage\":\"et\",\"potentialAction\":[{\"@type\":\"ReadAction\",\"target\":[\"https:\/\/qqpets.com\/product\/retractable-dog-leash-with-light-1-0-qqpets\/\"]}]},{\"@type\":\"ImageObject\",\"inLanguage\":\"et\",\"@id\":\"https:\/\/qqpets.com\/product\/retractable-dog-leash-with-light-1-0-qqpets\/#primaryimage\",\"url\":\"https:\/\/qqpets.com\/wp-content\/uploads\/2023\/09\/retractable-dog-leahs-with-led.webp\",\"contentUrl\":\"https:\/\/qqpets.com\/wp-content\/uploads\/2023\/09\/retractable-dog-leahs-with-led.webp\",\"width\":1500,\"height\":1500,\"caption\":\"retractable dog leahs with led\"},{\"@type\":\"BreadcrumbList\",\"@id\":\"https:\/\/qqpets.com\/product\/retractable-dog-leash-with-light-1-0-qqpets\/#breadcrumb\",\"itemListElement\":[{\"@type\":\"ListItem\",\"position\":1,\"name\":\"Home\",\"item\":\"https:\/\/qqpets.com\/\"},{\"@type\":\"ListItem\",\"position\":2,\"name\":\"Products\",\"item\":\"https:\/\/qqpets.com\/pet-products-manufacturer\/\"},{\"@type\":\"ListItem\",\"position\":3,\"name\":\"Retractable Dog Leash With Light 1.0 &#8211; QQPETS\"}]},{\"@type\":\"WebSite\",\"@id\":\"https:\/\/qqpets.com\/#website\",\"url\":\"https:\/\/qqpets.com\/\",\"name\":\"QQPETS\",\"description\":\"QQPETS is a pet products factory for dog harnesses, dog collars, dog leashes and dog accessories with professional customized service since 2005.\",\"publisher\":{\"@id\":\"https:\/\/qqpets.com\/#organization\"},\"potentialAction\":[{\"@type\":\"SearchAction\",\"target\":{\"@type\":\"EntryPoint\",\"urlTemplate\":\"https:\/\/qqpets.com\/?s={search_term_string}\"},\"query-input\":{\"@type\":\"PropertyValueSpecification\",\"valueRequired\":true,\"valueName\":\"search_term_string\"}}],\"inLanguage\":\"et\"},{\"@type\":\"Organization\",\"@id\":\"https:\/\/qqpets.com\/#organization\",\"name\":\"QQPETS\",\"url\":\"https:\/\/qqpets.com\/\",\"logo\":{\"@type\":\"ImageObject\",\"inLanguage\":\"et\",\"@id\":\"https:\/\/qqpets.com\/#\/schema\/logo\/image\/\",\"url\":\"https:\/\/qqpets.com\/wp-content\/uploads\/2023\/09\/cropped-cropped-qqpets-tiktok.jpg\",\"contentUrl\":\"https:\/\/qqpets.com\/wp-content\/uploads\/2023\/09\/cropped-cropped-qqpets-tiktok.jpg\",\"width\":511,\"height\":511,\"caption\":\"QQPETS\"},\"image\":{\"@id\":\"https:\/\/qqpets.com\/#\/schema\/logo\/image\/\"},\"sameAs\":[\"https:\/\/www.facebook.com\/QQpetsdogcollars\",\"https:\/\/www.instagram.com\/qqpetscollar\/\",\"https:\/\/www.pinterest.com\/qqpetsdogcollarsfactory\/\"]}]}<\/script>\n<!-- \/ Yoast SEO plugin. -->","yoast_head_json":{"title":"Sisse t\u00f5mmatav koerarihm valgusega 1.0 - QQPETS | QQPETS","description":"Tutvu meie sisset\u00f5mmatava koerarihmaga valgustusega turvaliste \u00f6iste jalutusk\u00e4ikude jaoks. Vastupidav, mugav ja s\u00e4rav. Osta kohe!","robots":{"index":"index","follow":"follow","max-snippet":"max-snippet:-1","max-image-preview":"max-image-preview:large","max-video-preview":"max-video-preview:-1"},"canonical":"https:\/\/qqpets.com\/et\/toode\/retractable-dog-leash-with-light-1-0-qqpets\/","og_locale":"et_EE","og_type":"article","og_title":"Retractable Dog Leash With Light 1.0 - QQPETS | QQPETS","og_description":"Explore our Retractable Dog Leash With Light for safe night walks. Durable, convenient, and bright. Buy now!","og_url":"https:\/\/qqpets.com\/et\/toode\/retractable-dog-leash-with-light-1-0-qqpets\/","og_site_name":"QQPETS","article_publisher":"https:\/\/www.facebook.com\/QQpetsdogcollars","og_image":[{"width":1500,"height":1500,"url":"https:\/\/qqpets.com\/wp-content\/uploads\/2023\/09\/retractable-dog-leahs-with-led.webp","type":"image\/webp"}],"twitter_card":"summary_large_image","twitter_misc":{"Est. reading time":"2 minutit"},"schema":{"@context":"https:\/\/schema.org","@graph":[{"@type":"WebPage","@id":"https:\/\/qqpets.com\/product\/retractable-dog-leash-with-light-1-0-qqpets\/","url":"https:\/\/qqpets.com\/product\/retractable-dog-leash-with-light-1-0-qqpets\/","name":"Sisse t\u00f5mmatav koerarihm valgusega 1.0 - QQPETS | QQPETS","isPartOf":{"@id":"https:\/\/qqpets.com\/#website"},"primaryImageOfPage":{"@id":"https:\/\/qqpets.com\/product\/retractable-dog-leash-with-light-1-0-qqpets\/#primaryimage"},"image":{"@id":"https:\/\/qqpets.com\/product\/retractable-dog-leash-with-light-1-0-qqpets\/#primaryimage"},"thumbnailUrl":"https:\/\/qqpets.com\/wp-content\/uploads\/2023\/09\/retractable-dog-leahs-with-led.webp","datePublished":"2024-08-30T09:38:13+00:00","description":"Tutvu meie sisset\u00f5mmatava koerarihmaga valgustusega turvaliste \u00f6iste jalutusk\u00e4ikude jaoks. Vastupidav, mugav ja s\u00e4rav. Osta kohe!","breadcrumb":{"@id":"https:\/\/qqpets.com\/product\/retractable-dog-leash-with-light-1-0-qqpets\/#breadcrumb"},"inLanguage":"et","potentialAction":[{"@type":"ReadAction","target":["https:\/\/qqpets.com\/product\/retractable-dog-leash-with-light-1-0-qqpets\/"]}]},{"@type":"ImageObject","inLanguage":"et","@id":"https:\/\/qqpets.com\/product\/retractable-dog-leash-with-light-1-0-qqpets\/#primaryimage","url":"https:\/\/qqpets.com\/wp-content\/uploads\/2023\/09\/retractable-dog-leahs-with-led.webp","contentUrl":"https:\/\/qqpets.com\/wp-content\/uploads\/2023\/09\/retractable-dog-leahs-with-led.webp","width":1500,"height":1500,"caption":"retractable dog leahs with led"},{"@type":"BreadcrumbList","@id":"https:\/\/qqpets.com\/product\/retractable-dog-leash-with-light-1-0-qqpets\/#breadcrumb","itemListElement":[{"@type":"ListItem","position":1,"name":"Home","item":"https:\/\/qqpets.com\/"},{"@type":"ListItem","position":2,"name":"Products","item":"https:\/\/qqpets.com\/pet-products-manufacturer\/"},{"@type":"ListItem","position":3,"name":"Retractable Dog Leash With Light 1.0 &#8211; QQPETS"}]},{"@type":"WebSite","@id":"https:\/\/qqpets.com\/#website","url":"https:\/\/qqpets.com\/","name":"QQPETS","description":"QQPETS on lemmikloomatoodete tehas koerte rakmete, koerte kaelarihmade, koerte rihmade ja koerte tarvikute jaoks, mis pakub professionaalset kohandatud teenust alates 2005. aastast.","publisher":{"@id":"https:\/\/qqpets.com\/#organization"},"potentialAction":[{"@type":"SearchAction","target":{"@type":"EntryPoint","urlTemplate":"https:\/\/qqpets.com\/?s={search_term_string}"},"query-input":{"@type":"PropertyValueSpecification","valueRequired":true,"valueName":"search_term_string"}}],"inLanguage":"et"},{"@type":"Organization","@id":"https:\/\/qqpets.com\/#organization","name":"QQPETS","url":"https:\/\/qqpets.com\/","logo":{"@type":"ImageObject","inLanguage":"et","@id":"https:\/\/qqpets.com\/#\/schema\/logo\/image\/","url":"https:\/\/qqpets.com\/wp-content\/uploads\/2023\/09\/cropped-cropped-qqpets-tiktok.jpg","contentUrl":"https:\/\/qqpets.com\/wp-content\/uploads\/2023\/09\/cropped-cropped-qqpets-tiktok.jpg","width":511,"height":511,"caption":"QQPETS"},"image":{"@id":"https:\/\/qqpets.com\/#\/schema\/logo\/image\/"},"sameAs":["https:\/\/www.facebook.com\/QQpetsdogcollars","https:\/\/www.instagram.com\/qqpetscollar\/","https:\/\/www.pinterest.com\/qqpetsdogcollarsfactory\/"]}]}},"_links":{"self":[{"href":"https:\/\/qqpets.com\/et\/wp-json\/wp\/v2\/product\/7631","targetHints":{"allow":["GET"]}}],"collection":[{"href":"https:\/\/qqpets.com\/et\/wp-json\/wp\/v2\/product"}],"about":[{"href":"https:\/\/qqpets.com\/et\/wp-json\/wp\/v2\/types\/product"}],"wp:featuredmedia":[{"embeddable":true,"href":"https:\/\/qqpets.com\/et\/wp-json\/wp\/v2\/media\/7325"}],"wp:attachment":[{"href":"https:\/\/qqpets.com\/et\/wp-json\/wp\/v2\/media?parent=7631"}],"wp:term":[{"taxonomy":"product_brand","embeddable":true,"href":"https:\/\/qqpets.com\/et\/wp-json\/wp\/v2\/product_brand?post=7631"},{"taxonomy":"product_cat","embeddable":true,"href":"https:\/\/qqpets.com\/et\/wp-json\/wp\/v2\/product_cat?post=7631"},{"taxonomy":"product_tag","embeddable":true,"href":"https:\/\/qqpets.com\/et\/wp-json\/wp\/v2\/product_tag?post=7631"}],"curies":[{"name":"wp","href":"https:\/\/api.w.org\/{rel}","templated":true}]}}