{"id":7639,"date":"2024-08-30T17:55:25","date_gmt":"2024-08-30T09:55:25","guid":{"rendered":"https:\/\/qqpets.com\/?post_type=product&#038;p=7639"},"modified":"2024-11-11T15:18:38","modified_gmt":"2024-11-11T07:18:38","slug":"no-pull-led-dog-harness","status":"publish","type":"product","link":"https:\/\/qqpets.com\/et\/toode\/no-pull-led-dog-harness\/","title":{"rendered":"No Pull LED koera rakmed"},"content":{"rendered":"<p>Tutvustame meie uuenduslikku No Pull Light Up koeravalja, mis on loodud spetsiaalselt teie koera ohutuse ja mugavuse tagamiseks \u00f6istel v\u00e4ljas\u00f5itudel. See rakmed on varustatud v\u00f5imsate LED-tuledega ja h\u00e4sti n\u00e4htavate helkurrihmadega, mis tagavad, et teie lemmikloom j\u00e4\u00e4b n\u00e4htavaks ka h\u00e4marates tingimustes, suurendades nii turvalisust jalutusk\u00e4ikudel v\u00f5i tiheda liiklusega piirkondades.<\/p>\n<p>T\u00f5mbamise v\u00e4ltimiseks loodud rakmed on t\u00f5mbamisvastase konstruktsiooniga, mis takistab koera t\u00f5mbamist, jagades surve pigem rinnale kui kaelale. See ei aita mitte ainult juhtida teie lemmiklooma liikumist, vaid tagab ka selle, et ta on jalutusk\u00e4ikudel mugav, v\u00e4hendades nii lemmiklooma kui ka omaniku stressi.<\/p>\n<p>Reguleeritavad rihmad v\u00f5imaldavad kohandada rihma vastavalt teie koera suurusele ja kujule, tagades, et rakmed p\u00fcsivad kindlalt ja kindlalt paigal ilma liikumist piiramata. Ergonoomiline disain aitab \u00fchtlaselt jaotada survet, et v\u00e4ltida vigastusi, mist\u00f5ttu sobib see igap\u00e4evaseks kasutamiseks.<\/p>\n<p>Meie No Pull Light Up koeravaljend on valmistatud vastupidavast materjalist, mis on loodud kestma lugematuid jalutusk\u00e4ike ja seiklusi. Seda on lihtne kasutada, lihtsa mehhanismiga tulede sisse- ja v\u00e4ljal\u00fclitamiseks ning see saab toidet v\u00e4ikesest, kergesti vahetatavast patareist.<\/p>\n<p>Ideaalne lemmikloomaomanikele, kes suhtuvad ohutusse t\u00f5siselt, \u00fchendab see rakmed praktilise funktsionaalsuse ja t\u00e4iustatud turvaelemendid, tagades, et teie \u00f6ised jalutusk\u00e4igud on nii nauditavad kui ka turvalised. Varustage oma koer meie No Pull Light Up koeravaljendiga ja nautige meelerahu, teades, et koer on turvaline ja n\u00e4htav, olenemata p\u00e4eva- v\u00f5i \u00f6\u00f6ajast.<\/p>\n<p><strong>Kas LED-kaelarihmad on koertele ohutud?<\/strong><\/p>\n<p>Jah, LED-kaelarihmad on koertele ohutud. Need on loodud selleks, et suurendada n\u00e4htavust ja turvalisust \u00f6iste jalutusk\u00e4ikude ajal, ilma et need p\u00f5hjustaksid koerale ebamugavust v\u00f5i kahju.<\/p>\n<p><strong>Kuidas LED-koerakaelarihm t\u00f6\u00f6tab?<\/strong><\/p>\n<p>LED-koerakaelarihm t\u00f6\u00f6tab, kui valgusdioodid (LED-id) on integreeritud kaelarihma kangasse v\u00f5i on kinnitatud ribana, mis saab toidet v\u00e4ikestest patareidest, mis paneb kaelarihma pimedas valgustama.<\/p>\n<p><strong>Kas LED-tuled aitavad koeri?<\/strong><\/p>\n<p>LED-tuled aitavad suurendada koera n\u00e4htavust autojuhtide, jalgratturite ja teiste jaoks h\u00e4marates tingimustes, suurendades ohutust, kuid nad ei paku otsest kasu, nagu koera n\u00e4gemise parandamine.<\/p>\n<p><strong>Kuidas pesta LED-koera kaelarihma?<\/strong><\/p>\n<p>LED-kaelarihma pesemiseks eemaldage v\u00f5imalusel k\u00f5ik elektroonilised komponendid ja peske kaelarihma \u00f5rnalt k\u00e4sitsi, kasutades mahedat seepi. V\u00e4ltige veekindlate elektriliste osade uputamist vette.<\/p>\n<p><strong>Kuidas laadida LED-koerakaelarihma?<\/strong><\/p>\n<p>Enamik LED-koerakaelarihmasid laetakse USB-kaabli kaudu. \u00dchendage lihtsalt kaabel kaelarihma laadimisportiga ja \u00fchendage teine ots USB-laadija v\u00f5i arvutiga.<\/p>\n<p><strong>Kas koera kaelarihmad t\u00f5mbavad v\u00e4lku?<\/strong><\/p>\n<p>Ei, koerte kaelarihmad ei t\u00f5mba v\u00e4lku. Oht, et v\u00e4lk suunab koera kaelarihma, on \u00e4\u00e4rmiselt v\u00e4ike ja ei ole m\u00e4rkimisv\u00e4\u00e4rne probleem.<\/p>\n<p><strong>Milliseid kaelarihmasid soovitavad loomaarstid?<\/strong><\/p>\n<p>Tavaliselt soovitavad loomaarstid kaelarihmasid, mis on ohutud, mugavad ning sobivad koera suuruse ja t\u00f5uga. Igap\u00e4evaseks kasutamiseks soovitatakse sageli lahtik\u00e4ivaid v\u00f5i reguleeritavaid lamedaid kaelarihmasid.<\/p>\n<p><strong>Milline LED-v\u00e4rv on koertele parim?<\/strong><\/p>\n<p>LED-koerakaelarihmade n\u00e4htavuse tagamiseks on parimad heledad v\u00e4rvid, nagu valge v\u00f5i sinine, kuna need on \u00f6\u00f6sel paremini n\u00e4htavad kui soojemad v\u00e4rvid, mis v\u00f5ivad sulanduda linna valgusreostusse.<\/p>","protected":false},"excerpt":{"rendered":"<p>Maksimeeri oma koera turvalisust meie No Pull Light Up koeravaljendiga, mis on varustatud helkurrihmade ja sisseehitatud tuledega, mis suurendavad n\u00e4htavust. See rakmed on t\u00f5mbamisvastase konstruktsiooniga, mis kontrollib t\u00f5mbek\u00e4itumist, tagades mugavad ja stressivabad jalutusk\u00e4igud. T\u00e4iusliku sobivuse tagamiseks on see ideaalne \u00f6ise ohutuse tagamiseks, hoides teie lemmiklooma n\u00e4htavana ja turvalisena. Ergonoomiline konstruktsioon jaotab surve \u00fchtlaselt, kaitstes jalutusk\u00e4ikude ajal teie koera kaela ja selga.<\/p>","protected":false},"featured_media":7642,"template":"","meta":[],"product_brand":[],"product_cat":[23,21],"product_tag":[],"class_list":{"0":"post-7639","1":"product","2":"type-product","3":"status-publish","4":"has-post-thumbnail","6":"product_cat-dog-harness","7":"product_cat-led-product","8":"pa_brand-qqpets","10":"first","11":"instock","12":"shipping-taxable","13":"product-type-simple"},"yoast_head":"<!-- This site is optimized with the Yoast SEO plugin v26.6 - https:\/\/yoast.com\/wordpress\/plugins\/seo\/ -->\n<title>No Pull LED Dog Harness | QQPETS<\/title>\n<meta name=\"description\" content=\"Ensure safety with our No Pull Light Up Dog Harness. Reflective, comfortable, and secure. Perfect for night walks!\" \/>\n<meta name=\"robots\" content=\"index, follow, max-snippet:-1, max-image-preview:large, max-video-preview:-1\" \/>\n<link rel=\"canonical\" href=\"https:\/\/qqpets.com\/et\/toode\/no-pull-led-dog-harness\/\" \/>\n<meta property=\"og:locale\" content=\"et_EE\" \/>\n<meta property=\"og:type\" content=\"article\" \/>\n<meta property=\"og:title\" content=\"No Pull LED Dog Harness | QQPETS\" \/>\n<meta property=\"og:description\" content=\"Ensure safety with our No Pull Light Up Dog Harness. Reflective, comfortable, and secure. Perfect for night walks!\" \/>\n<meta property=\"og:url\" content=\"https:\/\/qqpets.com\/et\/toode\/no-pull-led-dog-harness\/\" \/>\n<meta property=\"og:site_name\" content=\"QQPETS\" \/>\n<meta property=\"article:publisher\" content=\"https:\/\/www.facebook.com\/QQpetsdogcollars\" \/>\n<meta property=\"article:modified_time\" content=\"2024-11-11T07:18:38+00:00\" \/>\n<meta property=\"og:image\" content=\"https:\/\/qqpets.com\/wp-content\/uploads\/2024\/08\/No-Pull-Light-Up-Dog-Harness-With-Reflective-Straps.webp\" \/>\n\t<meta property=\"og:image:width\" content=\"1600\" \/>\n\t<meta property=\"og:image:height\" content=\"1600\" \/>\n\t<meta property=\"og:image:type\" content=\"image\/webp\" \/>\n<meta name=\"twitter:card\" content=\"summary_large_image\" \/>\n<meta name=\"twitter:label1\" content=\"Est. reading time\" \/>\n\t<meta name=\"twitter:data1\" content=\"3 minutit\" \/>\n<script type=\"application\/ld+json\" class=\"yoast-schema-graph\">{\"@context\":\"https:\/\/schema.org\",\"@graph\":[{\"@type\":\"WebPage\",\"@id\":\"https:\/\/qqpets.com\/product\/no-pull-led-dog-harness\/\",\"url\":\"https:\/\/qqpets.com\/product\/no-pull-led-dog-harness\/\",\"name\":\"No Pull LED Dog Harness | QQPETS\",\"isPartOf\":{\"@id\":\"https:\/\/qqpets.com\/#website\"},\"primaryImageOfPage\":{\"@id\":\"https:\/\/qqpets.com\/product\/no-pull-led-dog-harness\/#primaryimage\"},\"image\":{\"@id\":\"https:\/\/qqpets.com\/product\/no-pull-led-dog-harness\/#primaryimage\"},\"thumbnailUrl\":\"https:\/\/qqpets.com\/wp-content\/uploads\/2024\/08\/No-Pull-Light-Up-Dog-Harness-With-Reflective-Straps.webp\",\"datePublished\":\"2024-08-30T09:55:25+00:00\",\"dateModified\":\"2024-11-11T07:18:38+00:00\",\"description\":\"Ensure safety with our No Pull Light Up Dog Harness. Reflective, comfortable, and secure. Perfect for night walks!\",\"breadcrumb\":{\"@id\":\"https:\/\/qqpets.com\/product\/no-pull-led-dog-harness\/#breadcrumb\"},\"inLanguage\":\"et\",\"potentialAction\":[{\"@type\":\"ReadAction\",\"target\":[\"https:\/\/qqpets.com\/product\/no-pull-led-dog-harness\/\"]}]},{\"@type\":\"ImageObject\",\"inLanguage\":\"et\",\"@id\":\"https:\/\/qqpets.com\/product\/no-pull-led-dog-harness\/#primaryimage\",\"url\":\"https:\/\/qqpets.com\/wp-content\/uploads\/2024\/08\/No-Pull-Light-Up-Dog-Harness-With-Reflective-Straps.webp\",\"contentUrl\":\"https:\/\/qqpets.com\/wp-content\/uploads\/2024\/08\/No-Pull-Light-Up-Dog-Harness-With-Reflective-Straps.webp\",\"width\":1600,\"height\":1600},{\"@type\":\"BreadcrumbList\",\"@id\":\"https:\/\/qqpets.com\/product\/no-pull-led-dog-harness\/#breadcrumb\",\"itemListElement\":[{\"@type\":\"ListItem\",\"position\":1,\"name\":\"Home\",\"item\":\"https:\/\/qqpets.com\/\"},{\"@type\":\"ListItem\",\"position\":2,\"name\":\"Products\",\"item\":\"https:\/\/qqpets.com\/pet-products-manufacturer\/\"},{\"@type\":\"ListItem\",\"position\":3,\"name\":\"No Pull LED Dog Harness\"}]},{\"@type\":\"WebSite\",\"@id\":\"https:\/\/qqpets.com\/#website\",\"url\":\"https:\/\/qqpets.com\/\",\"name\":\"QQPETS\",\"description\":\"QQPETS is a pet products factory for dog harnesses, dog collars, dog leashes and dog accessories with professional customized service since 2005.\",\"publisher\":{\"@id\":\"https:\/\/qqpets.com\/#organization\"},\"potentialAction\":[{\"@type\":\"SearchAction\",\"target\":{\"@type\":\"EntryPoint\",\"urlTemplate\":\"https:\/\/qqpets.com\/?s={search_term_string}\"},\"query-input\":{\"@type\":\"PropertyValueSpecification\",\"valueRequired\":true,\"valueName\":\"search_term_string\"}}],\"inLanguage\":\"et\"},{\"@type\":\"Organization\",\"@id\":\"https:\/\/qqpets.com\/#organization\",\"name\":\"QQPETS\",\"url\":\"https:\/\/qqpets.com\/\",\"logo\":{\"@type\":\"ImageObject\",\"inLanguage\":\"et\",\"@id\":\"https:\/\/qqpets.com\/#\/schema\/logo\/image\/\",\"url\":\"https:\/\/qqpets.com\/wp-content\/uploads\/2023\/09\/cropped-cropped-qqpets-tiktok.jpg\",\"contentUrl\":\"https:\/\/qqpets.com\/wp-content\/uploads\/2023\/09\/cropped-cropped-qqpets-tiktok.jpg\",\"width\":511,\"height\":511,\"caption\":\"QQPETS\"},\"image\":{\"@id\":\"https:\/\/qqpets.com\/#\/schema\/logo\/image\/\"},\"sameAs\":[\"https:\/\/www.facebook.com\/QQpetsdogcollars\",\"https:\/\/www.instagram.com\/qqpetscollar\/\",\"https:\/\/www.pinterest.com\/qqpetsdogcollarsfactory\/\"]}]}<\/script>\n<!-- \/ Yoast SEO plugin. -->","yoast_head_json":{"title":"No Pull LED koera rakmed | QQPETS","description":"Tagage turvalisus meie No Pull Light Up koeravaljendiga. Helkur, mugav ja turvaline. Ideaalne \u00f6istele jalutusk\u00e4ikudele!","robots":{"index":"index","follow":"follow","max-snippet":"max-snippet:-1","max-image-preview":"max-image-preview:large","max-video-preview":"max-video-preview:-1"},"canonical":"https:\/\/qqpets.com\/et\/toode\/no-pull-led-dog-harness\/","og_locale":"et_EE","og_type":"article","og_title":"No Pull LED Dog Harness | QQPETS","og_description":"Ensure safety with our No Pull Light Up Dog Harness. Reflective, comfortable, and secure. Perfect for night walks!","og_url":"https:\/\/qqpets.com\/et\/toode\/no-pull-led-dog-harness\/","og_site_name":"QQPETS","article_publisher":"https:\/\/www.facebook.com\/QQpetsdogcollars","article_modified_time":"2024-11-11T07:18:38+00:00","og_image":[{"width":1600,"height":1600,"url":"https:\/\/qqpets.com\/wp-content\/uploads\/2024\/08\/No-Pull-Light-Up-Dog-Harness-With-Reflective-Straps.webp","type":"image\/webp"}],"twitter_card":"summary_large_image","twitter_misc":{"Est. reading time":"3 minutit"},"schema":{"@context":"https:\/\/schema.org","@graph":[{"@type":"WebPage","@id":"https:\/\/qqpets.com\/product\/no-pull-led-dog-harness\/","url":"https:\/\/qqpets.com\/product\/no-pull-led-dog-harness\/","name":"No Pull LED koera rakmed | QQPETS","isPartOf":{"@id":"https:\/\/qqpets.com\/#website"},"primaryImageOfPage":{"@id":"https:\/\/qqpets.com\/product\/no-pull-led-dog-harness\/#primaryimage"},"image":{"@id":"https:\/\/qqpets.com\/product\/no-pull-led-dog-harness\/#primaryimage"},"thumbnailUrl":"https:\/\/qqpets.com\/wp-content\/uploads\/2024\/08\/No-Pull-Light-Up-Dog-Harness-With-Reflective-Straps.webp","datePublished":"2024-08-30T09:55:25+00:00","dateModified":"2024-11-11T07:18:38+00:00","description":"Tagage turvalisus meie No Pull Light Up koeravaljendiga. Helkur, mugav ja turvaline. Ideaalne \u00f6istele jalutusk\u00e4ikudele!","breadcrumb":{"@id":"https:\/\/qqpets.com\/product\/no-pull-led-dog-harness\/#breadcrumb"},"inLanguage":"et","potentialAction":[{"@type":"ReadAction","target":["https:\/\/qqpets.com\/product\/no-pull-led-dog-harness\/"]}]},{"@type":"ImageObject","inLanguage":"et","@id":"https:\/\/qqpets.com\/product\/no-pull-led-dog-harness\/#primaryimage","url":"https:\/\/qqpets.com\/wp-content\/uploads\/2024\/08\/No-Pull-Light-Up-Dog-Harness-With-Reflective-Straps.webp","contentUrl":"https:\/\/qqpets.com\/wp-content\/uploads\/2024\/08\/No-Pull-Light-Up-Dog-Harness-With-Reflective-Straps.webp","width":1600,"height":1600},{"@type":"BreadcrumbList","@id":"https:\/\/qqpets.com\/product\/no-pull-led-dog-harness\/#breadcrumb","itemListElement":[{"@type":"ListItem","position":1,"name":"Home","item":"https:\/\/qqpets.com\/"},{"@type":"ListItem","position":2,"name":"Products","item":"https:\/\/qqpets.com\/pet-products-manufacturer\/"},{"@type":"ListItem","position":3,"name":"No Pull LED Dog Harness"}]},{"@type":"WebSite","@id":"https:\/\/qqpets.com\/#website","url":"https:\/\/qqpets.com\/","name":"QQPETS","description":"QQPETS on lemmikloomatoodete tehas koerte rakmete, koerte kaelarihmade, koerte rihmade ja koerte tarvikute jaoks, mis pakub professionaalset kohandatud teenust alates 2005. aastast.","publisher":{"@id":"https:\/\/qqpets.com\/#organization"},"potentialAction":[{"@type":"SearchAction","target":{"@type":"EntryPoint","urlTemplate":"https:\/\/qqpets.com\/?s={search_term_string}"},"query-input":{"@type":"PropertyValueSpecification","valueRequired":true,"valueName":"search_term_string"}}],"inLanguage":"et"},{"@type":"Organization","@id":"https:\/\/qqpets.com\/#organization","name":"QQPETS","url":"https:\/\/qqpets.com\/","logo":{"@type":"ImageObject","inLanguage":"et","@id":"https:\/\/qqpets.com\/#\/schema\/logo\/image\/","url":"https:\/\/qqpets.com\/wp-content\/uploads\/2023\/09\/cropped-cropped-qqpets-tiktok.jpg","contentUrl":"https:\/\/qqpets.com\/wp-content\/uploads\/2023\/09\/cropped-cropped-qqpets-tiktok.jpg","width":511,"height":511,"caption":"QQPETS"},"image":{"@id":"https:\/\/qqpets.com\/#\/schema\/logo\/image\/"},"sameAs":["https:\/\/www.facebook.com\/QQpetsdogcollars","https:\/\/www.instagram.com\/qqpetscollar\/","https:\/\/www.pinterest.com\/qqpetsdogcollarsfactory\/"]}]}},"_links":{"self":[{"href":"https:\/\/qqpets.com\/et\/wp-json\/wp\/v2\/product\/7639","targetHints":{"allow":["GET"]}}],"collection":[{"href":"https:\/\/qqpets.com\/et\/wp-json\/wp\/v2\/product"}],"about":[{"href":"https:\/\/qqpets.com\/et\/wp-json\/wp\/v2\/types\/product"}],"wp:featuredmedia":[{"embeddable":true,"href":"https:\/\/qqpets.com\/et\/wp-json\/wp\/v2\/media\/7642"}],"wp:attachment":[{"href":"https:\/\/qqpets.com\/et\/wp-json\/wp\/v2\/media?parent=7639"}],"wp:term":[{"taxonomy":"product_brand","embeddable":true,"href":"https:\/\/qqpets.com\/et\/wp-json\/wp\/v2\/product_brand?post=7639"},{"taxonomy":"product_cat","embeddable":true,"href":"https:\/\/qqpets.com\/et\/wp-json\/wp\/v2\/product_cat?post=7639"},{"taxonomy":"product_tag","embeddable":true,"href":"https:\/\/qqpets.com\/et\/wp-json\/wp\/v2\/product_tag?post=7639"}],"curies":[{"name":"wp","href":"https:\/\/api.w.org\/{rel}","templated":true}]}}