{"id":7663,"date":"2024-08-31T14:26:13","date_gmt":"2024-08-31T06:26:13","guid":{"rendered":"https:\/\/qqpets.com\/?post_type=product&#038;p=7663"},"modified":"2024-08-31T14:26:13","modified_gmt":"2024-08-31T06:26:13","slug":"basic-step-in-dog-harness","status":"publish","type":"product","link":"https:\/\/qqpets.com\/et\/toode\/basic-step-in-dog-harness\/","title":{"rendered":"Basic Step In koera rakmed"},"content":{"rendered":"<p>Lihtsustage oma igap\u00e4evaseid jalutusk\u00e4ike meie Basic Step In koerarihmaga. See rakmed on m\u00f5eldud loomaomanikele, kes otsivad lihtsat ja lihtsat lahendust oma koera seiklusteks \u00f5ues. Step-in disain v\u00f5imaldab teie lemmikloomal kiiresti ja turvaliselt rakmedesse sisse k\u00f5ndida, mis v\u00e4listab \u00fcle pea olevate rakmetega seotud probleemid.<\/p>\n<p>Rakmed on valmistatud vastupidavast ja kergest materjalist, mis tagab mugava istuvuse, ilma et see koormaks teie lemmiklooma. Reguleeritavad rihmad v\u00f6\u00f6koha ja \u00f5lgade \u00fcmber saab kohandada vastavalt teie koera ainulaadsele suurusele ja kujule, tagades tiheda istuvuse, mis takistab libisemist ja h\u00f5\u00f5rdumist.<\/p>\n<p>Igap\u00e4evaseks kasutamiseks ideaalsel Basic Step In koerarihmal on tugev, keskselt paiknev D-r\u00f5ngas, mis toetab rihma k\u00fclge kinnitamisel surve ja kontrolli \u00fchtlast jaotumist. See disain aitab takistada t\u00f5mbamist, suunates koera t\u00e4helepanu teie poole, mis muudab koera juhtimise ja suunamise jalutusk\u00e4ikudel lihtsamaks.<\/p>\n<p>Meie rakmed ei ole mitte ainult praktilised, vaid ka stiilsed, saadaval erinevates v\u00e4rvides, mis sobivad teie lemmiklooma isiksusele. Olenemata sellest, kas te l\u00e4hete parki, loomaarsti juurde v\u00f5i lihtsalt \u00fcmber kvartali, \u00fchendab see rakmed funktsionaalsuse ja lihtsuse, mist\u00f5ttu on see ideaalne valik nii kogenud kui ka esmakordsele lemmikloomaomanikule.<\/p>\n<p>Varustage oma koer meie Basic Step In koerarihmaga ja nautige l\u00f5dvestunud ja nauditavamat jalutuskogemust, teades, et teie lemmikloom on alati mugav, turvaline ja kindel.<\/p>\n<p><strong>Mis on astmeline koerarihm?<\/strong><\/p>\n<p>Step-in rakmed on rakmete t\u00fc\u00fcp, mis asetseb lamades maapinnal, v\u00f5imaldades koeral lihtsalt esijalgadega sinna sisse astuda. Seej\u00e4rel kinnitub rakmed selja v\u00f5i k\u00fclje poole.<\/p>\n<p><strong>Kuidas panna koera rakmeid samm-sammult?<\/strong><\/p>\n<ul>\n<li style=\"list-style-type: none;\">\n<ul>\n<li>Asetage rakmed maapinnale ja laske koeral sinna astuda.<\/li>\n<li>T\u00f5mmake rakmed \u00fcmber koera keha k\u00fclgedele.<\/li>\n<li>Klammerdage lukk selja k\u00fclge.<\/li>\n<li>Reguleerige rihmad nii, et need sobiksid h\u00e4sti, kuid v\u00f5imaldaksid siiski kahe s\u00f5rmega mis tahes rihma alla libistada.<\/li>\n<\/ul>\n<\/li>\n<\/ul>\n<p><strong>Kas astmeline rakmed on koertele k\u00f5ige ohutumad?<\/strong><\/p>\n<p>Astmelised rakmed v\u00f5ivad olla v\u00e4ga ohutud, eriti v\u00e4iksemate t\u00f5ugude v\u00f5i tundliku kaelaga koerte puhul, kuna need jaotavad surve \u00fchtlasemalt rindkere ja \u00f5lgade \u00fcmber. K\u00f5ige ohutum rakmed s\u00f5ltub siiski iga koera suurusest, t\u00f5ust ja k\u00e4itumisest.<\/p>\n<p><strong>Mis vahe on astmelise ja \u00fclalpool asuva rakmete vahel?<\/strong><\/p>\n<p>Koerale asetatakse maapinnale astmeline rakmed, mille sisse koer astub, samas kui \u00fcle pea olev rakmed pannakse \u00fcle koera pea ja kinnitatakse seej\u00e4rel \u00fcmber rinna. Step-in-rakmed on sageli lihtsamad k\u00f5verate koerte v\u00f5i nende puhul, kellele ei meeldi \u00fcle pea k\u00e4ivad asjad.<\/p>\n<p><strong>Kas koer v\u00f5ib kogu aeg rakmeid kanda?<\/strong><\/p>\n<p>Koerale ei ole soovitatav kogu aeg rakmeid kanda. Pidev kandmine v\u00f5ib p\u00f5hjustada naha\u00e4rritust, karva mattumist ja ebamugavustunnet. Parem on rakmed eemaldada, kui koer on siseruumides v\u00f5i kui ta ei ole rihma otsas, et tagada koera mugavus ja ohutus.<\/p>","protected":false},"excerpt":{"rendered":"<p>Avastage meie Basic Step In koeravalja lihtsus, mis on m\u00f5eldud kiireks paigaldamiseks ja probleemideta jalutusk\u00e4ikudeks. See rakmed sobivad ideaalselt k\u00f5igile koertele, kuna nende lihtne step-in disain muudab seadistamise kiireks ja lihtsaks. Reguleeritavad rihmad tagavad mugava ja mugava istuvuse, samas kui kerge materjal hoiab teie lemmiklooma jalutusk\u00e4ikudel rahulikult. See on ideaalne igap\u00e4evaseks kasutamiseks, pakkudes nii turvalisust kui ka mugavust, parandades teie jalutuskogemust ilma traditsiooniliste rakmete keerukuseta.<\/p>","protected":false},"featured_media":7670,"template":"","meta":[],"product_brand":[],"product_cat":[23],"product_tag":[],"class_list":{"0":"post-7663","1":"product","2":"type-product","3":"status-publish","4":"has-post-thumbnail","6":"product_cat-dog-harness","7":"pa_brand-qqpets","9":"first","10":"instock","11":"shipping-taxable","12":"product-type-simple"},"yoast_head":"<!-- This site is optimized with the Yoast SEO plugin v26.6 - https:\/\/yoast.com\/wordpress\/plugins\/seo\/ -->\n<title>Basic Step In Dog Harness | QQPETS<\/title>\n<meta name=\"description\" content=\"Secure and simplify your walks with our Basic Step In Dog Harness. Easy to use, comfortable fit. Shop now!\" \/>\n<meta name=\"robots\" content=\"index, follow, max-snippet:-1, max-image-preview:large, max-video-preview:-1\" \/>\n<link rel=\"canonical\" href=\"https:\/\/qqpets.com\/et\/toode\/basic-step-in-dog-harness\/\" \/>\n<meta property=\"og:locale\" content=\"et_EE\" \/>\n<meta property=\"og:type\" content=\"article\" \/>\n<meta property=\"og:title\" content=\"Basic Step In Dog Harness | QQPETS\" \/>\n<meta property=\"og:description\" content=\"Secure and simplify your walks with our Basic Step In Dog Harness. Easy to use, comfortable fit. Shop now!\" \/>\n<meta property=\"og:url\" content=\"https:\/\/qqpets.com\/et\/toode\/basic-step-in-dog-harness\/\" \/>\n<meta property=\"og:site_name\" content=\"QQPETS\" \/>\n<meta property=\"article:publisher\" content=\"https:\/\/www.facebook.com\/QQpetsdogcollars\" \/>\n<meta property=\"og:image\" content=\"https:\/\/qqpets.com\/wp-content\/uploads\/2024\/08\/Basic-Step-In-Dog-Harness.webp\" \/>\n\t<meta property=\"og:image:width\" content=\"1600\" \/>\n\t<meta property=\"og:image:height\" content=\"1600\" \/>\n\t<meta property=\"og:image:type\" content=\"image\/webp\" \/>\n<meta name=\"twitter:card\" content=\"summary_large_image\" \/>\n<meta name=\"twitter:label1\" content=\"Est. reading time\" \/>\n\t<meta name=\"twitter:data1\" content=\"3 minutit\" \/>\n<script type=\"application\/ld+json\" class=\"yoast-schema-graph\">{\"@context\":\"https:\/\/schema.org\",\"@graph\":[{\"@type\":\"WebPage\",\"@id\":\"https:\/\/qqpets.com\/product\/basic-step-in-dog-harness\/\",\"url\":\"https:\/\/qqpets.com\/product\/basic-step-in-dog-harness\/\",\"name\":\"Basic Step In Dog Harness | QQPETS\",\"isPartOf\":{\"@id\":\"https:\/\/qqpets.com\/#website\"},\"primaryImageOfPage\":{\"@id\":\"https:\/\/qqpets.com\/product\/basic-step-in-dog-harness\/#primaryimage\"},\"image\":{\"@id\":\"https:\/\/qqpets.com\/product\/basic-step-in-dog-harness\/#primaryimage\"},\"thumbnailUrl\":\"https:\/\/qqpets.com\/wp-content\/uploads\/2024\/08\/Basic-Step-In-Dog-Harness.webp\",\"datePublished\":\"2024-08-31T06:26:13+00:00\",\"description\":\"Secure and simplify your walks with our Basic Step In Dog Harness. Easy to use, comfortable fit. Shop now!\",\"breadcrumb\":{\"@id\":\"https:\/\/qqpets.com\/product\/basic-step-in-dog-harness\/#breadcrumb\"},\"inLanguage\":\"et\",\"potentialAction\":[{\"@type\":\"ReadAction\",\"target\":[\"https:\/\/qqpets.com\/product\/basic-step-in-dog-harness\/\"]}]},{\"@type\":\"ImageObject\",\"inLanguage\":\"et\",\"@id\":\"https:\/\/qqpets.com\/product\/basic-step-in-dog-harness\/#primaryimage\",\"url\":\"https:\/\/qqpets.com\/wp-content\/uploads\/2024\/08\/Basic-Step-In-Dog-Harness.webp\",\"contentUrl\":\"https:\/\/qqpets.com\/wp-content\/uploads\/2024\/08\/Basic-Step-In-Dog-Harness.webp\",\"width\":1600,\"height\":1600},{\"@type\":\"BreadcrumbList\",\"@id\":\"https:\/\/qqpets.com\/product\/basic-step-in-dog-harness\/#breadcrumb\",\"itemListElement\":[{\"@type\":\"ListItem\",\"position\":1,\"name\":\"Home\",\"item\":\"https:\/\/qqpets.com\/\"},{\"@type\":\"ListItem\",\"position\":2,\"name\":\"Products\",\"item\":\"https:\/\/qqpets.com\/pet-products-manufacturer\/\"},{\"@type\":\"ListItem\",\"position\":3,\"name\":\"Basic Step In Dog Harness\"}]},{\"@type\":\"WebSite\",\"@id\":\"https:\/\/qqpets.com\/#website\",\"url\":\"https:\/\/qqpets.com\/\",\"name\":\"QQPETS\",\"description\":\"QQPETS is a pet products factory for dog harnesses, dog collars, dog leashes and dog accessories with professional customized service since 2005.\",\"publisher\":{\"@id\":\"https:\/\/qqpets.com\/#organization\"},\"potentialAction\":[{\"@type\":\"SearchAction\",\"target\":{\"@type\":\"EntryPoint\",\"urlTemplate\":\"https:\/\/qqpets.com\/?s={search_term_string}\"},\"query-input\":{\"@type\":\"PropertyValueSpecification\",\"valueRequired\":true,\"valueName\":\"search_term_string\"}}],\"inLanguage\":\"et\"},{\"@type\":\"Organization\",\"@id\":\"https:\/\/qqpets.com\/#organization\",\"name\":\"QQPETS\",\"url\":\"https:\/\/qqpets.com\/\",\"logo\":{\"@type\":\"ImageObject\",\"inLanguage\":\"et\",\"@id\":\"https:\/\/qqpets.com\/#\/schema\/logo\/image\/\",\"url\":\"https:\/\/qqpets.com\/wp-content\/uploads\/2023\/09\/cropped-cropped-qqpets-tiktok.jpg\",\"contentUrl\":\"https:\/\/qqpets.com\/wp-content\/uploads\/2023\/09\/cropped-cropped-qqpets-tiktok.jpg\",\"width\":511,\"height\":511,\"caption\":\"QQPETS\"},\"image\":{\"@id\":\"https:\/\/qqpets.com\/#\/schema\/logo\/image\/\"},\"sameAs\":[\"https:\/\/www.facebook.com\/QQpetsdogcollars\",\"https:\/\/www.instagram.com\/qqpetscollar\/\",\"https:\/\/www.pinterest.com\/qqpetsdogcollarsfactory\/\"]}]}<\/script>\n<!-- \/ Yoast SEO plugin. -->","yoast_head_json":{"title":"Basic Step In koera rakmed | QQPETS","description":"Kindlustage ja lihtsustage oma jalutusk\u00e4ike meie Basic Step In koerarihmaga. Lihtne kasutada, mugav istuvus. Osta n\u00fc\u00fcd!","robots":{"index":"index","follow":"follow","max-snippet":"max-snippet:-1","max-image-preview":"max-image-preview:large","max-video-preview":"max-video-preview:-1"},"canonical":"https:\/\/qqpets.com\/et\/toode\/basic-step-in-dog-harness\/","og_locale":"et_EE","og_type":"article","og_title":"Basic Step In Dog Harness | QQPETS","og_description":"Secure and simplify your walks with our Basic Step In Dog Harness. Easy to use, comfortable fit. Shop now!","og_url":"https:\/\/qqpets.com\/et\/toode\/basic-step-in-dog-harness\/","og_site_name":"QQPETS","article_publisher":"https:\/\/www.facebook.com\/QQpetsdogcollars","og_image":[{"width":1600,"height":1600,"url":"https:\/\/qqpets.com\/wp-content\/uploads\/2024\/08\/Basic-Step-In-Dog-Harness.webp","type":"image\/webp"}],"twitter_card":"summary_large_image","twitter_misc":{"Est. reading time":"3 minutit"},"schema":{"@context":"https:\/\/schema.org","@graph":[{"@type":"WebPage","@id":"https:\/\/qqpets.com\/product\/basic-step-in-dog-harness\/","url":"https:\/\/qqpets.com\/product\/basic-step-in-dog-harness\/","name":"Basic Step In koera rakmed | QQPETS","isPartOf":{"@id":"https:\/\/qqpets.com\/#website"},"primaryImageOfPage":{"@id":"https:\/\/qqpets.com\/product\/basic-step-in-dog-harness\/#primaryimage"},"image":{"@id":"https:\/\/qqpets.com\/product\/basic-step-in-dog-harness\/#primaryimage"},"thumbnailUrl":"https:\/\/qqpets.com\/wp-content\/uploads\/2024\/08\/Basic-Step-In-Dog-Harness.webp","datePublished":"2024-08-31T06:26:13+00:00","description":"Kindlustage ja lihtsustage oma jalutusk\u00e4ike meie Basic Step In koerarihmaga. Lihtne kasutada, mugav istuvus. Osta n\u00fc\u00fcd!","breadcrumb":{"@id":"https:\/\/qqpets.com\/product\/basic-step-in-dog-harness\/#breadcrumb"},"inLanguage":"et","potentialAction":[{"@type":"ReadAction","target":["https:\/\/qqpets.com\/product\/basic-step-in-dog-harness\/"]}]},{"@type":"ImageObject","inLanguage":"et","@id":"https:\/\/qqpets.com\/product\/basic-step-in-dog-harness\/#primaryimage","url":"https:\/\/qqpets.com\/wp-content\/uploads\/2024\/08\/Basic-Step-In-Dog-Harness.webp","contentUrl":"https:\/\/qqpets.com\/wp-content\/uploads\/2024\/08\/Basic-Step-In-Dog-Harness.webp","width":1600,"height":1600},{"@type":"BreadcrumbList","@id":"https:\/\/qqpets.com\/product\/basic-step-in-dog-harness\/#breadcrumb","itemListElement":[{"@type":"ListItem","position":1,"name":"Home","item":"https:\/\/qqpets.com\/"},{"@type":"ListItem","position":2,"name":"Products","item":"https:\/\/qqpets.com\/pet-products-manufacturer\/"},{"@type":"ListItem","position":3,"name":"Basic Step In Dog Harness"}]},{"@type":"WebSite","@id":"https:\/\/qqpets.com\/#website","url":"https:\/\/qqpets.com\/","name":"QQPETS","description":"QQPETS on lemmikloomatoodete tehas koerte rakmete, koerte kaelarihmade, koerte rihmade ja koerte tarvikute jaoks, mis pakub professionaalset kohandatud teenust alates 2005. aastast.","publisher":{"@id":"https:\/\/qqpets.com\/#organization"},"potentialAction":[{"@type":"SearchAction","target":{"@type":"EntryPoint","urlTemplate":"https:\/\/qqpets.com\/?s={search_term_string}"},"query-input":{"@type":"PropertyValueSpecification","valueRequired":true,"valueName":"search_term_string"}}],"inLanguage":"et"},{"@type":"Organization","@id":"https:\/\/qqpets.com\/#organization","name":"QQPETS","url":"https:\/\/qqpets.com\/","logo":{"@type":"ImageObject","inLanguage":"et","@id":"https:\/\/qqpets.com\/#\/schema\/logo\/image\/","url":"https:\/\/qqpets.com\/wp-content\/uploads\/2023\/09\/cropped-cropped-qqpets-tiktok.jpg","contentUrl":"https:\/\/qqpets.com\/wp-content\/uploads\/2023\/09\/cropped-cropped-qqpets-tiktok.jpg","width":511,"height":511,"caption":"QQPETS"},"image":{"@id":"https:\/\/qqpets.com\/#\/schema\/logo\/image\/"},"sameAs":["https:\/\/www.facebook.com\/QQpetsdogcollars","https:\/\/www.instagram.com\/qqpetscollar\/","https:\/\/www.pinterest.com\/qqpetsdogcollarsfactory\/"]}]}},"_links":{"self":[{"href":"https:\/\/qqpets.com\/et\/wp-json\/wp\/v2\/product\/7663","targetHints":{"allow":["GET"]}}],"collection":[{"href":"https:\/\/qqpets.com\/et\/wp-json\/wp\/v2\/product"}],"about":[{"href":"https:\/\/qqpets.com\/et\/wp-json\/wp\/v2\/types\/product"}],"wp:featuredmedia":[{"embeddable":true,"href":"https:\/\/qqpets.com\/et\/wp-json\/wp\/v2\/media\/7670"}],"wp:attachment":[{"href":"https:\/\/qqpets.com\/et\/wp-json\/wp\/v2\/media?parent=7663"}],"wp:term":[{"taxonomy":"product_brand","embeddable":true,"href":"https:\/\/qqpets.com\/et\/wp-json\/wp\/v2\/product_brand?post=7663"},{"taxonomy":"product_cat","embeddable":true,"href":"https:\/\/qqpets.com\/et\/wp-json\/wp\/v2\/product_cat?post=7663"},{"taxonomy":"product_tag","embeddable":true,"href":"https:\/\/qqpets.com\/et\/wp-json\/wp\/v2\/product_tag?post=7663"}],"curies":[{"name":"wp","href":"https:\/\/api.w.org\/{rel}","templated":true}]}}