{"id":7672,"date":"2024-08-31T15:01:03","date_gmt":"2024-08-31T07:01:03","guid":{"rendered":"https:\/\/qqpets.com\/?post_type=product&#038;p=7672"},"modified":"2024-12-12T17:21:28","modified_gmt":"2024-12-12T09:21:28","slug":"adjustable-print-basic-dog-collar","status":"publish","type":"product","link":"https:\/\/qqpets.com\/et\/toode\/adjustable-print-basic-dog-collar\/","title":{"rendered":"Reguleeritav Prindi Basic koera kaelarihm"},"content":{"rendered":"<p>Tutvustame meie Basic koerakaelarihma, mis on iga lemmikloomaomaniku jaoks h\u00e4davajalik aksessuaar. See kaelarihm \u00fchendab endas funktsionaalsuse ja klassikalise disaini, mist\u00f5ttu on see ideaalne valik igap\u00e4evaseks kasutamiseks. See k\u00f5rgekvaliteedilistest materjalidest valmistatud kaelarihm pakub vastupidavust ja mugavust, mis tagab, et see peab vastu aktiivsete lemmikloomade igap\u00e4evastele n\u00f5udmistele.<\/p>\n<p>Reguleeritav disain v\u00f5imaldab t\u00e4pset sobivust, mis sobib igas suuruses ja t\u00f5ugu koertele. Tugev lukk tagab turvalise sulgemise, mist\u00f5ttu on seda lihtne selga panna ja maha v\u00f5tta, samas kui tugev D-r\u00f5ngas tagab, et saate jalutusk\u00e4iguks kindlalt rihma kinnitada.<\/p>\n<p>Meie Basic koerakaelarihm ei ole mitte ainult praktiline, vaid ka stiilne. Saadaval on erinevaid v\u00e4rvitoone, nii et saate valida selle, mis sobib k\u00f5ige paremini teie koera isiksusega v\u00f5i t\u00e4iendab tema karvkatte. Kaelarihma materjali on lihtne puhastada, s\u00e4ilitades selle v\u00e4limuse ja tunde, \u00fcksk\u00f5ik milliseid seiklusi te ja teie lemmikloom ette v\u00f5tate.<\/p>\n<p>Kas te treenite, jalutate v\u00f5i lihtsalt varustate oma lemmiklooma igap\u00e4evaste h\u00e4davajalike asjadega, meie koera p\u00f5hiline kaelarihm on sobiv. See pakub v\u00f5rratut kombinatsiooni turvalisusest, mugavusest ja stiilist, mis teeb sellest t\u00e4iusliku valiku teie karvase s\u00f5bra jaoks.<\/p>\n<h4><strong>Milline on k\u00f5ige levinum koerakaelarihm?<\/strong><\/h4>\n<p>Lamekrae on k\u00f5ige tavalisem koerakaelarihma t\u00fc\u00fcp. See on lihtne, reguleeritav ja sobib ID-m\u00e4rkide ja rihma kinnitamiseks.<\/p>\n<h4><strong>Milline kaelarihm on koerale parim?<\/strong><\/h4>\n<p>Milline on koera jaoks parim kaelarihm, s\u00f5ltub koera ja omaniku konkreetsetest vajadustest. \u00dcldiselt soovitatakse mugavuse ja vastupidavuse tagamiseks polsterdatud, reguleeritavat nailonist v\u00f5i nahast kaelarihma.<\/p>\n<h4><strong>Kas k\u00e4gistamiskaelarihmad on ebaseaduslikud?<\/strong><\/h4>\n<p>Enamikus kohtades ei ole k\u00e4gistamiskaelarihmad ebaseaduslikud, kuid nende kasutamine on v\u00e4ga vastuoluline ja paljudes riikides \u00fcha enam keelatud v\u00f5i reguleeritud, kuna nad on mures loomade heaolu p\u00e4rast.<\/p>\n<h4><strong>Mis peaks olema koera kaelarihma peal?<\/strong><\/h4>\n<p>Koera kaelarihm peaks olema varustatud ID-m\u00e4rgisega, millel on koera nimi, omaniku nimi ja kontaktandmed. M\u00f5ned omanikud lisavad ka vaktsineerimissildi v\u00f5i mikrokiibim\u00e4rgi.<\/p>\n<h4><strong>Kas koeraga on parem jalutada rakmete v\u00f5i kaelarihmaga?<\/strong><\/h4>\n<p>\u00dcldiselt on parem koeraga jalutada rakmetega, eriti kui koer t\u00f5mbab. Rakmed jaotavad survet \u00fchtlasemalt kogu kehale ning v\u00e4hendavad koormust kaelale ja kurgule.<\/p>\n<h4><strong>Kas koerad peaksid magama kaelarihmaga?<\/strong><\/h4>\n<p>\u00dcldiselt on koertel ohutum mitte magada kaelarihmaga, et v\u00e4ltida l\u00e4mbumisohtu v\u00f5i ohtu, et koer j\u00e4\u00e4b une ajal liikudes millegi k\u00fclge kinni.<\/p>","protected":false},"excerpt":{"rendered":"<p>Parandage oma lemmiklooma igap\u00e4evast rutiini meie Basic koerakaelaga, mis on loodud vastupidavuse ja mugavuse tagamiseks. Sellel kaelarihmal on lihtne, reguleeritav disain, mis tagab t\u00e4iusliku sobivuse igale t\u00f5ule. See on valmistatud kvaliteetsetest materjalidest, on vastupidav ja seda on lihtne puhastada. See on ideaalne igap\u00e4evaseks kandmiseks ja sisaldab tugevat lukku kiireks vabastamiseks ning D-r\u00f5ngast turvaliseks rihma kinnitamiseks. Saadaval erinevates v\u00e4rvides, on see t\u00e4iuslik segu funktsionaalsusest ja stiilist teie koerale.<\/p>","protected":false},"featured_media":9678,"template":"","meta":[],"product_brand":[],"product_cat":[26],"product_tag":[],"class_list":{"0":"post-7672","1":"product","2":"type-product","3":"status-publish","4":"has-post-thumbnail","6":"product_cat-dog-collar","7":"pa_brand-qqpets","9":"first","10":"instock","11":"shipping-taxable","12":"product-type-simple"},"yoast_head":"<!-- This site is optimized with the Yoast SEO plugin v26.6 - https:\/\/yoast.com\/wordpress\/plugins\/seo\/ -->\n<title>Adjustable Print Basic Dog Collar | QQPETS<\/title>\n<meta name=\"description\" content=\"Discover our durable Basic Dog Collar for everyday use. Comfortable, adjustable, and stylish. Shop now!\" \/>\n<meta name=\"robots\" content=\"index, follow, max-snippet:-1, max-image-preview:large, max-video-preview:-1\" \/>\n<link rel=\"canonical\" href=\"https:\/\/qqpets.com\/et\/toode\/adjustable-print-basic-dog-collar\/\" \/>\n<meta property=\"og:locale\" content=\"et_EE\" \/>\n<meta property=\"og:type\" content=\"article\" \/>\n<meta property=\"og:title\" content=\"Adjustable Print Basic Dog Collar | QQPETS\" \/>\n<meta property=\"og:description\" content=\"Discover our durable Basic Dog Collar for everyday use. Comfortable, adjustable, and stylish. Shop now!\" \/>\n<meta property=\"og:url\" content=\"https:\/\/qqpets.com\/et\/toode\/adjustable-print-basic-dog-collar\/\" \/>\n<meta property=\"og:site_name\" content=\"QQPETS\" \/>\n<meta property=\"article:publisher\" content=\"https:\/\/www.facebook.com\/QQpetsdogcollars\" \/>\n<meta property=\"article:modified_time\" content=\"2024-12-12T09:21:28+00:00\" \/>\n<meta property=\"og:image\" content=\"https:\/\/qqpets.com\/wp-content\/uploads\/2024\/08\/soft-dog-collar.webp\" \/>\n\t<meta property=\"og:image:width\" content=\"800\" \/>\n\t<meta property=\"og:image:height\" content=\"800\" \/>\n\t<meta property=\"og:image:type\" content=\"image\/webp\" \/>\n<meta name=\"twitter:card\" content=\"summary_large_image\" \/>\n<meta name=\"twitter:label1\" content=\"Est. reading time\" \/>\n\t<meta name=\"twitter:data1\" content=\"2 minutit\" \/>\n<script type=\"application\/ld+json\" class=\"yoast-schema-graph\">{\"@context\":\"https:\/\/schema.org\",\"@graph\":[{\"@type\":\"WebPage\",\"@id\":\"https:\/\/qqpets.com\/product\/adjustable-print-basic-dog-collar\/\",\"url\":\"https:\/\/qqpets.com\/product\/adjustable-print-basic-dog-collar\/\",\"name\":\"Adjustable Print Basic Dog Collar | QQPETS\",\"isPartOf\":{\"@id\":\"https:\/\/qqpets.com\/#website\"},\"primaryImageOfPage\":{\"@id\":\"https:\/\/qqpets.com\/product\/adjustable-print-basic-dog-collar\/#primaryimage\"},\"image\":{\"@id\":\"https:\/\/qqpets.com\/product\/adjustable-print-basic-dog-collar\/#primaryimage\"},\"thumbnailUrl\":\"https:\/\/qqpets.com\/wp-content\/uploads\/2024\/08\/soft-dog-collar.webp\",\"datePublished\":\"2024-08-31T07:01:03+00:00\",\"dateModified\":\"2024-12-12T09:21:28+00:00\",\"description\":\"Discover our durable Basic Dog Collar for everyday use. Comfortable, adjustable, and stylish. Shop now!\",\"breadcrumb\":{\"@id\":\"https:\/\/qqpets.com\/product\/adjustable-print-basic-dog-collar\/#breadcrumb\"},\"inLanguage\":\"et\",\"potentialAction\":[{\"@type\":\"ReadAction\",\"target\":[\"https:\/\/qqpets.com\/product\/adjustable-print-basic-dog-collar\/\"]}]},{\"@type\":\"ImageObject\",\"inLanguage\":\"et\",\"@id\":\"https:\/\/qqpets.com\/product\/adjustable-print-basic-dog-collar\/#primaryimage\",\"url\":\"https:\/\/qqpets.com\/wp-content\/uploads\/2024\/08\/soft-dog-collar.webp\",\"contentUrl\":\"https:\/\/qqpets.com\/wp-content\/uploads\/2024\/08\/soft-dog-collar.webp\",\"width\":800,\"height\":800,\"caption\":\"soft dog collar\"},{\"@type\":\"BreadcrumbList\",\"@id\":\"https:\/\/qqpets.com\/product\/adjustable-print-basic-dog-collar\/#breadcrumb\",\"itemListElement\":[{\"@type\":\"ListItem\",\"position\":1,\"name\":\"Home\",\"item\":\"https:\/\/qqpets.com\/\"},{\"@type\":\"ListItem\",\"position\":2,\"name\":\"Products\",\"item\":\"https:\/\/qqpets.com\/pet-products-manufacturer\/\"},{\"@type\":\"ListItem\",\"position\":3,\"name\":\"Adjustable Print Basic Dog Collar\"}]},{\"@type\":\"WebSite\",\"@id\":\"https:\/\/qqpets.com\/#website\",\"url\":\"https:\/\/qqpets.com\/\",\"name\":\"QQPETS\",\"description\":\"QQPETS is a pet products factory for dog harnesses, dog collars, dog leashes and dog accessories with professional customized service since 2005.\",\"publisher\":{\"@id\":\"https:\/\/qqpets.com\/#organization\"},\"potentialAction\":[{\"@type\":\"SearchAction\",\"target\":{\"@type\":\"EntryPoint\",\"urlTemplate\":\"https:\/\/qqpets.com\/?s={search_term_string}\"},\"query-input\":{\"@type\":\"PropertyValueSpecification\",\"valueRequired\":true,\"valueName\":\"search_term_string\"}}],\"inLanguage\":\"et\"},{\"@type\":\"Organization\",\"@id\":\"https:\/\/qqpets.com\/#organization\",\"name\":\"QQPETS\",\"url\":\"https:\/\/qqpets.com\/\",\"logo\":{\"@type\":\"ImageObject\",\"inLanguage\":\"et\",\"@id\":\"https:\/\/qqpets.com\/#\/schema\/logo\/image\/\",\"url\":\"https:\/\/qqpets.com\/wp-content\/uploads\/2023\/09\/cropped-cropped-qqpets-tiktok.jpg\",\"contentUrl\":\"https:\/\/qqpets.com\/wp-content\/uploads\/2023\/09\/cropped-cropped-qqpets-tiktok.jpg\",\"width\":511,\"height\":511,\"caption\":\"QQPETS\"},\"image\":{\"@id\":\"https:\/\/qqpets.com\/#\/schema\/logo\/image\/\"},\"sameAs\":[\"https:\/\/www.facebook.com\/QQpetsdogcollars\",\"https:\/\/www.instagram.com\/qqpetscollar\/\",\"https:\/\/www.pinterest.com\/qqpetsdogcollarsfactory\/\"]}]}<\/script>\n<!-- \/ Yoast SEO plugin. -->","yoast_head_json":{"title":"Reguleeritav Prindi Basic koera kaelarihm | QQPETS","description":"Avastage meie vastupidav Basic koerakaelarihm igap\u00e4evaseks kasutamiseks. Mugav, reguleeritav ja stiilne. Osta n\u00fc\u00fcd!","robots":{"index":"index","follow":"follow","max-snippet":"max-snippet:-1","max-image-preview":"max-image-preview:large","max-video-preview":"max-video-preview:-1"},"canonical":"https:\/\/qqpets.com\/et\/toode\/adjustable-print-basic-dog-collar\/","og_locale":"et_EE","og_type":"article","og_title":"Adjustable Print Basic Dog Collar | QQPETS","og_description":"Discover our durable Basic Dog Collar for everyday use. Comfortable, adjustable, and stylish. Shop now!","og_url":"https:\/\/qqpets.com\/et\/toode\/adjustable-print-basic-dog-collar\/","og_site_name":"QQPETS","article_publisher":"https:\/\/www.facebook.com\/QQpetsdogcollars","article_modified_time":"2024-12-12T09:21:28+00:00","og_image":[{"width":800,"height":800,"url":"https:\/\/qqpets.com\/wp-content\/uploads\/2024\/08\/soft-dog-collar.webp","type":"image\/webp"}],"twitter_card":"summary_large_image","twitter_misc":{"Est. reading time":"2 minutit"},"schema":{"@context":"https:\/\/schema.org","@graph":[{"@type":"WebPage","@id":"https:\/\/qqpets.com\/product\/adjustable-print-basic-dog-collar\/","url":"https:\/\/qqpets.com\/product\/adjustable-print-basic-dog-collar\/","name":"Reguleeritav Prindi Basic koera kaelarihm | QQPETS","isPartOf":{"@id":"https:\/\/qqpets.com\/#website"},"primaryImageOfPage":{"@id":"https:\/\/qqpets.com\/product\/adjustable-print-basic-dog-collar\/#primaryimage"},"image":{"@id":"https:\/\/qqpets.com\/product\/adjustable-print-basic-dog-collar\/#primaryimage"},"thumbnailUrl":"https:\/\/qqpets.com\/wp-content\/uploads\/2024\/08\/soft-dog-collar.webp","datePublished":"2024-08-31T07:01:03+00:00","dateModified":"2024-12-12T09:21:28+00:00","description":"Avastage meie vastupidav Basic koerakaelarihm igap\u00e4evaseks kasutamiseks. Mugav, reguleeritav ja stiilne. Osta n\u00fc\u00fcd!","breadcrumb":{"@id":"https:\/\/qqpets.com\/product\/adjustable-print-basic-dog-collar\/#breadcrumb"},"inLanguage":"et","potentialAction":[{"@type":"ReadAction","target":["https:\/\/qqpets.com\/product\/adjustable-print-basic-dog-collar\/"]}]},{"@type":"ImageObject","inLanguage":"et","@id":"https:\/\/qqpets.com\/product\/adjustable-print-basic-dog-collar\/#primaryimage","url":"https:\/\/qqpets.com\/wp-content\/uploads\/2024\/08\/soft-dog-collar.webp","contentUrl":"https:\/\/qqpets.com\/wp-content\/uploads\/2024\/08\/soft-dog-collar.webp","width":800,"height":800,"caption":"soft dog collar"},{"@type":"BreadcrumbList","@id":"https:\/\/qqpets.com\/product\/adjustable-print-basic-dog-collar\/#breadcrumb","itemListElement":[{"@type":"ListItem","position":1,"name":"Home","item":"https:\/\/qqpets.com\/"},{"@type":"ListItem","position":2,"name":"Products","item":"https:\/\/qqpets.com\/pet-products-manufacturer\/"},{"@type":"ListItem","position":3,"name":"Adjustable Print Basic Dog Collar"}]},{"@type":"WebSite","@id":"https:\/\/qqpets.com\/#website","url":"https:\/\/qqpets.com\/","name":"QQPETS","description":"QQPETS on lemmikloomatoodete tehas koerte rakmete, koerte kaelarihmade, koerte rihmade ja koerte tarvikute jaoks, mis pakub professionaalset kohandatud teenust alates 2005. aastast.","publisher":{"@id":"https:\/\/qqpets.com\/#organization"},"potentialAction":[{"@type":"SearchAction","target":{"@type":"EntryPoint","urlTemplate":"https:\/\/qqpets.com\/?s={search_term_string}"},"query-input":{"@type":"PropertyValueSpecification","valueRequired":true,"valueName":"search_term_string"}}],"inLanguage":"et"},{"@type":"Organization","@id":"https:\/\/qqpets.com\/#organization","name":"QQPETS","url":"https:\/\/qqpets.com\/","logo":{"@type":"ImageObject","inLanguage":"et","@id":"https:\/\/qqpets.com\/#\/schema\/logo\/image\/","url":"https:\/\/qqpets.com\/wp-content\/uploads\/2023\/09\/cropped-cropped-qqpets-tiktok.jpg","contentUrl":"https:\/\/qqpets.com\/wp-content\/uploads\/2023\/09\/cropped-cropped-qqpets-tiktok.jpg","width":511,"height":511,"caption":"QQPETS"},"image":{"@id":"https:\/\/qqpets.com\/#\/schema\/logo\/image\/"},"sameAs":["https:\/\/www.facebook.com\/QQpetsdogcollars","https:\/\/www.instagram.com\/qqpetscollar\/","https:\/\/www.pinterest.com\/qqpetsdogcollarsfactory\/"]}]}},"_links":{"self":[{"href":"https:\/\/qqpets.com\/et\/wp-json\/wp\/v2\/product\/7672","targetHints":{"allow":["GET"]}}],"collection":[{"href":"https:\/\/qqpets.com\/et\/wp-json\/wp\/v2\/product"}],"about":[{"href":"https:\/\/qqpets.com\/et\/wp-json\/wp\/v2\/types\/product"}],"wp:featuredmedia":[{"embeddable":true,"href":"https:\/\/qqpets.com\/et\/wp-json\/wp\/v2\/media\/9678"}],"wp:attachment":[{"href":"https:\/\/qqpets.com\/et\/wp-json\/wp\/v2\/media?parent=7672"}],"wp:term":[{"taxonomy":"product_brand","embeddable":true,"href":"https:\/\/qqpets.com\/et\/wp-json\/wp\/v2\/product_brand?post=7672"},{"taxonomy":"product_cat","embeddable":true,"href":"https:\/\/qqpets.com\/et\/wp-json\/wp\/v2\/product_cat?post=7672"},{"taxonomy":"product_tag","embeddable":true,"href":"https:\/\/qqpets.com\/et\/wp-json\/wp\/v2\/product_tag?post=7672"}],"curies":[{"name":"wp","href":"https:\/\/api.w.org\/{rel}","templated":true}]}}