{"id":7680,"date":"2024-08-31T15:37:28","date_gmt":"2024-08-31T07:37:28","guid":{"rendered":"https:\/\/qqpets.com\/?post_type=product&#038;p=7680"},"modified":"2024-08-31T15:37:28","modified_gmt":"2024-08-31T07:37:28","slug":"no-pull-reflective-dog-harness-with-handle","status":"publish","type":"product","link":"https:\/\/qqpets.com\/et\/toode\/no-pull-reflective-dog-harness-with-handle\/","title":{"rendered":"No Pull Reflective koera rakmed koos k\u00e4epidemega"},"content":{"rendered":"<p>Tutvustame meie No Pull helkurvalja koos k\u00e4epidemega, mis on parim lahendus teie lemmiklooma liikumise juhtimiseks, tagades samal ajal tema ohutuse. See spetsiaalselt t\u00f5mbamise takistamiseks loodud rakmed aitavad s\u00e4ilitada tasakaalu ja kontrolli jalutusk\u00e4ikudel, v\u00e4hendades koera keha koormust ja muutes jalutusk\u00e4igud meeldivamaks.<\/p>\n<p>Selle rakmete peamine omadus on helkurrihmad, mis tagavad suure n\u00e4htavuse \u00f5htustel v\u00f5i varahommikustel jalutusk\u00e4ikudel. See omadus on oluline, et hoida teie lemmiklooma liikluse eest ja aidata teil h\u00e4marates tingimustes silma peal hoida. Lisaks sellele pakub sisseehitatud k\u00e4epide seljas lisakontrolli tiheda liiklusega piirkondades v\u00f5i olukordades, kus peate oma lemmiklooma l\u00e4heduses hoidma.<\/p>\n<p>Kvaliteetsetest materjalidest valmistatud rakmed on valmistatud kestma ja taluma igap\u00e4evast kasutamist. Rihmad on t\u00e4ielikult reguleeritavad, tagades tiheda ja mugava istuvuse, mis v\u00e4ldib h\u00f5\u00f5rdumist ja ebamugavust. Hingav v\u00f5rkvooder tagab, et teie lemmikloom j\u00e4\u00e4b jahedaks ja mugavaks, olenemata ilmastikuoludest.<\/p>\n<p>Ideaalne igap\u00e4evaseks kasutamiseks, treeninguteks ja turvalisemateks jalutusk\u00e4ikudeks, meie No Pull helkurvaljad koos k\u00e4epidemega on ideaalsed lemmikloomaomanikele, kes n\u00f5uavad parimat ohutust, mugavust ja kontrolli. Varustage oma koer selle rakmedega ja kogege stressivabasid, nauditavaid jalutusk\u00e4ike iga p\u00e4ev.<\/p>\n<h6><strong>Miks on koerarihmadel k\u00e4epide?<\/strong><\/h6>\n<p>Koerarihma k\u00e4epide annab omanikule lisakontrolli, eriti rahvarohketes v\u00f5i potentsiaalselt ohtlikes olukordades. See on kasulik ka koerte abistamiseks takistuste \u00fcletamisel v\u00f5i eakate v\u00f5i liikumispuudega koerte toetamiseks.<\/p>\n<h6><strong>Mis vahe on koeravaljenditel ja t\u00f5mbevabadel valjadel?<\/strong><\/h6>\n<p>Tavalisel koerarihmal v\u00f5ib olla rihma kinnitus seljas ja seda kasutatakse peamiselt koera mugavaks kinnitamiseks. T\u00f5mbeid v\u00e4ltivas rakmedes on tavaliselt eesmine rihma kinnitus v\u00f5i kaks kinnitusdetaili (ees ja taga), mis on spetsiaalselt loodud selleks, et v\u00e4hendada v\u00f5i takistada t\u00f5mbamist, suunates koera omaniku poole, kui ta p\u00fc\u00fcab t\u00f5mmata.<\/p>\n<h6><strong>Kas koerarihmad takistavad koerte t\u00f5mbamist?<\/strong><\/h6>\n<p>Tavalised koerarihmad ei takista tingimata koera t\u00f5mbamist, sest need v\u00f5ivad lubada koeral kasutada kogu oma keha j\u00f5udu, et t\u00f5mmata edasi. Esiosa kinnitustega t\u00f5mbamisvastased rakmed on loodud selleks, et v\u00e4hendada t\u00f5mbamist, suunates koera liikumise tagasi omaniku suunas.<\/p>\n<h6><strong>Kuidas takistada oma koera rakmetest v\u00e4lja t\u00f5mbumist?<\/strong><\/h6>\n<p>Veenduge, et rakmed sobivad korralikult ja on tihedad, kuid mitte liiga tihedad, nii et koeral poleks ruumi v\u00e4lja v\u00e4\u00e4nduda. Kontrollige ja kohandage vajaduse korral korrap\u00e4raselt sobivust, eriti kui teie koer kasvab v\u00f5i tema kaal muutub.<\/p>\n<h6><strong>Miks mu koer t\u00f5mbab ikka veel t\u00f5mbeta rakmedega?<\/strong><\/h6>\n<p>Isegi t\u00f5mbevabade rakmete kasutamisel v\u00f5ivad m\u00f5ned koerad j\u00e4tkuvalt t\u00f5mmata, sest nad on erutatud, ei ole v\u00e4lja \u00f5petatud v\u00f5i neil on tugevad saagimisinstinktid. Selleks, et \u00f5petada koera mitte t\u00f5mbama, on lisaks rakmete mehaanilisele abile vaja j\u00e4rjepidevat koolitust ja tugevdamist.<\/p>","protected":false},"excerpt":{"rendered":"<p>Tagage maksimaalne turvalisus ja mugavus meie No Pull Reflective koera rakmetega, millel on tugev k\u00e4epide parema kontrolli tagamiseks. See rakmed on loodud t\u00f5mbamise v\u00e4hendamiseks, muutes jalutusk\u00e4igud meeldivamaks. Helkurrihmad suurendavad n\u00e4htavust h\u00e4marates tingimustes, suurendades ohutust. T\u00e4iusliku sobivuse tagamiseks on see reguleeritav ning valmistatud vastupidavast materjalist, mis on nii mugav kui ka kauakestev. See on ideaalne treeninguks ja igap\u00e4evasteks jalutusk\u00e4ikudeks, pakkudes vajalikku kontrolli ja turvalisust.<\/p>","protected":false},"featured_media":6378,"template":"","meta":[],"product_brand":[],"product_cat":[23],"product_tag":[],"class_list":{"0":"post-7680","1":"product","2":"type-product","3":"status-publish","4":"has-post-thumbnail","6":"product_cat-dog-harness","7":"pa_brand-qqpets","9":"first","10":"instock","11":"shipping-taxable","12":"product-type-simple"},"yoast_head":"<!-- This site is optimized with the Yoast SEO plugin v26.6 - https:\/\/yoast.com\/wordpress\/plugins\/seo\/ -->\n<title>No Pull Reflective Dog Harness With Handle | QQPETS<\/title>\n<meta name=\"description\" content=\"Secure your pet with our No Pull Reflective Dog Harness. Enhanced with a handle for control. Shop safety first!\" \/>\n<meta name=\"robots\" content=\"index, follow, max-snippet:-1, max-image-preview:large, max-video-preview:-1\" \/>\n<link rel=\"canonical\" href=\"https:\/\/qqpets.com\/et\/toode\/no-pull-reflective-dog-harness-with-handle\/\" \/>\n<meta property=\"og:locale\" content=\"et_EE\" \/>\n<meta property=\"og:type\" content=\"article\" \/>\n<meta property=\"og:title\" content=\"No Pull Reflective Dog Harness With Handle | QQPETS\" \/>\n<meta property=\"og:description\" content=\"Secure your pet with our No Pull Reflective Dog Harness. Enhanced with a handle for control. Shop safety first!\" \/>\n<meta property=\"og:url\" content=\"https:\/\/qqpets.com\/et\/toode\/no-pull-reflective-dog-harness-with-handle\/\" \/>\n<meta property=\"og:site_name\" content=\"QQPETS\" \/>\n<meta property=\"article:publisher\" content=\"https:\/\/www.facebook.com\/QQpetsdogcollars\" \/>\n<meta property=\"og:image\" content=\"https:\/\/qqpets.com\/wp-content\/uploads\/2024\/05\/\u767d\u5e95\u4e3b\u56fe_4.webp\" \/>\n\t<meta property=\"og:image:width\" content=\"1000\" \/>\n\t<meta property=\"og:image:height\" content=\"1000\" \/>\n\t<meta property=\"og:image:type\" content=\"image\/webp\" \/>\n<meta name=\"twitter:card\" content=\"summary_large_image\" \/>\n<meta name=\"twitter:label1\" content=\"Est. reading time\" \/>\n\t<meta name=\"twitter:data1\" content=\"3 minutit\" \/>\n<script type=\"application\/ld+json\" class=\"yoast-schema-graph\">{\"@context\":\"https:\/\/schema.org\",\"@graph\":[{\"@type\":\"WebPage\",\"@id\":\"https:\/\/qqpets.com\/product\/no-pull-reflective-dog-harness-with-handle\/\",\"url\":\"https:\/\/qqpets.com\/product\/no-pull-reflective-dog-harness-with-handle\/\",\"name\":\"No Pull Reflective Dog Harness With Handle | QQPETS\",\"isPartOf\":{\"@id\":\"https:\/\/qqpets.com\/#website\"},\"primaryImageOfPage\":{\"@id\":\"https:\/\/qqpets.com\/product\/no-pull-reflective-dog-harness-with-handle\/#primaryimage\"},\"image\":{\"@id\":\"https:\/\/qqpets.com\/product\/no-pull-reflective-dog-harness-with-handle\/#primaryimage\"},\"thumbnailUrl\":\"https:\/\/qqpets.com\/wp-content\/uploads\/2024\/05\/\u767d\u5e95\u4e3b\u56fe_4.webp\",\"datePublished\":\"2024-08-31T07:37:28+00:00\",\"description\":\"Secure your pet with our No Pull Reflective Dog Harness. Enhanced with a handle for control. Shop safety first!\",\"breadcrumb\":{\"@id\":\"https:\/\/qqpets.com\/product\/no-pull-reflective-dog-harness-with-handle\/#breadcrumb\"},\"inLanguage\":\"et\",\"potentialAction\":[{\"@type\":\"ReadAction\",\"target\":[\"https:\/\/qqpets.com\/product\/no-pull-reflective-dog-harness-with-handle\/\"]}]},{\"@type\":\"ImageObject\",\"inLanguage\":\"et\",\"@id\":\"https:\/\/qqpets.com\/product\/no-pull-reflective-dog-harness-with-handle\/#primaryimage\",\"url\":\"https:\/\/qqpets.com\/wp-content\/uploads\/2024\/05\/\u767d\u5e95\u4e3b\u56fe_4.webp\",\"contentUrl\":\"https:\/\/qqpets.com\/wp-content\/uploads\/2024\/05\/\u767d\u5e95\u4e3b\u56fe_4.webp\",\"width\":1000,\"height\":1000,\"caption\":\"QQPETS No Pull Reflective dog harness\"},{\"@type\":\"BreadcrumbList\",\"@id\":\"https:\/\/qqpets.com\/product\/no-pull-reflective-dog-harness-with-handle\/#breadcrumb\",\"itemListElement\":[{\"@type\":\"ListItem\",\"position\":1,\"name\":\"Home\",\"item\":\"https:\/\/qqpets.com\/\"},{\"@type\":\"ListItem\",\"position\":2,\"name\":\"Products\",\"item\":\"https:\/\/qqpets.com\/pet-products-manufacturer\/\"},{\"@type\":\"ListItem\",\"position\":3,\"name\":\"No Pull Reflective Dog Harness With Handle\"}]},{\"@type\":\"WebSite\",\"@id\":\"https:\/\/qqpets.com\/#website\",\"url\":\"https:\/\/qqpets.com\/\",\"name\":\"QQPETS\",\"description\":\"QQPETS is a pet products factory for dog harnesses, dog collars, dog leashes and dog accessories with professional customized service since 2005.\",\"publisher\":{\"@id\":\"https:\/\/qqpets.com\/#organization\"},\"potentialAction\":[{\"@type\":\"SearchAction\",\"target\":{\"@type\":\"EntryPoint\",\"urlTemplate\":\"https:\/\/qqpets.com\/?s={search_term_string}\"},\"query-input\":{\"@type\":\"PropertyValueSpecification\",\"valueRequired\":true,\"valueName\":\"search_term_string\"}}],\"inLanguage\":\"et\"},{\"@type\":\"Organization\",\"@id\":\"https:\/\/qqpets.com\/#organization\",\"name\":\"QQPETS\",\"url\":\"https:\/\/qqpets.com\/\",\"logo\":{\"@type\":\"ImageObject\",\"inLanguage\":\"et\",\"@id\":\"https:\/\/qqpets.com\/#\/schema\/logo\/image\/\",\"url\":\"https:\/\/qqpets.com\/wp-content\/uploads\/2023\/09\/cropped-cropped-qqpets-tiktok.jpg\",\"contentUrl\":\"https:\/\/qqpets.com\/wp-content\/uploads\/2023\/09\/cropped-cropped-qqpets-tiktok.jpg\",\"width\":511,\"height\":511,\"caption\":\"QQPETS\"},\"image\":{\"@id\":\"https:\/\/qqpets.com\/#\/schema\/logo\/image\/\"},\"sameAs\":[\"https:\/\/www.facebook.com\/QQpetsdogcollars\",\"https:\/\/www.instagram.com\/qqpetscollar\/\",\"https:\/\/www.pinterest.com\/qqpetsdogcollarsfactory\/\"]}]}<\/script>\n<!-- \/ Yoast SEO plugin. -->","yoast_head_json":{"title":"No Pull peegeldav koera rakmed k\u00e4epidemega | QQPETS","description":"Kinnitage oma lemmiklooma meie No Pull Reflective koerarihmaga. T\u00e4iustatud k\u00e4epidemega kontrollimiseks. Ohutus esikohal!","robots":{"index":"index","follow":"follow","max-snippet":"max-snippet:-1","max-image-preview":"max-image-preview:large","max-video-preview":"max-video-preview:-1"},"canonical":"https:\/\/qqpets.com\/et\/toode\/no-pull-reflective-dog-harness-with-handle\/","og_locale":"et_EE","og_type":"article","og_title":"No Pull Reflective Dog Harness With Handle | QQPETS","og_description":"Secure your pet with our No Pull Reflective Dog Harness. Enhanced with a handle for control. Shop safety first!","og_url":"https:\/\/qqpets.com\/et\/toode\/no-pull-reflective-dog-harness-with-handle\/","og_site_name":"QQPETS","article_publisher":"https:\/\/www.facebook.com\/QQpetsdogcollars","og_image":[{"width":1000,"height":1000,"url":"https:\/\/qqpets.com\/wp-content\/uploads\/2024\/05\/\u767d\u5e95\u4e3b\u56fe_4.webp","type":"image\/webp"}],"twitter_card":"summary_large_image","twitter_misc":{"Est. reading time":"3 minutit"},"schema":{"@context":"https:\/\/schema.org","@graph":[{"@type":"WebPage","@id":"https:\/\/qqpets.com\/product\/no-pull-reflective-dog-harness-with-handle\/","url":"https:\/\/qqpets.com\/product\/no-pull-reflective-dog-harness-with-handle\/","name":"No Pull peegeldav koera rakmed k\u00e4epidemega | QQPETS","isPartOf":{"@id":"https:\/\/qqpets.com\/#website"},"primaryImageOfPage":{"@id":"https:\/\/qqpets.com\/product\/no-pull-reflective-dog-harness-with-handle\/#primaryimage"},"image":{"@id":"https:\/\/qqpets.com\/product\/no-pull-reflective-dog-harness-with-handle\/#primaryimage"},"thumbnailUrl":"https:\/\/qqpets.com\/wp-content\/uploads\/2024\/05\/\u767d\u5e95\u4e3b\u56fe_4.webp","datePublished":"2024-08-31T07:37:28+00:00","description":"Kinnitage oma lemmiklooma meie No Pull Reflective koerarihmaga. T\u00e4iustatud k\u00e4epidemega kontrollimiseks. Ohutus esikohal!","breadcrumb":{"@id":"https:\/\/qqpets.com\/product\/no-pull-reflective-dog-harness-with-handle\/#breadcrumb"},"inLanguage":"et","potentialAction":[{"@type":"ReadAction","target":["https:\/\/qqpets.com\/product\/no-pull-reflective-dog-harness-with-handle\/"]}]},{"@type":"ImageObject","inLanguage":"et","@id":"https:\/\/qqpets.com\/product\/no-pull-reflective-dog-harness-with-handle\/#primaryimage","url":"https:\/\/qqpets.com\/wp-content\/uploads\/2024\/05\/\u767d\u5e95\u4e3b\u56fe_4.webp","contentUrl":"https:\/\/qqpets.com\/wp-content\/uploads\/2024\/05\/\u767d\u5e95\u4e3b\u56fe_4.webp","width":1000,"height":1000,"caption":"QQPETS No Pull Reflective dog harness"},{"@type":"BreadcrumbList","@id":"https:\/\/qqpets.com\/product\/no-pull-reflective-dog-harness-with-handle\/#breadcrumb","itemListElement":[{"@type":"ListItem","position":1,"name":"Home","item":"https:\/\/qqpets.com\/"},{"@type":"ListItem","position":2,"name":"Products","item":"https:\/\/qqpets.com\/pet-products-manufacturer\/"},{"@type":"ListItem","position":3,"name":"No Pull Reflective Dog Harness With Handle"}]},{"@type":"WebSite","@id":"https:\/\/qqpets.com\/#website","url":"https:\/\/qqpets.com\/","name":"QQPETS","description":"QQPETS on lemmikloomatoodete tehas koerte rakmete, koerte kaelarihmade, koerte rihmade ja koerte tarvikute jaoks, mis pakub professionaalset kohandatud teenust alates 2005. aastast.","publisher":{"@id":"https:\/\/qqpets.com\/#organization"},"potentialAction":[{"@type":"SearchAction","target":{"@type":"EntryPoint","urlTemplate":"https:\/\/qqpets.com\/?s={search_term_string}"},"query-input":{"@type":"PropertyValueSpecification","valueRequired":true,"valueName":"search_term_string"}}],"inLanguage":"et"},{"@type":"Organization","@id":"https:\/\/qqpets.com\/#organization","name":"QQPETS","url":"https:\/\/qqpets.com\/","logo":{"@type":"ImageObject","inLanguage":"et","@id":"https:\/\/qqpets.com\/#\/schema\/logo\/image\/","url":"https:\/\/qqpets.com\/wp-content\/uploads\/2023\/09\/cropped-cropped-qqpets-tiktok.jpg","contentUrl":"https:\/\/qqpets.com\/wp-content\/uploads\/2023\/09\/cropped-cropped-qqpets-tiktok.jpg","width":511,"height":511,"caption":"QQPETS"},"image":{"@id":"https:\/\/qqpets.com\/#\/schema\/logo\/image\/"},"sameAs":["https:\/\/www.facebook.com\/QQpetsdogcollars","https:\/\/www.instagram.com\/qqpetscollar\/","https:\/\/www.pinterest.com\/qqpetsdogcollarsfactory\/"]}]}},"_links":{"self":[{"href":"https:\/\/qqpets.com\/et\/wp-json\/wp\/v2\/product\/7680","targetHints":{"allow":["GET"]}}],"collection":[{"href":"https:\/\/qqpets.com\/et\/wp-json\/wp\/v2\/product"}],"about":[{"href":"https:\/\/qqpets.com\/et\/wp-json\/wp\/v2\/types\/product"}],"wp:featuredmedia":[{"embeddable":true,"href":"https:\/\/qqpets.com\/et\/wp-json\/wp\/v2\/media\/6378"}],"wp:attachment":[{"href":"https:\/\/qqpets.com\/et\/wp-json\/wp\/v2\/media?parent=7680"}],"wp:term":[{"taxonomy":"product_brand","embeddable":true,"href":"https:\/\/qqpets.com\/et\/wp-json\/wp\/v2\/product_brand?post=7680"},{"taxonomy":"product_cat","embeddable":true,"href":"https:\/\/qqpets.com\/et\/wp-json\/wp\/v2\/product_cat?post=7680"},{"taxonomy":"product_tag","embeddable":true,"href":"https:\/\/qqpets.com\/et\/wp-json\/wp\/v2\/product_tag?post=7680"}],"curies":[{"name":"wp","href":"https:\/\/api.w.org\/{rel}","templated":true}]}}