{"id":7695,"date":"2024-08-31T17:24:16","date_gmt":"2024-08-31T09:24:16","guid":{"rendered":"https:\/\/qqpets.com\/?post_type=product&#038;p=7695"},"modified":"2024-08-31T17:25:22","modified_gmt":"2024-08-31T09:25:22","slug":"mesh-step-in-dog-harness","status":"publish","type":"product","link":"https:\/\/qqpets.com\/et\/toode\/mesh-step-in-dog-harness\/","title":{"rendered":"Mesh Step in koera rakmed"},"content":{"rendered":"<p>Tutvustage oma koerale mugavust ja kasutusmugavust meie Mesh Step In koerte rakmetega, mis on kohandatud vaevata istuvaks ja erakordselt hingavaks. See rakmed on loodud selleks, et muuta teie igap\u00e4evased v\u00e4ljas\u00f5idud sujuvamaks ja meeldivamaks nii teile kui ka teie lemmikloomale. Step-in disain v\u00e4listab vajaduse t\u00f5mmata rakmed \u00fcle koera pea, muutes rakmete paigaldamise kiireks ja stressivabaks.<\/p>\n<p>Pehmest, kergest v\u00f5rkmaterjalist valmistatud rakmed tagavad, et teie koer j\u00e4\u00e4b ka soojema ilmaga jahedaks ja mugavaks. Hingav v\u00f5rk v\u00f5imaldab piisavat \u00f5huringlust, mis hoiab \u00e4ra \u00fclekuumenemise ja tagab, et teie lemmikloom tunneb end kogu jalutusk\u00e4igu v\u00e4ltel v\u00e4rskena.<\/p>\n<p>Meie rakmete puhul on reguleeritavus v\u00f5tmet\u00e4htsusega, sest nende h\u00f5lpsasti hallatavad rihmad v\u00f5imaldavad teil luua oma koerale sobiva ja mugava kuju, mis on nii turvaline kui ka mugav. Selline sobivus takistab rakmete h\u00f5\u00f5rdumist v\u00f5i h\u00f5\u00f5rdumist, pakkudes samas jalutusk\u00e4ikudel piisavat tuge ja kontrolli.<\/p>\n<p>Meie v\u00f5rgusilma Step In koera rakmed ei ole mitte ainult funktsionaalsed, vaid ka stiilsed. Saadaval erinevates v\u00e4rvides ja suurustes, sobib see ideaalselt igasuguse kujuga ja t\u00f5ugu lemmikloomadele. Olenemata sellest, kas te l\u00e4hete kiirele jalutusk\u00e4igule \u00fcmber kvartali v\u00f5i pikemale seiklusele pargis, see rakmed \u00fchendab vastupidavuse, stiili ja mugavuse \u00fcheks kohustuslikuks aksessuaariks teie lemmiklooma jaoks.<\/p>\n<p>Varustage oma koer meie Mesh Step In koerte rakmedega, et tagada neile mugavus ja kergus igal v\u00e4ljas\u00f5idul, samal ajal kui teie naudite h\u00e4sti disainitud rakmete lihtsust ja t\u00f5husust.<\/p>\n<div class=\"flex max-w-full flex-col flex-grow\">\n<div class=\"min-h-[20px] text-message flex w-full flex-col items-end gap-2 break-words [.text-message+&amp;]:mt-5 overflow-x-auto whitespace-normal\" dir=\"auto\" data-message-author-role=\"assistant\" data-message-id=\"ef04834b-61b9-4d06-98fe-1d0d44d63bf5\">\n<div class=\"flex w-full flex-col gap-1 empty:hidden first:pt-[3px]\">\n<div class=\"markdown prose w-full break-words dark:prose-invert light\">\n<h6><strong>Kas v\u00f5rgusilmadega rakmed on koertele head?<\/strong><\/h6>\n<p>Jah, v\u00f5rguga rakmed on koertele head, sest need tagavad hingavuse ja mugavuse, eriti soojemates kliimatingimustes, olles samas ka kerged.<\/p>\n<h6><strong>Kas astmelised rakmed on koertele head?<\/strong><\/h6>\n<p>Jah, astmelised rakmed on koertele kasulikud, sest neid on lihtne selga panna ja need jaotavad surve \u00fchtlaselt \u00fcle rinna ja \u00f5lgade, mist\u00f5ttu on need enamiku koerte jaoks mugavad.<\/p>\n<h6><strong>Kas koerad v\u00f5ivad p\u00e4\u00e4seda step-in-valjastusest?<\/strong><\/h6>\n<p>Koerad v\u00f5ivad astmelistest rakmetest p\u00f5geneda, kui need ei ole korralikult paigaldatud. Oluline on tagada, et rakmed oleksid tihedad ja \u00f5igesti reguleeritud, et v\u00e4ltida p\u00f5genemist.<\/p>\n<h6><strong>Kuidas kasutada astmelist koeravaljendit?<\/strong><\/h6>\n<p>Asetage rakmed lamades maapinnale, suunake koera esijalad avadesse, seej\u00e4rel t\u00f5mmake rakmed \u00fcles ja \u00fcmber torso ning kinnitage lukk taha.<\/p>\n<h6><strong>Mis on koerav\u00f5rk?<\/strong><\/h6>\n<p>Koerav\u00f5rk viitab teatud t\u00fc\u00fcpi kangale, mida kasutatakse lemmikloomatoodetes, eriti rakmete ja kanderaamade puhul. See on hingav ja kerge materjal, mis v\u00f5imaldab \u00f5huvoolu, muutes selle koerale mugavaks.<\/p>\n<h6><strong>Millist t\u00fc\u00fcpi rakmed on koerale parimad?<\/strong><\/h6>\n<p>Parim rakmete t\u00fc\u00fcp koera jaoks s\u00f5ltub \u00fcldiselt koera suurusest, t\u00f5ust ja k\u00e4itumisest. Enamiku koerte jaoks, eriti t\u00f5mblevate koerte jaoks, on ideaalne eesmise rihma kinnitusega t\u00f5mbevaba rakmed, kuna need tagavad parema kontrolli jalutusk\u00e4igu ajal ning v\u00e4hendavad koera kaela ja selja koormust.<\/p>\n<\/div>\n<\/div>\n<\/div>\n<\/div>","protected":false},"excerpt":{"rendered":"<p>Kogege \u00fclimat mugavust meie Mesh Step In koerte rakmete abil, mis on loodud h\u00f5lpsaks kandmiseks ja hingavaks mugavuseks. Sellel kergel rakmedel on step-in disain, mis tagab h\u00f5lpsa paigaldamise ja v\u00f5rkkanga, mis hoiab teie koera jahedana ka soojadel p\u00e4evadel. Reguleeritavad rihmad tagavad t\u00e4iusliku sobivuse, samas kui vastupidav konstruktsioon pakub jalutusk\u00e4ikudel usaldusv\u00e4\u00e4rsust. Ideaalne aktiivsetele koertele ja omanikele, kes hindavad mugavust ja mugavust.<\/p>","protected":false},"featured_media":7697,"template":"","meta":[],"product_brand":[],"product_cat":[23],"product_tag":[],"class_list":{"0":"post-7695","1":"product","2":"type-product","3":"status-publish","4":"has-post-thumbnail","6":"product_cat-dog-harness","7":"pa_brand-qqpets","9":"first","10":"instock","11":"shipping-taxable","12":"product-type-simple"},"yoast_head":"<!-- This site is optimized with the Yoast SEO plugin v26.6 - https:\/\/yoast.com\/wordpress\/plugins\/seo\/ -->\n<title>Mesh Step in Dog Harness | QQPETS<\/title>\n<meta name=\"description\" content=\"Explore our Mesh Step In Dog Harness for breathable comfort. Perfect fit, easy to use. Shop now for quality!\" \/>\n<meta name=\"robots\" content=\"index, follow, max-snippet:-1, max-image-preview:large, max-video-preview:-1\" \/>\n<link rel=\"canonical\" href=\"https:\/\/qqpets.com\/et\/toode\/mesh-step-in-dog-harness\/\" \/>\n<meta property=\"og:locale\" content=\"et_EE\" \/>\n<meta property=\"og:type\" content=\"article\" \/>\n<meta property=\"og:title\" content=\"Mesh Step in Dog Harness | QQPETS\" \/>\n<meta property=\"og:description\" content=\"Explore our Mesh Step In Dog Harness for breathable comfort. Perfect fit, easy to use. Shop now for quality!\" \/>\n<meta property=\"og:url\" content=\"https:\/\/qqpets.com\/et\/toode\/mesh-step-in-dog-harness\/\" \/>\n<meta property=\"og:site_name\" content=\"QQPETS\" \/>\n<meta property=\"article:publisher\" content=\"https:\/\/www.facebook.com\/QQpetsdogcollars\" \/>\n<meta property=\"article:modified_time\" content=\"2024-08-31T09:25:22+00:00\" \/>\n<meta property=\"og:image\" content=\"https:\/\/qqpets.com\/wp-content\/uploads\/2024\/08\/step-in-dog-harness1.webp\" \/>\n\t<meta property=\"og:image:width\" content=\"1600\" \/>\n\t<meta property=\"og:image:height\" content=\"1600\" \/>\n\t<meta property=\"og:image:type\" content=\"image\/webp\" \/>\n<meta name=\"twitter:card\" content=\"summary_large_image\" \/>\n<meta name=\"twitter:label1\" content=\"Est. reading time\" \/>\n\t<meta name=\"twitter:data1\" content=\"3 minutit\" \/>\n<script type=\"application\/ld+json\" class=\"yoast-schema-graph\">{\"@context\":\"https:\/\/schema.org\",\"@graph\":[{\"@type\":\"WebPage\",\"@id\":\"https:\/\/qqpets.com\/product\/mesh-step-in-dog-harness\/\",\"url\":\"https:\/\/qqpets.com\/product\/mesh-step-in-dog-harness\/\",\"name\":\"Mesh Step in Dog Harness | QQPETS\",\"isPartOf\":{\"@id\":\"https:\/\/qqpets.com\/#website\"},\"primaryImageOfPage\":{\"@id\":\"https:\/\/qqpets.com\/product\/mesh-step-in-dog-harness\/#primaryimage\"},\"image\":{\"@id\":\"https:\/\/qqpets.com\/product\/mesh-step-in-dog-harness\/#primaryimage\"},\"thumbnailUrl\":\"https:\/\/qqpets.com\/wp-content\/uploads\/2024\/08\/step-in-dog-harness1.webp\",\"datePublished\":\"2024-08-31T09:24:16+00:00\",\"dateModified\":\"2024-08-31T09:25:22+00:00\",\"description\":\"Explore our Mesh Step In Dog Harness for breathable comfort. Perfect fit, easy to use. Shop now for quality!\",\"breadcrumb\":{\"@id\":\"https:\/\/qqpets.com\/product\/mesh-step-in-dog-harness\/#breadcrumb\"},\"inLanguage\":\"et\",\"potentialAction\":[{\"@type\":\"ReadAction\",\"target\":[\"https:\/\/qqpets.com\/product\/mesh-step-in-dog-harness\/\"]}]},{\"@type\":\"ImageObject\",\"inLanguage\":\"et\",\"@id\":\"https:\/\/qqpets.com\/product\/mesh-step-in-dog-harness\/#primaryimage\",\"url\":\"https:\/\/qqpets.com\/wp-content\/uploads\/2024\/08\/step-in-dog-harness1.webp\",\"contentUrl\":\"https:\/\/qqpets.com\/wp-content\/uploads\/2024\/08\/step-in-dog-harness1.webp\",\"width\":1600,\"height\":1600},{\"@type\":\"BreadcrumbList\",\"@id\":\"https:\/\/qqpets.com\/product\/mesh-step-in-dog-harness\/#breadcrumb\",\"itemListElement\":[{\"@type\":\"ListItem\",\"position\":1,\"name\":\"Home\",\"item\":\"https:\/\/qqpets.com\/\"},{\"@type\":\"ListItem\",\"position\":2,\"name\":\"Products\",\"item\":\"https:\/\/qqpets.com\/pet-products-manufacturer\/\"},{\"@type\":\"ListItem\",\"position\":3,\"name\":\"Mesh Step in Dog Harness\"}]},{\"@type\":\"WebSite\",\"@id\":\"https:\/\/qqpets.com\/#website\",\"url\":\"https:\/\/qqpets.com\/\",\"name\":\"QQPETS\",\"description\":\"QQPETS is a pet products factory for dog harnesses, dog collars, dog leashes and dog accessories with professional customized service since 2005.\",\"publisher\":{\"@id\":\"https:\/\/qqpets.com\/#organization\"},\"potentialAction\":[{\"@type\":\"SearchAction\",\"target\":{\"@type\":\"EntryPoint\",\"urlTemplate\":\"https:\/\/qqpets.com\/?s={search_term_string}\"},\"query-input\":{\"@type\":\"PropertyValueSpecification\",\"valueRequired\":true,\"valueName\":\"search_term_string\"}}],\"inLanguage\":\"et\"},{\"@type\":\"Organization\",\"@id\":\"https:\/\/qqpets.com\/#organization\",\"name\":\"QQPETS\",\"url\":\"https:\/\/qqpets.com\/\",\"logo\":{\"@type\":\"ImageObject\",\"inLanguage\":\"et\",\"@id\":\"https:\/\/qqpets.com\/#\/schema\/logo\/image\/\",\"url\":\"https:\/\/qqpets.com\/wp-content\/uploads\/2023\/09\/cropped-cropped-qqpets-tiktok.jpg\",\"contentUrl\":\"https:\/\/qqpets.com\/wp-content\/uploads\/2023\/09\/cropped-cropped-qqpets-tiktok.jpg\",\"width\":511,\"height\":511,\"caption\":\"QQPETS\"},\"image\":{\"@id\":\"https:\/\/qqpets.com\/#\/schema\/logo\/image\/\"},\"sameAs\":[\"https:\/\/www.facebook.com\/QQpetsdogcollars\",\"https:\/\/www.instagram.com\/qqpetscollar\/\",\"https:\/\/www.pinterest.com\/qqpetsdogcollarsfactory\/\"]}]}<\/script>\n<!-- \/ Yoast SEO plugin. -->","yoast_head_json":{"title":"V\u00f5rgumaterjalist koerat\u00f5kke rakmed | QQPETS","description":"Tutvu meie Mesh Step In koerte rakmedega, mis tagavad hingava mugavuse. Sobib ideaalselt, lihtne kasutada. Osta n\u00fc\u00fcd kvaliteeti!","robots":{"index":"index","follow":"follow","max-snippet":"max-snippet:-1","max-image-preview":"max-image-preview:large","max-video-preview":"max-video-preview:-1"},"canonical":"https:\/\/qqpets.com\/et\/toode\/mesh-step-in-dog-harness\/","og_locale":"et_EE","og_type":"article","og_title":"Mesh Step in Dog Harness | QQPETS","og_description":"Explore our Mesh Step In Dog Harness for breathable comfort. Perfect fit, easy to use. Shop now for quality!","og_url":"https:\/\/qqpets.com\/et\/toode\/mesh-step-in-dog-harness\/","og_site_name":"QQPETS","article_publisher":"https:\/\/www.facebook.com\/QQpetsdogcollars","article_modified_time":"2024-08-31T09:25:22+00:00","og_image":[{"width":1600,"height":1600,"url":"https:\/\/qqpets.com\/wp-content\/uploads\/2024\/08\/step-in-dog-harness1.webp","type":"image\/webp"}],"twitter_card":"summary_large_image","twitter_misc":{"Est. reading time":"3 minutit"},"schema":{"@context":"https:\/\/schema.org","@graph":[{"@type":"WebPage","@id":"https:\/\/qqpets.com\/product\/mesh-step-in-dog-harness\/","url":"https:\/\/qqpets.com\/product\/mesh-step-in-dog-harness\/","name":"V\u00f5rgumaterjalist koerat\u00f5kke rakmed | QQPETS","isPartOf":{"@id":"https:\/\/qqpets.com\/#website"},"primaryImageOfPage":{"@id":"https:\/\/qqpets.com\/product\/mesh-step-in-dog-harness\/#primaryimage"},"image":{"@id":"https:\/\/qqpets.com\/product\/mesh-step-in-dog-harness\/#primaryimage"},"thumbnailUrl":"https:\/\/qqpets.com\/wp-content\/uploads\/2024\/08\/step-in-dog-harness1.webp","datePublished":"2024-08-31T09:24:16+00:00","dateModified":"2024-08-31T09:25:22+00:00","description":"Tutvu meie Mesh Step In koerte rakmedega, mis tagavad hingava mugavuse. Sobib ideaalselt, lihtne kasutada. Osta n\u00fc\u00fcd kvaliteeti!","breadcrumb":{"@id":"https:\/\/qqpets.com\/product\/mesh-step-in-dog-harness\/#breadcrumb"},"inLanguage":"et","potentialAction":[{"@type":"ReadAction","target":["https:\/\/qqpets.com\/product\/mesh-step-in-dog-harness\/"]}]},{"@type":"ImageObject","inLanguage":"et","@id":"https:\/\/qqpets.com\/product\/mesh-step-in-dog-harness\/#primaryimage","url":"https:\/\/qqpets.com\/wp-content\/uploads\/2024\/08\/step-in-dog-harness1.webp","contentUrl":"https:\/\/qqpets.com\/wp-content\/uploads\/2024\/08\/step-in-dog-harness1.webp","width":1600,"height":1600},{"@type":"BreadcrumbList","@id":"https:\/\/qqpets.com\/product\/mesh-step-in-dog-harness\/#breadcrumb","itemListElement":[{"@type":"ListItem","position":1,"name":"Home","item":"https:\/\/qqpets.com\/"},{"@type":"ListItem","position":2,"name":"Products","item":"https:\/\/qqpets.com\/pet-products-manufacturer\/"},{"@type":"ListItem","position":3,"name":"Mesh Step in Dog Harness"}]},{"@type":"WebSite","@id":"https:\/\/qqpets.com\/#website","url":"https:\/\/qqpets.com\/","name":"QQPETS","description":"QQPETS on lemmikloomatoodete tehas koerte rakmete, koerte kaelarihmade, koerte rihmade ja koerte tarvikute jaoks, mis pakub professionaalset kohandatud teenust alates 2005. aastast.","publisher":{"@id":"https:\/\/qqpets.com\/#organization"},"potentialAction":[{"@type":"SearchAction","target":{"@type":"EntryPoint","urlTemplate":"https:\/\/qqpets.com\/?s={search_term_string}"},"query-input":{"@type":"PropertyValueSpecification","valueRequired":true,"valueName":"search_term_string"}}],"inLanguage":"et"},{"@type":"Organization","@id":"https:\/\/qqpets.com\/#organization","name":"QQPETS","url":"https:\/\/qqpets.com\/","logo":{"@type":"ImageObject","inLanguage":"et","@id":"https:\/\/qqpets.com\/#\/schema\/logo\/image\/","url":"https:\/\/qqpets.com\/wp-content\/uploads\/2023\/09\/cropped-cropped-qqpets-tiktok.jpg","contentUrl":"https:\/\/qqpets.com\/wp-content\/uploads\/2023\/09\/cropped-cropped-qqpets-tiktok.jpg","width":511,"height":511,"caption":"QQPETS"},"image":{"@id":"https:\/\/qqpets.com\/#\/schema\/logo\/image\/"},"sameAs":["https:\/\/www.facebook.com\/QQpetsdogcollars","https:\/\/www.instagram.com\/qqpetscollar\/","https:\/\/www.pinterest.com\/qqpetsdogcollarsfactory\/"]}]}},"_links":{"self":[{"href":"https:\/\/qqpets.com\/et\/wp-json\/wp\/v2\/product\/7695","targetHints":{"allow":["GET"]}}],"collection":[{"href":"https:\/\/qqpets.com\/et\/wp-json\/wp\/v2\/product"}],"about":[{"href":"https:\/\/qqpets.com\/et\/wp-json\/wp\/v2\/types\/product"}],"wp:featuredmedia":[{"embeddable":true,"href":"https:\/\/qqpets.com\/et\/wp-json\/wp\/v2\/media\/7697"}],"wp:attachment":[{"href":"https:\/\/qqpets.com\/et\/wp-json\/wp\/v2\/media?parent=7695"}],"wp:term":[{"taxonomy":"product_brand","embeddable":true,"href":"https:\/\/qqpets.com\/et\/wp-json\/wp\/v2\/product_brand?post=7695"},{"taxonomy":"product_cat","embeddable":true,"href":"https:\/\/qqpets.com\/et\/wp-json\/wp\/v2\/product_cat?post=7695"},{"taxonomy":"product_tag","embeddable":true,"href":"https:\/\/qqpets.com\/et\/wp-json\/wp\/v2\/product_tag?post=7695"}],"curies":[{"name":"wp","href":"https:\/\/api.w.org\/{rel}","templated":true}]}}