{"id":7727,"date":"2024-09-02T10:28:26","date_gmt":"2024-09-02T02:28:26","guid":{"rendered":"https:\/\/qqpets.com\/?post_type=product&#038;p=7727"},"modified":"2024-09-24T17:54:22","modified_gmt":"2024-09-24T09:54:22","slug":"no-pull-dog-harness","status":"publish","type":"product","link":"https:\/\/qqpets.com\/et\/toode\/no-pull-dog-harness\/","title":{"rendered":"No Pull koera rakmed"},"content":{"rendered":"<p>Tutvustame No Pull Dog Harness'i, mis on teie parim lahendus kontrollitud ja mugavama jalutuskogemuse saavutamiseks. See uuenduslik rakmed on spetsiaalselt loodud t\u00f5mbamise v\u00e4hendamiseks, aidates teil oma koera liikumist kergemini juhtida ja v\u00e4ltida t\u00f5mbamisest tulenevat stressi.<\/p>\n<p>Selle rakmete peamine omadus on ainulaadne esirihma kinnitus, mis suunab teie koera ettepoole suunatud hoogu ettepoole, selle asemel, et v\u00f5imaldada otsest t\u00f5mbamist rihma k\u00fclge. See meetod mitte ainult ei v\u00e4henda t\u00f5mbek\u00e4itumist, vaid aitab ka treenida koera k\u00f5ndima teie k\u00f5rval ilma karmide parandusteta.<\/p>\n<p>Reguleeritavus on v\u00e4ga oluline ja see rakmed on t\u00e4ielikult reguleeritavad, mis tagavad tiheda ja turvalise istuvuse mis tahes koerat\u00f5ugu koerale. Kvaliteetsetest ja vastupidavatest materjalidest valmistatud rakmed peavad vastu igap\u00e4evastele raskustele, mis kaasnevad jalutusk\u00e4ikudega ja tegevustega \u00f5ues, tagades pikaajalise kasutamise.<\/p>\n<p>No Pull Dog Harness on ideaalne nii algajatele loomaomanikele kui ka kogenud treeneritele, sest see on h\u00e4davajalik vahend, et parandada jalutusk\u00e4igu harjumusi ja tugevdada teie ja teie lemmiku vahelist sidet. Olenemata sellest, kas tegemist on entusiastliku kutsika v\u00f5i tugeva t\u00e4iskasvanud koeraga, muudab see rakmed jalutusk\u00e4igu naudingu, mitte koormuse.<\/p>\n<h6><strong>Milline on parim rakmed koera t\u00f5mbamise peatamiseks?<\/strong><\/h6>\n<p>PetSafe Easy Walk Harness on v\u00e4ga soovitatav koerte t\u00f5mbamise peatamiseks, kuna sellel on eesmine rihma kinnitus, mis suunab koera teie poole, kui ta p\u00fc\u00fcab t\u00f5mmata.<\/p>\n<h6><strong>Kas t\u00f5mbamiseta koerarihmad t\u00f5esti t\u00f6\u00f6tavad?<\/strong><\/h6>\n<p>Jah, t\u00f5mbamisvastased koerarihmad v\u00f5ivad olla t\u00f5husad, sest nad takistavad t\u00f5mbamist \u00fcmberjuhtimise ja \u00f5rna surve abil, muutes koera jaoks t\u00f5mbamise j\u00e4tkamise ebamugavaks.<\/p>\n<h6><strong>Mis vahe on t\u00f5mmata rakmete ja tavaliste rakmete vahel?<\/strong><\/h6>\n<p>T\u00f5mbeid v\u00e4ltivatel rakmedel on tavaliselt rihma kinnitused ees v\u00f5i spetsiaalsed konstruktsioonid, mis avaldavad kerget survet, et takistada t\u00f5mbamist, samas kui tavalistel rakmedel on rihma kinnitused sageli taga ja need ei takista t\u00f5mbamist.<\/p>\n<h6><strong>Miks ei meeldi koerakoolitajatele rakmed?<\/strong><\/h6>\n<p>M\u00f5ned koerakoolitajad usuvad, et rakmed v\u00f5ivad soodustada t\u00f5mbamist, sest need v\u00f5imaldavad koertel kasutada oma keharaskust t\u00f5husamalt t\u00f5mbamiseks ning ei pruugi pakkuda teatud k\u00e4itumisviiside treenimisel piisavat kontrolli.<\/p>\n<h6><strong>Kuidas peatada oma koera \u00e4\u00e4rmuslik t\u00f5mblemine?<\/strong><\/h6>\n<p>J\u00e4rjepidev treenimine, kasutades positiivset tugevdamist, koos t\u00f5mbamisvastase rakmete kasutamisega v\u00f5ib t\u00f5husalt v\u00e4hendada \u00e4\u00e4rmuslikku t\u00f5mbamist. Koolitus peaks h\u00f5lmama selliseid k\u00e4sklusi nagu \"kannul\" ja koera premeerimist lahtise rihma hoidmise eest.<\/p>\n<h6><strong>Kas kaelarihm v\u00f5i rakmed on t\u00f5mbamiseks paremad?<\/strong><\/h6>\n<p>\u00dcldiselt on t\u00f5mbuvate koerte puhul rakmed paremad kui kaelarihmad. Rakmed jaotavad surve \u00fchtlasemalt koera kehale, v\u00e4hendades koormust kaelale ja andes omanikule parema kontrolli.<\/p>","protected":false},"excerpt":{"rendered":"<p>Muuda oma jalutusk\u00e4igud meie No Pull Dog Harnessiga, mis on loodud t\u00f5mbamise v\u00e4hendamiseks ja kontrolli suurendamiseks. Sellel rakmedel on ainulaadne esisilmuse disain, mis suunab teie koera liikumist \u00f5rnalt \u00fcmber, tekitamata ebamugavustunnet. See on reguleeritav, et see sobiks ideaalselt ja on valmistatud vastupidavast materjalist, mis tagab pikaajalise kasutuse. See on ideaalne treeninguks v\u00f5i igap\u00e4evaseks jalutusk\u00e4iguks, pakkudes mugavat ja stressivaba kogemust nii lemmikloomale kui ka omanikule.<\/p>","protected":false},"featured_media":8231,"template":"","meta":[],"product_brand":[],"product_cat":[23],"product_tag":[],"class_list":{"0":"post-7727","1":"product","2":"type-product","3":"status-publish","4":"has-post-thumbnail","6":"product_cat-dog-harness","7":"pa_brand-qqpets","9":"first","10":"instock","11":"shipping-taxable","12":"product-type-simple"},"yoast_head":"<!-- This site is optimized with the Yoast SEO plugin v26.6 - https:\/\/yoast.com\/wordpress\/plugins\/seo\/ -->\n<title>No Pull Dog Harness | QQPETS<\/title>\n<meta name=\"description\" content=\"Master the walk with our No Pull Dog Harness. Reduce pulling and enhance control. Shop now for comfort!\" \/>\n<meta name=\"robots\" content=\"index, follow, max-snippet:-1, max-image-preview:large, max-video-preview:-1\" \/>\n<link rel=\"canonical\" href=\"https:\/\/qqpets.com\/et\/toode\/no-pull-dog-harness\/\" \/>\n<meta property=\"og:locale\" content=\"et_EE\" \/>\n<meta property=\"og:type\" content=\"article\" \/>\n<meta property=\"og:title\" content=\"No Pull Dog Harness | QQPETS\" \/>\n<meta property=\"og:description\" content=\"Master the walk with our No Pull Dog Harness. Reduce pulling and enhance control. Shop now for comfort!\" \/>\n<meta property=\"og:url\" content=\"https:\/\/qqpets.com\/et\/toode\/no-pull-dog-harness\/\" \/>\n<meta property=\"og:site_name\" content=\"QQPETS\" \/>\n<meta property=\"article:publisher\" content=\"https:\/\/www.facebook.com\/QQpetsdogcollars\" \/>\n<meta property=\"article:modified_time\" content=\"2024-09-24T09:54:22+00:00\" \/>\n<meta property=\"og:image\" content=\"https:\/\/qqpets.com\/wp-content\/uploads\/2024\/09\/no-pull-dog-harness-black-extra-large.webp\" \/>\n\t<meta property=\"og:image:width\" content=\"1000\" \/>\n\t<meta property=\"og:image:height\" content=\"1000\" \/>\n\t<meta property=\"og:image:type\" content=\"image\/webp\" \/>\n<meta name=\"twitter:card\" content=\"summary_large_image\" \/>\n<meta name=\"twitter:label1\" content=\"Est. reading time\" \/>\n\t<meta name=\"twitter:data1\" content=\"3 minutit\" \/>\n<script type=\"application\/ld+json\" class=\"yoast-schema-graph\">{\"@context\":\"https:\/\/schema.org\",\"@graph\":[{\"@type\":\"WebPage\",\"@id\":\"https:\/\/qqpets.com\/product\/no-pull-dog-harness\/\",\"url\":\"https:\/\/qqpets.com\/product\/no-pull-dog-harness\/\",\"name\":\"No Pull Dog Harness | QQPETS\",\"isPartOf\":{\"@id\":\"https:\/\/qqpets.com\/#website\"},\"primaryImageOfPage\":{\"@id\":\"https:\/\/qqpets.com\/product\/no-pull-dog-harness\/#primaryimage\"},\"image\":{\"@id\":\"https:\/\/qqpets.com\/product\/no-pull-dog-harness\/#primaryimage\"},\"thumbnailUrl\":\"https:\/\/qqpets.com\/wp-content\/uploads\/2024\/09\/no-pull-dog-harness-black-extra-large.webp\",\"datePublished\":\"2024-09-02T02:28:26+00:00\",\"dateModified\":\"2024-09-24T09:54:22+00:00\",\"description\":\"Master the walk with our No Pull Dog Harness. Reduce pulling and enhance control. Shop now for comfort!\",\"breadcrumb\":{\"@id\":\"https:\/\/qqpets.com\/product\/no-pull-dog-harness\/#breadcrumb\"},\"inLanguage\":\"et\",\"potentialAction\":[{\"@type\":\"ReadAction\",\"target\":[\"https:\/\/qqpets.com\/product\/no-pull-dog-harness\/\"]}]},{\"@type\":\"ImageObject\",\"inLanguage\":\"et\",\"@id\":\"https:\/\/qqpets.com\/product\/no-pull-dog-harness\/#primaryimage\",\"url\":\"https:\/\/qqpets.com\/wp-content\/uploads\/2024\/09\/no-pull-dog-harness-black-extra-large.webp\",\"contentUrl\":\"https:\/\/qqpets.com\/wp-content\/uploads\/2024\/09\/no-pull-dog-harness-black-extra-large.webp\",\"width\":1000,\"height\":1000,\"caption\":\"no-pull-dog-harness-black-extra-large\"},{\"@type\":\"BreadcrumbList\",\"@id\":\"https:\/\/qqpets.com\/product\/no-pull-dog-harness\/#breadcrumb\",\"itemListElement\":[{\"@type\":\"ListItem\",\"position\":1,\"name\":\"Home\",\"item\":\"https:\/\/qqpets.com\/\"},{\"@type\":\"ListItem\",\"position\":2,\"name\":\"Products\",\"item\":\"https:\/\/qqpets.com\/pet-products-manufacturer\/\"},{\"@type\":\"ListItem\",\"position\":3,\"name\":\"No Pull Dog Harness\"}]},{\"@type\":\"WebSite\",\"@id\":\"https:\/\/qqpets.com\/#website\",\"url\":\"https:\/\/qqpets.com\/\",\"name\":\"QQPETS\",\"description\":\"QQPETS is a pet products factory for dog harnesses, dog collars, dog leashes and dog accessories with professional customized service since 2005.\",\"publisher\":{\"@id\":\"https:\/\/qqpets.com\/#organization\"},\"potentialAction\":[{\"@type\":\"SearchAction\",\"target\":{\"@type\":\"EntryPoint\",\"urlTemplate\":\"https:\/\/qqpets.com\/?s={search_term_string}\"},\"query-input\":{\"@type\":\"PropertyValueSpecification\",\"valueRequired\":true,\"valueName\":\"search_term_string\"}}],\"inLanguage\":\"et\"},{\"@type\":\"Organization\",\"@id\":\"https:\/\/qqpets.com\/#organization\",\"name\":\"QQPETS\",\"url\":\"https:\/\/qqpets.com\/\",\"logo\":{\"@type\":\"ImageObject\",\"inLanguage\":\"et\",\"@id\":\"https:\/\/qqpets.com\/#\/schema\/logo\/image\/\",\"url\":\"https:\/\/qqpets.com\/wp-content\/uploads\/2023\/09\/cropped-cropped-qqpets-tiktok.jpg\",\"contentUrl\":\"https:\/\/qqpets.com\/wp-content\/uploads\/2023\/09\/cropped-cropped-qqpets-tiktok.jpg\",\"width\":511,\"height\":511,\"caption\":\"QQPETS\"},\"image\":{\"@id\":\"https:\/\/qqpets.com\/#\/schema\/logo\/image\/\"},\"sameAs\":[\"https:\/\/www.facebook.com\/QQpetsdogcollars\",\"https:\/\/www.instagram.com\/qqpetscollar\/\",\"https:\/\/www.pinterest.com\/qqpetsdogcollarsfactory\/\"]}]}<\/script>\n<!-- \/ Yoast SEO plugin. -->","yoast_head_json":{"title":"No Pull koera rakmed | QQPETS","description":"Meisterdage jalutusk\u00e4iku meie t\u00f5mbevaba koera rakmete abil. V\u00e4hendage t\u00f5mbamist ja suurendage kontrolli. Osta n\u00fc\u00fcd mugavuse eest!","robots":{"index":"index","follow":"follow","max-snippet":"max-snippet:-1","max-image-preview":"max-image-preview:large","max-video-preview":"max-video-preview:-1"},"canonical":"https:\/\/qqpets.com\/et\/toode\/no-pull-dog-harness\/","og_locale":"et_EE","og_type":"article","og_title":"No Pull Dog Harness | QQPETS","og_description":"Master the walk with our No Pull Dog Harness. Reduce pulling and enhance control. Shop now for comfort!","og_url":"https:\/\/qqpets.com\/et\/toode\/no-pull-dog-harness\/","og_site_name":"QQPETS","article_publisher":"https:\/\/www.facebook.com\/QQpetsdogcollars","article_modified_time":"2024-09-24T09:54:22+00:00","og_image":[{"width":1000,"height":1000,"url":"https:\/\/qqpets.com\/wp-content\/uploads\/2024\/09\/no-pull-dog-harness-black-extra-large.webp","type":"image\/webp"}],"twitter_card":"summary_large_image","twitter_misc":{"Est. reading time":"3 minutit"},"schema":{"@context":"https:\/\/schema.org","@graph":[{"@type":"WebPage","@id":"https:\/\/qqpets.com\/product\/no-pull-dog-harness\/","url":"https:\/\/qqpets.com\/product\/no-pull-dog-harness\/","name":"No Pull koera rakmed | QQPETS","isPartOf":{"@id":"https:\/\/qqpets.com\/#website"},"primaryImageOfPage":{"@id":"https:\/\/qqpets.com\/product\/no-pull-dog-harness\/#primaryimage"},"image":{"@id":"https:\/\/qqpets.com\/product\/no-pull-dog-harness\/#primaryimage"},"thumbnailUrl":"https:\/\/qqpets.com\/wp-content\/uploads\/2024\/09\/no-pull-dog-harness-black-extra-large.webp","datePublished":"2024-09-02T02:28:26+00:00","dateModified":"2024-09-24T09:54:22+00:00","description":"Meisterdage jalutusk\u00e4iku meie t\u00f5mbevaba koera rakmete abil. V\u00e4hendage t\u00f5mbamist ja suurendage kontrolli. Osta n\u00fc\u00fcd mugavuse eest!","breadcrumb":{"@id":"https:\/\/qqpets.com\/product\/no-pull-dog-harness\/#breadcrumb"},"inLanguage":"et","potentialAction":[{"@type":"ReadAction","target":["https:\/\/qqpets.com\/product\/no-pull-dog-harness\/"]}]},{"@type":"ImageObject","inLanguage":"et","@id":"https:\/\/qqpets.com\/product\/no-pull-dog-harness\/#primaryimage","url":"https:\/\/qqpets.com\/wp-content\/uploads\/2024\/09\/no-pull-dog-harness-black-extra-large.webp","contentUrl":"https:\/\/qqpets.com\/wp-content\/uploads\/2024\/09\/no-pull-dog-harness-black-extra-large.webp","width":1000,"height":1000,"caption":"no-pull-dog-harness-black-extra-large"},{"@type":"BreadcrumbList","@id":"https:\/\/qqpets.com\/product\/no-pull-dog-harness\/#breadcrumb","itemListElement":[{"@type":"ListItem","position":1,"name":"Home","item":"https:\/\/qqpets.com\/"},{"@type":"ListItem","position":2,"name":"Products","item":"https:\/\/qqpets.com\/pet-products-manufacturer\/"},{"@type":"ListItem","position":3,"name":"No Pull Dog Harness"}]},{"@type":"WebSite","@id":"https:\/\/qqpets.com\/#website","url":"https:\/\/qqpets.com\/","name":"QQPETS","description":"QQPETS on lemmikloomatoodete tehas koerte rakmete, koerte kaelarihmade, koerte rihmade ja koerte tarvikute jaoks, mis pakub professionaalset kohandatud teenust alates 2005. aastast.","publisher":{"@id":"https:\/\/qqpets.com\/#organization"},"potentialAction":[{"@type":"SearchAction","target":{"@type":"EntryPoint","urlTemplate":"https:\/\/qqpets.com\/?s={search_term_string}"},"query-input":{"@type":"PropertyValueSpecification","valueRequired":true,"valueName":"search_term_string"}}],"inLanguage":"et"},{"@type":"Organization","@id":"https:\/\/qqpets.com\/#organization","name":"QQPETS","url":"https:\/\/qqpets.com\/","logo":{"@type":"ImageObject","inLanguage":"et","@id":"https:\/\/qqpets.com\/#\/schema\/logo\/image\/","url":"https:\/\/qqpets.com\/wp-content\/uploads\/2023\/09\/cropped-cropped-qqpets-tiktok.jpg","contentUrl":"https:\/\/qqpets.com\/wp-content\/uploads\/2023\/09\/cropped-cropped-qqpets-tiktok.jpg","width":511,"height":511,"caption":"QQPETS"},"image":{"@id":"https:\/\/qqpets.com\/#\/schema\/logo\/image\/"},"sameAs":["https:\/\/www.facebook.com\/QQpetsdogcollars","https:\/\/www.instagram.com\/qqpetscollar\/","https:\/\/www.pinterest.com\/qqpetsdogcollarsfactory\/"]}]}},"_links":{"self":[{"href":"https:\/\/qqpets.com\/et\/wp-json\/wp\/v2\/product\/7727","targetHints":{"allow":["GET"]}}],"collection":[{"href":"https:\/\/qqpets.com\/et\/wp-json\/wp\/v2\/product"}],"about":[{"href":"https:\/\/qqpets.com\/et\/wp-json\/wp\/v2\/types\/product"}],"wp:featuredmedia":[{"embeddable":true,"href":"https:\/\/qqpets.com\/et\/wp-json\/wp\/v2\/media\/8231"}],"wp:attachment":[{"href":"https:\/\/qqpets.com\/et\/wp-json\/wp\/v2\/media?parent=7727"}],"wp:term":[{"taxonomy":"product_brand","embeddable":true,"href":"https:\/\/qqpets.com\/et\/wp-json\/wp\/v2\/product_brand?post=7727"},{"taxonomy":"product_cat","embeddable":true,"href":"https:\/\/qqpets.com\/et\/wp-json\/wp\/v2\/product_cat?post=7727"},{"taxonomy":"product_tag","embeddable":true,"href":"https:\/\/qqpets.com\/et\/wp-json\/wp\/v2\/product_tag?post=7727"}],"curies":[{"name":"wp","href":"https:\/\/api.w.org\/{rel}","templated":true}]}}