{"id":7748,"date":"2024-09-02T15:40:07","date_gmt":"2024-09-02T07:40:07","guid":{"rendered":"https:\/\/qqpets.com\/?post_type=product&#038;p=7748"},"modified":"2024-09-03T16:47:29","modified_gmt":"2024-09-03T08:47:29","slug":"reflective-dog-collar","status":"publish","type":"product","link":"https:\/\/qqpets.com\/et\/toode\/reflective-dog-collar\/","title":{"rendered":"Helkurkoera kaelarihm"},"content":{"rendered":"<p>Tutvustame meie helkurkaelarihma, mis on h\u00e4davajalik ohutustehnika igale \u00f5htul v\u00f5i varahommikul aktiivsele lemmikloomale. See kaelarihm on loodud selleks, et maksimeerida teie koera n\u00e4htavust h\u00e4marates tingimustes t\u00e4nu kvaliteetsele helkurmaterjalile, mis p\u00fc\u00fcab t\u00e4navavalgustuse ja esilaternate valgust, tagades, et koer on kaugelt n\u00e4ha.<\/p>\n<p>Vastupidavatest ja tugevatest materjalidest valmistatud krae peab vastu igap\u00e4evase kasutamise raskustele, s\u00e4ilitades samas mugavuse. Reguleeritav konstruktsioon v\u00f5imaldab sobitamist, tagades, et kaelarihm on teie koerale sobiv, kuid samas mugav, v\u00e4ltides libisemist ja h\u00f5\u00f5rdumist.<\/p>\n<p>Lisaks helkuritele on see kaelarihm varustatud tugeva lukuga turvaliseks kinnitamiseks ja tugeva D-r\u00f5ngaga usaldusv\u00e4\u00e4rseks rihma kinnitamiseks. See kaelarihm tagab, et teie lemmikloom on alati n\u00e4htav ja turvaline, olenemata sellest, kas olete \u00f5htusel jalutusk\u00e4igul v\u00f5i varahommikusel jooksuringil.<\/p>\n<p>Meie helkurkaelarihm ei ole mitte ainult funktsionaalne, vaid ka stiilne. See on saadaval mitmes v\u00e4rvitoonis, mis v\u00f5imaldab teil valida teie lemmiklooma isiksuse ja stiiliga sobivaima, muutes selle suurep\u00e4raseks t\u00e4ienduseks nende garderoobile. See on ideaalne valik k\u00f5igile, kes soovivad suurendada oma koera turvalisust igap\u00e4evaste tegevuste ajal, pakkudes segu turvalisusest, stiilist ja meelerahust.<\/p>\n<h5><strong>Kas helkurkaelused on koertele head?<\/strong><\/h5>\n<p>Jah, helkurkaelarihmad on koertele kasulikud, sest need parandavad n\u00e4htavust h\u00e4marates tingimustes, n\u00e4iteks \u00f5htusel jalutusk\u00e4igul v\u00f5i uduse ilmaga, suurendades ohutust, kuna koer on autojuhtidele ja teistele paremini n\u00e4htav.<\/p>\n<h5><strong>Kas koera kaelarihma saab teha helkuriga?<\/strong><\/h5>\n<p>Jah, koera kaelarihma saab muuta helkuriks, lisades helkurlindi v\u00f5i ostes klambritega tuled v\u00f5i helkurkaunistused, mis kinnituvad kaelarihma k\u00fclge.<\/p>\n<h5><strong>Kas valgustatud koerakaelarihmad on ohutud?<\/strong><\/h5>\n<p>Jah, valgustatud koerakaelarihmad on \u00fcldiselt ohutud. Need aitavad teie koera pimedas n\u00e4htavana hoida. Veenduge siiski, et kaelarihm oleks \u00f5igesti paigaldatud, et valguselemendid oleksid kindlalt kinnitatud ning et patareide korpus oleks veekindel ja v\u00f5ltsimiskindel, et teie koer ei p\u00e4\u00e4seks patareidele ligi.<\/p>\n<h5><strong>Kas koera j\u00e4lgimiskaelarihmad on seda v\u00e4\u00e4rt?<\/strong><\/h5>\n<p>Koera j\u00e4lgimiskaelarihmad v\u00f5ivad olla seda v\u00e4\u00e4rt, eriti maapiirkondades elavate loomaomanike jaoks v\u00f5i nende koerte puhul, kellel on kalduvus hulkuda v\u00f5i p\u00f5geneda. Need kaelarihmad kasutavad GPS-i v\u00f5i muud tehnoloogiat, et aidata teie koera eksimise korral leida.<\/p>\n<h5><strong>Kas koertel v\u00f5ib kogu aeg kanda kaelarihma?<\/strong><\/h5>\n<p>\u00dcldiselt on koertele ohutu kanda kaelarihma kogu aeg, kui see on h\u00e4sti sobiv, mugav ja valmistatud mitte\u00e4rritavatest materjalidest. Siiski on oluline aeg-ajalt kontrollida kaelarihma kulumis- v\u00f5i \u00e4rritusm\u00e4rkide suhtes ning v\u00f5tta see turvalises, suletud keskkonnas maha, kui on oht, et see v\u00f5ib takerduda.<\/p>\n<h5><strong>Milline on parim kaelarihm koerale?<\/strong><\/h5>\n<p>Koera jaoks parim kaelarihm s\u00f5ltub koera konkreetsetest vajadustest ja tegevustest. \u00dcldiseks kasutamiseks soovitatakse sageli lamedat, reguleeritavat nailonist v\u00f5i nahast kaelarihma selle vastupidavuse, mugavuse ja kasutusmugavuse t\u00f5ttu. Sellel peaks olema turvaline lukk ja r\u00f5ngas ID-m\u00e4rkide ja rihma kinnitamiseks.<\/p>","protected":false},"excerpt":{"rendered":"<p>Suurendage oma koera \u00f6ist turvalisust meie helkurkaelusega. See suure n\u00e4htavuse tagamiseks m\u00f5eldud kaelarihm on varustatud helkiva materjaliga, mis tagab, et teie lemmikloom on n\u00e4htav ka h\u00e4marates tingimustes. See on reguleeritav, et see sobiks ideaalselt ja on valmistatud vastupidavast materjalist, mis tagab kestva kasutuse. See sobib ideaalselt \u00f5htustele jalutusk\u00e4ikudele, \u00fchendab endas turvalisuse ja mugavuse, tagades meelerahu igal v\u00e4ljas\u00f5idul.<\/p>","protected":false},"featured_media":7673,"template":"","meta":[],"product_brand":[],"product_cat":[26],"product_tag":[],"class_list":{"0":"post-7748","1":"product","2":"type-product","3":"status-publish","4":"has-post-thumbnail","6":"product_cat-dog-collar","7":"pa_brand-qqpets","9":"first","10":"instock","11":"shipping-taxable","12":"product-type-simple"},"yoast_head":"<!-- This site is optimized with the Yoast SEO plugin v26.6 - https:\/\/yoast.com\/wordpress\/plugins\/seo\/ -->\n<title>Reflective Dog Collar | QQPETS<\/title>\n<meta name=\"description\" content=\"Boost nighttime safety with our Reflective Dog Collar. High visibility for evening walks. Secure and stylish!\" \/>\n<meta name=\"robots\" content=\"index, follow, max-snippet:-1, max-image-preview:large, max-video-preview:-1\" \/>\n<link rel=\"canonical\" href=\"https:\/\/qqpets.com\/et\/toode\/reflective-dog-collar\/\" \/>\n<meta property=\"og:locale\" content=\"et_EE\" \/>\n<meta property=\"og:type\" content=\"article\" \/>\n<meta property=\"og:title\" content=\"Reflective Dog Collar | QQPETS\" \/>\n<meta property=\"og:description\" content=\"Boost nighttime safety with our Reflective Dog Collar. High visibility for evening walks. Secure and stylish!\" \/>\n<meta property=\"og:url\" content=\"https:\/\/qqpets.com\/et\/toode\/reflective-dog-collar\/\" \/>\n<meta property=\"og:site_name\" content=\"QQPETS\" \/>\n<meta property=\"article:publisher\" content=\"https:\/\/www.facebook.com\/QQpetsdogcollars\" \/>\n<meta property=\"article:modified_time\" content=\"2024-09-03T08:47:29+00:00\" \/>\n<meta property=\"og:image\" content=\"https:\/\/qqpets.com\/wp-content\/uploads\/2024\/08\/Adjustable-Print-Basic-Dog-Collar-1.webp\" \/>\n\t<meta property=\"og:image:width\" content=\"1600\" \/>\n\t<meta property=\"og:image:height\" content=\"1600\" \/>\n\t<meta property=\"og:image:type\" content=\"image\/webp\" \/>\n<meta name=\"twitter:card\" content=\"summary_large_image\" \/>\n<meta name=\"twitter:label1\" content=\"Est. reading time\" \/>\n\t<meta name=\"twitter:data1\" content=\"3 minutit\" \/>\n<script type=\"application\/ld+json\" class=\"yoast-schema-graph\">{\"@context\":\"https:\/\/schema.org\",\"@graph\":[{\"@type\":\"WebPage\",\"@id\":\"https:\/\/qqpets.com\/product\/reflective-dog-collar\/\",\"url\":\"https:\/\/qqpets.com\/product\/reflective-dog-collar\/\",\"name\":\"Reflective Dog Collar | QQPETS\",\"isPartOf\":{\"@id\":\"https:\/\/qqpets.com\/#website\"},\"primaryImageOfPage\":{\"@id\":\"https:\/\/qqpets.com\/product\/reflective-dog-collar\/#primaryimage\"},\"image\":{\"@id\":\"https:\/\/qqpets.com\/product\/reflective-dog-collar\/#primaryimage\"},\"thumbnailUrl\":\"https:\/\/qqpets.com\/wp-content\/uploads\/2024\/08\/Adjustable-Print-Basic-Dog-Collar-1.webp\",\"datePublished\":\"2024-09-02T07:40:07+00:00\",\"dateModified\":\"2024-09-03T08:47:29+00:00\",\"description\":\"Boost nighttime safety with our Reflective Dog Collar. High visibility for evening walks. Secure and stylish!\",\"breadcrumb\":{\"@id\":\"https:\/\/qqpets.com\/product\/reflective-dog-collar\/#breadcrumb\"},\"inLanguage\":\"et\",\"potentialAction\":[{\"@type\":\"ReadAction\",\"target\":[\"https:\/\/qqpets.com\/product\/reflective-dog-collar\/\"]}]},{\"@type\":\"ImageObject\",\"inLanguage\":\"et\",\"@id\":\"https:\/\/qqpets.com\/product\/reflective-dog-collar\/#primaryimage\",\"url\":\"https:\/\/qqpets.com\/wp-content\/uploads\/2024\/08\/Adjustable-Print-Basic-Dog-Collar-1.webp\",\"contentUrl\":\"https:\/\/qqpets.com\/wp-content\/uploads\/2024\/08\/Adjustable-Print-Basic-Dog-Collar-1.webp\",\"width\":1600,\"height\":1600},{\"@type\":\"BreadcrumbList\",\"@id\":\"https:\/\/qqpets.com\/product\/reflective-dog-collar\/#breadcrumb\",\"itemListElement\":[{\"@type\":\"ListItem\",\"position\":1,\"name\":\"Home\",\"item\":\"https:\/\/qqpets.com\/\"},{\"@type\":\"ListItem\",\"position\":2,\"name\":\"Products\",\"item\":\"https:\/\/qqpets.com\/pet-products-manufacturer\/\"},{\"@type\":\"ListItem\",\"position\":3,\"name\":\"Reflective Dog Collar\"}]},{\"@type\":\"WebSite\",\"@id\":\"https:\/\/qqpets.com\/#website\",\"url\":\"https:\/\/qqpets.com\/\",\"name\":\"QQPETS\",\"description\":\"QQPETS is a pet products factory for dog harnesses, dog collars, dog leashes and dog accessories with professional customized service since 2005.\",\"publisher\":{\"@id\":\"https:\/\/qqpets.com\/#organization\"},\"potentialAction\":[{\"@type\":\"SearchAction\",\"target\":{\"@type\":\"EntryPoint\",\"urlTemplate\":\"https:\/\/qqpets.com\/?s={search_term_string}\"},\"query-input\":{\"@type\":\"PropertyValueSpecification\",\"valueRequired\":true,\"valueName\":\"search_term_string\"}}],\"inLanguage\":\"et\"},{\"@type\":\"Organization\",\"@id\":\"https:\/\/qqpets.com\/#organization\",\"name\":\"QQPETS\",\"url\":\"https:\/\/qqpets.com\/\",\"logo\":{\"@type\":\"ImageObject\",\"inLanguage\":\"et\",\"@id\":\"https:\/\/qqpets.com\/#\/schema\/logo\/image\/\",\"url\":\"https:\/\/qqpets.com\/wp-content\/uploads\/2023\/09\/cropped-cropped-qqpets-tiktok.jpg\",\"contentUrl\":\"https:\/\/qqpets.com\/wp-content\/uploads\/2023\/09\/cropped-cropped-qqpets-tiktok.jpg\",\"width\":511,\"height\":511,\"caption\":\"QQPETS\"},\"image\":{\"@id\":\"https:\/\/qqpets.com\/#\/schema\/logo\/image\/\"},\"sameAs\":[\"https:\/\/www.facebook.com\/QQpetsdogcollars\",\"https:\/\/www.instagram.com\/qqpetscollar\/\",\"https:\/\/www.pinterest.com\/qqpetsdogcollarsfactory\/\"]}]}<\/script>\n<!-- \/ Yoast SEO plugin. -->","yoast_head_json":{"title":"Helkurkoera kaelarihm | QQPETS","description":"Suurendage \u00f6ist turvalisust meie helkurkaelusega. Suur n\u00e4htavus \u00f5htuste jalutusk\u00e4ikude jaoks. Turvaline ja stiilne!","robots":{"index":"index","follow":"follow","max-snippet":"max-snippet:-1","max-image-preview":"max-image-preview:large","max-video-preview":"max-video-preview:-1"},"canonical":"https:\/\/qqpets.com\/et\/toode\/reflective-dog-collar\/","og_locale":"et_EE","og_type":"article","og_title":"Reflective Dog Collar | QQPETS","og_description":"Boost nighttime safety with our Reflective Dog Collar. High visibility for evening walks. Secure and stylish!","og_url":"https:\/\/qqpets.com\/et\/toode\/reflective-dog-collar\/","og_site_name":"QQPETS","article_publisher":"https:\/\/www.facebook.com\/QQpetsdogcollars","article_modified_time":"2024-09-03T08:47:29+00:00","og_image":[{"width":1600,"height":1600,"url":"https:\/\/qqpets.com\/wp-content\/uploads\/2024\/08\/Adjustable-Print-Basic-Dog-Collar-1.webp","type":"image\/webp"}],"twitter_card":"summary_large_image","twitter_misc":{"Est. reading time":"3 minutit"},"schema":{"@context":"https:\/\/schema.org","@graph":[{"@type":"WebPage","@id":"https:\/\/qqpets.com\/product\/reflective-dog-collar\/","url":"https:\/\/qqpets.com\/product\/reflective-dog-collar\/","name":"Helkurkoera kaelarihm | QQPETS","isPartOf":{"@id":"https:\/\/qqpets.com\/#website"},"primaryImageOfPage":{"@id":"https:\/\/qqpets.com\/product\/reflective-dog-collar\/#primaryimage"},"image":{"@id":"https:\/\/qqpets.com\/product\/reflective-dog-collar\/#primaryimage"},"thumbnailUrl":"https:\/\/qqpets.com\/wp-content\/uploads\/2024\/08\/Adjustable-Print-Basic-Dog-Collar-1.webp","datePublished":"2024-09-02T07:40:07+00:00","dateModified":"2024-09-03T08:47:29+00:00","description":"Suurendage \u00f6ist turvalisust meie helkurkaelusega. Suur n\u00e4htavus \u00f5htuste jalutusk\u00e4ikude jaoks. Turvaline ja stiilne!","breadcrumb":{"@id":"https:\/\/qqpets.com\/product\/reflective-dog-collar\/#breadcrumb"},"inLanguage":"et","potentialAction":[{"@type":"ReadAction","target":["https:\/\/qqpets.com\/product\/reflective-dog-collar\/"]}]},{"@type":"ImageObject","inLanguage":"et","@id":"https:\/\/qqpets.com\/product\/reflective-dog-collar\/#primaryimage","url":"https:\/\/qqpets.com\/wp-content\/uploads\/2024\/08\/Adjustable-Print-Basic-Dog-Collar-1.webp","contentUrl":"https:\/\/qqpets.com\/wp-content\/uploads\/2024\/08\/Adjustable-Print-Basic-Dog-Collar-1.webp","width":1600,"height":1600},{"@type":"BreadcrumbList","@id":"https:\/\/qqpets.com\/product\/reflective-dog-collar\/#breadcrumb","itemListElement":[{"@type":"ListItem","position":1,"name":"Home","item":"https:\/\/qqpets.com\/"},{"@type":"ListItem","position":2,"name":"Products","item":"https:\/\/qqpets.com\/pet-products-manufacturer\/"},{"@type":"ListItem","position":3,"name":"Reflective Dog Collar"}]},{"@type":"WebSite","@id":"https:\/\/qqpets.com\/#website","url":"https:\/\/qqpets.com\/","name":"QQPETS","description":"QQPETS on lemmikloomatoodete tehas koerte rakmete, koerte kaelarihmade, koerte rihmade ja koerte tarvikute jaoks, mis pakub professionaalset kohandatud teenust alates 2005. aastast.","publisher":{"@id":"https:\/\/qqpets.com\/#organization"},"potentialAction":[{"@type":"SearchAction","target":{"@type":"EntryPoint","urlTemplate":"https:\/\/qqpets.com\/?s={search_term_string}"},"query-input":{"@type":"PropertyValueSpecification","valueRequired":true,"valueName":"search_term_string"}}],"inLanguage":"et"},{"@type":"Organization","@id":"https:\/\/qqpets.com\/#organization","name":"QQPETS","url":"https:\/\/qqpets.com\/","logo":{"@type":"ImageObject","inLanguage":"et","@id":"https:\/\/qqpets.com\/#\/schema\/logo\/image\/","url":"https:\/\/qqpets.com\/wp-content\/uploads\/2023\/09\/cropped-cropped-qqpets-tiktok.jpg","contentUrl":"https:\/\/qqpets.com\/wp-content\/uploads\/2023\/09\/cropped-cropped-qqpets-tiktok.jpg","width":511,"height":511,"caption":"QQPETS"},"image":{"@id":"https:\/\/qqpets.com\/#\/schema\/logo\/image\/"},"sameAs":["https:\/\/www.facebook.com\/QQpetsdogcollars","https:\/\/www.instagram.com\/qqpetscollar\/","https:\/\/www.pinterest.com\/qqpetsdogcollarsfactory\/"]}]}},"_links":{"self":[{"href":"https:\/\/qqpets.com\/et\/wp-json\/wp\/v2\/product\/7748","targetHints":{"allow":["GET"]}}],"collection":[{"href":"https:\/\/qqpets.com\/et\/wp-json\/wp\/v2\/product"}],"about":[{"href":"https:\/\/qqpets.com\/et\/wp-json\/wp\/v2\/types\/product"}],"wp:featuredmedia":[{"embeddable":true,"href":"https:\/\/qqpets.com\/et\/wp-json\/wp\/v2\/media\/7673"}],"wp:attachment":[{"href":"https:\/\/qqpets.com\/et\/wp-json\/wp\/v2\/media?parent=7748"}],"wp:term":[{"taxonomy":"product_brand","embeddable":true,"href":"https:\/\/qqpets.com\/et\/wp-json\/wp\/v2\/product_brand?post=7748"},{"taxonomy":"product_cat","embeddable":true,"href":"https:\/\/qqpets.com\/et\/wp-json\/wp\/v2\/product_cat?post=7748"},{"taxonomy":"product_tag","embeddable":true,"href":"https:\/\/qqpets.com\/et\/wp-json\/wp\/v2\/product_tag?post=7748"}],"curies":[{"name":"wp","href":"https:\/\/api.w.org\/{rel}","templated":true}]}}