{"id":7790,"date":"2024-09-03T17:20:44","date_gmt":"2024-09-03T09:20:44","guid":{"rendered":"https:\/\/qqpets.com\/?post_type=product&#038;p=7790"},"modified":"2024-09-03T17:20:44","modified_gmt":"2024-09-03T09:20:44","slug":"reflective-rope-dog-leash","status":"publish","type":"product","link":"https:\/\/qqpets.com\/et\/toode\/reflective-rope-dog-leash\/","title":{"rendered":"Helkurk\u00f6ie koerarihm"},"content":{"rendered":"<p>Viige oma igap\u00e4evastele jalutusk\u00e4ikudele uus stiil ja tugevus meie k\u00f5rgekvaliteedilise Rope Dog Leashiga. See rihm on hoolikalt valmistatud kvaliteetsest punutud k\u00f6iest, mis on loodud vastu pidama ka k\u00f5ige innukamate koerte k\u00f5ige tugevamatele t\u00f5mbamistele ja t\u00f5mbamistele. Tugev konstruktsioon tagab pikaajalise vastupidavuse, mist\u00f5ttu on see ideaalne valik k\u00f5ikidele t\u00f5ugudele, suurustele ja vanustele.<\/p>\n<p>Ergonoomiliselt kujundatud k\u00e4epide on mugavuse tagamiseks polsterdatud, v\u00e4hendades k\u00e4te v\u00e4simust ja pakkudes meeldivat k\u00f5ndimiskogemust ka pikemate v\u00e4ljas\u00f5itude ajal. See omadus on eriti kasulik suuremate t\u00f5ugudega lemmikloomade omanikele v\u00f5i neile, kes naudivad aktiivseid seiklusi, mis n\u00f5uavad usaldusv\u00e4\u00e4rset haaret.<\/p>\n<p>Meie koerarihm on varustatud tugeva klambriga, mis tagab kindla \u00fchenduse teie koera kaelarihma v\u00f5i rakmete k\u00fclge, tagades meelerahu, et teie kaaslane on alati turvaliselt kinnitatud. Elegantne, punutud disain mitte ainult ei lisa elegantsust, vaid tagab ka selle, et rihma on lihtne puhastada ja hooldada, taludes k\u00f5iki ilmastikutingimusi ilma kulumise v\u00f5i tuhmumise eest.<\/p>\n<p>Meie koerarihm, mis on saadaval erinevates v\u00e4rvides, v\u00f5imaldab teil v\u00e4ljendada teie ja teie lemmiklooma isiklikku stiili, tagades samas, et ohutus ja funktsionaalsus ei ole kunagi ohustatud. See rihm on ideaalne kaaslane k\u00f5ikideks teie seiklusteks v\u00e4ljas, \u00fchendades v\u00f5rratu tugevuse ja moodsa v\u00e4limuse, olenemata sellest, kas te liigute tiheda liiklusega linnat\u00e4navatel v\u00f5i uurite karmi rada.<\/p>\n<p>Valige meie k\u00f6iega koerarihm, mis on usaldusv\u00e4\u00e4rne, stiilne ja praktiline lahendus teie lemmiklooma jalutusk\u00e4igule, muutes iga jalutusk\u00e4igu nauditavaks ja turvaliseks.<\/p>\n<h5><strong>Kas k\u00f6isrihmad on koertele paremad?<\/strong><\/h5>\n<p>K\u00f6isrihmad v\u00f5ivad olla paremad koertele, eriti neile, kes t\u00f5mbavad, nende vastupidavuse ja tugevuse t\u00f5ttu. Samuti pakuvad nad omanikule head haardumist, mis on kasulik treeningu ajal v\u00f5i olukordades, kus kontroll on oluline.<\/p>\n<h5><strong>Milline k\u00f6is on hea koera rihma jaoks?<\/strong><\/h5>\n<p>Koerarihmade jaoks kasutatakse sageli ronimisviisiga nailonk\u00f6it, sest see on tugev, vastupidav ja mugava haardega. Samuti on see vastupidav ilmastikule ja peab vastu koera t\u00f5mbamise j\u00f5ule.<\/p>\n<h5><strong>Kas k\u00f6iekaelarihmad on ohutud?<\/strong><\/h5>\n<p>K\u00f6iekaelarihmad v\u00f5ivad olla ohutud, kui need on \u00f5igesti m\u00f5\u00f5detud ja valmistatud pehmest, vastupidavast materjalist. Neid ei tohiks siiski kasutada esmase kaelarihmana ID-m\u00e4rkide kinnitamiseks v\u00f5i koertele, kes t\u00f5mbavad oluliselt, sest k\u00f6is v\u00f5ib karvkatte \u00e4ra kulutada ja aja jooksul \u00e4rritada.<\/p>\n<h5><strong>Mis on s\u00f5na koerak\u00f6ie kohta?<\/strong><\/h5>\n<p>Tavaliselt kasutatakse koeratrossi kohta terminit \"rihm\" v\u00f5i m\u00f5nikord \"pilliroog\", mis viitab konkreetselt koera juhtimiseks v\u00f5i kontrollimiseks jalutusk\u00e4ikudel v\u00f5i treeningul kasutatavale k\u00f6iele.<\/p>","protected":false},"excerpt":{"rendered":"<p>Kogege meie k\u00f6iega koerarihma t\u00e4iuslikku segu vastupidavusest ja stiilist. Kvaliteetsest punutud k\u00f6iest valmistatud rihm pakub suurep\u00e4rast tugevust k\u00f5ikidele koerasuurustele. Mugav k\u00e4epide tagab kasutusmugavuse pikkade jalutusk\u00e4ikude ajal, samal ajal kui tugev klamber tagab turvalise kinnituse teie koera kaelarihma k\u00fclge. Ideaalne igap\u00e4evaseks kasutamiseks, \u00fchendab see funktsionaalsuse elegantse ja moodsa disainiga, tagades nii ohutuse kui ka stiili teie seiklustel.<\/p>","protected":false},"featured_media":7791,"template":"","meta":[],"product_brand":[],"product_cat":[27],"product_tag":[],"class_list":{"0":"post-7790","1":"product","2":"type-product","3":"status-publish","4":"has-post-thumbnail","6":"product_cat-dog-leash","7":"pa_brand-qqpets","9":"first","10":"instock","11":"shipping-taxable","12":"product-type-simple"},"yoast_head":"<!-- This site is optimized with the Yoast SEO plugin v26.6 - https:\/\/yoast.com\/wordpress\/plugins\/seo\/ -->\n<title>Reflective Rope Dog Leash | QQPETS<\/title>\n<meta name=\"description\" content=\"Discover the durability of our Rope Dog Leash. Strong, stylish, and secure. Ideal for daily walks. Shop now!\" \/>\n<meta name=\"robots\" content=\"index, follow, max-snippet:-1, max-image-preview:large, max-video-preview:-1\" \/>\n<link rel=\"canonical\" href=\"https:\/\/qqpets.com\/et\/toode\/reflective-rope-dog-leash\/\" \/>\n<meta property=\"og:locale\" content=\"et_EE\" \/>\n<meta property=\"og:type\" content=\"article\" \/>\n<meta property=\"og:title\" content=\"Reflective Rope Dog Leash | QQPETS\" \/>\n<meta property=\"og:description\" content=\"Discover the durability of our Rope Dog Leash. Strong, stylish, and secure. Ideal for daily walks. Shop now!\" \/>\n<meta property=\"og:url\" content=\"https:\/\/qqpets.com\/et\/toode\/reflective-rope-dog-leash\/\" \/>\n<meta property=\"og:site_name\" content=\"QQPETS\" \/>\n<meta property=\"article:publisher\" content=\"https:\/\/www.facebook.com\/QQpetsdogcollars\" \/>\n<meta property=\"og:image\" content=\"https:\/\/qqpets.com\/wp-content\/uploads\/2024\/09\/rope-dog-leash1.webp\" \/>\n\t<meta property=\"og:image:width\" content=\"892\" \/>\n\t<meta property=\"og:image:height\" content=\"968\" \/>\n\t<meta property=\"og:image:type\" content=\"image\/webp\" \/>\n<meta name=\"twitter:card\" content=\"summary_large_image\" \/>\n<meta name=\"twitter:label1\" content=\"Est. reading time\" \/>\n\t<meta name=\"twitter:data1\" content=\"3 minutit\" \/>\n<script type=\"application\/ld+json\" class=\"yoast-schema-graph\">{\"@context\":\"https:\/\/schema.org\",\"@graph\":[{\"@type\":\"WebPage\",\"@id\":\"https:\/\/qqpets.com\/product\/reflective-rope-dog-leash\/\",\"url\":\"https:\/\/qqpets.com\/product\/reflective-rope-dog-leash\/\",\"name\":\"Reflective Rope Dog Leash | QQPETS\",\"isPartOf\":{\"@id\":\"https:\/\/qqpets.com\/#website\"},\"primaryImageOfPage\":{\"@id\":\"https:\/\/qqpets.com\/product\/reflective-rope-dog-leash\/#primaryimage\"},\"image\":{\"@id\":\"https:\/\/qqpets.com\/product\/reflective-rope-dog-leash\/#primaryimage\"},\"thumbnailUrl\":\"https:\/\/qqpets.com\/wp-content\/uploads\/2024\/09\/rope-dog-leash1.webp\",\"datePublished\":\"2024-09-03T09:20:44+00:00\",\"description\":\"Discover the durability of our Rope Dog Leash. Strong, stylish, and secure. Ideal for daily walks. Shop now!\",\"breadcrumb\":{\"@id\":\"https:\/\/qqpets.com\/product\/reflective-rope-dog-leash\/#breadcrumb\"},\"inLanguage\":\"et\",\"potentialAction\":[{\"@type\":\"ReadAction\",\"target\":[\"https:\/\/qqpets.com\/product\/reflective-rope-dog-leash\/\"]}]},{\"@type\":\"ImageObject\",\"inLanguage\":\"et\",\"@id\":\"https:\/\/qqpets.com\/product\/reflective-rope-dog-leash\/#primaryimage\",\"url\":\"https:\/\/qqpets.com\/wp-content\/uploads\/2024\/09\/rope-dog-leash1.webp\",\"contentUrl\":\"https:\/\/qqpets.com\/wp-content\/uploads\/2024\/09\/rope-dog-leash1.webp\",\"width\":892,\"height\":968},{\"@type\":\"BreadcrumbList\",\"@id\":\"https:\/\/qqpets.com\/product\/reflective-rope-dog-leash\/#breadcrumb\",\"itemListElement\":[{\"@type\":\"ListItem\",\"position\":1,\"name\":\"Home\",\"item\":\"https:\/\/qqpets.com\/\"},{\"@type\":\"ListItem\",\"position\":2,\"name\":\"Products\",\"item\":\"https:\/\/qqpets.com\/pet-products-manufacturer\/\"},{\"@type\":\"ListItem\",\"position\":3,\"name\":\"Reflective Rope Dog Leash\"}]},{\"@type\":\"WebSite\",\"@id\":\"https:\/\/qqpets.com\/#website\",\"url\":\"https:\/\/qqpets.com\/\",\"name\":\"QQPETS\",\"description\":\"QQPETS is a pet products factory for dog harnesses, dog collars, dog leashes and dog accessories with professional customized service since 2005.\",\"publisher\":{\"@id\":\"https:\/\/qqpets.com\/#organization\"},\"potentialAction\":[{\"@type\":\"SearchAction\",\"target\":{\"@type\":\"EntryPoint\",\"urlTemplate\":\"https:\/\/qqpets.com\/?s={search_term_string}\"},\"query-input\":{\"@type\":\"PropertyValueSpecification\",\"valueRequired\":true,\"valueName\":\"search_term_string\"}}],\"inLanguage\":\"et\"},{\"@type\":\"Organization\",\"@id\":\"https:\/\/qqpets.com\/#organization\",\"name\":\"QQPETS\",\"url\":\"https:\/\/qqpets.com\/\",\"logo\":{\"@type\":\"ImageObject\",\"inLanguage\":\"et\",\"@id\":\"https:\/\/qqpets.com\/#\/schema\/logo\/image\/\",\"url\":\"https:\/\/qqpets.com\/wp-content\/uploads\/2023\/09\/cropped-cropped-qqpets-tiktok.jpg\",\"contentUrl\":\"https:\/\/qqpets.com\/wp-content\/uploads\/2023\/09\/cropped-cropped-qqpets-tiktok.jpg\",\"width\":511,\"height\":511,\"caption\":\"QQPETS\"},\"image\":{\"@id\":\"https:\/\/qqpets.com\/#\/schema\/logo\/image\/\"},\"sameAs\":[\"https:\/\/www.facebook.com\/QQpetsdogcollars\",\"https:\/\/www.instagram.com\/qqpetscollar\/\",\"https:\/\/www.pinterest.com\/qqpetsdogcollarsfactory\/\"]}]}<\/script>\n<!-- \/ Yoast SEO plugin. -->","yoast_head_json":{"title":"Helkurk\u00f6ie koerarihm | QQPETS","description":"Avastage meie koerarihma vastupidavus. Tugev, stiilne ja turvaline. Ideaalne igap\u00e4evasteks jalutusk\u00e4ikudeks. Osta n\u00fc\u00fcd!","robots":{"index":"index","follow":"follow","max-snippet":"max-snippet:-1","max-image-preview":"max-image-preview:large","max-video-preview":"max-video-preview:-1"},"canonical":"https:\/\/qqpets.com\/et\/toode\/reflective-rope-dog-leash\/","og_locale":"et_EE","og_type":"article","og_title":"Reflective Rope Dog Leash | QQPETS","og_description":"Discover the durability of our Rope Dog Leash. Strong, stylish, and secure. Ideal for daily walks. Shop now!","og_url":"https:\/\/qqpets.com\/et\/toode\/reflective-rope-dog-leash\/","og_site_name":"QQPETS","article_publisher":"https:\/\/www.facebook.com\/QQpetsdogcollars","og_image":[{"width":892,"height":968,"url":"https:\/\/qqpets.com\/wp-content\/uploads\/2024\/09\/rope-dog-leash1.webp","type":"image\/webp"}],"twitter_card":"summary_large_image","twitter_misc":{"Est. reading time":"3 minutit"},"schema":{"@context":"https:\/\/schema.org","@graph":[{"@type":"WebPage","@id":"https:\/\/qqpets.com\/product\/reflective-rope-dog-leash\/","url":"https:\/\/qqpets.com\/product\/reflective-rope-dog-leash\/","name":"Helkurk\u00f6ie koerarihm | QQPETS","isPartOf":{"@id":"https:\/\/qqpets.com\/#website"},"primaryImageOfPage":{"@id":"https:\/\/qqpets.com\/product\/reflective-rope-dog-leash\/#primaryimage"},"image":{"@id":"https:\/\/qqpets.com\/product\/reflective-rope-dog-leash\/#primaryimage"},"thumbnailUrl":"https:\/\/qqpets.com\/wp-content\/uploads\/2024\/09\/rope-dog-leash1.webp","datePublished":"2024-09-03T09:20:44+00:00","description":"Avastage meie koerarihma vastupidavus. Tugev, stiilne ja turvaline. Ideaalne igap\u00e4evasteks jalutusk\u00e4ikudeks. Osta n\u00fc\u00fcd!","breadcrumb":{"@id":"https:\/\/qqpets.com\/product\/reflective-rope-dog-leash\/#breadcrumb"},"inLanguage":"et","potentialAction":[{"@type":"ReadAction","target":["https:\/\/qqpets.com\/product\/reflective-rope-dog-leash\/"]}]},{"@type":"ImageObject","inLanguage":"et","@id":"https:\/\/qqpets.com\/product\/reflective-rope-dog-leash\/#primaryimage","url":"https:\/\/qqpets.com\/wp-content\/uploads\/2024\/09\/rope-dog-leash1.webp","contentUrl":"https:\/\/qqpets.com\/wp-content\/uploads\/2024\/09\/rope-dog-leash1.webp","width":892,"height":968},{"@type":"BreadcrumbList","@id":"https:\/\/qqpets.com\/product\/reflective-rope-dog-leash\/#breadcrumb","itemListElement":[{"@type":"ListItem","position":1,"name":"Home","item":"https:\/\/qqpets.com\/"},{"@type":"ListItem","position":2,"name":"Products","item":"https:\/\/qqpets.com\/pet-products-manufacturer\/"},{"@type":"ListItem","position":3,"name":"Reflective Rope Dog Leash"}]},{"@type":"WebSite","@id":"https:\/\/qqpets.com\/#website","url":"https:\/\/qqpets.com\/","name":"QQPETS","description":"QQPETS on lemmikloomatoodete tehas koerte rakmete, koerte kaelarihmade, koerte rihmade ja koerte tarvikute jaoks, mis pakub professionaalset kohandatud teenust alates 2005. aastast.","publisher":{"@id":"https:\/\/qqpets.com\/#organization"},"potentialAction":[{"@type":"SearchAction","target":{"@type":"EntryPoint","urlTemplate":"https:\/\/qqpets.com\/?s={search_term_string}"},"query-input":{"@type":"PropertyValueSpecification","valueRequired":true,"valueName":"search_term_string"}}],"inLanguage":"et"},{"@type":"Organization","@id":"https:\/\/qqpets.com\/#organization","name":"QQPETS","url":"https:\/\/qqpets.com\/","logo":{"@type":"ImageObject","inLanguage":"et","@id":"https:\/\/qqpets.com\/#\/schema\/logo\/image\/","url":"https:\/\/qqpets.com\/wp-content\/uploads\/2023\/09\/cropped-cropped-qqpets-tiktok.jpg","contentUrl":"https:\/\/qqpets.com\/wp-content\/uploads\/2023\/09\/cropped-cropped-qqpets-tiktok.jpg","width":511,"height":511,"caption":"QQPETS"},"image":{"@id":"https:\/\/qqpets.com\/#\/schema\/logo\/image\/"},"sameAs":["https:\/\/www.facebook.com\/QQpetsdogcollars","https:\/\/www.instagram.com\/qqpetscollar\/","https:\/\/www.pinterest.com\/qqpetsdogcollarsfactory\/"]}]}},"_links":{"self":[{"href":"https:\/\/qqpets.com\/et\/wp-json\/wp\/v2\/product\/7790","targetHints":{"allow":["GET"]}}],"collection":[{"href":"https:\/\/qqpets.com\/et\/wp-json\/wp\/v2\/product"}],"about":[{"href":"https:\/\/qqpets.com\/et\/wp-json\/wp\/v2\/types\/product"}],"wp:featuredmedia":[{"embeddable":true,"href":"https:\/\/qqpets.com\/et\/wp-json\/wp\/v2\/media\/7791"}],"wp:attachment":[{"href":"https:\/\/qqpets.com\/et\/wp-json\/wp\/v2\/media?parent=7790"}],"wp:term":[{"taxonomy":"product_brand","embeddable":true,"href":"https:\/\/qqpets.com\/et\/wp-json\/wp\/v2\/product_brand?post=7790"},{"taxonomy":"product_cat","embeddable":true,"href":"https:\/\/qqpets.com\/et\/wp-json\/wp\/v2\/product_cat?post=7790"},{"taxonomy":"product_tag","embeddable":true,"href":"https:\/\/qqpets.com\/et\/wp-json\/wp\/v2\/product_tag?post=7790"}],"curies":[{"name":"wp","href":"https:\/\/api.w.org\/{rel}","templated":true}]}}