{"id":7797,"date":"2024-09-03T16:36:52","date_gmt":"2024-09-03T08:36:52","guid":{"rendered":"https:\/\/qqpets.com\/?post_type=product&#038;p=7797"},"modified":"2024-09-03T16:36:52","modified_gmt":"2024-09-03T08:36:52","slug":"martingale-dog-collar","status":"publish","type":"product","link":"https:\/\/qqpets.com\/et\/toode\/martingale-dog-collar\/","title":{"rendered":"Martingale koera kaelarihm"},"content":{"rendered":"<p>Tutvustame meie Martingale koerakaelarihma, mis on t\u00f5husaks ja ohutuks treenimiseks h\u00e4davajalik vahend. See kaelarihm on spetsiaalselt loodud selleks, et tagada suurem kontroll koerte \u00fcle, kes kipuvad t\u00f5mbama, ilma traditsiooniliste k\u00e4gistamiskaelarihmade karmuseta. Sellel on kahekordne silmusekonstruktsioon, mis v\u00f5imaldab kaelarihmal t\u00f5mbamise korral proportsionaalselt pingutada, tagades \u00f5rna korrektsiooni.<\/p>\n<p>Meie Martingali kaelarihm on valmistatud k\u00f5rgekvaliteedilistest materjalidest, et tagada vastupidavus ja taluda igap\u00e4evast kasutamist. Ainulaadne konstruktsioon sisaldab piiratud sulgemist, mis t\u00e4hendab, et kaelarihm t\u00f5mbub pingule, kuid ei l\u00e4mmata, mist\u00f5ttu on see treenimiseks nii ohutu kui ka t\u00f5hus. See omadus on eriti kasulik t\u00f5ugudele, kellel on kalduvus tavalistest kaelarihmadest v\u00e4lja libiseda, kuna see tagab turvalise kinnituse, tagades samas koera mugavuse.<\/p>\n<p>Reguleeritavus on meie kaelarihma p\u00f5hikomponent, mis v\u00f5imaldab mugavat sobivust, mida saab kohandada vastavalt teie koera kaela suurusele. T\u00e4nu sellele kohandatavusele sobib see peaaegu igale t\u00f5ule, tagades, et kaelarihm pakub \u00f5iget korrektsiooni ilma ebamugavustundeta.<\/p>\n<p>Martingale koerakaelarihm sobib ideaalselt treeningutel, regulaarsetel jalutusk\u00e4ikudel ja rahvarohketes keskkondades, kus vajate lisakontrolli, sest see aitab juhtida teie koera, rakendades \u00fchtlast survet \u00fcmber kaela, mitte koondades seda \u00fchte piirkonda. Seda meetodit tunnustavad koolitajad selle t\u00f5hususe ja humaanse l\u00e4henemise poolest, mis aitab \u00f5petada h\u00e4id rihmaomaneere.<\/p>\n<p>Varustage oma koer meie Martingale koerakaelaga, et tagada turvalisemad ja meeldivamad jalutusk\u00e4igud ning treeningkogemused. See on usaldusv\u00e4\u00e4rne, humaanne ja stiilne valik lemmikloomaomanikele, kes on p\u00fchendunud oma lemmikloomade parimale hooldusele ja treenimisele.<\/p>\n<h5><strong>Kas martingaalkaelarihmad on koertele head?<\/strong><\/h5>\n<p>Jah, martingaalkaelarihmad on head koertele, eriti neile, kellel on kalduvus tavalistest kaelarihmadest v\u00e4lja libiseda. Need pakuvad turvalisemat alternatiivi, kuna need pingutavad veidi pinge all, tagades kindla kinnituse ilma l\u00e4mmatuskaelarihmadega seotud riskideta.<\/p>\n<h5><strong>Mida teeb koerale martingaal?<\/strong><\/h5>\n<p>Martingaalkaelarihm on m\u00f5eldud nii, et see t\u00f5mbub \u00f5rnalt kinni, kui koer t\u00f5mbab rihma, tagades kontrolli ja takistades koera v\u00e4lja libisemist kaelarihmast. See t\u00f5mbub just nii palju, et see oleks t\u00f5hus, kuid mitte nii palju, et koera l\u00e4mmataks v\u00f5i kahjustaks, mist\u00f5ttu on see ideaalne treenimiseks ja jalutamiseks.<\/p>\n<h5><strong>Kas martingaalkaelarihmad l\u00f5petavad t\u00f5mbamise?<\/strong><\/h5>\n<p>Martingali kaelarihmad ei takista koera t\u00f5mbamist iseenesest. Need on m\u00f5eldud selleks, et tagada turvalisem kontroll koertele, kes v\u00f5ivad proovida kaelarihmast v\u00e4lja taganeda. Siiski saab neid t\u00f5husalt kasutada osana koolitusstrateegiast, et \u00f5petada paremaid rihmaomaneere, andes \u00f5rna tagasisidet, kui koer t\u00f5mbab.<\/p>\n<h5><strong>Kas koer v\u00f5ib kogu aeg kanda martingaale?<\/strong><\/h5>\n<p>Koerale ei ole soovitatav kogu aeg kanda martingaalkaelarihma. Kaelarihm on m\u00f5eldud pinguldamiseks, mis ei ole pidevaks kandmiseks ideaalne, eriti j\u00e4relevalveta. Seda tuleks kasutada peamiselt jalutusk\u00e4ikude v\u00f5i treeningute ajal ja p\u00e4rast seda eemaldada, et v\u00e4ltida juhusliku pinguldamise v\u00f5i vigastuse ohtu.<\/p>","protected":false},"excerpt":{"rendered":"<p>Optimeerige treeningut meie Martingale koerakaelaga, mis on m\u00f5eldud \u00f5rnaks korrektsiooniks ilma l\u00e4mmatamiseta. See kaelarihm pinguldub, kuid on piiratud sulgemisega, et tagada selle ohutus ja humaansus. See on valmistatud kvaliteetsetest materjalidest, pakkudes vastupidavust ja mugavust, mist\u00f5ttu on see ideaalne igap\u00e4evasteks jalutusk\u00e4ikudeks ja treeninguteks. Lihtne reguleeritav disain tagab t\u00e4iusliku sobivuse k\u00f5ikidele t\u00f5ugudele, parandades kontrolli ja kaitstes samal ajal teie koera kaela.<\/p>","protected":false},"featured_media":7323,"template":"","meta":[],"product_brand":[],"product_cat":[26],"product_tag":[],"class_list":{"0":"post-7797","1":"product","2":"type-product","3":"status-publish","4":"has-post-thumbnail","6":"product_cat-dog-collar","7":"pa_brand-qqpets","9":"first","10":"instock","11":"shipping-taxable","12":"product-type-simple"},"yoast_head":"<!-- This site is optimized with the Yoast SEO plugin v26.6 - https:\/\/yoast.com\/wordpress\/plugins\/seo\/ -->\n<title>Martingale Dog Collar | QQPETS<\/title>\n<meta name=\"description\" content=\"Ensure safety with our Martingale Dog Collar. Perfect for training with gentle control. Durable and reliable!\" \/>\n<meta name=\"robots\" content=\"index, follow, max-snippet:-1, max-image-preview:large, max-video-preview:-1\" \/>\n<link rel=\"canonical\" href=\"https:\/\/qqpets.com\/et\/toode\/martingale-dog-collar\/\" \/>\n<meta property=\"og:locale\" content=\"et_EE\" \/>\n<meta property=\"og:type\" content=\"article\" \/>\n<meta property=\"og:title\" content=\"Martingale Dog Collar | QQPETS\" \/>\n<meta property=\"og:description\" content=\"Ensure safety with our Martingale Dog Collar. Perfect for training with gentle control. Durable and reliable!\" \/>\n<meta property=\"og:url\" content=\"https:\/\/qqpets.com\/et\/toode\/martingale-dog-collar\/\" \/>\n<meta property=\"og:site_name\" content=\"QQPETS\" \/>\n<meta property=\"article:publisher\" content=\"https:\/\/www.facebook.com\/QQpetsdogcollars\" \/>\n<meta property=\"og:image\" content=\"https:\/\/qqpets.com\/wp-content\/uploads\/2023\/09\/martingale-dog-collar.webp\" \/>\n\t<meta property=\"og:image:width\" content=\"1000\" \/>\n\t<meta property=\"og:image:height\" content=\"1000\" \/>\n\t<meta property=\"og:image:type\" content=\"image\/webp\" \/>\n<meta name=\"twitter:card\" content=\"summary_large_image\" \/>\n<meta name=\"twitter:label1\" content=\"Est. reading time\" \/>\n\t<meta name=\"twitter:data1\" content=\"3 minutit\" \/>\n<script type=\"application\/ld+json\" class=\"yoast-schema-graph\">{\"@context\":\"https:\/\/schema.org\",\"@graph\":[{\"@type\":\"WebPage\",\"@id\":\"https:\/\/qqpets.com\/product\/martingale-dog-collar\/\",\"url\":\"https:\/\/qqpets.com\/product\/martingale-dog-collar\/\",\"name\":\"Martingale Dog Collar | QQPETS\",\"isPartOf\":{\"@id\":\"https:\/\/qqpets.com\/#website\"},\"primaryImageOfPage\":{\"@id\":\"https:\/\/qqpets.com\/product\/martingale-dog-collar\/#primaryimage\"},\"image\":{\"@id\":\"https:\/\/qqpets.com\/product\/martingale-dog-collar\/#primaryimage\"},\"thumbnailUrl\":\"https:\/\/qqpets.com\/wp-content\/uploads\/2023\/09\/martingale-dog-collar.webp\",\"datePublished\":\"2024-09-03T08:36:52+00:00\",\"description\":\"Ensure safety with our Martingale Dog Collar. Perfect for training with gentle control. Durable and reliable!\",\"breadcrumb\":{\"@id\":\"https:\/\/qqpets.com\/product\/martingale-dog-collar\/#breadcrumb\"},\"inLanguage\":\"et\",\"potentialAction\":[{\"@type\":\"ReadAction\",\"target\":[\"https:\/\/qqpets.com\/product\/martingale-dog-collar\/\"]}]},{\"@type\":\"ImageObject\",\"inLanguage\":\"et\",\"@id\":\"https:\/\/qqpets.com\/product\/martingale-dog-collar\/#primaryimage\",\"url\":\"https:\/\/qqpets.com\/wp-content\/uploads\/2023\/09\/martingale-dog-collar.webp\",\"contentUrl\":\"https:\/\/qqpets.com\/wp-content\/uploads\/2023\/09\/martingale-dog-collar.webp\",\"width\":1000,\"height\":1000,\"caption\":\"martingale dog collar\"},{\"@type\":\"BreadcrumbList\",\"@id\":\"https:\/\/qqpets.com\/product\/martingale-dog-collar\/#breadcrumb\",\"itemListElement\":[{\"@type\":\"ListItem\",\"position\":1,\"name\":\"Home\",\"item\":\"https:\/\/qqpets.com\/\"},{\"@type\":\"ListItem\",\"position\":2,\"name\":\"Products\",\"item\":\"https:\/\/qqpets.com\/pet-products-manufacturer\/\"},{\"@type\":\"ListItem\",\"position\":3,\"name\":\"Martingale Dog Collar\"}]},{\"@type\":\"WebSite\",\"@id\":\"https:\/\/qqpets.com\/#website\",\"url\":\"https:\/\/qqpets.com\/\",\"name\":\"QQPETS\",\"description\":\"QQPETS is a pet products factory for dog harnesses, dog collars, dog leashes and dog accessories with professional customized service since 2005.\",\"publisher\":{\"@id\":\"https:\/\/qqpets.com\/#organization\"},\"potentialAction\":[{\"@type\":\"SearchAction\",\"target\":{\"@type\":\"EntryPoint\",\"urlTemplate\":\"https:\/\/qqpets.com\/?s={search_term_string}\"},\"query-input\":{\"@type\":\"PropertyValueSpecification\",\"valueRequired\":true,\"valueName\":\"search_term_string\"}}],\"inLanguage\":\"et\"},{\"@type\":\"Organization\",\"@id\":\"https:\/\/qqpets.com\/#organization\",\"name\":\"QQPETS\",\"url\":\"https:\/\/qqpets.com\/\",\"logo\":{\"@type\":\"ImageObject\",\"inLanguage\":\"et\",\"@id\":\"https:\/\/qqpets.com\/#\/schema\/logo\/image\/\",\"url\":\"https:\/\/qqpets.com\/wp-content\/uploads\/2023\/09\/cropped-cropped-qqpets-tiktok.jpg\",\"contentUrl\":\"https:\/\/qqpets.com\/wp-content\/uploads\/2023\/09\/cropped-cropped-qqpets-tiktok.jpg\",\"width\":511,\"height\":511,\"caption\":\"QQPETS\"},\"image\":{\"@id\":\"https:\/\/qqpets.com\/#\/schema\/logo\/image\/\"},\"sameAs\":[\"https:\/\/www.facebook.com\/QQpetsdogcollars\",\"https:\/\/www.instagram.com\/qqpetscollar\/\",\"https:\/\/www.pinterest.com\/qqpetsdogcollarsfactory\/\"]}]}<\/script>\n<!-- \/ Yoast SEO plugin. -->","yoast_head_json":{"title":"Martingale koera kaelarihm | QQPETS","description":"Tagage turvalisus meie Martingale koerakaelaga. Ideaalne \u00f5rna kontrolliga treenimiseks. Vastupidav ja usaldusv\u00e4\u00e4rne!","robots":{"index":"index","follow":"follow","max-snippet":"max-snippet:-1","max-image-preview":"max-image-preview:large","max-video-preview":"max-video-preview:-1"},"canonical":"https:\/\/qqpets.com\/et\/toode\/martingale-dog-collar\/","og_locale":"et_EE","og_type":"article","og_title":"Martingale Dog Collar | QQPETS","og_description":"Ensure safety with our Martingale Dog Collar. Perfect for training with gentle control. Durable and reliable!","og_url":"https:\/\/qqpets.com\/et\/toode\/martingale-dog-collar\/","og_site_name":"QQPETS","article_publisher":"https:\/\/www.facebook.com\/QQpetsdogcollars","og_image":[{"width":1000,"height":1000,"url":"https:\/\/qqpets.com\/wp-content\/uploads\/2023\/09\/martingale-dog-collar.webp","type":"image\/webp"}],"twitter_card":"summary_large_image","twitter_misc":{"Est. reading time":"3 minutit"},"schema":{"@context":"https:\/\/schema.org","@graph":[{"@type":"WebPage","@id":"https:\/\/qqpets.com\/product\/martingale-dog-collar\/","url":"https:\/\/qqpets.com\/product\/martingale-dog-collar\/","name":"Martingale koera kaelarihm | QQPETS","isPartOf":{"@id":"https:\/\/qqpets.com\/#website"},"primaryImageOfPage":{"@id":"https:\/\/qqpets.com\/product\/martingale-dog-collar\/#primaryimage"},"image":{"@id":"https:\/\/qqpets.com\/product\/martingale-dog-collar\/#primaryimage"},"thumbnailUrl":"https:\/\/qqpets.com\/wp-content\/uploads\/2023\/09\/martingale-dog-collar.webp","datePublished":"2024-09-03T08:36:52+00:00","description":"Tagage turvalisus meie Martingale koerakaelaga. Ideaalne \u00f5rna kontrolliga treenimiseks. Vastupidav ja usaldusv\u00e4\u00e4rne!","breadcrumb":{"@id":"https:\/\/qqpets.com\/product\/martingale-dog-collar\/#breadcrumb"},"inLanguage":"et","potentialAction":[{"@type":"ReadAction","target":["https:\/\/qqpets.com\/product\/martingale-dog-collar\/"]}]},{"@type":"ImageObject","inLanguage":"et","@id":"https:\/\/qqpets.com\/product\/martingale-dog-collar\/#primaryimage","url":"https:\/\/qqpets.com\/wp-content\/uploads\/2023\/09\/martingale-dog-collar.webp","contentUrl":"https:\/\/qqpets.com\/wp-content\/uploads\/2023\/09\/martingale-dog-collar.webp","width":1000,"height":1000,"caption":"martingale dog collar"},{"@type":"BreadcrumbList","@id":"https:\/\/qqpets.com\/product\/martingale-dog-collar\/#breadcrumb","itemListElement":[{"@type":"ListItem","position":1,"name":"Home","item":"https:\/\/qqpets.com\/"},{"@type":"ListItem","position":2,"name":"Products","item":"https:\/\/qqpets.com\/pet-products-manufacturer\/"},{"@type":"ListItem","position":3,"name":"Martingale Dog Collar"}]},{"@type":"WebSite","@id":"https:\/\/qqpets.com\/#website","url":"https:\/\/qqpets.com\/","name":"QQPETS","description":"QQPETS on lemmikloomatoodete tehas koerte rakmete, koerte kaelarihmade, koerte rihmade ja koerte tarvikute jaoks, mis pakub professionaalset kohandatud teenust alates 2005. aastast.","publisher":{"@id":"https:\/\/qqpets.com\/#organization"},"potentialAction":[{"@type":"SearchAction","target":{"@type":"EntryPoint","urlTemplate":"https:\/\/qqpets.com\/?s={search_term_string}"},"query-input":{"@type":"PropertyValueSpecification","valueRequired":true,"valueName":"search_term_string"}}],"inLanguage":"et"},{"@type":"Organization","@id":"https:\/\/qqpets.com\/#organization","name":"QQPETS","url":"https:\/\/qqpets.com\/","logo":{"@type":"ImageObject","inLanguage":"et","@id":"https:\/\/qqpets.com\/#\/schema\/logo\/image\/","url":"https:\/\/qqpets.com\/wp-content\/uploads\/2023\/09\/cropped-cropped-qqpets-tiktok.jpg","contentUrl":"https:\/\/qqpets.com\/wp-content\/uploads\/2023\/09\/cropped-cropped-qqpets-tiktok.jpg","width":511,"height":511,"caption":"QQPETS"},"image":{"@id":"https:\/\/qqpets.com\/#\/schema\/logo\/image\/"},"sameAs":["https:\/\/www.facebook.com\/QQpetsdogcollars","https:\/\/www.instagram.com\/qqpetscollar\/","https:\/\/www.pinterest.com\/qqpetsdogcollarsfactory\/"]}]}},"_links":{"self":[{"href":"https:\/\/qqpets.com\/et\/wp-json\/wp\/v2\/product\/7797","targetHints":{"allow":["GET"]}}],"collection":[{"href":"https:\/\/qqpets.com\/et\/wp-json\/wp\/v2\/product"}],"about":[{"href":"https:\/\/qqpets.com\/et\/wp-json\/wp\/v2\/types\/product"}],"wp:featuredmedia":[{"embeddable":true,"href":"https:\/\/qqpets.com\/et\/wp-json\/wp\/v2\/media\/7323"}],"wp:attachment":[{"href":"https:\/\/qqpets.com\/et\/wp-json\/wp\/v2\/media?parent=7797"}],"wp:term":[{"taxonomy":"product_brand","embeddable":true,"href":"https:\/\/qqpets.com\/et\/wp-json\/wp\/v2\/product_brand?post=7797"},{"taxonomy":"product_cat","embeddable":true,"href":"https:\/\/qqpets.com\/et\/wp-json\/wp\/v2\/product_cat?post=7797"},{"taxonomy":"product_tag","embeddable":true,"href":"https:\/\/qqpets.com\/et\/wp-json\/wp\/v2\/product_tag?post=7797"}],"curies":[{"name":"wp","href":"https:\/\/api.w.org\/{rel}","templated":true}]}}