{"id":7803,"date":"2024-09-03T16:46:00","date_gmt":"2024-09-03T08:46:00","guid":{"rendered":"https:\/\/qqpets.com\/?post_type=product&#038;p=7803"},"modified":"2024-09-24T17:32:49","modified_gmt":"2024-09-24T09:32:49","slug":"no-pull-training-slip-dog-leash","status":"publish","type":"product","link":"https:\/\/qqpets.com\/et\/toode\/no-pull-training-slip-dog-leash\/","title":{"rendered":"No Pull Training Slip koerarihm"},"content":{"rendered":"<p>Viige oma treeningprogrammi sisse t\u00e4psus ja lihtsus meie Slip Dog Leashiga, mis on mitmek\u00fclgne vahend, mis on loodud hea k\u00e4itumise j\u00f5ustamiseks ja rihmaoskuste parandamiseks. See rihm toimib nii kaelarihmana kui ka rihmana, pakkudes mugavat lahendust kiireteks v\u00e4ljas\u00f5itudeks ja t\u00f5husateks treeninguteks.<\/p>\n<p>Meie Slip Dog Leash on valmistatud kvaliteetsetest ja tugevatest materjalidest, mis peavad vastu ja peavad vastu igap\u00e4evase kasutamise raskustele. Ainulaadne libisev disain v\u00f5imaldab seda t\u00f5mbamise korral pingutada, mis aitab ebasoovitavat k\u00e4itumist loomulikult ja \u00f5rnalt korrigeerida. Kui teie koer l\u00f5petab t\u00f5mbamise, l\u00f5dveneb rihm kohe, pakkudes mugavust ja kergendust, tugevdades positiivset k\u00e4itumist ilma karmuseta.<\/p>\n<p>Liiburihma lihtsus muudab selle ideaalseks kiireteks v\u00e4ljas\u00f5itudeks, olgu selleks siis tualettpausid v\u00f5i l\u00fchikesed jalutusk\u00e4igud, sest see v\u00e4listab vajaduse eraldi kaelarihma ja rihma j\u00e4rele. See omadus on eriti kasulik treeningkeskkondades, kus kontroll ja kiire korrigeerimine on esmat\u00e4htis.<\/p>\n<p>Meie Slip koerarihm ei ole mitte ainult praktiline, vaid ka stiilne, saadaval erinevates v\u00e4rvides, mis sobivad teie ja teie koera stiilile. Seda on uskumatult lihtne kasutada - lihtsalt libistage see \u00fcle koera pea ja olete valmis minema. Rihma otsas on ka silmusek\u00e4epide, mis tagab mugava haarde, mis hoiab \u00e4ra k\u00f6iep\u00f5letuse ja v\u00e4simuse pikkade jalutusk\u00e4ikude v\u00f5i aktiivsete treeningute ajal.<\/p>\n<p>Meie Slip Dog Leash sobib ideaalselt treeneritele, varjupaikadele ja loomaomanikele, kes otsivad t\u00f5husat ja humaanset viisi rihma k\u00e4itumise \u00f5petamiseks, ning pakub lihtsat ja t\u00f5husat l\u00e4henemist koerte kontrollimiseks ja treenimiseks. Varustage end selle olulise t\u00f6\u00f6riistaga, et tagada turvalisem, meeldivam ja kontrollitavam jalutusk\u00e4ik v\u00f5i treening.<\/p>\n<h5><strong>Kas libisevad rihmad on koertele head?<\/strong><\/h5>\n<p>\u00d5ige kasutamise korral v\u00f5ivad lipsurihmad olla koertele kasulikud, eriti treenimise v\u00f5i kiirete jalutusk\u00e4ikude puhul. Siiski tuleb neid kasutada ettevaatlikult, et v\u00e4ltida ebamugavustunnet v\u00f5i l\u00e4mbumist, eriti koerte puhul, kellel on kalduvus t\u00f5mbamisele v\u00f5i kes ei ole veel rihmaga harjutatud.<\/p>\n<h5><strong>Kas koeraga v\u00f5ib jalutada lipsuotsaga?<\/strong><\/h5>\n<p>Koera jalutamine libiseva juhtmega on vastuv\u00f5etav, eriti kui koer on koolitatud k\u00f5ndima ilma t\u00f5mbeta. Libisev pide tagab kiire kontrolli ning seda on lihtne peale ja maha v\u00f5tta. Kuid koerte puhul, kes t\u00f5mbavad v\u00f5i kellel on hingamisprobleemid, v\u00f5ib rakmed olla ohutum ja mugavam valik.<\/p>\n<h5><strong>Kas libisevad juhtmed l\u00f5petavad t\u00f5mbamise?<\/strong><\/h5>\n<p>Libisevad juhtmed ei l\u00f5peta iseenesest t\u00f5mbamist. Tegelikult v\u00f5ivad need m\u00f5nel koeral t\u00f5mbamist soodustada, sest pingutustunne v\u00f5ib vallandada koera vastupanurefleksi, mis viib teda tugevamini t\u00f5mbama. Selleks, et \u00f5petada koerale, et ta ei t\u00f5mba, kui ta kasutab libisevat pulti, on vaja n\u00f5uetekohast koolitust.<\/p>\n<h5><strong>Kas libisev pide on parem kui rakmed?<\/strong><\/h5>\n<p>See, kas libisev p\u00fcksirihm on parem kui rakmed, s\u00f5ltub konkreetsest koerast ja olukorrast. Koerte puhul, kes t\u00f5mbavad, on treeningul v\u00f5i kellel on teatavad terviseh\u00e4ired, nagu hingetoru kokkuvarisemine, on rakmed tavaliselt paremad, kuna need jaotavad surve kaelalt kehale. Libisev\u00f5ru pakub vahetumat kontrolli ja seda eelistatakse sageli h\u00e4sti treenitud koerte v\u00f5i konkreetsete treeningstsenaariumide puhul, kus juhendaja vajab kiireid ja \u00f5rnu korrektsioone.<\/p>","protected":false},"excerpt":{"rendered":"<p>Suurendage oma treeninguid meie Slip Dog Leashiga, mis on m\u00f5eldud lihtsaks kontrollimiseks ja kiireks korrigeerimiseks. See k\u00f5ik-\u00fches-rihm ja kaelarihma s\u00fcsteem t\u00f5mbub, kui teie koer t\u00f5mbab, pakkudes \u00f5rna korrektsiooni, ja l\u00f5dveneb, kui ta j\u00e4rgib. See on valmistatud kvaliteetsetest ja vastupidavatest materjalidest, sobib ideaalselt reisil kasutamiseks ja on t\u00f5hus parema rihma k\u00e4itumise \u00f5petamiseks. Kerge ja lihtne kasutada, see on h\u00e4davajalik vahend nii uutele loomaomanikele kui ka kogenud treeneritele.<\/p>","protected":false},"featured_media":8229,"template":"","meta":[],"product_brand":[],"product_cat":[27],"product_tag":[],"class_list":{"0":"post-7803","1":"product","2":"type-product","3":"status-publish","4":"has-post-thumbnail","6":"product_cat-dog-leash","7":"pa_brand-qqpets","9":"first","10":"instock","11":"shipping-taxable","12":"product-type-simple"},"yoast_head":"<!-- This site is optimized with the Yoast SEO plugin v26.6 - https:\/\/yoast.com\/wordpress\/plugins\/seo\/ -->\n<title>No Pull Training Slip Dog Leash | QQPETS<\/title>\n<meta name=\"description\" content=\"Master control with our Slip Dog Leash. Ideal for training and quick walks. Durable, easy to use. Shop now!\" \/>\n<meta name=\"robots\" content=\"index, follow, max-snippet:-1, max-image-preview:large, max-video-preview:-1\" \/>\n<link rel=\"canonical\" href=\"https:\/\/qqpets.com\/et\/toode\/no-pull-training-slip-dog-leash\/\" \/>\n<meta property=\"og:locale\" content=\"et_EE\" \/>\n<meta property=\"og:type\" content=\"article\" \/>\n<meta property=\"og:title\" content=\"No Pull Training Slip Dog Leash | QQPETS\" \/>\n<meta property=\"og:description\" content=\"Master control with our Slip Dog Leash. Ideal for training and quick walks. Durable, easy to use. Shop now!\" \/>\n<meta property=\"og:url\" content=\"https:\/\/qqpets.com\/et\/toode\/no-pull-training-slip-dog-leash\/\" \/>\n<meta property=\"og:site_name\" content=\"QQPETS\" \/>\n<meta property=\"article:publisher\" content=\"https:\/\/www.facebook.com\/QQpetsdogcollars\" \/>\n<meta property=\"article:modified_time\" content=\"2024-09-24T09:32:49+00:00\" \/>\n<meta property=\"og:image\" content=\"https:\/\/qqpets.com\/wp-content\/uploads\/2024\/09\/slip-dog-leash8.webp\" \/>\n\t<meta property=\"og:image:width\" content=\"1000\" \/>\n\t<meta property=\"og:image:height\" content=\"1000\" \/>\n\t<meta property=\"og:image:type\" content=\"image\/webp\" \/>\n<meta name=\"twitter:card\" content=\"summary_large_image\" \/>\n<meta name=\"twitter:label1\" content=\"Est. reading time\" \/>\n\t<meta name=\"twitter:data1\" content=\"3 minutit\" \/>\n<script type=\"application\/ld+json\" class=\"yoast-schema-graph\">{\"@context\":\"https:\/\/schema.org\",\"@graph\":[{\"@type\":\"WebPage\",\"@id\":\"https:\/\/qqpets.com\/product\/no-pull-training-slip-dog-leash\/\",\"url\":\"https:\/\/qqpets.com\/product\/no-pull-training-slip-dog-leash\/\",\"name\":\"No Pull Training Slip Dog Leash | QQPETS\",\"isPartOf\":{\"@id\":\"https:\/\/qqpets.com\/#website\"},\"primaryImageOfPage\":{\"@id\":\"https:\/\/qqpets.com\/product\/no-pull-training-slip-dog-leash\/#primaryimage\"},\"image\":{\"@id\":\"https:\/\/qqpets.com\/product\/no-pull-training-slip-dog-leash\/#primaryimage\"},\"thumbnailUrl\":\"https:\/\/qqpets.com\/wp-content\/uploads\/2024\/09\/slip-dog-leash8.webp\",\"datePublished\":\"2024-09-03T08:46:00+00:00\",\"dateModified\":\"2024-09-24T09:32:49+00:00\",\"description\":\"Master control with our Slip Dog Leash. Ideal for training and quick walks. Durable, easy to use. Shop now!\",\"breadcrumb\":{\"@id\":\"https:\/\/qqpets.com\/product\/no-pull-training-slip-dog-leash\/#breadcrumb\"},\"inLanguage\":\"et\",\"potentialAction\":[{\"@type\":\"ReadAction\",\"target\":[\"https:\/\/qqpets.com\/product\/no-pull-training-slip-dog-leash\/\"]}]},{\"@type\":\"ImageObject\",\"inLanguage\":\"et\",\"@id\":\"https:\/\/qqpets.com\/product\/no-pull-training-slip-dog-leash\/#primaryimage\",\"url\":\"https:\/\/qqpets.com\/wp-content\/uploads\/2024\/09\/slip-dog-leash8.webp\",\"contentUrl\":\"https:\/\/qqpets.com\/wp-content\/uploads\/2024\/09\/slip-dog-leash8.webp\",\"width\":1000,\"height\":1000},{\"@type\":\"BreadcrumbList\",\"@id\":\"https:\/\/qqpets.com\/product\/no-pull-training-slip-dog-leash\/#breadcrumb\",\"itemListElement\":[{\"@type\":\"ListItem\",\"position\":1,\"name\":\"Home\",\"item\":\"https:\/\/qqpets.com\/\"},{\"@type\":\"ListItem\",\"position\":2,\"name\":\"Products\",\"item\":\"https:\/\/qqpets.com\/pet-products-manufacturer\/\"},{\"@type\":\"ListItem\",\"position\":3,\"name\":\"No Pull Training Slip Dog Leash\"}]},{\"@type\":\"WebSite\",\"@id\":\"https:\/\/qqpets.com\/#website\",\"url\":\"https:\/\/qqpets.com\/\",\"name\":\"QQPETS\",\"description\":\"QQPETS is a pet products factory for dog harnesses, dog collars, dog leashes and dog accessories with professional customized service since 2005.\",\"publisher\":{\"@id\":\"https:\/\/qqpets.com\/#organization\"},\"potentialAction\":[{\"@type\":\"SearchAction\",\"target\":{\"@type\":\"EntryPoint\",\"urlTemplate\":\"https:\/\/qqpets.com\/?s={search_term_string}\"},\"query-input\":{\"@type\":\"PropertyValueSpecification\",\"valueRequired\":true,\"valueName\":\"search_term_string\"}}],\"inLanguage\":\"et\"},{\"@type\":\"Organization\",\"@id\":\"https:\/\/qqpets.com\/#organization\",\"name\":\"QQPETS\",\"url\":\"https:\/\/qqpets.com\/\",\"logo\":{\"@type\":\"ImageObject\",\"inLanguage\":\"et\",\"@id\":\"https:\/\/qqpets.com\/#\/schema\/logo\/image\/\",\"url\":\"https:\/\/qqpets.com\/wp-content\/uploads\/2023\/09\/cropped-cropped-qqpets-tiktok.jpg\",\"contentUrl\":\"https:\/\/qqpets.com\/wp-content\/uploads\/2023\/09\/cropped-cropped-qqpets-tiktok.jpg\",\"width\":511,\"height\":511,\"caption\":\"QQPETS\"},\"image\":{\"@id\":\"https:\/\/qqpets.com\/#\/schema\/logo\/image\/\"},\"sameAs\":[\"https:\/\/www.facebook.com\/QQpetsdogcollars\",\"https:\/\/www.instagram.com\/qqpetscollar\/\",\"https:\/\/www.pinterest.com\/qqpetsdogcollarsfactory\/\"]}]}<\/script>\n<!-- \/ Yoast SEO plugin. -->","yoast_head_json":{"title":"No Pull Training Slip koerarihm | QQPETS","description":"Kontrollida meie Slip koerarihma abil. Ideaalne treeninguks ja kiireteks jalutusk\u00e4ikudeks. Vastupidav, lihtne kasutada. Osta n\u00fc\u00fcd!","robots":{"index":"index","follow":"follow","max-snippet":"max-snippet:-1","max-image-preview":"max-image-preview:large","max-video-preview":"max-video-preview:-1"},"canonical":"https:\/\/qqpets.com\/et\/toode\/no-pull-training-slip-dog-leash\/","og_locale":"et_EE","og_type":"article","og_title":"No Pull Training Slip Dog Leash | QQPETS","og_description":"Master control with our Slip Dog Leash. Ideal for training and quick walks. Durable, easy to use. Shop now!","og_url":"https:\/\/qqpets.com\/et\/toode\/no-pull-training-slip-dog-leash\/","og_site_name":"QQPETS","article_publisher":"https:\/\/www.facebook.com\/QQpetsdogcollars","article_modified_time":"2024-09-24T09:32:49+00:00","og_image":[{"width":1000,"height":1000,"url":"https:\/\/qqpets.com\/wp-content\/uploads\/2024\/09\/slip-dog-leash8.webp","type":"image\/webp"}],"twitter_card":"summary_large_image","twitter_misc":{"Est. reading time":"3 minutit"},"schema":{"@context":"https:\/\/schema.org","@graph":[{"@type":"WebPage","@id":"https:\/\/qqpets.com\/product\/no-pull-training-slip-dog-leash\/","url":"https:\/\/qqpets.com\/product\/no-pull-training-slip-dog-leash\/","name":"No Pull Training Slip koerarihm | QQPETS","isPartOf":{"@id":"https:\/\/qqpets.com\/#website"},"primaryImageOfPage":{"@id":"https:\/\/qqpets.com\/product\/no-pull-training-slip-dog-leash\/#primaryimage"},"image":{"@id":"https:\/\/qqpets.com\/product\/no-pull-training-slip-dog-leash\/#primaryimage"},"thumbnailUrl":"https:\/\/qqpets.com\/wp-content\/uploads\/2024\/09\/slip-dog-leash8.webp","datePublished":"2024-09-03T08:46:00+00:00","dateModified":"2024-09-24T09:32:49+00:00","description":"Kontrollida meie Slip koerarihma abil. Ideaalne treeninguks ja kiireteks jalutusk\u00e4ikudeks. Vastupidav, lihtne kasutada. Osta n\u00fc\u00fcd!","breadcrumb":{"@id":"https:\/\/qqpets.com\/product\/no-pull-training-slip-dog-leash\/#breadcrumb"},"inLanguage":"et","potentialAction":[{"@type":"ReadAction","target":["https:\/\/qqpets.com\/product\/no-pull-training-slip-dog-leash\/"]}]},{"@type":"ImageObject","inLanguage":"et","@id":"https:\/\/qqpets.com\/product\/no-pull-training-slip-dog-leash\/#primaryimage","url":"https:\/\/qqpets.com\/wp-content\/uploads\/2024\/09\/slip-dog-leash8.webp","contentUrl":"https:\/\/qqpets.com\/wp-content\/uploads\/2024\/09\/slip-dog-leash8.webp","width":1000,"height":1000},{"@type":"BreadcrumbList","@id":"https:\/\/qqpets.com\/product\/no-pull-training-slip-dog-leash\/#breadcrumb","itemListElement":[{"@type":"ListItem","position":1,"name":"Home","item":"https:\/\/qqpets.com\/"},{"@type":"ListItem","position":2,"name":"Products","item":"https:\/\/qqpets.com\/pet-products-manufacturer\/"},{"@type":"ListItem","position":3,"name":"No Pull Training Slip Dog Leash"}]},{"@type":"WebSite","@id":"https:\/\/qqpets.com\/#website","url":"https:\/\/qqpets.com\/","name":"QQPETS","description":"QQPETS on lemmikloomatoodete tehas koerte rakmete, koerte kaelarihmade, koerte rihmade ja koerte tarvikute jaoks, mis pakub professionaalset kohandatud teenust alates 2005. aastast.","publisher":{"@id":"https:\/\/qqpets.com\/#organization"},"potentialAction":[{"@type":"SearchAction","target":{"@type":"EntryPoint","urlTemplate":"https:\/\/qqpets.com\/?s={search_term_string}"},"query-input":{"@type":"PropertyValueSpecification","valueRequired":true,"valueName":"search_term_string"}}],"inLanguage":"et"},{"@type":"Organization","@id":"https:\/\/qqpets.com\/#organization","name":"QQPETS","url":"https:\/\/qqpets.com\/","logo":{"@type":"ImageObject","inLanguage":"et","@id":"https:\/\/qqpets.com\/#\/schema\/logo\/image\/","url":"https:\/\/qqpets.com\/wp-content\/uploads\/2023\/09\/cropped-cropped-qqpets-tiktok.jpg","contentUrl":"https:\/\/qqpets.com\/wp-content\/uploads\/2023\/09\/cropped-cropped-qqpets-tiktok.jpg","width":511,"height":511,"caption":"QQPETS"},"image":{"@id":"https:\/\/qqpets.com\/#\/schema\/logo\/image\/"},"sameAs":["https:\/\/www.facebook.com\/QQpetsdogcollars","https:\/\/www.instagram.com\/qqpetscollar\/","https:\/\/www.pinterest.com\/qqpetsdogcollarsfactory\/"]}]}},"_links":{"self":[{"href":"https:\/\/qqpets.com\/et\/wp-json\/wp\/v2\/product\/7803","targetHints":{"allow":["GET"]}}],"collection":[{"href":"https:\/\/qqpets.com\/et\/wp-json\/wp\/v2\/product"}],"about":[{"href":"https:\/\/qqpets.com\/et\/wp-json\/wp\/v2\/types\/product"}],"wp:featuredmedia":[{"embeddable":true,"href":"https:\/\/qqpets.com\/et\/wp-json\/wp\/v2\/media\/8229"}],"wp:attachment":[{"href":"https:\/\/qqpets.com\/et\/wp-json\/wp\/v2\/media?parent=7803"}],"wp:term":[{"taxonomy":"product_brand","embeddable":true,"href":"https:\/\/qqpets.com\/et\/wp-json\/wp\/v2\/product_brand?post=7803"},{"taxonomy":"product_cat","embeddable":true,"href":"https:\/\/qqpets.com\/et\/wp-json\/wp\/v2\/product_cat?post=7803"},{"taxonomy":"product_tag","embeddable":true,"href":"https:\/\/qqpets.com\/et\/wp-json\/wp\/v2\/product_tag?post=7803"}],"curies":[{"name":"wp","href":"https:\/\/api.w.org\/{rel}","templated":true}]}}