{"id":7895,"date":"2024-09-07T15:13:22","date_gmt":"2024-09-07T07:13:22","guid":{"rendered":"https:\/\/qqpets.com\/?post_type=product&#038;p=7895"},"modified":"2024-11-14T16:43:27","modified_gmt":"2024-11-14T08:43:27","slug":"led-no-pull-leash","status":"publish","type":"product","link":"https:\/\/qqpets.com\/et\/toode\/led-no-pull-leash\/","title":{"rendered":"Light Up Hands Free autoistme luku Bungee koerarihm"},"content":{"rendered":"<p>Tutvustame uuenduslikku Light Up Hands Free Car Seat Buckle Bungee Dog Leash'i, mis on ideaalne lahendus lemmikloomaomanikele, kes on alati liikvel. See multifunktsionaalne rihm on loodud selleks, et hoida teie lemmikloom turvaliselt ja kindlalt nii jalutusk\u00e4ikudel kui ka autos.<\/p>\n<p><strong>Peamised omadused:<\/strong><\/p>\n<ul>\n<li><strong>LED-valgustus:<\/strong> See heledate LED-tuledega varustatud rihm suurendab teie koera n\u00e4htavust \u00f5htustel v\u00f5i varahommikustel v\u00e4ljas\u00f5itudel, tagades ohutuse h\u00e4marates tingimustes.<\/li>\n<li><strong>Bungee disain:<\/strong> Sisseehitatud paelad aitavad j\u00e4rskude liigutuste ajal l\u00f6\u00f6ki summutada, muutes jalutusk\u00e4igud mugavamaks nii teile kui ka teie lemmikloomale, v\u00e4hendades t\u00f5mbej\u00f5udu.<\/li>\n<li><strong>Autoistme k\u00e4ed-vabaduse lukk:<\/strong> Kinnitage rihm h\u00f5lpsasti auto istme lukus\u00fcsteemi k\u00fclge, et s\u00f5ita turvaliselt. See funktsioon tagab, et teie lemmikloom j\u00e4\u00e4b s\u00f5idu ajal turvaliselt kinni, v\u00e4hendades t\u00e4helepanu k\u00f5rvalejuhtimist ja suurendades ohutust.<\/li>\n<li><strong>Vastupidavad materjalid:<\/strong> See kvaliteetsetest materjalidest valmistatud rihm on ehitatud nii igap\u00e4evaste jalutusk\u00e4ikude kui ka reiside raskustele vastu pidama.<\/li>\n<\/ul>\n<p>Olenemata sellest, kas te l\u00e4hete autoreisile v\u00f5i lihtsalt jooksma, meie Light Up Hands Free Car Seat Buckle Bungee Dog Leash v\u00f5imaldab teil s\u00e4ilitada kontrolli ja ohutuse, ilma et see kahjustaks teie lemmiklooma mugavust. Rihma pikkus on ideaalne, et anda teie koerale piisavalt vabadust uurimiseks, kuid samas on see kontrolli all.<\/p>\n<p>See rihm sobib ideaalselt nii \u00f6istele seiklejatele kui ka reisihuvilistele, \u00fchendades endas turvalisuse, mugavuse ja mugavuse, tagades, et iga reis koos lemmikloomaga on nauditav ja stressivaba. T\u00e4iendage meie t\u00e4iustatud rihma peale ja muutke oma lemmikloomaga reisimise ja jalutusk\u00e4igu viisi.<\/p>\n<h5 data-immersive-translate-walked=\"e4de329b-2f8f-4525-aa5e-eeca8caeb592\" data-immersive-translate-paragraph=\"1\"><strong data-immersive-translate-walked=\"e4de329b-2f8f-4525-aa5e-eeca8caeb592\">Kas paelarihmad on koertele head?<\/strong><\/h5>\n<p data-immersive-translate-walked=\"e4de329b-2f8f-4525-aa5e-eeca8caeb592\" data-immersive-translate-paragraph=\"1\">Koerte jaoks on hea kasutada paelarihma, kuna see aitab j\u00e4rskude liigutuste puhul tekkivaid l\u00f6\u00f6ki summutada, mis tagab mugavama jalutusk\u00e4igu nii koerale kui ka koerajuhile. Siiski ei pruugi need olla ideaalsed v\u00e4ga tugevate t\u00f5mblejate jaoks, kuna nende elastsus v\u00f5ib soodustada t\u00f5mbamist.<\/p>\n<h5 data-immersive-translate-walked=\"e4de329b-2f8f-4525-aa5e-eeca8caeb592\" data-immersive-translate-paragraph=\"1\"><strong data-immersive-translate-walked=\"e4de329b-2f8f-4525-aa5e-eeca8caeb592\">Kas k\u00e4ed-vabad rihmad on head koertele, kes t\u00f5mbavad?<\/strong><\/h5>\n<p data-immersive-translate-walked=\"e4de329b-2f8f-4525-aa5e-eeca8caeb592\" data-immersive-translate-paragraph=\"1\">K\u00e4edeta rihma ei soovitata \u00fcldiselt kasutada t\u00f5mblevate koerte puhul, sest need annavad koera \u00fcle v\u00e4hem vahetut kontrolli, mis v\u00f5ib raskendada tugevalt t\u00f5mbama kipuva koera juhtimist.<\/p>\n<h5 data-immersive-translate-walked=\"e4de329b-2f8f-4525-aa5e-eeca8caeb592\" data-immersive-translate-paragraph=\"1\"><strong data-immersive-translate-walked=\"e4de329b-2f8f-4525-aa5e-eeca8caeb592\">Mis on k\u00e4ed-vabad rihm?<\/strong><\/h5>\n<p data-immersive-translate-walked=\"e4de329b-2f8f-4525-aa5e-eeca8caeb592\" data-immersive-translate-paragraph=\"1\">K\u00e4edeta rihm on teatud t\u00fc\u00fcpi koerarihm, mis kinnitub tavaliselt koerajuhi v\u00f6\u00f6koha k\u00fclge v\u00f5i \u00fcle keha, v\u00f5imaldades k\u00e4edeta k\u00f5ndimist v\u00f5i jooksmist. See on loodud selleks, et hoida koer l\u00e4heduses, j\u00e4ttes samal ajal juhile k\u00e4ed vabaks.<\/p>\n<h5><strong>Kas k\u00e4ed-vabad koerajuhid on ohutud?<\/strong><\/h5>\n<p>K\u00e4edeta koerajuhid v\u00f5ivad olla ohutud, kui neid kasutatakse \u00f5igesti ja \u00f5igetes tingimustes. Need sobivad suurep\u00e4raselt sellisteks tegevusteks nagu jooksmine v\u00f5i matkamine, kus teil on vaja k\u00e4ed vabad, kuid need ei pruugi pakkuda nii palju kontrolli kui traditsiooniline rihm, eriti koerte puhul, kellel on kalduvus t\u00f5mbamisele v\u00f5i \u00e4kilisele pugemisele. Turvalisus s\u00f5ltub ka sellest, kas v\u00f6\u00f6kohal on turvaline kinnitusmehhanism ja usaldusv\u00e4\u00e4rne kiirkinnitusfunktsioon.<\/p>\n<h5><strong>Milline rihm takistab koerte t\u00f5mbamist?<\/strong><\/h5>\n<p>Rihm ise ei saa t\u00e4ielikult takistada koera t\u00f5mbamist, kuid teatud t\u00fc\u00fcpi rihmad ja rakmed v\u00f5ivad aidata t\u00f5mbamist juhtida ja v\u00e4hendada. K\u00f5ige t\u00f5husamad on tavaliselt t\u00f5mbeid v\u00e4ltivad rakmed, millel on rihma eesmine kinnituskoht. Kui koer t\u00f5mbab, suunab rakmed koera \u00fcmber juhi poole, muutes t\u00f5mbamise v\u00e4hem tasuvaks ja kergemini kontrollitavaks. Selline seadistus v\u00f5ib koos j\u00e4rjepideva treeninguga oluliselt v\u00e4hendada t\u00f5mbek\u00e4itumist.<\/p>\n<h5><strong>Kas paelarihmad on koertele head?<\/strong><\/h5>\n<p>Bungee-rihmad v\u00f5ivad olla kasulikud nii koertele kui ka nende omanikele, kuna need aitavad j\u00e4rskude liigutuste v\u00f5i t\u00f5mbetulemuste korral tekkivaid \u0161okke summutada, v\u00e4hendades nii koera kui ka koerajuhi kehale avalduvat koormust. Need on eriti kasulikud selliste tegevuste puhul nagu jooksmine, kus koera ettearvamatud liigutused v\u00f5ivad muidu rihma t\u00f5mmata.<\/p>\n<h5><strong>Kas bungee juhtmed l\u00f5petavad t\u00f5mbamise?<\/strong><\/h5>\n<p>Bungee-rihmad ei takista koerte t\u00f5mbamist. Kuigi need v\u00f5ivad muuta t\u00f5mbamise v\u00e4hem h\u00e4irivaks, kuna neelavad osa j\u00f5ust, v\u00f5ivad need m\u00f5nikord soodustada t\u00f5mbamist m\u00f5nel koeral, pakkudes vastupanu, mille vastu t\u00f5mbamine tundub rahuldust pakkuv.<\/p>\n<h5><strong>Milline on parim rihm, et \u00f5petada koera mitte t\u00f5mbama?<\/strong><\/h5>\n<p>Parim rihma t\u00fc\u00fcp koera mitte t\u00f5mbamise treenimiseks on tavaliselt tavaline mitte veniv rihm, mida kasutatakse koos t\u00f5mbamisvastase rakmetega, millel on eesmine kinnituspunkt. Selline seadistus aitab koera t\u00f5mbamise korral suunata koera teie poole, mis muudab k\u00e4itumise juhtimise ja parandamise lihtsamaks.<\/p>\n<p>&nbsp;<\/p>","protected":false},"excerpt":{"rendered":"<p>Kogege \u00fclimat mugavust meie Light Up Hands Free autoistme luku Bungee koerarihma abil. See ohutuks ja mitmek\u00fclgseks disainitud rihm on varustatud heleda LED-valgusega, mis tagab \u00f6ise n\u00e4htavuse, l\u00f6\u00f6gisummutusega pungi n\u00f6\u00f6riga ja turvalise reisimise tagamiseks autoistme k\u00e4ed-vabaduss\u00f5lmega. See sobib ideaalselt aktiivsetele lemmikloomaomanikele, pakkudes liikumisvabadust, tagades samal ajal teie lemmiklooma ohutuse jalutusk\u00e4ikudel ja s\u00f5itudel.<\/p>","protected":false},"featured_media":7900,"template":"","meta":[],"product_brand":[],"product_cat":[27,21],"product_tag":[],"class_list":{"0":"post-7895","1":"product","2":"type-product","3":"status-publish","4":"has-post-thumbnail","6":"product_cat-dog-leash","7":"product_cat-led-product","8":"pa_brand-qqpets","10":"first","11":"instock","12":"shipping-taxable","13":"product-type-simple"},"yoast_head":"<!-- This site is optimized with the Yoast SEO plugin v26.6 - https:\/\/yoast.com\/wordpress\/plugins\/seo\/ -->\n<title>Light Up Hands Free Car Seat Buckle Bungee Dog Leash | QQPETS<\/title>\n<meta name=\"description\" content=\"Enhance safety with our Light Up Hands Free Dog Leash. Buckle up for car rides and enjoy bungee flexibility!\" \/>\n<meta name=\"robots\" content=\"index, follow, max-snippet:-1, max-image-preview:large, max-video-preview:-1\" \/>\n<link rel=\"canonical\" href=\"https:\/\/qqpets.com\/et\/toode\/led-no-pull-leash\/\" \/>\n<meta property=\"og:locale\" content=\"et_EE\" \/>\n<meta property=\"og:type\" content=\"article\" \/>\n<meta property=\"og:title\" content=\"Light Up Hands Free Car Seat Buckle Bungee Dog Leash | QQPETS\" \/>\n<meta property=\"og:description\" content=\"Enhance safety with our Light Up Hands Free Dog Leash. Buckle up for car rides and enjoy bungee flexibility!\" \/>\n<meta property=\"og:url\" content=\"https:\/\/qqpets.com\/et\/toode\/led-no-pull-leash\/\" \/>\n<meta property=\"og:site_name\" content=\"QQPETS\" \/>\n<meta property=\"article:publisher\" content=\"https:\/\/www.facebook.com\/QQpetsdogcollars\" \/>\n<meta property=\"article:modified_time\" content=\"2024-11-14T08:43:27+00:00\" \/>\n<meta property=\"og:image\" content=\"https:\/\/qqpets.com\/wp-content\/uploads\/2024\/09\/3.webp\" \/>\n\t<meta property=\"og:image:width\" content=\"800\" \/>\n\t<meta property=\"og:image:height\" content=\"800\" \/>\n\t<meta property=\"og:image:type\" content=\"image\/webp\" \/>\n<meta name=\"twitter:card\" content=\"summary_large_image\" \/>\n<meta name=\"twitter:label1\" content=\"Est. reading time\" \/>\n\t<meta name=\"twitter:data1\" content=\"4 minutit\" \/>\n<script type=\"application\/ld+json\" class=\"yoast-schema-graph\">{\"@context\":\"https:\/\/schema.org\",\"@graph\":[{\"@type\":\"WebPage\",\"@id\":\"https:\/\/qqpets.com\/product\/led-no-pull-leash\/\",\"url\":\"https:\/\/qqpets.com\/product\/led-no-pull-leash\/\",\"name\":\"Light Up Hands Free Car Seat Buckle Bungee Dog Leash | QQPETS\",\"isPartOf\":{\"@id\":\"https:\/\/qqpets.com\/#website\"},\"primaryImageOfPage\":{\"@id\":\"https:\/\/qqpets.com\/product\/led-no-pull-leash\/#primaryimage\"},\"image\":{\"@id\":\"https:\/\/qqpets.com\/product\/led-no-pull-leash\/#primaryimage\"},\"thumbnailUrl\":\"https:\/\/qqpets.com\/wp-content\/uploads\/2024\/09\/3.webp\",\"datePublished\":\"2024-09-07T07:13:22+00:00\",\"dateModified\":\"2024-11-14T08:43:27+00:00\",\"description\":\"Enhance safety with our Light Up Hands Free Dog Leash. Buckle up for car rides and enjoy bungee flexibility!\",\"breadcrumb\":{\"@id\":\"https:\/\/qqpets.com\/product\/led-no-pull-leash\/#breadcrumb\"},\"inLanguage\":\"et\",\"potentialAction\":[{\"@type\":\"ReadAction\",\"target\":[\"https:\/\/qqpets.com\/product\/led-no-pull-leash\/\"]}]},{\"@type\":\"ImageObject\",\"inLanguage\":\"et\",\"@id\":\"https:\/\/qqpets.com\/product\/led-no-pull-leash\/#primaryimage\",\"url\":\"https:\/\/qqpets.com\/wp-content\/uploads\/2024\/09\/3.webp\",\"contentUrl\":\"https:\/\/qqpets.com\/wp-content\/uploads\/2024\/09\/3.webp\",\"width\":800,\"height\":800},{\"@type\":\"BreadcrumbList\",\"@id\":\"https:\/\/qqpets.com\/product\/led-no-pull-leash\/#breadcrumb\",\"itemListElement\":[{\"@type\":\"ListItem\",\"position\":1,\"name\":\"Home\",\"item\":\"https:\/\/qqpets.com\/\"},{\"@type\":\"ListItem\",\"position\":2,\"name\":\"Products\",\"item\":\"https:\/\/qqpets.com\/pet-products-manufacturer\/\"},{\"@type\":\"ListItem\",\"position\":3,\"name\":\"Light Up Hands Free Car Seat Buckle Bungee Dog Leash\"}]},{\"@type\":\"WebSite\",\"@id\":\"https:\/\/qqpets.com\/#website\",\"url\":\"https:\/\/qqpets.com\/\",\"name\":\"QQPETS\",\"description\":\"QQPETS is a pet products factory for dog harnesses, dog collars, dog leashes and dog accessories with professional customized service since 2005.\",\"publisher\":{\"@id\":\"https:\/\/qqpets.com\/#organization\"},\"potentialAction\":[{\"@type\":\"SearchAction\",\"target\":{\"@type\":\"EntryPoint\",\"urlTemplate\":\"https:\/\/qqpets.com\/?s={search_term_string}\"},\"query-input\":{\"@type\":\"PropertyValueSpecification\",\"valueRequired\":true,\"valueName\":\"search_term_string\"}}],\"inLanguage\":\"et\"},{\"@type\":\"Organization\",\"@id\":\"https:\/\/qqpets.com\/#organization\",\"name\":\"QQPETS\",\"url\":\"https:\/\/qqpets.com\/\",\"logo\":{\"@type\":\"ImageObject\",\"inLanguage\":\"et\",\"@id\":\"https:\/\/qqpets.com\/#\/schema\/logo\/image\/\",\"url\":\"https:\/\/qqpets.com\/wp-content\/uploads\/2023\/09\/cropped-cropped-qqpets-tiktok.jpg\",\"contentUrl\":\"https:\/\/qqpets.com\/wp-content\/uploads\/2023\/09\/cropped-cropped-qqpets-tiktok.jpg\",\"width\":511,\"height\":511,\"caption\":\"QQPETS\"},\"image\":{\"@id\":\"https:\/\/qqpets.com\/#\/schema\/logo\/image\/\"},\"sameAs\":[\"https:\/\/www.facebook.com\/QQpetsdogcollars\",\"https:\/\/www.instagram.com\/qqpetscollar\/\",\"https:\/\/www.pinterest.com\/qqpetsdogcollarsfactory\/\"]}]}<\/script>\n<!-- \/ Yoast SEO plugin. -->","yoast_head_json":{"title":"Light Up k\u00e4ed tasuta autoistme luku Bungee koerarihm | QQPETS","description":"Suurendage ohutust meie Light Up Hands Free koerarihma abil. Kinnitage end autos\u00f5iduks ja nautige paindlikkust!","robots":{"index":"index","follow":"follow","max-snippet":"max-snippet:-1","max-image-preview":"max-image-preview:large","max-video-preview":"max-video-preview:-1"},"canonical":"https:\/\/qqpets.com\/et\/toode\/led-no-pull-leash\/","og_locale":"et_EE","og_type":"article","og_title":"Light Up Hands Free Car Seat Buckle Bungee Dog Leash | QQPETS","og_description":"Enhance safety with our Light Up Hands Free Dog Leash. Buckle up for car rides and enjoy bungee flexibility!","og_url":"https:\/\/qqpets.com\/et\/toode\/led-no-pull-leash\/","og_site_name":"QQPETS","article_publisher":"https:\/\/www.facebook.com\/QQpetsdogcollars","article_modified_time":"2024-11-14T08:43:27+00:00","og_image":[{"width":800,"height":800,"url":"https:\/\/qqpets.com\/wp-content\/uploads\/2024\/09\/3.webp","type":"image\/webp"}],"twitter_card":"summary_large_image","twitter_misc":{"Est. reading time":"4 minutit"},"schema":{"@context":"https:\/\/schema.org","@graph":[{"@type":"WebPage","@id":"https:\/\/qqpets.com\/product\/led-no-pull-leash\/","url":"https:\/\/qqpets.com\/product\/led-no-pull-leash\/","name":"Light Up k\u00e4ed tasuta autoistme luku Bungee koerarihm | QQPETS","isPartOf":{"@id":"https:\/\/qqpets.com\/#website"},"primaryImageOfPage":{"@id":"https:\/\/qqpets.com\/product\/led-no-pull-leash\/#primaryimage"},"image":{"@id":"https:\/\/qqpets.com\/product\/led-no-pull-leash\/#primaryimage"},"thumbnailUrl":"https:\/\/qqpets.com\/wp-content\/uploads\/2024\/09\/3.webp","datePublished":"2024-09-07T07:13:22+00:00","dateModified":"2024-11-14T08:43:27+00:00","description":"Suurendage ohutust meie Light Up Hands Free koerarihma abil. Kinnitage end autos\u00f5iduks ja nautige paindlikkust!","breadcrumb":{"@id":"https:\/\/qqpets.com\/product\/led-no-pull-leash\/#breadcrumb"},"inLanguage":"et","potentialAction":[{"@type":"ReadAction","target":["https:\/\/qqpets.com\/product\/led-no-pull-leash\/"]}]},{"@type":"ImageObject","inLanguage":"et","@id":"https:\/\/qqpets.com\/product\/led-no-pull-leash\/#primaryimage","url":"https:\/\/qqpets.com\/wp-content\/uploads\/2024\/09\/3.webp","contentUrl":"https:\/\/qqpets.com\/wp-content\/uploads\/2024\/09\/3.webp","width":800,"height":800},{"@type":"BreadcrumbList","@id":"https:\/\/qqpets.com\/product\/led-no-pull-leash\/#breadcrumb","itemListElement":[{"@type":"ListItem","position":1,"name":"Home","item":"https:\/\/qqpets.com\/"},{"@type":"ListItem","position":2,"name":"Products","item":"https:\/\/qqpets.com\/pet-products-manufacturer\/"},{"@type":"ListItem","position":3,"name":"Light Up Hands Free Car Seat Buckle Bungee Dog Leash"}]},{"@type":"WebSite","@id":"https:\/\/qqpets.com\/#website","url":"https:\/\/qqpets.com\/","name":"QQPETS","description":"QQPETS on lemmikloomatoodete tehas koerte rakmete, koerte kaelarihmade, koerte rihmade ja koerte tarvikute jaoks, mis pakub professionaalset kohandatud teenust alates 2005. aastast.","publisher":{"@id":"https:\/\/qqpets.com\/#organization"},"potentialAction":[{"@type":"SearchAction","target":{"@type":"EntryPoint","urlTemplate":"https:\/\/qqpets.com\/?s={search_term_string}"},"query-input":{"@type":"PropertyValueSpecification","valueRequired":true,"valueName":"search_term_string"}}],"inLanguage":"et"},{"@type":"Organization","@id":"https:\/\/qqpets.com\/#organization","name":"QQPETS","url":"https:\/\/qqpets.com\/","logo":{"@type":"ImageObject","inLanguage":"et","@id":"https:\/\/qqpets.com\/#\/schema\/logo\/image\/","url":"https:\/\/qqpets.com\/wp-content\/uploads\/2023\/09\/cropped-cropped-qqpets-tiktok.jpg","contentUrl":"https:\/\/qqpets.com\/wp-content\/uploads\/2023\/09\/cropped-cropped-qqpets-tiktok.jpg","width":511,"height":511,"caption":"QQPETS"},"image":{"@id":"https:\/\/qqpets.com\/#\/schema\/logo\/image\/"},"sameAs":["https:\/\/www.facebook.com\/QQpetsdogcollars","https:\/\/www.instagram.com\/qqpetscollar\/","https:\/\/www.pinterest.com\/qqpetsdogcollarsfactory\/"]}]}},"_links":{"self":[{"href":"https:\/\/qqpets.com\/et\/wp-json\/wp\/v2\/product\/7895","targetHints":{"allow":["GET"]}}],"collection":[{"href":"https:\/\/qqpets.com\/et\/wp-json\/wp\/v2\/product"}],"about":[{"href":"https:\/\/qqpets.com\/et\/wp-json\/wp\/v2\/types\/product"}],"wp:featuredmedia":[{"embeddable":true,"href":"https:\/\/qqpets.com\/et\/wp-json\/wp\/v2\/media\/7900"}],"wp:attachment":[{"href":"https:\/\/qqpets.com\/et\/wp-json\/wp\/v2\/media?parent=7895"}],"wp:term":[{"taxonomy":"product_brand","embeddable":true,"href":"https:\/\/qqpets.com\/et\/wp-json\/wp\/v2\/product_brand?post=7895"},{"taxonomy":"product_cat","embeddable":true,"href":"https:\/\/qqpets.com\/et\/wp-json\/wp\/v2\/product_cat?post=7895"},{"taxonomy":"product_tag","embeddable":true,"href":"https:\/\/qqpets.com\/et\/wp-json\/wp\/v2\/product_tag?post=7895"}],"curies":[{"name":"wp","href":"https:\/\/api.w.org\/{rel}","templated":true}]}}