{"id":7910,"date":"2024-09-07T15:54:26","date_gmt":"2024-09-07T07:54:26","guid":{"rendered":"https:\/\/qqpets.com\/?post_type=product&#038;p=7910"},"modified":"2024-11-13T11:58:39","modified_gmt":"2024-11-13T03:58:39","slug":"smart-qr-code-pet-collar-id-tag","status":"publish","type":"product","link":"https:\/\/qqpets.com\/et\/toode\/smart-qr-code-pet-collar-id-tag\/","title":{"rendered":"Nutikas QR-koodiga lemmiklooma kaelarihma ID-m\u00e4rk"},"content":{"rendered":"<p>Tutvustame meie revolutsioonilist kohandatud isikup\u00e4rastatud Smart QR-koodiga lemmiklooma kaelarihma ID-m\u00e4rki, mis on m\u00f5eldud kaasaegse lahenduse pakkumiseks lemmiklooma ohutusele ja identifitseerimisele. Selle sildi abil kannab teie lemmikloom oluline teave kaasas, kuhu iganes ta ka ei l\u00e4heks, ja see on lihtsalt kiire skaneerimisega h\u00f5lpsasti ligip\u00e4\u00e4setav.<\/p>\n<p><strong>Peamised omadused:<\/strong><\/p>\n<ul>\n<li><strong>Nutikas QR-koodide tehnoloogia:<\/strong> Iga silt on varustatud unikaalse QR-koodiga, mille skaneerimisel saadakse link kohandatavale profiilile. See profiil v\u00f5ib sisaldada teie kontaktandmeid, lemmiklooma meditsiinilisi andmeid, toitumisvajadusi ja muud, tagades, et iga\u00fcks, kes teie lemmiklooma leiab, saab juurdep\u00e4\u00e4su kogu vajalikule teabele, et teda aidata.<\/li>\n<li><strong>Kohandamisv\u00f5imalused:<\/strong> Isikup\u00e4rastage silt oma lemmiklooma nime ja telefoninumbriga ning valige oma lemmiklooma isiksuse j\u00e4rgi erinevate kujunduste vahel.<\/li>\n<li><strong>K\u00f5rge vastupidavus:<\/strong> Tugevatest materjalidest valmistatud silt on loodud vastu pidama k\u00f5ikidele ilmastikutingimustele ja aktiivsele m\u00e4ngule, tagades, et see j\u00e4\u00e4b loetavaks ja puutumatuks.<\/li>\n<li><strong>Lihtne uuendada:<\/strong> QR-koodiga seotud veebiprofiili saab uuendada igal ajal ja igal pool, mis teeb lemmiklooma andmete ajakohastamise lihtsaks, ilma et oleks vaja m\u00e4rgist v\u00e4lja vahetada.<\/li>\n<\/ul>\n<p>See ID-m\u00e4rk on ideaalne igale lemmikloomaomanikule, kes soovib kombineerida turvalisust ja mugavust. Olenemata sellest, kas teie lemmikloom on p\u00f5genemiskunstnik v\u00f5i soovite lihtsalt suuremat meelerahu, kui olete v\u00e4ljas, pakub see m\u00e4rgis usaldusv\u00e4\u00e4rset v\u00f5imalust hoida oma armastatud kaaslane turvaliselt.<\/p>\n<p>Valides meie kohandatud isikup\u00e4rastatud Smart QR-koodiga lemmiklooma kaelarihma ID-m\u00e4rgi, ei saa te mitte ainult m\u00e4rgist; te saate kindlustunde, et teie lemmiklooma saab kergesti tuvastada ja turvaliselt koju tagasi tuua, kui ta peaks kaduma. See on v\u00e4ike investeering, mis v\u00f5ib muuta teie lemmiklooma turvalisust oluliselt.<\/p>\n<h5><strong>Kas QR-koodiga koeram\u00e4rgid on seaduslikud?<\/strong><\/h5>\n<p>Jah, QR-koodiga koeram\u00e4rgid on seaduslikud. Need on uuenduslik alternatiiv traditsioonilistele graveeritud siltidele ja v\u00f5ivad salvestada \u00fcksikasjalikumat teavet lemmiklooma kohta, mis v\u00f5ib olla kasulik, kui koer l\u00e4heb kaduma.<\/p>\n<h5><strong>Kas QR-koeram\u00e4rgid toimivad?<\/strong><\/h5>\n<p>Jah, QR-koeram\u00e4rgid toimivad t\u00f5husalt. Kui keegi leiab QR-koodiga varustatud koera, saab ta nutitelefoniga koodi skaneerida, mis tavaliselt suunab ta veebilehele, kus on koera andmed, sealhulgas omaniku kontaktandmed.<\/p>\n<h5>Milline teave on seadusega n\u00f5utav koeram\u00e4rgil?<\/h5>\n<p>Seaduslikult n\u00f5utav teave koeram\u00e4rgil v\u00f5ib erineda s\u00f5ltuvalt teie elukoha kohalikest eeskirjadest. Paljudes kohtades on siiski j\u00e4rgmised andmed tavaliselt kohustuslikuks tehtud:<\/p>\n<ol>\n<li><strong>Omaniku nimi<\/strong>: Koera omaniku t\u00e4ielik nimi, et tagada koera n\u00f5uetekohane identifitseerimine ja vastutus.<\/li>\n<li><strong>Kontaktandmed<\/strong>: V\u00e4hemalt \u00fcks telefoninumber, mille kaudu saab omaniku k\u00e4tte. M\u00f5nes piirkonnas v\u00f5ib n\u00f5uda t\u00e4iendavaid numbreid v\u00f5i isegi aadressi.<\/li>\n<\/ol>\n<p>Soovitav on lisada ka k\u00f5ik asjakohased meditsiinilised andmed, kui teie koeral on spetsiifilisi terviseprobleeme, mis n\u00f5uavad koera kadumise korral kohest t\u00e4helepanu. Kuigi see ei ole alati seadusega n\u00f5utav, v\u00f5ib see olla teie lemmiklooma ohutuse seisukohalt v\u00e4ga oluline. Kontrollige alati oma kohalikke eeskirju, et tagada vastavus lemmiklooma identifitseerimise kohalikele erin\u00f5uetele.<\/p>","protected":false},"excerpt":{"rendered":"<p>Suurendage oma lemmiklooma turvalisust meie kohandatud isikup\u00e4rastatud Smart QR-koodiga lemmiklooma kaelarihma ID-m\u00e4rgiga. Sellel uuenduslikul m\u00e4rgisel on QR-kood, mis on seotud isikliku profiiliga, mis sisaldab olulist kontakt- ja terviseteavet. See on h\u00f5lpsasti uuendatav ja juurdep\u00e4\u00e4setav ning tagab, et teie lemmikloom leiab alati tee teie juurde tagasi. See on kohandatav teie valitud kujundusega, mist\u00f5ttu ei ole see mitte ainult praktiline, vaid ka stiilne.<\/p>","protected":false},"featured_media":7912,"template":"","meta":[],"product_brand":[],"product_cat":[26],"product_tag":[],"class_list":{"0":"post-7910","1":"product","2":"type-product","3":"status-publish","4":"has-post-thumbnail","6":"product_cat-dog-collar","7":"pa_brand-qqpets","9":"first","10":"instock","11":"shipping-taxable","12":"product-type-simple"},"yoast_head":"<!-- This site is optimized with the Yoast SEO plugin v26.6 - https:\/\/yoast.com\/wordpress\/plugins\/seo\/ -->\n<title>Smart QR Code Pet Collar ID Tag | QQPETS<\/title>\n<meta name=\"description\" content=\"Secure your pet with our Smart QR Code ID Tag. Custom, trackable, and stylish. Perfect for peace of mind!\" \/>\n<meta name=\"robots\" content=\"index, follow, max-snippet:-1, max-image-preview:large, max-video-preview:-1\" \/>\n<link rel=\"canonical\" href=\"https:\/\/qqpets.com\/et\/toode\/smart-qr-code-pet-collar-id-tag\/\" \/>\n<meta property=\"og:locale\" content=\"et_EE\" \/>\n<meta property=\"og:type\" content=\"article\" \/>\n<meta property=\"og:title\" content=\"Smart QR Code Pet Collar ID Tag | QQPETS\" \/>\n<meta property=\"og:description\" content=\"Secure your pet with our Smart QR Code ID Tag. Custom, trackable, and stylish. Perfect for peace of mind!\" \/>\n<meta property=\"og:url\" content=\"https:\/\/qqpets.com\/et\/toode\/smart-qr-code-pet-collar-id-tag\/\" \/>\n<meta property=\"og:site_name\" content=\"QQPETS\" \/>\n<meta property=\"article:publisher\" content=\"https:\/\/www.facebook.com\/QQpetsdogcollars\" \/>\n<meta property=\"article:modified_time\" content=\"2024-11-13T03:58:39+00:00\" \/>\n<meta property=\"og:image\" content=\"https:\/\/qqpets.com\/wp-content\/uploads\/2024\/09\/QR-CODE-PET-COLLAR2.webp\" \/>\n\t<meta property=\"og:image:width\" content=\"1000\" \/>\n\t<meta property=\"og:image:height\" content=\"1000\" \/>\n\t<meta property=\"og:image:type\" content=\"image\/webp\" \/>\n<meta name=\"twitter:card\" content=\"summary_large_image\" \/>\n<meta name=\"twitter:label1\" content=\"Est. reading time\" \/>\n\t<meta name=\"twitter:data1\" content=\"3 minutit\" \/>\n<script type=\"application\/ld+json\" class=\"yoast-schema-graph\">{\"@context\":\"https:\/\/schema.org\",\"@graph\":[{\"@type\":\"WebPage\",\"@id\":\"https:\/\/qqpets.com\/product\/smart-qr-code-pet-collar-id-tag\/\",\"url\":\"https:\/\/qqpets.com\/product\/smart-qr-code-pet-collar-id-tag\/\",\"name\":\"Smart QR Code Pet Collar ID Tag | QQPETS\",\"isPartOf\":{\"@id\":\"https:\/\/qqpets.com\/#website\"},\"primaryImageOfPage\":{\"@id\":\"https:\/\/qqpets.com\/product\/smart-qr-code-pet-collar-id-tag\/#primaryimage\"},\"image\":{\"@id\":\"https:\/\/qqpets.com\/product\/smart-qr-code-pet-collar-id-tag\/#primaryimage\"},\"thumbnailUrl\":\"https:\/\/qqpets.com\/wp-content\/uploads\/2024\/09\/QR-CODE-PET-COLLAR2.webp\",\"datePublished\":\"2024-09-07T07:54:26+00:00\",\"dateModified\":\"2024-11-13T03:58:39+00:00\",\"description\":\"Secure your pet with our Smart QR Code ID Tag. Custom, trackable, and stylish. Perfect for peace of mind!\",\"breadcrumb\":{\"@id\":\"https:\/\/qqpets.com\/product\/smart-qr-code-pet-collar-id-tag\/#breadcrumb\"},\"inLanguage\":\"et\",\"potentialAction\":[{\"@type\":\"ReadAction\",\"target\":[\"https:\/\/qqpets.com\/product\/smart-qr-code-pet-collar-id-tag\/\"]}]},{\"@type\":\"ImageObject\",\"inLanguage\":\"et\",\"@id\":\"https:\/\/qqpets.com\/product\/smart-qr-code-pet-collar-id-tag\/#primaryimage\",\"url\":\"https:\/\/qqpets.com\/wp-content\/uploads\/2024\/09\/QR-CODE-PET-COLLAR2.webp\",\"contentUrl\":\"https:\/\/qqpets.com\/wp-content\/uploads\/2024\/09\/QR-CODE-PET-COLLAR2.webp\",\"width\":1000,\"height\":1000},{\"@type\":\"BreadcrumbList\",\"@id\":\"https:\/\/qqpets.com\/product\/smart-qr-code-pet-collar-id-tag\/#breadcrumb\",\"itemListElement\":[{\"@type\":\"ListItem\",\"position\":1,\"name\":\"Home\",\"item\":\"https:\/\/qqpets.com\/\"},{\"@type\":\"ListItem\",\"position\":2,\"name\":\"Products\",\"item\":\"https:\/\/qqpets.com\/pet-products-manufacturer\/\"},{\"@type\":\"ListItem\",\"position\":3,\"name\":\"Smart QR Code Pet Collar ID Tag\"}]},{\"@type\":\"WebSite\",\"@id\":\"https:\/\/qqpets.com\/#website\",\"url\":\"https:\/\/qqpets.com\/\",\"name\":\"QQPETS\",\"description\":\"QQPETS is a pet products factory for dog harnesses, dog collars, dog leashes and dog accessories with professional customized service since 2005.\",\"publisher\":{\"@id\":\"https:\/\/qqpets.com\/#organization\"},\"potentialAction\":[{\"@type\":\"SearchAction\",\"target\":{\"@type\":\"EntryPoint\",\"urlTemplate\":\"https:\/\/qqpets.com\/?s={search_term_string}\"},\"query-input\":{\"@type\":\"PropertyValueSpecification\",\"valueRequired\":true,\"valueName\":\"search_term_string\"}}],\"inLanguage\":\"et\"},{\"@type\":\"Organization\",\"@id\":\"https:\/\/qqpets.com\/#organization\",\"name\":\"QQPETS\",\"url\":\"https:\/\/qqpets.com\/\",\"logo\":{\"@type\":\"ImageObject\",\"inLanguage\":\"et\",\"@id\":\"https:\/\/qqpets.com\/#\/schema\/logo\/image\/\",\"url\":\"https:\/\/qqpets.com\/wp-content\/uploads\/2023\/09\/cropped-cropped-qqpets-tiktok.jpg\",\"contentUrl\":\"https:\/\/qqpets.com\/wp-content\/uploads\/2023\/09\/cropped-cropped-qqpets-tiktok.jpg\",\"width\":511,\"height\":511,\"caption\":\"QQPETS\"},\"image\":{\"@id\":\"https:\/\/qqpets.com\/#\/schema\/logo\/image\/\"},\"sameAs\":[\"https:\/\/www.facebook.com\/QQpetsdogcollars\",\"https:\/\/www.instagram.com\/qqpetscollar\/\",\"https:\/\/www.pinterest.com\/qqpetsdogcollarsfactory\/\"]}]}<\/script>\n<!-- \/ Yoast SEO plugin. -->","yoast_head_json":{"title":"Nutikas QR-koodiga lemmiklooma kaelarihma ID-m\u00e4rk | QQPETS","description":"Kindlustage oma lemmiklooma meie nutika QR-koodi ID-m\u00e4rgiga. Kohandatud, j\u00e4lgitav ja stiilne. Ideaalne meelerahu tagamiseks!","robots":{"index":"index","follow":"follow","max-snippet":"max-snippet:-1","max-image-preview":"max-image-preview:large","max-video-preview":"max-video-preview:-1"},"canonical":"https:\/\/qqpets.com\/et\/toode\/smart-qr-code-pet-collar-id-tag\/","og_locale":"et_EE","og_type":"article","og_title":"Smart QR Code Pet Collar ID Tag | QQPETS","og_description":"Secure your pet with our Smart QR Code ID Tag. Custom, trackable, and stylish. Perfect for peace of mind!","og_url":"https:\/\/qqpets.com\/et\/toode\/smart-qr-code-pet-collar-id-tag\/","og_site_name":"QQPETS","article_publisher":"https:\/\/www.facebook.com\/QQpetsdogcollars","article_modified_time":"2024-11-13T03:58:39+00:00","og_image":[{"width":1000,"height":1000,"url":"https:\/\/qqpets.com\/wp-content\/uploads\/2024\/09\/QR-CODE-PET-COLLAR2.webp","type":"image\/webp"}],"twitter_card":"summary_large_image","twitter_misc":{"Est. reading time":"3 minutit"},"schema":{"@context":"https:\/\/schema.org","@graph":[{"@type":"WebPage","@id":"https:\/\/qqpets.com\/product\/smart-qr-code-pet-collar-id-tag\/","url":"https:\/\/qqpets.com\/product\/smart-qr-code-pet-collar-id-tag\/","name":"Nutikas QR-koodiga lemmiklooma kaelarihma ID-m\u00e4rk | QQPETS","isPartOf":{"@id":"https:\/\/qqpets.com\/#website"},"primaryImageOfPage":{"@id":"https:\/\/qqpets.com\/product\/smart-qr-code-pet-collar-id-tag\/#primaryimage"},"image":{"@id":"https:\/\/qqpets.com\/product\/smart-qr-code-pet-collar-id-tag\/#primaryimage"},"thumbnailUrl":"https:\/\/qqpets.com\/wp-content\/uploads\/2024\/09\/QR-CODE-PET-COLLAR2.webp","datePublished":"2024-09-07T07:54:26+00:00","dateModified":"2024-11-13T03:58:39+00:00","description":"Kindlustage oma lemmiklooma meie nutika QR-koodi ID-m\u00e4rgiga. Kohandatud, j\u00e4lgitav ja stiilne. Ideaalne meelerahu tagamiseks!","breadcrumb":{"@id":"https:\/\/qqpets.com\/product\/smart-qr-code-pet-collar-id-tag\/#breadcrumb"},"inLanguage":"et","potentialAction":[{"@type":"ReadAction","target":["https:\/\/qqpets.com\/product\/smart-qr-code-pet-collar-id-tag\/"]}]},{"@type":"ImageObject","inLanguage":"et","@id":"https:\/\/qqpets.com\/product\/smart-qr-code-pet-collar-id-tag\/#primaryimage","url":"https:\/\/qqpets.com\/wp-content\/uploads\/2024\/09\/QR-CODE-PET-COLLAR2.webp","contentUrl":"https:\/\/qqpets.com\/wp-content\/uploads\/2024\/09\/QR-CODE-PET-COLLAR2.webp","width":1000,"height":1000},{"@type":"BreadcrumbList","@id":"https:\/\/qqpets.com\/product\/smart-qr-code-pet-collar-id-tag\/#breadcrumb","itemListElement":[{"@type":"ListItem","position":1,"name":"Home","item":"https:\/\/qqpets.com\/"},{"@type":"ListItem","position":2,"name":"Products","item":"https:\/\/qqpets.com\/pet-products-manufacturer\/"},{"@type":"ListItem","position":3,"name":"Smart QR Code Pet Collar ID Tag"}]},{"@type":"WebSite","@id":"https:\/\/qqpets.com\/#website","url":"https:\/\/qqpets.com\/","name":"QQPETS","description":"QQPETS on lemmikloomatoodete tehas koerte rakmete, koerte kaelarihmade, koerte rihmade ja koerte tarvikute jaoks, mis pakub professionaalset kohandatud teenust alates 2005. aastast.","publisher":{"@id":"https:\/\/qqpets.com\/#organization"},"potentialAction":[{"@type":"SearchAction","target":{"@type":"EntryPoint","urlTemplate":"https:\/\/qqpets.com\/?s={search_term_string}"},"query-input":{"@type":"PropertyValueSpecification","valueRequired":true,"valueName":"search_term_string"}}],"inLanguage":"et"},{"@type":"Organization","@id":"https:\/\/qqpets.com\/#organization","name":"QQPETS","url":"https:\/\/qqpets.com\/","logo":{"@type":"ImageObject","inLanguage":"et","@id":"https:\/\/qqpets.com\/#\/schema\/logo\/image\/","url":"https:\/\/qqpets.com\/wp-content\/uploads\/2023\/09\/cropped-cropped-qqpets-tiktok.jpg","contentUrl":"https:\/\/qqpets.com\/wp-content\/uploads\/2023\/09\/cropped-cropped-qqpets-tiktok.jpg","width":511,"height":511,"caption":"QQPETS"},"image":{"@id":"https:\/\/qqpets.com\/#\/schema\/logo\/image\/"},"sameAs":["https:\/\/www.facebook.com\/QQpetsdogcollars","https:\/\/www.instagram.com\/qqpetscollar\/","https:\/\/www.pinterest.com\/qqpetsdogcollarsfactory\/"]}]}},"_links":{"self":[{"href":"https:\/\/qqpets.com\/et\/wp-json\/wp\/v2\/product\/7910","targetHints":{"allow":["GET"]}}],"collection":[{"href":"https:\/\/qqpets.com\/et\/wp-json\/wp\/v2\/product"}],"about":[{"href":"https:\/\/qqpets.com\/et\/wp-json\/wp\/v2\/types\/product"}],"wp:featuredmedia":[{"embeddable":true,"href":"https:\/\/qqpets.com\/et\/wp-json\/wp\/v2\/media\/7912"}],"wp:attachment":[{"href":"https:\/\/qqpets.com\/et\/wp-json\/wp\/v2\/media?parent=7910"}],"wp:term":[{"taxonomy":"product_brand","embeddable":true,"href":"https:\/\/qqpets.com\/et\/wp-json\/wp\/v2\/product_brand?post=7910"},{"taxonomy":"product_cat","embeddable":true,"href":"https:\/\/qqpets.com\/et\/wp-json\/wp\/v2\/product_cat?post=7910"},{"taxonomy":"product_tag","embeddable":true,"href":"https:\/\/qqpets.com\/et\/wp-json\/wp\/v2\/product_tag?post=7910"}],"curies":[{"name":"wp","href":"https:\/\/api.w.org\/{rel}","templated":true}]}}