{"id":8041,"date":"2024-09-20T11:32:59","date_gmt":"2024-09-20T03:32:59","guid":{"rendered":"https:\/\/qqpets.com\/?post_type=product&#038;p=8041"},"modified":"2024-09-24T17:22:01","modified_gmt":"2024-09-24T09:22:01","slug":"reversible-dog-harness","status":"publish","type":"product","link":"https:\/\/qqpets.com\/et\/toode\/reversible-dog-harness\/","title":{"rendered":"P\u00f6\u00f6ratav koera rakmed"},"content":{"rendered":"<p>Tutvustame meie mitmek\u00fclgset p\u00f6\u00f6ratavat koerarihma, mis on ideaalne aksessuaar koertele, kes soovivad, et nende garderoob oleks sama d\u00fcnaamiline kui nende jalutusk\u00e4igud. See uuenduslik rakmed v\u00f5imaldab lihtsa viskamisega vahetada kahe moodsa mustri vahel, pakkudes igal v\u00e4ljas\u00f5idul v\u00e4rsket v\u00e4limust.<\/p>\n<p><strong>Peamised omadused:<\/strong><\/p>\n<ul>\n<li><strong>Topeltkonstruktsioon:<\/strong> Iga rakmed on varustatud kahe unikaalse, pilkup\u00fc\u00fcdva mustriga. Olenemata sellest, kas tunnete julget tr\u00fckki v\u00f5i peent klassikat, saate h\u00f5lpsasti vahetada rakmed uue v\u00e4limuse saamiseks.<\/li>\n<li><strong>Mugavusele keskendunud:<\/strong> Valmistatud pehmest, hingavast materjalist, mis ei \u00e4rrita teie lemmiklooma nahka, tagades mugavuse pikkade jalutusk\u00e4ikude ajal.<\/li>\n<li><strong>Reguleeritav sobivus:<\/strong> T\u00e4ielikult reguleeritavad rihmad v\u00f5imaldavad kohanduda vastavalt kasvule v\u00f5i muutustele teie koera suuruses. T\u00e4iuslik sobivus tagab teie koera turvalisuse ja mugavuse, v\u00e4hendades p\u00f5genemisohtu.<\/li>\n<li><strong>Lihtne kasutada:<\/strong> T\u00e4nu sellistele omadustele nagu kiirlukustuslukud on rakmeid lihtne selga panna ja maha v\u00f5tta, mis teeb jalutusk\u00e4ikudeks valmistumise kiireks ja muretuteks.<\/li>\n<li><strong>Vastupidav konstruktsioon:<\/strong> Kvaliteetsetest materjalidest valmistatud rakmed on loodud vastu pidama aktiivsele kasutamisele, tagades pikaajalise kandmise ilma stiili ohverdamata.<\/li>\n<\/ul>\n<p>Kas olete minemas koeraparki, linna jalutusk\u00e4igule v\u00f5i kokkutulekule, kus teie lemmikloom peab oma parima v\u00e4ljan\u00e4gemise andma, meie p\u00f6\u00f6ratav koerarihm peab vastu igap\u00e4evaelu n\u00f5udmistele, hoides samas teie koera stiilse v\u00e4limuse. See on ideaalne valik lemmikloomaomanikele, kes hindavad oma koeratarvikute puhul funktsionaalsust, stiili ja mitmek\u00fclgsust.<\/p>\n<p>Valige meie p\u00f6\u00f6ratav koerarihm, et anda oma jalutusk\u00e4ikudele stiili ja vaheldusrikkust, muutes iga jalutusk\u00e4igu koos oma lemmikloomaga ainulaadseks ja nauditavaks. See on midagi enamat kui lihtsalt rakmed; see on moeetendus, mis vastab praktilistele vajadustele.<\/p>\n<h5><strong>Mis on p\u00f6\u00f6ratav rakmed?<\/strong><\/h5>\n<p>P\u00f6\u00f6ratav rakmed on sellist t\u00fc\u00fcpi koerarihmad, mida saab kanda m\u00f5lemal pool. Tavaliselt on sellel kaks erinevat kujundust v\u00f5i v\u00e4rvi, \u00fcks kummalgi pool, mis v\u00f5imaldab omanikul nende vahel vahetada, ilma et oleks vaja kahte eraldi rakmeid.<\/p>\n<h5><strong>Millisest rakmetest ei saa koer tagasi tulla?<\/strong><\/h5>\n<p>Kindla istuvuse ja mitme reguleerimisv\u00f5imalusega rakmed, n\u00e4iteks need, millel on rindkere juures martingaali silmus, on loodud selleks, et v\u00e4ltida koera tagasilangemist. Need on tavaliselt v\u00e4ga tihedad ja reguleeritavad, et koera t\u00f5mbamisel veidi pingutada, takistades p\u00f5genemist.<\/p>\n<h5><strong>Kas koerad v\u00f5ivad rakmetega raskemini t\u00f5mmata?<\/strong><\/h5>\n<p>Jah, m\u00f5ned koerad v\u00f5ivad t\u00f5mmata tugevamini seljaklambriga rakmedega, sest see v\u00f5imaldab neil kasutada kogu oma keharaskust ettepoole t\u00f5mbamiseks, ilma et nende kaelale tekiks ebamugavustunnet. Eespool kinnitatavad v\u00f5i t\u00f5mmata rakmed on m\u00f5eldud selle leevendamiseks, suunates t\u00f5mbej\u00f5u k\u00fcljele v\u00f5i omaniku poole, mis muudab koera t\u00f5mbamise raskemaks.<\/p>\n<h5><strong>Kas koer v\u00f5ib kogu aeg kanda koerarihma?<\/strong><\/h5>\n<p>Koerale ei ole soovitatav kogu aeg rakmeid kanda. Pidev kandmine v\u00f5ib p\u00f5hjustada naha\u00e4rritust, karva mattumist v\u00f5i ebamugavustunnet, eriti k\u00e4te all. Parim on eemaldada rakmed, kui neid ei kasutata, n\u00e4iteks siseruumides v\u00f5i kui koer puhkab.<\/p>","protected":false},"excerpt":{"rendered":"<p>V\u00e4rskendage oma jalutusk\u00e4ike meie p\u00f6\u00f6ratava koerav\u00f6\u00f6ta, mis pakub kahte stiilset mustrit \u00fches mugavas disainis. See rakmed sobib ideaalselt moes\u00f5bralikele lemmikloomadele ja omanikele ning on valmistatud mugavuse ja vastupidavuse tagamiseks. Sellel on reguleeritavad rihmad t\u00e4iusliku sobivuse tagamiseks ja kiirlukustuvad pandlad lihtsaks peale- ja mahav\u00f5tmiseks. Kerge, kuid vastupidav, tagab optimaalse kontrolli ja mugavuse jalutusk\u00e4ikudel. Ideaalne igaks juhuks, vahetage v\u00e4limust vaevata meie p\u00f6\u00f6ratava rakmete abil.<\/p>","protected":false},"featured_media":8227,"template":"","meta":[],"product_brand":[],"product_cat":[23],"product_tag":[],"class_list":{"0":"post-8041","1":"product","2":"type-product","3":"status-publish","4":"has-post-thumbnail","6":"product_cat-dog-harness","7":"pa_brand-qqpets","9":"first","10":"instock","11":"shipping-taxable","12":"product-type-simple"},"yoast_head":"<!-- This site is optimized with the Yoast SEO plugin v26.6 - https:\/\/yoast.com\/wordpress\/plugins\/seo\/ -->\n<title>Reversible Dog Harness | QQPETS<\/title>\n<meta name=\"description\" content=\"Switch up your style with our Reversible Dog Harness. Two looks in one for every adventure. Shop now for versatility!\" \/>\n<meta name=\"robots\" content=\"index, follow, max-snippet:-1, max-image-preview:large, max-video-preview:-1\" \/>\n<link rel=\"canonical\" href=\"https:\/\/qqpets.com\/et\/toode\/reversible-dog-harness\/\" \/>\n<meta property=\"og:locale\" content=\"et_EE\" \/>\n<meta property=\"og:type\" content=\"article\" \/>\n<meta property=\"og:title\" content=\"Reversible Dog Harness | QQPETS\" \/>\n<meta property=\"og:description\" content=\"Switch up your style with our Reversible Dog Harness. Two looks in one for every adventure. Shop now for versatility!\" \/>\n<meta property=\"og:url\" content=\"https:\/\/qqpets.com\/et\/toode\/reversible-dog-harness\/\" \/>\n<meta property=\"og:site_name\" content=\"QQPETS\" \/>\n<meta property=\"article:publisher\" content=\"https:\/\/www.facebook.com\/QQpetsdogcollars\" \/>\n<meta property=\"article:modified_time\" content=\"2024-09-24T09:22:01+00:00\" \/>\n<meta property=\"og:image\" content=\"https:\/\/qqpets.com\/wp-content\/uploads\/2024\/09\/Reversible-dog-Harness1-2.webp\" \/>\n\t<meta property=\"og:image:width\" content=\"1000\" \/>\n\t<meta property=\"og:image:height\" content=\"1000\" \/>\n\t<meta property=\"og:image:type\" content=\"image\/webp\" \/>\n<meta name=\"twitter:card\" content=\"summary_large_image\" \/>\n<meta name=\"twitter:label1\" content=\"Est. reading time\" \/>\n\t<meta name=\"twitter:data1\" content=\"3 minutit\" \/>\n<script type=\"application\/ld+json\" class=\"yoast-schema-graph\">{\"@context\":\"https:\/\/schema.org\",\"@graph\":[{\"@type\":\"WebPage\",\"@id\":\"https:\/\/qqpets.com\/product\/reversible-dog-harness\/\",\"url\":\"https:\/\/qqpets.com\/product\/reversible-dog-harness\/\",\"name\":\"Reversible Dog Harness | QQPETS\",\"isPartOf\":{\"@id\":\"https:\/\/qqpets.com\/#website\"},\"primaryImageOfPage\":{\"@id\":\"https:\/\/qqpets.com\/product\/reversible-dog-harness\/#primaryimage\"},\"image\":{\"@id\":\"https:\/\/qqpets.com\/product\/reversible-dog-harness\/#primaryimage\"},\"thumbnailUrl\":\"https:\/\/qqpets.com\/wp-content\/uploads\/2024\/09\/Reversible-dog-Harness1-2.webp\",\"datePublished\":\"2024-09-20T03:32:59+00:00\",\"dateModified\":\"2024-09-24T09:22:01+00:00\",\"description\":\"Switch up your style with our Reversible Dog Harness. Two looks in one for every adventure. Shop now for versatility!\",\"breadcrumb\":{\"@id\":\"https:\/\/qqpets.com\/product\/reversible-dog-harness\/#breadcrumb\"},\"inLanguage\":\"et\",\"potentialAction\":[{\"@type\":\"ReadAction\",\"target\":[\"https:\/\/qqpets.com\/product\/reversible-dog-harness\/\"]}]},{\"@type\":\"ImageObject\",\"inLanguage\":\"et\",\"@id\":\"https:\/\/qqpets.com\/product\/reversible-dog-harness\/#primaryimage\",\"url\":\"https:\/\/qqpets.com\/wp-content\/uploads\/2024\/09\/Reversible-dog-Harness1-2.webp\",\"contentUrl\":\"https:\/\/qqpets.com\/wp-content\/uploads\/2024\/09\/Reversible-dog-Harness1-2.webp\",\"width\":1000,\"height\":1000,\"caption\":\"Reversible-dog-Harness1 (2)\"},{\"@type\":\"BreadcrumbList\",\"@id\":\"https:\/\/qqpets.com\/product\/reversible-dog-harness\/#breadcrumb\",\"itemListElement\":[{\"@type\":\"ListItem\",\"position\":1,\"name\":\"Home\",\"item\":\"https:\/\/qqpets.com\/\"},{\"@type\":\"ListItem\",\"position\":2,\"name\":\"Products\",\"item\":\"https:\/\/qqpets.com\/pet-products-manufacturer\/\"},{\"@type\":\"ListItem\",\"position\":3,\"name\":\"Reversible Dog Harness\"}]},{\"@type\":\"WebSite\",\"@id\":\"https:\/\/qqpets.com\/#website\",\"url\":\"https:\/\/qqpets.com\/\",\"name\":\"QQPETS\",\"description\":\"QQPETS is a pet products factory for dog harnesses, dog collars, dog leashes and dog accessories with professional customized service since 2005.\",\"publisher\":{\"@id\":\"https:\/\/qqpets.com\/#organization\"},\"potentialAction\":[{\"@type\":\"SearchAction\",\"target\":{\"@type\":\"EntryPoint\",\"urlTemplate\":\"https:\/\/qqpets.com\/?s={search_term_string}\"},\"query-input\":{\"@type\":\"PropertyValueSpecification\",\"valueRequired\":true,\"valueName\":\"search_term_string\"}}],\"inLanguage\":\"et\"},{\"@type\":\"Organization\",\"@id\":\"https:\/\/qqpets.com\/#organization\",\"name\":\"QQPETS\",\"url\":\"https:\/\/qqpets.com\/\",\"logo\":{\"@type\":\"ImageObject\",\"inLanguage\":\"et\",\"@id\":\"https:\/\/qqpets.com\/#\/schema\/logo\/image\/\",\"url\":\"https:\/\/qqpets.com\/wp-content\/uploads\/2023\/09\/cropped-cropped-qqpets-tiktok.jpg\",\"contentUrl\":\"https:\/\/qqpets.com\/wp-content\/uploads\/2023\/09\/cropped-cropped-qqpets-tiktok.jpg\",\"width\":511,\"height\":511,\"caption\":\"QQPETS\"},\"image\":{\"@id\":\"https:\/\/qqpets.com\/#\/schema\/logo\/image\/\"},\"sameAs\":[\"https:\/\/www.facebook.com\/QQpetsdogcollars\",\"https:\/\/www.instagram.com\/qqpetscollar\/\",\"https:\/\/www.pinterest.com\/qqpetsdogcollarsfactory\/\"]}]}<\/script>\n<!-- \/ Yoast SEO plugin. -->","yoast_head_json":{"title":"P\u00f6\u00f6ratav koera rakmed | QQPETS","description":"Muuda oma stiili meie p\u00f6\u00f6ratava koerat\u00f5mbevalja abil. Kaks v\u00e4limust \u00fches, mis sobivad igaks seikluseks. Osta n\u00fc\u00fcd mitmek\u00fclgsust!","robots":{"index":"index","follow":"follow","max-snippet":"max-snippet:-1","max-image-preview":"max-image-preview:large","max-video-preview":"max-video-preview:-1"},"canonical":"https:\/\/qqpets.com\/et\/toode\/reversible-dog-harness\/","og_locale":"et_EE","og_type":"article","og_title":"Reversible Dog Harness | QQPETS","og_description":"Switch up your style with our Reversible Dog Harness. Two looks in one for every adventure. Shop now for versatility!","og_url":"https:\/\/qqpets.com\/et\/toode\/reversible-dog-harness\/","og_site_name":"QQPETS","article_publisher":"https:\/\/www.facebook.com\/QQpetsdogcollars","article_modified_time":"2024-09-24T09:22:01+00:00","og_image":[{"width":1000,"height":1000,"url":"https:\/\/qqpets.com\/wp-content\/uploads\/2024\/09\/Reversible-dog-Harness1-2.webp","type":"image\/webp"}],"twitter_card":"summary_large_image","twitter_misc":{"Est. reading time":"3 minutit"},"schema":{"@context":"https:\/\/schema.org","@graph":[{"@type":"WebPage","@id":"https:\/\/qqpets.com\/product\/reversible-dog-harness\/","url":"https:\/\/qqpets.com\/product\/reversible-dog-harness\/","name":"P\u00f6\u00f6ratav koera rakmed | QQPETS","isPartOf":{"@id":"https:\/\/qqpets.com\/#website"},"primaryImageOfPage":{"@id":"https:\/\/qqpets.com\/product\/reversible-dog-harness\/#primaryimage"},"image":{"@id":"https:\/\/qqpets.com\/product\/reversible-dog-harness\/#primaryimage"},"thumbnailUrl":"https:\/\/qqpets.com\/wp-content\/uploads\/2024\/09\/Reversible-dog-Harness1-2.webp","datePublished":"2024-09-20T03:32:59+00:00","dateModified":"2024-09-24T09:22:01+00:00","description":"Muuda oma stiili meie p\u00f6\u00f6ratava koerat\u00f5mbevalja abil. Kaks v\u00e4limust \u00fches, mis sobivad igaks seikluseks. Osta n\u00fc\u00fcd mitmek\u00fclgsust!","breadcrumb":{"@id":"https:\/\/qqpets.com\/product\/reversible-dog-harness\/#breadcrumb"},"inLanguage":"et","potentialAction":[{"@type":"ReadAction","target":["https:\/\/qqpets.com\/product\/reversible-dog-harness\/"]}]},{"@type":"ImageObject","inLanguage":"et","@id":"https:\/\/qqpets.com\/product\/reversible-dog-harness\/#primaryimage","url":"https:\/\/qqpets.com\/wp-content\/uploads\/2024\/09\/Reversible-dog-Harness1-2.webp","contentUrl":"https:\/\/qqpets.com\/wp-content\/uploads\/2024\/09\/Reversible-dog-Harness1-2.webp","width":1000,"height":1000,"caption":"Reversible-dog-Harness1 (2)"},{"@type":"BreadcrumbList","@id":"https:\/\/qqpets.com\/product\/reversible-dog-harness\/#breadcrumb","itemListElement":[{"@type":"ListItem","position":1,"name":"Home","item":"https:\/\/qqpets.com\/"},{"@type":"ListItem","position":2,"name":"Products","item":"https:\/\/qqpets.com\/pet-products-manufacturer\/"},{"@type":"ListItem","position":3,"name":"Reversible Dog Harness"}]},{"@type":"WebSite","@id":"https:\/\/qqpets.com\/#website","url":"https:\/\/qqpets.com\/","name":"QQPETS","description":"QQPETS on lemmikloomatoodete tehas koerte rakmete, koerte kaelarihmade, koerte rihmade ja koerte tarvikute jaoks, mis pakub professionaalset kohandatud teenust alates 2005. aastast.","publisher":{"@id":"https:\/\/qqpets.com\/#organization"},"potentialAction":[{"@type":"SearchAction","target":{"@type":"EntryPoint","urlTemplate":"https:\/\/qqpets.com\/?s={search_term_string}"},"query-input":{"@type":"PropertyValueSpecification","valueRequired":true,"valueName":"search_term_string"}}],"inLanguage":"et"},{"@type":"Organization","@id":"https:\/\/qqpets.com\/#organization","name":"QQPETS","url":"https:\/\/qqpets.com\/","logo":{"@type":"ImageObject","inLanguage":"et","@id":"https:\/\/qqpets.com\/#\/schema\/logo\/image\/","url":"https:\/\/qqpets.com\/wp-content\/uploads\/2023\/09\/cropped-cropped-qqpets-tiktok.jpg","contentUrl":"https:\/\/qqpets.com\/wp-content\/uploads\/2023\/09\/cropped-cropped-qqpets-tiktok.jpg","width":511,"height":511,"caption":"QQPETS"},"image":{"@id":"https:\/\/qqpets.com\/#\/schema\/logo\/image\/"},"sameAs":["https:\/\/www.facebook.com\/QQpetsdogcollars","https:\/\/www.instagram.com\/qqpetscollar\/","https:\/\/www.pinterest.com\/qqpetsdogcollarsfactory\/"]}]}},"_links":{"self":[{"href":"https:\/\/qqpets.com\/et\/wp-json\/wp\/v2\/product\/8041","targetHints":{"allow":["GET"]}}],"collection":[{"href":"https:\/\/qqpets.com\/et\/wp-json\/wp\/v2\/product"}],"about":[{"href":"https:\/\/qqpets.com\/et\/wp-json\/wp\/v2\/types\/product"}],"wp:featuredmedia":[{"embeddable":true,"href":"https:\/\/qqpets.com\/et\/wp-json\/wp\/v2\/media\/8227"}],"wp:attachment":[{"href":"https:\/\/qqpets.com\/et\/wp-json\/wp\/v2\/media?parent=8041"}],"wp:term":[{"taxonomy":"product_brand","embeddable":true,"href":"https:\/\/qqpets.com\/et\/wp-json\/wp\/v2\/product_brand?post=8041"},{"taxonomy":"product_cat","embeddable":true,"href":"https:\/\/qqpets.com\/et\/wp-json\/wp\/v2\/product_cat?post=8041"},{"taxonomy":"product_tag","embeddable":true,"href":"https:\/\/qqpets.com\/et\/wp-json\/wp\/v2\/product_tag?post=8041"}],"curies":[{"name":"wp","href":"https:\/\/api.w.org\/{rel}","templated":true}]}}